{"id":5,"date":"2020-09-01T22:03:42","date_gmt":"2020-09-01T20:03:42","guid":{"rendered":"https:\/\/vittra.se\/kopieringsunderlag\/?page_id=5"},"modified":"2025-11-11T13:51:38","modified_gmt":"2025-11-11T12:51:38","slug":"startsida","status":"publish","type":"page","link":"https:\/\/vittra.se\/vastra-hamnen\/","title":{"rendered":"Startsida"},"content":{"rendered":"\n\t\n\t\n\t\n\t\n\t\n\n<section \n\tclass=\"ams-hero ams-hero--classic ams-hero--default c-block l-stacked  \"\n\tdata-color-scheme=\"hero\"\n\tstyle=\"\">\n\t<div class=\"ams-hero__container u-items-center u-justify-center\">\n\t\t<div\n\t\t\tclass=\"ams-hero__content l-stack l-stack-xl is-center is-center@md\" >\n\t\t\t<div class=\"l-stack l-stack-lg\">\n\t\t\t\t\t\n\t<h1\n\tclass=\"c-heading u-font-large \"\n\tstyle=\"\">\n\t\t\n\t\t\t\t\t\t\t\t\tVittra V\u00e4stra Hamnen\n\t\t\t\t<span class=\"c-heading__sub is-below u-font-title-2\">\n\t\t\t\t\tSkolan har avvecklats\n\t\t\t\t<\/span>\n\t\t\t\t\t\t\t\n\t<\/h1>\n\n\t\t\t\t\t\t\t\t\t<div class=\"text l-stack u-font-body\">\n\t\t\t\t\t\t<p>Vittra V\u00e4stra Hamnen har avvecklat sin verksamheten. Det \u00e4r d\u00e4rf\u00f6r inte m\u00f6jligt att s\u00f6ka till skolan. F\u00f6r fr\u00e5gor kontakta skolchef Sandy Bj\u00f6rnwall, eller central skolsk\u00f6terska Jenny Nordforts (medicinska fr\u00e5gor).<\/p>\n<p><strong>Sandy Bj\u00f6rnwall:<\/strong> sandy.bjornwall@vittra.se, 073-642 40 68<br \/>\n<strong>Jenny Nordfors:<\/strong> jenny.nordfors@academedia.se, <span data-sheets-root=\"1\">076-050 86 25<\/span><\/p>\n\n\t\t\t\t\t<\/div>\n\t\t\t\t\t\t\t<\/div>\n\n\t\t\t\t\t<\/div>\n\t<\/div>\n\n\t\n\t\t\t\n\t\t\t\t\t\t\t\n\t\t\t\t<div class=\"c-bg c-bg--img\" data-settings=\"{&quot;desktop_settings&quot;:{&quot;size&quot;:&quot;cover&quot;,&quot;position&quot;:&quot;middle-center&quot;},&quot;mobile_settings&quot;:{&quot;size&quot;:&quot;cover&quot;,&quot;position&quot;:&quot;middle-center&quot;}}\" data-position=\"middle-center\" data-size=\"cover\">\n\t\t\t<img decoding=\"async\" width=\"1243\" height=\"1080\" src=\"https:\/\/vittra.se\/wp-content\/uploads\/sites\/26\/2023\/01\/vittra-landningssida-1920x1080-2-e1674058291461.png\" class=\"attachment-hero-lg size-hero-lg\" alt=\"\" sizes=\"(max-width: 1243px) 100vw, 1243px\" srcset=\"https:\/\/vittra.se\/wp-content\/uploads\/sites\/26\/2023\/01\/vittra-landningssida-1920x1080-2-e1674058291461.png 1243w, https:\/\/vittra.se\/wp-content\/uploads\/sites\/26\/2023\/01\/vittra-landningssida-1920x1080-2-e1674058291461-300x261.png 300w, https:\/\/vittra.se\/wp-content\/uploads\/sites\/26\/2023\/01\/vittra-landningssida-1920x1080-2-e1674058291461-1024x890.png 1024w, https:\/\/vittra.se\/wp-content\/uploads\/sites\/26\/2023\/01\/vittra-landningssida-1920x1080-2-e1674058291461-768x667.png 768w, https:\/\/vittra.se\/wp-content\/uploads\/sites\/26\/2023\/01\/vittra-landningssida-1920x1080-2-e1674058291461-500x434.png 500w, https:\/\/vittra.se\/wp-content\/uploads\/sites\/26\/2023\/01\/vittra-landningssida-1920x1080-2-e1674058291461-264x229.png 264w, https:\/\/vittra.se\/wp-content\/uploads\/sites\/26\/2023\/01\/vittra-landningssida-1920x1080-2-e1674058291461-340x295.png 340w, https:\/\/vittra.se\/wp-content\/uploads\/sites\/26\/2023\/01\/vittra-landningssida-1920x1080-2-e1674058291461-1100x956.png 1100w, https:\/\/vittra.se\/wp-content\/uploads\/sites\/26\/2023\/01\/vittra-landningssida-1920x1080-2-e1674058291461-771x670.png 771w\" \/>\n\t\t<\/div>\n\t\n\t<div class=\"c-overlay\" style=\"--overlay-bg: rgba(3,101,109,0.8);\"><\/div>\n<\/section>\n","protected":false},"excerpt":{"rendered":"","protected":false},"author":1,"featured_media":0,"parent":0,"menu_order":0,"comment_status":"closed","ping_status":"closed","template":"","meta":{"footnotes":""},"yoast_head":"<!-- This site is optimized with the Yoast SEO plugin v22.0 - https:\/\/yoast.com\/wordpress\/plugins\/seo\/ -->\n<title>Vittra V\u00e4stra Hamnen | Skola i Malm\u00f6<\/title>\n<meta name=\"description\" content=\"Vittra V\u00e4stra Hamnen \u00e4r en skola i Malm\u00f6. Vi har engagerade pedagoger som s\u00e4tter tydliga strukturer och motiverar eleverna till l\u00e4rande och utveckling.\" \/>\n<meta name=\"robots\" content=\"index, follow, max-snippet:-1, max-image-preview:large, max-video-preview:-1\" \/>\n<link rel=\"canonical\" href=\"https:\/\/vittra.se\/vastra-hamnen\/\" \/>\n<meta property=\"og:locale\" content=\"sv_SE\" \/>\n<meta property=\"og:type\" content=\"article\" \/>\n<meta property=\"og:title\" content=\"Vittra V\u00e4stra Hamnen | Skola i Malm\u00f6\" \/>\n<meta property=\"og:description\" content=\"Vittra V\u00e4stra Hamnen \u00e4r en skola i Malm\u00f6. Vi har engagerade pedagoger som s\u00e4tter tydliga strukturer och motiverar eleverna till l\u00e4rande och utveckling.\" \/>\n<meta property=\"og:url\" content=\"https:\/\/vittra.se\/vastra-hamnen\/\" \/>\n<meta property=\"og:site_name\" content=\"V\u00e4stra Hamnen\" \/>\n<meta property=\"article:modified_time\" content=\"2025-11-11T12:51:38+00:00\" \/>\n<meta name=\"twitter:card\" content=\"summary_large_image\" \/>\n<meta name=\"twitter:title\" content=\"Vittra V\u00e4stra Hamnen | Skola i Malm\u00f6\" \/>\n<meta name=\"twitter:description\" content=\"Vittra V\u00e4stra Hamnen \u00e4r en skola i Malm\u00f6. Vi har engagerade pedagoger som s\u00e4tter tydliga strukturer och motiverar eleverna till l\u00e4rande och utveckling.\" \/>\n<script type=\"application\/ld+json\" class=\"yoast-schema-graph\">{\"@context\":\"https:\/\/schema.org\",\"@graph\":[{\"@type\":\"WebPage\",\"@id\":\"https:\/\/vittra.se\/vastra-hamnen\/\",\"url\":\"https:\/\/vittra.se\/vastra-hamnen\/\",\"name\":\"Vittra V\u00e4stra Hamnen | Skola i Malm\u00f6\",\"isPartOf\":{\"@id\":\"https:\/\/vittra.se\/vastra-hamnen\/#website\"},\"datePublished\":\"2020-09-01T20:03:42+00:00\",\"dateModified\":\"2025-11-11T12:51:38+00:00\",\"description\":\"Vittra V\u00e4stra Hamnen \u00e4r en skola i Malm\u00f6. Vi har engagerade pedagoger som s\u00e4tter tydliga strukturer och motiverar eleverna till l\u00e4rande och utveckling.\",\"breadcrumb\":{\"@id\":\"https:\/\/vittra.se\/vastra-hamnen\/#breadcrumb\"},\"inLanguage\":\"sv-SE\",\"potentialAction\":[{\"@type\":\"ReadAction\",\"target\":[\"https:\/\/vittra.se\/vastra-hamnen\/\"]}]},{\"@type\":\"BreadcrumbList\",\"@id\":\"https:\/\/vittra.se\/vastra-hamnen\/#breadcrumb\",\"itemListElement\":[{\"@type\":\"ListItem\",\"position\":1,\"name\":\"Start\",\"item\":\"https:\/\/vittra.se\/vastra-hamnen\/\"},{\"@type\":\"ListItem\",\"position\":2,\"name\":\"Startsida\"}]},{\"@type\":\"WebSite\",\"@id\":\"https:\/\/vittra.se\/vastra-hamnen\/#website\",\"url\":\"https:\/\/vittra.se\/vastra-hamnen\/\",\"name\":\"V\u00e4stra Hamnen\",\"description\":\"Vittra V\u00e4stra Hamnen\",\"potentialAction\":[{\"@type\":\"SearchAction\",\"target\":{\"@type\":\"EntryPoint\",\"urlTemplate\":\"https:\/\/vittra.se\/vastra-hamnen\/?s={search_term_string}\"},\"query-input\":\"required name=search_term_string\"}],\"inLanguage\":\"sv-SE\"}]}<\/script>\n<!-- \/ Yoast SEO plugin. -->","yoast_head_json":{"title":"Vittra V\u00e4stra Hamnen | Skola i Malm\u00f6","description":"Vittra V\u00e4stra Hamnen \u00e4r en skola i Malm\u00f6. Vi har engagerade pedagoger som s\u00e4tter tydliga strukturer och motiverar eleverna till l\u00e4rande och utveckling.","robots":{"index":"index","follow":"follow","max-snippet":"max-snippet:-1","max-image-preview":"max-image-preview:large","max-video-preview":"max-video-preview:-1"},"canonical":"https:\/\/vittra.se\/vastra-hamnen\/","og_locale":"sv_SE","og_type":"article","og_title":"Vittra V\u00e4stra Hamnen | Skola i Malm\u00f6","og_description":"Vittra V\u00e4stra Hamnen \u00e4r en skola i Malm\u00f6. Vi har engagerade pedagoger som s\u00e4tter tydliga strukturer och motiverar eleverna till l\u00e4rande och utveckling.","og_url":"https:\/\/vittra.se\/vastra-hamnen\/","og_site_name":"V\u00e4stra Hamnen","article_modified_time":"2025-11-11T12:51:38+00:00","twitter_card":"summary_large_image","twitter_title":"Vittra V\u00e4stra Hamnen | Skola i Malm\u00f6","twitter_description":"Vittra V\u00e4stra Hamnen \u00e4r en skola i Malm\u00f6. Vi har engagerade pedagoger som s\u00e4tter tydliga strukturer och motiverar eleverna till l\u00e4rande och utveckling.","schema":{"@context":"https:\/\/schema.org","@graph":[{"@type":"WebPage","@id":"https:\/\/vittra.se\/vastra-hamnen\/","url":"https:\/\/vittra.se\/vastra-hamnen\/","name":"Vittra V\u00e4stra Hamnen | Skola i Malm\u00f6","isPartOf":{"@id":"https:\/\/vittra.se\/vastra-hamnen\/#website"},"datePublished":"2020-09-01T20:03:42+00:00","dateModified":"2025-11-11T12:51:38+00:00","description":"Vittra V\u00e4stra Hamnen \u00e4r en skola i Malm\u00f6. Vi har engagerade pedagoger som s\u00e4tter tydliga strukturer och motiverar eleverna till l\u00e4rande och utveckling.","breadcrumb":{"@id":"https:\/\/vittra.se\/vastra-hamnen\/#breadcrumb"},"inLanguage":"sv-SE","potentialAction":[{"@type":"ReadAction","target":["https:\/\/vittra.se\/vastra-hamnen\/"]}]},{"@type":"BreadcrumbList","@id":"https:\/\/vittra.se\/vastra-hamnen\/#breadcrumb","itemListElement":[{"@type":"ListItem","position":1,"name":"Start","item":"https:\/\/vittra.se\/vastra-hamnen\/"},{"@type":"ListItem","position":2,"name":"Startsida"}]},{"@type":"WebSite","@id":"https:\/\/vittra.se\/vastra-hamnen\/#website","url":"https:\/\/vittra.se\/vastra-hamnen\/","name":"V\u00e4stra Hamnen","description":"Vittra V\u00e4stra Hamnen","potentialAction":[{"@type":"SearchAction","target":{"@type":"EntryPoint","urlTemplate":"https:\/\/vittra.se\/vastra-hamnen\/?s={search_term_string}"},"query-input":"required name=search_term_string"}],"inLanguage":"sv-SE"}]}},"_links":{"self":[{"href":"https:\/\/vittra.se\/vastra-hamnen\/wp-json\/wp\/v2\/pages\/5"}],"collection":[{"href":"https:\/\/vittra.se\/vastra-hamnen\/wp-json\/wp\/v2\/pages"}],"about":[{"href":"https:\/\/vittra.se\/vastra-hamnen\/wp-json\/wp\/v2\/types\/page"}],"author":[{"embeddable":true,"href":"https:\/\/vittra.se\/vastra-hamnen\/wp-json\/wp\/v2\/users\/1"}],"replies":[{"embeddable":true,"href":"https:\/\/vittra.se\/vastra-hamnen\/wp-json\/wp\/v2\/comments?post=5"}],"version-history":[{"count":9,"href":"https:\/\/vittra.se\/vastra-hamnen\/wp-json\/wp\/v2\/pages\/5\/revisions"}],"predecessor-version":[{"id":1255,"href":"https:\/\/vittra.se\/vastra-hamnen\/wp-json\/wp\/v2\/pages\/5\/revisions\/1255"}],"wp:attachment":[{"href":"https:\/\/vittra.se\/vastra-hamnen\/wp-json\/wp\/v2\/media?parent=5"}],"curies":[{"name":"wp","href":"https:\/\/api.w.org\/{rel}","templated":true}]}}