{"id":28,"date":"2020-09-01T22:07:29","date_gmt":"2020-09-01T20:07:29","guid":{"rendered":"https:\/\/vittra.se\/kopieringsunderlag\/?page_id=28"},"modified":"2024-03-21T15:26:18","modified_gmt":"2024-03-21T14:26:18","slug":"fritidshem","status":"publish","type":"page","link":"https:\/\/vittra.se\/vallentuna\/om\/fritidshem\/","title":{"rendered":"Fritidshem"},"content":{"rendered":"\n<div class=\"wp-block-columns is-layout-flex wp-container-core-columns-layout-1 wp-block-columns-is-layout-flex\">\n<div class=\"wp-block-column is-layout-flow wp-block-column-is-layout-flow\" style=\"flex-basis:66.66%\">\n<h1 class=\"wp-block-heading\">Vittras fritidshem i Vallentuna<\/h1>\n\n\n\n\t<div class=\"module_wrapper ams_remote_pages_module \">\n\t\t\t\t\t\t\t<div class=\"container acf-preamble\">\n\t\t\t\t\t\t<div class=\"row\">\n\t\t\t\t\t\t\t<div class=\"col-12\">\n\t\t\t\t\t\t\t\t\n<p   class=\"site__ingress container text-left  site__text-color--dark  site__free_text--ingress p-0\">\n\tF\u00f6r oss \u00e4r det viktigt att barnen upplever att skoldagen h\u00e4nger ihop. D\u00e4rf\u00f6r \u00e4r v\u00e5r fritidsverksamhet en naturlig f\u00f6rl\u00e4ngning av skoldagen. H\u00e4r kan du l\u00e4sa mer om v\u00e5ra \u00f6ppettider och aktiviteter.<\/p>\n\n\n\t\t\t\t\t\t\t<\/div>\n\t\t\t\t\t\t<\/div>\n\t\t\t\t\t<\/div>\n\t\t\t\t\t\t<\/div>\n\n\t<\/div>\n\n\n\n<div class=\"wp-block-column is-layout-flow wp-block-column-is-layout-flow\" style=\"flex-basis:33.33%\"><div   id=\"page-relative-menu\" class=\"site__font-monospace   container_width--full_width_conIcon   d-none d-lg-block  \">\n\n\t\t\t\n<\/div>\n<\/div>\n<\/div>\n\n\n\n\t\n\t\n\t\n\n\t\n\t\n\t\t\n<section  class=\"c-block l-stacked  \" data-color-scheme=\"transparent\">\n\t<div class=\"ams-fifty ams-fifty--container ams-fifty--left ams-fifty--bottom l-container u-pt-fluid-None u-pb-fluid-3xl-6xl\">\n\t\t<div class=\"ams-fifty__content l-stack l-stack-xl is-left is-left@lg\">\n\t\t\t<div class=\"ams-fifty__text l-stack l-stack-lg\">\n\t\t\t\t\t\n\t<h2\n\tclass=\"c-heading u-font-title-1 \"\n\tstyle=\"\">\n\t\t\n\t\t\t\t\t\u00d6ppettider p\u00e5 fritids\n\t\t\t\t\n\t<\/h2>\n\n\t\t\t\t\t\t\t\t\t<div class=\"text l-stack u-font-body\">\n\t\t\t\t\t\t<h3>Morgon<\/h3>\n<p>Fritids har \u00f6ppet fr\u00e5n 7.00. D\u00e5 ger vi barnen en lugn start p\u00e5 morgonen.<\/p>\n<h3>Eftermiddag<\/h3>\n<p>Fritids har \u00f6ppet fram till 17.30 och erbjuder olika aktiviteter, ofta utomhus. Se d\u00e4rf\u00f6r till att ditt barn har kl\u00e4der efter v\u00e4der.<\/p>\n<h3>M\u00e5ltider p\u00e5 fritids<\/h3>\n<p>Mellanm\u00e5l serveras 14.00\u201315.00.<\/p>\n\n\t\t\t\t\t<\/div>\n\t\t\t\t\t\t\t<\/div>\n\n\t\t\t\t\t<\/div>\n\n\t\t <div class=\"ams-fifty__media u-ratio-square\">\n\t\t \t\t\t\t\t<img decoding=\"async\" width=\"600\" height=\"400\" src=\"https:\/\/vittra.se\/wp-content\/uploads\/sites\/24\/2023\/09\/vittraforsglantanfritishem2022-2027.jpg\" class=\"attachment-md size-md\" alt=\"Tv\u00e5 glada elever h\u00e5ller armkrok och g\u00e5r ute p\u00e5 skolg\u00e5rden\" sizes=\"(min-width: 64em) 600px, calc(100vw - 160px)\" srcset=\"https:\/\/vittra.se\/wp-content\/uploads\/sites\/24\/2023\/09\/vittraforsglantanfritishem2022-2027.jpg 1980w, https:\/\/vittra.se\/wp-content\/uploads\/sites\/24\/2023\/09\/vittraforsglantanfritishem2022-2027-300x200.jpg 300w, https:\/\/vittra.se\/wp-content\/uploads\/sites\/24\/2023\/09\/vittraforsglantanfritishem2022-2027-1024x683.jpg 1024w, https:\/\/vittra.se\/wp-content\/uploads\/sites\/24\/2023\/09\/vittraforsglantanfritishem2022-2027-768x512.jpg 768w, https:\/\/vittra.se\/wp-content\/uploads\/sites\/24\/2023\/09\/vittraforsglantanfritishem2022-2027-1536x1024.jpg 1536w, https:\/\/vittra.se\/wp-content\/uploads\/sites\/24\/2023\/09\/vittraforsglantanfritishem2022-2027-1920x1280.jpg 1920w, https:\/\/vittra.se\/wp-content\/uploads\/sites\/24\/2023\/09\/vittraforsglantanfritishem2022-2027-500x333.jpg 500w, https:\/\/vittra.se\/wp-content\/uploads\/sites\/24\/2023\/09\/vittraforsglantanfritishem2022-2027-340x227.jpg 340w, https:\/\/vittra.se\/wp-content\/uploads\/sites\/24\/2023\/09\/vittraforsglantanfritishem2022-2027-1100x733.jpg 1100w, https:\/\/vittra.se\/wp-content\/uploads\/sites\/24\/2023\/09\/vittraforsglantanfritishem2022-2027-1000x667.jpg 1000w\" \/>\n\t\t\t\n\t\t\t\n\t\t\t\t\t<\/div>\n\t<\/div>\n\n\t\t\n\n<\/section>\n\n\n\n<section \n\t\t class=\"\n\t\t ams-contact\n\t\t \n\t\t c-block l-stacked\n\t\t \n\t\t \n\t\t js-load-more\n\t\t \"\n\t\t data-color-scheme=\"nyans1_av_cta\"\n\t\t\t\t\tdata-count=\"3\"\n\t\t\t\t\t\t\tdata-count-mobile=\"2\"\n\t\t\t\t>\n\t<div\n\t\t class=\"\n\t\t l-container\n\t\t l-stack l-stack-fluid-2xl\n\t\t u-pt-fluid-3xl-6xl\n\t\t u-pb-fluid-3xl-6xl\n\t\t is-center\n\t\t is-center@md\n\t\t \">\n\t\t\t\t\t<div class=\"ams-contact__intro l-stack l-stack-lg\">\n\t\t\t\t\t\n\t<h2\n\tclass=\"c-heading u-font-title-1 \"\n\tstyle=\"\">\n\t\t\n\t\t\t\t\tHar du fr\u00e5gor om v\u00e5rt fritidshem?\n\t\t\t\t\n\t<\/h2>\n\n\t\t\t\t\t\t\t\t\t<div class=\"c-text l-stack u-cs-xl u-font-body\">\n\t\t\t\t\t\t<p>Kontakta oss f\u00f6r att f\u00e5 personlig hj\u00e4lp och svar p\u00e5 dina fr\u00e5gor.<\/p>\n\n\t\t\t\t\t<\/div>\n\t\t\t\t\t\t\t<\/div>\n\t\t\n\t\t\n\t\t    \t\n\t\t\n\t\t<ul\n\t\t\tid=\"contact-grid-69dfcd34acfe3\"\n\t\t\tclass=\"ams-contact__list l-grid u-gap-fluid-2xl-4xl u-justify-center js-results \"\n\t\t\taria-label=\"Kontakter\"\n\t\t\tdata-filter-animation=\"off\"\n\t\t\t>\n\t\t\t\t\t\t\t\t\t\t\t\n\t\t\t\t\n\t\t\t\t<li class=\"l-col-12 \" data-filter=\"administration\">\n\t\t\t\t\t<article class=\"c-card u-justify-center\" data-variant=\"inline\">\n\t\t\t\t\t\t<div class=\"c-card__content u-flex-basis-auto u-flex-grow-0 u-text-center@mobile\">\n\t\t\t\t\t\t\t\t\t\t\t\t\t\t\t<h3 class=\"c-card__title u-font-title-3\">\n\t\t\t\t\t\t\t\t\tMaria Mellquist\n\t\t\t\t\t\t\t\t<\/h3>\n\t\t\t\t\t\t\t\n\t\t\t\t\t\t\t\t\t\t\t\t\t\t\t<p class=\"position u-font-body\">Administrat\u00f6r<\/p>\n\t\t\t\t\t\t\t\n\t\t\t\t\t\t\t\t\t\t\t\t\t\t\t<div class=\"contact-info u-font-body\">\n\t\t\t\t\t\t\t\t\t\t\t\t\t\t\t\t\t\t\t\t\t\t\t\t\t\t\t\t\t\t<p class=\"phone\"><a\n\t\t\t\t\t\t\t\t\t\t\t\t\thref=\"tel:0851444040\"\n\t\t\t\t\t\t\t\t\t\t\t\t\tclass=\"u-text-link\">08-514 440 40<\/a>\n\t\t\t\t\t\t\t\t\t\t\t<\/p>\n\t\t\t\t\t\t\t\t\t\t\t\t\t\t\t\t\t\t\t\n\t\t\t\t\t\t\t\t\t\t\t\t\t\t\t\t\t\t\t\t\t\t\t\t\t\t\t\t\t\t<p class=\"email\"><a\n\t\t\t\t\t\t\t\t\t\t\t\t\thref=\"m&#097;&#105;&#108;&#116;o:&#109;a&#114;ia.m&#101;llquis&#116;&#064;&#118;itt&#114;&#097;&#046;&#115;&#101;\"\n\t\t\t\t\t\t\t\t\t\t\t\t\tclass=\"u-text-link\">mar&#105;&#097;&#046;&#109;e&#108;&#108;qu&#105;&#115;&#116;&#064;&#118;i&#116;&#116;r&#097;.&#115;e<\/a>\n\t\t\t\t\t\t\t\t\t\t\t<\/p>\n\t\t\t\t\t\t\t\t\t\t\t\t\t\t\t\t\t\t\t\t\t\t\t\t\t\t\t<\/div>\n\t\t\t\t\t\t\t\n\t\t\t\t\t\t\t\t\t\t\t\t\t<\/div>\n\t\t\t\t\t\t<div class=\"c-card__media\">\n\t\t\t\t\t\t\t\t\t\t\t\t\t\t\t\t\t\t\t\t\t\t\t\t\t\t\t\t\t\t\t\t\t\t\t\t\t\t\t\t\t\t\t\t\t\t\t\t\t<img decoding=\"async\" width=\"400\" height=\"504\" src=\"https:\/\/vittra.se\/wp-content\/uploads\/sites\/24\/2020\/10\/maria-mellquist-e1634716776571.jpg\" class=\"u-radius-round u-ratio-landscape  \" alt=\"\" sizes=\"(max-width: 300px) 100vw, 300px\" srcset=\"https:\/\/vittra.se\/wp-content\/uploads\/sites\/24\/2020\/10\/maria-mellquist-e1634716776571.jpg 400w, https:\/\/vittra.se\/wp-content\/uploads\/sites\/24\/2020\/10\/maria-mellquist-e1634716776571-238x300.jpg 238w, https:\/\/vittra.se\/wp-content\/uploads\/sites\/24\/2020\/10\/maria-mellquist-e1634716776571-182x229.jpg 182w, https:\/\/vittra.se\/wp-content\/uploads\/sites\/24\/2020\/10\/maria-mellquist-e1634716776571-340x428.jpg 340w\" \/>\n\t\t\t\t\t\t<\/div>\n\t\t\t\t\t<\/article>\n\t\t\t\t<\/li>\n\t\t\t\t\t<\/ul>\n\n\t\t\n\t\t    <div class=\"ams-contact__more u-inline-items js-load-more-btn\">\n        <button href=\"#\"\n                class=\"c-btn\"\n                data-style=\"round\"\n                data-size=\"md\"\n                data-width=\"full-mobile\"\n                data-variant=\"outline\">\n        \tVisa mer\n        <\/button>\n    <\/div>\n\n\t\t\t<\/div>\n\n\t\t\n\n<\/section>\n\n\n<div   id=\"page-relative-menu\" class=\"site__font-monospace   container_width--full_width_conIcon   d-lg-none  \">\n\n\t\t\t\n<\/div>\n","protected":false},"excerpt":{"rendered":"<p>Vittras fritidshem i Vallentuna<\/p>\n","protected":false},"author":1,"featured_media":0,"parent":20,"menu_order":0,"comment_status":"closed","ping_status":"closed","template":"","meta":{"footnotes":""},"yoast_head":"<!-- This site is optimized with the Yoast SEO plugin v22.0 - https:\/\/yoast.com\/wordpress\/plugins\/seo\/ -->\n<title>Vittra | Fritidshem i Vallentuna<\/title>\n<meta name=\"description\" content=\"Vittra \u00e4r en skola med fritidsverksamhet i Vallentuna. V\u00e5rt fritidshem \u00e4r en naturlig f\u00f6rl\u00e4ngning av skoldagen med olika aktiviteter att v\u00e4lja p\u00e5.\" \/>\n<meta name=\"robots\" content=\"index, follow, max-snippet:-1, max-image-preview:large, max-video-preview:-1\" \/>\n<link rel=\"canonical\" href=\"https:\/\/vittra.se\/vallentuna\/om\/fritidshem\/\" \/>\n<meta property=\"og:locale\" content=\"sv_SE\" \/>\n<meta property=\"og:type\" content=\"article\" \/>\n<meta property=\"og:title\" content=\"Vittra | Fritidshem i Vallentuna\" \/>\n<meta property=\"og:description\" content=\"Vittra \u00e4r en skola med fritidsverksamhet i Vallentuna. V\u00e5rt fritidshem \u00e4r en naturlig f\u00f6rl\u00e4ngning av skoldagen med olika aktiviteter att v\u00e4lja p\u00e5.\" \/>\n<meta property=\"og:url\" content=\"https:\/\/vittra.se\/vallentuna\/om\/fritidshem\/\" \/>\n<meta property=\"og:site_name\" content=\"Vallentuna\" \/>\n<meta property=\"article:modified_time\" content=\"2024-03-21T14:26:18+00:00\" \/>\n<meta name=\"twitter:card\" content=\"summary_large_image\" \/>\n<meta name=\"twitter:title\" content=\"Vittra | Fritidshem i Vallentuna\" \/>\n<meta name=\"twitter:description\" content=\"Vittra \u00e4r en skola med fritidsverksamhet i Vallentuna. V\u00e5rt fritidshem \u00e4r en naturlig f\u00f6rl\u00e4ngning av skoldagen med olika aktiviteter att v\u00e4lja p\u00e5.\" \/>\n<meta name=\"twitter:label1\" content=\"Ber\u00e4knad l\u00e4stid\" \/>\n\t<meta name=\"twitter:data1\" content=\"1 minut\" \/>\n<script type=\"application\/ld+json\" class=\"yoast-schema-graph\">{\"@context\":\"https:\/\/schema.org\",\"@graph\":[{\"@type\":\"WebPage\",\"@id\":\"https:\/\/vittra.se\/vallentuna\/om\/fritidshem\/\",\"url\":\"https:\/\/vittra.se\/vallentuna\/om\/fritidshem\/\",\"name\":\"Vittra | Fritidshem i Vallentuna\",\"isPartOf\":{\"@id\":\"https:\/\/vittra.se\/vallentuna\/#website\"},\"datePublished\":\"2020-09-01T20:07:29+00:00\",\"dateModified\":\"2024-03-21T14:26:18+00:00\",\"description\":\"Vittra \u00e4r en skola med fritidsverksamhet i Vallentuna. V\u00e5rt fritidshem \u00e4r en naturlig f\u00f6rl\u00e4ngning av skoldagen med olika aktiviteter att v\u00e4lja p\u00e5.\",\"breadcrumb\":{\"@id\":\"https:\/\/vittra.se\/vallentuna\/om\/fritidshem\/#breadcrumb\"},\"inLanguage\":\"sv-SE\",\"potentialAction\":[{\"@type\":\"ReadAction\",\"target\":[\"https:\/\/vittra.se\/vallentuna\/om\/fritidshem\/\"]}]},{\"@type\":\"BreadcrumbList\",\"@id\":\"https:\/\/vittra.se\/vallentuna\/om\/fritidshem\/#breadcrumb\",\"itemListElement\":[{\"@type\":\"ListItem\",\"position\":1,\"name\":\"Start\",\"item\":\"https:\/\/vittra.se\/vallentuna\/\"},{\"@type\":\"ListItem\",\"position\":2,\"name\":\"Om skolan\",\"item\":\"https:\/\/vittra.se\/vallentuna\/om\/\"},{\"@type\":\"ListItem\",\"position\":3,\"name\":\"Fritidshem\"}]},{\"@type\":\"WebSite\",\"@id\":\"https:\/\/vittra.se\/vallentuna\/#website\",\"url\":\"https:\/\/vittra.se\/vallentuna\/\",\"name\":\"Vallentuna\",\"description\":\"Kunskap att f\u00f6r\u00e4ndra. Mod att p\u00e5verka.\",\"potentialAction\":[{\"@type\":\"SearchAction\",\"target\":{\"@type\":\"EntryPoint\",\"urlTemplate\":\"https:\/\/vittra.se\/vallentuna\/?s={search_term_string}\"},\"query-input\":\"required name=search_term_string\"}],\"inLanguage\":\"sv-SE\"}]}<\/script>\n<!-- \/ Yoast SEO plugin. -->","yoast_head_json":{"title":"Vittra | Fritidshem i Vallentuna","description":"Vittra \u00e4r en skola med fritidsverksamhet i Vallentuna. V\u00e5rt fritidshem \u00e4r en naturlig f\u00f6rl\u00e4ngning av skoldagen med olika aktiviteter att v\u00e4lja p\u00e5.","robots":{"index":"index","follow":"follow","max-snippet":"max-snippet:-1","max-image-preview":"max-image-preview:large","max-video-preview":"max-video-preview:-1"},"canonical":"https:\/\/vittra.se\/vallentuna\/om\/fritidshem\/","og_locale":"sv_SE","og_type":"article","og_title":"Vittra | Fritidshem i Vallentuna","og_description":"Vittra \u00e4r en skola med fritidsverksamhet i Vallentuna. V\u00e5rt fritidshem \u00e4r en naturlig f\u00f6rl\u00e4ngning av skoldagen med olika aktiviteter att v\u00e4lja p\u00e5.","og_url":"https:\/\/vittra.se\/vallentuna\/om\/fritidshem\/","og_site_name":"Vallentuna","article_modified_time":"2024-03-21T14:26:18+00:00","twitter_card":"summary_large_image","twitter_title":"Vittra | Fritidshem i Vallentuna","twitter_description":"Vittra \u00e4r en skola med fritidsverksamhet i Vallentuna. V\u00e5rt fritidshem \u00e4r en naturlig f\u00f6rl\u00e4ngning av skoldagen med olika aktiviteter att v\u00e4lja p\u00e5.","twitter_misc":{"Ber\u00e4knad l\u00e4stid":"1 minut"},"schema":{"@context":"https:\/\/schema.org","@graph":[{"@type":"WebPage","@id":"https:\/\/vittra.se\/vallentuna\/om\/fritidshem\/","url":"https:\/\/vittra.se\/vallentuna\/om\/fritidshem\/","name":"Vittra | Fritidshem i Vallentuna","isPartOf":{"@id":"https:\/\/vittra.se\/vallentuna\/#website"},"datePublished":"2020-09-01T20:07:29+00:00","dateModified":"2024-03-21T14:26:18+00:00","description":"Vittra \u00e4r en skola med fritidsverksamhet i Vallentuna. V\u00e5rt fritidshem \u00e4r en naturlig f\u00f6rl\u00e4ngning av skoldagen med olika aktiviteter att v\u00e4lja p\u00e5.","breadcrumb":{"@id":"https:\/\/vittra.se\/vallentuna\/om\/fritidshem\/#breadcrumb"},"inLanguage":"sv-SE","potentialAction":[{"@type":"ReadAction","target":["https:\/\/vittra.se\/vallentuna\/om\/fritidshem\/"]}]},{"@type":"BreadcrumbList","@id":"https:\/\/vittra.se\/vallentuna\/om\/fritidshem\/#breadcrumb","itemListElement":[{"@type":"ListItem","position":1,"name":"Start","item":"https:\/\/vittra.se\/vallentuna\/"},{"@type":"ListItem","position":2,"name":"Om skolan","item":"https:\/\/vittra.se\/vallentuna\/om\/"},{"@type":"ListItem","position":3,"name":"Fritidshem"}]},{"@type":"WebSite","@id":"https:\/\/vittra.se\/vallentuna\/#website","url":"https:\/\/vittra.se\/vallentuna\/","name":"Vallentuna","description":"Kunskap att f\u00f6r\u00e4ndra. Mod att p\u00e5verka.","potentialAction":[{"@type":"SearchAction","target":{"@type":"EntryPoint","urlTemplate":"https:\/\/vittra.se\/vallentuna\/?s={search_term_string}"},"query-input":"required name=search_term_string"}],"inLanguage":"sv-SE"}]}},"_links":{"self":[{"href":"https:\/\/vittra.se\/vallentuna\/wp-json\/wp\/v2\/pages\/28"}],"collection":[{"href":"https:\/\/vittra.se\/vallentuna\/wp-json\/wp\/v2\/pages"}],"about":[{"href":"https:\/\/vittra.se\/vallentuna\/wp-json\/wp\/v2\/types\/page"}],"author":[{"embeddable":true,"href":"https:\/\/vittra.se\/vallentuna\/wp-json\/wp\/v2\/users\/1"}],"replies":[{"embeddable":true,"href":"https:\/\/vittra.se\/vallentuna\/wp-json\/wp\/v2\/comments?post=28"}],"version-history":[{"count":10,"href":"https:\/\/vittra.se\/vallentuna\/wp-json\/wp\/v2\/pages\/28\/revisions"}],"predecessor-version":[{"id":1309,"href":"https:\/\/vittra.se\/vallentuna\/wp-json\/wp\/v2\/pages\/28\/revisions\/1309"}],"up":[{"embeddable":true,"href":"https:\/\/vittra.se\/vallentuna\/wp-json\/wp\/v2\/pages\/20"}],"wp:attachment":[{"href":"https:\/\/vittra.se\/vallentuna\/wp-json\/wp\/v2\/media?parent=28"}],"curies":[{"name":"wp","href":"https:\/\/api.w.org\/{rel}","templated":true}]}}