{"id":1655,"date":"2026-03-19T14:06:26","date_gmt":"2026-03-19T13:06:26","guid":{"rendered":"https:\/\/vittra.se\/vallentuna\/?page_id=1655"},"modified":"2026-03-19T14:06:27","modified_gmt":"2026-03-19T13:06:27","slug":"inskolning-pa-forskolan","status":"publish","type":"page","link":"https:\/\/vittra.se\/vallentuna\/inskolning-pa-forskolan\/","title":{"rendered":"Inskolning p\u00e5 f\u00f6rskolan"},"content":{"rendered":"\n\t\n\t\n\t\n\n\t\n\t\n\t\t\n<section  class=\"c-block l-stacked  \" data-color-scheme=\"transparent\">\n\t<div class=\"ams-fifty ams-fifty--container ams-fifty--right ams-fifty--bottom l-container u-pt-fluid-2xl-4xl u-pb-fluid-md-xl\">\n\t\t<div class=\"ams-fifty__content l-stack l-stack-xl is-left is-left@lg\">\n\t\t\t<div class=\"ams-fifty__text l-stack l-stack-lg\">\n\t\t\t\t\t\n\t<h2\n\tclass=\"c-heading u-font-title-1 \"\n\tstyle=\"\">\n\t\t\n\t\t\t\t\tInskolning p\u00e5 f\u00f6rskolan\n\t\t\t\t\n\t<\/h2>\n\n\t\t\t\t\t\t\t\t\t<div class=\"text l-stack u-font-body\">\n\t\t\t\t\t\t<p>N\u00e4r du tackat ja till din plats skickar vi hem all information kring inskolningen.<\/p>\n<p>Vi har en 3-dagars f\u00f6r\u00e4ldraaktiv inskolning. Det inneb\u00e4r att du som f\u00f6r\u00e4lder \u00e4r med ditt barn under inskolningens f\u00f6rsta tre dagar, s\u00e5 att ditt barn kan l\u00e4ra k\u00e4nna pedagogerna och blir trygg i milj\u00f6n. Du \u00e4r d\u00e5 aktiv i verksamheten, tar hand om ditt barn och till exempel byter bl\u00f6jor. Resterande dagar, av den totalt tv\u00e5 veckor l\u00e5nga inskolningen, vill vi att du \u00e4r p\u00e5 stand-by p\u00e5 telefon. Efter ett par veckor har vi ett uppf\u00f6ljningssamtal i grupp.<\/p>\n<p>&nbsp;<\/p>\n\n\t\t\t\t\t<\/div>\n\t\t\t\t\t\t\t<\/div>\n\n\t\t\t\t\t<\/div>\n\n\t\t <div class=\"ams-fifty__media u-ratio-square\">\n\t\t \t\t\t\t\t<img decoding=\"async\" width=\"600\" height=\"400\" src=\"https:\/\/vittra.se\/wp-content\/uploads\/sites\/24\/2023\/09\/vittrahalmstadfotoforskola4ret.jpg\" class=\"attachment-md size-md\" alt=\"En pedagog sitter med en ung elev i kn\u00e4t och l\u00e4ser en bok\" sizes=\"(min-width: 64em) 600px, calc(100vw - 160px)\" srcset=\"https:\/\/vittra.se\/wp-content\/uploads\/sites\/24\/2023\/09\/vittrahalmstadfotoforskola4ret.jpg 1980w, https:\/\/vittra.se\/wp-content\/uploads\/sites\/24\/2023\/09\/vittrahalmstadfotoforskola4ret-300x200.jpg 300w, https:\/\/vittra.se\/wp-content\/uploads\/sites\/24\/2023\/09\/vittrahalmstadfotoforskola4ret-1024x683.jpg 1024w, https:\/\/vittra.se\/wp-content\/uploads\/sites\/24\/2023\/09\/vittrahalmstadfotoforskola4ret-768x512.jpg 768w, https:\/\/vittra.se\/wp-content\/uploads\/sites\/24\/2023\/09\/vittrahalmstadfotoforskola4ret-1536x1024.jpg 1536w, https:\/\/vittra.se\/wp-content\/uploads\/sites\/24\/2023\/09\/vittrahalmstadfotoforskola4ret-1920x1280.jpg 1920w, https:\/\/vittra.se\/wp-content\/uploads\/sites\/24\/2023\/09\/vittrahalmstadfotoforskola4ret-500x333.jpg 500w, https:\/\/vittra.se\/wp-content\/uploads\/sites\/24\/2023\/09\/vittrahalmstadfotoforskola4ret-340x227.jpg 340w, https:\/\/vittra.se\/wp-content\/uploads\/sites\/24\/2023\/09\/vittrahalmstadfotoforskola4ret-1100x733.jpg 1100w, https:\/\/vittra.se\/wp-content\/uploads\/sites\/24\/2023\/09\/vittrahalmstadfotoforskola4ret-1000x667.jpg 1000w\" \/>\n\t\t\t\n\t\t\t\n\t\t\t\t\t<\/div>\n\t<\/div>\n\n\t\t\n\n<\/section>\n\n\n\n\t\n\t\n\t\n\n\t\n\t\n\t\t\n<section  class=\"c-block l-stacked  \" data-color-scheme=\"\">\n\t<div class=\"ams-fifty ams-fifty--container ams-fifty--left ams-fifty--bottom l-container u-pt-fluid-md-xl u-pb-fluid-2xl-4xl\">\n\t\t<div class=\"ams-fifty__content l-stack l-stack-xl is-left is-left@lg\">\n\t\t\t<div class=\"ams-fifty__text l-stack l-stack-lg\">\n\t\t\t\t\t\n\t<h2\n\tclass=\"c-heading u-font-title-1 \"\n\tstyle=\"\">\n\t\t\n\t\t\t\t\tDet h\u00e4r \u00e4r bra att ha med\n\t\t\t\t\n\t<\/h2>\n\n\t\t\t\t\t\t\t\t\t<div class=\"text l-stack u-font-body\">\n\t\t\t\t\t\t<p data-start=\"1030\" data-end=\"1088\">F\u00f6r att dagarna ska fungera smidigt \u00e4r det bra att ta med:<\/p>\n<ul>\n<li data-start=\"1092\" data-end=\"1112\">Bl\u00f6jor (vid behov).<\/li>\n<li data-start=\"1092\" data-end=\"1112\">Extrakl\u00e4der, till exempel regnkl\u00e4der och gummist\u00f6vlar.<\/li>\n<li data-start=\"1173\" data-end=\"1231\">Ett ombyte (strumpor, underkl\u00e4der, \u00f6verdel och underdel).<\/li>\n<li>Vagn om ditt barn sover ute under dagen.<\/li>\n<li data-start=\"1276\" data-end=\"1326\">\n<p data-start=\"1278\" data-end=\"1326\">Snuttefilt och napp, om ditt barn anv\u00e4nder det.<\/p>\n<\/li>\n<\/ul>\n<p data-start=\"1328\" data-end=\"1512\" data-is-last-node=\"\" data-is-only-node=\"\">Har du fr\u00e5gor om hur inskolningen g\u00e5r till \u00e4r du alltid varmt v\u00e4lkommen att kontakta oss. Vi ber\u00e4ttar g\u00e4rna mer om hur vi skapar en trygg, nyfiken och omsorgsfull start i f\u00f6rskolan.<\/p>\n\n\t\t\t\t\t<\/div>\n\t\t\t\t\t\t\t<\/div>\n\n\t\t\t\t<div class=\"ams-fifty__action u-inline-items\">\n\t\t\t\t\t\t\t\n\n\n<a href=\"https:\/\/vittra.se\/adolfsberg\/kontakt\/\"\n\t\n\tclass=\"c-btn \"\n\tdata-style=\"round\"\n\tdata-size=\"md\"\n\tdata-width=\"full-mobile\"\n\tdata-variant=\"default\"\n\ttarget=\"_self\">\n\t\t\t<span class=\"label\"> Kontakta oss<\/span>\n\t\t\t<\/a>\n\t\t\t<\/div>\n\t\t<\/div>\n\n\t\t <div class=\"ams-fifty__media u-ratio-landscape\">\n\t\t \t\t\t\t\t<img decoding=\"async\" width=\"600\" height=\"800\" src=\"https:\/\/vittra.se\/wp-content\/uploads\/sites\/24\/2026\/03\/forskolan-600x800.jpeg\" class=\"attachment-md size-md\" alt=\"Vittra Vallentunas f\u00f6rskolelokal\" sizes=\"(min-width: 64em) 600px, calc(100vw - 160px)\" srcset=\"https:\/\/vittra.se\/wp-content\/uploads\/sites\/24\/2026\/03\/forskolan-600x800.jpeg 600w, https:\/\/vittra.se\/wp-content\/uploads\/sites\/24\/2026\/03\/forskolan-300x400.jpeg 300w, https:\/\/vittra.se\/wp-content\/uploads\/sites\/24\/2026\/03\/forskolan-400x533.jpeg 400w, https:\/\/vittra.se\/wp-content\/uploads\/sites\/24\/2026\/03\/forskolan-800x1067.jpeg 800w, https:\/\/vittra.se\/wp-content\/uploads\/sites\/24\/2026\/03\/forskolan-1024x1365.jpeg 1024w, https:\/\/vittra.se\/wp-content\/uploads\/sites\/24\/2026\/03\/forskolan-1200x1600.jpeg 1200w, https:\/\/vittra.se\/wp-content\/uploads\/sites\/24\/2026\/03\/forskolan-scaled.jpeg 1920w\" \/>\n\t\t\t\n\t\t\t\n\t\t\t\t\t<\/div>\n\t<\/div>\n\n\t\t\n\n<\/section>\n\n\n\n\n<section  class=\"ams-cta ams-cta--stacked c-block l-stacked\" data-color-scheme=\"primar2\">\n\t<div class=\"l-container l-stack l-stack-fluid-2xl u-pt-fluid-2xl-4xl u-pb-fluid-2xl-4xl is-center is-center@md\">\n\t\t\t\t\t<div class=\"ams-cta__intro l-stack l-stack-lg\">\n\t\t\t\t\t\n\t<h2\n\tclass=\"c-heading u-font-title-1 \"\n\tstyle=\"\">\n\t\t\n\t\t\t\t\tTillbaka till f\u00f6rskolesidan\n\t\t\t\t\n\t<\/h2>\n\n\t\t\t\t\t\t\t<\/div>\n\t\t\n\t\t\n\t\t\t<div class=\"ams-cta__action u-inline-items\">\n\t\t\t\t\t\t\t\n\n\n<a href=\"https:\/\/vittra.se\/vallentuna\/om\/forskola\/\"\n\t\n\tclass=\"c-btn \"\n\tdata-style=\"round\"\n\tdata-size=\"md\"\n\tdata-width=\"full-mobile\"\n\tdata-variant=\"default\"\n\ttarget=\"_self\">\n\t\t\t<span class=\"label\"> Om v\u00e5r f\u00f6rskola<\/span>\n\t\t\t<\/a>\n\t\t\t<\/div>\n\t<\/div>\n\n\t\t\n\n<\/section>\n","protected":false},"excerpt":{"rendered":"","protected":false},"author":103,"featured_media":0,"parent":0,"menu_order":0,"comment_status":"closed","ping_status":"closed","template":"","meta":{"footnotes":""},"yoast_head":"<!-- This site is optimized with the Yoast SEO plugin v22.0 - https:\/\/yoast.com\/wordpress\/plugins\/seo\/ -->\n<title>S\u00e5 fungerar inskolningen p\u00e5 v\u00e5r f\u00f6rskola | Vittra Vallentuna<\/title>\n<meta name=\"description\" content=\"Hur g\u00e5r inskolningen till p\u00e5 Vittra Vallentuna? L\u00e4s om v\u00e5r trygga och individuellt anpassade start i f\u00f6rskolan.\" \/>\n<meta name=\"robots\" content=\"index, follow, max-snippet:-1, max-image-preview:large, max-video-preview:-1\" \/>\n<link rel=\"canonical\" href=\"https:\/\/vittra.se\/vallentuna\/inskolning-pa-forskolan\/\" \/>\n<meta property=\"og:locale\" content=\"sv_SE\" \/>\n<meta property=\"og:type\" content=\"article\" \/>\n<meta property=\"og:title\" content=\"S\u00e5 fungerar inskolningen p\u00e5 v\u00e5r f\u00f6rskola | Vittra Vallentuna\" \/>\n<meta property=\"og:description\" content=\"Hur g\u00e5r inskolningen till p\u00e5 Vittra Vallentuna? L\u00e4s om v\u00e5r trygga och individuellt anpassade start i f\u00f6rskolan.\" \/>\n<meta property=\"og:url\" content=\"https:\/\/vittra.se\/vallentuna\/inskolning-pa-forskolan\/\" \/>\n<meta property=\"og:site_name\" content=\"Vallentuna\" \/>\n<meta property=\"article:modified_time\" content=\"2026-03-19T13:06:27+00:00\" \/>\n<meta name=\"twitter:card\" content=\"summary_large_image\" \/>\n<meta name=\"twitter:title\" content=\"S\u00e5 fungerar inskolningen p\u00e5 v\u00e5r f\u00f6rskola | Vittra Vallentuna\" \/>\n<meta name=\"twitter:description\" content=\"Hur g\u00e5r inskolningen till p\u00e5 Vittra Vallentuna? L\u00e4s om v\u00e5r trygga och individuellt anpassade start i f\u00f6rskolan.\" \/>\n<script type=\"application\/ld+json\" class=\"yoast-schema-graph\">{\"@context\":\"https:\/\/schema.org\",\"@graph\":[{\"@type\":\"WebPage\",\"@id\":\"https:\/\/vittra.se\/vallentuna\/inskolning-pa-forskolan\/\",\"url\":\"https:\/\/vittra.se\/vallentuna\/inskolning-pa-forskolan\/\",\"name\":\"S\u00e5 fungerar inskolningen p\u00e5 v\u00e5r f\u00f6rskola | Vittra Vallentuna\",\"isPartOf\":{\"@id\":\"https:\/\/vittra.se\/vallentuna\/#website\"},\"datePublished\":\"2026-03-19T13:06:26+00:00\",\"dateModified\":\"2026-03-19T13:06:27+00:00\",\"description\":\"Hur g\u00e5r inskolningen till p\u00e5 Vittra Vallentuna? L\u00e4s om v\u00e5r trygga och individuellt anpassade start i f\u00f6rskolan.\",\"breadcrumb\":{\"@id\":\"https:\/\/vittra.se\/vallentuna\/inskolning-pa-forskolan\/#breadcrumb\"},\"inLanguage\":\"sv-SE\",\"potentialAction\":[{\"@type\":\"ReadAction\",\"target\":[\"https:\/\/vittra.se\/vallentuna\/inskolning-pa-forskolan\/\"]}]},{\"@type\":\"BreadcrumbList\",\"@id\":\"https:\/\/vittra.se\/vallentuna\/inskolning-pa-forskolan\/#breadcrumb\",\"itemListElement\":[{\"@type\":\"ListItem\",\"position\":1,\"name\":\"Start\",\"item\":\"https:\/\/vittra.se\/vallentuna\/\"},{\"@type\":\"ListItem\",\"position\":2,\"name\":\"Inskolning p\u00e5 f\u00f6rskolan\"}]},{\"@type\":\"WebSite\",\"@id\":\"https:\/\/vittra.se\/vallentuna\/#website\",\"url\":\"https:\/\/vittra.se\/vallentuna\/\",\"name\":\"Vallentuna\",\"description\":\"Kunskap att f\u00f6r\u00e4ndra. Mod att p\u00e5verka.\",\"potentialAction\":[{\"@type\":\"SearchAction\",\"target\":{\"@type\":\"EntryPoint\",\"urlTemplate\":\"https:\/\/vittra.se\/vallentuna\/?s={search_term_string}\"},\"query-input\":\"required name=search_term_string\"}],\"inLanguage\":\"sv-SE\"}]}<\/script>\n<!-- \/ Yoast SEO plugin. -->","yoast_head_json":{"title":"S\u00e5 fungerar inskolningen p\u00e5 v\u00e5r f\u00f6rskola | Vittra Vallentuna","description":"Hur g\u00e5r inskolningen till p\u00e5 Vittra Vallentuna? L\u00e4s om v\u00e5r trygga och individuellt anpassade start i f\u00f6rskolan.","robots":{"index":"index","follow":"follow","max-snippet":"max-snippet:-1","max-image-preview":"max-image-preview:large","max-video-preview":"max-video-preview:-1"},"canonical":"https:\/\/vittra.se\/vallentuna\/inskolning-pa-forskolan\/","og_locale":"sv_SE","og_type":"article","og_title":"S\u00e5 fungerar inskolningen p\u00e5 v\u00e5r f\u00f6rskola | Vittra Vallentuna","og_description":"Hur g\u00e5r inskolningen till p\u00e5 Vittra Vallentuna? L\u00e4s om v\u00e5r trygga och individuellt anpassade start i f\u00f6rskolan.","og_url":"https:\/\/vittra.se\/vallentuna\/inskolning-pa-forskolan\/","og_site_name":"Vallentuna","article_modified_time":"2026-03-19T13:06:27+00:00","twitter_card":"summary_large_image","twitter_title":"S\u00e5 fungerar inskolningen p\u00e5 v\u00e5r f\u00f6rskola | Vittra Vallentuna","twitter_description":"Hur g\u00e5r inskolningen till p\u00e5 Vittra Vallentuna? L\u00e4s om v\u00e5r trygga och individuellt anpassade start i f\u00f6rskolan.","schema":{"@context":"https:\/\/schema.org","@graph":[{"@type":"WebPage","@id":"https:\/\/vittra.se\/vallentuna\/inskolning-pa-forskolan\/","url":"https:\/\/vittra.se\/vallentuna\/inskolning-pa-forskolan\/","name":"S\u00e5 fungerar inskolningen p\u00e5 v\u00e5r f\u00f6rskola | Vittra Vallentuna","isPartOf":{"@id":"https:\/\/vittra.se\/vallentuna\/#website"},"datePublished":"2026-03-19T13:06:26+00:00","dateModified":"2026-03-19T13:06:27+00:00","description":"Hur g\u00e5r inskolningen till p\u00e5 Vittra Vallentuna? L\u00e4s om v\u00e5r trygga och individuellt anpassade start i f\u00f6rskolan.","breadcrumb":{"@id":"https:\/\/vittra.se\/vallentuna\/inskolning-pa-forskolan\/#breadcrumb"},"inLanguage":"sv-SE","potentialAction":[{"@type":"ReadAction","target":["https:\/\/vittra.se\/vallentuna\/inskolning-pa-forskolan\/"]}]},{"@type":"BreadcrumbList","@id":"https:\/\/vittra.se\/vallentuna\/inskolning-pa-forskolan\/#breadcrumb","itemListElement":[{"@type":"ListItem","position":1,"name":"Start","item":"https:\/\/vittra.se\/vallentuna\/"},{"@type":"ListItem","position":2,"name":"Inskolning p\u00e5 f\u00f6rskolan"}]},{"@type":"WebSite","@id":"https:\/\/vittra.se\/vallentuna\/#website","url":"https:\/\/vittra.se\/vallentuna\/","name":"Vallentuna","description":"Kunskap att f\u00f6r\u00e4ndra. Mod att p\u00e5verka.","potentialAction":[{"@type":"SearchAction","target":{"@type":"EntryPoint","urlTemplate":"https:\/\/vittra.se\/vallentuna\/?s={search_term_string}"},"query-input":"required name=search_term_string"}],"inLanguage":"sv-SE"}]}},"_links":{"self":[{"href":"https:\/\/vittra.se\/vallentuna\/wp-json\/wp\/v2\/pages\/1655"}],"collection":[{"href":"https:\/\/vittra.se\/vallentuna\/wp-json\/wp\/v2\/pages"}],"about":[{"href":"https:\/\/vittra.se\/vallentuna\/wp-json\/wp\/v2\/types\/page"}],"author":[{"embeddable":true,"href":"https:\/\/vittra.se\/vallentuna\/wp-json\/wp\/v2\/users\/103"}],"replies":[{"embeddable":true,"href":"https:\/\/vittra.se\/vallentuna\/wp-json\/wp\/v2\/comments?post=1655"}],"version-history":[{"count":10,"href":"https:\/\/vittra.se\/vallentuna\/wp-json\/wp\/v2\/pages\/1655\/revisions"}],"predecessor-version":[{"id":1667,"href":"https:\/\/vittra.se\/vallentuna\/wp-json\/wp\/v2\/pages\/1655\/revisions\/1667"}],"wp:attachment":[{"href":"https:\/\/vittra.se\/vallentuna\/wp-json\/wp\/v2\/media?parent=1655"}],"curies":[{"name":"wp","href":"https:\/\/api.w.org\/{rel}","templated":true}]}}