{"id":1594,"date":"2026-01-14T11:10:16","date_gmt":"2026-01-14T10:10:16","guid":{"rendered":"https:\/\/vittra.se\/vallentuna\/?page_id=1594"},"modified":"2026-01-14T11:10:17","modified_gmt":"2026-01-14T10:10:17","slug":"erasmus","status":"publish","type":"page","link":"https:\/\/vittra.se\/vallentuna\/erasmus\/","title":{"rendered":"Erasmus +"},"content":{"rendered":"\n\t\n\t\n\t\n\n\t\n\t\n\t\t\n<section  class=\"c-block l-stacked  \" data-color-scheme=\"\">\n\t<div class=\"ams-fifty ams-fifty--container ams-fifty--right ams-fifty--bottom l-container u-pt-fluid-3xl-6xl u-pb-fluid-3xl-6xl\">\n\t\t<div class=\"ams-fifty__content l-stack l-stack-xl is-left is-left@lg\">\n\t\t\t<div class=\"ams-fifty__text l-stack l-stack-lg\">\n\t\t\t\t\t\n\t<h2\n\tclass=\"c-heading u-font-title-1 \"\n\tstyle=\"\">\n\t\t\n\t\t\t\t\tKontakta mig om Erasmus+\n\t\t\t\t\n\t<\/h2>\n\n\t\t\t\t\t\t\t\t\t<div class=\"text l-stack u-font-body\">\n\t\t\t\t\t\t<p><span style=\"font-weight: 400;\">Jag heter Fer och arbetar som l\u00e4rare i spanska i \u00e5rskurs 6\u20139. Jag har alltid brunnit f\u00f6r internationalitet, spr\u00e5k och europeiskt samarbete. Genom v\u00e5rt Erasmus+-arbete vill vi p\u00e5 Vittra Vallentuna ge eleverna m\u00f6jlighet att uppt\u00e4cka Europa, utveckla sina spr\u00e5kkunskaper och m\u00f6ta andra kulturer p\u00e5 ett konkret s\u00e4tt. Projektet \u00f6ppnar d\u00f6rrar till utbyten, gemensamma projekt med andra europeiska skolor och v\u00e4rdefulla erfarenheter som st\u00e4rker elevernas framtida studier och yrkesliv. V\u00e5rt m\u00e5l \u00e4r att skapa en skola med \u00f6ppna d\u00f6rrar mot Europa, d\u00e4r eleverna f\u00e5r chansen att v\u00e4xa, b\u00e5de som m\u00e4nniskor och som v\u00e4rldsmedborgare.<\/span><\/p>\n<p><strong>Om du har fr\u00e5gor om Erasmus+ p\u00e5 v\u00e5r skola, kontakta mig g\u00e4rna p\u00e5 <a href=\"mailto:fernanda.callirgos@vittra.se\">fernanda.callirgos@vittra.se<\/a>. <\/strong><\/p>\n\n\t\t\t\t\t<\/div>\n\t\t\t\t\t\t\t<\/div>\n\n\t\t\t\t\t<\/div>\n\n\t\t <div class=\"ams-fifty__media u-ratio-square\">\n\t\t \t\t\t\t\t<img decoding=\"async\" width=\"240\" height=\"361\" src=\"https:\/\/vittra.se\/wp-content\/uploads\/sites\/24\/2025\/12\/teacher9631.jpg\" class=\"attachment-md size-md\" alt=\"Portr\u00e4ttbild p\u00e5 l\u00e4raren Fer.\" sizes=\"(min-width: 64em) 600px, calc(100vw - 160px)\" \/>\n\t\t\t\n\t\t\t\n\t\t\t\t\t<\/div>\n\t<\/div>\n\n\t\t\n\n<\/section>\n","protected":false},"excerpt":{"rendered":"","protected":false},"author":90,"featured_media":0,"parent":0,"menu_order":0,"comment_status":"closed","ping_status":"closed","template":"","meta":{"footnotes":""},"yoast_head":"<!-- This site is optimized with the Yoast SEO plugin v22.0 - https:\/\/yoast.com\/wordpress\/plugins\/seo\/ -->\n<title>Vallentuna<\/title>\n<meta name=\"robots\" content=\"index, follow, max-snippet:-1, max-image-preview:large, max-video-preview:-1\" \/>\n<link rel=\"canonical\" href=\"https:\/\/vittra.se\/vallentuna\/erasmus\/\" \/>\n<meta property=\"og:locale\" content=\"sv_SE\" \/>\n<meta property=\"og:type\" content=\"article\" \/>\n<meta property=\"og:url\" content=\"https:\/\/vittra.se\/vallentuna\/erasmus\/\" \/>\n<meta property=\"og:site_name\" content=\"Vallentuna\" \/>\n<meta property=\"article:modified_time\" content=\"2026-01-14T10:10:17+00:00\" \/>\n<meta name=\"twitter:card\" content=\"summary_large_image\" \/>\n<script type=\"application\/ld+json\" class=\"yoast-schema-graph\">{\"@context\":\"https:\/\/schema.org\",\"@graph\":[{\"@type\":\"WebPage\",\"@id\":\"https:\/\/vittra.se\/vallentuna\/erasmus\/\",\"url\":\"https:\/\/vittra.se\/vallentuna\/erasmus\/\",\"name\":\"Erasmus + - Vallentuna\",\"isPartOf\":{\"@id\":\"https:\/\/vittra.se\/vallentuna\/#website\"},\"datePublished\":\"2026-01-14T10:10:16+00:00\",\"dateModified\":\"2026-01-14T10:10:17+00:00\",\"breadcrumb\":{\"@id\":\"https:\/\/vittra.se\/vallentuna\/erasmus\/#breadcrumb\"},\"inLanguage\":\"sv-SE\",\"potentialAction\":[{\"@type\":\"ReadAction\",\"target\":[\"https:\/\/vittra.se\/vallentuna\/erasmus\/\"]}]},{\"@type\":\"BreadcrumbList\",\"@id\":\"https:\/\/vittra.se\/vallentuna\/erasmus\/#breadcrumb\",\"itemListElement\":[{\"@type\":\"ListItem\",\"position\":1,\"name\":\"Start\",\"item\":\"https:\/\/vittra.se\/vallentuna\/\"},{\"@type\":\"ListItem\",\"position\":2,\"name\":\"Erasmus +\"}]},{\"@type\":\"WebSite\",\"@id\":\"https:\/\/vittra.se\/vallentuna\/#website\",\"url\":\"https:\/\/vittra.se\/vallentuna\/\",\"name\":\"Vallentuna\",\"description\":\"Kunskap att f\u00f6r\u00e4ndra. Mod att p\u00e5verka.\",\"potentialAction\":[{\"@type\":\"SearchAction\",\"target\":{\"@type\":\"EntryPoint\",\"urlTemplate\":\"https:\/\/vittra.se\/vallentuna\/?s={search_term_string}\"},\"query-input\":\"required name=search_term_string\"}],\"inLanguage\":\"sv-SE\"}]}<\/script>\n<!-- \/ Yoast SEO plugin. -->","yoast_head_json":{"title":"Vallentuna","robots":{"index":"index","follow":"follow","max-snippet":"max-snippet:-1","max-image-preview":"max-image-preview:large","max-video-preview":"max-video-preview:-1"},"canonical":"https:\/\/vittra.se\/vallentuna\/erasmus\/","og_locale":"sv_SE","og_type":"article","og_url":"https:\/\/vittra.se\/vallentuna\/erasmus\/","og_site_name":"Vallentuna","article_modified_time":"2026-01-14T10:10:17+00:00","twitter_card":"summary_large_image","schema":{"@context":"https:\/\/schema.org","@graph":[{"@type":"WebPage","@id":"https:\/\/vittra.se\/vallentuna\/erasmus\/","url":"https:\/\/vittra.se\/vallentuna\/erasmus\/","name":"Erasmus + - Vallentuna","isPartOf":{"@id":"https:\/\/vittra.se\/vallentuna\/#website"},"datePublished":"2026-01-14T10:10:16+00:00","dateModified":"2026-01-14T10:10:17+00:00","breadcrumb":{"@id":"https:\/\/vittra.se\/vallentuna\/erasmus\/#breadcrumb"},"inLanguage":"sv-SE","potentialAction":[{"@type":"ReadAction","target":["https:\/\/vittra.se\/vallentuna\/erasmus\/"]}]},{"@type":"BreadcrumbList","@id":"https:\/\/vittra.se\/vallentuna\/erasmus\/#breadcrumb","itemListElement":[{"@type":"ListItem","position":1,"name":"Start","item":"https:\/\/vittra.se\/vallentuna\/"},{"@type":"ListItem","position":2,"name":"Erasmus +"}]},{"@type":"WebSite","@id":"https:\/\/vittra.se\/vallentuna\/#website","url":"https:\/\/vittra.se\/vallentuna\/","name":"Vallentuna","description":"Kunskap att f\u00f6r\u00e4ndra. Mod att p\u00e5verka.","potentialAction":[{"@type":"SearchAction","target":{"@type":"EntryPoint","urlTemplate":"https:\/\/vittra.se\/vallentuna\/?s={search_term_string}"},"query-input":"required name=search_term_string"}],"inLanguage":"sv-SE"}]}},"_links":{"self":[{"href":"https:\/\/vittra.se\/vallentuna\/wp-json\/wp\/v2\/pages\/1594"}],"collection":[{"href":"https:\/\/vittra.se\/vallentuna\/wp-json\/wp\/v2\/pages"}],"about":[{"href":"https:\/\/vittra.se\/vallentuna\/wp-json\/wp\/v2\/types\/page"}],"author":[{"embeddable":true,"href":"https:\/\/vittra.se\/vallentuna\/wp-json\/wp\/v2\/users\/90"}],"replies":[{"embeddable":true,"href":"https:\/\/vittra.se\/vallentuna\/wp-json\/wp\/v2\/comments?post=1594"}],"version-history":[{"count":10,"href":"https:\/\/vittra.se\/vallentuna\/wp-json\/wp\/v2\/pages\/1594\/revisions"}],"predecessor-version":[{"id":1609,"href":"https:\/\/vittra.se\/vallentuna\/wp-json\/wp\/v2\/pages\/1594\/revisions\/1609"}],"wp:attachment":[{"href":"https:\/\/vittra.se\/vallentuna\/wp-json\/wp\/v2\/media?parent=1594"}],"curies":[{"name":"wp","href":"https:\/\/api.w.org\/{rel}","templated":true}]}}