{"id":1144,"date":"2023-04-11T13:42:26","date_gmt":"2023-04-11T11:42:26","guid":{"rendered":"https:\/\/vittra.se\/vallentuna\/?page_id=1144"},"modified":"2025-10-29T16:04:23","modified_gmt":"2025-10-29T15:04:23","slug":"pedagogiska-verktyg","status":"publish","type":"page","link":"https:\/\/vittra.se\/vallentuna\/pedagogiska-verktyg\/","title":{"rendered":"V\u00e5r pedagogik"},"content":{"rendered":"\n\t<div class=\"module_wrapper ams_remote_pages_module \">\n\t\t\n\n<section  class=\"ams-cta ams-cta--stacked c-block l-stacked\" data-color-scheme=\"transparent\">\n\t<div class=\"l-container l-stack l-stack-fluid-2xl u-pt-fluid-3xl-6xl u-pb-fluid-3xl-6xl is-center is-center@md\">\n\t\t\t\t\t<div class=\"ams-cta__intro l-stack l-stack-lg\">\n\t\t\t\t\t\n\t<h1\n\tclass=\"c-heading u-font-title-1 \"\n\tstyle=\"\">\n\t\t\n\t\t\t\t\tVittras pedagogik\n\t\t\t\t\n\t<\/h1>\n\n\t\t\t\t\t\t\t\t\t<div class=\"c-text l-stack u-cs-xl u-font-body\">\n\t\t\t\t\t\t<p>Inom Vittra har vi ett antal gemensamma arbetss\u00e4tt och verktyg. Tillsammans bildar de grunden som vi inom Vittra st\u00e5r p\u00e5. Vi jobbar f\u00f6r en modig kultur d\u00e4r alla barn ska k\u00e4nna sig sedda, respekterade och v\u00e5ga ta plats. Vi engagerar oss f\u00f6r v\u00e5r omgivning och tar samh\u00e4llet in i klassrummet. Mod, samarbete och medvetet l\u00e4rande \u2013 det \u00e4r s\u00e5 vi p\u00e5 Vittra g\u00f6r skillnad.<\/p>\n\n\t\t\t\t\t<\/div>\n\t\t\t\t\t\t\t<\/div>\n\t\t\n\t\t\n\t\t\t<\/div>\n\n\t\t\n\n<\/section>\n\t<\/div>\n\n\t\n\n\n\n<section  class=\"ams-info-card c-block l-stacked\" data-color-scheme=\"nyans1_av_cta-hover-standard\">\n\t<div class=\"l-container l-stack l-stack-fluid-2xl u-pt-fluid-3xl-6xl u-pb-fluid-3xl-6xl is-center is-center@md\">\n\t\t\t\t\t<div class=\"ams-info-card__intro l-stack l-stack-lg\">\n\t\t\t\t\t\n\t<h2\n\tclass=\"c-heading u-font-title-1 \"\n\tstyle=\"\">\n\t\t\n\t\t\t\t\tL\u00e4s mer om v\u00e5ra pedagogiska verktyg\n\t\t\t\t\n\t<\/h2>\n\n\t\t\t\t\t\t\t\t\t<div class=\"c-text l-stack u-cs-xl u-font-body\">\n\t\t\t\t\t\t<p>Med hj\u00e4lp av v\u00e5ra 3 pedagogiska verktyg skapar vi en tydlig struktur, en modig kultur och ett medvetet l\u00e4rande.<br \/>\nArbetet med de olika verktygen kan skilja sig mellan de olika skolorna. Fr\u00e5ga g\u00e4rna er skola hur de jobbar med de olika verktygen. Arbetet anpassas ocks\u00e5 utifr\u00e5n de olika \u00e5rskurserna f\u00f6r att m\u00f6ta elevernas behov och utveckling.<\/p>\n\n\t\t\t\t\t<\/div>\n\t\t\t\t\t\t\t<\/div>\n\t\t\n\t\t\t\t\t\n<ul class=\"ams-info-card__list l-grid u-gap-2xl\">\n\t\t\t<li class=\"l-col-6@md l-col-4@lg\">\n\t\t\t<article\n\t\t\t\tclass=\"\n\t\t\t\tc-card\n\t\t\t\t\n\t\t\t\thas-media-zoom\n\t\t\t\t\n\t\t\t\t\"\n\t\t\t\tdata-variant=\"space\"\n\t\t\t\tdata-style=\"square\"\n\t\t\t\t data-click-area\n\t\t\t\t\n\t\t\t\t\n\t\t\t\t>\n\t\t\t\t<div class=\"c-card__content l-stack l-stack-sm is-left is-left@md\">\n\t\t\t\t\t\t\t\t\t\t\t<h3 class=\"c-card__title u-font-title-3\">\n\t\t\t\t\t\t\t\t\t\t\t\t\t\t\t<a class=\"c-card__link\" href=\"https:\/\/vittra.se\/vallentuna\/pedagogiska-verktyg\/vittraformagorna\/\" target=\"_self\">\n\t\t\t\t\t\t\t\t\tVittraf\u00f6rm\u00e5gorna\n\t\t\t\t\t\t\t\t<\/a>\n\t\t\t\t\t\t\t\t\t\t\t\t\t<\/h3>\n\t\t\t\t\t\n\t\t\t\t\t\t\t\t\t\t\t<div class=\"c-card__text l-stack-xs u-font-body\">\n\t\t\t\t\t\t\t<p>Vittraf\u00f6rm\u00e5gorna st\u00e4rker barnens personliga utveckling och ger dem strategier f\u00f6r att l\u00e4ra.<\/p>\n\n\t\t\t\t\t\t<\/div>\n\t\t\t\t\t\n\t\t\t\t\t\t\t\t\t\t\t<div class=\"c-card__icon c-card__icon--nl\">\n\t\t\t\t\t\t\t\t\t\t\t\t\t\t<svg class=\"ams-icon ams-icon--arrow-right\" width=\"32\" height=\"32\" viewbox=\"0 0 32 32\" fill=\"currentColor\" aria-hidden=\"true\" xmlns=\"http:\/\/www.w3.org\/2000\/svg\">\n\t\t\t\t\t\t\t\t\t\t\t\t\t\t\t\t<path d=\"M15.4617 0.252159L14.9567 0.75931C14.6219 1.09545 14.6219 1.64048 14.9567 1.97669L27.7062 14.7806H0.857144C0.383786 14.7806 0 15.166 0 15.6414V16.3587C0 16.8341 0.383786 17.2195 0.857144 17.2195H27.7062L14.9567 30.0234C14.6219 30.3595 14.6219 30.9045 14.9567 31.2407L15.4617 31.7479C15.7964 32.084 16.3392 32.084 16.6739 31.7479L31.749 16.6087C32.0837 16.2725 32.0837 15.7275 31.749 15.3913L16.6739 0.252159C16.3392 -0.084053 15.7964 -0.084053 15.4617 0.252159Z\"\/>\n\t\t\t\t\t\t\t\n\t\t\t\t\t\t\t<\/svg>\n\t\t\t\t\t\t<\/div>\n\t\t\t\t\t\t\t\t\t<\/div>\n\n\t\t\t\t\t\t\t\t\t<div class=\"c-card__media \" style=\" \">\n\t\t\t\t\t\t<img decoding=\"async\" width=\"400\" height=\"267\" src=\"https:\/\/vittra.se\/wp-content\/uploads\/2025\/10\/vittrasamset202506forskola64-400x267.jpg\" class=\"\" alt=\"Pojke ligger i l\u00e4sh\u00f6rna och l\u00e4ser bok men kollar upp i kameran.\" sizes=\"(min-width: 64em) 300px, (min-width: 48em) calc(.50 * (100vw - 304px)), calc(100vw - 208px)\" srcset=\"https:\/\/vittra.se\/wp-content\/uploads\/2025\/10\/vittrasamset202506forskola64-400x267.jpg 400w, https:\/\/vittra.se\/wp-content\/uploads\/2025\/10\/vittrasamset202506forskola64-300x200.jpg 300w, https:\/\/vittra.se\/wp-content\/uploads\/2025\/10\/vittrasamset202506forskola64-600x400.jpg 600w, https:\/\/vittra.se\/wp-content\/uploads\/2025\/10\/vittrasamset202506forskola64-800x534.jpg 800w, https:\/\/vittra.se\/wp-content\/uploads\/2025\/10\/vittrasamset202506forskola64.jpg 1000w\" \/>\n\t\t\t\t\t<\/div>\n\t\t\t\t\t\t\t<\/article>\n\t\t<\/li>\n\t\t\t<li class=\"l-col-6@md l-col-4@lg\">\n\t\t\t<article\n\t\t\t\tclass=\"\n\t\t\t\tc-card\n\t\t\t\t\n\t\t\t\thas-media-zoom\n\t\t\t\t\n\t\t\t\t\"\n\t\t\t\tdata-variant=\"space\"\n\t\t\t\tdata-style=\"square\"\n\t\t\t\t data-click-area\n\t\t\t\t\n\t\t\t\t\n\t\t\t\t>\n\t\t\t\t<div class=\"c-card__content l-stack l-stack-sm is-left is-left@md\">\n\t\t\t\t\t\t\t\t\t\t\t<h3 class=\"c-card__title u-font-title-3\">\n\t\t\t\t\t\t\t\t\t\t\t\t\t\t\t<a class=\"c-card__link\" href=\"https:\/\/vittra.se\/vallentuna\/samhallsforankrad-undervisning\/\" target=\"_self\">\n\t\t\t\t\t\t\t\t\tSamh\u00e4llsf\u00f6rankrad undervisning\n\t\t\t\t\t\t\t\t<\/a>\n\t\t\t\t\t\t\t\t\t\t\t\t\t<\/h3>\n\t\t\t\t\t\n\t\t\t\t\t\t\t\t\t\t\t<div class=\"c-card__text l-stack-xs u-font-body\">\n\t\t\t\t\t\t\t<p><span style=\"font-weight: 400;\">Att vara i f\u00f6rskolan och skolan ska k\u00e4nnas b\u00e5de motiverande och relevant. D\u00e5 l\u00e4r vi oss mer.\u00a0 F\u00f6r att skapa motivation och relevans arbetar vi i Vittra med en samh\u00e4llsf\u00f6rankrad undervisning.\u00a0<\/span><\/p>\n\n\t\t\t\t\t\t<\/div>\n\t\t\t\t\t\n\t\t\t\t\t\t\t\t\t\t\t<div class=\"c-card__icon c-card__icon--nl\">\n\t\t\t\t\t\t\t\t\t\t\t\t\t\t<svg class=\"ams-icon ams-icon--arrow-right\" width=\"32\" height=\"32\" viewbox=\"0 0 32 32\" fill=\"currentColor\" aria-hidden=\"true\" xmlns=\"http:\/\/www.w3.org\/2000\/svg\">\n\t\t\t\t\t\t\t\t\t\t\t\t\t\t\t\t<path d=\"M15.4617 0.252159L14.9567 0.75931C14.6219 1.09545 14.6219 1.64048 14.9567 1.97669L27.7062 14.7806H0.857144C0.383786 14.7806 0 15.166 0 15.6414V16.3587C0 16.8341 0.383786 17.2195 0.857144 17.2195H27.7062L14.9567 30.0234C14.6219 30.3595 14.6219 30.9045 14.9567 31.2407L15.4617 31.7479C15.7964 32.084 16.3392 32.084 16.6739 31.7479L31.749 16.6087C32.0837 16.2725 32.0837 15.7275 31.749 15.3913L16.6739 0.252159C16.3392 -0.084053 15.7964 -0.084053 15.4617 0.252159Z\"\/>\n\t\t\t\t\t\t\t\n\t\t\t\t\t\t\t<\/svg>\n\t\t\t\t\t\t<\/div>\n\t\t\t\t\t\t\t\t\t<\/div>\n\n\t\t\t\t\t\t\t\t\t<div class=\"c-card__media \" style=\" \">\n\t\t\t\t\t\t<img decoding=\"async\" width=\"400\" height=\"267\" src=\"https:\/\/vittra.se\/wp-content\/uploads\/2025\/08\/vittrasamset202506ak56-400x267.jpg\" class=\"\" alt=\"Elev r\u00e4cker upp handen i klassrummet.\" sizes=\"(min-width: 64em) 300px, (min-width: 48em) calc(.50 * (100vw - 304px)), calc(100vw - 208px)\" srcset=\"https:\/\/vittra.se\/wp-content\/uploads\/2025\/08\/vittrasamset202506ak56-400x267.jpg 400w, https:\/\/vittra.se\/wp-content\/uploads\/2025\/08\/vittrasamset202506ak56-300x200.jpg 300w, https:\/\/vittra.se\/wp-content\/uploads\/2025\/08\/vittrasamset202506ak56-600x400.jpg 600w, https:\/\/vittra.se\/wp-content\/uploads\/2025\/08\/vittrasamset202506ak56-800x534.jpg 800w, https:\/\/vittra.se\/wp-content\/uploads\/2025\/08\/vittrasamset202506ak56.jpg 1000w\" \/>\n\t\t\t\t\t<\/div>\n\t\t\t\t\t\t\t<\/article>\n\t\t<\/li>\n\t\t\t<li class=\"l-col-6@md l-col-4@lg\">\n\t\t\t<article\n\t\t\t\tclass=\"\n\t\t\t\tc-card\n\t\t\t\t\n\t\t\t\thas-media-zoom\n\t\t\t\t\n\t\t\t\t\"\n\t\t\t\tdata-variant=\"space\"\n\t\t\t\tdata-style=\"square\"\n\t\t\t\t data-click-area\n\t\t\t\t\n\t\t\t\t\n\t\t\t\t>\n\t\t\t\t<div class=\"c-card__content l-stack l-stack-sm is-left is-left@md\">\n\t\t\t\t\t\t\t\t\t\t\t<h3 class=\"c-card__title u-font-title-3\">\n\t\t\t\t\t\t\t\t\t\t\t\t\t\t\t<a class=\"c-card__link\" href=\"https:\/\/vittra.se\/vallentuna\/vittrakulturen\/\" target=\"_self\">\n\t\t\t\t\t\t\t\t\tVittrakulturen\n\t\t\t\t\t\t\t\t<\/a>\n\t\t\t\t\t\t\t\t\t\t\t\t\t<\/h3>\n\t\t\t\t\t\n\t\t\t\t\t\t\t\t\t\t\t<div class=\"c-card__text l-stack-xs u-font-body\">\n\t\t\t\t\t\t\t<p>Vittrakulturen bygger p\u00e5 trygghet och gemenskap \u2013 d\u00e4r alla kan vara sig sj\u00e4lva och tr\u00e4nas i omtanke, respekt och mod att utforska och utvecklas.<\/p>\n\n\t\t\t\t\t\t<\/div>\n\t\t\t\t\t\n\t\t\t\t\t\t\t\t\t\t\t<div class=\"c-card__icon c-card__icon--nl\">\n\t\t\t\t\t\t\t\t\t\t\t\t\t\t<svg class=\"ams-icon ams-icon--arrow-right\" width=\"32\" height=\"32\" viewbox=\"0 0 32 32\" fill=\"currentColor\" aria-hidden=\"true\" xmlns=\"http:\/\/www.w3.org\/2000\/svg\">\n\t\t\t\t\t\t\t\t\t\t\t\t\t\t\t\t<path d=\"M15.4617 0.252159L14.9567 0.75931C14.6219 1.09545 14.6219 1.64048 14.9567 1.97669L27.7062 14.7806H0.857144C0.383786 14.7806 0 15.166 0 15.6414V16.3587C0 16.8341 0.383786 17.2195 0.857144 17.2195H27.7062L14.9567 30.0234C14.6219 30.3595 14.6219 30.9045 14.9567 31.2407L15.4617 31.7479C15.7964 32.084 16.3392 32.084 16.6739 31.7479L31.749 16.6087C32.0837 16.2725 32.0837 15.7275 31.749 15.3913L16.6739 0.252159C16.3392 -0.084053 15.7964 -0.084053 15.4617 0.252159Z\"\/>\n\t\t\t\t\t\t\t\n\t\t\t\t\t\t\t<\/svg>\n\t\t\t\t\t\t<\/div>\n\t\t\t\t\t\t\t\t\t<\/div>\n\n\t\t\t\t\t\t\t\t\t<div class=\"c-card__media \" style=\" \">\n\t\t\t\t\t\t<img decoding=\"async\" width=\"400\" height=\"267\" src=\"https:\/\/vittra.se\/wp-content\/uploads\/2025\/09\/vittrasamset202506ak563-400x267.jpg\" class=\"\" alt=\"En elev har den andra p\u00e5 ryggen. De kollar in i kameran och ler.\" sizes=\"(min-width: 64em) 300px, (min-width: 48em) calc(.50 * (100vw - 304px)), calc(100vw - 208px)\" srcset=\"https:\/\/vittra.se\/wp-content\/uploads\/2025\/09\/vittrasamset202506ak563-400x267.jpg 400w, https:\/\/vittra.se\/wp-content\/uploads\/2025\/09\/vittrasamset202506ak563-300x200.jpg 300w, https:\/\/vittra.se\/wp-content\/uploads\/2025\/09\/vittrasamset202506ak563-600x400.jpg 600w, https:\/\/vittra.se\/wp-content\/uploads\/2025\/09\/vittrasamset202506ak563-800x534.jpg 800w, https:\/\/vittra.se\/wp-content\/uploads\/2025\/09\/vittrasamset202506ak563.jpg 1000w\" \/>\n\t\t\t\t\t<\/div>\n\t\t\t\t\t\t\t<\/article>\n\t\t<\/li>\n\t<\/ul>\n\t\n\t\t\t<\/div>\n\n\t\t\n\n<\/section>\n","protected":false},"excerpt":{"rendered":"","protected":false},"author":58,"featured_media":0,"parent":0,"menu_order":0,"comment_status":"closed","ping_status":"closed","template":"","meta":{"footnotes":""},"yoast_head":"<!-- This site is optimized with the Yoast SEO plugin v22.0 - https:\/\/yoast.com\/wordpress\/plugins\/seo\/ -->\n<title>Vallentuna<\/title>\n<meta name=\"robots\" content=\"index, follow, max-snippet:-1, max-image-preview:large, max-video-preview:-1\" \/>\n<link rel=\"canonical\" href=\"https:\/\/vittra.se\/vallentuna\/pedagogiska-verktyg\/\" \/>\n<meta property=\"og:locale\" content=\"sv_SE\" \/>\n<meta property=\"og:type\" content=\"article\" \/>\n<meta property=\"og:url\" content=\"https:\/\/vittra.se\/vallentuna\/pedagogiska-verktyg\/\" \/>\n<meta property=\"og:site_name\" content=\"Vallentuna\" \/>\n<meta property=\"article:modified_time\" content=\"2025-10-29T15:04:23+00:00\" \/>\n<meta name=\"twitter:card\" content=\"summary_large_image\" \/>\n<script type=\"application\/ld+json\" class=\"yoast-schema-graph\">{\"@context\":\"https:\/\/schema.org\",\"@graph\":[{\"@type\":\"WebPage\",\"@id\":\"https:\/\/vittra.se\/vallentuna\/pedagogiska-verktyg\/\",\"url\":\"https:\/\/vittra.se\/vallentuna\/pedagogiska-verktyg\/\",\"name\":\"V\u00e5r pedagogik - Vallentuna\",\"isPartOf\":{\"@id\":\"https:\/\/vittra.se\/vallentuna\/#website\"},\"datePublished\":\"2023-04-11T11:42:26+00:00\",\"dateModified\":\"2025-10-29T15:04:23+00:00\",\"breadcrumb\":{\"@id\":\"https:\/\/vittra.se\/vallentuna\/pedagogiska-verktyg\/#breadcrumb\"},\"inLanguage\":\"sv-SE\",\"potentialAction\":[{\"@type\":\"ReadAction\",\"target\":[\"https:\/\/vittra.se\/vallentuna\/pedagogiska-verktyg\/\"]}]},{\"@type\":\"BreadcrumbList\",\"@id\":\"https:\/\/vittra.se\/vallentuna\/pedagogiska-verktyg\/#breadcrumb\",\"itemListElement\":[{\"@type\":\"ListItem\",\"position\":1,\"name\":\"Start\",\"item\":\"https:\/\/vittra.se\/vallentuna\/\"},{\"@type\":\"ListItem\",\"position\":2,\"name\":\"V\u00e5r pedagogik\"}]},{\"@type\":\"WebSite\",\"@id\":\"https:\/\/vittra.se\/vallentuna\/#website\",\"url\":\"https:\/\/vittra.se\/vallentuna\/\",\"name\":\"Vallentuna\",\"description\":\"Kunskap att f\u00f6r\u00e4ndra. Mod att p\u00e5verka.\",\"potentialAction\":[{\"@type\":\"SearchAction\",\"target\":{\"@type\":\"EntryPoint\",\"urlTemplate\":\"https:\/\/vittra.se\/vallentuna\/?s={search_term_string}\"},\"query-input\":\"required name=search_term_string\"}],\"inLanguage\":\"sv-SE\"}]}<\/script>\n<!-- \/ Yoast SEO plugin. -->","yoast_head_json":{"title":"Vallentuna","robots":{"index":"index","follow":"follow","max-snippet":"max-snippet:-1","max-image-preview":"max-image-preview:large","max-video-preview":"max-video-preview:-1"},"canonical":"https:\/\/vittra.se\/vallentuna\/pedagogiska-verktyg\/","og_locale":"sv_SE","og_type":"article","og_url":"https:\/\/vittra.se\/vallentuna\/pedagogiska-verktyg\/","og_site_name":"Vallentuna","article_modified_time":"2025-10-29T15:04:23+00:00","twitter_card":"summary_large_image","schema":{"@context":"https:\/\/schema.org","@graph":[{"@type":"WebPage","@id":"https:\/\/vittra.se\/vallentuna\/pedagogiska-verktyg\/","url":"https:\/\/vittra.se\/vallentuna\/pedagogiska-verktyg\/","name":"V\u00e5r pedagogik - Vallentuna","isPartOf":{"@id":"https:\/\/vittra.se\/vallentuna\/#website"},"datePublished":"2023-04-11T11:42:26+00:00","dateModified":"2025-10-29T15:04:23+00:00","breadcrumb":{"@id":"https:\/\/vittra.se\/vallentuna\/pedagogiska-verktyg\/#breadcrumb"},"inLanguage":"sv-SE","potentialAction":[{"@type":"ReadAction","target":["https:\/\/vittra.se\/vallentuna\/pedagogiska-verktyg\/"]}]},{"@type":"BreadcrumbList","@id":"https:\/\/vittra.se\/vallentuna\/pedagogiska-verktyg\/#breadcrumb","itemListElement":[{"@type":"ListItem","position":1,"name":"Start","item":"https:\/\/vittra.se\/vallentuna\/"},{"@type":"ListItem","position":2,"name":"V\u00e5r pedagogik"}]},{"@type":"WebSite","@id":"https:\/\/vittra.se\/vallentuna\/#website","url":"https:\/\/vittra.se\/vallentuna\/","name":"Vallentuna","description":"Kunskap att f\u00f6r\u00e4ndra. Mod att p\u00e5verka.","potentialAction":[{"@type":"SearchAction","target":{"@type":"EntryPoint","urlTemplate":"https:\/\/vittra.se\/vallentuna\/?s={search_term_string}"},"query-input":"required name=search_term_string"}],"inLanguage":"sv-SE"}]}},"_links":{"self":[{"href":"https:\/\/vittra.se\/vallentuna\/wp-json\/wp\/v2\/pages\/1144"}],"collection":[{"href":"https:\/\/vittra.se\/vallentuna\/wp-json\/wp\/v2\/pages"}],"about":[{"href":"https:\/\/vittra.se\/vallentuna\/wp-json\/wp\/v2\/types\/page"}],"author":[{"embeddable":true,"href":"https:\/\/vittra.se\/vallentuna\/wp-json\/wp\/v2\/users\/58"}],"replies":[{"embeddable":true,"href":"https:\/\/vittra.se\/vallentuna\/wp-json\/wp\/v2\/comments?post=1144"}],"version-history":[{"count":11,"href":"https:\/\/vittra.se\/vallentuna\/wp-json\/wp\/v2\/pages\/1144\/revisions"}],"predecessor-version":[{"id":1525,"href":"https:\/\/vittra.se\/vallentuna\/wp-json\/wp\/v2\/pages\/1144\/revisions\/1525"}],"wp:attachment":[{"href":"https:\/\/vittra.se\/vallentuna\/wp-json\/wp\/v2\/media?parent=1144"}],"curies":[{"name":"wp","href":"https:\/\/api.w.org\/{rel}","templated":true}]}}