{"id":25,"date":"2020-09-01T22:07:07","date_gmt":"2020-09-01T20:07:07","guid":{"rendered":"https:\/\/vittra.se\/kopieringsunderlag\/?page_id=25"},"modified":"2026-03-18T13:38:16","modified_gmt":"2026-03-18T12:38:16","slug":"grundskola","status":"publish","type":"page","link":"https:\/\/vittra.se\/telefonplan\/om\/grundskola\/","title":{"rendered":"Grundskola"},"content":{"rendered":"\n\t\n\t\n\t\n\n\t\n\t\n\t\t\n<section  class=\"c-block l-stacked  \" data-color-scheme=\"\">\n\t<div class=\"ams-fifty ams-fifty--container ams-fifty--right ams-fifty--bottom l-container u-pt-fluid-2xl-4xl u-pb-fluid-md-xl\">\n\t\t<div class=\"ams-fifty__content l-stack l-stack-xl is-left is-left@lg\">\n\t\t\t<div class=\"ams-fifty__text l-stack l-stack-lg\">\n\t\t\t\t\t\n\t<h2\n\tclass=\"c-heading u-font-title-1 \"\n\tstyle=\"\">\n\t\t\n\t\t\t\t\t\t\t\t\tVittras grundskola vid Telefonplan\n\t\t\t\t<span class=\"c-heading__sub is-below u-font-title-3\">\n\t\t\t\t\tF\u00f6rskoleklass till \u00e5rskurs 9\n\t\t\t\t<\/span>\n\t\t\t\t\t\t\t\n\t<\/h2>\n\n\t\t\t\t\t\t\t\t\t<div class=\"text l-stack u-font-body\">\n\t\t\t\t\t\t<p>P\u00e5 v\u00e5r grundskola vid Telefonplan g\u00e5r elever fr\u00e5n f\u00f6rskoleklass upp till \u00e5rskurs 9. Vi delar in v\u00e5ra \u00e5rskurser i miniorer som motsvarar l\u00e5gstadiet, juniorer som motsvarar mellanstadiet och seniorer som motsvarar h\u00f6gstadiet.<\/p>\n<p>Hos oss st\u00e5r det medvetna l\u00e4randet i fokus \u2013 att eleverna f\u00f6rst blir medvetna om sig sj\u00e4lva och sin utveckling, f\u00f6r att d\u00e4refter l\u00e4ra sig om samh\u00e4llet och hur de kan p\u00e5verka det. F\u00f6r att f\u00f6rbereda v\u00e5ra elever inf\u00f6r framtiden samt skapa merv\u00e4rde under skotid har vi p\u00e5 Vittra Telefonplan tv\u00e5 extra satsningar:<\/p>\n<ul>\n<li>R\u00f6relsegl\u00e4dje med Skol-IF, erbjuder r\u00f6relsepass f\u00f6re och efter skoltid samt rastaktiviteter.<\/li>\n<li>Teknikprofil med eget Makerspace. Utforska teknik, programmera, bygg en robot mm.<\/li>\n<\/ul>\n<p><!-- \/wp:list-item --><\/p>\n<p><!-- \/wp:list --><\/p>\n\n\t\t\t\t\t<\/div>\n\t\t\t\t\t\t\t<\/div>\n\n\t\t\t\t\t<\/div>\n\n\t\t <div class=\"ams-fifty__media u-ratio-landscape\">\n\t\t \t\t\t\t\t<img decoding=\"async\" width=\"600\" height=\"601\" src=\"https:\/\/vittra.se\/wp-content\/uploads\/sites\/23\/2025\/02\/img4596-e1739956260805-600x601.jpg\" class=\"attachment-md size-md\" alt=\"Vittra Telefonplans byggnader utifr\u00e5n. Ett vitt hus och ett bl\u00e5tt hus.\" sizes=\"(min-width: 64em) 600px, calc(100vw - 160px)\" srcset=\"https:\/\/vittra.se\/wp-content\/uploads\/sites\/23\/2025\/02\/img4596-e1739956260805-600x601.jpg 600w, https:\/\/vittra.se\/wp-content\/uploads\/sites\/23\/2025\/02\/img4596-e1739956260805-150x150.jpg 150w, https:\/\/vittra.se\/wp-content\/uploads\/sites\/23\/2025\/02\/img4596-e1739956260805-300x301.jpg 300w, https:\/\/vittra.se\/wp-content\/uploads\/sites\/23\/2025\/02\/img4596-e1739956260805-400x401.jpg 400w, https:\/\/vittra.se\/wp-content\/uploads\/sites\/23\/2025\/02\/img4596-e1739956260805-800x802.jpg 800w, https:\/\/vittra.se\/wp-content\/uploads\/sites\/23\/2025\/02\/img4596-e1739956260805-1024x1026.jpg 1024w, https:\/\/vittra.se\/wp-content\/uploads\/sites\/23\/2025\/02\/img4596-e1739956260805-1200x1202.jpg 1200w, https:\/\/vittra.se\/wp-content\/uploads\/sites\/23\/2025\/02\/img4596-e1739956260805.jpg 1485w\" \/>\n\t\t\t\n\t\t\t\n\t\t\t\t\t<\/div>\n\t<\/div>\n\n\t\t\n\n<\/section>\n\n\n\n\t\n\t\n\t\n\n\t\n\t\n\t\t\n<section  class=\"c-block l-stacked  \" data-color-scheme=\"primar2\">\n\t<div class=\"ams-fifty ams-fifty--container ams-fifty--right ams-fifty--bottom l-container u-pt-fluid-2xl-4xl u-pb-fluid-2xl-4xl\">\n\t\t<div class=\"ams-fifty__content l-stack l-stack-xl is-left is-left@lg\">\n\t\t\t<div class=\"ams-fifty__text l-stack l-stack-lg\">\n\t\t\t\t\t\n\t<h2\n\tclass=\"c-heading u-font-title-1 \"\n\tstyle=\"\">\n\t\t\n\t\t\t\t\t\t\t\t\tEn vanlig dag \n\t\t\t\t<span class=\"c-heading__sub is-below u-font-title-3\">\n\t\t\t\t\tp\u00e5 v\u00e5rt l\u00e5g- och mellanstadium\n\t\t\t\t<\/span>\n\t\t\t\t\t\t\t\n\t<\/h2>\n\n\t\t\t\t\t\t\t\t\t<div class=\"text l-stack u-font-body\">\n\t\t\t\t\t\t<p><strong>Dagen inleds med frisk luft<\/strong><br \/>\nVi startar dagen med frisk luft p\u00e5 g\u00e5rden. Fritidsbarnen \u00e4r ute p\u00e5 skolg\u00e5rden innan vi samlas f\u00f6r morgonsamling klockan 8.30. P\u00e5 samlingen planerar vi dagen och arbetar just nu med ett v\u00e4rdegrundsprojekt om alla m\u00e4nniskors lika v\u00e4rde.<\/p>\n<p><strong>Kreativa arbetss\u00e4tt och struktur i fokus<\/strong><br \/>\nUnder dagen arbetar vi strukturerat med tydliga rutiner och arbetsgrupper. L\u00e4sning \u00e4r en viktig del hos oss p\u00e5 Minior, och eleverna utvecklar sin l\u00e4sf\u00f6rm\u00e5ga genom engagerande l\u00e4sgrupper och inspirerande tillh\u00f6rande boksamtal. Vi arbetar ocks\u00e5 nu med Lasse Majas skrivarskola. Vi f\u00f6rs\u00f6ker v\u00e4cka nyfikenhet genom kreativa arbetss\u00e4tt d\u00e4r vi arbetar \u00e4mnes\u00f6vergripande och \u00e5ldersblandat.<\/p>\n<p><strong>L\u00e4sandet st\u00e5r i centrum<\/strong><br \/>\nL\u00e4sning \u00e4r dagens h\u00f6jdpunkt p\u00e5 l\u00e5gstadiet. N\u00e4r eleverna l\u00e4ser f\u00e5r de kliva in i sp\u00e4nnande v\u00e4rldar, m\u00f6ta nya karakt\u00e4rer och l\u00e5ta fantasin ta dem l\u00e5ngt bortom klassrummet. Det \u00e4r en stund av lugn och fokus d\u00e4r man kan dr\u00f6mma, l\u00e4ra och uppt\u00e4cka n\u00e5got nytt.<\/p>\n\n\t\t\t\t\t<\/div>\n\t\t\t\t\t\t\t<\/div>\n\n\t\t\t\t\t<\/div>\n\n\t\t <div class=\"ams-fifty__media u-ratio-landscape\">\n\t\t \t\t\t\t\t<img decoding=\"async\" width=\"600\" height=\"403\" src=\"https:\/\/vittra.se\/wp-content\/uploads\/sites\/23\/2024\/06\/vittra-telefonplan-skolidrottsforening-202404-600x403.jpg\" class=\"attachment-md size-md\" alt=\"Tre elever p\u00e5 Vittra spelar fotboll utomhus.\" sizes=\"(min-width: 64em) 600px, calc(100vw - 160px)\" srcset=\"https:\/\/vittra.se\/wp-content\/uploads\/sites\/23\/2024\/06\/vittra-telefonplan-skolidrottsforening-202404-600x403.jpg 600w, https:\/\/vittra.se\/wp-content\/uploads\/sites\/23\/2024\/06\/vittra-telefonplan-skolidrottsforening-202404-300x202.jpg 300w, https:\/\/vittra.se\/wp-content\/uploads\/sites\/23\/2024\/06\/vittra-telefonplan-skolidrottsforening-202404-400x269.jpg 400w, https:\/\/vittra.se\/wp-content\/uploads\/sites\/23\/2024\/06\/vittra-telefonplan-skolidrottsforening-202404-800x538.jpg 800w, https:\/\/vittra.se\/wp-content\/uploads\/sites\/23\/2024\/06\/vittra-telefonplan-skolidrottsforening-202404-1024x689.jpg 1024w, https:\/\/vittra.se\/wp-content\/uploads\/sites\/23\/2024\/06\/vittra-telefonplan-skolidrottsforening-202404-1200x807.jpg 1200w, https:\/\/vittra.se\/wp-content\/uploads\/sites\/23\/2024\/06\/vittra-telefonplan-skolidrottsforening-202404.jpg 1920w\" \/>\n\t\t\t\n\t\t\t\n\t\t\t\t\t<\/div>\n\t<\/div>\n\n\t\t\n\n<\/section>\n\n\n\n\t\n\t\n\t\n\n\t\n\t\n\t\t\n<section  class=\"c-block l-stacked  \" data-color-scheme=\"primar2\">\n\t<div class=\"ams-fifty ams-fifty--container ams-fifty--left ams-fifty--bottom l-container u-pt-fluid-2xl-4xl u-pb-fluid-2xl-4xl\">\n\t\t<div class=\"ams-fifty__content l-stack l-stack-xl is-left is-left@lg\">\n\t\t\t<div class=\"ams-fifty__text l-stack l-stack-lg\">\n\t\t\t\t\t\n\t<h2\n\tclass=\"c-heading u-font-title-1 \"\n\tstyle=\"\">\n\t\t\n\t\t\t\t\t\t\t\t\tEn vanlig dag\n\t\t\t\t<span class=\"c-heading__sub is-below u-font-title-3\">\n\t\t\t\t\tp\u00e5 v\u00e5rt h\u00f6gstadium\n\t\t\t\t<\/span>\n\t\t\t\t\t\t\t\n\t<\/h2>\n\n\t\t\t\t\t\t\t\t\t<div class=\"text l-stack u-font-body\">\n\t\t\t\t\t\t<p><strong>Kreativitet och kunskap<\/strong><br \/>\nVittra Telefonplan \u00e4r en skola d\u00e4r kreativitet och kunskap m\u00f6ts. Hos oss b\u00f6rjar dagen med gemenskap och fokus i en kort samling som ger trygghet och struktur. Undervisningen \u00e4r verklighetsn\u00e4ra och varierad.<\/p>\n<p><strong>Undervisningen \u00e4r verklighetsf\u00f6rankrad<\/strong><br \/>\nVi kopplar teori till praktiska projekt. Eleverna f\u00e5r utforska naturvetenskap genom kritiskt t\u00e4nkande i matematik och diskutera demokrati och h\u00e5llbarhet i samh\u00e4llskunskap. I geografi arbetar vi med globala samband, klimatfr\u00e5gor och hur v\u00e4rlden h\u00e4nger ihop. I teknik\u00e4mnet st\u00e5r innovation och probleml\u00f6sning i centrum \u2013 fr\u00e5n programmering och digitala verktyg till design och h\u00e5llbara l\u00f6sningar. V\u00e5r vision \u00e4r att ge varje elev mod och kompetens att f\u00f6rst\u00e5 och p\u00e5verka v\u00e4rlden.<\/p>\n<p><strong>Skratt och r\u00f6relse viktigt f\u00f6r eleverna<\/strong><br \/>\nF\u00f6rutom en tillg\u00e4nglig undervisning d\u00e4r eleverna f\u00e5r utvecklas och k\u00e4nna att de f\u00f6rst\u00e5r i ett n\u00e4ra relationellt ledarskap med sin l\u00e4rare s\u00e5 \u00e4r naturligtvis rasten en h\u00f6jdpunkt d\u00e4r tid f\u00f6r skratt, lek och r\u00f6relse f\u00e5r ta plats. H\u00e4r f\u00e5r eleverna springa, spela och umg\u00e5s med v\u00e4nner, vilket ger energi och gl\u00e4dje inf\u00f6r resten av dagen.<\/p>\n\n\t\t\t\t\t<\/div>\n\t\t\t\t\t\t\t<\/div>\n\n\t\t\t\t\t<\/div>\n\n\t\t <div class=\"ams-fifty__media u-ratio-landscape\">\n\t\t \t\t\t\t\t<img decoding=\"async\" width=\"600\" height=\"400\" src=\"https:\/\/vittra.se\/wp-content\/uploads\/sites\/23\/2023\/09\/vittravallentunafotoak57ret.jpg\" class=\"attachment-md size-md\" alt=\"Tv\u00e5 glada elever sitter och skriver\" sizes=\"(min-width: 64em) 600px, calc(100vw - 160px)\" srcset=\"https:\/\/vittra.se\/wp-content\/uploads\/sites\/23\/2023\/09\/vittravallentunafotoak57ret.jpg 1980w, https:\/\/vittra.se\/wp-content\/uploads\/sites\/23\/2023\/09\/vittravallentunafotoak57ret-300x200.jpg 300w, https:\/\/vittra.se\/wp-content\/uploads\/sites\/23\/2023\/09\/vittravallentunafotoak57ret-1024x683.jpg 1024w, https:\/\/vittra.se\/wp-content\/uploads\/sites\/23\/2023\/09\/vittravallentunafotoak57ret-768x512.jpg 768w, https:\/\/vittra.se\/wp-content\/uploads\/sites\/23\/2023\/09\/vittravallentunafotoak57ret-1536x1024.jpg 1536w, https:\/\/vittra.se\/wp-content\/uploads\/sites\/23\/2023\/09\/vittravallentunafotoak57ret-1920x1280.jpg 1920w, https:\/\/vittra.se\/wp-content\/uploads\/sites\/23\/2023\/09\/vittravallentunafotoak57ret-500x333.jpg 500w, https:\/\/vittra.se\/wp-content\/uploads\/sites\/23\/2023\/09\/vittravallentunafotoak57ret-340x227.jpg 340w, https:\/\/vittra.se\/wp-content\/uploads\/sites\/23\/2023\/09\/vittravallentunafotoak57ret-1100x733.jpg 1100w, https:\/\/vittra.se\/wp-content\/uploads\/sites\/23\/2023\/09\/vittravallentunafotoak57ret-1000x667.jpg 1000w\" \/>\n\t\t\t\n\t\t\t\n\t\t\t\t\t<\/div>\n\t<\/div>\n\n\t\t\n\n<\/section>\n\n\n\n\n<section  class=\"ams-cta ams-cta--stacked c-block l-stacked\">\n\t<div class=\"l-container l-stack l-stack-fluid-2xl u-pt-fluid-3xl-6xl u-pb-fluid-3xl-6xl is-center is-center@md\">\n\t\t\t\t\t<div class=\"ams-cta__intro l-stack l-stack-lg\">\n\t\t\t\t\t\n\t<h2\n\tclass=\"c-heading u-font-title-1 \"\n\tstyle=\"\">\n\t\t\n\t\t\t\t\tVill du l\u00e4sa mer om hur vi jobbar?\n\t\t\t\t\n\t<\/h2>\n\n\t\t\t\t\t\t\t<\/div>\n\t\t\n\t\t\n\t\t\t<div class=\"ams-cta__action u-inline-items\">\n\t\t\t\t\t\t\t\n\n\n<a href=\"https:\/\/vittra.se\/telefonplan\/om\/\"\n\t\n\tclass=\"c-btn \"\n\tdata-style=\"round\"\n\tdata-size=\"md\"\n\tdata-width=\"full-mobile\"\n\tdata-variant=\"default\"\n\ttarget=\"_self\">\n\t\t\t<span class=\"label\"> Om skolan och v\u00e5r pedagogik<\/span>\n\t\t\t<\/a>\n\t\t\t<\/div>\n\t<\/div>\n\n\t\t\n\n<\/section>\n\n\n<div   id=\"page-relative-menu\" class=\"site__font-monospace   container_width--full_width_conIcon   d-lg-none  \">\n\n\t\t\t\n<\/div>\n","protected":false},"excerpt":{"rendered":"","protected":false},"author":1,"featured_media":0,"parent":20,"menu_order":0,"comment_status":"closed","ping_status":"closed","template":"","meta":{"footnotes":"[]"},"yoast_head":"<!-- This site is optimized with the Yoast SEO plugin v22.0 - https:\/\/yoast.com\/wordpress\/plugins\/seo\/ -->\n<title>Vittra | Grundskola vid Telefonplan<\/title>\n<meta name=\"description\" content=\"Vittra \u00e4r en grundskola vid Telefonplan. Vi har akademisk standard med struktur och medvetet l\u00e4rande som st\u00e4rker elevens personliga utveckling.\" \/>\n<meta name=\"robots\" content=\"index, follow, max-snippet:-1, max-image-preview:large, max-video-preview:-1\" \/>\n<link rel=\"canonical\" href=\"https:\/\/vittra.se\/telefonplan\/om\/grundskola\/\" \/>\n<meta property=\"og:locale\" content=\"sv_SE\" \/>\n<meta property=\"og:type\" content=\"article\" \/>\n<meta property=\"og:title\" content=\"Vittra | Grundskola vid Telefonplan\" \/>\n<meta property=\"og:description\" content=\"Vittra \u00e4r en grundskola vid Telefonplan. Vi har akademisk standard med struktur och medvetet l\u00e4rande som st\u00e4rker elevens personliga utveckling.\" \/>\n<meta property=\"og:url\" content=\"https:\/\/vittra.se\/telefonplan\/om\/grundskola\/\" \/>\n<meta property=\"og:site_name\" content=\"Telefonplan\" \/>\n<meta property=\"article:modified_time\" content=\"2026-03-18T12:38:16+00:00\" \/>\n<meta name=\"twitter:card\" content=\"summary_large_image\" \/>\n<meta name=\"twitter:title\" content=\"Vittra | Grundskola vid Telefonplan\" \/>\n<meta name=\"twitter:description\" content=\"Vittra \u00e4r en grundskola vid Telefonplan. Vi har akademisk standard med struktur och medvetet l\u00e4rande som st\u00e4rker elevens personliga utveckling.\" \/>\n<script type=\"application\/ld+json\" class=\"yoast-schema-graph\">{\"@context\":\"https:\/\/schema.org\",\"@graph\":[{\"@type\":\"WebPage\",\"@id\":\"https:\/\/vittra.se\/telefonplan\/om\/grundskola\/\",\"url\":\"https:\/\/vittra.se\/telefonplan\/om\/grundskola\/\",\"name\":\"Vittra | Grundskola vid Telefonplan\",\"isPartOf\":{\"@id\":\"https:\/\/vittra.se\/telefonplan\/#website\"},\"datePublished\":\"2020-09-01T20:07:07+00:00\",\"dateModified\":\"2026-03-18T12:38:16+00:00\",\"description\":\"Vittra \u00e4r en grundskola vid Telefonplan. Vi har akademisk standard med struktur och medvetet l\u00e4rande som st\u00e4rker elevens personliga utveckling.\",\"breadcrumb\":{\"@id\":\"https:\/\/vittra.se\/telefonplan\/om\/grundskola\/#breadcrumb\"},\"inLanguage\":\"sv-SE\",\"potentialAction\":[{\"@type\":\"ReadAction\",\"target\":[\"https:\/\/vittra.se\/telefonplan\/om\/grundskola\/\"]}]},{\"@type\":\"BreadcrumbList\",\"@id\":\"https:\/\/vittra.se\/telefonplan\/om\/grundskola\/#breadcrumb\",\"itemListElement\":[{\"@type\":\"ListItem\",\"position\":1,\"name\":\"Start\",\"item\":\"https:\/\/vittra.se\/telefonplan\/\"},{\"@type\":\"ListItem\",\"position\":2,\"name\":\"Om skolan\",\"item\":\"https:\/\/vittra.se\/telefonplan\/om\/\"},{\"@type\":\"ListItem\",\"position\":3,\"name\":\"Grundskola\"}]},{\"@type\":\"WebSite\",\"@id\":\"https:\/\/vittra.se\/telefonplan\/#website\",\"url\":\"https:\/\/vittra.se\/telefonplan\/\",\"name\":\"Telefonplan\",\"description\":\"Kunskap att f\u00f6r\u00e4ndra. Mod att p\u00e5verka.\",\"potentialAction\":[{\"@type\":\"SearchAction\",\"target\":{\"@type\":\"EntryPoint\",\"urlTemplate\":\"https:\/\/vittra.se\/telefonplan\/?s={search_term_string}\"},\"query-input\":\"required name=search_term_string\"}],\"inLanguage\":\"sv-SE\"}]}<\/script>\n<!-- \/ Yoast SEO plugin. -->","yoast_head_json":{"title":"Vittra | Grundskola vid Telefonplan","description":"Vittra \u00e4r en grundskola vid Telefonplan. Vi har akademisk standard med struktur och medvetet l\u00e4rande som st\u00e4rker elevens personliga utveckling.","robots":{"index":"index","follow":"follow","max-snippet":"max-snippet:-1","max-image-preview":"max-image-preview:large","max-video-preview":"max-video-preview:-1"},"canonical":"https:\/\/vittra.se\/telefonplan\/om\/grundskola\/","og_locale":"sv_SE","og_type":"article","og_title":"Vittra | Grundskola vid Telefonplan","og_description":"Vittra \u00e4r en grundskola vid Telefonplan. Vi har akademisk standard med struktur och medvetet l\u00e4rande som st\u00e4rker elevens personliga utveckling.","og_url":"https:\/\/vittra.se\/telefonplan\/om\/grundskola\/","og_site_name":"Telefonplan","article_modified_time":"2026-03-18T12:38:16+00:00","twitter_card":"summary_large_image","twitter_title":"Vittra | Grundskola vid Telefonplan","twitter_description":"Vittra \u00e4r en grundskola vid Telefonplan. Vi har akademisk standard med struktur och medvetet l\u00e4rande som st\u00e4rker elevens personliga utveckling.","schema":{"@context":"https:\/\/schema.org","@graph":[{"@type":"WebPage","@id":"https:\/\/vittra.se\/telefonplan\/om\/grundskola\/","url":"https:\/\/vittra.se\/telefonplan\/om\/grundskola\/","name":"Vittra | Grundskola vid Telefonplan","isPartOf":{"@id":"https:\/\/vittra.se\/telefonplan\/#website"},"datePublished":"2020-09-01T20:07:07+00:00","dateModified":"2026-03-18T12:38:16+00:00","description":"Vittra \u00e4r en grundskola vid Telefonplan. Vi har akademisk standard med struktur och medvetet l\u00e4rande som st\u00e4rker elevens personliga utveckling.","breadcrumb":{"@id":"https:\/\/vittra.se\/telefonplan\/om\/grundskola\/#breadcrumb"},"inLanguage":"sv-SE","potentialAction":[{"@type":"ReadAction","target":["https:\/\/vittra.se\/telefonplan\/om\/grundskola\/"]}]},{"@type":"BreadcrumbList","@id":"https:\/\/vittra.se\/telefonplan\/om\/grundskola\/#breadcrumb","itemListElement":[{"@type":"ListItem","position":1,"name":"Start","item":"https:\/\/vittra.se\/telefonplan\/"},{"@type":"ListItem","position":2,"name":"Om skolan","item":"https:\/\/vittra.se\/telefonplan\/om\/"},{"@type":"ListItem","position":3,"name":"Grundskola"}]},{"@type":"WebSite","@id":"https:\/\/vittra.se\/telefonplan\/#website","url":"https:\/\/vittra.se\/telefonplan\/","name":"Telefonplan","description":"Kunskap att f\u00f6r\u00e4ndra. Mod att p\u00e5verka.","potentialAction":[{"@type":"SearchAction","target":{"@type":"EntryPoint","urlTemplate":"https:\/\/vittra.se\/telefonplan\/?s={search_term_string}"},"query-input":"required name=search_term_string"}],"inLanguage":"sv-SE"}]}},"_links":{"self":[{"href":"https:\/\/vittra.se\/telefonplan\/wp-json\/wp\/v2\/pages\/25"}],"collection":[{"href":"https:\/\/vittra.se\/telefonplan\/wp-json\/wp\/v2\/pages"}],"about":[{"href":"https:\/\/vittra.se\/telefonplan\/wp-json\/wp\/v2\/types\/page"}],"author":[{"embeddable":true,"href":"https:\/\/vittra.se\/telefonplan\/wp-json\/wp\/v2\/users\/1"}],"replies":[{"embeddable":true,"href":"https:\/\/vittra.se\/telefonplan\/wp-json\/wp\/v2\/comments?post=25"}],"version-history":[{"count":9,"href":"https:\/\/vittra.se\/telefonplan\/wp-json\/wp\/v2\/pages\/25\/revisions"}],"predecessor-version":[{"id":1572,"href":"https:\/\/vittra.se\/telefonplan\/wp-json\/wp\/v2\/pages\/25\/revisions\/1572"}],"up":[{"embeddable":true,"href":"https:\/\/vittra.se\/telefonplan\/wp-json\/wp\/v2\/pages\/20"}],"wp:attachment":[{"href":"https:\/\/vittra.se\/telefonplan\/wp-json\/wp\/v2\/media?parent=25"}],"curies":[{"name":"wp","href":"https:\/\/api.w.org\/{rel}","templated":true}]}}