{"id":32,"date":"2020-09-01T22:08:26","date_gmt":"2020-09-01T20:08:26","guid":{"rendered":"https:\/\/vittra.se\/kopieringsunderlag\/?page_id=32"},"modified":"2026-03-24T15:33:36","modified_gmt":"2026-03-24T14:33:36","slug":"lasarstider","status":"publish","type":"page","link":"https:\/\/vittra.se\/sodermalm\/om\/lasarstider\/","title":{"rendered":"L\u00e4s\u00e5rstider"},"content":{"rendered":"\n<div class=\"wp-block-columns is-layout-flex wp-container-core-columns-layout-1 wp-block-columns-is-layout-flex\">\n<div class=\"wp-block-column is-layout-flow wp-block-column-is-layout-flow\" style=\"flex-basis:66.66%\">\n<h1 class=\"wp-block-heading\">L\u00e4s\u00e5rstider<\/h1>\n\n\n\n\t<div class=\"module_wrapper ams_remote_pages_module \">\n\t\t\t\t\t\t\t<div class=\"container acf-preamble\">\n\t\t\t\t\t\t<div class=\"row\">\n\t\t\t\t\t\t\t<div class=\"col-12\">\n\t\t\t\t\t\t\t\t\n<p   class=\"site__ingress container text-left  site__text-color--dark  site__free_text--ingress p-0\">\n\tH\u00e4r hittar du datumen f\u00f6r n\u00e4r h\u00f6st- och v\u00e5rterminerna b\u00f6rjar och slutar samt lovdagar. I Schoolsoft hittar du mer information om avvikande dagar s\u00e5som UF-dagar samt scheman f\u00f6r specifika klasser.<\/p>\n\n\n\t\t\t\t\t\t\t<\/div>\n\t\t\t\t\t\t<\/div>\n\t\t\t\t\t<\/div>\n\t\t\t\t\t\t<\/div>\n\n\t\n\n\n<h2 class=\"wp-block-heading\">V\u00e5ren 2026<\/h2>\n\n\n\n<p><strong>Skolstart v\u00e5rtermin<\/strong><br>V\u00e5rterminen b\u00f6rjar den 8 januari 2026.<\/p>\n\n\n\n<p><strong>Sportlov<\/strong><br>Sportlovet 2026 \u00e4r vecka 9 mellan den 23 och 27 februari.<\/p>\n\n\n\n<p><strong>P\u00e5sklov<\/strong><br>P\u00e5sklovet 2026 \u00e4r vecka 15 mellan den 7 och 10 april.<\/p>\n\n\n\n<p><strong>Skolavslutning<\/strong><br>Skolavslutningen \u00e4r 12 juni 2026.<\/p>\n\n\n\n<h2 class=\"wp-block-heading\">H\u00f6sten 2026<\/h2>\n\n\n\n<p><strong>Skolstart h\u00f6sttermin<\/strong><br>Skolan b\u00f6rjar igen den 18 augusti 2026.<\/p>\n\n\n\n<p><strong>H\u00f6stlov<\/strong><br>H\u00f6stlovet 2026 \u00e4r vecka 44 mellan den 26 och 30 oktober.<\/p>\n\n\n\n<p><strong>Jullov<\/strong><br>Jullovet 2026 \u00e4r mellan den 23 december och 10 januari.<\/p>\n\n\n\n<h2 class=\"wp-block-heading\">V\u00e5ren 2027<\/h2>\n\n\n\n<p><strong>Skolstart v\u00e5rtermin<\/strong><br>Skolan startar igen den 11 januari 2027.<\/p>\n\n\n\n<p><strong>Sportlov<\/strong><br>Sportlovet 2027 \u00e4r vecka 9 mellan den 1 och 5 mars.<\/p>\n\n\n\n<p><strong>P\u00e5sklov<\/strong><br>P\u00e5sklovet \u00e4r vecka 13 mellan den 29 mars och 2 april.<\/p>\n\n\n\n<p><strong>Skolavslutning<\/strong><br>Skolavslutningen \u00e4r 11 juni 2027.<\/p>\n<\/div>\n\n\n\n<div class=\"wp-block-column is-layout-flow wp-block-column-is-layout-flow\" style=\"flex-basis:33.33%\"><div   id=\"page-relative-menu\" class=\"site__font-monospace   container_width--full_width_conIcon   d-none d-lg-block  \">\n\n\t\t\t\n<\/div>\n<\/div>\n<\/div>\n\n\n<div   id=\"page-relative-menu\" class=\"site__font-monospace   container_width--full_width_conIcon   d-lg-none  \">\n\n\t\t\t\n<\/div>\n","protected":false},"excerpt":{"rendered":"<p>L\u00e4s\u00e5rstider V\u00e5ren 2026 Skolstart v\u00e5rterminV\u00e5rterminen b\u00f6rjar den 8 januari 2026. SportlovSportlovet 2026 \u00e4r vecka 9 mellan den 23 och 27 februari. P\u00e5sklovP\u00e5sklovet 2026 \u00e4r vecka 15 mellan den 7 och 10 april. SkolavslutningSkolavslutningen \u00e4r 12 juni 2026. H\u00f6sten 2026 Skolstart h\u00f6stterminSkolan b\u00f6rjar igen den 18 augusti 2026. H\u00f6stlovH\u00f6stlovet 2026 \u00e4r vecka 44 mellan den 26&#8230;<\/p>\n","protected":false},"author":1,"featured_media":0,"parent":20,"menu_order":0,"comment_status":"closed","ping_status":"closed","template":"","meta":{"footnotes":""},"yoast_head":"<!-- This site is optimized with the Yoast SEO plugin v22.0 - https:\/\/yoast.com\/wordpress\/plugins\/seo\/ -->\n<title>S\u00f6dermalm<\/title>\n<meta name=\"robots\" content=\"index, follow, max-snippet:-1, max-image-preview:large, max-video-preview:-1\" \/>\n<link rel=\"canonical\" href=\"https:\/\/vittra.se\/sodermalm\/om\/lasarstider\/\" \/>\n<meta property=\"og:locale\" content=\"sv_SE\" \/>\n<meta property=\"og:type\" content=\"article\" \/>\n<meta property=\"og:url\" content=\"https:\/\/vittra.se\/sodermalm\/om\/lasarstider\/\" \/>\n<meta property=\"og:site_name\" content=\"S\u00f6dermalm\" \/>\n<meta property=\"article:modified_time\" content=\"2026-03-24T14:33:36+00:00\" \/>\n<meta name=\"twitter:card\" content=\"summary_large_image\" \/>\n<meta name=\"twitter:label1\" content=\"Ber\u00e4knad l\u00e4stid\" \/>\n\t<meta name=\"twitter:data1\" content=\"1 minut\" \/>\n<script type=\"application\/ld+json\" class=\"yoast-schema-graph\">{\"@context\":\"https:\/\/schema.org\",\"@graph\":[{\"@type\":\"WebPage\",\"@id\":\"https:\/\/vittra.se\/sodermalm\/om\/lasarstider\/\",\"url\":\"https:\/\/vittra.se\/sodermalm\/om\/lasarstider\/\",\"name\":\"L\u00e4s\u00e5rstider - S\u00f6dermalm\",\"isPartOf\":{\"@id\":\"https:\/\/vittra.se\/sodermalm\/#website\"},\"datePublished\":\"2020-09-01T20:08:26+00:00\",\"dateModified\":\"2026-03-24T14:33:36+00:00\",\"breadcrumb\":{\"@id\":\"https:\/\/vittra.se\/sodermalm\/om\/lasarstider\/#breadcrumb\"},\"inLanguage\":\"sv-SE\",\"potentialAction\":[{\"@type\":\"ReadAction\",\"target\":[\"https:\/\/vittra.se\/sodermalm\/om\/lasarstider\/\"]}]},{\"@type\":\"BreadcrumbList\",\"@id\":\"https:\/\/vittra.se\/sodermalm\/om\/lasarstider\/#breadcrumb\",\"itemListElement\":[{\"@type\":\"ListItem\",\"position\":1,\"name\":\"Start\",\"item\":\"https:\/\/vittra.se\/sodermalm\/\"},{\"@type\":\"ListItem\",\"position\":2,\"name\":\"Om skolan\",\"item\":\"https:\/\/vittra.se\/sodermalm\/om\/\"},{\"@type\":\"ListItem\",\"position\":3,\"name\":\"L\u00e4s\u00e5rstider\"}]},{\"@type\":\"WebSite\",\"@id\":\"https:\/\/vittra.se\/sodermalm\/#website\",\"url\":\"https:\/\/vittra.se\/sodermalm\/\",\"name\":\"S\u00f6dermalm\",\"description\":\"Kunskap att f\u00f6r\u00e4ndra. Mod att p\u00e5verka.\",\"potentialAction\":[{\"@type\":\"SearchAction\",\"target\":{\"@type\":\"EntryPoint\",\"urlTemplate\":\"https:\/\/vittra.se\/sodermalm\/?s={search_term_string}\"},\"query-input\":\"required name=search_term_string\"}],\"inLanguage\":\"sv-SE\"}]}<\/script>\n<!-- \/ Yoast SEO plugin. -->","yoast_head_json":{"title":"S\u00f6dermalm","robots":{"index":"index","follow":"follow","max-snippet":"max-snippet:-1","max-image-preview":"max-image-preview:large","max-video-preview":"max-video-preview:-1"},"canonical":"https:\/\/vittra.se\/sodermalm\/om\/lasarstider\/","og_locale":"sv_SE","og_type":"article","og_url":"https:\/\/vittra.se\/sodermalm\/om\/lasarstider\/","og_site_name":"S\u00f6dermalm","article_modified_time":"2026-03-24T14:33:36+00:00","twitter_card":"summary_large_image","twitter_misc":{"Ber\u00e4knad l\u00e4stid":"1 minut"},"schema":{"@context":"https:\/\/schema.org","@graph":[{"@type":"WebPage","@id":"https:\/\/vittra.se\/sodermalm\/om\/lasarstider\/","url":"https:\/\/vittra.se\/sodermalm\/om\/lasarstider\/","name":"L\u00e4s\u00e5rstider - S\u00f6dermalm","isPartOf":{"@id":"https:\/\/vittra.se\/sodermalm\/#website"},"datePublished":"2020-09-01T20:08:26+00:00","dateModified":"2026-03-24T14:33:36+00:00","breadcrumb":{"@id":"https:\/\/vittra.se\/sodermalm\/om\/lasarstider\/#breadcrumb"},"inLanguage":"sv-SE","potentialAction":[{"@type":"ReadAction","target":["https:\/\/vittra.se\/sodermalm\/om\/lasarstider\/"]}]},{"@type":"BreadcrumbList","@id":"https:\/\/vittra.se\/sodermalm\/om\/lasarstider\/#breadcrumb","itemListElement":[{"@type":"ListItem","position":1,"name":"Start","item":"https:\/\/vittra.se\/sodermalm\/"},{"@type":"ListItem","position":2,"name":"Om skolan","item":"https:\/\/vittra.se\/sodermalm\/om\/"},{"@type":"ListItem","position":3,"name":"L\u00e4s\u00e5rstider"}]},{"@type":"WebSite","@id":"https:\/\/vittra.se\/sodermalm\/#website","url":"https:\/\/vittra.se\/sodermalm\/","name":"S\u00f6dermalm","description":"Kunskap att f\u00f6r\u00e4ndra. Mod att p\u00e5verka.","potentialAction":[{"@type":"SearchAction","target":{"@type":"EntryPoint","urlTemplate":"https:\/\/vittra.se\/sodermalm\/?s={search_term_string}"},"query-input":"required name=search_term_string"}],"inLanguage":"sv-SE"}]}},"_links":{"self":[{"href":"https:\/\/vittra.se\/sodermalm\/wp-json\/wp\/v2\/pages\/32"}],"collection":[{"href":"https:\/\/vittra.se\/sodermalm\/wp-json\/wp\/v2\/pages"}],"about":[{"href":"https:\/\/vittra.se\/sodermalm\/wp-json\/wp\/v2\/types\/page"}],"author":[{"embeddable":true,"href":"https:\/\/vittra.se\/sodermalm\/wp-json\/wp\/v2\/users\/1"}],"replies":[{"embeddable":true,"href":"https:\/\/vittra.se\/sodermalm\/wp-json\/wp\/v2\/comments?post=32"}],"version-history":[{"count":9,"href":"https:\/\/vittra.se\/sodermalm\/wp-json\/wp\/v2\/pages\/32\/revisions"}],"predecessor-version":[{"id":1791,"href":"https:\/\/vittra.se\/sodermalm\/wp-json\/wp\/v2\/pages\/32\/revisions\/1791"}],"up":[{"embeddable":true,"href":"https:\/\/vittra.se\/sodermalm\/wp-json\/wp\/v2\/pages\/20"}],"wp:attachment":[{"href":"https:\/\/vittra.se\/sodermalm\/wp-json\/wp\/v2\/media?parent=32"}],"curies":[{"name":"wp","href":"https:\/\/api.w.org\/{rel}","templated":true}]}}