{"id":292,"date":"2020-10-12T09:33:07","date_gmt":"2020-10-12T07:33:07","guid":{"rendered":"https:\/\/vittra.se\/sodermalm\/?page_id=292"},"modified":"2024-03-27T08:12:21","modified_gmt":"2024-03-27T07:12:21","slug":"elevhalsa","status":"publish","type":"page","link":"https:\/\/vittra.se\/sodermalm\/om\/elevhalsa\/","title":{"rendered":"Elevh\u00e4lsa"},"content":{"rendered":"\n<div class=\"wp-block-columns is-layout-flex wp-container-core-columns-layout-1 wp-block-columns-is-layout-flex\">\n<div class=\"wp-block-column is-layout-flow wp-block-column-is-layout-flow\" style=\"flex-basis:66.66%\">\n<h1 class=\"wp-block-heading\">Elevh\u00e4lsa p\u00e5 Vittra S\u00f6dermalm<\/h1>\n\n\n\n\t<div class=\"module_wrapper ams_remote_pages_module \">\n\t\t\t\t\t\t\t<div class=\"container acf-preamble\">\n\t\t\t\t\t\t<div class=\"row\">\n\t\t\t\t\t\t\t<div class=\"col-12\">\n\t\t\t\t\t\t\t\t\n<p   class=\"site__ingress container text-left  site__text-color--dark  site__free_text--ingress p-0\">\n\tF\u00f6r oss p\u00e5 Vittra \u00e4r ditt barns h\u00e4lsa viktig. Elevh\u00e4lsan ska tillsammans med skolans l\u00e4rare och \u00f6vrig personal se till att eleverna har en s\u00e5 bra skol- och l\u00e4randemilj\u00f6 som m\u00f6jligt, b\u00e5de f\u00f6r sin kunskapsutveckling och f\u00f6r sin personliga och sociala utveckling. \r\n<\/p>\n\n\n\t\t\t\t\t\t\t<\/div>\n\t\t\t\t\t\t<\/div>\n\t\t\t\t\t<\/div>\n\t\t\t\t\t\t\t\t\t\t<div class=\"container core-heading\">\n\t\t\t\t\t\t<div class=\"row\">\n\t\t\t\t\t\t\t<div class=\"col-12\">\n\t\t\t\t\t\t\t\t\n<h2 class=\"wp-block-heading\">Vad g\u00f6r elevh\u00e4lsan?<\/h2>\n\t\t\t\t\t\t\t<\/div>\n\t\t\t\t\t\t<\/div>\n\t\t\t\t\t<\/div>\n\t\t\t\t\t\t\t\t\t\t<div class=\"container core-paragraph\">\n\t\t\t\t\t\t<div class=\"row\">\n\t\t\t\t\t\t\t<div class=\"col-12\">\n\t\t\t\t\t\t\t\t\n<p>V\u00e5rt elevh\u00e4lsoteam p\u00e5 skolan best\u00e5r av specialpedagoger, skolkurator, skolsk\u00f6terska, skoll\u00e4kare, skolpsykolog och rektor. Ett elevh\u00e4lsoteam finns p\u00e5 skolan med uppdraget att ge elever de resurser som beh\u00f6vs f\u00f6r att underl\u00e4tta och hj\u00e4lpa inl\u00e4rning och utveckling. Det inneb\u00e4r att du som elev kan komma i kontakt med elevh\u00e4lsan om du exempelvis beh\u00f6ver extra st\u00f6ttning. Du kan l\u00e4sa mer om v\u00e5rt <a href=\"https:\/\/vittra.se\/om\/kvalitet\/\" target=\"_blank\" rel=\"noreferrer noopener\">kvalitetsarbete<\/a> och hur vi arbetar med barnens utveckling.<\/p>\n\t\t\t\t\t\t\t<\/div>\n\t\t\t\t\t\t<\/div>\n\t\t\t\t\t<\/div>\n\t\t\t\t\t\t\t\t\t\t<div class=\"container core-heading\">\n\t\t\t\t\t\t<div class=\"row\">\n\t\t\t\t\t\t\t<div class=\"col-12\">\n\t\t\t\t\t\t\t\t\n<h3 class=\"wp-block-heading\">Specialpedagogen<\/h3>\n\t\t\t\t\t\t\t<\/div>\n\t\t\t\t\t\t<\/div>\n\t\t\t\t\t<\/div>\n\t\t\t\t\t\t\t\t\t\t<div class=\"container core-paragraph\">\n\t\t\t\t\t\t<div class=\"row\">\n\t\t\t\t\t\t\t<div class=\"col-12\">\n\t\t\t\t\t\t\t\t\n<p>Arbetar i n\u00e4ra samarbete med l\u00e4rare med att kartl\u00e4gga, f\u00f6rebygga och undanr\u00f6ja hinder f\u00f6r l\u00e4rande, planera och genomf\u00f6ra extra anpassningar. De har ocks\u00e5 en central roll i att kartl\u00e4gga elevers behov av s\u00e4rskilt st\u00f6d och uppr\u00e4tta \u00e5tg\u00e4rdsprogram.<\/p>\n\t\t\t\t\t\t\t<\/div>\n\t\t\t\t\t\t<\/div>\n\t\t\t\t\t<\/div>\n\t\t\t\t\t\t\t\t\t\t<div class=\"container core-heading\">\n\t\t\t\t\t\t<div class=\"row\">\n\t\t\t\t\t\t\t<div class=\"col-12\">\n\t\t\t\t\t\t\t\t\n<h3 class=\"wp-block-heading\">Kuratorn&nbsp;<\/h3>\n\t\t\t\t\t\t\t<\/div>\n\t\t\t\t\t\t<\/div>\n\t\t\t\t\t<\/div>\n\t\t\t\t\t\t\t\t\t\t<div class=\"container core-paragraph\">\n\t\t\t\t\t\t<div class=\"row\">\n\t\t\t\t\t\t\t<div class=\"col-12\">\n\t\t\t\t\t\t\t\t\n<p>Fungerar som ett st\u00f6d i det pedagogiska arbetet. Kuratorn arbetar med skolans v\u00e4rdegrundsfr\u00e5gor och likabehandlingsarbete samt elevens l\u00e4rande, h\u00e4lsa, trivsel f\u00f6r att motverka kr\u00e4nkningar och diskriminering.&nbsp;<\/p>\n\t\t\t\t\t\t\t<\/div>\n\t\t\t\t\t\t<\/div>\n\t\t\t\t\t<\/div>\n\t\t\t\t\t\t\t\t\t\t<div class=\"container core-heading\">\n\t\t\t\t\t\t<div class=\"row\">\n\t\t\t\t\t\t\t<div class=\"col-12\">\n\t\t\t\t\t\t\t\t\n<h3 class=\"wp-block-heading\">Skolpsykologen&nbsp;<\/h3>\n\t\t\t\t\t\t\t<\/div>\n\t\t\t\t\t\t<\/div>\n\t\t\t\t\t<\/div>\n\t\t\t\t\t\t\t\t\t\t<div class=\"container core-paragraph\">\n\t\t\t\t\t\t<div class=\"row\">\n\t\t\t\t\t\t\t<div class=\"col-12\">\n\t\t\t\t\t\t\t\t\n<p>Samverkar med pedagogisk personal, genom konsultation och utbildning. Genomf\u00f6r bed\u00f6mningar och utredningar f\u00f6r att uppt\u00e4cka psykologiska eller inl\u00e4rningsm\u00e4ssiga hinder, samt f\u00f6resl\u00e5r anpassningar och \u00e5tg\u00e4rder.\u00a0<\/p>\n\t\t\t\t\t\t\t<\/div>\n\t\t\t\t\t\t<\/div>\n\t\t\t\t\t<\/div>\n\t\t\t\t\t\t<\/div>\n\n\t<\/div>\n\n\n\n<div class=\"wp-block-column is-layout-flow wp-block-column-is-layout-flow\" style=\"flex-basis:33.33%\"><div   id=\"page-relative-menu\" class=\"site__font-monospace   container_width--full_width_conIcon   d-none d-lg-block  \">\n\n\t\t\t\n<\/div>\n<\/div>\n<\/div>\n\n\n\n\t\n\t\n\t\n\n\t\n\t\n\t\t\n<section  class=\"c-block l-stacked  \" data-color-scheme=\"transparent\">\n\t<div class=\"ams-fifty ams-fifty--container ams-fifty--left ams-fifty--top l-container u-pt-fluid-None u-pb-fluid-3xl-6xl\">\n\t\t<div class=\"ams-fifty__content l-stack l-stack-xl is-left is-left@lg\">\n\t\t\t<div class=\"ams-fifty__text l-stack l-stack-lg\">\n\t\t\t\t\t\n\t<h2\n\tclass=\"c-heading u-font-title-1 \"\n\tstyle=\"\">\n\t\t\n\t\t\t\t\tMedicinsk insats\n\t\t\t\t\n\t<\/h2>\n\n\t\t\t\t\t\t\t\t\t<div class=\"text l-stack u-font-body\">\n\t\t\t\t\t\t<p>Skolsk\u00f6terskan utf\u00f6r vaccinationer enligt <a href=\"https:\/\/www.folkhalsomyndigheten.se\/smittskydd-beredskap\/vaccinationer\/nationella-vaccinationsprogram\/barnvaccinationsprogram\/\" target=\"_blank\" rel=\"noopener\">nationella vaccinationsprogrammet (\u00f6ppnas i nytt f\u00f6nster)<\/a> och finns d\u00e4r f\u00f6r v\u00e5ra elever med uppgift att h\u00e5lla ett medicinskt fokus i elevh\u00e4lsoteamet och d\u00e4rmed i hela skolan.<\/p>\n<p>V\u00e5rt elevh\u00e4lsoteam best\u00e5r ocks\u00e5 av en skoll\u00e4kare som tr\u00e4ffar elever f\u00f6r medicinsk bed\u00f6mning och kompetens i elevh\u00e4lsoarbetet.<\/p>\n<p>\u00d6ppen mottagning erbjuds f\u00f6r att eleven sj\u00e4lv ska ges m\u00f6jlighet att s\u00f6ka upp skolsk\u00f6terskan f\u00f6r r\u00e5dgivning g\u00e4llande h\u00e4lsofr\u00e5gor och egenv\u00e5rd, dvs. de \u00e5tg\u00e4rder som den enskilde sj\u00e4lv kan vidta vid enkla, vanliga sjukdomar och skador.<\/p>\n<h3>H\u00e4lsobes\u00f6k i grundskolan<\/h3>\n<p>I grundskolan erbjuds eleverna tre h\u00e4lsobes\u00f6k som innefattar allm\u00e4nna h\u00e4lsokontroller och h\u00e4lsosamtal. I \u00e5rskurs 6 erbjuds eleverna en tillv\u00e4xtkontroll.<\/p>\n<p>\u00c5rskurs 4: H\u00e4lsobes\u00f6k med ett h\u00e4lsosamtal samt unders\u00f6kning av l\u00e4ngd, vikt och rygg.<\/p>\n<p>\u00c5rskurs 6: Tillv\u00e4xtkontroll: l\u00e4ngd, vikt och rygg.<\/p>\n<p>\u00c5rskurs 8: H\u00e4lsobes\u00f6k med ett h\u00e4lsosamtal samt unders\u00f6kning av l\u00e4ngd, vikt och rygg.<\/p>\n\n\t\t\t\t\t<\/div>\n\t\t\t\t\t\t\t<\/div>\n\n\t\t\t\t\t<\/div>\n\n\t\t <div class=\"ams-fifty__media u-ratio-square\">\n\t\t \t\t\t\t\t<img decoding=\"async\" width=\"600\" height=\"400\" src=\"https:\/\/vittra.se\/wp-content\/uploads\/sites\/22\/2023\/11\/vittrasamsetfotoak697ret.jpg\" class=\"attachment-md size-md\" alt=\"Glada h\u00f6gstadieelever sitter runt ett bord och studerar\" sizes=\"(min-width: 64em) 600px, calc(100vw - 160px)\" srcset=\"https:\/\/vittra.se\/wp-content\/uploads\/sites\/22\/2023\/11\/vittrasamsetfotoak697ret.jpg 1980w, https:\/\/vittra.se\/wp-content\/uploads\/sites\/22\/2023\/11\/vittrasamsetfotoak697ret-300x200.jpg 300w, https:\/\/vittra.se\/wp-content\/uploads\/sites\/22\/2023\/11\/vittrasamsetfotoak697ret-1024x683.jpg 1024w, https:\/\/vittra.se\/wp-content\/uploads\/sites\/22\/2023\/11\/vittrasamsetfotoak697ret-768x512.jpg 768w, https:\/\/vittra.se\/wp-content\/uploads\/sites\/22\/2023\/11\/vittrasamsetfotoak697ret-1536x1024.jpg 1536w, https:\/\/vittra.se\/wp-content\/uploads\/sites\/22\/2023\/11\/vittrasamsetfotoak697ret-1920x1280.jpg 1920w, https:\/\/vittra.se\/wp-content\/uploads\/sites\/22\/2023\/11\/vittrasamsetfotoak697ret-500x333.jpg 500w, https:\/\/vittra.se\/wp-content\/uploads\/sites\/22\/2023\/11\/vittrasamsetfotoak697ret-340x227.jpg 340w, https:\/\/vittra.se\/wp-content\/uploads\/sites\/22\/2023\/11\/vittrasamsetfotoak697ret-1100x733.jpg 1100w, https:\/\/vittra.se\/wp-content\/uploads\/sites\/22\/2023\/11\/vittrasamsetfotoak697ret-1000x667.jpg 1000w\" \/>\n\t\t\t\n\t\t\t\n\t\t\t\t\t<\/div>\n\t<\/div>\n\n\t\t\n\n<\/section>\n\n\n\n\n<section  class=\"ams-cta ams-cta--stacked c-block l-stacked\" data-color-scheme=\"nyans1_av_p2\">\n\t<div class=\"l-container l-stack l-stack-fluid-2xl u-pt-fluid-3xl-6xl u-pb-fluid-3xl-6xl is-center is-center@md\">\n\t\t\t\t\t<div class=\"ams-cta__intro l-stack l-stack-lg\">\n\t\t\t\t\t\n\t<h2\n\tclass=\"c-heading u-font-title-1 \"\n\tstyle=\"\">\n\t\t\n\t\t\t\t\tHar du fr\u00e5gor om elevh\u00e4lsan p\u00e5 Vittra S\u00f6dermalm?\n\t\t\t\t\n\t<\/h2>\n\n\t\t\t\t\t\t\t\t\t<div class=\"c-text l-stack u-cs-xl u-font-body\">\n\t\t\t\t\t\t<p>Du \u00e4r alltid v\u00e4lkommen att kontakta oss om du har n\u00e5gra fr\u00e5gor. H\u00e4r kan du ocks\u00e5 se vilka roller som ing\u00e5r i v\u00e5rt elevh\u00e4lsoteam.<\/p>\n\n\t\t\t\t\t<\/div>\n\t\t\t\t\t\t\t<\/div>\n\t\t\n\t\t\n\t\t\t<div class=\"ams-cta__action u-inline-items\">\n\t\t\t\t\t\t\t\n\n\n<a href=\"https:\/\/vittra.se\/sodermalm\/kontakt\"\n\t\n\tclass=\"c-btn \"\n\tdata-style=\"round\"\n\tdata-size=\"md\"\n\tdata-width=\"full-mobile\"\n\tdata-variant=\"default\"\n\ttarget=\"_self\">\n\t\t\t<span class=\"label\"> Kontakta oss<\/span>\n\t\t\t<\/a>\n\t\t\t<\/div>\n\t<\/div>\n\n\t\t\n\n<\/section>\n\n\n<div   id=\"page-relative-menu\" class=\"site__font-monospace   container_width--full_width_conIcon   d-lg-none  \">\n\n\t\t\t\n<\/div>\n","protected":false},"excerpt":{"rendered":"<p>Elevh\u00e4lsa p\u00e5 Vittra S\u00f6dermalm<\/p>\n","protected":false},"author":1,"featured_media":0,"parent":20,"menu_order":0,"comment_status":"closed","ping_status":"closed","template":"","meta":{"footnotes":""},"yoast_head":"<!-- This site is optimized with the Yoast SEO plugin v22.0 - https:\/\/yoast.com\/wordpress\/plugins\/seo\/ -->\n<title>S\u00f6dermalm<\/title>\n<meta name=\"robots\" content=\"index, follow, max-snippet:-1, max-image-preview:large, max-video-preview:-1\" \/>\n<link rel=\"canonical\" href=\"https:\/\/vittra.se\/sodermalm\/om\/elevhalsa\/\" \/>\n<meta property=\"og:locale\" content=\"sv_SE\" \/>\n<meta property=\"og:type\" content=\"article\" \/>\n<meta property=\"og:url\" content=\"https:\/\/vittra.se\/sodermalm\/om\/elevhalsa\/\" \/>\n<meta property=\"og:site_name\" content=\"S\u00f6dermalm\" \/>\n<meta property=\"article:modified_time\" content=\"2024-03-27T07:12:21+00:00\" \/>\n<meta name=\"twitter:card\" content=\"summary_large_image\" \/>\n<meta name=\"twitter:label1\" content=\"Ber\u00e4knad l\u00e4stid\" \/>\n\t<meta name=\"twitter:data1\" content=\"1 minut\" \/>\n<script type=\"application\/ld+json\" class=\"yoast-schema-graph\">{\"@context\":\"https:\/\/schema.org\",\"@graph\":[{\"@type\":\"WebPage\",\"@id\":\"https:\/\/vittra.se\/sodermalm\/om\/elevhalsa\/\",\"url\":\"https:\/\/vittra.se\/sodermalm\/om\/elevhalsa\/\",\"name\":\"Elevh\u00e4lsa - S\u00f6dermalm\",\"isPartOf\":{\"@id\":\"https:\/\/vittra.se\/sodermalm\/#website\"},\"datePublished\":\"2020-10-12T07:33:07+00:00\",\"dateModified\":\"2024-03-27T07:12:21+00:00\",\"breadcrumb\":{\"@id\":\"https:\/\/vittra.se\/sodermalm\/om\/elevhalsa\/#breadcrumb\"},\"inLanguage\":\"sv-SE\",\"potentialAction\":[{\"@type\":\"ReadAction\",\"target\":[\"https:\/\/vittra.se\/sodermalm\/om\/elevhalsa\/\"]}]},{\"@type\":\"BreadcrumbList\",\"@id\":\"https:\/\/vittra.se\/sodermalm\/om\/elevhalsa\/#breadcrumb\",\"itemListElement\":[{\"@type\":\"ListItem\",\"position\":1,\"name\":\"Start\",\"item\":\"https:\/\/vittra.se\/sodermalm\/\"},{\"@type\":\"ListItem\",\"position\":2,\"name\":\"Om skolan\",\"item\":\"https:\/\/vittra.se\/sodermalm\/om\/\"},{\"@type\":\"ListItem\",\"position\":3,\"name\":\"Elevh\u00e4lsa\"}]},{\"@type\":\"WebSite\",\"@id\":\"https:\/\/vittra.se\/sodermalm\/#website\",\"url\":\"https:\/\/vittra.se\/sodermalm\/\",\"name\":\"S\u00f6dermalm\",\"description\":\"Kunskap att f\u00f6r\u00e4ndra. Mod att p\u00e5verka.\",\"potentialAction\":[{\"@type\":\"SearchAction\",\"target\":{\"@type\":\"EntryPoint\",\"urlTemplate\":\"https:\/\/vittra.se\/sodermalm\/?s={search_term_string}\"},\"query-input\":\"required name=search_term_string\"}],\"inLanguage\":\"sv-SE\"}]}<\/script>\n<!-- \/ Yoast SEO plugin. -->","yoast_head_json":{"title":"S\u00f6dermalm","robots":{"index":"index","follow":"follow","max-snippet":"max-snippet:-1","max-image-preview":"max-image-preview:large","max-video-preview":"max-video-preview:-1"},"canonical":"https:\/\/vittra.se\/sodermalm\/om\/elevhalsa\/","og_locale":"sv_SE","og_type":"article","og_url":"https:\/\/vittra.se\/sodermalm\/om\/elevhalsa\/","og_site_name":"S\u00f6dermalm","article_modified_time":"2024-03-27T07:12:21+00:00","twitter_card":"summary_large_image","twitter_misc":{"Ber\u00e4knad l\u00e4stid":"1 minut"},"schema":{"@context":"https:\/\/schema.org","@graph":[{"@type":"WebPage","@id":"https:\/\/vittra.se\/sodermalm\/om\/elevhalsa\/","url":"https:\/\/vittra.se\/sodermalm\/om\/elevhalsa\/","name":"Elevh\u00e4lsa - S\u00f6dermalm","isPartOf":{"@id":"https:\/\/vittra.se\/sodermalm\/#website"},"datePublished":"2020-10-12T07:33:07+00:00","dateModified":"2024-03-27T07:12:21+00:00","breadcrumb":{"@id":"https:\/\/vittra.se\/sodermalm\/om\/elevhalsa\/#breadcrumb"},"inLanguage":"sv-SE","potentialAction":[{"@type":"ReadAction","target":["https:\/\/vittra.se\/sodermalm\/om\/elevhalsa\/"]}]},{"@type":"BreadcrumbList","@id":"https:\/\/vittra.se\/sodermalm\/om\/elevhalsa\/#breadcrumb","itemListElement":[{"@type":"ListItem","position":1,"name":"Start","item":"https:\/\/vittra.se\/sodermalm\/"},{"@type":"ListItem","position":2,"name":"Om skolan","item":"https:\/\/vittra.se\/sodermalm\/om\/"},{"@type":"ListItem","position":3,"name":"Elevh\u00e4lsa"}]},{"@type":"WebSite","@id":"https:\/\/vittra.se\/sodermalm\/#website","url":"https:\/\/vittra.se\/sodermalm\/","name":"S\u00f6dermalm","description":"Kunskap att f\u00f6r\u00e4ndra. Mod att p\u00e5verka.","potentialAction":[{"@type":"SearchAction","target":{"@type":"EntryPoint","urlTemplate":"https:\/\/vittra.se\/sodermalm\/?s={search_term_string}"},"query-input":"required name=search_term_string"}],"inLanguage":"sv-SE"}]}},"_links":{"self":[{"href":"https:\/\/vittra.se\/sodermalm\/wp-json\/wp\/v2\/pages\/292"}],"collection":[{"href":"https:\/\/vittra.se\/sodermalm\/wp-json\/wp\/v2\/pages"}],"about":[{"href":"https:\/\/vittra.se\/sodermalm\/wp-json\/wp\/v2\/types\/page"}],"author":[{"embeddable":true,"href":"https:\/\/vittra.se\/sodermalm\/wp-json\/wp\/v2\/users\/1"}],"replies":[{"embeddable":true,"href":"https:\/\/vittra.se\/sodermalm\/wp-json\/wp\/v2\/comments?post=292"}],"version-history":[{"count":10,"href":"https:\/\/vittra.se\/sodermalm\/wp-json\/wp\/v2\/pages\/292\/revisions"}],"predecessor-version":[{"id":1230,"href":"https:\/\/vittra.se\/sodermalm\/wp-json\/wp\/v2\/pages\/292\/revisions\/1230"}],"up":[{"embeddable":true,"href":"https:\/\/vittra.se\/sodermalm\/wp-json\/wp\/v2\/pages\/20"}],"wp:attachment":[{"href":"https:\/\/vittra.se\/sodermalm\/wp-json\/wp\/v2\/media?parent=292"}],"curies":[{"name":"wp","href":"https:\/\/api.w.org\/{rel}","templated":true}]}}