{"id":1629,"date":"2026-02-19T14:03:38","date_gmt":"2026-02-19T13:03:38","guid":{"rendered":"https:\/\/vittra.se\/sodermalm\/?page_id=1629"},"modified":"2026-04-22T10:01:34","modified_gmt":"2026-04-22T08:01:34","slug":"fotbollsprofil","status":"publish","type":"page","link":"https:\/\/vittra.se\/sodermalm\/fotbollsprofil\/","title":{"rendered":"Fotbollsprofil"},"content":{"rendered":"\n\t\n\t\n\t\n\n\t\n\t\n\t\t\n<section  class=\"c-block l-stacked  \" data-color-scheme=\"\">\n\t<div class=\"ams-fifty ams-fifty--container ams-fifty--right ams-fifty--bottom l-container u-pt-fluid-2xl-4xl u-pb-fluid-md-xl\">\n\t\t<div class=\"ams-fifty__content l-stack l-stack-xl is-left is-left@lg\">\n\t\t\t<div class=\"ams-fifty__text l-stack l-stack-lg\">\n\t\t\t\t\t\n\t<h2\n\tclass=\"c-heading u-font-title-1 \"\n\tstyle=\"\">\n\t\t\n\t\t\t\t\tFotbollsprofil p\u00e5 Vittra S\u00f6dermalm\n\t\t\t\t\n\t<\/h2>\n\n\t\t\t\t\t\t\t\t\t<div class=\"text l-stack u-font-body\">\n\t\t\t\t\t\t<p>P\u00e5 Vittra S\u00f6dermalm kan alla elever i \u00e5rskurs 4\u20139 v\u00e4lja v\u00e5r fotbollsprofil. H\u00e4r kombineras en seri\u00f6s fotbollssatsning med en trygg och kunskapsfokuserad skolg\u00e5ng. Fotbollsprofilen \u00e4r uppdelad p\u00e5 en fotbollsinriktning f\u00f6r \u00e5k 4-6, samt f\u00f6r \u00e5k 7-9 och en certifierad profil f\u00f6r \u00e5k 7-9. Den certifierade profilen \u00e4r certifierade av Svenska Fotbollsf\u00f6rbundet, en kvalitetsst\u00e4mpel som s\u00e4kerst\u00e4ller en genomt\u00e4nkt och l\u00e5ngsiktig fotbollsutbildning.<\/p>\n<p>&nbsp;<\/p>\n\n\t\t\t\t\t<\/div>\n\t\t\t\t\t\t\t<\/div>\n\n\t\t\t\t\t<\/div>\n\n\t\t <div class=\"ams-fifty__media u-ratio-widescreen\">\n\t\t \t\t\t\t\t<img decoding=\"async\" width=\"600\" height=\"750\" src=\"https:\/\/vittra.se\/wp-content\/uploads\/sites\/22\/2026\/02\/namnlos-design-6-600x750.png\" class=\"attachment-md size-md\" alt=\"st\u00e4mpel certifierad fotbollsprofil\" sizes=\"(min-width: 64em) 600px, calc(100vw - 160px)\" srcset=\"https:\/\/vittra.se\/wp-content\/uploads\/sites\/22\/2026\/02\/namnlos-design-6-600x750.png 600w, https:\/\/vittra.se\/wp-content\/uploads\/sites\/22\/2026\/02\/namnlos-design-6-300x375.png 300w, https:\/\/vittra.se\/wp-content\/uploads\/sites\/22\/2026\/02\/namnlos-design-6-400x500.png 400w, https:\/\/vittra.se\/wp-content\/uploads\/sites\/22\/2026\/02\/namnlos-design-6-800x1000.png 800w, https:\/\/vittra.se\/wp-content\/uploads\/sites\/22\/2026\/02\/namnlos-design-6-1024x1280.png 1024w, https:\/\/vittra.se\/wp-content\/uploads\/sites\/22\/2026\/02\/namnlos-design-6.png 1080w\" \/>\n\t\t\t\n\t\t\t\n\t\t\t\t\t<\/div>\n\t<\/div>\n\n\t\t\n\n<\/section>\n\n\n\n\t\n\t\n\t\n\n\t\n\t\n\t\t\n<section  class=\"c-block l-stacked  \" data-color-scheme=\"\">\n\t<div class=\"ams-fifty ams-fifty--container ams-fifty--left ams-fifty--bottom l-container u-pt-fluid-md-xl u-pb-fluid-md-xl\">\n\t\t<div class=\"ams-fifty__content l-stack l-stack-xl is-left is-left@lg\">\n\t\t\t<div class=\"ams-fifty__text l-stack l-stack-lg\">\n\t\t\t\t\t\n\t<h2\n\tclass=\"c-heading u-font-title-2 \"\n\tstyle=\"\">\n\t\t\n\t\t\t\t\tTr\u00e4ning och skola \u2013 det b\u00e4sta av tv\u00e5 v\u00e4rldar\n\t\t\t\t\n\t<\/h2>\n\n\t\t\t\t\t\t\t\t\t<div class=\"text l-stack u-font-body\">\n\t\t\t\t\t\t<p class=\"p2\">Fotbollsprofilen \u00e4r i anslutning till skoldagen, vilket inneb\u00e4r att eleverna har kvar all sin garanterade undervisningstid enligt Skolverkets riktlinjer. Tr\u00e4ningen sker p\u00e5 morgonen eller eftermiddagen, vilket ger en energifylld start eller ett roligt avslut p\u00e5 dagen utan att inkr\u00e4kta p\u00e5 skolarbetet. Ditt barn f\u00e5r m\u00f6jlighet att en eller tv\u00e5 g\u00e5nger i veckan (beroende p\u00e5 \u00e5rskurs), spela fotboll och l\u00e4ra sig mer teoretiskt f\u00f6r att bli en b\u00e4ttre fotbollsspelare.<\/p>\n<p><b>Fotbollsinriktning \u00e5k 4-6: <\/b>Vittra S\u00f6dermalm<br \/>\n<b>Tr\u00e4ning:<\/b> Tr\u00e4ning sker tv\u00e5 g\u00e5ng i veckan, i anslutning till skoldagens slut.<\/p>\n<p class=\"p2\"><b>Fotbollsinriktning \u00e5k 7-9: <\/b>Hammarby idrottsplats (Kanalplan)<br \/>\n<b>Tr\u00e4ning:<\/b> Tr\u00e4ning sker en g\u00e5ng i veckan, i anslutning till skoldagens b\u00f6rjan.<\/p>\n<p><b>Certifierad profil \u00e5k 7-9: <\/b>Hammarby idrottsplats (Kanalplan)<br \/>\n<b>Tr\u00e4ning:<\/b> Tr\u00e4ning sker tv\u00e5 g\u00e5nger i veckan, i anslutning till skoldagens b\u00f6rjan.<\/p>\n\n\t\t\t\t\t<\/div>\n\t\t\t\t\t\t\t<\/div>\n\n\t\t\t\t\t<\/div>\n\n\t\t <div class=\"ams-fifty__media u-ratio-landscape\">\n\t\t \t\t\t\t\t<img decoding=\"async\" width=\"600\" height=\"400\" src=\"https:\/\/vittra.se\/wp-content\/uploads\/sites\/22\/2026\/02\/sodermalm-600x400.png\" class=\"attachment-md size-md\" alt=\"elever spelar fotboll\" sizes=\"(min-width: 64em) 600px, calc(100vw - 160px)\" srcset=\"https:\/\/vittra.se\/wp-content\/uploads\/sites\/22\/2026\/02\/sodermalm-600x400.png 600w, https:\/\/vittra.se\/wp-content\/uploads\/sites\/22\/2026\/02\/sodermalm-300x200.png 300w, https:\/\/vittra.se\/wp-content\/uploads\/sites\/22\/2026\/02\/sodermalm-400x267.png 400w, https:\/\/vittra.se\/wp-content\/uploads\/sites\/22\/2026\/02\/sodermalm-800x534.png 800w, https:\/\/vittra.se\/wp-content\/uploads\/sites\/22\/2026\/02\/sodermalm.png 1000w\" \/>\n\t\t\t\n\t\t\t\n\t\t\t\t\t<\/div>\n\t<\/div>\n\n\t\t\n\n<\/section>\n\n\n\n<h2 class=\"wp-block-heading\">Fotboll \u2013 mer \u00e4n bara ett spel<\/h2>\n\n\n\n<p>I v\u00e5r fotbollsprofil kombinerar vi fotbollstr\u00e4ning i samarbete med Karlbergs BK, med en f\u00f6rdjupad kunskap om kost, \u00e5terh\u00e4mtning och spelf\u00f6rst\u00e5else. P\u00e5 s\u00e5 s\u00e4tt utvecklas eleverna b\u00e5de fysiskt och mentalt.<\/p>\n\n\n\n<p>Fotboll handlar om s\u00e5 mycket mer \u00e4n det som sker p\u00e5 planen. Genom v\u00e5r fotbollsprofil arbetar vi aktivt med v\u00e4rdegrunds\u00f6vningar som st\u00e4rker laganda, ansvarstagande och respekt. Vi vill att v\u00e5ra elever ska v\u00e4xa b\u00e5de som spelare och som individer, och d\u00e4rf\u00f6r fokuserar vi ocks\u00e5 p\u00e5:<\/p>\n\n\n\n<p>&#8211; Hur vi st\u00f6ttar varandra p\u00e5 och utanf\u00f6r planen.<br>&#8211; Att vara f\u00f6rebilder f\u00f6r varandra och andra i v\u00e5r omgivning.<br>&#8211; Respekt f\u00f6r lagkamrater, motst\u00e5ndare och domare.<br>&#8211; Att ta ansvar f\u00f6r sin egen och lagets utveckling.<\/p>\n\n\n\n<h2 class=\"wp-block-heading\">Kompetenta tr\u00e4nare och en stark gemenskap<\/h2>\n\n\n\n<p>Fotbollsprofilen leds av Martin Mild, l\u00e4rare i idrott och h\u00e4lsa samt profilansvarig tr\u00e4nare: Martin har under flera \u00e5r varit aktiv tr\u00e4nare i Karlbergs BK. Det spelar ingen roll om eleven redan \u00e4r medlem i en f\u00f6rening eller inte \u2013 alla med ett intresse f\u00f6r fotboll \u00e4r v\u00e4lkomna!<\/p>\n\n\n\n<p>Vi str\u00e4var efter att v\u00e5ra elever ska l\u00e4mna varje tr\u00e4ning med b\u00e5de b\u00e4ttre fotbollsf\u00e4rdigheter och en st\u00e4rkt k\u00e4nsla av samh\u00f6righet och sj\u00e4lvf\u00f6rtroende. Fotboll handlar inte bara om att vinna matcher \u2013 det handlar om att v\u00e4xa som en del av ett lag, visa empati och ta ansvar f\u00f6r b\u00e5de sig sj\u00e4lv och andra.<\/p>\n\n\n\n<h2 class=\"wp-block-heading\" id=\"koanmalan\">K\u00f6anm\u00e4lan och mer information<\/h2>\n\n\n\n<p>F\u00f6r att s\u00f6ka till \u00e5rskurs 4 till 6 g\u00e4ller k\u00f6tiden. Om ditt barn blir antagen till skolan f\u00e5r ditt barn d\u00e4refter m\u00f6jlighet att v\u00e4lja fotbollsinriktning. Observera att det inte kr\u00e4vs n\u00e5gra f\u00e4rdighetsprov f\u00f6r att b\u00f6rja i \u00e5rskurs 4 till 6.<\/p>\n\n\n\n<p>Till \u00e5rskurs 7 har vi tv\u00e5 till tre klasser. Ut\u00f6ver fotbollsprofilen finns det ordinarie platser att s\u00f6ka till f\u00f6r \u00e5rskurs 7. En f\u00f6ruts\u00e4ttning f\u00f6r att kunna bli erbjuden plats \u00e4r ett godk\u00e4nt f\u00e4rdighetsprov. Detta prov sker i mars inf\u00f6r antagning varje l\u00e4s\u00e5r. Vill du veta mer om hur det g\u00e5r till \u00e4r du v\u00e4lkommen att kontakta oss eller&nbsp;<a href=\"https:\/\/vittra.se\/wp-content\/uploads\/sites\/22\/2026\/03\/vittra-sodermalm-fardighetsprov-for-fotbollsprofil-sa-gar-det-till-3.pdf\" target=\"_blank\" rel=\"noreferrer noopener\">l\u00e4sa mer h\u00e4r (pdf \u00f6ppnas i ny flik)<\/a><br>Vi uppr\u00e4ttar en reservlista f\u00f6r de elever som genomf\u00f6rt f\u00e4rdighetsprovet med godk\u00e4nt resultat men som ej f\u00e5tt plats p\u00e5 fotbollsprofilen. F\u00f6r elever som inte n\u00e5r godk\u00e4nt resultat eller vill h\u00e5lla ig\u00e5ng fotbollen utan kraven ovan erbjuder \u00e4ven en fotbollsinriktning d\u00e4r eleverna tr\u00e4nar en g\u00e5ng i veckan.<\/p>\n\n\n\n<p>Det \u00e4r enkelt att g\u00f6ra en k\u00f6anm\u00e4lan h\u00e4r p\u00e5 hemsidan, klicka p\u00e5 &#8221;K\u00f6anm\u00e4lan&#8221; i menyn uppe till h\u00f6ger. G\u00e4ller det den certifierade fotbollsprofilen f\u00f6r \u00e5k 7-9 v\u00e4ljer du \u00e5rskurs samt fotbollsprofil i k\u00f6anm\u00e4lan i Schoolsoft.<\/p>\n\n\n\n<p>Bor du i Stockholmsstad beh\u00f6ver du \u00e4ven g\u00f6ra en ans\u00f6kan i e-tj\u00e4nsten S\u00f6ka skola:<br><a href=\"https:\/\/grundskola.stockholm\/e-tjanster\/\">https:\/\/grundskola.stockholm\/e-tjanster\/<\/a><\/p>\n\n\n\n<p>Om ditt barn s\u00f6ker \u00e5rskurs 4\u20136 v\u00e4ljer du Vittra S\u00f6dermalm<br>Om ditt barn s\u00f6ker till \u00e5rskurs 7\u20139 v\u00e4ljer du \u00e5rskurs&nbsp;<strong>samt mailar oss att det \u00e4r profilen du \u00e4r intresserad av:&nbsp;<u><a href=\"mailto:sodermalm@vittra.se\">sodermalm@vittra.se<\/a><\/u><\/strong><\/p>\n\n\n\n<p><strong>Vill du veta mer \u00e4r du v\u00e4lkommen att kontakta ansvarig tr\u00e4nare och idrottsl\u00e4rare Martin Mild, martin.mild@vittra.se.<\/strong><\/p>\n\n\n\n<p>Vi ser fram emot att v\u00e4lkomna v\u00e5ra fotbollsspelare till en inspirerande och utvecklande satsning!<\/p>\n\n\n\n<div style=\"height:58px\" aria-hidden=\"true\" class=\"wp-block-spacer\"><\/div>\n","protected":false},"excerpt":{"rendered":"<p>Fotboll \u2013 mer \u00e4n bara ett spel I v\u00e5r fotbollsprofil kombinerar vi fotbollstr\u00e4ning i samarbete med Karlbergs BK, med en f\u00f6rdjupad kunskap om kost, \u00e5terh\u00e4mtning och spelf\u00f6rst\u00e5else. P\u00e5 s\u00e5 s\u00e4tt utvecklas eleverna b\u00e5de fysiskt och mentalt. Fotboll handlar om s\u00e5 mycket mer \u00e4n det som sker p\u00e5 planen. Genom v\u00e5r fotbollsprofil arbetar vi aktivt med&#8230;<\/p>\n","protected":false},"author":90,"featured_media":0,"parent":0,"menu_order":0,"comment_status":"closed","ping_status":"closed","template":"","meta":{"footnotes":""},"yoast_head":"<!-- This site is optimized with the Yoast SEO plugin v22.0 - https:\/\/yoast.com\/wordpress\/plugins\/seo\/ -->\n<title>Grundskola med fotbollsprofil \u00e5k 4\u20139 | Vittra S\u00f6dermalm<\/title>\n<meta name=\"description\" content=\"Fotbollsprofil \u00e5k 4\u20139 p\u00e5 Vittra S\u00f6dermalm. Certifierad av Svenska Fotbollsf\u00f6rbundet. Tr\u00e4ning i samarbete med Karlbergs BK.\" \/>\n<meta name=\"robots\" content=\"index, follow, max-snippet:-1, max-image-preview:large, max-video-preview:-1\" \/>\n<link rel=\"canonical\" href=\"https:\/\/vittra.se\/sodermalm\/fotbollsprofil\/\" \/>\n<meta property=\"og:locale\" content=\"sv_SE\" \/>\n<meta property=\"og:type\" content=\"article\" \/>\n<meta property=\"og:title\" content=\"Grundskola med fotbollsprofil \u00e5k 4\u20139 | Vittra S\u00f6dermalm\" \/>\n<meta property=\"og:description\" content=\"Fotbollsprofil \u00e5k 4\u20139 p\u00e5 Vittra S\u00f6dermalm. Certifierad av Svenska Fotbollsf\u00f6rbundet. Tr\u00e4ning i samarbete med Karlbergs BK.\" \/>\n<meta property=\"og:url\" content=\"https:\/\/vittra.se\/sodermalm\/fotbollsprofil\/\" \/>\n<meta property=\"og:site_name\" content=\"S\u00f6dermalm\" \/>\n<meta property=\"article:modified_time\" content=\"2026-04-22T08:01:34+00:00\" \/>\n<meta name=\"twitter:card\" content=\"summary_large_image\" \/>\n<meta name=\"twitter:title\" content=\"Grundskola med fotbollsprofil \u00e5k 4\u20139 | Vittra S\u00f6dermalm\" \/>\n<meta name=\"twitter:description\" content=\"Fotbollsprofil \u00e5k 4\u20139 p\u00e5 Vittra S\u00f6dermalm. Certifierad av Svenska Fotbollsf\u00f6rbundet. Tr\u00e4ning i samarbete med Karlbergs BK.\" \/>\n<meta name=\"twitter:label1\" content=\"Ber\u00e4knad l\u00e4stid\" \/>\n\t<meta name=\"twitter:data1\" content=\"3 minuter\" \/>\n<script type=\"application\/ld+json\" class=\"yoast-schema-graph\">{\"@context\":\"https:\/\/schema.org\",\"@graph\":[{\"@type\":\"WebPage\",\"@id\":\"https:\/\/vittra.se\/sodermalm\/fotbollsprofil\/\",\"url\":\"https:\/\/vittra.se\/sodermalm\/fotbollsprofil\/\",\"name\":\"Grundskola med fotbollsprofil \u00e5k 4\u20139 | Vittra S\u00f6dermalm\",\"isPartOf\":{\"@id\":\"https:\/\/vittra.se\/sodermalm\/#website\"},\"datePublished\":\"2026-02-19T13:03:38+00:00\",\"dateModified\":\"2026-04-22T08:01:34+00:00\",\"description\":\"Fotbollsprofil \u00e5k 4\u20139 p\u00e5 Vittra S\u00f6dermalm. Certifierad av Svenska Fotbollsf\u00f6rbundet. Tr\u00e4ning i samarbete med Karlbergs BK.\",\"breadcrumb\":{\"@id\":\"https:\/\/vittra.se\/sodermalm\/fotbollsprofil\/#breadcrumb\"},\"inLanguage\":\"sv-SE\",\"potentialAction\":[{\"@type\":\"ReadAction\",\"target\":[\"https:\/\/vittra.se\/sodermalm\/fotbollsprofil\/\"]}]},{\"@type\":\"BreadcrumbList\",\"@id\":\"https:\/\/vittra.se\/sodermalm\/fotbollsprofil\/#breadcrumb\",\"itemListElement\":[{\"@type\":\"ListItem\",\"position\":1,\"name\":\"Start\",\"item\":\"https:\/\/vittra.se\/sodermalm\/\"},{\"@type\":\"ListItem\",\"position\":2,\"name\":\"Fotbollsprofil\"}]},{\"@type\":\"WebSite\",\"@id\":\"https:\/\/vittra.se\/sodermalm\/#website\",\"url\":\"https:\/\/vittra.se\/sodermalm\/\",\"name\":\"S\u00f6dermalm\",\"description\":\"Kunskap att f\u00f6r\u00e4ndra. Mod att p\u00e5verka.\",\"potentialAction\":[{\"@type\":\"SearchAction\",\"target\":{\"@type\":\"EntryPoint\",\"urlTemplate\":\"https:\/\/vittra.se\/sodermalm\/?s={search_term_string}\"},\"query-input\":\"required name=search_term_string\"}],\"inLanguage\":\"sv-SE\"}]}<\/script>\n<!-- \/ Yoast SEO plugin. -->","yoast_head_json":{"title":"Grundskola med fotbollsprofil \u00e5k 4\u20139 | Vittra S\u00f6dermalm","description":"Fotbollsprofil \u00e5k 4\u20139 p\u00e5 Vittra S\u00f6dermalm. Certifierad av Svenska Fotbollsf\u00f6rbundet. Tr\u00e4ning i samarbete med Karlbergs BK.","robots":{"index":"index","follow":"follow","max-snippet":"max-snippet:-1","max-image-preview":"max-image-preview:large","max-video-preview":"max-video-preview:-1"},"canonical":"https:\/\/vittra.se\/sodermalm\/fotbollsprofil\/","og_locale":"sv_SE","og_type":"article","og_title":"Grundskola med fotbollsprofil \u00e5k 4\u20139 | Vittra S\u00f6dermalm","og_description":"Fotbollsprofil \u00e5k 4\u20139 p\u00e5 Vittra S\u00f6dermalm. Certifierad av Svenska Fotbollsf\u00f6rbundet. Tr\u00e4ning i samarbete med Karlbergs BK.","og_url":"https:\/\/vittra.se\/sodermalm\/fotbollsprofil\/","og_site_name":"S\u00f6dermalm","article_modified_time":"2026-04-22T08:01:34+00:00","twitter_card":"summary_large_image","twitter_title":"Grundskola med fotbollsprofil \u00e5k 4\u20139 | Vittra S\u00f6dermalm","twitter_description":"Fotbollsprofil \u00e5k 4\u20139 p\u00e5 Vittra S\u00f6dermalm. Certifierad av Svenska Fotbollsf\u00f6rbundet. Tr\u00e4ning i samarbete med Karlbergs BK.","twitter_misc":{"Ber\u00e4knad l\u00e4stid":"3 minuter"},"schema":{"@context":"https:\/\/schema.org","@graph":[{"@type":"WebPage","@id":"https:\/\/vittra.se\/sodermalm\/fotbollsprofil\/","url":"https:\/\/vittra.se\/sodermalm\/fotbollsprofil\/","name":"Grundskola med fotbollsprofil \u00e5k 4\u20139 | Vittra S\u00f6dermalm","isPartOf":{"@id":"https:\/\/vittra.se\/sodermalm\/#website"},"datePublished":"2026-02-19T13:03:38+00:00","dateModified":"2026-04-22T08:01:34+00:00","description":"Fotbollsprofil \u00e5k 4\u20139 p\u00e5 Vittra S\u00f6dermalm. Certifierad av Svenska Fotbollsf\u00f6rbundet. Tr\u00e4ning i samarbete med Karlbergs BK.","breadcrumb":{"@id":"https:\/\/vittra.se\/sodermalm\/fotbollsprofil\/#breadcrumb"},"inLanguage":"sv-SE","potentialAction":[{"@type":"ReadAction","target":["https:\/\/vittra.se\/sodermalm\/fotbollsprofil\/"]}]},{"@type":"BreadcrumbList","@id":"https:\/\/vittra.se\/sodermalm\/fotbollsprofil\/#breadcrumb","itemListElement":[{"@type":"ListItem","position":1,"name":"Start","item":"https:\/\/vittra.se\/sodermalm\/"},{"@type":"ListItem","position":2,"name":"Fotbollsprofil"}]},{"@type":"WebSite","@id":"https:\/\/vittra.se\/sodermalm\/#website","url":"https:\/\/vittra.se\/sodermalm\/","name":"S\u00f6dermalm","description":"Kunskap att f\u00f6r\u00e4ndra. Mod att p\u00e5verka.","potentialAction":[{"@type":"SearchAction","target":{"@type":"EntryPoint","urlTemplate":"https:\/\/vittra.se\/sodermalm\/?s={search_term_string}"},"query-input":"required name=search_term_string"}],"inLanguage":"sv-SE"}]}},"_links":{"self":[{"href":"https:\/\/vittra.se\/sodermalm\/wp-json\/wp\/v2\/pages\/1629"}],"collection":[{"href":"https:\/\/vittra.se\/sodermalm\/wp-json\/wp\/v2\/pages"}],"about":[{"href":"https:\/\/vittra.se\/sodermalm\/wp-json\/wp\/v2\/types\/page"}],"author":[{"embeddable":true,"href":"https:\/\/vittra.se\/sodermalm\/wp-json\/wp\/v2\/users\/90"}],"replies":[{"embeddable":true,"href":"https:\/\/vittra.se\/sodermalm\/wp-json\/wp\/v2\/comments?post=1629"}],"version-history":[{"count":10,"href":"https:\/\/vittra.se\/sodermalm\/wp-json\/wp\/v2\/pages\/1629\/revisions"}],"predecessor-version":[{"id":1810,"href":"https:\/\/vittra.se\/sodermalm\/wp-json\/wp\/v2\/pages\/1629\/revisions\/1810"}],"wp:attachment":[{"href":"https:\/\/vittra.se\/sodermalm\/wp-json\/wp\/v2\/media?parent=1629"}],"curies":[{"name":"wp","href":"https:\/\/api.w.org\/{rel}","templated":true}]}}