{"id":988,"date":"2023-04-11T13:39:48","date_gmt":"2023-04-11T11:39:48","guid":{"rendered":"https:\/\/vittra.se\/samset\/?page_id=988"},"modified":"2025-11-05T16:27:59","modified_gmt":"2025-11-05T15:27:59","slug":"vittraformagorna","status":"publish","type":"page","link":"https:\/\/vittra.se\/samset\/pedagogiska-verktyg\/vittraformagorna\/","title":{"rendered":"Vittraf\u00f6rm\u00e5gorna"},"content":{"rendered":"\n\t<div class=\"module_wrapper ams_remote_pages_module \">\n\t\t\n\t\n\t\n\t\n\n\t\n\t\n\t\t\n<section  class=\"c-block l-stacked  \" data-color-scheme=\"transparent\">\n\t<div class=\"ams-fifty ams-fifty--container ams-fifty--right ams-fifty--bottom l-container u-pt-fluid-3xl-6xl u-pb-fluid-3xl-6xl\">\n\t\t<div class=\"ams-fifty__content l-stack l-stack-xl is-left is-left@lg\">\n\t\t\t<div class=\"ams-fifty__text l-stack l-stack-lg\">\n\t\t\t\t\t\n\t<h1\n\tclass=\"c-heading u-font-title-1 \"\n\tstyle=\"\">\n\t\t\n\t\t\t\t\tVittraf\u00f6rm\u00e5gorna\n\t\t\t\t\n\t<\/h1>\n\n\t\t\t\t\t\t\t\t\t<div class=\"text l-stack u-font-body\">\n\t\t\t\t\t\t<p>Alla barn och elever ska f\u00e5 uppleva gl\u00e4djen av att l\u00e4ra sig mycket. Men det r\u00e4cker inte med att bara l\u00e4ra sig nya saker \u2013 den personliga utvecklingen \u00e4r minst lika viktig. D\u00e4rf\u00f6r jobbar vi med n\u00e5got vi kallar f\u00f6r Vittraf\u00f6rm\u00e5gorna, med fokus p\u00e5 att st\u00e4rka b\u00e5de barnens personliga utveckling, samt ge dem strategier f\u00f6r att l\u00e4ra. Detta \u00e4r en viktig del f\u00f6r att barnen ska bli medvetna om sig sj\u00e4lva och sin omv\u00e4rld.<\/p>\n<p>Vittraf\u00f6rm\u00e5gorna utg\u00f6r en viktig del i den individuella utvecklingen. Vi jobbar olika med detta beroende p\u00e5 \u00e5lder och varje barns f\u00f6ruts\u00e4ttningar. Vittraf\u00f6rm\u00e5gorna \u00e4r ocks\u00e5 givna omr\u00e5den att bearbeta och tillsammans tr\u00e4na p\u00e5 under Vittrasamlingar.<\/p>\n\n\t\t\t\t\t<\/div>\n\t\t\t\t\t\t\t<\/div>\n\n\t\t\t\t\t<\/div>\n\n\t\t <div class=\"ams-fifty__media u-ratio-widescreen\">\n\t\t \t\n\t\t\t\n\t\t\t\t\t\t\t<lite-youtube videoid=\"-9AP4w5N5to\" style=\"background-image: url('https:\/\/i.ytimg.com\/vi\/-9AP4w5N5to\/hqdefault.jpg');\">\n\t\t\t\t\t\t<button href=\"https:\/\/youtube.com\/watch?v=-9AP4w5N5to\" class=\"lty-playbtn\" title=\"Play Video\">\n\t\t\t\t\t\t\t<span class=\"lyt-visually-hidden\">Play Video<\/span>\n\t\t\t\t\t\t<\/button>\n\t\t\t\t\t<\/lite-youtube>\n\t\t\t\t\t<\/div>\n\t<\/div>\n\n\t\t\n\n<\/section>\n\n\n<section  class=\"ams-usp c-block l-stacked\" data-color-scheme=\"nyans1_av_p2\">\n\t<div class=\"l-container l-stack l-stack-fluid-2xl u-pt-fluid-3xl-6xl u-pb-fluid-3xl-6xl is-center is-center@md\">\n\t\t\t\t\t<div class=\"ams-usp__intro l-stack l-stack-lg\">\n\t\t\t\t\t\n\t<h2\n\tclass=\"c-heading u-font-title-1 \"\n\tstyle=\"\">\n\t\t\n\t\t\t\t\tDet h\u00e4r \u00e4r Vittraf\u00f6rm\u00e5gorna\n\t\t\t\t\n\t<\/h2>\n\n\t\t\t\t\t\t\t<\/div>\n\t\t\n\t\t\t<ul class=\"ams-usp__list l-grid u-justify-center u-gap-fluid-2xl-4xl\">\n\t\t\t\t\t<li class=\"l-col-6@md l-col-4@lg\">\n\t\t\t\t<article\n\t\t\t\t\tclass=\"\n\t\t\t\t\tc-card\n\t\t\t\t\thas-media-zoom\n\t\t\t\t\t\n\t\t\t\t\t\n\t\t\t\t\t\"\n\t\t\t\t\tdata-variant=\"neutral\"\n\t\t\t\t\tdata-style=\"square\"\n\t\t\t\t\t\n\t\t\t\t\t>\n\t\t\t\t\t\t\t\t\t\t\t<div class=\"c-card__content l-stack l-stack-sm u-text-center\">\n\t\t\t\t\t\t\t\t\t\t\t\t\t\t\t<h3 class=\"c-card__title u-font-title-3\">\n\t\t\t\t\t\t\t\t\t\t\t\t\t\t\t\t\t\t\t\t\t\t\t\t\t\t\t\t\t\tKreativitet\n\t\t\t\t\t\t\t\t\t\t\t\t\t\t\t\t\t\t\t\t\t\t\t\t\t\t\t<\/h3>\n\t\t\t\t\t\t\t\n\t\t\t\t\t\t\t\t\t\t\t\t\t\t\t<div class=\"c-card__text l-stack-xs u-font-body\">\n\t\t\t\t\t\t\t\t\t<p>Det kan inneb\u00e4ra att t\u00e4nka nytt, unders\u00f6ka nya l\u00f6sningar, anv\u00e4nda sina kunskaper i nya sammanhang, anpassa sig till olika situationer eller att ha ett flexibelt tankes\u00e4tt.<\/p>\n\n\t\t\t\t\t\t\t\t<\/div>\n\t\t\t\t\t\t\t\t\t\t\t\t\t<\/div>\n\t\t\t\t\t\n\t\t\t\t\t<div class=\"c-card__media\">\n\t\t\t\t\t\t\t\t\t\t\t\t\t<img decoding=\"async\" width=\"400\" height=\"400\" src=\"https:\/\/vittra.se\/wp-content\/uploads\/2023\/01\/vittraikon500x500kreativitet.png\" class=\"u-radius-round u-ratio-landscape  ams_icon_size_usp-big\" alt=\"\" srcset=\"https:\/\/vittra.se\/wp-content\/uploads\/2023\/01\/vittraikon500x500kreativitet.png 500w, https:\/\/vittra.se\/wp-content\/uploads\/2023\/01\/vittraikon500x500kreativitet-300x300.png 300w, https:\/\/vittra.se\/wp-content\/uploads\/2023\/01\/vittraikon500x500kreativitet-150x150.png 150w, https:\/\/vittra.se\/wp-content\/uploads\/2023\/01\/vittraikon500x500kreativitet-229x229.png 229w, https:\/\/vittra.se\/wp-content\/uploads\/2023\/01\/vittraikon500x500kreativitet-340x340.png 340w, https:\/\/vittra.se\/wp-content\/uploads\/2023\/01\/vittraikon500x500kreativitet-100x100.png 100w\" sizes=\"(max-width: 400px) 100vw, 400px\" \/>\n\t\t\t\t\t\t\t\t\t\t\t<\/div>\n\t\t\t\t<\/article>\n\t\t\t<\/li>\n\n\t\t\t\t\t<li class=\"l-col-6@md l-col-4@lg\">\n\t\t\t\t<article\n\t\t\t\t\tclass=\"\n\t\t\t\t\tc-card\n\t\t\t\t\thas-media-zoom\n\t\t\t\t\t\n\t\t\t\t\t\n\t\t\t\t\t\"\n\t\t\t\t\tdata-variant=\"neutral\"\n\t\t\t\t\tdata-style=\"square\"\n\t\t\t\t\t\n\t\t\t\t\t>\n\t\t\t\t\t\t\t\t\t\t\t<div class=\"c-card__content l-stack l-stack-sm u-text-center\">\n\t\t\t\t\t\t\t\t\t\t\t\t\t\t\t<h3 class=\"c-card__title u-font-title-3\">\n\t\t\t\t\t\t\t\t\t\t\t\t\t\t\t\t\t\t\t\t\t\t\t\t\t\t\t\t\t\tAnsvar\n\t\t\t\t\t\t\t\t\t\t\t\t\t\t\t\t\t\t\t\t\t\t\t\t\t\t\t<\/h3>\n\t\t\t\t\t\t\t\n\t\t\t\t\t\t\t\t\t\t\t\t\t\t\t<div class=\"c-card__text l-stack-xs u-font-body\">\n\t\t\t\t\t\t\t\t\t<p>Det kan inneb\u00e4ra att ta ansvar f\u00f6r sina egna handlingar och sitt arbete, t\u00e4nka kritiskt och kunna f\u00f6rst\u00e5 konsekvenser, ta ansvar f\u00f6r v\u00e5r gemensamma omgivning och milj\u00f6.<\/p>\n\n\t\t\t\t\t\t\t\t<\/div>\n\t\t\t\t\t\t\t\t\t\t\t\t\t<\/div>\n\t\t\t\t\t\n\t\t\t\t\t<div class=\"c-card__media\">\n\t\t\t\t\t\t\t\t\t\t\t\t\t<img decoding=\"async\" width=\"400\" height=\"400\" src=\"https:\/\/vittra.se\/wp-content\/uploads\/2023\/01\/vittraikon500x500ansvar.png\" class=\"u-radius-round u-ratio-landscape  ams_icon_size_usp-big\" alt=\"\" srcset=\"https:\/\/vittra.se\/wp-content\/uploads\/2023\/01\/vittraikon500x500ansvar.png 500w, https:\/\/vittra.se\/wp-content\/uploads\/2023\/01\/vittraikon500x500ansvar-300x300.png 300w, https:\/\/vittra.se\/wp-content\/uploads\/2023\/01\/vittraikon500x500ansvar-150x150.png 150w, https:\/\/vittra.se\/wp-content\/uploads\/2023\/01\/vittraikon500x500ansvar-229x229.png 229w, https:\/\/vittra.se\/wp-content\/uploads\/2023\/01\/vittraikon500x500ansvar-340x340.png 340w, https:\/\/vittra.se\/wp-content\/uploads\/2023\/01\/vittraikon500x500ansvar-100x100.png 100w\" sizes=\"(max-width: 400px) 100vw, 400px\" \/>\n\t\t\t\t\t\t\t\t\t\t\t<\/div>\n\t\t\t\t<\/article>\n\t\t\t<\/li>\n\n\t\t\t\t\t<li class=\"l-col-6@md l-col-4@lg\">\n\t\t\t\t<article\n\t\t\t\t\tclass=\"\n\t\t\t\t\tc-card\n\t\t\t\t\thas-media-zoom\n\t\t\t\t\t\n\t\t\t\t\t\n\t\t\t\t\t\"\n\t\t\t\t\tdata-variant=\"neutral\"\n\t\t\t\t\tdata-style=\"square\"\n\t\t\t\t\t\n\t\t\t\t\t>\n\t\t\t\t\t\t\t\t\t\t\t<div class=\"c-card__content l-stack l-stack-sm u-text-center\">\n\t\t\t\t\t\t\t\t\t\t\t\t\t\t\t<h3 class=\"c-card__title u-font-title-3\">\n\t\t\t\t\t\t\t\t\t\t\t\t\t\t\t\t\t\t\t\t\t\t\t\t\t\t\t\t\t\tTilltro\n\t\t\t\t\t\t\t\t\t\t\t\t\t\t\t\t\t\t\t\t\t\t\t\t\t\t\t<\/h3>\n\t\t\t\t\t\t\t\n\t\t\t\t\t\t\t\t\t\t\t\t\t\t\t<div class=\"c-card__text l-stack-xs u-font-body\">\n\t\t\t\t\t\t\t\t\t<p>Det kan inneb\u00e4ra att k\u00e4nna till sig sj\u00e4lv och sin egen f\u00f6rm\u00e5ga, lita p\u00e5 att man kan n\u00e5 ett s\u00e4rskilt m\u00e5l, ha en god sj\u00e4lvbild.<\/p>\n\n\t\t\t\t\t\t\t\t<\/div>\n\t\t\t\t\t\t\t\t\t\t\t\t\t<\/div>\n\t\t\t\t\t\n\t\t\t\t\t<div class=\"c-card__media\">\n\t\t\t\t\t\t\t\t\t\t\t\t\t<img decoding=\"async\" width=\"400\" height=\"400\" src=\"https:\/\/vittra.se\/wp-content\/uploads\/2023\/01\/vittraikon500x500tilltro.png\" class=\"u-radius-round u-ratio-landscape  ams_icon_size_usp-big\" alt=\"\" srcset=\"https:\/\/vittra.se\/wp-content\/uploads\/2023\/01\/vittraikon500x500tilltro.png 500w, https:\/\/vittra.se\/wp-content\/uploads\/2023\/01\/vittraikon500x500tilltro-300x300.png 300w, https:\/\/vittra.se\/wp-content\/uploads\/2023\/01\/vittraikon500x500tilltro-150x150.png 150w, https:\/\/vittra.se\/wp-content\/uploads\/2023\/01\/vittraikon500x500tilltro-229x229.png 229w, https:\/\/vittra.se\/wp-content\/uploads\/2023\/01\/vittraikon500x500tilltro-340x340.png 340w, https:\/\/vittra.se\/wp-content\/uploads\/2023\/01\/vittraikon500x500tilltro-100x100.png 100w\" sizes=\"(max-width: 400px) 100vw, 400px\" \/>\n\t\t\t\t\t\t\t\t\t\t\t<\/div>\n\t\t\t\t<\/article>\n\t\t\t<\/li>\n\n\t\t\t\t\t<li class=\"l-col-6@md l-col-4@lg\">\n\t\t\t\t<article\n\t\t\t\t\tclass=\"\n\t\t\t\t\tc-card\n\t\t\t\t\thas-media-zoom\n\t\t\t\t\t\n\t\t\t\t\t\n\t\t\t\t\t\"\n\t\t\t\t\tdata-variant=\"neutral\"\n\t\t\t\t\tdata-style=\"square\"\n\t\t\t\t\t\n\t\t\t\t\t>\n\t\t\t\t\t\t\t\t\t\t\t<div class=\"c-card__content l-stack l-stack-sm u-text-center\">\n\t\t\t\t\t\t\t\t\t\t\t\t\t\t\t<h3 class=\"c-card__title u-font-title-3\">\n\t\t\t\t\t\t\t\t\t\t\t\t\t\t\t\t\t\t\t\t\t\t\t\t\t\t\t\t\t\tSamarbete\n\t\t\t\t\t\t\t\t\t\t\t\t\t\t\t\t\t\t\t\t\t\t\t\t\t\t\t<\/h3>\n\t\t\t\t\t\t\t\n\t\t\t\t\t\t\t\t\t\t\t\t\t\t\t<div class=\"c-card__text l-stack-xs u-font-body\">\n\t\t\t\t\t\t\t\t\t<p>Det kan inneb\u00e4ra att f\u00f6rst\u00e5 och respektera andras behov och perspektiv, vilja handla med andras b\u00e4sta f\u00f6r \u00f6gonen, bygga relationer, vara nyfiken p\u00e5 olikheter, kommunicera s\u00e5 andra f\u00f6rst\u00e5r.<\/p>\n\n\t\t\t\t\t\t\t\t<\/div>\n\t\t\t\t\t\t\t\t\t\t\t\t\t<\/div>\n\t\t\t\t\t\n\t\t\t\t\t<div class=\"c-card__media\">\n\t\t\t\t\t\t\t\t\t\t\t\t\t<img decoding=\"async\" width=\"400\" height=\"400\" src=\"https:\/\/vittra.se\/wp-content\/uploads\/2023\/01\/vittraikon500x500samarbete.png\" class=\"u-radius-round u-ratio-landscape  ams_icon_size_usp-big\" alt=\"\" srcset=\"https:\/\/vittra.se\/wp-content\/uploads\/2023\/01\/vittraikon500x500samarbete.png 500w, https:\/\/vittra.se\/wp-content\/uploads\/2023\/01\/vittraikon500x500samarbete-300x300.png 300w, https:\/\/vittra.se\/wp-content\/uploads\/2023\/01\/vittraikon500x500samarbete-150x150.png 150w, https:\/\/vittra.se\/wp-content\/uploads\/2023\/01\/vittraikon500x500samarbete-229x229.png 229w, https:\/\/vittra.se\/wp-content\/uploads\/2023\/01\/vittraikon500x500samarbete-340x340.png 340w, https:\/\/vittra.se\/wp-content\/uploads\/2023\/01\/vittraikon500x500samarbete-100x100.png 100w\" sizes=\"(max-width: 400px) 100vw, 400px\" \/>\n\t\t\t\t\t\t\t\t\t\t\t<\/div>\n\t\t\t\t<\/article>\n\t\t\t<\/li>\n\n\t\t\t\t\t<li class=\"l-col-6@md l-col-4@lg\">\n\t\t\t\t<article\n\t\t\t\t\tclass=\"\n\t\t\t\t\tc-card\n\t\t\t\t\thas-media-zoom\n\t\t\t\t\t\n\t\t\t\t\t\n\t\t\t\t\t\"\n\t\t\t\t\tdata-variant=\"neutral\"\n\t\t\t\t\tdata-style=\"square\"\n\t\t\t\t\t\n\t\t\t\t\t>\n\t\t\t\t\t\t\t\t\t\t\t<div class=\"c-card__content l-stack l-stack-sm u-text-center\">\n\t\t\t\t\t\t\t\t\t\t\t\t\t\t\t<h3 class=\"c-card__title u-font-title-3\">\n\t\t\t\t\t\t\t\t\t\t\t\t\t\t\t\t\t\t\t\t\t\t\t\t\t\t\t\t\t\tPlanera och utv\u00e4rdera\n\t\t\t\t\t\t\t\t\t\t\t\t\t\t\t\t\t\t\t\t\t\t\t\t\t\t\t<\/h3>\n\t\t\t\t\t\t\t\n\t\t\t\t\t\t\t\t\t\t\t\t\t\t\t<div class=\"c-card__text l-stack-xs u-font-body\">\n\t\t\t\t\t\t\t\t\t<p>Det kan inneb\u00e4ra att skapa struktur i vardagen, reflektera \u00f6ver och leda dig sj\u00e4lv i sitt l\u00e4rande, st\u00e4lla om och t\u00e4nka nytt utifr\u00e5n l\u00e4rdomar.<\/p>\n\n\t\t\t\t\t\t\t\t<\/div>\n\t\t\t\t\t\t\t\t\t\t\t\t\t<\/div>\n\t\t\t\t\t\n\t\t\t\t\t<div class=\"c-card__media\">\n\t\t\t\t\t\t\t\t\t\t\t\t\t<img decoding=\"async\" width=\"400\" height=\"400\" src=\"https:\/\/vittra.se\/wp-content\/uploads\/2023\/01\/vittraikon500x500planerautvarderav2.png\" class=\"u-radius-round u-ratio-landscape  ams_icon_size_usp-big\" alt=\"\" srcset=\"https:\/\/vittra.se\/wp-content\/uploads\/2023\/01\/vittraikon500x500planerautvarderav2.png 500w, https:\/\/vittra.se\/wp-content\/uploads\/2023\/01\/vittraikon500x500planerautvarderav2-300x300.png 300w, https:\/\/vittra.se\/wp-content\/uploads\/2023\/01\/vittraikon500x500planerautvarderav2-150x150.png 150w, https:\/\/vittra.se\/wp-content\/uploads\/2023\/01\/vittraikon500x500planerautvarderav2-229x229.png 229w, https:\/\/vittra.se\/wp-content\/uploads\/2023\/01\/vittraikon500x500planerautvarderav2-340x340.png 340w, https:\/\/vittra.se\/wp-content\/uploads\/2023\/01\/vittraikon500x500planerautvarderav2-100x100.png 100w\" sizes=\"(max-width: 400px) 100vw, 400px\" \/>\n\t\t\t\t\t\t\t\t\t\t\t<\/div>\n\t\t\t\t<\/article>\n\t\t\t<\/li>\n\n\t\t\t\t\t<li class=\"l-col-6@md l-col-4@lg\">\n\t\t\t\t<article\n\t\t\t\t\tclass=\"\n\t\t\t\t\tc-card\n\t\t\t\t\thas-media-zoom\n\t\t\t\t\t\n\t\t\t\t\t\n\t\t\t\t\t\"\n\t\t\t\t\tdata-variant=\"neutral\"\n\t\t\t\t\tdata-style=\"square\"\n\t\t\t\t\t\n\t\t\t\t\t>\n\t\t\t\t\t\t\t\t\t\t\t<div class=\"c-card__content l-stack l-stack-sm u-text-center\">\n\t\t\t\t\t\t\t\t\t\t\t\t\t\t\t<h3 class=\"c-card__title u-font-title-3\">\n\t\t\t\t\t\t\t\t\t\t\t\t\t\t\t\t\t\t\t\t\t\t\t\t\t\t\t\t\t\tUth\u00e5llighet\n\t\t\t\t\t\t\t\t\t\t\t\t\t\t\t\t\t\t\t\t\t\t\t\t\t\t\t<\/h3>\n\t\t\t\t\t\t\t\n\t\t\t\t\t\t\t\t\t\t\t\t\t\t\t<div class=\"c-card__text l-stack-xs u-font-body\">\n\t\t\t\t\t\t\t\t\t<p>Det kan inneb\u00e4ra att h\u00e5lla fokus, avsluta det som p\u00e5b\u00f6rjats, inte ge upp, arbeta metodiskt f\u00f6r att n\u00e5 sina m\u00e5l.<\/p>\n\n\t\t\t\t\t\t\t\t<\/div>\n\t\t\t\t\t\t\t\t\t\t\t\t\t<\/div>\n\t\t\t\t\t\n\t\t\t\t\t<div class=\"c-card__media\">\n\t\t\t\t\t\t\t\t\t\t\t\t\t<img decoding=\"async\" width=\"400\" height=\"400\" src=\"https:\/\/vittra.se\/wp-content\/uploads\/2023\/01\/vittraikon500x500uthallighet.png\" class=\"u-radius-round u-ratio-landscape  ams_icon_size_usp-big\" alt=\"\" srcset=\"https:\/\/vittra.se\/wp-content\/uploads\/2023\/01\/vittraikon500x500uthallighet.png 500w, https:\/\/vittra.se\/wp-content\/uploads\/2023\/01\/vittraikon500x500uthallighet-300x300.png 300w, https:\/\/vittra.se\/wp-content\/uploads\/2023\/01\/vittraikon500x500uthallighet-150x150.png 150w, https:\/\/vittra.se\/wp-content\/uploads\/2023\/01\/vittraikon500x500uthallighet-229x229.png 229w, https:\/\/vittra.se\/wp-content\/uploads\/2023\/01\/vittraikon500x500uthallighet-340x340.png 340w, https:\/\/vittra.se\/wp-content\/uploads\/2023\/01\/vittraikon500x500uthallighet-100x100.png 100w\" sizes=\"(max-width: 400px) 100vw, 400px\" \/>\n\t\t\t\t\t\t\t\t\t\t\t<\/div>\n\t\t\t\t<\/article>\n\t\t\t<\/li>\n\n\t\t\t<\/ul>\n\n\t\t\t<\/div>\n\n\t\t\n\n<\/section>\n\t<\/div>\n\n\t\n\n\n\t<div class=\"module_wrapper ams_remote_pages_module \">\n\t\t\n\n<section  class=\"ams-cta ams-cta--stacked c-block l-stacked\" data-color-scheme=\"nyans1_av_cta\">\n\t<div class=\"l-container l-stack l-stack-fluid-2xl u-pt-fluid-3xl-6xl u-pb-fluid-3xl-6xl is-center is-center@md\">\n\t\t\t\t\t<div class=\"ams-cta__intro l-stack l-stack-lg\">\n\t\t\t\t\t\n\t<h2\n\tclass=\"c-heading u-font-title-1 \"\n\tstyle=\"\">\n\t\t\n\t\t\t\t\tVill du l\u00e4sa om v\u00e5ra andra verktyg?\n\t\t\t\t\n\t<\/h2>\n\n\t\t\t\t\t\t\t\t\t<div class=\"c-text l-stack u-cs-xl u-font-body\">\n\t\t\t\t\t\t<p>Med hj\u00e4lp av v\u00e5ra pedagogiska verktyg skapar vi en tydlig struktur, en modig kultur och ett medvetet l\u00e4rande.<\/p>\n\n\t\t\t\t\t<\/div>\n\t\t\t\t\t\t\t<\/div>\n\t\t\n\t\t\n\t\t\t<div class=\"ams-cta__action u-inline-items\">\n\t\t\t\t\t\t\t\n\n\n<a href=\"https:\/\/vittra.se\/samset\/pedagogiska-verktyg\/\"\n\t\n\tclass=\"c-btn \"\n\tdata-style=\"round\"\n\tdata-size=\"md\"\n\tdata-width=\"full-mobile\"\n\tdata-variant=\"default\"\n\ttarget=\"_self\">\n\t\t\t<span class=\"label\"> Till alla verktyg<\/span>\n\t\t\t<\/a>\n\t\t\t<\/div>\n\t<\/div>\n\n\t\t\n\n<\/section>\n\t<\/div>\n\n\t","protected":false},"excerpt":{"rendered":"","protected":false},"author":58,"featured_media":0,"parent":984,"menu_order":0,"comment_status":"closed","ping_status":"closed","template":"","meta":{"footnotes":""},"yoast_head":"<!-- This site is optimized with the Yoast SEO plugin v22.0 - https:\/\/yoast.com\/wordpress\/plugins\/seo\/ -->\n<title>Samset<\/title>\n<meta name=\"description\" content=\"Hos oss p\u00e5 Vittra st\u00e4rker Vittraf\u00f6rm\u00e5gorna barnens personliga utveckling och ger dem strategier f\u00f6r att l\u00e4ra.\" \/>\n<meta name=\"robots\" content=\"index, follow, max-snippet:-1, max-image-preview:large, max-video-preview:-1\" \/>\n<link rel=\"canonical\" href=\"https:\/\/vittra.se\/samset\/pedagogiska-verktyg\/vittraformagorna\/\" \/>\n<meta property=\"og:locale\" content=\"sv_SE\" \/>\n<meta property=\"og:type\" content=\"article\" \/>\n<meta property=\"og:description\" content=\"Hos oss p\u00e5 Vittra st\u00e4rker Vittraf\u00f6rm\u00e5gorna barnens personliga utveckling och ger dem strategier f\u00f6r att l\u00e4ra.\" \/>\n<meta property=\"og:url\" content=\"https:\/\/vittra.se\/samset\/pedagogiska-verktyg\/vittraformagorna\/\" \/>\n<meta property=\"og:site_name\" content=\"Samset\" \/>\n<meta property=\"article:modified_time\" content=\"2025-11-05T15:27:59+00:00\" \/>\n<meta name=\"twitter:card\" content=\"summary_large_image\" \/>\n<meta name=\"twitter:description\" content=\"Hos oss p\u00e5 Vittra st\u00e4rker Vittraf\u00f6rm\u00e5gorna barnens personliga utveckling och ger dem strategier f\u00f6r att l\u00e4ra.\" \/>\n<script type=\"application\/ld+json\" class=\"yoast-schema-graph\">{\"@context\":\"https:\/\/schema.org\",\"@graph\":[{\"@type\":\"WebPage\",\"@id\":\"https:\/\/vittra.se\/samset\/pedagogiska-verktyg\/vittraformagorna\/\",\"url\":\"https:\/\/vittra.se\/samset\/pedagogiska-verktyg\/vittraformagorna\/\",\"name\":\"Vittraf\u00f6rm\u00e5gorna - Samset\",\"isPartOf\":{\"@id\":\"https:\/\/vittra.se\/samset\/#website\"},\"datePublished\":\"2023-04-11T11:39:48+00:00\",\"dateModified\":\"2025-11-05T15:27:59+00:00\",\"description\":\"Hos oss p\u00e5 Vittra st\u00e4rker Vittraf\u00f6rm\u00e5gorna barnens personliga utveckling och ger dem strategier f\u00f6r att l\u00e4ra.\",\"breadcrumb\":{\"@id\":\"https:\/\/vittra.se\/samset\/pedagogiska-verktyg\/vittraformagorna\/#breadcrumb\"},\"inLanguage\":\"sv-SE\",\"potentialAction\":[{\"@type\":\"ReadAction\",\"target\":[\"https:\/\/vittra.se\/samset\/pedagogiska-verktyg\/vittraformagorna\/\"]}]},{\"@type\":\"BreadcrumbList\",\"@id\":\"https:\/\/vittra.se\/samset\/pedagogiska-verktyg\/vittraformagorna\/#breadcrumb\",\"itemListElement\":[{\"@type\":\"ListItem\",\"position\":1,\"name\":\"Start\",\"item\":\"https:\/\/vittra.se\/samset\/\"},{\"@type\":\"ListItem\",\"position\":2,\"name\":\"Pedagogiska verktyg\",\"item\":\"https:\/\/vittra.se\/samset\/pedagogiska-verktyg\/\"},{\"@type\":\"ListItem\",\"position\":3,\"name\":\"Vittraf\u00f6rm\u00e5gorna\"}]},{\"@type\":\"WebSite\",\"@id\":\"https:\/\/vittra.se\/samset\/#website\",\"url\":\"https:\/\/vittra.se\/samset\/\",\"name\":\"Samset\",\"description\":\"Kunskap att f\u00f6r\u00e4ndra. Mod att p\u00e5verka.\",\"potentialAction\":[{\"@type\":\"SearchAction\",\"target\":{\"@type\":\"EntryPoint\",\"urlTemplate\":\"https:\/\/vittra.se\/samset\/?s={search_term_string}\"},\"query-input\":\"required name=search_term_string\"}],\"inLanguage\":\"sv-SE\"}]}<\/script>\n<!-- \/ Yoast SEO plugin. -->","yoast_head_json":{"title":"Samset","description":"Hos oss p\u00e5 Vittra st\u00e4rker Vittraf\u00f6rm\u00e5gorna barnens personliga utveckling och ger dem strategier f\u00f6r att l\u00e4ra.","robots":{"index":"index","follow":"follow","max-snippet":"max-snippet:-1","max-image-preview":"max-image-preview:large","max-video-preview":"max-video-preview:-1"},"canonical":"https:\/\/vittra.se\/samset\/pedagogiska-verktyg\/vittraformagorna\/","og_locale":"sv_SE","og_type":"article","og_description":"Hos oss p\u00e5 Vittra st\u00e4rker Vittraf\u00f6rm\u00e5gorna barnens personliga utveckling och ger dem strategier f\u00f6r att l\u00e4ra.","og_url":"https:\/\/vittra.se\/samset\/pedagogiska-verktyg\/vittraformagorna\/","og_site_name":"Samset","article_modified_time":"2025-11-05T15:27:59+00:00","twitter_card":"summary_large_image","twitter_description":"Hos oss p\u00e5 Vittra st\u00e4rker Vittraf\u00f6rm\u00e5gorna barnens personliga utveckling och ger dem strategier f\u00f6r att l\u00e4ra.","schema":{"@context":"https:\/\/schema.org","@graph":[{"@type":"WebPage","@id":"https:\/\/vittra.se\/samset\/pedagogiska-verktyg\/vittraformagorna\/","url":"https:\/\/vittra.se\/samset\/pedagogiska-verktyg\/vittraformagorna\/","name":"Vittraf\u00f6rm\u00e5gorna - Samset","isPartOf":{"@id":"https:\/\/vittra.se\/samset\/#website"},"datePublished":"2023-04-11T11:39:48+00:00","dateModified":"2025-11-05T15:27:59+00:00","description":"Hos oss p\u00e5 Vittra st\u00e4rker Vittraf\u00f6rm\u00e5gorna barnens personliga utveckling och ger dem strategier f\u00f6r att l\u00e4ra.","breadcrumb":{"@id":"https:\/\/vittra.se\/samset\/pedagogiska-verktyg\/vittraformagorna\/#breadcrumb"},"inLanguage":"sv-SE","potentialAction":[{"@type":"ReadAction","target":["https:\/\/vittra.se\/samset\/pedagogiska-verktyg\/vittraformagorna\/"]}]},{"@type":"BreadcrumbList","@id":"https:\/\/vittra.se\/samset\/pedagogiska-verktyg\/vittraformagorna\/#breadcrumb","itemListElement":[{"@type":"ListItem","position":1,"name":"Start","item":"https:\/\/vittra.se\/samset\/"},{"@type":"ListItem","position":2,"name":"Pedagogiska verktyg","item":"https:\/\/vittra.se\/samset\/pedagogiska-verktyg\/"},{"@type":"ListItem","position":3,"name":"Vittraf\u00f6rm\u00e5gorna"}]},{"@type":"WebSite","@id":"https:\/\/vittra.se\/samset\/#website","url":"https:\/\/vittra.se\/samset\/","name":"Samset","description":"Kunskap att f\u00f6r\u00e4ndra. Mod att p\u00e5verka.","potentialAction":[{"@type":"SearchAction","target":{"@type":"EntryPoint","urlTemplate":"https:\/\/vittra.se\/samset\/?s={search_term_string}"},"query-input":"required name=search_term_string"}],"inLanguage":"sv-SE"}]}},"_links":{"self":[{"href":"https:\/\/vittra.se\/samset\/wp-json\/wp\/v2\/pages\/988"}],"collection":[{"href":"https:\/\/vittra.se\/samset\/wp-json\/wp\/v2\/pages"}],"about":[{"href":"https:\/\/vittra.se\/samset\/wp-json\/wp\/v2\/types\/page"}],"author":[{"embeddable":true,"href":"https:\/\/vittra.se\/samset\/wp-json\/wp\/v2\/users\/58"}],"replies":[{"embeddable":true,"href":"https:\/\/vittra.se\/samset\/wp-json\/wp\/v2\/comments?post=988"}],"version-history":[{"count":3,"href":"https:\/\/vittra.se\/samset\/wp-json\/wp\/v2\/pages\/988\/revisions"}],"predecessor-version":[{"id":1320,"href":"https:\/\/vittra.se\/samset\/wp-json\/wp\/v2\/pages\/988\/revisions\/1320"}],"up":[{"embeddable":true,"href":"https:\/\/vittra.se\/samset\/wp-json\/wp\/v2\/pages\/984"}],"wp:attachment":[{"href":"https:\/\/vittra.se\/samset\/wp-json\/wp\/v2\/media?parent=988"}],"curies":[{"name":"wp","href":"https:\/\/api.w.org\/{rel}","templated":true}]}}