{"id":1639,"date":"2025-11-05T15:34:42","date_gmt":"2025-11-05T14:34:42","guid":{"rendered":"https:\/\/vittra.se\/samset\/?page_id=1639"},"modified":"2025-11-05T15:34:44","modified_gmt":"2025-11-05T14:34:44","slug":"samhallsforankrad-undervisning","status":"publish","type":"page","link":"https:\/\/vittra.se\/samset\/samhallsforankrad-undervisning\/","title":{"rendered":"Samh\u00e4llsf\u00f6rankrad undervisning"},"content":{"rendered":"\n\t<div class=\"module_wrapper ams_remote_pages_module \">\n\t\t\n\t\n\t\n\t\n\n\t\n\t\n\t\t\n<section  class=\"c-block l-stacked  \" data-color-scheme=\"\">\n\t<div class=\"ams-fifty ams-fifty--container ams-fifty--right ams-fifty--bottom l-container u-pt-fluid-3xl-6xl u-pb-fluid-3xl-6xl\">\n\t\t<div class=\"ams-fifty__content l-stack l-stack-xl is-left is-left@lg\">\n\t\t\t<div class=\"ams-fifty__text l-stack l-stack-lg\">\n\t\t\t\t\t\n\t<h1\n\tclass=\"c-heading u-font-title-1 \"\n\tstyle=\"\">\n\t\t\n\t\t\t\t\tSamh\u00e4llsf\u00f6rankrad undervisning\n\t\t\t\t\n\t<\/h1>\n\n\t\t\t\t\t\t\t\t\t<div class=\"text l-stack u-font-body\">\n\t\t\t\t\t\t<p style=\"text-align: left;\"><span style=\"font-weight: 400;\">Att vara i f\u00f6rskolan och skolan ska k\u00e4nnas b\u00e5de motiverande och relevant. D\u00e5 l\u00e4r vi oss mer.\u00a0 F\u00f6r att skapa motivation och relevans arbetar vi i Vittra med en samh\u00e4llsf\u00f6rankrad undervisning. <\/span><\/p>\n\n\t\t\t\t\t<\/div>\n\t\t\t\t\t\t\t<\/div>\n\n\t\t\t\t\t<\/div>\n\n\t\t <div class=\"ams-fifty__media u-ratio-landscape\">\n\t\t \t\t\t\t\t<img decoding=\"async\" width=\"600\" height=\"400\" src=\"https:\/\/vittra.se\/wp-content\/uploads\/2025\/08\/vittrasamset202506ak56-600x400.jpg\" class=\"attachment-md size-md\" alt=\"Elev r\u00e4cker upp handen i klassrummet.\" sizes=\"(min-width: 64em) 600px, calc(100vw - 160px)\" srcset=\"https:\/\/vittra.se\/wp-content\/uploads\/2025\/08\/vittrasamset202506ak56-600x400.jpg 600w, https:\/\/vittra.se\/wp-content\/uploads\/2025\/08\/vittrasamset202506ak56-300x200.jpg 300w, https:\/\/vittra.se\/wp-content\/uploads\/2025\/08\/vittrasamset202506ak56-400x267.jpg 400w, https:\/\/vittra.se\/wp-content\/uploads\/2025\/08\/vittrasamset202506ak56-800x534.jpg 800w, https:\/\/vittra.se\/wp-content\/uploads\/2025\/08\/vittrasamset202506ak56.jpg 1000w\" \/>\n\t\t\t\n\t\t\t\n\t\t\t\t\t<\/div>\n\t<\/div>\n\n\t\t\n\n<\/section>\n\n\n<section  class=\"ams-usp c-block l-stacked\" data-color-scheme=\"faq-ljusbla\">\n\t<div class=\"l-container l-stack l-stack-fluid-2xl u-pt-fluid-3xl-6xl u-pb-fluid-3xl-6xl is-center is-center@md\">\n\t\t\t\t\t<div class=\"ams-usp__intro l-stack l-stack-lg\">\n\t\t\t\t\t\n\t<h2\n\tclass=\"c-heading u-font-title-1 \"\n\tstyle=\"\">\n\t\t\n\t\t\t\t\tS\u00e5 g\u00f6r vi i praktiken\n\t\t\t\t\n\t<\/h2>\n\n\t\t\t\t\t\t\t<\/div>\n\t\t\n\t\t\t<ul class=\"ams-usp__list l-grid u-justify-center u-gap-fluid-2xl-4xl\">\n\t\t\t\t\t<li class=\"l-col-6@md l-col-4@lg\">\n\t\t\t\t<article\n\t\t\t\t\tclass=\"\n\t\t\t\t\tc-card\n\t\t\t\t\thas-media-zoom\n\t\t\t\t\t\n\t\t\t\t\t\n\t\t\t\t\t\"\n\t\t\t\t\tdata-variant=\"neutral\"\n\t\t\t\t\tdata-style=\"square\"\n\t\t\t\t\t\n\t\t\t\t\t>\n\t\t\t\t\t\t\t\t\t\t\t<div class=\"c-card__content l-stack l-stack-sm u-text-center\">\n\t\t\t\t\t\t\t\t\t\t\t\t\t\t\t<h3 class=\"c-card__title u-font-title-3\">\n\t\t\t\t\t\t\t\t\t\t\t\t\t\t\t\t\t\t\t\t\t\t\t\t\t\t\t\t\t\tRelevans &#038; motivation\n\t\t\t\t\t\t\t\t\t\t\t\t\t\t\t\t\t\t\t\t\t\t\t\t\t\t\t<\/h3>\n\t\t\t\t\t\t\t\n\t\t\t\t\t\t\t\t\t\t\t\t\t\t\t<div class=\"c-card__text l-stack-xs u-font-body\">\n\t\t\t\t\t\t\t\t\t<p style=\"text-align: center;\">V\u00e5r undervisningen kopplas till verkliga situationer som g\u00f6r l\u00e4randet meningsfullt och relevant vilket ocks\u00e5 skapar en h\u00f6gre motivation hos v\u00e5ra barn och elever.<\/p>\n\n\t\t\t\t\t\t\t\t<\/div>\n\t\t\t\t\t\t\t\t\t\t\t\t\t<\/div>\n\t\t\t\t\t\n\t\t\t\t\t<div class=\"c-card__media\">\n\t\t\t\t\t\t\t\t\t\t\t\t\t<img decoding=\"async\" width=\"400\" height=\"400\" src=\"https:\/\/vittra.se\/wp-content\/uploads\/2024\/03\/vittraikon500x500redaktionen2-400x400.png\" class=\" u-ratio-landscape  ams_icon_size_usp-big\" alt=\"\" srcset=\"https:\/\/vittra.se\/wp-content\/uploads\/2024\/03\/vittraikon500x500redaktionen2-400x400.png 400w, https:\/\/vittra.se\/wp-content\/uploads\/2024\/03\/vittraikon500x500redaktionen2-150x150.png 150w, https:\/\/vittra.se\/wp-content\/uploads\/2024\/03\/vittraikon500x500redaktionen2-300x300.png 300w, https:\/\/vittra.se\/wp-content\/uploads\/2024\/03\/vittraikon500x500redaktionen2.png 500w\" sizes=\"(max-width: 400px) 100vw, 400px\" \/>\n\t\t\t\t\t\t\t\t\t\t\t<\/div>\n\t\t\t\t<\/article>\n\t\t\t<\/li>\n\n\t\t\t\t\t<li class=\"l-col-6@md l-col-4@lg\">\n\t\t\t\t<article\n\t\t\t\t\tclass=\"\n\t\t\t\t\tc-card\n\t\t\t\t\thas-media-zoom\n\t\t\t\t\t\n\t\t\t\t\t\n\t\t\t\t\t\"\n\t\t\t\t\tdata-variant=\"neutral\"\n\t\t\t\t\tdata-style=\"square\"\n\t\t\t\t\t\n\t\t\t\t\t>\n\t\t\t\t\t\t\t\t\t\t\t<div class=\"c-card__content l-stack l-stack-sm u-text-center\">\n\t\t\t\t\t\t\t\t\t\t\t\t\t\t\t<h3 class=\"c-card__title u-font-title-3\">\n\t\t\t\t\t\t\t\t\t\t\t\t\t\t\t\t\t\t\t\t\t\t\t\t\t\t\t\t\t\tV\u00e4rdeskapande l\u00e4rande\n\t\t\t\t\t\t\t\t\t\t\t\t\t\t\t\t\t\t\t\t\t\t\t\t\t\t\t<\/h3>\n\t\t\t\t\t\t\t\n\t\t\t\t\t\t\t\t\t\t\t\t\t\t\t<div class=\"c-card__text l-stack-xs u-font-body\">\n\t\t\t\t\t\t\t\t\t<p style=\"text-align: center;\">Genom v\u00e4rdeskapande l\u00e4rande anv\u00e4nder vi det vi l\u00e4r oss f\u00f6r att skapa v\u00e4rde f\u00f6r andra, b\u00e5de i och utanf\u00f6r skolan. Det kan vara att hj\u00e4lpa, l\u00e4ra eller underl\u00e4tta f\u00f6r andra det man l\u00e4rt sig.<\/p>\n\n\t\t\t\t\t\t\t\t<\/div>\n\t\t\t\t\t\t\t\t\t\t\t\t\t<\/div>\n\t\t\t\t\t\n\t\t\t\t\t<div class=\"c-card__media\">\n\t\t\t\t\t\t\t\t\t\t\t\t\t<img decoding=\"async\" width=\"400\" height=\"400\" src=\"https:\/\/vittra.se\/wp-content\/uploads\/2022\/08\/vittraikon500x500kvartersmalen1-400x400.png\" class=\" u-ratio-landscape  ams_icon_size_usp-big\" alt=\"Tv\u00e5 h\u00e4nder h\u00e5ller upp en jordglob.\" srcset=\"https:\/\/vittra.se\/wp-content\/uploads\/2022\/08\/vittraikon500x500kvartersmalen1-400x400.png 400w, https:\/\/vittra.se\/wp-content\/uploads\/2022\/08\/vittraikon500x500kvartersmalen1-150x150.png 150w, https:\/\/vittra.se\/wp-content\/uploads\/2022\/08\/vittraikon500x500kvartersmalen1-300x300.png 300w, https:\/\/vittra.se\/wp-content\/uploads\/2022\/08\/vittraikon500x500kvartersmalen1.png 500w\" sizes=\"(max-width: 400px) 100vw, 400px\" \/>\n\t\t\t\t\t\t\t\t\t\t\t<\/div>\n\t\t\t\t<\/article>\n\t\t\t<\/li>\n\n\t\t\t\t\t<li class=\"l-col-6@md l-col-4@lg\">\n\t\t\t\t<article\n\t\t\t\t\tclass=\"\n\t\t\t\t\tc-card\n\t\t\t\t\thas-media-zoom\n\t\t\t\t\t\n\t\t\t\t\t\n\t\t\t\t\t\"\n\t\t\t\t\tdata-variant=\"neutral\"\n\t\t\t\t\tdata-style=\"square\"\n\t\t\t\t\t\n\t\t\t\t\t>\n\t\t\t\t\t\t\t\t\t\t\t<div class=\"c-card__content l-stack l-stack-sm u-text-center\">\n\t\t\t\t\t\t\t\t\t\t\t\t\t\t\t<h3 class=\"c-card__title u-font-title-3\">\n\t\t\t\t\t\t\t\t\t\t\t\t\t\t\t\t\t\t\t\t\t\t\t\t\t\t\t\t\t\tVerklighetsn\u00e4ra projekt\n\t\t\t\t\t\t\t\t\t\t\t\t\t\t\t\t\t\t\t\t\t\t\t\t\t\t\t<\/h3>\n\t\t\t\t\t\t\t\n\t\t\t\t\t\t\t\t\t\t\t\t\t\t\t<div class=\"c-card__text l-stack-xs u-font-body\">\n\t\t\t\t\t\t\t\t\t<p style=\"text-align: center;\">I ett projekt eller case utg\u00e5r undervisningen fr\u00e5n ett verklighetsbaserat problem som ska l\u00f6sas inom en viss tidsperiod. Inom f\u00f6rskolan arbetar vi ofta ist\u00e4llet med teman f\u00f6r att skapa sammanhang i l\u00e4randet.<\/p>\n\n\t\t\t\t\t\t\t\t<\/div>\n\t\t\t\t\t\t\t\t\t\t\t\t\t<\/div>\n\t\t\t\t\t\n\t\t\t\t\t<div class=\"c-card__media\">\n\t\t\t\t\t\t\t\t\t\t\t\t\t<img decoding=\"async\" width=\"400\" height=\"400\" src=\"https:\/\/vittra.se\/wp-content\/uploads\/2024\/03\/vittraikon500x500vittrasamling3-400x400.png\" class=\" u-ratio-landscape  ams_icon_size_usp-big\" alt=\"\" srcset=\"https:\/\/vittra.se\/wp-content\/uploads\/2024\/03\/vittraikon500x500vittrasamling3-400x400.png 400w, https:\/\/vittra.se\/wp-content\/uploads\/2024\/03\/vittraikon500x500vittrasamling3-150x150.png 150w, https:\/\/vittra.se\/wp-content\/uploads\/2024\/03\/vittraikon500x500vittrasamling3-300x300.png 300w, https:\/\/vittra.se\/wp-content\/uploads\/2024\/03\/vittraikon500x500vittrasamling3.png 500w\" sizes=\"(max-width: 400px) 100vw, 400px\" \/>\n\t\t\t\t\t\t\t\t\t\t\t<\/div>\n\t\t\t\t<\/article>\n\t\t\t<\/li>\n\n\t\t\t<\/ul>\n\n\t\t\t<\/div>\n\n\t\t\n\n<\/section>\n\t<\/div>\n\n\t\n\n\n\t<div class=\"module_wrapper ams_remote_pages_module \">\n\t\t\n\n<section  class=\"ams-cta ams-cta--stacked c-block l-stacked\" data-color-scheme=\"nyans1_av_cta\">\n\t<div class=\"l-container l-stack l-stack-fluid-2xl u-pt-fluid-3xl-6xl u-pb-fluid-3xl-6xl is-center is-center@md\">\n\t\t\t\t\t<div class=\"ams-cta__intro l-stack l-stack-lg\">\n\t\t\t\t\t\n\t<h2\n\tclass=\"c-heading u-font-title-1 \"\n\tstyle=\"\">\n\t\t\n\t\t\t\t\tVill du l\u00e4sa om v\u00e5ra andra verktyg?\n\t\t\t\t\n\t<\/h2>\n\n\t\t\t\t\t\t\t\t\t<div class=\"c-text l-stack u-cs-xl u-font-body\">\n\t\t\t\t\t\t<p>Med hj\u00e4lp av v\u00e5ra pedagogiska verktyg skapar vi en tydlig struktur, en modig kultur och ett medvetet l\u00e4rande.<\/p>\n\n\t\t\t\t\t<\/div>\n\t\t\t\t\t\t\t<\/div>\n\t\t\n\t\t\n\t\t\t<div class=\"ams-cta__action u-inline-items\">\n\t\t\t\t\t\t\t\n\n\n<a href=\"https:\/\/vittra.se\/samset\/pedagogiska-verktyg\/\"\n\t\n\tclass=\"c-btn \"\n\tdata-style=\"round\"\n\tdata-size=\"md\"\n\tdata-width=\"full-mobile\"\n\tdata-variant=\"default\"\n\ttarget=\"_self\">\n\t\t\t<span class=\"label\"> Till alla verktyg<\/span>\n\t\t\t<\/a>\n\t\t\t<\/div>\n\t<\/div>\n\n\t\t\n\n<\/section>\n\t<\/div>\n\n\t","protected":false},"excerpt":{"rendered":"","protected":false},"author":93,"featured_media":0,"parent":0,"menu_order":0,"comment_status":"closed","ping_status":"closed","template":"","meta":{"footnotes":""},"yoast_head":"<!-- This site is optimized with the Yoast SEO plugin v22.0 - https:\/\/yoast.com\/wordpress\/plugins\/seo\/ -->\n<title>Samset<\/title>\n<meta name=\"description\" content=\"P\u00e5 Vittra Samset g\u00f6r vi l\u00e4randet verklighetsn\u00e4ra, knyter skolan till samh\u00e4llet och st\u00e4rker elevens f\u00f6rst\u00e5else f\u00f6r sin omv\u00e4rld.\" \/>\n<meta name=\"robots\" content=\"index, follow, max-snippet:-1, max-image-preview:large, max-video-preview:-1\" \/>\n<link rel=\"canonical\" href=\"https:\/\/vittra.se\/samset\/samhallsforankrad-undervisning\/\" \/>\n<meta property=\"og:locale\" content=\"sv_SE\" \/>\n<meta property=\"og:type\" content=\"article\" \/>\n<meta property=\"og:description\" content=\"P\u00e5 Vittra Samset g\u00f6r vi l\u00e4randet verklighetsn\u00e4ra, knyter skolan till samh\u00e4llet och st\u00e4rker elevens f\u00f6rst\u00e5else f\u00f6r sin omv\u00e4rld.\" \/>\n<meta property=\"og:url\" content=\"https:\/\/vittra.se\/samset\/samhallsforankrad-undervisning\/\" \/>\n<meta property=\"og:site_name\" content=\"Samset\" \/>\n<meta property=\"article:modified_time\" content=\"2025-11-05T14:34:44+00:00\" \/>\n<meta name=\"twitter:card\" content=\"summary_large_image\" \/>\n<meta name=\"twitter:description\" content=\"P\u00e5 Vittra Samset g\u00f6r vi l\u00e4randet verklighetsn\u00e4ra, knyter skolan till samh\u00e4llet och st\u00e4rker elevens f\u00f6rst\u00e5else f\u00f6r sin omv\u00e4rld.\" \/>\n<script type=\"application\/ld+json\" class=\"yoast-schema-graph\">{\"@context\":\"https:\/\/schema.org\",\"@graph\":[{\"@type\":\"WebPage\",\"@id\":\"https:\/\/vittra.se\/samset\/samhallsforankrad-undervisning\/\",\"url\":\"https:\/\/vittra.se\/samset\/samhallsforankrad-undervisning\/\",\"name\":\"Samh\u00e4llsf\u00f6rankrad undervisning - Samset\",\"isPartOf\":{\"@id\":\"https:\/\/vittra.se\/samset\/#website\"},\"datePublished\":\"2025-11-05T14:34:42+00:00\",\"dateModified\":\"2025-11-05T14:34:44+00:00\",\"description\":\"P\u00e5 Vittra Samset g\u00f6r vi l\u00e4randet verklighetsn\u00e4ra, knyter skolan till samh\u00e4llet och st\u00e4rker elevens f\u00f6rst\u00e5else f\u00f6r sin omv\u00e4rld.\",\"breadcrumb\":{\"@id\":\"https:\/\/vittra.se\/samset\/samhallsforankrad-undervisning\/#breadcrumb\"},\"inLanguage\":\"sv-SE\",\"potentialAction\":[{\"@type\":\"ReadAction\",\"target\":[\"https:\/\/vittra.se\/samset\/samhallsforankrad-undervisning\/\"]}]},{\"@type\":\"BreadcrumbList\",\"@id\":\"https:\/\/vittra.se\/samset\/samhallsforankrad-undervisning\/#breadcrumb\",\"itemListElement\":[{\"@type\":\"ListItem\",\"position\":1,\"name\":\"Start\",\"item\":\"https:\/\/vittra.se\/samset\/\"},{\"@type\":\"ListItem\",\"position\":2,\"name\":\"Samh\u00e4llsf\u00f6rankrad undervisning\"}]},{\"@type\":\"WebSite\",\"@id\":\"https:\/\/vittra.se\/samset\/#website\",\"url\":\"https:\/\/vittra.se\/samset\/\",\"name\":\"Samset\",\"description\":\"Kunskap att f\u00f6r\u00e4ndra. Mod att p\u00e5verka.\",\"potentialAction\":[{\"@type\":\"SearchAction\",\"target\":{\"@type\":\"EntryPoint\",\"urlTemplate\":\"https:\/\/vittra.se\/samset\/?s={search_term_string}\"},\"query-input\":\"required name=search_term_string\"}],\"inLanguage\":\"sv-SE\"}]}<\/script>\n<!-- \/ Yoast SEO plugin. -->","yoast_head_json":{"title":"Samset","description":"P\u00e5 Vittra Samset g\u00f6r vi l\u00e4randet verklighetsn\u00e4ra, knyter skolan till samh\u00e4llet och st\u00e4rker elevens f\u00f6rst\u00e5else f\u00f6r sin omv\u00e4rld.","robots":{"index":"index","follow":"follow","max-snippet":"max-snippet:-1","max-image-preview":"max-image-preview:large","max-video-preview":"max-video-preview:-1"},"canonical":"https:\/\/vittra.se\/samset\/samhallsforankrad-undervisning\/","og_locale":"sv_SE","og_type":"article","og_description":"P\u00e5 Vittra Samset g\u00f6r vi l\u00e4randet verklighetsn\u00e4ra, knyter skolan till samh\u00e4llet och st\u00e4rker elevens f\u00f6rst\u00e5else f\u00f6r sin omv\u00e4rld.","og_url":"https:\/\/vittra.se\/samset\/samhallsforankrad-undervisning\/","og_site_name":"Samset","article_modified_time":"2025-11-05T14:34:44+00:00","twitter_card":"summary_large_image","twitter_description":"P\u00e5 Vittra Samset g\u00f6r vi l\u00e4randet verklighetsn\u00e4ra, knyter skolan till samh\u00e4llet och st\u00e4rker elevens f\u00f6rst\u00e5else f\u00f6r sin omv\u00e4rld.","schema":{"@context":"https:\/\/schema.org","@graph":[{"@type":"WebPage","@id":"https:\/\/vittra.se\/samset\/samhallsforankrad-undervisning\/","url":"https:\/\/vittra.se\/samset\/samhallsforankrad-undervisning\/","name":"Samh\u00e4llsf\u00f6rankrad undervisning - Samset","isPartOf":{"@id":"https:\/\/vittra.se\/samset\/#website"},"datePublished":"2025-11-05T14:34:42+00:00","dateModified":"2025-11-05T14:34:44+00:00","description":"P\u00e5 Vittra Samset g\u00f6r vi l\u00e4randet verklighetsn\u00e4ra, knyter skolan till samh\u00e4llet och st\u00e4rker elevens f\u00f6rst\u00e5else f\u00f6r sin omv\u00e4rld.","breadcrumb":{"@id":"https:\/\/vittra.se\/samset\/samhallsforankrad-undervisning\/#breadcrumb"},"inLanguage":"sv-SE","potentialAction":[{"@type":"ReadAction","target":["https:\/\/vittra.se\/samset\/samhallsforankrad-undervisning\/"]}]},{"@type":"BreadcrumbList","@id":"https:\/\/vittra.se\/samset\/samhallsforankrad-undervisning\/#breadcrumb","itemListElement":[{"@type":"ListItem","position":1,"name":"Start","item":"https:\/\/vittra.se\/samset\/"},{"@type":"ListItem","position":2,"name":"Samh\u00e4llsf\u00f6rankrad undervisning"}]},{"@type":"WebSite","@id":"https:\/\/vittra.se\/samset\/#website","url":"https:\/\/vittra.se\/samset\/","name":"Samset","description":"Kunskap att f\u00f6r\u00e4ndra. Mod att p\u00e5verka.","potentialAction":[{"@type":"SearchAction","target":{"@type":"EntryPoint","urlTemplate":"https:\/\/vittra.se\/samset\/?s={search_term_string}"},"query-input":"required name=search_term_string"}],"inLanguage":"sv-SE"}]}},"_links":{"self":[{"href":"https:\/\/vittra.se\/samset\/wp-json\/wp\/v2\/pages\/1639"}],"collection":[{"href":"https:\/\/vittra.se\/samset\/wp-json\/wp\/v2\/pages"}],"about":[{"href":"https:\/\/vittra.se\/samset\/wp-json\/wp\/v2\/types\/page"}],"author":[{"embeddable":true,"href":"https:\/\/vittra.se\/samset\/wp-json\/wp\/v2\/users\/93"}],"replies":[{"embeddable":true,"href":"https:\/\/vittra.se\/samset\/wp-json\/wp\/v2\/comments?post=1639"}],"version-history":[{"count":2,"href":"https:\/\/vittra.se\/samset\/wp-json\/wp\/v2\/pages\/1639\/revisions"}],"predecessor-version":[{"id":1641,"href":"https:\/\/vittra.se\/samset\/wp-json\/wp\/v2\/pages\/1639\/revisions\/1641"}],"wp:attachment":[{"href":"https:\/\/vittra.se\/samset\/wp-json\/wp\/v2\/media?parent=1639"}],"curies":[{"name":"wp","href":"https:\/\/api.w.org\/{rel}","templated":true}]}}