{"id":1636,"date":"2025-11-05T15:33:37","date_gmt":"2025-11-05T14:33:37","guid":{"rendered":"https:\/\/vittra.se\/samset\/?page_id=1636"},"modified":"2025-11-05T15:33:38","modified_gmt":"2025-11-05T14:33:38","slug":"vittrakulturen","status":"publish","type":"page","link":"https:\/\/vittra.se\/samset\/vittrakulturen\/","title":{"rendered":"Vittrakulturen"},"content":{"rendered":"\n\t<div class=\"module_wrapper ams_remote_pages_module \">\n\t\t\n\t\n\t\n\t\n\n\t\n\t\n\t\t\n<section  class=\"c-block l-stacked  \" data-color-scheme=\"\">\n\t<div class=\"ams-fifty ams-fifty--container ams-fifty--right ams-fifty--bottom l-container u-pt-fluid-3xl-6xl u-pb-fluid-3xl-6xl\">\n\t\t<div class=\"ams-fifty__content l-stack l-stack-xl is-center is-center@lg\">\n\t\t\t<div class=\"ams-fifty__text l-stack l-stack-lg\">\n\t\t\t\t\t\n\t<h1\n\tclass=\"c-heading u-font-title-1 \"\n\tstyle=\"\">\n\t\t\n\t\t\t\t\tVittrakulturen\n\t\t\t\t\n\t<\/h1>\n\n\t\t\t\t\t\t\t\t\t<div class=\"text l-stack u-font-body\">\n\t\t\t\t\t\t<p class=\"p1\" style=\"text-align: left;\">Trygghet \u00e4r en f\u00f6ruts\u00e4ttning f\u00f6r att utvecklas och l\u00e4ra. Alla barn och elever ska kunna vara sig sj\u00e4lva, en del av en gemenskap och omgivna av omt\u00e4nksamma andra. Vi tr\u00e4nar barn och unga att visa varandra omtanke, respekt och uppskattning \u2013 b\u00e5de i ord och handling. Vi arbetar aktivt med att skapa en Vittrakultur d\u00e4r mod, nyfikenhet och utforskande uppmuntras.<\/p>\n\n\t\t\t\t\t<\/div>\n\t\t\t\t\t\t\t<\/div>\n\n\t\t\t\t\t<\/div>\n\n\t\t <div class=\"ams-fifty__media u-ratio-landscape\">\n\t\t \t\t\t\t\t<img decoding=\"async\" width=\"600\" height=\"400\" src=\"https:\/\/vittra.se\/wp-content\/uploads\/2025\/09\/vittrasamset202506ak563-600x400.jpg\" class=\"attachment-md size-md\" alt=\"En elev har den andra p\u00e5 ryggen. De kollar in i kameran och ler.\" sizes=\"(min-width: 64em) 600px, calc(100vw - 160px)\" srcset=\"https:\/\/vittra.se\/wp-content\/uploads\/2025\/09\/vittrasamset202506ak563-600x400.jpg 600w, https:\/\/vittra.se\/wp-content\/uploads\/2025\/09\/vittrasamset202506ak563-300x200.jpg 300w, https:\/\/vittra.se\/wp-content\/uploads\/2025\/09\/vittrasamset202506ak563-400x267.jpg 400w, https:\/\/vittra.se\/wp-content\/uploads\/2025\/09\/vittrasamset202506ak563-800x534.jpg 800w, https:\/\/vittra.se\/wp-content\/uploads\/2025\/09\/vittrasamset202506ak563.jpg 1000w\" \/>\n\t\t\t\n\t\t\t\n\t\t\t\t\t<\/div>\n\t<\/div>\n\n\t\t\n\n<\/section>\n\n\n<section  class=\"ams-usp c-block l-stacked\" data-color-scheme=\"faq-ljusbla\">\n\t<div class=\"l-container l-stack l-stack-fluid-2xl u-pt-fluid-3xl-6xl u-pb-fluid-3xl-6xl is-center is-center@md\">\n\t\t\t\t\t<div class=\"ams-usp__intro l-stack l-stack-lg\">\n\t\t\t\t\t\n\t<h2\n\tclass=\"c-heading u-font-title-1 \"\n\tstyle=\"\">\n\t\t\n\t\t\t\t\tV\u00e5r gemensamma grund\n\t\t\t\t\n\t<\/h2>\n\n\t\t\t\t\t\t\t<\/div>\n\t\t\n\t\t\t<ul class=\"ams-usp__list l-grid u-justify-center u-gap-fluid-2xl-4xl\">\n\t\t\t\t\t<li class=\"l-col-6@md l-col-4@lg\">\n\t\t\t\t<article\n\t\t\t\t\tclass=\"\n\t\t\t\t\tc-card\n\t\t\t\t\thas-media-zoom\n\t\t\t\t\t\n\t\t\t\t\t\n\t\t\t\t\t\"\n\t\t\t\t\tdata-variant=\"neutral\"\n\t\t\t\t\tdata-style=\"square\"\n\t\t\t\t\t\n\t\t\t\t\t>\n\t\t\t\t\t\t\t\t\t\t\t<div class=\"c-card__content l-stack l-stack-sm u-text-center\">\n\t\t\t\t\t\t\t\t\t\t\t\t\t\t\t<h3 class=\"c-card__title u-font-title-3\">\n\t\t\t\t\t\t\t\t\t\t\t\t\t\t\t\t\t\t\t\t\t\t\t\t\t\t\t\t\t\tModig kultur\n\t\t\t\t\t\t\t\t\t\t\t\t\t\t\t\t\t\t\t\t\t\t\t\t\t\t\t<\/h3>\n\t\t\t\t\t\t\t\n\t\t\t\t\t\t\t\t\t\t\t\t\t\t\t<div class=\"c-card__text l-stack-xs u-font-body\">\n\t\t\t\t\t\t\t\t\t<p>I en modig kultur uppmuntras elever att st\u00e4lla fr\u00e5gor, uttrycka sina \u00e5sikter och st\u00e5 upp f\u00f6r sig sj\u00e4lva och andra.<\/p>\n\n\t\t\t\t\t\t\t\t<\/div>\n\t\t\t\t\t\t\t\t\t\t\t\t\t<\/div>\n\t\t\t\t\t\n\t\t\t\t\t<div class=\"c-card__media\">\n\t\t\t\t\t\t\t\t\t\t\t\t\t<img decoding=\"async\" width=\"400\" height=\"400\" src=\"https:\/\/vittra.se\/wp-content\/uploads\/2024\/03\/vittraikon500x500expressyourself2-400x400.png\" class=\" u-ratio-landscape  ams_icon_size_usp-big\" alt=\"\" srcset=\"https:\/\/vittra.se\/wp-content\/uploads\/2024\/03\/vittraikon500x500expressyourself2-400x400.png 400w, https:\/\/vittra.se\/wp-content\/uploads\/2024\/03\/vittraikon500x500expressyourself2-150x150.png 150w, https:\/\/vittra.se\/wp-content\/uploads\/2024\/03\/vittraikon500x500expressyourself2-300x300.png 300w, https:\/\/vittra.se\/wp-content\/uploads\/2024\/03\/vittraikon500x500expressyourself2.png 500w\" sizes=\"(max-width: 400px) 100vw, 400px\" \/>\n\t\t\t\t\t\t\t\t\t\t\t<\/div>\n\t\t\t\t<\/article>\n\t\t\t<\/li>\n\n\t\t\t\t\t<li class=\"l-col-6@md l-col-4@lg\">\n\t\t\t\t<article\n\t\t\t\t\tclass=\"\n\t\t\t\t\tc-card\n\t\t\t\t\thas-media-zoom\n\t\t\t\t\t\n\t\t\t\t\t\n\t\t\t\t\t\"\n\t\t\t\t\tdata-variant=\"neutral\"\n\t\t\t\t\tdata-style=\"square\"\n\t\t\t\t\t\n\t\t\t\t\t>\n\t\t\t\t\t\t\t\t\t\t\t<div class=\"c-card__content l-stack l-stack-sm u-text-center\">\n\t\t\t\t\t\t\t\t\t\t\t\t\t\t\t<h3 class=\"c-card__title u-font-title-3\">\n\t\t\t\t\t\t\t\t\t\t\t\t\t\t\t\t\t\t\t\t\t\t\t\t\t\t\t\t\t\tTillitsfulla relationer\n\t\t\t\t\t\t\t\t\t\t\t\t\t\t\t\t\t\t\t\t\t\t\t\t\t\t\t<\/h3>\n\t\t\t\t\t\t\t\n\t\t\t\t\t\t\t\t\t\t\t\t\t\t\t<div class=\"c-card__text l-stack-xs u-font-body\">\n\t\t\t\t\t\t\t\t\t<p>Vi bryr oss om varandra. Genom vardagliga handlingar som ett leende, ett hej och att bli sedd p\u00e5 varje lektion bygger vi relationer med tillit och omtanke.<\/p>\n\n\t\t\t\t\t\t\t\t<\/div>\n\t\t\t\t\t\t\t\t\t\t\t\t\t<\/div>\n\t\t\t\t\t\n\t\t\t\t\t<div class=\"c-card__media\">\n\t\t\t\t\t\t\t\t\t\t\t\t\t<img decoding=\"async\" width=\"400\" height=\"400\" src=\"https:\/\/vittra.se\/wp-content\/uploads\/2023\/01\/vittraikon500x500samarbete.png\" class=\" u-ratio-landscape  ams_icon_size_usp-big\" alt=\"\" srcset=\"https:\/\/vittra.se\/wp-content\/uploads\/2023\/01\/vittraikon500x500samarbete.png 500w, https:\/\/vittra.se\/wp-content\/uploads\/2023\/01\/vittraikon500x500samarbete-300x300.png 300w, https:\/\/vittra.se\/wp-content\/uploads\/2023\/01\/vittraikon500x500samarbete-150x150.png 150w, https:\/\/vittra.se\/wp-content\/uploads\/2023\/01\/vittraikon500x500samarbete-229x229.png 229w, https:\/\/vittra.se\/wp-content\/uploads\/2023\/01\/vittraikon500x500samarbete-340x340.png 340w, https:\/\/vittra.se\/wp-content\/uploads\/2023\/01\/vittraikon500x500samarbete-100x100.png 100w\" sizes=\"(max-width: 400px) 100vw, 400px\" \/>\n\t\t\t\t\t\t\t\t\t\t\t<\/div>\n\t\t\t\t<\/article>\n\t\t\t<\/li>\n\n\t\t\t\t\t<li class=\"l-col-6@md l-col-4@lg\">\n\t\t\t\t<article\n\t\t\t\t\tclass=\"\n\t\t\t\t\tc-card\n\t\t\t\t\thas-media-zoom\n\t\t\t\t\t\n\t\t\t\t\t\n\t\t\t\t\t\"\n\t\t\t\t\tdata-variant=\"neutral\"\n\t\t\t\t\tdata-style=\"square\"\n\t\t\t\t\t\n\t\t\t\t\t>\n\t\t\t\t\t\t\t\t\t\t\t<div class=\"c-card__content l-stack l-stack-sm u-text-center\">\n\t\t\t\t\t\t\t\t\t\t\t\t\t\t\t<h3 class=\"c-card__title u-font-title-3\">\n\t\t\t\t\t\t\t\t\t\t\t\t\t\t\t\t\t\t\t\t\t\t\t\t\t\t\t\t\t\tInkluderade l\u00e4rmilj\u00f6er\n\t\t\t\t\t\t\t\t\t\t\t\t\t\t\t\t\t\t\t\t\t\t\t\t\t\t\t<\/h3>\n\t\t\t\t\t\t\t\n\t\t\t\t\t\t\t\t\t\t\t\t\t\t\t<div class=\"c-card__text l-stack-xs u-font-body\">\n\t\t\t\t\t\t\t\t\t<p>Alla barn och elever \u00e4r nyfikna och vill l\u00e4ra, d\u00e4rf\u00f6r skapar vi milj\u00f6er d\u00e4r alla f\u00e5r plats och k\u00e4nner trygghet.<\/p>\n\n\t\t\t\t\t\t\t\t<\/div>\n\t\t\t\t\t\t\t\t\t\t\t\t\t<\/div>\n\t\t\t\t\t\n\t\t\t\t\t<div class=\"c-card__media\">\n\t\t\t\t\t\t\t\t\t\t\t\t\t<img decoding=\"async\" width=\"400\" height=\"400\" src=\"https:\/\/vittra.se\/wp-content\/uploads\/2023\/01\/vittraikon500x500kvartersmalen3.png\" class=\" u-ratio-landscape  ams_icon_size_usp-big\" alt=\"\" srcset=\"https:\/\/vittra.se\/wp-content\/uploads\/2023\/01\/vittraikon500x500kvartersmalen3.png 500w, https:\/\/vittra.se\/wp-content\/uploads\/2023\/01\/vittraikon500x500kvartersmalen3-300x300.png 300w, https:\/\/vittra.se\/wp-content\/uploads\/2023\/01\/vittraikon500x500kvartersmalen3-150x150.png 150w, https:\/\/vittra.se\/wp-content\/uploads\/2023\/01\/vittraikon500x500kvartersmalen3-229x229.png 229w, https:\/\/vittra.se\/wp-content\/uploads\/2023\/01\/vittraikon500x500kvartersmalen3-340x340.png 340w, https:\/\/vittra.se\/wp-content\/uploads\/2023\/01\/vittraikon500x500kvartersmalen3-100x100.png 100w\" sizes=\"(max-width: 400px) 100vw, 400px\" \/>\n\t\t\t\t\t\t\t\t\t\t\t<\/div>\n\t\t\t\t<\/article>\n\t\t\t<\/li>\n\n\t\t\t<\/ul>\n\n\t\t\t<\/div>\n\n\t\t\n\n<\/section>\n\t<\/div>\n\n\t\n\n\n\t<div class=\"module_wrapper ams_remote_pages_module \">\n\t\t\n\n<section  class=\"ams-cta ams-cta--stacked c-block l-stacked\" data-color-scheme=\"nyans1_av_cta\">\n\t<div class=\"l-container l-stack l-stack-fluid-2xl u-pt-fluid-3xl-6xl u-pb-fluid-3xl-6xl is-center is-center@md\">\n\t\t\t\t\t<div class=\"ams-cta__intro l-stack l-stack-lg\">\n\t\t\t\t\t\n\t<h2\n\tclass=\"c-heading u-font-title-1 \"\n\tstyle=\"\">\n\t\t\n\t\t\t\t\tVill du l\u00e4sa om v\u00e5ra andra verktyg?\n\t\t\t\t\n\t<\/h2>\n\n\t\t\t\t\t\t\t\t\t<div class=\"c-text l-stack u-cs-xl u-font-body\">\n\t\t\t\t\t\t<p>Med hj\u00e4lp av v\u00e5ra pedagogiska verktyg skapar vi en tydlig struktur, en modig kultur och ett medvetet l\u00e4rande.<\/p>\n\n\t\t\t\t\t<\/div>\n\t\t\t\t\t\t\t<\/div>\n\t\t\n\t\t\n\t\t\t<div class=\"ams-cta__action u-inline-items\">\n\t\t\t\t\t\t\t\n\n\n<a href=\"https:\/\/vittra.se\/samset\/pedagogiska-verktyg\/\"\n\t\n\tclass=\"c-btn \"\n\tdata-style=\"round\"\n\tdata-size=\"md\"\n\tdata-width=\"full-mobile\"\n\tdata-variant=\"default\"\n\ttarget=\"_self\">\n\t\t\t<span class=\"label\"> Till alla verktyg<\/span>\n\t\t\t<\/a>\n\t\t\t<\/div>\n\t<\/div>\n\n\t\t\n\n<\/section>\n\t<\/div>\n\n\t","protected":false},"excerpt":{"rendered":"","protected":false},"author":93,"featured_media":0,"parent":0,"menu_order":0,"comment_status":"closed","ping_status":"closed","template":"","meta":{"footnotes":""},"yoast_head":"<!-- This site is optimized with the Yoast SEO plugin v22.0 - https:\/\/yoast.com\/wordpress\/plugins\/seo\/ -->\n<title>Samset<\/title>\n<meta name=\"description\" content=\"P\u00e5 Vittra Samset arbetar vi aktivt med att skapa en Vittrakultur d\u00e4r mod, nyfikenhet och utforskande uppmuntras.\" \/>\n<meta name=\"robots\" content=\"index, follow, max-snippet:-1, max-image-preview:large, max-video-preview:-1\" \/>\n<link rel=\"canonical\" href=\"https:\/\/vittra.se\/samset\/vittrakulturen\/\" \/>\n<meta property=\"og:locale\" content=\"sv_SE\" \/>\n<meta property=\"og:type\" content=\"article\" \/>\n<meta property=\"og:description\" content=\"P\u00e5 Vittra Samset arbetar vi aktivt med att skapa en Vittrakultur d\u00e4r mod, nyfikenhet och utforskande uppmuntras.\" \/>\n<meta property=\"og:url\" content=\"https:\/\/vittra.se\/samset\/vittrakulturen\/\" \/>\n<meta property=\"og:site_name\" content=\"Samset\" \/>\n<meta property=\"article:modified_time\" content=\"2025-11-05T14:33:38+00:00\" \/>\n<meta name=\"twitter:card\" content=\"summary_large_image\" \/>\n<meta name=\"twitter:description\" content=\"P\u00e5 Vittra Samset arbetar vi aktivt med att skapa en Vittrakultur d\u00e4r mod, nyfikenhet och utforskande uppmuntras.\" \/>\n<script type=\"application\/ld+json\" class=\"yoast-schema-graph\">{\"@context\":\"https:\/\/schema.org\",\"@graph\":[{\"@type\":\"WebPage\",\"@id\":\"https:\/\/vittra.se\/samset\/vittrakulturen\/\",\"url\":\"https:\/\/vittra.se\/samset\/vittrakulturen\/\",\"name\":\"Vittrakulturen - Samset\",\"isPartOf\":{\"@id\":\"https:\/\/vittra.se\/samset\/#website\"},\"datePublished\":\"2025-11-05T14:33:37+00:00\",\"dateModified\":\"2025-11-05T14:33:38+00:00\",\"description\":\"P\u00e5 Vittra Samset arbetar vi aktivt med att skapa en Vittrakultur d\u00e4r mod, nyfikenhet och utforskande uppmuntras.\",\"breadcrumb\":{\"@id\":\"https:\/\/vittra.se\/samset\/vittrakulturen\/#breadcrumb\"},\"inLanguage\":\"sv-SE\",\"potentialAction\":[{\"@type\":\"ReadAction\",\"target\":[\"https:\/\/vittra.se\/samset\/vittrakulturen\/\"]}]},{\"@type\":\"BreadcrumbList\",\"@id\":\"https:\/\/vittra.se\/samset\/vittrakulturen\/#breadcrumb\",\"itemListElement\":[{\"@type\":\"ListItem\",\"position\":1,\"name\":\"Start\",\"item\":\"https:\/\/vittra.se\/samset\/\"},{\"@type\":\"ListItem\",\"position\":2,\"name\":\"Vittrakulturen\"}]},{\"@type\":\"WebSite\",\"@id\":\"https:\/\/vittra.se\/samset\/#website\",\"url\":\"https:\/\/vittra.se\/samset\/\",\"name\":\"Samset\",\"description\":\"Kunskap att f\u00f6r\u00e4ndra. Mod att p\u00e5verka.\",\"potentialAction\":[{\"@type\":\"SearchAction\",\"target\":{\"@type\":\"EntryPoint\",\"urlTemplate\":\"https:\/\/vittra.se\/samset\/?s={search_term_string}\"},\"query-input\":\"required name=search_term_string\"}],\"inLanguage\":\"sv-SE\"}]}<\/script>\n<!-- \/ Yoast SEO plugin. -->","yoast_head_json":{"title":"Samset","description":"P\u00e5 Vittra Samset arbetar vi aktivt med att skapa en Vittrakultur d\u00e4r mod, nyfikenhet och utforskande uppmuntras.","robots":{"index":"index","follow":"follow","max-snippet":"max-snippet:-1","max-image-preview":"max-image-preview:large","max-video-preview":"max-video-preview:-1"},"canonical":"https:\/\/vittra.se\/samset\/vittrakulturen\/","og_locale":"sv_SE","og_type":"article","og_description":"P\u00e5 Vittra Samset arbetar vi aktivt med att skapa en Vittrakultur d\u00e4r mod, nyfikenhet och utforskande uppmuntras.","og_url":"https:\/\/vittra.se\/samset\/vittrakulturen\/","og_site_name":"Samset","article_modified_time":"2025-11-05T14:33:38+00:00","twitter_card":"summary_large_image","twitter_description":"P\u00e5 Vittra Samset arbetar vi aktivt med att skapa en Vittrakultur d\u00e4r mod, nyfikenhet och utforskande uppmuntras.","schema":{"@context":"https:\/\/schema.org","@graph":[{"@type":"WebPage","@id":"https:\/\/vittra.se\/samset\/vittrakulturen\/","url":"https:\/\/vittra.se\/samset\/vittrakulturen\/","name":"Vittrakulturen - Samset","isPartOf":{"@id":"https:\/\/vittra.se\/samset\/#website"},"datePublished":"2025-11-05T14:33:37+00:00","dateModified":"2025-11-05T14:33:38+00:00","description":"P\u00e5 Vittra Samset arbetar vi aktivt med att skapa en Vittrakultur d\u00e4r mod, nyfikenhet och utforskande uppmuntras.","breadcrumb":{"@id":"https:\/\/vittra.se\/samset\/vittrakulturen\/#breadcrumb"},"inLanguage":"sv-SE","potentialAction":[{"@type":"ReadAction","target":["https:\/\/vittra.se\/samset\/vittrakulturen\/"]}]},{"@type":"BreadcrumbList","@id":"https:\/\/vittra.se\/samset\/vittrakulturen\/#breadcrumb","itemListElement":[{"@type":"ListItem","position":1,"name":"Start","item":"https:\/\/vittra.se\/samset\/"},{"@type":"ListItem","position":2,"name":"Vittrakulturen"}]},{"@type":"WebSite","@id":"https:\/\/vittra.se\/samset\/#website","url":"https:\/\/vittra.se\/samset\/","name":"Samset","description":"Kunskap att f\u00f6r\u00e4ndra. Mod att p\u00e5verka.","potentialAction":[{"@type":"SearchAction","target":{"@type":"EntryPoint","urlTemplate":"https:\/\/vittra.se\/samset\/?s={search_term_string}"},"query-input":"required name=search_term_string"}],"inLanguage":"sv-SE"}]}},"_links":{"self":[{"href":"https:\/\/vittra.se\/samset\/wp-json\/wp\/v2\/pages\/1636"}],"collection":[{"href":"https:\/\/vittra.se\/samset\/wp-json\/wp\/v2\/pages"}],"about":[{"href":"https:\/\/vittra.se\/samset\/wp-json\/wp\/v2\/types\/page"}],"author":[{"embeddable":true,"href":"https:\/\/vittra.se\/samset\/wp-json\/wp\/v2\/users\/93"}],"replies":[{"embeddable":true,"href":"https:\/\/vittra.se\/samset\/wp-json\/wp\/v2\/comments?post=1636"}],"version-history":[{"count":2,"href":"https:\/\/vittra.se\/samset\/wp-json\/wp\/v2\/pages\/1636\/revisions"}],"predecessor-version":[{"id":1638,"href":"https:\/\/vittra.se\/samset\/wp-json\/wp\/v2\/pages\/1636\/revisions\/1638"}],"wp:attachment":[{"href":"https:\/\/vittra.se\/samset\/wp-json\/wp\/v2\/media?parent=1636"}],"curies":[{"name":"wp","href":"https:\/\/api.w.org\/{rel}","templated":true}]}}