{"id":2265,"date":"2026-03-18T10:10:32","date_gmt":"2026-03-18T09:10:32","guid":{"rendered":"https:\/\/vittra.se\/rosjotorp\/?page_id=2265"},"modified":"2026-03-18T10:10:33","modified_gmt":"2026-03-18T09:10:33","slug":"inskolning-pa-forskolan","status":"publish","type":"page","link":"https:\/\/vittra.se\/rosjotorp\/inskolning-pa-forskolan\/","title":{"rendered":"Inskolning p\u00e5 f\u00f6rskolan"},"content":{"rendered":"\n\t\n\t\n\t\n\n\t\n\t\n\t\t\n<section  class=\"c-block l-stacked  \" data-color-scheme=\"transparent\">\n\t<div class=\"ams-fifty ams-fifty--container ams-fifty--right ams-fifty--bottom l-container u-pt-fluid-2xl-4xl u-pb-fluid-md-xl\">\n\t\t<div class=\"ams-fifty__content l-stack l-stack-xl is-left is-left@lg\">\n\t\t\t<div class=\"ams-fifty__text l-stack l-stack-lg\">\n\t\t\t\t\t\n\t<h2\n\tclass=\"c-heading u-font-title-1 \"\n\tstyle=\"\">\n\t\t\n\t\t\t\t\tInskolning p\u00e5 f\u00f6rskolan\n\t\t\t\t\n\t<\/h2>\n\n\t\t\t\t\t\t\t\t\t<div class=\"text l-stack u-font-body\">\n\t\t\t\t\t\t<p data-start=\"78\" data-end=\"298\">N\u00e4r du har tackat ja till en plats hos oss f\u00e5r du ett v\u00e4lkomstbrev med all information inf\u00f6r starten och hur inskolningen g\u00e5r till. Inskolningen brukar ta cirka tv\u00e5 veckor, med h\u00e4nsyn till varje barns individuella behov.<\/p>\n<p data-start=\"300\" data-end=\"541\">De f\u00f6rsta dagarna \u00e4r du som v\u00e5rdnadshavare med ditt barn p\u00e5 f\u00f6rskolan. D\u00e4refter b\u00f6rjar ni successivt med kortare stunder d\u00e5 barnet \u00e4r sj\u00e4lv. Hur l\u00e4nge du \u00e4r med innan det \u00e4r dags att l\u00e4mna anpassas utifr\u00e5n just ditt barns behov och trygghet.<\/p>\n<p data-start=\"543\" data-end=\"767\">Inskolningsperioden \u00e4r en viktig tid d\u00e4r vi tillsammans l\u00e4gger grunden f\u00f6r en trygg och tillitsfull relation. Du f\u00e5r m\u00f6jlighet att f\u00e5 inblick i v\u00e5r utbildning, st\u00e4lla fr\u00e5gor och k\u00e4nna delaktighet i ditt barns vardag hos oss.<\/p>\n<p data-start=\"769\" data-end=\"899\">Barnets b\u00e4sta st\u00e5r alltid i centrum \u2013 och tillsammans skapar vi de b\u00e4sta f\u00f6ruts\u00e4ttningarna f\u00f6r varje barns utveckling och l\u00e4rande.<\/p>\n\n\t\t\t\t\t<\/div>\n\t\t\t\t\t\t\t<\/div>\n\n\t\t\t\t\t<\/div>\n\n\t\t <div class=\"ams-fifty__media u-ratio-square\">\n\t\t \t\t\t\t\t<img decoding=\"async\" width=\"600\" height=\"400\" src=\"https:\/\/vittra.se\/wp-content\/uploads\/sites\/19\/2023\/09\/vittrahalmstadfotoforskola4ret.jpg\" class=\"attachment-md size-md\" alt=\"En pedagog sitter med en ung elev i kn\u00e4t och l\u00e4ser en bok\" sizes=\"(min-width: 64em) 600px, calc(100vw - 160px)\" srcset=\"https:\/\/vittra.se\/wp-content\/uploads\/sites\/19\/2023\/09\/vittrahalmstadfotoforskola4ret.jpg 1980w, https:\/\/vittra.se\/wp-content\/uploads\/sites\/19\/2023\/09\/vittrahalmstadfotoforskola4ret-300x200.jpg 300w, https:\/\/vittra.se\/wp-content\/uploads\/sites\/19\/2023\/09\/vittrahalmstadfotoforskola4ret-1024x683.jpg 1024w, https:\/\/vittra.se\/wp-content\/uploads\/sites\/19\/2023\/09\/vittrahalmstadfotoforskola4ret-768x512.jpg 768w, https:\/\/vittra.se\/wp-content\/uploads\/sites\/19\/2023\/09\/vittrahalmstadfotoforskola4ret-1536x1024.jpg 1536w, https:\/\/vittra.se\/wp-content\/uploads\/sites\/19\/2023\/09\/vittrahalmstadfotoforskola4ret-1920x1280.jpg 1920w, https:\/\/vittra.se\/wp-content\/uploads\/sites\/19\/2023\/09\/vittrahalmstadfotoforskola4ret-500x333.jpg 500w, https:\/\/vittra.se\/wp-content\/uploads\/sites\/19\/2023\/09\/vittrahalmstadfotoforskola4ret-340x227.jpg 340w, https:\/\/vittra.se\/wp-content\/uploads\/sites\/19\/2023\/09\/vittrahalmstadfotoforskola4ret-1100x733.jpg 1100w, https:\/\/vittra.se\/wp-content\/uploads\/sites\/19\/2023\/09\/vittrahalmstadfotoforskola4ret-1000x667.jpg 1000w\" \/>\n\t\t\t\n\t\t\t\n\t\t\t\t\t<\/div>\n\t<\/div>\n\n\t\t\n\n<\/section>\n\n\n\n\n<section  class=\"ams-cta ams-cta--stacked c-block l-stacked\" data-color-scheme=\"primar2\">\n\t<div class=\"l-container l-stack l-stack-fluid-2xl u-pt-fluid-2xl-4xl u-pb-fluid-2xl-4xl is-center is-center@md\">\n\t\t\t\t\t<div class=\"ams-cta__intro l-stack l-stack-lg\">\n\t\t\t\t\t\n\t<h2\n\tclass=\"c-heading u-font-title-1 \"\n\tstyle=\"\">\n\t\t\n\t\t\t\t\tTillbaka till f\u00f6rskolesidan\n\t\t\t\t\n\t<\/h2>\n\n\t\t\t\t\t\t\t<\/div>\n\t\t\n\t\t\n\t\t\t<div class=\"ams-cta__action u-inline-items\">\n\t\t\t\t\t\t\t\n\n\n<a href=\"https:\/\/vittra.se\/rosjotorp\/om\/forskola\/\"\n\t\n\tclass=\"c-btn \"\n\tdata-style=\"round\"\n\tdata-size=\"md\"\n\tdata-width=\"full-mobile\"\n\tdata-variant=\"default\"\n\ttarget=\"_self\">\n\t\t\t<span class=\"label\"> Om v\u00e5r f\u00f6rskola<\/span>\n\t\t\t<\/a>\n\t\t\t<\/div>\n\t<\/div>\n\n\t\t\n\n<\/section>\n","protected":false},"excerpt":{"rendered":"","protected":false},"author":103,"featured_media":0,"parent":0,"menu_order":0,"comment_status":"closed","ping_status":"closed","template":"","meta":{"footnotes":""},"yoast_head":"<!-- This site is optimized with the Yoast SEO plugin v22.0 - https:\/\/yoast.com\/wordpress\/plugins\/seo\/ -->\n<title>S\u00e5 fungerar inskolningen p\u00e5 v\u00e5r f\u00f6rskola | Vittra R\u00f6sj\u00f6torp<\/title>\n<meta name=\"description\" content=\"Hur g\u00e5r inskolningen till p\u00e5 Vittra R\u00f6sj\u00f6torp i Helsingborg? L\u00e4s om v\u00e5r trygga och individuellt anpassade start i f\u00f6rskolan.\" \/>\n<meta name=\"robots\" content=\"index, follow, max-snippet:-1, max-image-preview:large, max-video-preview:-1\" \/>\n<link rel=\"canonical\" href=\"https:\/\/vittra.se\/rosjotorp\/inskolning-pa-forskolan\/\" \/>\n<meta property=\"og:locale\" content=\"sv_SE\" \/>\n<meta property=\"og:type\" content=\"article\" \/>\n<meta property=\"og:title\" content=\"S\u00e5 fungerar inskolningen p\u00e5 v\u00e5r f\u00f6rskola | Vittra R\u00f6sj\u00f6torp\" \/>\n<meta property=\"og:description\" content=\"Hur g\u00e5r inskolningen till p\u00e5 Vittra R\u00f6sj\u00f6torp i Helsingborg? L\u00e4s om v\u00e5r trygga och individuellt anpassade start i f\u00f6rskolan.\" \/>\n<meta property=\"og:url\" content=\"https:\/\/vittra.se\/rosjotorp\/inskolning-pa-forskolan\/\" \/>\n<meta property=\"og:site_name\" content=\"R\u00f6sj\u00f6torp\" \/>\n<meta property=\"article:modified_time\" content=\"2026-03-18T09:10:33+00:00\" \/>\n<meta name=\"twitter:card\" content=\"summary_large_image\" \/>\n<meta name=\"twitter:title\" content=\"S\u00e5 fungerar inskolningen p\u00e5 v\u00e5r f\u00f6rskola | Vittra R\u00f6sj\u00f6torp\" \/>\n<meta name=\"twitter:description\" content=\"Hur g\u00e5r inskolningen till p\u00e5 Vittra R\u00f6sj\u00f6torp i Helsingborg? L\u00e4s om v\u00e5r trygga och individuellt anpassade start i f\u00f6rskolan.\" \/>\n<script type=\"application\/ld+json\" class=\"yoast-schema-graph\">{\"@context\":\"https:\/\/schema.org\",\"@graph\":[{\"@type\":\"WebPage\",\"@id\":\"https:\/\/vittra.se\/rosjotorp\/inskolning-pa-forskolan\/\",\"url\":\"https:\/\/vittra.se\/rosjotorp\/inskolning-pa-forskolan\/\",\"name\":\"S\u00e5 fungerar inskolningen p\u00e5 v\u00e5r f\u00f6rskola | Vittra R\u00f6sj\u00f6torp\",\"isPartOf\":{\"@id\":\"https:\/\/vittra.se\/rosjotorp\/#website\"},\"datePublished\":\"2026-03-18T09:10:32+00:00\",\"dateModified\":\"2026-03-18T09:10:33+00:00\",\"description\":\"Hur g\u00e5r inskolningen till p\u00e5 Vittra R\u00f6sj\u00f6torp i Helsingborg? L\u00e4s om v\u00e5r trygga och individuellt anpassade start i f\u00f6rskolan.\",\"breadcrumb\":{\"@id\":\"https:\/\/vittra.se\/rosjotorp\/inskolning-pa-forskolan\/#breadcrumb\"},\"inLanguage\":\"sv-SE\",\"potentialAction\":[{\"@type\":\"ReadAction\",\"target\":[\"https:\/\/vittra.se\/rosjotorp\/inskolning-pa-forskolan\/\"]}]},{\"@type\":\"BreadcrumbList\",\"@id\":\"https:\/\/vittra.se\/rosjotorp\/inskolning-pa-forskolan\/#breadcrumb\",\"itemListElement\":[{\"@type\":\"ListItem\",\"position\":1,\"name\":\"Start\",\"item\":\"https:\/\/vittra.se\/rosjotorp\/\"},{\"@type\":\"ListItem\",\"position\":2,\"name\":\"Inskolning p\u00e5 f\u00f6rskolan\"}]},{\"@type\":\"WebSite\",\"@id\":\"https:\/\/vittra.se\/rosjotorp\/#website\",\"url\":\"https:\/\/vittra.se\/rosjotorp\/\",\"name\":\"R\u00f6sj\u00f6torp\",\"description\":\"Kunskap att f\u00f6r\u00e4ndra. Mod att p\u00e5verka.\",\"potentialAction\":[{\"@type\":\"SearchAction\",\"target\":{\"@type\":\"EntryPoint\",\"urlTemplate\":\"https:\/\/vittra.se\/rosjotorp\/?s={search_term_string}\"},\"query-input\":\"required name=search_term_string\"}],\"inLanguage\":\"sv-SE\"}]}<\/script>\n<!-- \/ Yoast SEO plugin. -->","yoast_head_json":{"title":"S\u00e5 fungerar inskolningen p\u00e5 v\u00e5r f\u00f6rskola | Vittra R\u00f6sj\u00f6torp","description":"Hur g\u00e5r inskolningen till p\u00e5 Vittra R\u00f6sj\u00f6torp i Helsingborg? L\u00e4s om v\u00e5r trygga och individuellt anpassade start i f\u00f6rskolan.","robots":{"index":"index","follow":"follow","max-snippet":"max-snippet:-1","max-image-preview":"max-image-preview:large","max-video-preview":"max-video-preview:-1"},"canonical":"https:\/\/vittra.se\/rosjotorp\/inskolning-pa-forskolan\/","og_locale":"sv_SE","og_type":"article","og_title":"S\u00e5 fungerar inskolningen p\u00e5 v\u00e5r f\u00f6rskola | Vittra R\u00f6sj\u00f6torp","og_description":"Hur g\u00e5r inskolningen till p\u00e5 Vittra R\u00f6sj\u00f6torp i Helsingborg? L\u00e4s om v\u00e5r trygga och individuellt anpassade start i f\u00f6rskolan.","og_url":"https:\/\/vittra.se\/rosjotorp\/inskolning-pa-forskolan\/","og_site_name":"R\u00f6sj\u00f6torp","article_modified_time":"2026-03-18T09:10:33+00:00","twitter_card":"summary_large_image","twitter_title":"S\u00e5 fungerar inskolningen p\u00e5 v\u00e5r f\u00f6rskola | Vittra R\u00f6sj\u00f6torp","twitter_description":"Hur g\u00e5r inskolningen till p\u00e5 Vittra R\u00f6sj\u00f6torp i Helsingborg? L\u00e4s om v\u00e5r trygga och individuellt anpassade start i f\u00f6rskolan.","schema":{"@context":"https:\/\/schema.org","@graph":[{"@type":"WebPage","@id":"https:\/\/vittra.se\/rosjotorp\/inskolning-pa-forskolan\/","url":"https:\/\/vittra.se\/rosjotorp\/inskolning-pa-forskolan\/","name":"S\u00e5 fungerar inskolningen p\u00e5 v\u00e5r f\u00f6rskola | Vittra R\u00f6sj\u00f6torp","isPartOf":{"@id":"https:\/\/vittra.se\/rosjotorp\/#website"},"datePublished":"2026-03-18T09:10:32+00:00","dateModified":"2026-03-18T09:10:33+00:00","description":"Hur g\u00e5r inskolningen till p\u00e5 Vittra R\u00f6sj\u00f6torp i Helsingborg? L\u00e4s om v\u00e5r trygga och individuellt anpassade start i f\u00f6rskolan.","breadcrumb":{"@id":"https:\/\/vittra.se\/rosjotorp\/inskolning-pa-forskolan\/#breadcrumb"},"inLanguage":"sv-SE","potentialAction":[{"@type":"ReadAction","target":["https:\/\/vittra.se\/rosjotorp\/inskolning-pa-forskolan\/"]}]},{"@type":"BreadcrumbList","@id":"https:\/\/vittra.se\/rosjotorp\/inskolning-pa-forskolan\/#breadcrumb","itemListElement":[{"@type":"ListItem","position":1,"name":"Start","item":"https:\/\/vittra.se\/rosjotorp\/"},{"@type":"ListItem","position":2,"name":"Inskolning p\u00e5 f\u00f6rskolan"}]},{"@type":"WebSite","@id":"https:\/\/vittra.se\/rosjotorp\/#website","url":"https:\/\/vittra.se\/rosjotorp\/","name":"R\u00f6sj\u00f6torp","description":"Kunskap att f\u00f6r\u00e4ndra. Mod att p\u00e5verka.","potentialAction":[{"@type":"SearchAction","target":{"@type":"EntryPoint","urlTemplate":"https:\/\/vittra.se\/rosjotorp\/?s={search_term_string}"},"query-input":"required name=search_term_string"}],"inLanguage":"sv-SE"}]}},"_links":{"self":[{"href":"https:\/\/vittra.se\/rosjotorp\/wp-json\/wp\/v2\/pages\/2265"}],"collection":[{"href":"https:\/\/vittra.se\/rosjotorp\/wp-json\/wp\/v2\/pages"}],"about":[{"href":"https:\/\/vittra.se\/rosjotorp\/wp-json\/wp\/v2\/types\/page"}],"author":[{"embeddable":true,"href":"https:\/\/vittra.se\/rosjotorp\/wp-json\/wp\/v2\/users\/103"}],"replies":[{"embeddable":true,"href":"https:\/\/vittra.se\/rosjotorp\/wp-json\/wp\/v2\/comments?post=2265"}],"version-history":[{"count":5,"href":"https:\/\/vittra.se\/rosjotorp\/wp-json\/wp\/v2\/pages\/2265\/revisions"}],"predecessor-version":[{"id":2270,"href":"https:\/\/vittra.se\/rosjotorp\/wp-json\/wp\/v2\/pages\/2265\/revisions\/2270"}],"wp:attachment":[{"href":"https:\/\/vittra.se\/rosjotorp\/wp-json\/wp\/v2\/media?parent=2265"}],"curies":[{"name":"wp","href":"https:\/\/api.w.org\/{rel}","templated":true}]}}