{"id":816,"date":"2020-12-03T16:35:29","date_gmt":"2020-12-03T15:35:29","guid":{"rendered":"https:\/\/vittra.se\/rosjotorp-international\/?page_id=816"},"modified":"2026-04-29T10:52:26","modified_gmt":"2026-04-29T08:52:26","slug":"application","status":"publish","type":"page","link":"https:\/\/vittra.se\/rosjotorp-international\/application\/","title":{"rendered":"Application"},"content":{"rendered":"\n\n<section  class=\"ams-cta ams-cta--stacked c-block l-stacked\" data-color-scheme=\"transparent\">\n\t<div class=\"l-container l-stack l-stack-fluid-2xl u-pt-fluid-md-xl u-pb-fluid-None is-right is-right@md\">\n\t\t\t\t\t<div class=\"ams-cta__intro l-stack l-stack-lg\">\n\t\t\t\t\n\t\t\t\t\t\t\t\t\t<div class=\"c-text l-stack u-cs-xl u-font-small\">\n\t\t\t\t\t\t<p><a href=\"https:\/\/vittra.se\/rosjotorp\/koanmalan\/\">L\u00e4s den h\u00e4r sidan p\u00e5 svenska.<\/a><\/p>\n\n\t\t\t\t\t<\/div>\n\t\t\t\t\t\t\t<\/div>\n\t\t\n\t\t\n\t\t\t<\/div>\n\n\t\t\n\n<\/section>\n\n\n\n\t\n\t\n\t\n\n\t\n\t\n\t\t\n<section  class=\"c-block l-stacked  \" data-color-scheme=\"transparent\">\n\t<div class=\"ams-fifty ams-fifty--container ams-fifty--right ams-fifty--bottom l-container u-pt-fluid-2xl-4xl u-pb-fluid-3xl-6xl\">\n\t\t<div class=\"ams-fifty__content l-stack l-stack-xl is-left is-left@lg\">\n\t\t\t<div class=\"ams-fifty__text l-stack l-stack-lg\">\n\t\t\t\t\t\n\t<h1\n\tclass=\"c-heading u-font-title-1 \"\n\tstyle=\"\">\n\t\t\n\t\t\t\t\tApplication to Vittra R\u00f6sj\u00f6torp\n\t\t\t\t\n\t<\/h1>\n\n\t\t\t\t\t\t\t\t\t<div class=\"text l-stack u-font-body\">\n\t\t\t\t\t\t<p>We&#8217;re glad you are interested in Vittra R\u00f6sj\u00f6torp! Your queue place is counted from the date we receive your application. Queue registration is free of charge and non-binding.<\/p>\n<p>Apply now or <a href=\"https:\/\/vittra.se\/rosjotorp-international\/contact\">contact us<\/a> for more information.<\/p>\n<h2>Apply to Vittra R\u00f6sj\u00f6torp<\/h2>\n<p>You apply to our preschool and primary school through Schoolsoft.<\/p>\n<p>If you have protected personal data, please contact the school regarding queue placement.<\/p>\n\n\t\t\t\t\t<\/div>\n\t\t\t\t\t\t\t<\/div>\n\n\t\t\t\t<div class=\"ams-fifty__action u-inline-items\">\n\t\t\t\t\t\t\t\n\n\n<a href=\"https:\/\/sms.schoolsoft.se\/vittra\/react\/#\/login\/queue?school=51\"\n\t\n\tclass=\"c-btn \"\n\tdata-style=\"round\"\n\tdata-size=\"md\"\n\tdata-width=\"full-mobile\"\n\tdata-variant=\"default\"\n\ttarget=\"_self\">\n\t\t\t<span class=\"label\"> Application preschool<\/span>\n\t\t\t<\/a>\n\t\t\t\t\t\t\t\n\n\n<a href=\"https:\/\/sms.schoolsoft.se\/vittra\/react\/#\/login\/queue?school=52\"\n\t\n\tclass=\"c-btn \"\n\tdata-style=\"round\"\n\tdata-size=\"md\"\n\tdata-width=\"full-mobile\"\n\tdata-variant=\"default\"\n\ttarget=\"_self\">\n\t\t\t<span class=\"label\"> Application primary school<\/span>\n\t\t\t<\/a>\n\t\t\t<\/div>\n\t\t<\/div>\n\n\t\t <div class=\"ams-fifty__media u-ratio-square\">\n\t\t \t\t\t\t\t<img decoding=\"async\" width=\"600\" height=\"400\" src=\"https:\/\/vittra.se\/wp-content\/uploads\/sites\/28\/2023\/09\/vittra2022-2027.jpg\" class=\"attachment-md size-md\" alt=\"Tv\u00e5 elever kramar ett tr\u00e4d\" sizes=\"(min-width: 64em) 600px, calc(100vw - 160px)\" srcset=\"https:\/\/vittra.se\/wp-content\/uploads\/sites\/28\/2023\/09\/vittra2022-2027.jpg 2540w, https:\/\/vittra.se\/wp-content\/uploads\/sites\/28\/2023\/09\/vittra2022-2027-300x200.jpg 300w, https:\/\/vittra.se\/wp-content\/uploads\/sites\/28\/2023\/09\/vittra2022-2027-1024x683.jpg 1024w, https:\/\/vittra.se\/wp-content\/uploads\/sites\/28\/2023\/09\/vittra2022-2027-768x512.jpg 768w, https:\/\/vittra.se\/wp-content\/uploads\/sites\/28\/2023\/09\/vittra2022-2027-1536x1024.jpg 1536w, https:\/\/vittra.se\/wp-content\/uploads\/sites\/28\/2023\/09\/vittra2022-2027-2048x1366.jpg 2048w, https:\/\/vittra.se\/wp-content\/uploads\/sites\/28\/2023\/09\/vittra2022-2027-1920x1281.jpg 1920w, https:\/\/vittra.se\/wp-content\/uploads\/sites\/28\/2023\/09\/vittra2022-2027-500x333.jpg 500w, https:\/\/vittra.se\/wp-content\/uploads\/sites\/28\/2023\/09\/vittra2022-2027-340x227.jpg 340w, https:\/\/vittra.se\/wp-content\/uploads\/sites\/28\/2023\/09\/vittra2022-2027-1100x734.jpg 1100w, https:\/\/vittra.se\/wp-content\/uploads\/sites\/28\/2023\/09\/vittra2022-2027-1000x667.jpg 1000w\" \/>\n\t\t\t\n\t\t\t\n\t\t\t\t\t<\/div>\n\t<\/div>\n\n\t\t\n\n<\/section>\n\n\n\n\n<section  class=\"ams-cta ams-cta--stacked c-block l-stacked\" data-color-scheme=\"nyans1_av_p2\">\n\t<div class=\"l-container l-stack l-stack-fluid-2xl u-pt-fluid-3xl-6xl u-pb-fluid-3xl-6xl is-center is-center@md\">\n\t\t\t\t\t<div class=\"ams-cta__intro l-stack l-stack-lg\">\n\t\t\t\t\t\n\t<h2\n\tclass=\"c-heading u-font-title-1 \"\n\tstyle=\"\">\n\t\t\n\t\t\t\t\tApplication without BankID\n\t\t\t\t\n\t<\/h2>\n\n\t\t\t\t\t\t\t\t\t<div class=\"c-text l-stack u-cs-xl u-font-body\">\n\t\t\t\t\t\t<p>If you want to apply to Vittra R\u00f6sj\u00f6torp but do not currently have a Swedish BankID you can apply without BankID below. Please note that this is only for those who do no have BankID.<\/p>\n\n\t\t\t\t\t<\/div>\n\t\t\t\t\t\t\t<\/div>\n\t\t\n\t\t\n\t\t\t<div class=\"ams-cta__action u-inline-items\">\n\t\t\t\t\t\t\t\n\n\n<a href=\"https:\/\/vittra.se\/rosjotorp-international\/application-form-rosjotorp-international\/\"\n\t\n\tclass=\"c-btn \"\n\tdata-style=\"round\"\n\tdata-size=\"md\"\n\tdata-width=\"full-mobile\"\n\tdata-variant=\"default\"\n\ttarget=\"_self\">\n\t\t\t<span class=\"label\"> Apply without BankID<\/span>\n\t\t\t<\/a>\n\t\t\t<\/div>\n\t<\/div>\n\n\t\t\n\n<\/section>\n\n\n\n\t\n\t\n\t\n\n\t\n\t\n\t\t\n<section  class=\"c-block l-stacked  \" data-color-scheme=\"transparent\">\n\t<div class=\"ams-fifty ams-fifty--container ams-fifty--left ams-fifty--bottom l-container u-pt-fluid-3xl-6xl u-pb-fluid-3xl-6xl\">\n\t\t<div class=\"ams-fifty__content l-stack l-stack-xl is-left is-left@lg\">\n\t\t\t<div class=\"ams-fifty__text l-stack l-stack-lg\">\n\t\t\t\t\t\n\t<h2\n\tclass=\"c-heading u-font-title-1 \"\n\tstyle=\"\">\n\t\t\n\t\t\t\t\tHow does the admission process work?\n\t\t\t\t\n\t<\/h2>\n\n\t\t\t\t\t\t\t\t\t<div class=\"text l-stack u-font-body\">\n\t\t\t\t\t\t<p>To ensure that all children and students are treated equally, we have developed guidelines for waiting list management and the actual admission to our preschools and primary schools. You can read more about the selection criteria, organisational connection, sibling preference and registration date and about the admission process <a href=\"https:\/\/vittra.se\/rosjotorp-international\/admission-process\/\">here<\/a>.<\/p>\n<h3>When do placement offers get sent out?<\/h3>\n<p>We send placement offers for the coming school year during January according to the queue guidelines. For our preschool we send placement offers during February for the coming school year as well as continuously during the year if there are available places.<\/p>\n\n\t\t\t\t\t<\/div>\n\t\t\t\t\t\t\t<\/div>\n\n\t\t\t\t\t<\/div>\n\n\t\t <div class=\"ams-fifty__media u-ratio-square\">\n\t\t \t\t\t\t\t<img decoding=\"async\" width=\"600\" height=\"400\" src=\"https:\/\/vittra.se\/wp-content\/uploads\/sites\/28\/2024\/02\/vittrarosjotorpfotoak321ret.jpg\" class=\"attachment-md size-md\" alt=\"Fyra klasskompisar h\u00e5ller om varandra och ler.\" sizes=\"(min-width: 64em) 600px, calc(100vw - 160px)\" srcset=\"https:\/\/vittra.se\/wp-content\/uploads\/sites\/28\/2024\/02\/vittrarosjotorpfotoak321ret.jpg 1980w, https:\/\/vittra.se\/wp-content\/uploads\/sites\/28\/2024\/02\/vittrarosjotorpfotoak321ret-300x200.jpg 300w, https:\/\/vittra.se\/wp-content\/uploads\/sites\/28\/2024\/02\/vittrarosjotorpfotoak321ret-1024x683.jpg 1024w, https:\/\/vittra.se\/wp-content\/uploads\/sites\/28\/2024\/02\/vittrarosjotorpfotoak321ret-768x512.jpg 768w, https:\/\/vittra.se\/wp-content\/uploads\/sites\/28\/2024\/02\/vittrarosjotorpfotoak321ret-1536x1024.jpg 1536w, https:\/\/vittra.se\/wp-content\/uploads\/sites\/28\/2024\/02\/vittrarosjotorpfotoak321ret-1920x1280.jpg 1920w, https:\/\/vittra.se\/wp-content\/uploads\/sites\/28\/2024\/02\/vittrarosjotorpfotoak321ret-500x333.jpg 500w, https:\/\/vittra.se\/wp-content\/uploads\/sites\/28\/2024\/02\/vittrarosjotorpfotoak321ret-340x227.jpg 340w, https:\/\/vittra.se\/wp-content\/uploads\/sites\/28\/2024\/02\/vittrarosjotorpfotoak321ret-1100x733.jpg 1100w, https:\/\/vittra.se\/wp-content\/uploads\/sites\/28\/2024\/02\/vittrarosjotorpfotoak321ret-1000x667.jpg 1000w\" \/>\n\t\t\t\n\t\t\t\n\t\t\t\t\t<\/div>\n\t<\/div>\n\n\t\t\n\n<\/section>\n","protected":false},"excerpt":{"rendered":"","protected":false},"author":5,"featured_media":0,"parent":0,"menu_order":0,"comment_status":"closed","ping_status":"closed","template":"","meta":{"footnotes":""},"yoast_head":"<!-- This site is optimized with the Yoast SEO plugin v22.0 - https:\/\/yoast.com\/wordpress\/plugins\/seo\/ -->\n<title>R\u00f6sj\u00f6torp International<\/title>\n<meta name=\"description\" content=\"Here, you can easily place your child in line for our school. Also, get answers to all your questions about the application process.\" \/>\n<meta name=\"robots\" content=\"index, follow, max-snippet:-1, max-image-preview:large, max-video-preview:-1\" \/>\n<link rel=\"canonical\" href=\"https:\/\/vittra.se\/rosjotorp-international\/application\/\" \/>\n<meta property=\"og:locale\" content=\"sv_SE\" \/>\n<meta property=\"og:type\" content=\"article\" \/>\n<meta property=\"og:description\" content=\"Here, you can easily place your child in line for our school. Also, get answers to all your questions about the application process.\" \/>\n<meta property=\"og:url\" content=\"https:\/\/vittra.se\/rosjotorp-international\/application\/\" \/>\n<meta property=\"og:site_name\" content=\"R\u00f6sj\u00f6torp International\" \/>\n<meta property=\"article:modified_time\" content=\"2026-04-29T08:52:26+00:00\" \/>\n<meta name=\"twitter:card\" content=\"summary_large_image\" \/>\n<meta name=\"twitter:description\" content=\"Here, you can easily place your child in line for our school. Also, get answers to all your questions about the application process.\" \/>\n<script type=\"application\/ld+json\" class=\"yoast-schema-graph\">{\"@context\":\"https:\/\/schema.org\",\"@graph\":[{\"@type\":\"WebPage\",\"@id\":\"https:\/\/vittra.se\/rosjotorp-international\/application\/\",\"url\":\"https:\/\/vittra.se\/rosjotorp-international\/application\/\",\"name\":\"Application - R\u00f6sj\u00f6torp International\",\"isPartOf\":{\"@id\":\"https:\/\/vittra.se\/rosjotorp-international\/#website\"},\"datePublished\":\"2020-12-03T15:35:29+00:00\",\"dateModified\":\"2026-04-29T08:52:26+00:00\",\"description\":\"Here, you can easily place your child in line for our school. Also, get answers to all your questions about the application process.\",\"breadcrumb\":{\"@id\":\"https:\/\/vittra.se\/rosjotorp-international\/application\/#breadcrumb\"},\"inLanguage\":\"sv-SE\",\"potentialAction\":[{\"@type\":\"ReadAction\",\"target\":[\"https:\/\/vittra.se\/rosjotorp-international\/application\/\"]}]},{\"@type\":\"BreadcrumbList\",\"@id\":\"https:\/\/vittra.se\/rosjotorp-international\/application\/#breadcrumb\",\"itemListElement\":[{\"@type\":\"ListItem\",\"position\":1,\"name\":\"Start\",\"item\":\"https:\/\/vittra.se\/rosjotorp-international\/\"},{\"@type\":\"ListItem\",\"position\":2,\"name\":\"Application\"}]},{\"@type\":\"WebSite\",\"@id\":\"https:\/\/vittra.se\/rosjotorp-international\/#website\",\"url\":\"https:\/\/vittra.se\/rosjotorp-international\/\",\"name\":\"R\u00f6sj\u00f6torp International\",\"description\":\"Vittra R\u00f6sj\u00f6torp\",\"potentialAction\":[{\"@type\":\"SearchAction\",\"target\":{\"@type\":\"EntryPoint\",\"urlTemplate\":\"https:\/\/vittra.se\/rosjotorp-international\/?s={search_term_string}\"},\"query-input\":\"required name=search_term_string\"}],\"inLanguage\":\"sv-SE\"}]}<\/script>\n<!-- \/ Yoast SEO plugin. -->","yoast_head_json":{"title":"R\u00f6sj\u00f6torp International","description":"Here, you can easily place your child in line for our school. Also, get answers to all your questions about the application process.","robots":{"index":"index","follow":"follow","max-snippet":"max-snippet:-1","max-image-preview":"max-image-preview:large","max-video-preview":"max-video-preview:-1"},"canonical":"https:\/\/vittra.se\/rosjotorp-international\/application\/","og_locale":"sv_SE","og_type":"article","og_description":"Here, you can easily place your child in line for our school. Also, get answers to all your questions about the application process.","og_url":"https:\/\/vittra.se\/rosjotorp-international\/application\/","og_site_name":"R\u00f6sj\u00f6torp International","article_modified_time":"2026-04-29T08:52:26+00:00","twitter_card":"summary_large_image","twitter_description":"Here, you can easily place your child in line for our school. Also, get answers to all your questions about the application process.","schema":{"@context":"https:\/\/schema.org","@graph":[{"@type":"WebPage","@id":"https:\/\/vittra.se\/rosjotorp-international\/application\/","url":"https:\/\/vittra.se\/rosjotorp-international\/application\/","name":"Application - R\u00f6sj\u00f6torp International","isPartOf":{"@id":"https:\/\/vittra.se\/rosjotorp-international\/#website"},"datePublished":"2020-12-03T15:35:29+00:00","dateModified":"2026-04-29T08:52:26+00:00","description":"Here, you can easily place your child in line for our school. Also, get answers to all your questions about the application process.","breadcrumb":{"@id":"https:\/\/vittra.se\/rosjotorp-international\/application\/#breadcrumb"},"inLanguage":"sv-SE","potentialAction":[{"@type":"ReadAction","target":["https:\/\/vittra.se\/rosjotorp-international\/application\/"]}]},{"@type":"BreadcrumbList","@id":"https:\/\/vittra.se\/rosjotorp-international\/application\/#breadcrumb","itemListElement":[{"@type":"ListItem","position":1,"name":"Start","item":"https:\/\/vittra.se\/rosjotorp-international\/"},{"@type":"ListItem","position":2,"name":"Application"}]},{"@type":"WebSite","@id":"https:\/\/vittra.se\/rosjotorp-international\/#website","url":"https:\/\/vittra.se\/rosjotorp-international\/","name":"R\u00f6sj\u00f6torp International","description":"Vittra R\u00f6sj\u00f6torp","potentialAction":[{"@type":"SearchAction","target":{"@type":"EntryPoint","urlTemplate":"https:\/\/vittra.se\/rosjotorp-international\/?s={search_term_string}"},"query-input":"required name=search_term_string"}],"inLanguage":"sv-SE"}]}},"_links":{"self":[{"href":"https:\/\/vittra.se\/rosjotorp-international\/wp-json\/wp\/v2\/pages\/816"}],"collection":[{"href":"https:\/\/vittra.se\/rosjotorp-international\/wp-json\/wp\/v2\/pages"}],"about":[{"href":"https:\/\/vittra.se\/rosjotorp-international\/wp-json\/wp\/v2\/types\/page"}],"author":[{"embeddable":true,"href":"https:\/\/vittra.se\/rosjotorp-international\/wp-json\/wp\/v2\/users\/5"}],"replies":[{"embeddable":true,"href":"https:\/\/vittra.se\/rosjotorp-international\/wp-json\/wp\/v2\/comments?post=816"}],"version-history":[{"count":10,"href":"https:\/\/vittra.se\/rosjotorp-international\/wp-json\/wp\/v2\/pages\/816\/revisions"}],"predecessor-version":[{"id":2427,"href":"https:\/\/vittra.se\/rosjotorp-international\/wp-json\/wp\/v2\/pages\/816\/revisions\/2427"}],"wp:attachment":[{"href":"https:\/\/vittra.se\/rosjotorp-international\/wp-json\/wp\/v2\/media?parent=816"}],"curies":[{"name":"wp","href":"https:\/\/api.w.org\/{rel}","templated":true}]}}