{"id":808,"date":"2020-12-03T16:57:15","date_gmt":"2020-12-03T15:57:15","guid":{"rendered":"https:\/\/vittra.se\/rosjotorp-international\/?page_id=808"},"modified":"2026-01-13T08:29:47","modified_gmt":"2026-01-13T07:29:47","slug":"student-health","status":"publish","type":"page","link":"https:\/\/vittra.se\/rosjotorp-international\/about\/student-health\/","title":{"rendered":"Student Health"},"content":{"rendered":"\n\n<section  class=\"ams-cta ams-cta--stacked c-block l-stacked\" data-color-scheme=\"transparent\">\n\t<div class=\"l-container l-stack l-stack-fluid-2xl u-pt-fluid-md-xl u-pb-fluid-None is-right is-right@md\">\n\t\t\t\t\t<div class=\"ams-cta__intro l-stack l-stack-lg\">\n\t\t\t\t\n\t\t\t\t\t\t\t\t\t<div class=\"c-text l-stack u-cs-xl u-font-small\">\n\t\t\t\t\t\t<p><a href=\"https:\/\/vittra.se\/rosjotorp\/om\/elevhalsa\/\">L\u00e4s den h\u00e4r sidan p\u00e5 svenska.<\/a><\/p>\n\n\t\t\t\t\t<\/div>\n\t\t\t\t\t\t\t<\/div>\n\t\t\n\t\t\n\t\t\t<\/div>\n\n\t\t\n\n<\/section>\n\n\n\n<div class=\"wp-block-columns is-layout-flex wp-container-core-columns-layout-1 wp-block-columns-is-layout-flex\">\n<div class=\"wp-block-column is-layout-flow wp-block-column-is-layout-flow\" style=\"flex-basis:66.66%\">\n<h1 class=\"wp-block-heading\">Student health at Vittra R\u00f6sj\u00f6torp<\/h1>\n\n\n\n<div style=\"height:20px\" aria-hidden=\"true\" class=\"wp-block-spacer\"><\/div>\n\n\n\n<p   class=\"site__ingress container text-left  site__text-color--dark  site__free_text--ingress p-0\">\n\tYour child&#8217;s health is important to us at Vittra. Student health is available as a support for students to achieve the education goals, feel good and for their personal and social development.<\/p>\n\n\n\n\n\n<h2 class=\"wp-block-heading\">What does the student health do?<\/h2>\n\n\n\n<p>Our student health team at the school consists of special educators, school counselor, school nurse, school doctor, school psychologist and principal. A student health team exists at the school with the mission of providing students with the resources needed to facilitate and help learning and development. This means that you, as a student, can come into contact with student health if, for example, you need extra support. You can read more about our <a href=\"https:\/\/vittra.se\/om\/kvalitet\/\">quality work<\/a> and how we work with children&#8217;s development.<\/p>\n\n\n\n<h3 class=\"wp-block-heading\">The special education teacher<\/h3>\n\n\n\n<p>Works in close collaboration with teachers to map, prevent and remove obstacles to learning, plan and implement extra adaptations. They also have a central role in mapping pupils&#8217; needs for special support and establishing action programmes.<\/p>\n\n\n\n<h3 class=\"wp-block-heading\">The curator<\/h3>\n\n\n\n<p>Functions as a support in the pedagogical work. The curator works with the school&#8217;s value-based issues and equal treatment work as well as the student&#8217;s learning, health, well-being to counteract violations and discrimination.<\/p>\n\n\n\n<h3 class=\"wp-block-heading\">The school psychologist<\/h3>\n\n\n\n<p>Collaborates with educational staff, through consultation and training. Conducts assessments and investigations to detect psychological or learning barriers, and suggests adaptations and measures.<\/p>\n<\/div>\n\n\n\n<div class=\"wp-block-column is-layout-flow wp-block-column-is-layout-flow\" style=\"flex-basis:33.33%\"><div   id=\"page-relative-menu\" class=\"site__font-monospace   container_width--full_width_conIcon   d-none d-lg-block  \">\n\n\t\t\t\n<\/div>\n<\/div>\n<\/div>\n\n\n\n\t\n\t\n\t\n\n\t\n\t\n\t\t\n<section  class=\"c-block l-stacked  \" data-color-scheme=\"transparent\">\n\t<div class=\"ams-fifty ams-fifty--container ams-fifty--left ams-fifty--top l-container u-pt-fluid-None u-pb-fluid-3xl-6xl\">\n\t\t<div class=\"ams-fifty__content l-stack l-stack-xl is-left is-left@lg\">\n\t\t\t<div class=\"ams-fifty__text l-stack l-stack-lg\">\n\t\t\t\t\t\n\t<h2\n\tclass=\"c-heading u-font-title-1 \"\n\tstyle=\"\">\n\t\t\n\t\t\t\t\tMedical intervention\n\t\t\t\t\n\t<\/h2>\n\n\t\t\t\t\t\t\t\t\t<div class=\"text l-stack u-font-body\">\n\t\t\t\t\t\t<p>The school nurse carries out vaccinations according to <a href=\"https:\/\/www.folkhalsomyndigheten.se\/smittskydd-beredskap\/vaccinationer\/nationella-vaccinationsprogram\/barnvaccinationsprogram\/\">the national vaccination program (opens in a new window)<\/a> and is there for our students with the task of maintaining a medical focus in the student health team and thus in the whole school.<\/p>\n<p>Our student health team also consists of a school doctor who meets students for medical assessment and competence in student health work.<\/p>\n<p>Open reception is offered in order for the student to be given the opportunity to seek out the school nurse for advice on health issues and self-care, i.e. the measures that the individual himself can take in case of simple, common illnesses and injuries.<\/p>\n\n\t\t\t\t\t<\/div>\n\t\t\t\t\t\t\t<\/div>\n\n\t\t\t\t\t<\/div>\n\n\t\t <div class=\"ams-fifty__media u-ratio-square\">\n\t\t \t\t\t\t\t<img decoding=\"async\" width=\"600\" height=\"400\" src=\"https:\/\/vittra.se\/wp-content\/uploads\/sites\/28\/2023\/11\/vittrahalmstadfotofsk5ret.jpg\" class=\"attachment-md size-md\" alt=\"L\u00e4rare hj\u00e4lper en elev med skolarbete runt ett bord med fler elever\" sizes=\"(min-width: 64em) 600px, calc(100vw - 160px)\" srcset=\"https:\/\/vittra.se\/wp-content\/uploads\/sites\/28\/2023\/11\/vittrahalmstadfotofsk5ret.jpg 1980w, https:\/\/vittra.se\/wp-content\/uploads\/sites\/28\/2023\/11\/vittrahalmstadfotofsk5ret-300x200.jpg 300w, https:\/\/vittra.se\/wp-content\/uploads\/sites\/28\/2023\/11\/vittrahalmstadfotofsk5ret-1024x683.jpg 1024w, https:\/\/vittra.se\/wp-content\/uploads\/sites\/28\/2023\/11\/vittrahalmstadfotofsk5ret-768x512.jpg 768w, https:\/\/vittra.se\/wp-content\/uploads\/sites\/28\/2023\/11\/vittrahalmstadfotofsk5ret-1536x1024.jpg 1536w, https:\/\/vittra.se\/wp-content\/uploads\/sites\/28\/2023\/11\/vittrahalmstadfotofsk5ret-1920x1280.jpg 1920w, https:\/\/vittra.se\/wp-content\/uploads\/sites\/28\/2023\/11\/vittrahalmstadfotofsk5ret-500x333.jpg 500w, https:\/\/vittra.se\/wp-content\/uploads\/sites\/28\/2023\/11\/vittrahalmstadfotofsk5ret-340x227.jpg 340w, https:\/\/vittra.se\/wp-content\/uploads\/sites\/28\/2023\/11\/vittrahalmstadfotofsk5ret-1100x733.jpg 1100w, https:\/\/vittra.se\/wp-content\/uploads\/sites\/28\/2023\/11\/vittrahalmstadfotofsk5ret-1000x667.jpg 1000w\" \/>\n\t\t\t\n\t\t\t\n\t\t\t\t\t<\/div>\n\t<\/div>\n\n\t\t\n\n<\/section>\n\n\n\n\t\n\t\n\t\n\n\t\n\t\n\t\t\n<section  class=\"c-block l-stacked  \" data-color-scheme=\"transparent\">\n\t<div class=\"ams-fifty ams-fifty--container ams-fifty--right ams-fifty--top l-container u-pt-fluid-3xl-6xl u-pb-fluid-3xl-6xl\">\n\t\t<div class=\"ams-fifty__content l-stack l-stack-xl is-left is-left@lg\">\n\t\t\t<div class=\"ams-fifty__text l-stack l-stack-lg\">\n\t\t\t\t\t\n\t<h2\n\tclass=\"c-heading u-font-title-1 \"\n\tstyle=\"\">\n\t\t\n\t\t\t\t\tHealth visits in primary school\n\t\t\t\t\n\t<\/h2>\n\n\t\t\t\t\t\t\t\t\t<div class=\"text l-stack u-font-body\">\n\t\t\t\t\t\t<p>In primary school, students are offered three health visits which include general health checks and health talks. In years 2 and 6, students are offered a growth check.<\/p>\n<p>Preschool class: Health visit with a health talk and examination of height, weight, sight and hearing.<\/p>\n<p>Year 2: Growth control: height and weight.<\/p>\n<p>Year 4: Health visit with a health talk and examination of height, weight and back.<\/p>\n<p>Year 6: Growth check: height, weight and back.<\/p>\n\n\t\t\t\t\t<\/div>\n\t\t\t\t\t\t\t<\/div>\n\n\t\t\t\t\t<\/div>\n\n\t\t <div class=\"ams-fifty__media u-ratio-square\">\n\t\t \t\t\t\t\t<img decoding=\"async\" width=\"600\" height=\"400\" src=\"https:\/\/vittra.se\/wp-content\/uploads\/sites\/28\/2024\/02\/vittrarosjotorpfotoak321ret.jpg\" class=\"attachment-md size-md\" alt=\"Fyra klasskompisar h\u00e5ller om varandra och ler.\" sizes=\"(min-width: 64em) 600px, calc(100vw - 160px)\" srcset=\"https:\/\/vittra.se\/wp-content\/uploads\/sites\/28\/2024\/02\/vittrarosjotorpfotoak321ret.jpg 1980w, https:\/\/vittra.se\/wp-content\/uploads\/sites\/28\/2024\/02\/vittrarosjotorpfotoak321ret-300x200.jpg 300w, https:\/\/vittra.se\/wp-content\/uploads\/sites\/28\/2024\/02\/vittrarosjotorpfotoak321ret-1024x683.jpg 1024w, https:\/\/vittra.se\/wp-content\/uploads\/sites\/28\/2024\/02\/vittrarosjotorpfotoak321ret-768x512.jpg 768w, https:\/\/vittra.se\/wp-content\/uploads\/sites\/28\/2024\/02\/vittrarosjotorpfotoak321ret-1536x1024.jpg 1536w, https:\/\/vittra.se\/wp-content\/uploads\/sites\/28\/2024\/02\/vittrarosjotorpfotoak321ret-1920x1280.jpg 1920w, https:\/\/vittra.se\/wp-content\/uploads\/sites\/28\/2024\/02\/vittrarosjotorpfotoak321ret-500x333.jpg 500w, https:\/\/vittra.se\/wp-content\/uploads\/sites\/28\/2024\/02\/vittrarosjotorpfotoak321ret-340x227.jpg 340w, https:\/\/vittra.se\/wp-content\/uploads\/sites\/28\/2024\/02\/vittrarosjotorpfotoak321ret-1100x733.jpg 1100w, https:\/\/vittra.se\/wp-content\/uploads\/sites\/28\/2024\/02\/vittrarosjotorpfotoak321ret-1000x667.jpg 1000w\" \/>\n\t\t\t\n\t\t\t\n\t\t\t\t\t<\/div>\n\t<\/div>\n\n\t\t\n\n<\/section>\n\n\n\n\n<section  class=\"ams-cta ams-cta--stacked c-block l-stacked\" data-color-scheme=\"nyans1_av_p2\">\n\t<div class=\"l-container l-stack l-stack-fluid-2xl u-pt-fluid-3xl-6xl u-pb-fluid-3xl-6xl is-center is-center@md\">\n\t\t\t\t\t<div class=\"ams-cta__intro l-stack l-stack-lg\">\n\t\t\t\t\t\n\t<h2\n\tclass=\"c-heading u-font-title-1 \"\n\tstyle=\"\">\n\t\t\n\t\t\t\t\tDo you have questions about student health at Vittra R\u00f6sj\u00f6torp?\n\t\t\t\t\n\t<\/h2>\n\n\t\t\t\t\t\t\t\t\t<div class=\"c-text l-stack u-cs-xl u-font-body\">\n\t\t\t\t\t\t<p>You are always welcome to contact us if you have any questions. You can also see which roles are included in our student health team.<\/p>\n\n\t\t\t\t\t<\/div>\n\t\t\t\t\t\t\t<\/div>\n\t\t\n\t\t\n\t\t\t<div class=\"ams-cta__action u-inline-items\">\n\t\t\t\t\t\t\t\n\n\n<a href=\"https:\/\/vittra.se\/rosjotorp-international\/contact\/\"\n\t\n\tclass=\"c-btn \"\n\tdata-style=\"round\"\n\tdata-size=\"md\"\n\tdata-width=\"full-mobile\"\n\tdata-variant=\"default\"\n\ttarget=\"_self\">\n\t\t\t<span class=\"label\"> Contact us<\/span>\n\t\t\t<\/a>\n\t\t\t<\/div>\n\t<\/div>\n\n\t\t\n\n<\/section>\n\n\n<div   id=\"page-relative-menu\" class=\"site__font-monospace   container_width--full_width_conIcon   d-lg-none  \">\n\n\t\t\t\n<\/div>\n","protected":false},"excerpt":{"rendered":"<p>Student health at Vittra R\u00f6sj\u00f6torp What does the student health do? Our student health team at the school consists of special educators, school counselor, school nurse, school doctor, school psychologist and principal. A student health team exists at the school with the mission of providing students with the resources needed to facilitate and help learning&#8230;<\/p>\n","protected":false},"author":5,"featured_media":0,"parent":740,"menu_order":0,"comment_status":"closed","ping_status":"closed","template":"","meta":{"footnotes":""},"yoast_head":"<!-- This site is optimized with the Yoast SEO plugin v22.0 - https:\/\/yoast.com\/wordpress\/plugins\/seo\/ -->\n<title>R\u00f6sj\u00f6torp International<\/title>\n<meta name=\"robots\" content=\"index, follow, max-snippet:-1, max-image-preview:large, max-video-preview:-1\" \/>\n<link rel=\"canonical\" href=\"https:\/\/vittra.se\/rosjotorp-international\/about\/student-health\/\" \/>\n<meta property=\"og:locale\" content=\"sv_SE\" \/>\n<meta property=\"og:type\" content=\"article\" \/>\n<meta property=\"og:url\" content=\"https:\/\/vittra.se\/rosjotorp-international\/about\/student-health\/\" \/>\n<meta property=\"og:site_name\" content=\"R\u00f6sj\u00f6torp International\" \/>\n<meta property=\"article:modified_time\" content=\"2026-01-13T07:29:47+00:00\" \/>\n<meta name=\"twitter:card\" content=\"summary_large_image\" \/>\n<meta name=\"twitter:label1\" content=\"Ber\u00e4knad l\u00e4stid\" \/>\n\t<meta name=\"twitter:data1\" content=\"1 minut\" \/>\n<script type=\"application\/ld+json\" class=\"yoast-schema-graph\">{\"@context\":\"https:\/\/schema.org\",\"@graph\":[{\"@type\":\"WebPage\",\"@id\":\"https:\/\/vittra.se\/rosjotorp-international\/about\/student-health\/\",\"url\":\"https:\/\/vittra.se\/rosjotorp-international\/about\/student-health\/\",\"name\":\"Student Health - R\u00f6sj\u00f6torp International\",\"isPartOf\":{\"@id\":\"https:\/\/vittra.se\/rosjotorp-international\/#website\"},\"datePublished\":\"2020-12-03T15:57:15+00:00\",\"dateModified\":\"2026-01-13T07:29:47+00:00\",\"breadcrumb\":{\"@id\":\"https:\/\/vittra.se\/rosjotorp-international\/about\/student-health\/#breadcrumb\"},\"inLanguage\":\"sv-SE\",\"potentialAction\":[{\"@type\":\"ReadAction\",\"target\":[\"https:\/\/vittra.se\/rosjotorp-international\/about\/student-health\/\"]}]},{\"@type\":\"BreadcrumbList\",\"@id\":\"https:\/\/vittra.se\/rosjotorp-international\/about\/student-health\/#breadcrumb\",\"itemListElement\":[{\"@type\":\"ListItem\",\"position\":1,\"name\":\"Start\",\"item\":\"https:\/\/vittra.se\/rosjotorp-international\/\"},{\"@type\":\"ListItem\",\"position\":2,\"name\":\"About the school\",\"item\":\"https:\/\/vittra.se\/rosjotorp-international\/about\/\"},{\"@type\":\"ListItem\",\"position\":3,\"name\":\"Student Health\"}]},{\"@type\":\"WebSite\",\"@id\":\"https:\/\/vittra.se\/rosjotorp-international\/#website\",\"url\":\"https:\/\/vittra.se\/rosjotorp-international\/\",\"name\":\"R\u00f6sj\u00f6torp International\",\"description\":\"Vittra R\u00f6sj\u00f6torp\",\"potentialAction\":[{\"@type\":\"SearchAction\",\"target\":{\"@type\":\"EntryPoint\",\"urlTemplate\":\"https:\/\/vittra.se\/rosjotorp-international\/?s={search_term_string}\"},\"query-input\":\"required name=search_term_string\"}],\"inLanguage\":\"sv-SE\"}]}<\/script>\n<!-- \/ Yoast SEO plugin. -->","yoast_head_json":{"title":"R\u00f6sj\u00f6torp International","robots":{"index":"index","follow":"follow","max-snippet":"max-snippet:-1","max-image-preview":"max-image-preview:large","max-video-preview":"max-video-preview:-1"},"canonical":"https:\/\/vittra.se\/rosjotorp-international\/about\/student-health\/","og_locale":"sv_SE","og_type":"article","og_url":"https:\/\/vittra.se\/rosjotorp-international\/about\/student-health\/","og_site_name":"R\u00f6sj\u00f6torp International","article_modified_time":"2026-01-13T07:29:47+00:00","twitter_card":"summary_large_image","twitter_misc":{"Ber\u00e4knad l\u00e4stid":"1 minut"},"schema":{"@context":"https:\/\/schema.org","@graph":[{"@type":"WebPage","@id":"https:\/\/vittra.se\/rosjotorp-international\/about\/student-health\/","url":"https:\/\/vittra.se\/rosjotorp-international\/about\/student-health\/","name":"Student Health - R\u00f6sj\u00f6torp International","isPartOf":{"@id":"https:\/\/vittra.se\/rosjotorp-international\/#website"},"datePublished":"2020-12-03T15:57:15+00:00","dateModified":"2026-01-13T07:29:47+00:00","breadcrumb":{"@id":"https:\/\/vittra.se\/rosjotorp-international\/about\/student-health\/#breadcrumb"},"inLanguage":"sv-SE","potentialAction":[{"@type":"ReadAction","target":["https:\/\/vittra.se\/rosjotorp-international\/about\/student-health\/"]}]},{"@type":"BreadcrumbList","@id":"https:\/\/vittra.se\/rosjotorp-international\/about\/student-health\/#breadcrumb","itemListElement":[{"@type":"ListItem","position":1,"name":"Start","item":"https:\/\/vittra.se\/rosjotorp-international\/"},{"@type":"ListItem","position":2,"name":"About the school","item":"https:\/\/vittra.se\/rosjotorp-international\/about\/"},{"@type":"ListItem","position":3,"name":"Student Health"}]},{"@type":"WebSite","@id":"https:\/\/vittra.se\/rosjotorp-international\/#website","url":"https:\/\/vittra.se\/rosjotorp-international\/","name":"R\u00f6sj\u00f6torp International","description":"Vittra R\u00f6sj\u00f6torp","potentialAction":[{"@type":"SearchAction","target":{"@type":"EntryPoint","urlTemplate":"https:\/\/vittra.se\/rosjotorp-international\/?s={search_term_string}"},"query-input":"required name=search_term_string"}],"inLanguage":"sv-SE"}]}},"_links":{"self":[{"href":"https:\/\/vittra.se\/rosjotorp-international\/wp-json\/wp\/v2\/pages\/808"}],"collection":[{"href":"https:\/\/vittra.se\/rosjotorp-international\/wp-json\/wp\/v2\/pages"}],"about":[{"href":"https:\/\/vittra.se\/rosjotorp-international\/wp-json\/wp\/v2\/types\/page"}],"author":[{"embeddable":true,"href":"https:\/\/vittra.se\/rosjotorp-international\/wp-json\/wp\/v2\/users\/5"}],"replies":[{"embeddable":true,"href":"https:\/\/vittra.se\/rosjotorp-international\/wp-json\/wp\/v2\/comments?post=808"}],"version-history":[{"count":10,"href":"https:\/\/vittra.se\/rosjotorp-international\/wp-json\/wp\/v2\/pages\/808\/revisions"}],"predecessor-version":[{"id":2368,"href":"https:\/\/vittra.se\/rosjotorp-international\/wp-json\/wp\/v2\/pages\/808\/revisions\/2368"}],"up":[{"embeddable":true,"href":"https:\/\/vittra.se\/rosjotorp-international\/wp-json\/wp\/v2\/pages\/740"}],"wp:attachment":[{"href":"https:\/\/vittra.se\/rosjotorp-international\/wp-json\/wp\/v2\/media?parent=808"}],"curies":[{"name":"wp","href":"https:\/\/api.w.org\/{rel}","templated":true}]}}