{"id":791,"date":"2020-12-03T15:47:40","date_gmt":"2020-12-03T14:47:40","guid":{"rendered":"https:\/\/vittra.se\/rosjotorp-international\/?page_id=791"},"modified":"2026-01-13T08:26:40","modified_gmt":"2026-01-13T07:26:40","slug":"after-school-centre","status":"publish","type":"page","link":"https:\/\/vittra.se\/rosjotorp-international\/about\/after-school-centre\/","title":{"rendered":"After-school centre"},"content":{"rendered":"\n\n<section  class=\"ams-cta ams-cta--stacked c-block l-stacked\" data-color-scheme=\"transparent\">\n\t<div class=\"l-container l-stack l-stack-fluid-2xl u-pt-fluid-md-xl u-pb-fluid-None is-right is-right@md\">\n\t\t\t\t\t<div class=\"ams-cta__intro l-stack l-stack-lg\">\n\t\t\t\t\n\t\t\t\t\t\t\t\t\t<div class=\"c-text l-stack u-cs-xl u-font-small\">\n\t\t\t\t\t\t<p><a href=\"https:\/\/vittra.se\/rosjotorp\/om\/fritidshem\/\">L\u00e4s den h\u00e4r sidan p\u00e5 svenska.<\/a><\/p>\n\n\t\t\t\t\t<\/div>\n\t\t\t\t\t\t\t<\/div>\n\t\t\n\t\t\n\t\t\t<\/div>\n\n\t\t\n\n<\/section>\n\n\n\n<div class=\"wp-block-columns is-layout-flex wp-container-core-columns-layout-1 wp-block-columns-is-layout-flex\">\n<div class=\"wp-block-column is-layout-flow wp-block-column-is-layout-flow\" style=\"flex-basis:66.66%\">\n<h1 class=\"wp-block-heading\">After-school centre at Vittra R\u00f6sj\u00f6torp<\/h1>\n\n\n\n<div style=\"height:20px\" aria-hidden=\"true\" class=\"wp-block-spacer\"><\/div>\n\n\n\n<p   class=\"site__ingress container text-left  site__text-color--dark  site__free_text--ingress p-0\">\n\tFor us, it is important the children feel that the school day is connected. Therefore, our leisure activities are a natural extension of the school day. Here you can read more about our opening hours and activities.<\/p>\n\n\n<\/div>\n\n\n\n<div class=\"wp-block-column is-layout-flow wp-block-column-is-layout-flow\" style=\"flex-basis:33.33%\"><div   id=\"page-relative-menu\" class=\"site__font-monospace   container_width--full_width_conIcon   d-none d-lg-block  \">\n\n\t\t\t\n<\/div>\n<\/div>\n<\/div>\n\n\n\n\t\n\t\n\t\n\n\t\n\t\n\t\t\n<section  class=\"c-block l-stacked  \" data-color-scheme=\"transparent\">\n\t<div class=\"ams-fifty ams-fifty--container ams-fifty--left ams-fifty--bottom l-container u-pt-fluid-None u-pb-fluid-3xl-6xl\">\n\t\t<div class=\"ams-fifty__content l-stack l-stack-xl is-left is-left@lg\">\n\t\t\t<div class=\"ams-fifty__text l-stack l-stack-lg\">\n\t\t\t\t\t\n\t<h2\n\tclass=\"c-heading u-font-title-1 \"\n\tstyle=\"\">\n\t\t\n\t\t\t\t\tOpening hours\n\t\t\t\t\n\t<\/h2>\n\n\t\t\t\t\t\t\t\t\t<div class=\"text l-stack u-font-body\">\n\t\t\t\t\t\t<h3>Morning<\/h3>\n<p>The after-school centre is open 7.00\u20138.20. We give the children a calm start in the morning outdoors.<\/p>\n<h3>Afternoon<\/h3>\n<p>The after-school centre is open 13.30\u201317.00 and offer various activities, often outdoors. Therefore, make sure that your child has clothes for the weather.<\/p>\n<h3>Meals at the after-school centre<\/h3>\n<p>Snacks are served from 13.30\u201315.00.<\/p>\n\n\t\t\t\t\t<\/div>\n\t\t\t\t\t\t\t<\/div>\n\n\t\t\t\t\t<\/div>\n\n\t\t <div class=\"ams-fifty__media u-ratio-square\">\n\t\t \t\t\t\t\t<img decoding=\"async\" width=\"600\" height=\"400\" src=\"https:\/\/vittra.se\/wp-content\/uploads\/sites\/28\/2023\/09\/vittraforsglantanfritishem2022-2027.jpg\" class=\"attachment-md size-md\" alt=\"Tv\u00e5 glada elever h\u00e5ller armkrok och g\u00e5r ute p\u00e5 skolg\u00e5rden\" sizes=\"(min-width: 64em) 600px, calc(100vw - 160px)\" srcset=\"https:\/\/vittra.se\/wp-content\/uploads\/sites\/28\/2023\/09\/vittraforsglantanfritishem2022-2027.jpg 1980w, https:\/\/vittra.se\/wp-content\/uploads\/sites\/28\/2023\/09\/vittraforsglantanfritishem2022-2027-300x200.jpg 300w, https:\/\/vittra.se\/wp-content\/uploads\/sites\/28\/2023\/09\/vittraforsglantanfritishem2022-2027-1024x683.jpg 1024w, https:\/\/vittra.se\/wp-content\/uploads\/sites\/28\/2023\/09\/vittraforsglantanfritishem2022-2027-768x512.jpg 768w, https:\/\/vittra.se\/wp-content\/uploads\/sites\/28\/2023\/09\/vittraforsglantanfritishem2022-2027-1536x1024.jpg 1536w, https:\/\/vittra.se\/wp-content\/uploads\/sites\/28\/2023\/09\/vittraforsglantanfritishem2022-2027-1920x1280.jpg 1920w, https:\/\/vittra.se\/wp-content\/uploads\/sites\/28\/2023\/09\/vittraforsglantanfritishem2022-2027-500x333.jpg 500w, https:\/\/vittra.se\/wp-content\/uploads\/sites\/28\/2023\/09\/vittraforsglantanfritishem2022-2027-340x227.jpg 340w, https:\/\/vittra.se\/wp-content\/uploads\/sites\/28\/2023\/09\/vittraforsglantanfritishem2022-2027-1100x733.jpg 1100w, https:\/\/vittra.se\/wp-content\/uploads\/sites\/28\/2023\/09\/vittraforsglantanfritishem2022-2027-1000x667.jpg 1000w\" \/>\n\t\t\t\n\t\t\t\n\t\t\t\t\t<\/div>\n\t<\/div>\n\n\t\t\n\n<\/section>\n\n\n\n\n<section  class=\"ams-cta ams-cta--stacked c-block l-stacked\" data-color-scheme=\"nyans1_av_cta\">\n\t<div class=\"l-container l-stack l-stack-fluid-2xl u-pt-fluid-3xl-6xl u-pb-fluid-3xl-6xl is-center is-center@md\">\n\t\t\t\t\t<div class=\"ams-cta__intro l-stack l-stack-lg\">\n\t\t\t\t\t\n\t<h2\n\tclass=\"c-heading u-font-title-1 \"\n\tstyle=\"\">\n\t\t\n\t\t\t\t\tDo you have questions about our after-school centre?\n\t\t\t\t\n\t<\/h2>\n\n\t\t\t\t\t\t\t\t\t<div class=\"c-text l-stack u-cs-xl u-font-body\">\n\t\t\t\t\t\t<p>Feel free to contact us and we will help you!<\/p>\n\n\t\t\t\t\t<\/div>\n\t\t\t\t\t\t\t<\/div>\n\t\t\n\t\t\n\t\t\t<div class=\"ams-cta__action u-inline-items\">\n\t\t\t\t\t\t\t\n\n\n<a href=\"https:\/\/vittra.se\/rosjotorp-international\/contact\/\"\n\t\n\tclass=\"c-btn \"\n\tdata-style=\"round\"\n\tdata-size=\"md\"\n\tdata-width=\"full-mobile\"\n\tdata-variant=\"default\"\n\ttarget=\"_self\">\n\t\t\t<span class=\"label\"> Contact us<\/span>\n\t\t\t<\/a>\n\t\t\t<\/div>\n\t<\/div>\n\n\t\t\n\n<\/section>\n\n\n<div   id=\"page-relative-menu\" class=\"site__font-monospace   container_width--full_width_conIcon   d-lg-none  \">\n\n\t\t\t\n<\/div>\n","protected":false},"excerpt":{"rendered":"<p>After-school centre at Vittra R\u00f6sj\u00f6torp<\/p>\n","protected":false},"author":5,"featured_media":0,"parent":740,"menu_order":0,"comment_status":"closed","ping_status":"closed","template":"","meta":{"footnotes":""},"yoast_head":"<!-- This site is optimized with the Yoast SEO plugin v22.0 - https:\/\/yoast.com\/wordpress\/plugins\/seo\/ -->\n<title>R\u00f6sj\u00f6torp International<\/title>\n<meta name=\"robots\" content=\"index, follow, max-snippet:-1, max-image-preview:large, max-video-preview:-1\" \/>\n<link rel=\"canonical\" href=\"https:\/\/vittra.se\/rosjotorp-international\/about\/after-school-centre\/\" \/>\n<meta property=\"og:locale\" content=\"sv_SE\" \/>\n<meta property=\"og:type\" content=\"article\" \/>\n<meta property=\"og:url\" content=\"https:\/\/vittra.se\/rosjotorp-international\/about\/after-school-centre\/\" \/>\n<meta property=\"og:site_name\" content=\"R\u00f6sj\u00f6torp International\" \/>\n<meta property=\"article:modified_time\" content=\"2026-01-13T07:26:40+00:00\" \/>\n<meta name=\"twitter:card\" content=\"summary_large_image\" \/>\n<meta name=\"twitter:label1\" content=\"Ber\u00e4knad l\u00e4stid\" \/>\n\t<meta name=\"twitter:data1\" content=\"1 minut\" \/>\n<script type=\"application\/ld+json\" class=\"yoast-schema-graph\">{\"@context\":\"https:\/\/schema.org\",\"@graph\":[{\"@type\":\"WebPage\",\"@id\":\"https:\/\/vittra.se\/rosjotorp-international\/about\/after-school-centre\/\",\"url\":\"https:\/\/vittra.se\/rosjotorp-international\/about\/after-school-centre\/\",\"name\":\"After-school centre - R\u00f6sj\u00f6torp International\",\"isPartOf\":{\"@id\":\"https:\/\/vittra.se\/rosjotorp-international\/#website\"},\"datePublished\":\"2020-12-03T14:47:40+00:00\",\"dateModified\":\"2026-01-13T07:26:40+00:00\",\"breadcrumb\":{\"@id\":\"https:\/\/vittra.se\/rosjotorp-international\/about\/after-school-centre\/#breadcrumb\"},\"inLanguage\":\"sv-SE\",\"potentialAction\":[{\"@type\":\"ReadAction\",\"target\":[\"https:\/\/vittra.se\/rosjotorp-international\/about\/after-school-centre\/\"]}]},{\"@type\":\"BreadcrumbList\",\"@id\":\"https:\/\/vittra.se\/rosjotorp-international\/about\/after-school-centre\/#breadcrumb\",\"itemListElement\":[{\"@type\":\"ListItem\",\"position\":1,\"name\":\"Start\",\"item\":\"https:\/\/vittra.se\/rosjotorp-international\/\"},{\"@type\":\"ListItem\",\"position\":2,\"name\":\"About the school\",\"item\":\"https:\/\/vittra.se\/rosjotorp-international\/about\/\"},{\"@type\":\"ListItem\",\"position\":3,\"name\":\"After-school centre\"}]},{\"@type\":\"WebSite\",\"@id\":\"https:\/\/vittra.se\/rosjotorp-international\/#website\",\"url\":\"https:\/\/vittra.se\/rosjotorp-international\/\",\"name\":\"R\u00f6sj\u00f6torp International\",\"description\":\"Vittra R\u00f6sj\u00f6torp\",\"potentialAction\":[{\"@type\":\"SearchAction\",\"target\":{\"@type\":\"EntryPoint\",\"urlTemplate\":\"https:\/\/vittra.se\/rosjotorp-international\/?s={search_term_string}\"},\"query-input\":\"required name=search_term_string\"}],\"inLanguage\":\"sv-SE\"}]}<\/script>\n<!-- \/ Yoast SEO plugin. -->","yoast_head_json":{"title":"R\u00f6sj\u00f6torp International","robots":{"index":"index","follow":"follow","max-snippet":"max-snippet:-1","max-image-preview":"max-image-preview:large","max-video-preview":"max-video-preview:-1"},"canonical":"https:\/\/vittra.se\/rosjotorp-international\/about\/after-school-centre\/","og_locale":"sv_SE","og_type":"article","og_url":"https:\/\/vittra.se\/rosjotorp-international\/about\/after-school-centre\/","og_site_name":"R\u00f6sj\u00f6torp International","article_modified_time":"2026-01-13T07:26:40+00:00","twitter_card":"summary_large_image","twitter_misc":{"Ber\u00e4knad l\u00e4stid":"1 minut"},"schema":{"@context":"https:\/\/schema.org","@graph":[{"@type":"WebPage","@id":"https:\/\/vittra.se\/rosjotorp-international\/about\/after-school-centre\/","url":"https:\/\/vittra.se\/rosjotorp-international\/about\/after-school-centre\/","name":"After-school centre - R\u00f6sj\u00f6torp International","isPartOf":{"@id":"https:\/\/vittra.se\/rosjotorp-international\/#website"},"datePublished":"2020-12-03T14:47:40+00:00","dateModified":"2026-01-13T07:26:40+00:00","breadcrumb":{"@id":"https:\/\/vittra.se\/rosjotorp-international\/about\/after-school-centre\/#breadcrumb"},"inLanguage":"sv-SE","potentialAction":[{"@type":"ReadAction","target":["https:\/\/vittra.se\/rosjotorp-international\/about\/after-school-centre\/"]}]},{"@type":"BreadcrumbList","@id":"https:\/\/vittra.se\/rosjotorp-international\/about\/after-school-centre\/#breadcrumb","itemListElement":[{"@type":"ListItem","position":1,"name":"Start","item":"https:\/\/vittra.se\/rosjotorp-international\/"},{"@type":"ListItem","position":2,"name":"About the school","item":"https:\/\/vittra.se\/rosjotorp-international\/about\/"},{"@type":"ListItem","position":3,"name":"After-school centre"}]},{"@type":"WebSite","@id":"https:\/\/vittra.se\/rosjotorp-international\/#website","url":"https:\/\/vittra.se\/rosjotorp-international\/","name":"R\u00f6sj\u00f6torp International","description":"Vittra R\u00f6sj\u00f6torp","potentialAction":[{"@type":"SearchAction","target":{"@type":"EntryPoint","urlTemplate":"https:\/\/vittra.se\/rosjotorp-international\/?s={search_term_string}"},"query-input":"required name=search_term_string"}],"inLanguage":"sv-SE"}]}},"_links":{"self":[{"href":"https:\/\/vittra.se\/rosjotorp-international\/wp-json\/wp\/v2\/pages\/791"}],"collection":[{"href":"https:\/\/vittra.se\/rosjotorp-international\/wp-json\/wp\/v2\/pages"}],"about":[{"href":"https:\/\/vittra.se\/rosjotorp-international\/wp-json\/wp\/v2\/types\/page"}],"author":[{"embeddable":true,"href":"https:\/\/vittra.se\/rosjotorp-international\/wp-json\/wp\/v2\/users\/5"}],"replies":[{"embeddable":true,"href":"https:\/\/vittra.se\/rosjotorp-international\/wp-json\/wp\/v2\/comments?post=791"}],"version-history":[{"count":10,"href":"https:\/\/vittra.se\/rosjotorp-international\/wp-json\/wp\/v2\/pages\/791\/revisions"}],"predecessor-version":[{"id":2361,"href":"https:\/\/vittra.se\/rosjotorp-international\/wp-json\/wp\/v2\/pages\/791\/revisions\/2361"}],"up":[{"embeddable":true,"href":"https:\/\/vittra.se\/rosjotorp-international\/wp-json\/wp\/v2\/pages\/740"}],"wp:attachment":[{"href":"https:\/\/vittra.se\/rosjotorp-international\/wp-json\/wp\/v2\/media?parent=791"}],"curies":[{"name":"wp","href":"https:\/\/api.w.org\/{rel}","templated":true}]}}