{"id":783,"date":"2020-12-03T15:40:50","date_gmt":"2020-12-03T14:40:50","guid":{"rendered":"https:\/\/vittra.se\/rosjotorp-international\/?page_id=783"},"modified":"2026-01-13T08:27:02","modified_gmt":"2026-01-13T07:27:02","slug":"our-food","status":"publish","type":"page","link":"https:\/\/vittra.se\/rosjotorp-international\/about\/our-food\/","title":{"rendered":"Our food"},"content":{"rendered":"\n\n<section  class=\"ams-cta ams-cta--stacked c-block l-stacked\" data-color-scheme=\"transparent\">\n\t<div class=\"l-container l-stack l-stack-fluid-2xl u-pt-fluid-md-xl u-pb-fluid-None is-right is-right@md\">\n\t\t\t\t\t<div class=\"ams-cta__intro l-stack l-stack-lg\">\n\t\t\t\t\n\t\t\t\t\t\t\t\t\t<div class=\"c-text l-stack u-cs-xl u-font-small\">\n\t\t\t\t\t\t<p><a href=\"https:\/\/vittra.se\/rosjotorp\/om\/skolmat\/\">L\u00e4s den h\u00e4r sidan p\u00e5 svenska.<\/a><\/p>\n\n\t\t\t\t\t<\/div>\n\t\t\t\t\t\t\t<\/div>\n\t\t\n\t\t\n\t\t\t<\/div>\n\n\t\t\n\n<\/section>\n\n\n\n<div class=\"wp-block-columns is-layout-flex wp-container-core-columns-layout-1 wp-block-columns-is-layout-flex\">\n<div class=\"wp-block-column is-layout-flow wp-block-column-is-layout-flow\" style=\"flex-basis:66.66%\">\n<h1 class=\"wp-block-heading\">Our food<\/h1>\n\n\n\n<p   class=\"site__ingress container text-left  site__text-color--dark  site__free_text--ingress p-0\">\n\tHere you can read more about the school food, what time it is served and get more information about how to find the weekly menu and register special diets.<\/p>\n\n\n\n\n\n<p>The food at Vittra R\u00f6sj\u00f6torp is prepared in our own kitchen.<\/p>\n\n\n\n<h2 class=\"wp-block-heading\">Preschool<\/h2>\n\n\n\n<p>Fruit time at 9.00.<br>Lunch is served from 10.45\u201311.30.<br>Snacks are served at 14.00.<\/p>\n\n\n\n<h2 class=\"wp-block-heading\">Primary school\u00a0<\/h2>\n\n\n\n<p>Fruit time at 10.00.<br>Lunch is served from 10.45\u201312.00.<br>Snacks are served from 13.30\u201315.00.\u00a0<\/p>\n\n\n\n<h3 class=\"wp-block-heading\">Weekly menu<\/h3>\n\n\n\n<p>The menu can be found on <a href=\"https:\/\/sms8.schoolsoft.se\/vittra\/jsp\/Login.jsp\" target=\"_blank\" rel=\"noreferrer noopener\">Schoolsoft<\/a>.<\/p>\n\n\n\n<h3 class=\"wp-block-heading\">Special diet<\/h3>\n\n\n\n<p>If your child needs a special diet or has an allergy, notify the school via <a href=\"https:\/\/sms8.schoolsoft.se\/vittra\/jsp\/Login.jsp\" target=\"_blank\" rel=\"noreferrer noopener\">Schoolsoft<\/a>.<\/p>\n\n\n\n<p><img decoding=\"async\" width=\"170\" height=\"163\" class=\"wp-image-1959\" style=\"width: 150px;\" src=\"https:\/\/vittra.se\/wp-content\/uploads\/sites\/28\/2023\/11\/eu-logo-milk.jpg\" alt=\"\"><\/p>\n\n\n\n<p><\/p>\n<\/div>\n\n\n\n<div class=\"wp-block-column is-layout-flow wp-block-column-is-layout-flow\" style=\"flex-basis:33.33%\"><div   id=\"page-relative-menu\" class=\"site__font-monospace   container_width--full_width_conIcon   d-none d-lg-block  \">\n\n\t\t\t\n<\/div>\n<\/div>\n<\/div>\n\n\n<div   id=\"page-relative-menu\" class=\"site__font-monospace   container_width--full_width_conIcon   d-lg-none  \">\n\n\t\t\t\n<\/div>\n","protected":false},"excerpt":{"rendered":"<p>Our food The food at Vittra R\u00f6sj\u00f6torp is prepared in our own kitchen. Preschool Fruit time at 9.00.Lunch is served from 10.45\u201311.30.Snacks are served at 14.00. Primary school\u00a0 Fruit time at 10.00.Lunch is served from 10.45\u201312.00.Snacks are served from 13.30\u201315.00.\u00a0 Weekly menu The menu can be found on Schoolsoft. Special diet If your child needs&#8230;<\/p>\n","protected":false},"author":5,"featured_media":0,"parent":740,"menu_order":0,"comment_status":"closed","ping_status":"closed","template":"","meta":{"footnotes":""},"yoast_head":"<!-- This site is optimized with the Yoast SEO plugin v22.0 - https:\/\/yoast.com\/wordpress\/plugins\/seo\/ -->\n<title>R\u00f6sj\u00f6torp International<\/title>\n<meta name=\"robots\" content=\"index, follow, max-snippet:-1, max-image-preview:large, max-video-preview:-1\" \/>\n<link rel=\"canonical\" href=\"https:\/\/vittra.se\/rosjotorp-international\/about\/our-food\/\" \/>\n<meta property=\"og:locale\" content=\"sv_SE\" \/>\n<meta property=\"og:type\" content=\"article\" \/>\n<meta property=\"og:url\" content=\"https:\/\/vittra.se\/rosjotorp-international\/about\/our-food\/\" \/>\n<meta property=\"og:site_name\" content=\"R\u00f6sj\u00f6torp International\" \/>\n<meta property=\"article:modified_time\" content=\"2026-01-13T07:27:02+00:00\" \/>\n<meta property=\"og:image\" content=\"https:\/\/vittra.se\/wp-content\/uploads\/sites\/28\/2023\/11\/eu-logo-milk.jpg\" \/>\n<meta name=\"twitter:card\" content=\"summary_large_image\" \/>\n<meta name=\"twitter:label1\" content=\"Ber\u00e4knad l\u00e4stid\" \/>\n\t<meta name=\"twitter:data1\" content=\"1 minut\" \/>\n<script type=\"application\/ld+json\" class=\"yoast-schema-graph\">{\"@context\":\"https:\/\/schema.org\",\"@graph\":[{\"@type\":\"WebPage\",\"@id\":\"https:\/\/vittra.se\/rosjotorp-international\/about\/our-food\/\",\"url\":\"https:\/\/vittra.se\/rosjotorp-international\/about\/our-food\/\",\"name\":\"Our food - R\u00f6sj\u00f6torp International\",\"isPartOf\":{\"@id\":\"https:\/\/vittra.se\/rosjotorp-international\/#website\"},\"datePublished\":\"2020-12-03T14:40:50+00:00\",\"dateModified\":\"2026-01-13T07:27:02+00:00\",\"breadcrumb\":{\"@id\":\"https:\/\/vittra.se\/rosjotorp-international\/about\/our-food\/#breadcrumb\"},\"inLanguage\":\"sv-SE\",\"potentialAction\":[{\"@type\":\"ReadAction\",\"target\":[\"https:\/\/vittra.se\/rosjotorp-international\/about\/our-food\/\"]}]},{\"@type\":\"BreadcrumbList\",\"@id\":\"https:\/\/vittra.se\/rosjotorp-international\/about\/our-food\/#breadcrumb\",\"itemListElement\":[{\"@type\":\"ListItem\",\"position\":1,\"name\":\"Start\",\"item\":\"https:\/\/vittra.se\/rosjotorp-international\/\"},{\"@type\":\"ListItem\",\"position\":2,\"name\":\"About the school\",\"item\":\"https:\/\/vittra.se\/rosjotorp-international\/about\/\"},{\"@type\":\"ListItem\",\"position\":3,\"name\":\"Our food\"}]},{\"@type\":\"WebSite\",\"@id\":\"https:\/\/vittra.se\/rosjotorp-international\/#website\",\"url\":\"https:\/\/vittra.se\/rosjotorp-international\/\",\"name\":\"R\u00f6sj\u00f6torp International\",\"description\":\"Vittra R\u00f6sj\u00f6torp\",\"potentialAction\":[{\"@type\":\"SearchAction\",\"target\":{\"@type\":\"EntryPoint\",\"urlTemplate\":\"https:\/\/vittra.se\/rosjotorp-international\/?s={search_term_string}\"},\"query-input\":\"required name=search_term_string\"}],\"inLanguage\":\"sv-SE\"}]}<\/script>\n<!-- \/ Yoast SEO plugin. -->","yoast_head_json":{"title":"R\u00f6sj\u00f6torp International","robots":{"index":"index","follow":"follow","max-snippet":"max-snippet:-1","max-image-preview":"max-image-preview:large","max-video-preview":"max-video-preview:-1"},"canonical":"https:\/\/vittra.se\/rosjotorp-international\/about\/our-food\/","og_locale":"sv_SE","og_type":"article","og_url":"https:\/\/vittra.se\/rosjotorp-international\/about\/our-food\/","og_site_name":"R\u00f6sj\u00f6torp International","article_modified_time":"2026-01-13T07:27:02+00:00","og_image":[{"url":"https:\/\/vittra.se\/wp-content\/uploads\/sites\/28\/2023\/11\/eu-logo-milk.jpg"}],"twitter_card":"summary_large_image","twitter_misc":{"Ber\u00e4knad l\u00e4stid":"1 minut"},"schema":{"@context":"https:\/\/schema.org","@graph":[{"@type":"WebPage","@id":"https:\/\/vittra.se\/rosjotorp-international\/about\/our-food\/","url":"https:\/\/vittra.se\/rosjotorp-international\/about\/our-food\/","name":"Our food - R\u00f6sj\u00f6torp International","isPartOf":{"@id":"https:\/\/vittra.se\/rosjotorp-international\/#website"},"datePublished":"2020-12-03T14:40:50+00:00","dateModified":"2026-01-13T07:27:02+00:00","breadcrumb":{"@id":"https:\/\/vittra.se\/rosjotorp-international\/about\/our-food\/#breadcrumb"},"inLanguage":"sv-SE","potentialAction":[{"@type":"ReadAction","target":["https:\/\/vittra.se\/rosjotorp-international\/about\/our-food\/"]}]},{"@type":"BreadcrumbList","@id":"https:\/\/vittra.se\/rosjotorp-international\/about\/our-food\/#breadcrumb","itemListElement":[{"@type":"ListItem","position":1,"name":"Start","item":"https:\/\/vittra.se\/rosjotorp-international\/"},{"@type":"ListItem","position":2,"name":"About the school","item":"https:\/\/vittra.se\/rosjotorp-international\/about\/"},{"@type":"ListItem","position":3,"name":"Our food"}]},{"@type":"WebSite","@id":"https:\/\/vittra.se\/rosjotorp-international\/#website","url":"https:\/\/vittra.se\/rosjotorp-international\/","name":"R\u00f6sj\u00f6torp International","description":"Vittra R\u00f6sj\u00f6torp","potentialAction":[{"@type":"SearchAction","target":{"@type":"EntryPoint","urlTemplate":"https:\/\/vittra.se\/rosjotorp-international\/?s={search_term_string}"},"query-input":"required name=search_term_string"}],"inLanguage":"sv-SE"}]}},"_links":{"self":[{"href":"https:\/\/vittra.se\/rosjotorp-international\/wp-json\/wp\/v2\/pages\/783"}],"collection":[{"href":"https:\/\/vittra.se\/rosjotorp-international\/wp-json\/wp\/v2\/pages"}],"about":[{"href":"https:\/\/vittra.se\/rosjotorp-international\/wp-json\/wp\/v2\/types\/page"}],"author":[{"embeddable":true,"href":"https:\/\/vittra.se\/rosjotorp-international\/wp-json\/wp\/v2\/users\/5"}],"replies":[{"embeddable":true,"href":"https:\/\/vittra.se\/rosjotorp-international\/wp-json\/wp\/v2\/comments?post=783"}],"version-history":[{"count":10,"href":"https:\/\/vittra.se\/rosjotorp-international\/wp-json\/wp\/v2\/pages\/783\/revisions"}],"predecessor-version":[{"id":2363,"href":"https:\/\/vittra.se\/rosjotorp-international\/wp-json\/wp\/v2\/pages\/783\/revisions\/2363"}],"up":[{"embeddable":true,"href":"https:\/\/vittra.se\/rosjotorp-international\/wp-json\/wp\/v2\/pages\/740"}],"wp:attachment":[{"href":"https:\/\/vittra.se\/rosjotorp-international\/wp-json\/wp\/v2\/media?parent=783"}],"curies":[{"name":"wp","href":"https:\/\/api.w.org\/{rel}","templated":true}]}}