{"id":777,"date":"2020-12-03T15:24:41","date_gmt":"2020-12-03T14:24:41","guid":{"rendered":"https:\/\/vittra.se\/rosjotorp-international\/?page_id=777"},"modified":"2026-01-13T08:29:39","modified_gmt":"2026-01-13T07:29:39","slug":"school-semesters","status":"publish","type":"page","link":"https:\/\/vittra.se\/rosjotorp-international\/about\/school-semesters\/","title":{"rendered":"School semesters"},"content":{"rendered":"\n\n<section  class=\"ams-cta ams-cta--stacked c-block l-stacked\" data-color-scheme=\"transparent\">\n\t<div class=\"l-container l-stack l-stack-fluid-2xl u-pt-fluid-md-xl u-pb-fluid-None is-right is-right@md\">\n\t\t\t\t\t<div class=\"ams-cta__intro l-stack l-stack-lg\">\n\t\t\t\t\n\t\t\t\t\t\t\t\t\t<div class=\"c-text l-stack u-cs-xl u-font-small\">\n\t\t\t\t\t\t<p><a href=\"https:\/\/vittra.se\/rosjotorp\/om\/lasarstider\/\">L\u00e4s den h\u00e4r sidan p\u00e5 svenska.<\/a><\/p>\n\n\t\t\t\t\t<\/div>\n\t\t\t\t\t\t\t<\/div>\n\t\t\n\t\t\n\t\t\t<\/div>\n\n\t\t\n\n<\/section>\n\n\n\n<div class=\"wp-block-columns is-layout-flex wp-container-core-columns-layout-1 wp-block-columns-is-layout-flex\">\n<div class=\"wp-block-column is-layout-flow wp-block-column-is-layout-flow\" style=\"flex-basis:66.66%\">\n<h1 class=\"wp-block-heading\">School semesters<\/h1>\n\n\n\n<p   class=\"site__ingress container text-left  site__text-color--dark  site__free_text--ingress p-0\">\n\tOn this page you will find the dates for when the autumn and spring semesters start and end as well as holidays. In Schoolsoft you will find more information about non-standard days, UF days when the school is closed and schedules for specific classes.<\/p>\n\n\n\n\n\n<h2 class=\"wp-block-heading\">Autumn 2025<\/h2>\n\n\n\n<p><strong>Start of Autumn Term<\/strong><br>School resumes on August 18, 2025.<br>Grade 1-6 at 9.00<br>Preeschool class at 10.00<\/p>\n\n\n\n<p><strong>Autumn Break<\/strong><br>The autumn break is in week 44, from October 27 to October 31, 2025.<\/p>\n\n\n\n<p><strong>Winter Holiday<\/strong><br>The winter holiday runs from December 22, 2025 to January 7, 2026.<\/p>\n\n\n\n<h2 class=\"wp-block-heading\">Spring 2026<\/h2>\n\n\n\n<p><strong>Start of Spring Term<\/strong><br>School resumes on January 8, 2026.<\/p>\n\n\n\n<p><strong>Sports Break<\/strong><br>The sports break is in week 9, from February 23 to February 27, 2026.<\/p>\n\n\n\n<p><strong>Easter Break<\/strong><br>The Easter break is in week 15, from April 7 to April 10, 2026.<\/p>\n\n\n\n<p><strong>End of School Year<\/strong><br>The last day of school is June 12, 2026.<\/p>\n<\/div>\n\n\n\n<div class=\"wp-block-column is-layout-flow wp-block-column-is-layout-flow\" style=\"flex-basis:33.33%\"><div   id=\"page-relative-menu\" class=\"site__font-monospace   container_width--full_width_conIcon   d-none d-lg-block  \">\n\n\t\t\t\n<\/div>\n<\/div>\n<\/div>\n\n\n<div   id=\"page-relative-menu\" class=\"site__font-monospace   container_width--full_width_conIcon   d-lg-none  \">\n\n\t\t\t\n<\/div>\n","protected":false},"excerpt":{"rendered":"<p>School semesters Autumn 2025 Start of Autumn TermSchool resumes on August 18, 2025.Grade 1-6 at 9.00Preeschool class at 10.00 Autumn BreakThe autumn break is in week 44, from October 27 to October 31, 2025. Winter HolidayThe winter holiday runs from December 22, 2025 to January 7, 2026. Spring 2026 Start of Spring TermSchool resumes on&#8230;<\/p>\n","protected":false},"author":5,"featured_media":0,"parent":740,"menu_order":0,"comment_status":"closed","ping_status":"closed","template":"","meta":{"footnotes":""},"yoast_head":"<!-- This site is optimized with the Yoast SEO plugin v22.0 - https:\/\/yoast.com\/wordpress\/plugins\/seo\/ -->\n<title>R\u00f6sj\u00f6torp International<\/title>\n<meta name=\"robots\" content=\"index, follow, max-snippet:-1, max-image-preview:large, max-video-preview:-1\" \/>\n<link rel=\"canonical\" href=\"https:\/\/vittra.se\/rosjotorp-international\/about\/school-semesters\/\" \/>\n<meta property=\"og:locale\" content=\"sv_SE\" \/>\n<meta property=\"og:type\" content=\"article\" \/>\n<meta property=\"og:url\" content=\"https:\/\/vittra.se\/rosjotorp-international\/about\/school-semesters\/\" \/>\n<meta property=\"og:site_name\" content=\"R\u00f6sj\u00f6torp International\" \/>\n<meta property=\"article:modified_time\" content=\"2026-01-13T07:29:39+00:00\" \/>\n<meta name=\"twitter:card\" content=\"summary_large_image\" \/>\n<meta name=\"twitter:label1\" content=\"Ber\u00e4knad l\u00e4stid\" \/>\n\t<meta name=\"twitter:data1\" content=\"1 minut\" \/>\n<script type=\"application\/ld+json\" class=\"yoast-schema-graph\">{\"@context\":\"https:\/\/schema.org\",\"@graph\":[{\"@type\":\"WebPage\",\"@id\":\"https:\/\/vittra.se\/rosjotorp-international\/about\/school-semesters\/\",\"url\":\"https:\/\/vittra.se\/rosjotorp-international\/about\/school-semesters\/\",\"name\":\"School semesters - R\u00f6sj\u00f6torp International\",\"isPartOf\":{\"@id\":\"https:\/\/vittra.se\/rosjotorp-international\/#website\"},\"datePublished\":\"2020-12-03T14:24:41+00:00\",\"dateModified\":\"2026-01-13T07:29:39+00:00\",\"breadcrumb\":{\"@id\":\"https:\/\/vittra.se\/rosjotorp-international\/about\/school-semesters\/#breadcrumb\"},\"inLanguage\":\"sv-SE\",\"potentialAction\":[{\"@type\":\"ReadAction\",\"target\":[\"https:\/\/vittra.se\/rosjotorp-international\/about\/school-semesters\/\"]}]},{\"@type\":\"BreadcrumbList\",\"@id\":\"https:\/\/vittra.se\/rosjotorp-international\/about\/school-semesters\/#breadcrumb\",\"itemListElement\":[{\"@type\":\"ListItem\",\"position\":1,\"name\":\"Start\",\"item\":\"https:\/\/vittra.se\/rosjotorp-international\/\"},{\"@type\":\"ListItem\",\"position\":2,\"name\":\"About the school\",\"item\":\"https:\/\/vittra.se\/rosjotorp-international\/about\/\"},{\"@type\":\"ListItem\",\"position\":3,\"name\":\"School semesters\"}]},{\"@type\":\"WebSite\",\"@id\":\"https:\/\/vittra.se\/rosjotorp-international\/#website\",\"url\":\"https:\/\/vittra.se\/rosjotorp-international\/\",\"name\":\"R\u00f6sj\u00f6torp International\",\"description\":\"Vittra R\u00f6sj\u00f6torp\",\"potentialAction\":[{\"@type\":\"SearchAction\",\"target\":{\"@type\":\"EntryPoint\",\"urlTemplate\":\"https:\/\/vittra.se\/rosjotorp-international\/?s={search_term_string}\"},\"query-input\":\"required name=search_term_string\"}],\"inLanguage\":\"sv-SE\"}]}<\/script>\n<!-- \/ Yoast SEO plugin. -->","yoast_head_json":{"title":"R\u00f6sj\u00f6torp International","robots":{"index":"index","follow":"follow","max-snippet":"max-snippet:-1","max-image-preview":"max-image-preview:large","max-video-preview":"max-video-preview:-1"},"canonical":"https:\/\/vittra.se\/rosjotorp-international\/about\/school-semesters\/","og_locale":"sv_SE","og_type":"article","og_url":"https:\/\/vittra.se\/rosjotorp-international\/about\/school-semesters\/","og_site_name":"R\u00f6sj\u00f6torp International","article_modified_time":"2026-01-13T07:29:39+00:00","twitter_card":"summary_large_image","twitter_misc":{"Ber\u00e4knad l\u00e4stid":"1 minut"},"schema":{"@context":"https:\/\/schema.org","@graph":[{"@type":"WebPage","@id":"https:\/\/vittra.se\/rosjotorp-international\/about\/school-semesters\/","url":"https:\/\/vittra.se\/rosjotorp-international\/about\/school-semesters\/","name":"School semesters - R\u00f6sj\u00f6torp International","isPartOf":{"@id":"https:\/\/vittra.se\/rosjotorp-international\/#website"},"datePublished":"2020-12-03T14:24:41+00:00","dateModified":"2026-01-13T07:29:39+00:00","breadcrumb":{"@id":"https:\/\/vittra.se\/rosjotorp-international\/about\/school-semesters\/#breadcrumb"},"inLanguage":"sv-SE","potentialAction":[{"@type":"ReadAction","target":["https:\/\/vittra.se\/rosjotorp-international\/about\/school-semesters\/"]}]},{"@type":"BreadcrumbList","@id":"https:\/\/vittra.se\/rosjotorp-international\/about\/school-semesters\/#breadcrumb","itemListElement":[{"@type":"ListItem","position":1,"name":"Start","item":"https:\/\/vittra.se\/rosjotorp-international\/"},{"@type":"ListItem","position":2,"name":"About the school","item":"https:\/\/vittra.se\/rosjotorp-international\/about\/"},{"@type":"ListItem","position":3,"name":"School semesters"}]},{"@type":"WebSite","@id":"https:\/\/vittra.se\/rosjotorp-international\/#website","url":"https:\/\/vittra.se\/rosjotorp-international\/","name":"R\u00f6sj\u00f6torp International","description":"Vittra R\u00f6sj\u00f6torp","potentialAction":[{"@type":"SearchAction","target":{"@type":"EntryPoint","urlTemplate":"https:\/\/vittra.se\/rosjotorp-international\/?s={search_term_string}"},"query-input":"required name=search_term_string"}],"inLanguage":"sv-SE"}]}},"_links":{"self":[{"href":"https:\/\/vittra.se\/rosjotorp-international\/wp-json\/wp\/v2\/pages\/777"}],"collection":[{"href":"https:\/\/vittra.se\/rosjotorp-international\/wp-json\/wp\/v2\/pages"}],"about":[{"href":"https:\/\/vittra.se\/rosjotorp-international\/wp-json\/wp\/v2\/types\/page"}],"author":[{"embeddable":true,"href":"https:\/\/vittra.se\/rosjotorp-international\/wp-json\/wp\/v2\/users\/5"}],"replies":[{"embeddable":true,"href":"https:\/\/vittra.se\/rosjotorp-international\/wp-json\/wp\/v2\/comments?post=777"}],"version-history":[{"count":10,"href":"https:\/\/vittra.se\/rosjotorp-international\/wp-json\/wp\/v2\/pages\/777\/revisions"}],"predecessor-version":[{"id":2367,"href":"https:\/\/vittra.se\/rosjotorp-international\/wp-json\/wp\/v2\/pages\/777\/revisions\/2367"}],"up":[{"embeddable":true,"href":"https:\/\/vittra.se\/rosjotorp-international\/wp-json\/wp\/v2\/pages\/740"}],"wp:attachment":[{"href":"https:\/\/vittra.se\/rosjotorp-international\/wp-json\/wp\/v2\/media?parent=777"}],"curies":[{"name":"wp","href":"https:\/\/api.w.org\/{rel}","templated":true}]}}