{"id":715,"date":"2020-12-02T16:07:46","date_gmt":"2020-12-02T15:07:46","guid":{"rendered":"https:\/\/vittra.se\/rosjotorp-international\/?page_id=715"},"modified":"2026-01-13T08:29:23","modified_gmt":"2026-01-13T07:29:23","slug":"primary-school","status":"publish","type":"page","link":"https:\/\/vittra.se\/rosjotorp-international\/about\/primary-school\/","title":{"rendered":"Primary School"},"content":{"rendered":"\n\n<section  class=\"ams-cta ams-cta--stacked c-block l-stacked\" data-color-scheme=\"transparent\">\n\t<div class=\"l-container l-stack l-stack-fluid-2xl u-pt-fluid-md-xl u-pb-fluid-None is-right is-right@md\">\n\t\t\t\t\t<div class=\"ams-cta__intro l-stack l-stack-lg\">\n\t\t\t\t\n\t\t\t\t\t\t\t\t\t<div class=\"c-text l-stack u-cs-xl u-font-small\">\n\t\t\t\t\t\t<p><a href=\"https:\/\/vittra.se\/rosjotorp\/om\/grundskola\/\">L\u00e4s den h\u00e4r sidan p\u00e5 svenska.<\/a><\/p>\n\n\t\t\t\t\t<\/div>\n\t\t\t\t\t\t\t<\/div>\n\t\t\n\t\t\n\t\t\t<\/div>\n\n\t\t\n\n<\/section>\n\n\n\n\t\n\t\n\t\n\n\t\n\t\n\t\t\n<section  class=\"c-block l-stacked  \" data-color-scheme=\"transparent\">\n\t<div class=\"ams-fifty ams-fifty--container ams-fifty--right ams-fifty--bottom l-container u-pt-fluid-3xl-6xl u-pb-fluid-3xl-6xl\">\n\t\t<div class=\"ams-fifty__content l-stack l-stack-xl is-left is-left@lg\">\n\t\t\t<div class=\"ams-fifty__text l-stack l-stack-lg\">\n\t\t\t\t\t\n\t<h1\n\tclass=\"c-heading u-font-title-1 \"\n\tstyle=\"\">\n\t\t\n\t\t\t\t\tVittra R\u00f6sj\u00f6torp&#8217;s primary school in Sollentuna\n\t\t\t\t\n\t<\/h1>\n\n\t\t\t\t\t\t\t\t\t<div class=\"text l-stack u-font-body\">\n\t\t\t\t\t\t<h2>Preschool class to 6th grade<\/h2>\n<p>At Vittra R\u00f6sj\u00f6torp in Sollentuna, students go from preschool class up to 6th grade. We divide our grades into minors wich correspond to first grade, and juniors which correspond to second grade.<\/p>\n<p>At Vittra, the focus is conscious learning \u2013 students first become aware of themselves and their development, then learn about society and how they can influence it. Keep reading to find out more about what it means.<\/p>\n\n\t\t\t\t\t<\/div>\n\t\t\t\t\t\t\t<\/div>\n\n\t\t\t\t\t<\/div>\n\n\t\t <div class=\"ams-fifty__media u-ratio-square\">\n\t\t \t\t\t\t\t<img decoding=\"async\" width=\"600\" height=\"600\" src=\"https:\/\/vittra.se\/wp-content\/uploads\/sites\/28\/2024\/09\/vittra-grundskola-202404-600x600.jpg\" class=\"attachment-md size-md\" alt=\"H\u00f6gstadieelev sitter i klassrummet med en bok framf\u00f6r sig.\" sizes=\"(min-width: 64em) 600px, calc(100vw - 160px)\" srcset=\"https:\/\/vittra.se\/wp-content\/uploads\/sites\/28\/2024\/09\/vittra-grundskola-202404-600x600.jpg 600w, https:\/\/vittra.se\/wp-content\/uploads\/sites\/28\/2024\/09\/vittra-grundskola-202404-150x150.jpg 150w, https:\/\/vittra.se\/wp-content\/uploads\/sites\/28\/2024\/09\/vittra-grundskola-202404-300x300.jpg 300w, https:\/\/vittra.se\/wp-content\/uploads\/sites\/28\/2024\/09\/vittra-grundskola-202404-400x400.jpg 400w, https:\/\/vittra.se\/wp-content\/uploads\/sites\/28\/2024\/09\/vittra-grundskola-202404-800x801.jpg 800w, https:\/\/vittra.se\/wp-content\/uploads\/sites\/28\/2024\/09\/vittra-grundskola-202404-1024x1025.jpg 1024w, https:\/\/vittra.se\/wp-content\/uploads\/sites\/28\/2024\/09\/vittra-grundskola-202404-1200x1201.jpg 1200w, https:\/\/vittra.se\/wp-content\/uploads\/sites\/28\/2024\/09\/vittra-grundskola-202404.jpg 1317w\" \/>\n\t\t\t\n\t\t\t\n\t\t\t\t\t<\/div>\n\t<\/div>\n\n\t\t\n\n<\/section>\n\n\n\n\n<section  class=\"ams-cta ams-cta--stacked c-block l-stacked\" data-color-scheme=\"primar2\">\n\t<div class=\"l-container l-stack l-stack-fluid-2xl u-pt-fluid-3xl-6xl u-pb-fluid-3xl-6xl is-center is-center@md\">\n\t\t\t\t\t<div class=\"ams-cta__intro l-stack l-stack-lg\">\n\t\t\t\t\t\n\t<h2\n\tclass=\"c-heading u-font-title-1 \"\n\tstyle=\"\">\n\t\t\n\t\t\t\t\tDo you want to apply to our primary school?\n\t\t\t\t\n\t<\/h2>\n\n\t\t\t\t\t\t\t\t\t<div class=\"c-text l-stack u-cs-xl u-font-body\">\n\t\t\t\t\t\t<p data-pm-slice=\"1 1 []\">The choice of school is important and it is important to find the school that provides the best conditions for your child. Do you want to apply to Vittra R\u00f6sj\u00f6torp? Make an application and start collecting queue days.<\/p>\n\n\t\t\t\t\t<\/div>\n\t\t\t\t\t\t\t<\/div>\n\t\t\n\t\t\n\t\t\t<div class=\"ams-cta__action u-inline-items\">\n\t\t\t\t\t\t\t\n\n\n<a href=\"https:\/\/vittra.se\/rosjotorp-international\/application\/\"\n\t\n\tclass=\"c-btn \"\n\tdata-style=\"round\"\n\tdata-size=\"md\"\n\tdata-width=\"full-mobile\"\n\tdata-variant=\"default\"\n\ttarget=\"_self\">\n\t\t\t<span class=\"label\"> Apply now<\/span>\n\t\t\t<\/a>\n\t\t\t<\/div>\n\t<\/div>\n\n\t\t\n\n<\/section>\n\n\n\n\n<section  class=\"ams-usp c-block l-stacked\" data-color-scheme=\"nyans1_av_cta\">\n\t<div class=\"l-container l-stack l-stack-fluid-2xl u-pt-fluid-3xl-6xl u-pb-fluid-3xl-6xl is-center is-center@md\">\n\t\t\t\t\t<div class=\"ams-usp__intro l-stack l-stack-lg\">\n\t\t\t\t\t\n\t<h2\n\tclass=\"c-heading u-font-title-1 \"\n\tstyle=\"\">\n\t\t\n\t\t\t\t\tWhere people and knowledge grow\n\t\t\t\t\n\t<\/h2>\n\n\t\t\t\t\t\t\t<\/div>\n\t\t\n\t\t\t<ul class=\"ams-usp__list l-grid u-justify-center u-gap-fluid-2xl-4xl\">\n\t\t\t\t\t<li class=\"l-col-6@md l-col-4@lg\">\n\t\t\t\t<article\n\t\t\t\t\tclass=\"\n\t\t\t\t\tc-card\n\t\t\t\t\thas-media-zoom\n\t\t\t\t\t\n\t\t\t\t\t\n\t\t\t\t\t\"\n\t\t\t\t\tdata-variant=\"neutral\"\n\t\t\t\t\tdata-style=\"square\"\n\t\t\t\t\t\n\t\t\t\t\t>\n\t\t\t\t\t\t\t\t\t\t\t<div class=\"c-card__content l-stack l-stack-sm u-text-center\">\n\t\t\t\t\t\t\t\t\t\t\t\t\t\t\t<h3 class=\"c-card__title u-font-title-3\">\n\t\t\t\t\t\t\t\t\t\t\t\t\t\t\t\t\t\t\t\t\t\t\t\t\t\t\t\t\t\tThe Vittra skills\n\t\t\t\t\t\t\t\t\t\t\t\t\t\t\t\t\t\t\t\t\t\t\t\t\t\t\t<\/h3>\n\t\t\t\t\t\t\t\n\t\t\t\t\t\t\t\t\t\t\t\t\t\t\t<div class=\"c-card__text l-stack-xs u-font-body\">\n\t\t\t\t\t\t\t\t\t<p>The Vittra skills are six different skills to learn and develop, so that your child becomes both aware of themselves and their environment. The Vittra skills we always base our work on are confidence, responsibility, perseverance, creativity, planning, evaluating and cooperation.<\/p>\n\n\t\t\t\t\t\t\t\t<\/div>\n\t\t\t\t\t\t\t\t\t\t\t\t\t<\/div>\n\t\t\t\t\t\n\t\t\t\t\t<div class=\"c-card__media\">\n\t\t\t\t\t\t\t\t\t\t\t\t\t<img decoding=\"async\" width=\"400\" height=\"267\" src=\"https:\/\/vittra.se\/wp-content\/uploads\/2025\/10\/vittrasamset202506forskola64-400x267.jpg\" class=\"u-radius-round u-ratio-landscape  ams_icon_size_usp-big\" alt=\"Pojke ligger i l\u00e4sh\u00f6rna och l\u00e4ser bok men kollar upp i kameran.\" srcset=\"https:\/\/vittra.se\/wp-content\/uploads\/2025\/10\/vittrasamset202506forskola64-400x267.jpg 400w, https:\/\/vittra.se\/wp-content\/uploads\/2025\/10\/vittrasamset202506forskola64-300x200.jpg 300w, https:\/\/vittra.se\/wp-content\/uploads\/2025\/10\/vittrasamset202506forskola64-600x400.jpg 600w, https:\/\/vittra.se\/wp-content\/uploads\/2025\/10\/vittrasamset202506forskola64-800x534.jpg 800w, https:\/\/vittra.se\/wp-content\/uploads\/2025\/10\/vittrasamset202506forskola64.jpg 1000w\" sizes=\"(max-width: 400px) 100vw, 400px\" \/>\n\t\t\t\t\t\t\t\t\t\t\t<\/div>\n\t\t\t\t<\/article>\n\t\t\t<\/li>\n\n\t\t\t\t\t<li class=\"l-col-6@md l-col-4@lg\">\n\t\t\t\t<article\n\t\t\t\t\tclass=\"\n\t\t\t\t\tc-card\n\t\t\t\t\thas-media-zoom\n\t\t\t\t\t\n\t\t\t\t\t\n\t\t\t\t\t\"\n\t\t\t\t\tdata-variant=\"neutral\"\n\t\t\t\t\tdata-style=\"square\"\n\t\t\t\t\t\n\t\t\t\t\t>\n\t\t\t\t\t\t\t\t\t\t\t<div class=\"c-card__content l-stack l-stack-sm u-text-center\">\n\t\t\t\t\t\t\t\t\t\t\t\t\t\t\t<h3 class=\"c-card__title u-font-title-3\">\n\t\t\t\t\t\t\t\t\t\t\t\t\t\t\t\t\t\t\t\t\t\t\t\t\t\t\t\t\t\tCommunity-Connected Learning\n\t\t\t\t\t\t\t\t\t\t\t\t\t\t\t\t\t\t\t\t\t\t\t\t\t\t\t<\/h3>\n\t\t\t\t\t\t\t\n\t\t\t\t\t\t\t\t\t\t\t\t\t\t\t<div class=\"c-card__text l-stack-xs u-font-body\">\n\t\t\t\t\t\t\t\t\t<p data-start=\"181\" data-end=\"567\">Being in preschool and primary school should feel both motivating and meaningful. That\u2019s when real learning happens.<br data-start=\"290\" data-end=\"293\" \/>At Vittra, we work with a community-connected approach to teaching, where learning is linked to real-life situations.<br data-start=\"414\" data-end=\"417\" \/>This means that our students engage in authentic projects and themes that make learning inspiring, relevant, and connected to the world around them.<\/p>\n\n\t\t\t\t\t\t\t\t<\/div>\n\t\t\t\t\t\t\t\t\t\t\t\t\t<\/div>\n\t\t\t\t\t\n\t\t\t\t\t<div class=\"c-card__media\">\n\t\t\t\t\t\t\t\t\t\t\t\t\t<img decoding=\"async\" width=\"400\" height=\"267\" src=\"https:\/\/vittra.se\/wp-content\/uploads\/2025\/10\/vittrasamset202506ak517-400x267.jpg\" class=\"u-radius-round u-ratio-landscape  ams_icon_size_usp-big\" alt=\"Tv\u00e5 elever l\u00e4ser och en pedagog sitter brevid och hj\u00e4lper till.\" srcset=\"https:\/\/vittra.se\/wp-content\/uploads\/2025\/10\/vittrasamset202506ak517-400x267.jpg 400w, https:\/\/vittra.se\/wp-content\/uploads\/2025\/10\/vittrasamset202506ak517-300x200.jpg 300w, https:\/\/vittra.se\/wp-content\/uploads\/2025\/10\/vittrasamset202506ak517-600x400.jpg 600w, https:\/\/vittra.se\/wp-content\/uploads\/2025\/10\/vittrasamset202506ak517-800x534.jpg 800w, https:\/\/vittra.se\/wp-content\/uploads\/2025\/10\/vittrasamset202506ak517.jpg 1000w\" sizes=\"(max-width: 400px) 100vw, 400px\" \/>\n\t\t\t\t\t\t\t\t\t\t\t<\/div>\n\t\t\t\t<\/article>\n\t\t\t<\/li>\n\n\t\t\t\t\t<li class=\"l-col-6@md l-col-4@lg\">\n\t\t\t\t<article\n\t\t\t\t\tclass=\"\n\t\t\t\t\tc-card\n\t\t\t\t\thas-media-zoom\n\t\t\t\t\t\n\t\t\t\t\t\n\t\t\t\t\t\"\n\t\t\t\t\tdata-variant=\"neutral\"\n\t\t\t\t\tdata-style=\"square\"\n\t\t\t\t\t\n\t\t\t\t\t>\n\t\t\t\t\t\t\t\t\t\t\t<div class=\"c-card__content l-stack l-stack-sm u-text-center\">\n\t\t\t\t\t\t\t\t\t\t\t\t\t\t\t<h3 class=\"c-card__title u-font-title-3\">\n\t\t\t\t\t\t\t\t\t\t\t\t\t\t\t\t\t\t\t\t\t\t\t\t\t\t\t\t\t\tThe Vittra Culture\n\t\t\t\t\t\t\t\t\t\t\t\t\t\t\t\t\t\t\t\t\t\t\t\t\t\t\t<\/h3>\n\t\t\t\t\t\t\t\n\t\t\t\t\t\t\t\t\t\t\t\t\t\t\t<div class=\"c-card__text l-stack-xs u-font-body\">\n\t\t\t\t\t\t\t\t\t<p data-start=\"206\" data-end=\"545\">A sense of security is essential for growth and learning. Every child should feel free to be themselves and part of a caring community. We guide children and students to show kindness, respect, and appreciation, in both words and actions.<br data-start=\"447\" data-end=\"450\" \/>At Vittra, we actively nurture a culture that encourages courage, curiosity, and exploration.<\/p>\n\n\t\t\t\t\t\t\t\t<\/div>\n\t\t\t\t\t\t\t\t\t\t\t\t\t<\/div>\n\t\t\t\t\t\n\t\t\t\t\t<div class=\"c-card__media\">\n\t\t\t\t\t\t\t\t\t\t\t\t\t<img decoding=\"async\" width=\"400\" height=\"267\" src=\"https:\/\/vittra.se\/wp-content\/uploads\/2025\/09\/vittrasamset202506ak563-400x267.jpg\" class=\"u-radius-round u-ratio-landscape  ams_icon_size_usp-big\" alt=\"En elev har den andra p\u00e5 ryggen. De kollar in i kameran och ler.\" srcset=\"https:\/\/vittra.se\/wp-content\/uploads\/2025\/09\/vittrasamset202506ak563-400x267.jpg 400w, https:\/\/vittra.se\/wp-content\/uploads\/2025\/09\/vittrasamset202506ak563-300x200.jpg 300w, https:\/\/vittra.se\/wp-content\/uploads\/2025\/09\/vittrasamset202506ak563-600x400.jpg 600w, https:\/\/vittra.se\/wp-content\/uploads\/2025\/09\/vittrasamset202506ak563-800x534.jpg 800w, https:\/\/vittra.se\/wp-content\/uploads\/2025\/09\/vittrasamset202506ak563.jpg 1000w\" sizes=\"(max-width: 400px) 100vw, 400px\" \/>\n\t\t\t\t\t\t\t\t\t\t\t<\/div>\n\t\t\t\t<\/article>\n\t\t\t<\/li>\n\n\t\t\t<\/ul>\n\n\t\t\t<\/div>\n\n\t\t\n\n<\/section>\n\n\n\n\t\n\t\n\t\n\n\t\n\t\n\t\t\n<section  class=\"c-block l-stacked  \" data-color-scheme=\"transparent\">\n\t<div class=\"ams-fifty ams-fifty--container ams-fifty--left ams-fifty--bottom l-container u-pt-fluid-3xl-6xl u-pb-fluid-3xl-6xl\">\n\t\t<div class=\"ams-fifty__content l-stack l-stack-xl is-left is-left@lg\">\n\t\t\t<div class=\"ams-fifty__text l-stack l-stack-lg\">\n\t\t\t\t\t\n\t<h2\n\tclass=\"c-heading u-font-title-1 \"\n\tstyle=\"\">\n\t\t\n\t\t\t\t\tPedagogy in primary school\n\t\t\t\t\n\t<\/h2>\n\n\t\t\t\t\t\t\t\t\t<div class=\"text l-stack u-font-body\">\n\t\t\t\t\t\t<h3>Conscious learning<\/h3>\n<p>We increase the awareness of our children and students. Awareness of who they are as persons. Awareness of their own learning and development. As well as the awareness of their fellow human beings and what is happening in the society around them.<\/p>\n<h3>Courageous culture<\/h3>\n<p>We believe courage is the key to learning \u2013 the courage to ask, listen, understand and do. Therefore, we work actively to create a courageous culture where curiosity and exploration are encouraged. Where everyone has the right to an opinion and learns to express it. One condition for children&#8217;s and students&#8217; courage is that they also have confidence in both educators and peers.<\/p>\n<h3>Clear structure<\/h3>\n<p>We have clear routines and continuous follow-up to support the children&#8217;s learning process. We have structures for teaching teams and we constantly incorporate the societal perspective into our teaching through developed methods and perspectives. We have clarity about what to do and what is expected.<\/p>\n\n\t\t\t\t\t<\/div>\n\t\t\t\t\t\t\t<\/div>\n\n\t\t\t\t\t<\/div>\n\n\t\t <div class=\"ams-fifty__media u-ratio-square\">\n\t\t \t\t\t\t\t<img decoding=\"async\" width=\"600\" height=\"400\" src=\"https:\/\/vittra.se\/wp-content\/uploads\/sites\/28\/2024\/03\/vittra-grundskola-sollentuna-rosjotorp-202204-600x400.jpg\" class=\"attachment-md size-md\" alt=\"En elev i f\u00f6rskoleklass p\u00e5 Vittra skriver i en bok under en lektion.\" sizes=\"(min-width: 64em) 600px, calc(100vw - 160px)\" srcset=\"https:\/\/vittra.se\/wp-content\/uploads\/sites\/28\/2024\/03\/vittra-grundskola-sollentuna-rosjotorp-202204-600x400.jpg 600w, https:\/\/vittra.se\/wp-content\/uploads\/sites\/28\/2024\/03\/vittra-grundskola-sollentuna-rosjotorp-202204-300x200.jpg 300w, https:\/\/vittra.se\/wp-content\/uploads\/sites\/28\/2024\/03\/vittra-grundskola-sollentuna-rosjotorp-202204-400x267.jpg 400w, https:\/\/vittra.se\/wp-content\/uploads\/sites\/28\/2024\/03\/vittra-grundskola-sollentuna-rosjotorp-202204-800x533.jpg 800w, https:\/\/vittra.se\/wp-content\/uploads\/sites\/28\/2024\/03\/vittra-grundskola-sollentuna-rosjotorp-202204-1024x683.jpg 1024w, https:\/\/vittra.se\/wp-content\/uploads\/sites\/28\/2024\/03\/vittra-grundskola-sollentuna-rosjotorp-202204-1200x800.jpg 1200w, https:\/\/vittra.se\/wp-content\/uploads\/sites\/28\/2024\/03\/vittra-grundskola-sollentuna-rosjotorp-202204.jpg 1980w\" \/>\n\t\t\t\n\t\t\t\n\t\t\t\t\t<\/div>\n\t<\/div>\n\n\t\t\n\n<\/section>\n\n\n\n\t\n\t\n\t\n\n\t\n\t\n\t\t\n<section  class=\"c-block l-stacked  \" data-color-scheme=\"transparent\">\n\t<div class=\"ams-fifty ams-fifty--container ams-fifty--right ams-fifty--bottom l-container u-pt-fluid-None u-pb-fluid-3xl-6xl\">\n\t\t<div class=\"ams-fifty__content l-stack l-stack-xl is-left is-left@lg\">\n\t\t\t<div class=\"ams-fifty__text l-stack l-stack-lg\">\n\t\t\t\t\t\n\t<h2\n\tclass=\"c-heading u-font-title-1 \"\n\tstyle=\"\">\n\t\t\n\t\t\t\t\tMeet Vittra R\u00f6sj\u00f6torp\n\t\t\t\t\n\t<\/h2>\n\n\t\t\t\t\t\t\t\t\t<div class=\"text l-stack u-font-body\">\n\t\t\t\t\t\t<p>Vittra R\u00f6sj\u00f6torp&#8217;s bilingual focus means that your child learns English from an early age. Because we are located in a nature reserve, we work close to nature, with outdoor classrooms and in collaboration with the Nature School. We teach across the grades, which means that the students get to know each other, and that we see all our students.<\/p>\n\n\t\t\t\t\t<\/div>\n\t\t\t\t\t\t\t<\/div>\n\n\t\t\t\t\t<\/div>\n\n\t\t <div class=\"ams-fifty__media u-ratio-widescreen\">\n\t\t \t\n\t\t\t\n\t\t\t\t\t\t\t<lite-youtube videoid=\"lEARj2QE9Go\" style=\"background-image: url('https:\/\/i.ytimg.com\/vi\/lEARj2QE9Go\/hqdefault.jpg');\">\n\t\t\t\t\t\t<button href=\"https:\/\/youtube.com\/watch?v=lEARj2QE9Go\" class=\"lty-playbtn\" title=\"Play Video\">\n\t\t\t\t\t\t\t<span class=\"lyt-visually-hidden\">Play Video<\/span>\n\t\t\t\t\t\t<\/button>\n\t\t\t\t\t<\/lite-youtube>\n\t\t\t\t\t<\/div>\n\t<\/div>\n\n\t\t\n\n<\/section>\n\n\n\n\t<div class=\"module_wrapper ams_remote_pages_module \">\n\t\t\n\n<section  class=\"ams-cta ams-cta--stacked c-block l-stacked\" data-color-scheme=\"nyans1_av_p2\">\n\t<div class=\"l-container l-stack l-stack-fluid-2xl u-pt-fluid-3xl-6xl u-pb-fluid-3xl-6xl is-center is-center@md\">\n\t\t\t\t\t<div class=\"ams-cta__intro l-stack l-stack-lg\">\n\t\t\t\t\t\n\t<h2\n\tclass=\"c-heading u-font-title-1 \"\n\tstyle=\"\">\n\t\t\n\t\t\t\t\tWelcome to visit us at Vittra R\u00f6sj\u00f6torp\n\t\t\t\t\n\t<\/h2>\n\n\t\t\t\t\t\t\t\t\t<div class=\"c-text l-stack u-cs-xl u-font-body\">\n\t\t\t\t\t\t<p>You are welcome to visit us to get to know us and our way of working.<\/p>\n\n\t\t\t\t\t<\/div>\n\t\t\t\t\t\t\t<\/div>\n\t\t\n\t\t\n\t\t\t<div class=\"ams-cta__action u-inline-items\">\n\t\t\t\t\t\t\t\n\n\n<a href=\"https:\/\/vittra.se\/rosjotorp-international\/visit-us\/\"\n\t\n\tclass=\"c-btn \"\n\tdata-style=\"round\"\n\tdata-size=\"md\"\n\tdata-width=\"full-mobile\"\n\tdata-variant=\"default\"\n\ttarget=\"_self\">\n\t\t\t<span class=\"label\"> Visit us<\/span>\n\t\t\t<\/a>\n\t\t\t<\/div>\n\t<\/div>\n\n\t\t\n\n<\/section>\n\t<\/div>\n\n\t","protected":false},"excerpt":{"rendered":"","protected":false},"author":5,"featured_media":0,"parent":740,"menu_order":0,"comment_status":"closed","ping_status":"closed","template":"","meta":{"footnotes":""},"yoast_head":"<!-- This site is optimized with the Yoast SEO plugin v22.0 - https:\/\/yoast.com\/wordpress\/plugins\/seo\/ -->\n<title>R\u00f6sj\u00f6torp International<\/title>\n<meta name=\"description\" content=\"Vittra R\u00f6sj\u00f6torp&#039;s primary school has a conscious-based pedagogy that fosters secure and courageous pupils with the ability to collaborate\" \/>\n<meta name=\"robots\" content=\"index, follow, max-snippet:-1, max-image-preview:large, max-video-preview:-1\" \/>\n<link rel=\"canonical\" href=\"https:\/\/vittra.se\/rosjotorp-international\/about\/primary-school\/\" \/>\n<meta property=\"og:locale\" content=\"sv_SE\" \/>\n<meta property=\"og:type\" content=\"article\" \/>\n<meta property=\"og:description\" content=\"Vittra R\u00f6sj\u00f6torp&#039;s primary school has a conscious-based pedagogy that fosters secure and courageous pupils with the ability to collaborate\" \/>\n<meta property=\"og:url\" content=\"https:\/\/vittra.se\/rosjotorp-international\/about\/primary-school\/\" \/>\n<meta property=\"og:site_name\" content=\"R\u00f6sj\u00f6torp International\" \/>\n<meta property=\"article:modified_time\" content=\"2026-01-13T07:29:23+00:00\" \/>\n<meta name=\"twitter:card\" content=\"summary_large_image\" \/>\n<meta name=\"twitter:description\" content=\"Vittra R\u00f6sj\u00f6torp&#039;s primary school has a conscious-based pedagogy that fosters secure and courageous pupils with the ability to collaborate\" \/>\n<script type=\"application\/ld+json\" class=\"yoast-schema-graph\">{\"@context\":\"https:\/\/schema.org\",\"@graph\":[{\"@type\":\"WebPage\",\"@id\":\"https:\/\/vittra.se\/rosjotorp-international\/about\/primary-school\/\",\"url\":\"https:\/\/vittra.se\/rosjotorp-international\/about\/primary-school\/\",\"name\":\"Primary School - R\u00f6sj\u00f6torp International\",\"isPartOf\":{\"@id\":\"https:\/\/vittra.se\/rosjotorp-international\/#website\"},\"datePublished\":\"2020-12-02T15:07:46+00:00\",\"dateModified\":\"2026-01-13T07:29:23+00:00\",\"description\":\"Vittra R\u00f6sj\u00f6torp's primary school has a conscious-based pedagogy that fosters secure and courageous pupils with the ability to collaborate\",\"breadcrumb\":{\"@id\":\"https:\/\/vittra.se\/rosjotorp-international\/about\/primary-school\/#breadcrumb\"},\"inLanguage\":\"sv-SE\",\"potentialAction\":[{\"@type\":\"ReadAction\",\"target\":[\"https:\/\/vittra.se\/rosjotorp-international\/about\/primary-school\/\"]}]},{\"@type\":\"BreadcrumbList\",\"@id\":\"https:\/\/vittra.se\/rosjotorp-international\/about\/primary-school\/#breadcrumb\",\"itemListElement\":[{\"@type\":\"ListItem\",\"position\":1,\"name\":\"Start\",\"item\":\"https:\/\/vittra.se\/rosjotorp-international\/\"},{\"@type\":\"ListItem\",\"position\":2,\"name\":\"About the school\",\"item\":\"https:\/\/vittra.se\/rosjotorp-international\/about\/\"},{\"@type\":\"ListItem\",\"position\":3,\"name\":\"Primary School\"}]},{\"@type\":\"WebSite\",\"@id\":\"https:\/\/vittra.se\/rosjotorp-international\/#website\",\"url\":\"https:\/\/vittra.se\/rosjotorp-international\/\",\"name\":\"R\u00f6sj\u00f6torp International\",\"description\":\"Vittra R\u00f6sj\u00f6torp\",\"potentialAction\":[{\"@type\":\"SearchAction\",\"target\":{\"@type\":\"EntryPoint\",\"urlTemplate\":\"https:\/\/vittra.se\/rosjotorp-international\/?s={search_term_string}\"},\"query-input\":\"required name=search_term_string\"}],\"inLanguage\":\"sv-SE\"}]}<\/script>\n<!-- \/ Yoast SEO plugin. -->","yoast_head_json":{"title":"R\u00f6sj\u00f6torp International","description":"Vittra R\u00f6sj\u00f6torp's primary school has a conscious-based pedagogy that fosters secure and courageous pupils with the ability to collaborate","robots":{"index":"index","follow":"follow","max-snippet":"max-snippet:-1","max-image-preview":"max-image-preview:large","max-video-preview":"max-video-preview:-1"},"canonical":"https:\/\/vittra.se\/rosjotorp-international\/about\/primary-school\/","og_locale":"sv_SE","og_type":"article","og_description":"Vittra R\u00f6sj\u00f6torp's primary school has a conscious-based pedagogy that fosters secure and courageous pupils with the ability to collaborate","og_url":"https:\/\/vittra.se\/rosjotorp-international\/about\/primary-school\/","og_site_name":"R\u00f6sj\u00f6torp International","article_modified_time":"2026-01-13T07:29:23+00:00","twitter_card":"summary_large_image","twitter_description":"Vittra R\u00f6sj\u00f6torp's primary school has a conscious-based pedagogy that fosters secure and courageous pupils with the ability to collaborate","schema":{"@context":"https:\/\/schema.org","@graph":[{"@type":"WebPage","@id":"https:\/\/vittra.se\/rosjotorp-international\/about\/primary-school\/","url":"https:\/\/vittra.se\/rosjotorp-international\/about\/primary-school\/","name":"Primary School - R\u00f6sj\u00f6torp International","isPartOf":{"@id":"https:\/\/vittra.se\/rosjotorp-international\/#website"},"datePublished":"2020-12-02T15:07:46+00:00","dateModified":"2026-01-13T07:29:23+00:00","description":"Vittra R\u00f6sj\u00f6torp's primary school has a conscious-based pedagogy that fosters secure and courageous pupils with the ability to collaborate","breadcrumb":{"@id":"https:\/\/vittra.se\/rosjotorp-international\/about\/primary-school\/#breadcrumb"},"inLanguage":"sv-SE","potentialAction":[{"@type":"ReadAction","target":["https:\/\/vittra.se\/rosjotorp-international\/about\/primary-school\/"]}]},{"@type":"BreadcrumbList","@id":"https:\/\/vittra.se\/rosjotorp-international\/about\/primary-school\/#breadcrumb","itemListElement":[{"@type":"ListItem","position":1,"name":"Start","item":"https:\/\/vittra.se\/rosjotorp-international\/"},{"@type":"ListItem","position":2,"name":"About the school","item":"https:\/\/vittra.se\/rosjotorp-international\/about\/"},{"@type":"ListItem","position":3,"name":"Primary School"}]},{"@type":"WebSite","@id":"https:\/\/vittra.se\/rosjotorp-international\/#website","url":"https:\/\/vittra.se\/rosjotorp-international\/","name":"R\u00f6sj\u00f6torp International","description":"Vittra R\u00f6sj\u00f6torp","potentialAction":[{"@type":"SearchAction","target":{"@type":"EntryPoint","urlTemplate":"https:\/\/vittra.se\/rosjotorp-international\/?s={search_term_string}"},"query-input":"required name=search_term_string"}],"inLanguage":"sv-SE"}]}},"_links":{"self":[{"href":"https:\/\/vittra.se\/rosjotorp-international\/wp-json\/wp\/v2\/pages\/715"}],"collection":[{"href":"https:\/\/vittra.se\/rosjotorp-international\/wp-json\/wp\/v2\/pages"}],"about":[{"href":"https:\/\/vittra.se\/rosjotorp-international\/wp-json\/wp\/v2\/types\/page"}],"author":[{"embeddable":true,"href":"https:\/\/vittra.se\/rosjotorp-international\/wp-json\/wp\/v2\/users\/5"}],"replies":[{"embeddable":true,"href":"https:\/\/vittra.se\/rosjotorp-international\/wp-json\/wp\/v2\/comments?post=715"}],"version-history":[{"count":10,"href":"https:\/\/vittra.se\/rosjotorp-international\/wp-json\/wp\/v2\/pages\/715\/revisions"}],"predecessor-version":[{"id":2366,"href":"https:\/\/vittra.se\/rosjotorp-international\/wp-json\/wp\/v2\/pages\/715\/revisions\/2366"}],"up":[{"embeddable":true,"href":"https:\/\/vittra.se\/rosjotorp-international\/wp-json\/wp\/v2\/pages\/740"}],"wp:attachment":[{"href":"https:\/\/vittra.se\/rosjotorp-international\/wp-json\/wp\/v2\/media?parent=715"}],"curies":[{"name":"wp","href":"https:\/\/api.w.org\/{rel}","templated":true}]}}