{"id":1559,"date":"2022-07-01T13:22:13","date_gmt":"2022-07-01T11:22:13","guid":{"rendered":"https:\/\/vittra.se\/rosjotorp-international\/?page_id=1559"},"modified":"2026-03-24T16:56:57","modified_gmt":"2026-03-24T15:56:57","slug":"application-form-rosjotorp-international","status":"publish","type":"page","link":"https:\/\/vittra.se\/rosjotorp-international\/application-form-rosjotorp-international\/","title":{"rendered":"Application for Vittra R\u00f6sj\u00f6torp queue"},"content":{"rendered":"\n<div class=\"wp-block-group is-layout-constrained wp-container-core-group-layout-1 wp-block-group-is-layout-constrained\">\n\n<section  class=\"ams-gravity-form c-block l-stacked\" data-color-scheme=\"test-formularfarg_ljusbla\">\n\t<div class=\"l-container l-stack l-stack-fluid-2xl u-pt-fluid-3xl-6xl u-pb-fluid-3xl-6xl is-center is-center@md\">\n\t\t\t\t\t<div class=\"ams-gravity-form__intro l-stack l-stack-lg\">\n\t\t\t\t\t\n\t<h2\n\tclass=\"c-heading u-font-title-1 \"\n\tstyle=\"\">\n\t\t\n\t\t\t\t\tApplication for Vittra R\u00f6sj\u00f6torp queue without Bank ID\n\t\t\t\t\n\t<\/h2>\n\n\t\t\t\t\t\t\t\t\t<div class=\"c-text l-stack u-cs-xl u-font-body\">\n\t\t\t\t\t\t<p>If you do not currently have a Swedish Bank ID, you can apply to our school using this form. If you have any questions, don&#8217;t hesitate to contact us.<\/p>\n\n\t\t\t\t\t<\/div>\n\t\t\t\t\t\t\t<\/div>\n\t\t\n\t\t\n\t<script type=\"text\/javascript\">var gform;gform||(document.addEventListener(\"gform_main_scripts_loaded\",function(){gform.scriptsLoaded=!0}),window.addEventListener(\"DOMContentLoaded\",function(){gform.domLoaded=!0}),gform={domLoaded:!1,scriptsLoaded:!1,initializeOnLoaded:function(o){gform.domLoaded&&gform.scriptsLoaded?o():!gform.domLoaded&&gform.scriptsLoaded?window.addEventListener(\"DOMContentLoaded\",o):document.addEventListener(\"gform_main_scripts_loaded\",o)},hooks:{action:{},filter:{}},addAction:function(o,n,r,t){gform.addHook(\"action\",o,n,r,t)},addFilter:function(o,n,r,t){gform.addHook(\"filter\",o,n,r,t)},doAction:function(o){gform.doHook(\"action\",o,arguments)},applyFilters:function(o){return gform.doHook(\"filter\",o,arguments)},removeAction:function(o,n){gform.removeHook(\"action\",o,n)},removeFilter:function(o,n,r){gform.removeHook(\"filter\",o,n,r)},addHook:function(o,n,r,t,i){null==gform.hooks[o][n]&&(gform.hooks[o][n]=[]);var e=gform.hooks[o][n];null==i&&(i=n+\"_\"+e.length),gform.hooks[o][n].push({tag:i,callable:r,priority:t=null==t?10:t})},doHook:function(n,o,r){var t;if(r=Array.prototype.slice.call(r,1),null!=gform.hooks[n][o]&&((o=gform.hooks[n][o]).sort(function(o,n){return o.priority-n.priority}),o.forEach(function(o){\"function\"!=typeof(t=o.callable)&&(t=window[t]),\"action\"==n?t.apply(null,r):r[0]=t.apply(null,r)})),\"filter\"==n)return r[0]},removeHook:function(o,n,t,i){var r;null!=gform.hooks[o][n]&&(r=(r=gform.hooks[o][n]).filter(function(o,n,r){return!!(null!=i&&i!=o.tag||null!=t&&t!=o.priority)}),gform.hooks[o][n]=r)}});<\/script>\n                <div class='gf_browser_gecko gform_wrapper gform-theme gform-theme--foundation gform-theme--framework gform-theme--orbital' data-form-theme='orbital' data-form-index='0' id='gform_wrapper_1' ><style>#gform_wrapper_1[data-form-index=\"0\"].gform-theme,[data-parent-form=\"1_0\"]{--gf-color-primary: #204ce5;--gf-color-primary-rgb: 32, 76, 229;--gf-color-primary-contrast: #fff;--gf-color-primary-contrast-rgb: 255, 255, 255;--gf-color-primary-darker: #001AB3;--gf-color-primary-lighter: #527EFF;--gf-color-secondary: #fff;--gf-color-secondary-rgb: 255, 255, 255;--gf-color-secondary-contrast: #112337;--gf-color-secondary-contrast-rgb: 17, 35, 55;--gf-color-secondary-darker: #F5F5F5;--gf-color-secondary-lighter: #FFFFFF;--gf-color-out-ctrl-light: rgba(17, 35, 55, 0.1);--gf-color-out-ctrl-light-rgb: 17, 35, 55;--gf-color-out-ctrl-light-darker: rgba(104, 110, 119, 0.35);--gf-color-out-ctrl-light-lighter: #F5F5F5;--gf-color-out-ctrl-dark: #585e6a;--gf-color-out-ctrl-dark-rgb: 88, 94, 106;--gf-color-out-ctrl-dark-darker: #112337;--gf-color-out-ctrl-dark-lighter: rgba(17, 35, 55, 0.65);--gf-color-in-ctrl: #fff;--gf-color-in-ctrl-rgb: 255, 255, 255;--gf-color-in-ctrl-contrast: #112337;--gf-color-in-ctrl-contrast-rgb: 17, 35, 55;--gf-color-in-ctrl-darker: #F5F5F5;--gf-color-in-ctrl-lighter: #FFFFFF;--gf-color-in-ctrl-primary: #204ce5;--gf-color-in-ctrl-primary-rgb: 32, 76, 229;--gf-color-in-ctrl-primary-contrast: #fff;--gf-color-in-ctrl-primary-contrast-rgb: 255, 255, 255;--gf-color-in-ctrl-primary-darker: #001AB3;--gf-color-in-ctrl-primary-lighter: #527EFF;--gf-color-in-ctrl-light: rgba(17, 35, 55, 0.1);--gf-color-in-ctrl-light-rgb: 17, 35, 55;--gf-color-in-ctrl-light-darker: rgba(104, 110, 119, 0.35);--gf-color-in-ctrl-light-lighter: #F5F5F5;--gf-color-in-ctrl-dark: #585e6a;--gf-color-in-ctrl-dark-rgb: 88, 94, 106;--gf-color-in-ctrl-dark-darker: #112337;--gf-color-in-ctrl-dark-lighter: rgba(17, 35, 55, 0.65);--gf-radius: 3px;--gf-font-size-secondary: 14px;--gf-font-size-tertiary: 13px;--gf-icon-ctrl-number: url(\"data:image\/svg+xml,%3Csvg width='8' height='14' viewBox='0 0 8 14' fill='none' xmlns='http:\/\/www.w3.org\/2000\/svg'%3E%3Cpath fill-rule='evenodd' clip-rule='evenodd' d='M4 0C4.26522 5.96046e-08 4.51957 0.105357 4.70711 0.292893L7.70711 3.29289C8.09763 3.68342 8.09763 4.31658 7.70711 4.70711C7.31658 5.09763 6.68342 5.09763 6.29289 4.70711L4 2.41421L1.70711 4.70711C1.31658 5.09763 0.683417 5.09763 0.292893 4.70711C-0.0976311 4.31658 -0.097631 3.68342 0.292893 3.29289L3.29289 0.292893C3.48043 0.105357 3.73478 0 4 0ZM0.292893 9.29289C0.683417 8.90237 1.31658 8.90237 1.70711 9.29289L4 11.5858L6.29289 9.29289C6.68342 8.90237 7.31658 8.90237 7.70711 9.29289C8.09763 9.68342 8.09763 10.3166 7.70711 10.7071L4.70711 13.7071C4.31658 14.0976 3.68342 14.0976 3.29289 13.7071L0.292893 10.7071C-0.0976311 10.3166 -0.0976311 9.68342 0.292893 9.29289Z' fill='rgba(17, 35, 55, 0.65)'\/%3E%3C\/svg%3E\");--gf-icon-ctrl-select: url(\"data:image\/svg+xml,%3Csvg width='10' height='6' viewBox='0 0 10 6' fill='none' xmlns='http:\/\/www.w3.org\/2000\/svg'%3E%3Cpath fill-rule='evenodd' clip-rule='evenodd' d='M0.292893 0.292893C0.683417 -0.097631 1.31658 -0.097631 1.70711 0.292893L5 3.58579L8.29289 0.292893C8.68342 -0.0976311 9.31658 -0.0976311 9.70711 0.292893C10.0976 0.683417 10.0976 1.31658 9.70711 1.70711L5.70711 5.70711C5.31658 6.09763 4.68342 6.09763 4.29289 5.70711L0.292893 1.70711C-0.0976311 1.31658 -0.0976311 0.683418 0.292893 0.292893Z' fill='rgba(17, 35, 55, 0.65)'\/%3E%3C\/svg%3E\");--gf-icon-ctrl-search: url(\"data:image\/svg+xml,%3Csvg version='1.1' xmlns='http:\/\/www.w3.org\/2000\/svg' width='640' height='640'%3E%3Cpath d='M256 128c-70.692 0-128 57.308-128 128 0 70.691 57.308 128 128 128 70.691 0 128-57.309 128-128 0-70.692-57.309-128-128-128zM64 256c0-106.039 85.961-192 192-192s192 85.961 192 192c0 41.466-13.146 79.863-35.498 111.248l154.125 154.125c12.496 12.496 12.496 32.758 0 45.254s-32.758 12.496-45.254 0L367.248 412.502C335.862 434.854 297.467 448 256 448c-106.039 0-192-85.962-192-192z' fill='rgba(17, 35, 55, 0.65)'\/%3E%3C\/svg%3E\");--gf-label-space-y-secondary: var(--gf-label-space-y-md-secondary);--gf-ctrl-border-color: #686e77;--gf-ctrl-size: var(--gf-ctrl-size-md);--gf-ctrl-label-color-primary: #112337;--gf-ctrl-label-color-secondary: #112337;--gf-ctrl-choice-size: var(--gf-ctrl-choice-size-md);--gf-ctrl-checkbox-check-size: var(--gf-ctrl-checkbox-check-size-md);--gf-ctrl-radio-check-size: var(--gf-ctrl-radio-check-size-md);--gf-ctrl-btn-font-size: var(--gf-ctrl-btn-font-size-md);--gf-ctrl-btn-padding-x: var(--gf-ctrl-btn-padding-x-md);--gf-ctrl-btn-size: var(--gf-ctrl-btn-size-md);--gf-ctrl-btn-border-color-secondary: #686e77;--gf-ctrl-file-btn-bg-color-hover: #EBEBEB;--gf-field-pg-steps-number-color: rgba(17, 35, 55, 0.8);}<\/style><form method='post' enctype='multipart\/form-data'  id='gform_1'  action='\/rosjotorp-international\/wp-json\/wp\/v2\/pages\/1559' data-formid='1' novalidate>\n                        <div class='gform-body gform_body'><div id='gform_fields_1' class='gform_fields top_label form_sublabel_below description_below'><div id=\"field_1_4\" class=\"gfield gfield--type-text gfield--input-type-text gfield--width-full gfield_contains_required field_sublabel_below gfield--no-description field_description_below gfield_visibility_visible\"  data-js-reload=\"field_1_4\" ><?xml encoding=\"utf-8\" ?><label class=\"gfield_label gform-field-label f-label\" for=\"input_1_4\">Applicant child&#8217;s first and last name:*<span class=\"gfield_required\"><span class=\"gfield_required gfield_required_text\">(Obligatoriskt)<\/span><\/span><\/label><div class=\"ginput_container ginput_container_text\"><input name=\"input_4\" id=\"input_1_4\" type=\"text\" value=\"\" class=\"large f-control\" aria-required=\"true\" aria-invalid=\"false\"> <\/div>\n<\/div><div id=\"field_1_14\" class=\"gfield gfield--type-text gfield--input-type-text gfield--width-full gfield_contains_required field_sublabel_below gfield--no-description field_description_below gfield_visibility_visible\"  data-js-reload=\"field_1_14\" ><?xml encoding=\"utf-8\" ?><label class=\"gfield_label gform-field-label f-label\" for=\"input_1_14\">Child&#8217;s date of birth YYYY-MM-DD:*<span class=\"gfield_required\"><span class=\"gfield_required gfield_required_text\">(Obligatoriskt)<\/span><\/span><\/label><div class=\"ginput_container ginput_container_text\"><input name=\"input_14\" id=\"input_1_14\" type=\"text\" value=\"\" class=\"large f-control\" aria-required=\"true\" aria-invalid=\"false\"> <\/div>\n<\/div><div id=\"field_1_13\" class=\"gfield gfield--type-select gfield--input-type-select gfield--width-full gfield_contains_required field_sublabel_below gfield--no-description field_description_below gfield_visibility_visible\"  data-js-reload=\"field_1_13\" ><?xml encoding=\"utf-8\" ?><label class=\"gfield_label gform-field-label f-label\" for=\"input_1_13\">Applying for grade (preschool, Grade F\/0, Grade 1, Grade 2, Grade 3, Grade 4, Grade 5 or Grade 6):*<span class=\"gfield_required\"><span class=\"gfield_required gfield_required_text\">(Obligatoriskt)<\/span><\/span><\/label><div class=\"ginput_container ginput_container_select c-select js-select\" data-no-selected-label=\"V&auml;lj ett alternativ\" data-button-class=\"c-btn c-btn--form\"><select name=\"input_13\" id=\"input_1_13\" class=\"large gfield_select c-select__input\" aria-required=\"true\" aria-invalid=\"false\"><option value=\"Preschool\">Preschool<\/option><option value=\"Grade F\/0\">Grade F\/0<\/option><option value=\"Grade 1\">Grade 1<\/option><option value=\"Grade 2\">Grade 2<\/option><option value=\"Grade 3\">Grade 3<\/option><option value=\"Grade 4\">Grade 4<\/option><option value=\"Grade 5\">Grade 5<\/option><option value=\"Grade 6\">Grade 6<\/option><\/select><svg xmlns=\"http:\/\/www.w3.org\/2000\/svg\" class=\"ams-icon ams-icon__arrow-down\" width=\"24\" height=\"24\" viewBox=\"0 0 24 24\" fill=\"currentColor\" aria-hidden=\"true\">\n\t\t\t\t\t\t\t\t\t<path d=\"m11.2033 18.4294-10.872894-10.67584c-.440539-.42594-.440539-1.1147 0-1.54065l.665495-.64345c.440539-.42595 1.152899-.42595 1.593439 0l9.41066 9.27114 9.4107-9.26207c.4405-.42595 1.1529-.42595 1.5934 0l.6655.64345c.4405.42594.4405 1.1147 0 1.54065l-10.8729 10.67587c-.4405.4168-1.1529.4168-1.5934-.0091z\"><\/path>\n\t\t\t\t\t\t\t\t<\/svg><\/div>\n<\/div><div id=\"field_1_16\" class=\"gfield gfield--type-text gfield--input-type-text gfield--width-full gfield_contains_required field_sublabel_below gfield--no-description field_description_below gfield_visibility_visible\"  data-js-reload=\"field_1_16\" ><?xml encoding=\"utf-8\" ?><label class=\"gfield_label gform-field-label f-label\" for=\"input_1_16\">Requested start date:*<span class=\"gfield_required\"><span class=\"gfield_required gfield_required_text\">(Obligatoriskt)<\/span><\/span><\/label><div class=\"ginput_container ginput_container_text\"><input name=\"input_16\" id=\"input_1_16\" type=\"text\" value=\"\" class=\"large f-control\" aria-required=\"true\" aria-invalid=\"false\"> <\/div>\n<\/div><div id=\"field_1_8\" class=\"gfield gfield--type-text gfield--input-type-text gfield--width-full gfield_contains_required field_sublabel_below gfield--no-description field_description_below gfield_visibility_visible\"  data-js-reload=\"field_1_8\" ><?xml encoding=\"utf-8\" ?><label class=\"gfield_label gform-field-label f-label\" for=\"input_1_8\">First and last name of guardian:*<span class=\"gfield_required\"><span class=\"gfield_required gfield_required_text\">(Obligatoriskt)<\/span><\/span><\/label><div class=\"ginput_container ginput_container_text\"><input name=\"input_8\" id=\"input_1_8\" type=\"text\" value=\"\" class=\"large f-control\" aria-required=\"true\" aria-invalid=\"false\"> <\/div>\n<\/div><div id=\"field_1_9\" class=\"gfield gfield--type-text gfield--input-type-text gfield--width-full gfield_contains_required field_sublabel_below gfield--no-description field_description_below gfield_visibility_visible\"  data-js-reload=\"field_1_9\" ><?xml encoding=\"utf-8\" ?><label class=\"gfield_label gform-field-label f-label\" for=\"input_1_9\">Email:*<span class=\"gfield_required\"><span class=\"gfield_required gfield_required_text\">(Obligatoriskt)<\/span><\/span><\/label><div class=\"ginput_container ginput_container_text\"><input name=\"input_9\" id=\"input_1_9\" type=\"text\" value=\"\" class=\"large f-control\" aria-required=\"true\" aria-invalid=\"false\"> <\/div>\n<\/div><div id=\"field_1_10\" class=\"gfield gfield--type-text gfield--input-type-text gfield--width-full gfield_contains_required field_sublabel_below gfield--no-description field_description_below gfield_visibility_visible\"  data-js-reload=\"field_1_10\" ><?xml encoding=\"utf-8\" ?><label class=\"gfield_label gform-field-label f-label\" for=\"input_1_10\">Street address:*<span class=\"gfield_required\"><span class=\"gfield_required gfield_required_text\">(Obligatoriskt)<\/span><\/span><\/label><div class=\"ginput_container ginput_container_text\"><input name=\"input_10\" id=\"input_1_10\" type=\"text\" value=\"\" class=\"large f-control\" aria-required=\"true\" aria-invalid=\"false\"> <\/div>\n<\/div><div id=\"field_1_11\" class=\"gfield gfield--type-text gfield--input-type-text gfield--width-full gfield_contains_required field_sublabel_below gfield--no-description field_description_below gfield_visibility_visible\"  data-js-reload=\"field_1_11\" ><?xml encoding=\"utf-8\" ?><label class=\"gfield_label gform-field-label f-label\" for=\"input_1_11\">Zip-code:*<span class=\"gfield_required\"><span class=\"gfield_required gfield_required_text\">(Obligatoriskt)<\/span><\/span><\/label><div class=\"ginput_container ginput_container_text\"><input name=\"input_11\" id=\"input_1_11\" type=\"text\" value=\"\" class=\"large f-control\" aria-required=\"true\" aria-invalid=\"false\"> <\/div>\n<\/div><div id=\"field_1_1\" class=\"gfield gfield--type-phone gfield--input-type-phone gfield_contains_required field_sublabel_below gfield--no-description field_description_below gfield_visibility_visible\"  data-js-reload=\"field_1_1\" ><?xml encoding=\"utf-8\" ?><label class=\"gfield_label gform-field-label f-label\" for=\"input_1_1\">Contact phone number:*<span class=\"gfield_required\"><span class=\"gfield_required gfield_required_text\">(Obligatoriskt)<\/span><\/span><\/label><div class=\"ginput_container ginput_container_phone\"><input name=\"input_1\" id=\"input_1_1\" type=\"tel\" value=\"\" class=\"large f-control\" aria-required=\"true\" aria-invalid=\"false\"><\/div>\n<\/div><div id=\"field_1_12\" class=\"gfield gfield--type-text gfield--input-type-text gfield--width-full gfield_contains_required field_sublabel_below gfield--no-description field_description_below gfield_visibility_visible\"  data-js-reload=\"field_1_12\" ><?xml encoding=\"utf-8\" ?><label class=\"gfield_label gform-field-label f-label\" for=\"input_1_12\">Municipality\/ City:*<span class=\"gfield_required\"><span class=\"gfield_required gfield_required_text\">(Obligatoriskt)<\/span><\/span><\/label><div class=\"ginput_container ginput_container_text\"><input name=\"input_12\" id=\"input_1_12\" type=\"text\" value=\"\" class=\"large f-control\" aria-required=\"true\" aria-invalid=\"false\"> <\/div>\n<\/div><fieldset id=\"field_1_3\" class=\"gfield gfield--type-consent gfield--type-choice gfield--input-type-consent gfield--width-full gfield_contains_required field_sublabel_below gfield--has-description field_description_below gfield_visibility_visible\"  data-js-reload=\"field_1_3\" ><?xml encoding=\"utf-8\" ?><legend class=\"gfield_label gform-field-label gfield_label_before_complex f-legend\">Privacy Policy:*<span class=\"gfield_required\"><span class=\"gfield_required gfield_required_text\">(Obligatoriskt)<\/span><\/span><\/legend><div class=\"ginput_container ginput_container_consent\"><input name=\"input_3.1\" id=\"input_1_3_1\" type=\"checkbox\" value=\"1\" aria-describedby=\"gfield_consent_description_1_3\" aria-required=\"true\" aria-invalid=\"false\" class=\"f-checkbox\"> <label class=\"gform-field-label gform-field-label--type-inline gfield_consent_label\" for=\"input_1_3_1\">Yes, I agree to Vittra&#8217;s privacy policy.<\/label><input type=\"hidden\" name=\"input_3.2\" value=\"Yes, I agree to Vittra's privacy policy.\" class=\"gform_hidden f-control\"><input type=\"hidden\" name=\"input_3.3\" value=\"3\" class=\"gform_hidden f-control\"><\/div><div class=\"gfield_description gfield_consent_description f-help\" id=\"gfield_consent_description_1_3\"><a href=\"https:\/\/vittra.se\/hantering-av-personuppgifter\/\">Read more here (in Swedish)<\/a><\/div>\n<\/fieldset><\/div><\/div>\n        <div class='gform_footer top_label'> <input type=\"submit\" id=\"gform_submit_button_1\" class=\"gform_button button c-btn\" value=\"Skicka\" onclick='if(window[\"gf_submitting_1\"]){return false;}  if( !jQuery(\"#gform_1\")[0].checkValidity || jQuery(\"#gform_1\")[0].checkValidity()){window[\"gf_submitting_1\"]=true;}  ' onkeypress='if( event.keyCode == 13 ){ if(window[\"gf_submitting_1\"]){return false;} if( !jQuery(\"#gform_1\")[0].checkValidity || jQuery(\"#gform_1\")[0].checkValidity()){window[\"gf_submitting_1\"]=true;}  jQuery(\"#gform_1\").trigger(\"submit\",[true]); }' data-style=\"round\"> \n            <input type='hidden' class='gform_hidden' name='is_submit_1' value='1' \/>\n            <input type='hidden' class='gform_hidden' name='gform_submit' value='1' \/>\n            \n            <input type='hidden' class='gform_hidden' name='gform_unique_id' value='' \/>\n            <input type='hidden' class='gform_hidden' name='state_1' value='WyJ7XCIxM1wiOltcIjA4MDJhNWNjYWQ4ZTRiMjY1NWFmNTcxMTQ0MDU3YWY5XCIsXCI3ZmRmMzRiYzY0MTYzNDYyZDcyNjJiYTBjZjQzNmU3ZVwiLFwiNmMyOGMzY2NlZGNhMWFmNGNhMzQ1ODk5NzViNzA3ZWVcIixcImFiYTE4MjM5MjgwNDBmZDE1MDY5YmQzNjBiNzYxNTZlXCIsXCI5NGZiOGEzMDg4ZWFlYThjYWVjNWM1NjJlNjY4NTlkZlwiLFwiNzA1MWMxMmNlMTQyYzhmYjE1Zjg2MjcxYTRkYzk0MDVcIixcIjNmN2RlNmJlYzQ0Y2ExNjM3MTFkNzRhNmQwOGIwMzU5XCIsXCI4YmQzZGJjZmZiNjQwMWVmN2I5MmE0YTA5ODQzNmFhZVwiXSxcIjMuMVwiOlwiOWQxZGI3MzViNTFiMjRiZjY4NDFjMGU2OTEyNjE1YjlcIixcIjMuMlwiOlwiZjJjOGQ3ZGQzZTg1NTk2YzY3OGI1ZWE5YzIyZjg2NGVcIixcIjMuM1wiOlwiM2Y1Yjg3NTUyMTc0MWI3N2M1MmJlNjhkODQ5ODI1MzFcIn0iLCJjOGY2N2U4ODNkYTI2MTI0YmE4Y2MwYjU3MmQ0YTQ1MSJd' \/>\n            <input type='hidden' class='gform_hidden' name='gform_target_page_number_1' id='gform_target_page_number_1' value='0' \/>\n            <input type='hidden' class='gform_hidden' name='gform_source_page_number_1' id='gform_source_page_number_1' value='1' \/>\n            <input type='hidden' name='gform_field_values' value='' \/>\n            \n        <\/div>\n                        <\/form>\n                        <\/div><script type=\"text\/javascript\">\n\/* <![CDATA[ *\/\n gform.initializeOnLoaded( function() {gformInitSpinner( 1, 'https:\/\/vittra.se\/wp-content\/mu-plugins\/gravityforms\/images\/spinner.svg', false );jQuery('#gform_ajax_frame_1').on('load',function(){var contents = jQuery(this).contents().find('*').html();var is_postback = contents.indexOf('GF_AJAX_POSTBACK') >= 0;if(!is_postback){return;}var form_content = jQuery(this).contents().find('#gform_wrapper_1');var is_confirmation = jQuery(this).contents().find('#gform_confirmation_wrapper_1').length > 0;var is_redirect = contents.indexOf('gformRedirect(){') >= 0;var is_form = form_content.length > 0 && ! is_redirect && ! is_confirmation;var mt = parseInt(jQuery('html').css('margin-top'), 10) + parseInt(jQuery('body').css('margin-top'), 10) + 100;if(is_form){jQuery('#gform_wrapper_1').html(form_content.html());if(form_content.hasClass('gform_validation_error')){jQuery('#gform_wrapper_1').addClass('gform_validation_error');} else {jQuery('#gform_wrapper_1').removeClass('gform_validation_error');}setTimeout( function() { \/* delay the scroll by 50 milliseconds to fix a bug in chrome *\/  }, 50 );if(window['gformInitDatepicker']) {gformInitDatepicker();}if(window['gformInitPriceFields']) {gformInitPriceFields();}var current_page = jQuery('#gform_source_page_number_1').val();gformInitSpinner( 1, 'https:\/\/vittra.se\/wp-content\/mu-plugins\/gravityforms\/images\/spinner.svg', false );jQuery(document).trigger('gform_page_loaded', [1, current_page]);window['gf_submitting_1'] = false;}else if(!is_redirect){var confirmation_content = jQuery(this).contents().find('.GF_AJAX_POSTBACK').html();if(!confirmation_content){confirmation_content = contents;}setTimeout(function(){jQuery('#gform_wrapper_1').replaceWith(confirmation_content);jQuery(document).trigger('gform_confirmation_loaded', [1]);window['gf_submitting_1'] = false;wp.a11y.speak(jQuery('#gform_confirmation_message_1').text());}, 50);}else{jQuery('#gform_1').append(contents);if(window['gformRedirect']) {gformRedirect();}}jQuery(document).trigger('gform_post_render', [1, current_page]);gform.utils.trigger({ event: 'gform\/postRender', native: false, data: { formId: 1, currentPage: current_page } });} );} ); \n\/* ]]> *\/\n<\/script>\n\n\n\n\t\t\t<\/div>\n\n\t\t\n\n<\/section>\n<\/div>\n","protected":false},"excerpt":{"rendered":"","protected":false},"author":11,"featured_media":0,"parent":0,"menu_order":0,"comment_status":"closed","ping_status":"closed","template":"","meta":{"footnotes":""},"yoast_head":"<!-- This site is optimized with the Yoast SEO plugin v22.0 - https:\/\/yoast.com\/wordpress\/plugins\/seo\/ -->\n<title>R\u00f6sj\u00f6torp International<\/title>\n<meta name=\"robots\" content=\"noindex, nofollow\" \/>\n<meta property=\"og:locale\" content=\"sv_SE\" \/>\n<meta property=\"og:type\" content=\"article\" \/>\n<meta property=\"og:url\" content=\"https:\/\/vittra.se\/rosjotorp-international\/application-form-rosjotorp-international\/\" \/>\n<meta property=\"og:site_name\" content=\"R\u00f6sj\u00f6torp International\" \/>\n<meta property=\"article:modified_time\" content=\"2026-03-24T15:56:57+00:00\" \/>\n<meta name=\"twitter:card\" content=\"summary_large_image\" \/>\n<script type=\"application\/ld+json\" class=\"yoast-schema-graph\">{\"@context\":\"https:\/\/schema.org\",\"@graph\":[{\"@type\":\"WebPage\",\"@id\":\"https:\/\/vittra.se\/rosjotorp-international\/application-form-rosjotorp-international\/\",\"url\":\"https:\/\/vittra.se\/rosjotorp-international\/application-form-rosjotorp-international\/\",\"name\":\"Application for Vittra R\u00f6sj\u00f6torp queue - R\u00f6sj\u00f6torp International\",\"isPartOf\":{\"@id\":\"https:\/\/vittra.se\/rosjotorp-international\/#website\"},\"datePublished\":\"2022-07-01T11:22:13+00:00\",\"dateModified\":\"2026-03-24T15:56:57+00:00\",\"breadcrumb\":{\"@id\":\"https:\/\/vittra.se\/rosjotorp-international\/application-form-rosjotorp-international\/#breadcrumb\"},\"inLanguage\":\"sv-SE\",\"potentialAction\":[{\"@type\":\"ReadAction\",\"target\":[\"https:\/\/vittra.se\/rosjotorp-international\/application-form-rosjotorp-international\/\"]}]},{\"@type\":\"BreadcrumbList\",\"@id\":\"https:\/\/vittra.se\/rosjotorp-international\/application-form-rosjotorp-international\/#breadcrumb\",\"itemListElement\":[{\"@type\":\"ListItem\",\"position\":1,\"name\":\"Start\",\"item\":\"https:\/\/vittra.se\/rosjotorp-international\/\"},{\"@type\":\"ListItem\",\"position\":2,\"name\":\"Application for Vittra R\u00f6sj\u00f6torp queue\"}]},{\"@type\":\"WebSite\",\"@id\":\"https:\/\/vittra.se\/rosjotorp-international\/#website\",\"url\":\"https:\/\/vittra.se\/rosjotorp-international\/\",\"name\":\"R\u00f6sj\u00f6torp International\",\"description\":\"Vittra R\u00f6sj\u00f6torp\",\"potentialAction\":[{\"@type\":\"SearchAction\",\"target\":{\"@type\":\"EntryPoint\",\"urlTemplate\":\"https:\/\/vittra.se\/rosjotorp-international\/?s={search_term_string}\"},\"query-input\":\"required name=search_term_string\"}],\"inLanguage\":\"sv-SE\"}]}<\/script>\n<!-- \/ Yoast SEO plugin. -->","yoast_head_json":{"title":"R\u00f6sj\u00f6torp International","robots":{"index":"noindex","follow":"nofollow"},"og_locale":"sv_SE","og_type":"article","og_url":"https:\/\/vittra.se\/rosjotorp-international\/application-form-rosjotorp-international\/","og_site_name":"R\u00f6sj\u00f6torp International","article_modified_time":"2026-03-24T15:56:57+00:00","twitter_card":"summary_large_image","schema":{"@context":"https:\/\/schema.org","@graph":[{"@type":"WebPage","@id":"https:\/\/vittra.se\/rosjotorp-international\/application-form-rosjotorp-international\/","url":"https:\/\/vittra.se\/rosjotorp-international\/application-form-rosjotorp-international\/","name":"Application for Vittra R\u00f6sj\u00f6torp queue - R\u00f6sj\u00f6torp International","isPartOf":{"@id":"https:\/\/vittra.se\/rosjotorp-international\/#website"},"datePublished":"2022-07-01T11:22:13+00:00","dateModified":"2026-03-24T15:56:57+00:00","breadcrumb":{"@id":"https:\/\/vittra.se\/rosjotorp-international\/application-form-rosjotorp-international\/#breadcrumb"},"inLanguage":"sv-SE","potentialAction":[{"@type":"ReadAction","target":["https:\/\/vittra.se\/rosjotorp-international\/application-form-rosjotorp-international\/"]}]},{"@type":"BreadcrumbList","@id":"https:\/\/vittra.se\/rosjotorp-international\/application-form-rosjotorp-international\/#breadcrumb","itemListElement":[{"@type":"ListItem","position":1,"name":"Start","item":"https:\/\/vittra.se\/rosjotorp-international\/"},{"@type":"ListItem","position":2,"name":"Application for Vittra R\u00f6sj\u00f6torp queue"}]},{"@type":"WebSite","@id":"https:\/\/vittra.se\/rosjotorp-international\/#website","url":"https:\/\/vittra.se\/rosjotorp-international\/","name":"R\u00f6sj\u00f6torp International","description":"Vittra R\u00f6sj\u00f6torp","potentialAction":[{"@type":"SearchAction","target":{"@type":"EntryPoint","urlTemplate":"https:\/\/vittra.se\/rosjotorp-international\/?s={search_term_string}"},"query-input":"required name=search_term_string"}],"inLanguage":"sv-SE"}]}},"_links":{"self":[{"href":"https:\/\/vittra.se\/rosjotorp-international\/wp-json\/wp\/v2\/pages\/1559"}],"collection":[{"href":"https:\/\/vittra.se\/rosjotorp-international\/wp-json\/wp\/v2\/pages"}],"about":[{"href":"https:\/\/vittra.se\/rosjotorp-international\/wp-json\/wp\/v2\/types\/page"}],"author":[{"embeddable":true,"href":"https:\/\/vittra.se\/rosjotorp-international\/wp-json\/wp\/v2\/users\/11"}],"replies":[{"embeddable":true,"href":"https:\/\/vittra.se\/rosjotorp-international\/wp-json\/wp\/v2\/comments?post=1559"}],"version-history":[{"count":9,"href":"https:\/\/vittra.se\/rosjotorp-international\/wp-json\/wp\/v2\/pages\/1559\/revisions"}],"predecessor-version":[{"id":2421,"href":"https:\/\/vittra.se\/rosjotorp-international\/wp-json\/wp\/v2\/pages\/1559\/revisions\/2421"}],"wp:attachment":[{"href":"https:\/\/vittra.se\/rosjotorp-international\/wp-json\/wp\/v2\/media?parent=1559"}],"curies":[{"name":"wp","href":"https:\/\/api.w.org\/{rel}","templated":true}]}}