{"id":25,"date":"2020-09-01T22:07:07","date_gmt":"2020-09-01T20:07:07","guid":{"rendered":"https:\/\/vittra.se\/kopieringsunderlag\/?page_id=25"},"modified":"2026-03-16T14:38:58","modified_gmt":"2026-03-16T13:38:58","slug":"grundskola","status":"publish","type":"page","link":"https:\/\/vittra.se\/roda-stan\/om\/grundskola\/","title":{"rendered":"Grundskola"},"content":{"rendered":"\n\t\n\t\n\t\n\n\t\n\t\n\t\t\n<section  class=\"c-block l-stacked  \" data-color-scheme=\"\">\n\t<div class=\"ams-fifty ams-fifty--container ams-fifty--right ams-fifty--bottom l-container u-pt-fluid-2xl-4xl u-pb-fluid-md-xl\">\n\t\t<div class=\"ams-fifty__content l-stack l-stack-xl is-left is-left@lg\">\n\t\t\t<div class=\"ams-fifty__text l-stack l-stack-lg\">\n\t\t\t\t\t\n\t<h2\n\tclass=\"c-heading u-font-title-1 \"\n\tstyle=\"\">\n\t\t\n\t\t\t\t\t\t\t\t\tVittra R\u00f6da Stans grundskola i Norrk\u00f6ping\n\t\t\t\t<span class=\"c-heading__sub is-below u-font-title-3\">\n\t\t\t\t\tF\u00f6rskoleklass till \u00e5rskurs 9\n\t\t\t\t<\/span>\n\t\t\t\t\t\t\t\n\t<\/h2>\n\n\t\t\t\t\t\t\t\t\t<div class=\"text l-stack u-font-body\">\n\t\t\t\t\t\t<p class=\"p1\">P\u00e5 Vittra R\u00f6da Stans grundskola i Norrk\u00f6ping g\u00e5r elever fr\u00e5n f\u00f6rskoleklass upp till \u00e5rskurs 9. Vi delar in v\u00e5ra \u00e5rskurser i miniorer som motsvarar l\u00e5gstadiet, juniorer som motsvarar mellanstadiet och seniorer som motsvarar h\u00f6gstadiet.<\/p>\n<p class=\"p1\">Hos oss st\u00e5r det medvetna l\u00e4randet i fokus \u2013 att eleverna f\u00f6rst blir medvetna om sig sj\u00e4lva och sin utveckling, f\u00f6r att d\u00e4refter l\u00e4ra sig om samh\u00e4llet och hur de kan p\u00e5verka det. H\u00e4r kan du l\u00e4sa mer om vad det inneb\u00e4r.<\/p>\n\n\t\t\t\t\t<\/div>\n\t\t\t\t\t\t\t<\/div>\n\n\t\t\t\t\t<\/div>\n\n\t\t <div class=\"ams-fifty__media u-ratio-landscape\">\n\t\t \t\t\t\t\t<img decoding=\"async\" width=\"600\" height=\"738\" src=\"https:\/\/vittra.se\/wp-content\/uploads\/sites\/18\/2025\/12\/vittra-roda-stan-600x738.jpg\" class=\"attachment-md size-md\" alt=\"\" sizes=\"(min-width: 64em) 600px, calc(100vw - 160px)\" srcset=\"https:\/\/vittra.se\/wp-content\/uploads\/sites\/18\/2025\/12\/vittra-roda-stan-600x738.jpg 600w, https:\/\/vittra.se\/wp-content\/uploads\/sites\/18\/2025\/12\/vittra-roda-stan-300x369.jpg 300w, https:\/\/vittra.se\/wp-content\/uploads\/sites\/18\/2025\/12\/vittra-roda-stan-400x492.jpg 400w, https:\/\/vittra.se\/wp-content\/uploads\/sites\/18\/2025\/12\/vittra-roda-stan-800x984.jpg 800w, https:\/\/vittra.se\/wp-content\/uploads\/sites\/18\/2025\/12\/vittra-roda-stan-1024x1259.jpg 1024w, https:\/\/vittra.se\/wp-content\/uploads\/sites\/18\/2025\/12\/vittra-roda-stan.jpg 1179w\" \/>\n\t\t\t\n\t\t\t\n\t\t\t\t\t<\/div>\n\t<\/div>\n\n\t\t\n\n<\/section>\n\n\n\n\t\n\t\n\t\n\n\t\n\t\n\t\t\n<section  class=\"c-block l-stacked  \" data-color-scheme=\"primar2\">\n\t<div class=\"ams-fifty ams-fifty--container ams-fifty--right ams-fifty--bottom l-container u-pt-fluid-2xl-4xl u-pb-fluid-Ingen\">\n\t\t<div class=\"ams-fifty__content l-stack l-stack-xl is-left is-left@lg\">\n\t\t\t<div class=\"ams-fifty__text l-stack l-stack-lg\">\n\t\t\t\t\t\n\t<h1\n\tclass=\"c-heading u-font-title-1 \"\n\tstyle=\"\">\n\t\t\n\t\t\t\t\t\t\t\t\tEn vanlig dag \n\t\t\t\t<span class=\"c-heading__sub is-below u-font-title-3\">\n\t\t\t\t\tP\u00e5 v\u00e5rt l\u00e5g- och mellanstadium\n\t\t\t\t<\/span>\n\t\t\t\t\t\t\t\n\t<\/h1>\n\n\t\t\t\t\t\t\t\t\t<div class=\"text l-stack u-font-body\">\n\t\t\t\t\t\t<p data-pm-slice=\"1 1 []\"><strong>Vittrasamling inleder dagen<br \/>\n<\/strong>P\u00e5 Vittra R\u00f6da Stan pr\u00e4glas skoldagen av tydliga rutiner, struktur och delaktighet. M\u00e5nga elever startar dagen p\u00e5 fritidshemmet med frukost och utevistelse innan skoldagen inleds med Vittrasamling och en gemensam startuppgift. Dagens schema g\u00e5s igenom med visuellt st\u00f6d f\u00f6r att skapa tydlighet och trygghet.<\/p>\n<p><strong>Varierande undervisning<br \/>\n<\/strong>Undervisningen varierar mellan gemensamma genomg\u00e5ngar, samtal samt arbete enskilt, i par eller i mindre grupper. Varje lektion avslutas med en kort sammanfattning och f\u00f6rberedelse inf\u00f6r n\u00e4sta moment. Pedagogerna \u00e4r n\u00e4rvarande under raster och vid f\u00f6rflyttningar f\u00f6r att skapa trygghet under hela dagen. Skoldagen avslutas gemensamt med reflektion, ordning i klassrummet och tydlig information om hemg\u00e5ng och fritids.<\/p>\n<p><strong>K\u00e4rn\u00e4mnen varvas med praktiska och kreativa \u00e4mnen<br \/>\n<\/strong>I junior inleds dagen med ett uppstartsarbete f\u00f6ljt av Vittrasamling d\u00e4r dagens schema och lunch presenteras. F\u00f6rmiddagen fokuserar p\u00e5 k\u00e4rn\u00e4mnen, medan eftermiddagen ofta inneh\u00e5ller mer praktiska och kreativa \u00e4mnen. Undervisningen anpassas efter arbetsomr\u00e5de och sker i olika arbetsformer. Pedagogerna finns med i alla delar av dagen f\u00f6r att skapa en trygg och inkluderande l\u00e4rmilj\u00f6.<\/p>\n<p><strong>R\u00f6relse och delaktighet motiverar eleverna<br \/>\n<\/strong>Elevernas h\u00f6jdpunkter under dagen ser olika ut. F\u00f6r m\u00e5nga \u00e4r rasterna viktiga f\u00f6r lek och gemenskap, medan andra uppskattar praktiska \u00e4mnen eller undervisning d\u00e4r de f\u00e5r vara delaktiga och p\u00e5verka. Kombinationen av trygghet, variation, r\u00f6relse och delaktighet skapar en lustfylld skoldag d\u00e4r elevernas utveckling st\u00e5r i centrum.<\/p>\n\n\t\t\t\t\t<\/div>\n\t\t\t\t\t\t\t<\/div>\n\n\t\t\t\t\t<\/div>\n\n\t\t <div class=\"ams-fifty__media u-ratio-square\">\n\t\t \t\t\t\t\t<img decoding=\"async\" width=\"600\" height=\"400\" src=\"https:\/\/vittra.se\/wp-content\/uploads\/sites\/18\/2025\/12\/jarven-5-1-1680x1120-1-600x400.jpeg\" class=\"attachment-md size-md\" alt=\"\" sizes=\"(min-width: 64em) 600px, calc(100vw - 160px)\" srcset=\"https:\/\/vittra.se\/wp-content\/uploads\/sites\/18\/2025\/12\/jarven-5-1-1680x1120-1-600x400.jpeg 600w, https:\/\/vittra.se\/wp-content\/uploads\/sites\/18\/2025\/12\/jarven-5-1-1680x1120-1-300x200.jpeg 300w, https:\/\/vittra.se\/wp-content\/uploads\/sites\/18\/2025\/12\/jarven-5-1-1680x1120-1-400x267.jpeg 400w, https:\/\/vittra.se\/wp-content\/uploads\/sites\/18\/2025\/12\/jarven-5-1-1680x1120-1-800x533.jpeg 800w, https:\/\/vittra.se\/wp-content\/uploads\/sites\/18\/2025\/12\/jarven-5-1-1680x1120-1-1024x683.jpeg 1024w, https:\/\/vittra.se\/wp-content\/uploads\/sites\/18\/2025\/12\/jarven-5-1-1680x1120-1-1200x800.jpeg 1200w, https:\/\/vittra.se\/wp-content\/uploads\/sites\/18\/2025\/12\/jarven-5-1-1680x1120-1.jpeg 1680w\" \/>\n\t\t\t\n\t\t\t\n\t\t\t\t\t<\/div>\n\t<\/div>\n\n\t\t\n\n<\/section>\n\n\n\n\t\n\t\n\t\n\n\t\n\t\n\t\t\n<section  class=\"c-block l-stacked  \" data-color-scheme=\"primar2\">\n\t<div class=\"ams-fifty ams-fifty--container ams-fifty--left ams-fifty--bottom l-container u-pt-fluid-md-xl u-pb-fluid-md-xl\">\n\t\t<div class=\"ams-fifty__content l-stack l-stack-xl is-left is-left@lg\">\n\t\t\t<div class=\"ams-fifty__text l-stack l-stack-lg\">\n\t\t\t\t\t\n\t<h1\n\tclass=\"c-heading u-font-title-1 \"\n\tstyle=\"\">\n\t\t\n\t\t\t\t\t\t\t\t\tEn vanlig dag \n\t\t\t\t<span class=\"c-heading__sub is-below u-font-title-3\">\n\t\t\t\t\tP\u00e5 v\u00e5rt h\u00f6gstadium\n\t\t\t\t<\/span>\n\t\t\t\t\t\t\t\n\t<\/h1>\n\n\t\t\t\t\t\t\t\t\t<div class=\"text l-stack u-font-body\">\n\t\t\t\t\t\t<p data-pm-slice=\"1 1 []\"><strong>Dagen startas med en gemensam samling<br \/>\n<\/strong>En vanlig dag p\u00e5 Vittra inleds med en Vittrasamling. H\u00e4r g\u00e5r ansvarspedagogerna, tillsammans med klassen, igenom dagens schema med visuellt bildst\u00f6d och annan aktuell information. Detta dagliga m\u00f6te s\u00e4kerst\u00e4ller att alla \u00e4r sedda och att pedagogen kan f\u00f6lja upp elevernas l\u00e4rande med en n\u00e4ra pedagogisk relation.<\/p>\n<p><strong>Varierande lektionsinneh\u00e5ll<br \/>\n<\/strong>Efter Vittrasamlingen startar lektionerna, som varierar stort. Det kan vara en SO-lektion om Andra v\u00e4rldskriget eller en praktisk tekniklektion d\u00e4r vi konstruerar egna bilar. Tv\u00e5 g\u00e5nger i veckan har klassen idrott. Runt klockan 10 \u00e4r det dags f\u00f6r f\u00f6rsta rasten. M\u00e5nga elever samlas i v\u00e5r popul\u00e4ra pausyta f\u00f6r att spela biljard, pingis eller PS5. Vid fint v\u00e4der v\u00e4ljer h\u00f6gstadieeleverna ofta att g\u00e5 ut.<\/p>\n<p><strong>Strukturerad skoldag med inflytande<br \/>\n<\/strong>Lektionerna forts\u00e4tter sedan fram till lunch, som serveras i matsalen. F\u00f6rutom dagens varmr\u00e4tt finns alltid ett rikt salladsbord och ett vegetariskt alternativ. Efter maten har klasserna en kort rast. D\u00e4refter drar de sista lektionerna ig\u00e5ng, innan skoldagen avslutas n\u00e5gon g\u00e5ng mellan klockan 14.30 och 15. Med fokus p\u00e5 struktur och tydlighet skapar vi en stimulerande l\u00e4rmilj\u00f6 d\u00e4r v\u00e5ra elever ocks\u00e5 f\u00e5r vara delaktiga och ha inflytande i sitt eget l\u00e4rande.<\/p>\n<p><strong>Rastaktiviteter som skapar gemenskap<br \/>\n<\/strong>H\u00f6jdpunkterna f\u00f6r eleverna i h\u00f6gstadiet p\u00e5 Vittra R\u00f6da Stan varierar s\u00e5klart fr\u00e5n person till person. En stor favorit som m\u00e5nga uppskattar \u00e4r alla aktiviteter som erbjuds p\u00e5 rasterna, s\u00e5som biljard, pingis och fotbollsspel. Dessa stunder ger en viktig m\u00f6jlighet att umg\u00e5s med varandra och koppla av. P\u00e5 v\u00e5r gemensamma pausyta skapas en trygghet och gemenskap mellan elever och pedagoger.<\/p>\n<p><strong>Hemkunskap fr\u00e4mjar kreativitet och stolthet<br \/>\n<\/strong>N\u00e5got annat som \u00e4r otroligt uppskattat \u00e4r hemkunskapslektionerna. D\u00e4r f\u00e5r eleverna verkligen vara kreativa och utmana sina kunskaper i k\u00f6ket. Eleverna \u00e4r mycket stolta \u00f6ver sina r\u00e4tter och bakverk, som de g\u00e4rna delar med sig av till b\u00e5de klasskamrater och pedagoger.<\/p>\n\n\t\t\t\t\t<\/div>\n\t\t\t\t\t\t\t<\/div>\n\n\t\t\t\t\t<\/div>\n\n\t\t <div class=\"ams-fifty__media u-ratio-square\">\n\t\t \t\t\t\t\t<img decoding=\"async\" width=\"600\" height=\"400\" src=\"https:\/\/vittra.se\/wp-content\/uploads\/sites\/18\/2025\/12\/jarven-5-vittraskolan-6469-1680x1120-1-600x400.jpg\" class=\"attachment-md size-md\" alt=\"\" sizes=\"(min-width: 64em) 600px, calc(100vw - 160px)\" srcset=\"https:\/\/vittra.se\/wp-content\/uploads\/sites\/18\/2025\/12\/jarven-5-vittraskolan-6469-1680x1120-1-600x400.jpg 600w, https:\/\/vittra.se\/wp-content\/uploads\/sites\/18\/2025\/12\/jarven-5-vittraskolan-6469-1680x1120-1-300x200.jpg 300w, https:\/\/vittra.se\/wp-content\/uploads\/sites\/18\/2025\/12\/jarven-5-vittraskolan-6469-1680x1120-1-400x267.jpg 400w, https:\/\/vittra.se\/wp-content\/uploads\/sites\/18\/2025\/12\/jarven-5-vittraskolan-6469-1680x1120-1-800x533.jpg 800w, https:\/\/vittra.se\/wp-content\/uploads\/sites\/18\/2025\/12\/jarven-5-vittraskolan-6469-1680x1120-1-1024x683.jpg 1024w, https:\/\/vittra.se\/wp-content\/uploads\/sites\/18\/2025\/12\/jarven-5-vittraskolan-6469-1680x1120-1-1200x800.jpg 1200w, https:\/\/vittra.se\/wp-content\/uploads\/sites\/18\/2025\/12\/jarven-5-vittraskolan-6469-1680x1120-1.jpg 1680w\" \/>\n\t\t\t\n\t\t\t\n\t\t\t\t\t<\/div>\n\t<\/div>\n\n\t\t\n\n<\/section>\n\n\n\n\t\n\t\n\t\n\n\t\n\t\n\t\t\n<section  class=\"c-block l-stacked  \" data-color-scheme=\"transparent\">\n\t<div class=\"ams-fifty ams-fifty--container ams-fifty--right ams-fifty--bottom l-container u-pt-fluid-2xl-4xl u-pb-fluid-2xl-4xl\">\n\t\t<div class=\"ams-fifty__content l-stack l-stack-xl is-left is-left@lg\">\n\t\t\t<div class=\"ams-fifty__text l-stack l-stack-lg\">\n\t\t\t\t\t\n\t<h2\n\tclass=\"c-heading u-font-title-1 \"\n\tstyle=\"\">\n\t\t\n\t\t\t\t\tH\u00f6gstadiet p\u00e5 Vittra R\u00f6da Stan\n\t\t\t\t\n\t<\/h2>\n\n\t\t\t\t\t\t\t\t\t<div class=\"text l-stack u-font-body\">\n\t\t\t\t\t\t<p>V\u00e4lkommen till h\u00f6gstadiet p\u00e5 Vittra R\u00f6da Stan i Norrk\u00f6ping. F\u00e5 en inblick i hur vi arbetar p\u00e5 v\u00e5rt h\u00f6gstadium och se v\u00e5ra fina, ljusa lokaler.<\/p>\n\n\t\t\t\t\t<\/div>\n\t\t\t\t\t\t\t<\/div>\n\n\t\t\t\t\t<\/div>\n\n\t\t <div class=\"ams-fifty__media u-ratio-widescreen\">\n\t\t \t\n\t\t\t\n\t\t\t\t\t\t\t<lite-youtube videoid=\"FVA1gGT8Utk\" style=\"background-image: url('https:\/\/i.ytimg.com\/vi\/FVA1gGT8Utk\/hqdefault.jpg');\">\n\t\t\t\t\t\t<button href=\"https:\/\/youtube.com\/watch?v=FVA1gGT8Utk\" class=\"lty-playbtn\" title=\"Play Video\">\n\t\t\t\t\t\t\t<span class=\"lyt-visually-hidden\">Play Video<\/span>\n\t\t\t\t\t\t<\/button>\n\t\t\t\t\t<\/lite-youtube>\n\t\t\t\t\t<\/div>\n\t<\/div>\n\n\t\t\n\n<\/section>\n\n\n\n\n<section  class=\"ams-cta ams-cta--stacked c-block l-stacked\" data-color-scheme=\"primar2\">\n\t<div class=\"l-container l-stack l-stack-fluid-2xl u-pt-fluid-3xl-6xl u-pb-fluid-3xl-6xl is-center is-center@md\">\n\t\t\t\t\t<div class=\"ams-cta__intro l-stack l-stack-lg\">\n\t\t\t\t\t\n\t<h2\n\tclass=\"c-heading u-font-title-1 \"\n\tstyle=\"\">\n\t\t\n\t\t\t\t\tVill du l\u00e4sa mer om hur vi jobbar?\n\t\t\t\t\n\t<\/h2>\n\n\t\t\t\t\t\t\t<\/div>\n\t\t\n\t\t\n\t\t\t<div class=\"ams-cta__action u-inline-items\">\n\t\t\t\t\t\t\t\n\n\n<a href=\"https:\/\/vittra.se\/roda-stan\/om\/\"\n\t\n\tclass=\"c-btn \"\n\tdata-style=\"round\"\n\tdata-size=\"md\"\n\tdata-width=\"full-mobile\"\n\tdata-variant=\"default\"\n\ttarget=\"_self\">\n\t\t\t<span class=\"label\"> Om skolan och v\u00e5r pedagogik<\/span>\n\t\t\t<\/a>\n\t\t\t<\/div>\n\t<\/div>\n\n\t\t\n\n<\/section>\n","protected":false},"excerpt":{"rendered":"","protected":false},"author":1,"featured_media":0,"parent":20,"menu_order":0,"comment_status":"closed","ping_status":"closed","template":"","meta":{"footnotes":""},"yoast_head":"<!-- This site is optimized with the Yoast SEO plugin v22.0 - https:\/\/yoast.com\/wordpress\/plugins\/seo\/ -->\n<title>Vittra R\u00f6da stan | Grundskola i Norrk\u00f6ping<\/title>\n<meta name=\"description\" content=\"Vittra R\u00f6da stan \u00e4r en grundskola i Norrk\u00f6ping. Vi har akademisk standard med struktur och medvetet l\u00e4rande som st\u00e4rker elevens personliga utveckling.\" \/>\n<meta name=\"robots\" content=\"index, follow, max-snippet:-1, max-image-preview:large, max-video-preview:-1\" \/>\n<link rel=\"canonical\" href=\"https:\/\/vittra.se\/roda-stan\/om\/grundskola\/\" \/>\n<meta property=\"og:locale\" content=\"sv_SE\" \/>\n<meta property=\"og:type\" content=\"article\" \/>\n<meta property=\"og:title\" content=\"Vittra R\u00f6da stan | Grundskola i Norrk\u00f6ping\" \/>\n<meta property=\"og:description\" content=\"Vittra R\u00f6da stan \u00e4r en grundskola i Norrk\u00f6ping. Vi har akademisk standard med struktur och medvetet l\u00e4rande som st\u00e4rker elevens personliga utveckling.\" \/>\n<meta property=\"og:url\" content=\"https:\/\/vittra.se\/roda-stan\/om\/grundskola\/\" \/>\n<meta property=\"og:site_name\" content=\"R\u00f6da stan\" \/>\n<meta property=\"article:modified_time\" content=\"2026-03-16T13:38:58+00:00\" \/>\n<meta name=\"twitter:card\" content=\"summary_large_image\" \/>\n<meta name=\"twitter:title\" content=\"Vittra R\u00f6da stan | Grundskola i Norrk\u00f6ping\" \/>\n<meta name=\"twitter:description\" content=\"Vittra R\u00f6da stan \u00e4r en grundskola i Norrk\u00f6ping. Vi har akademisk standard med struktur och medvetet l\u00e4rande som st\u00e4rker elevens personliga utveckling.\" \/>\n<script type=\"application\/ld+json\" class=\"yoast-schema-graph\">{\"@context\":\"https:\/\/schema.org\",\"@graph\":[{\"@type\":\"WebPage\",\"@id\":\"https:\/\/vittra.se\/roda-stan\/om\/grundskola\/\",\"url\":\"https:\/\/vittra.se\/roda-stan\/om\/grundskola\/\",\"name\":\"Vittra R\u00f6da stan | Grundskola i Norrk\u00f6ping\",\"isPartOf\":{\"@id\":\"https:\/\/vittra.se\/roda-stan\/#website\"},\"datePublished\":\"2020-09-01T20:07:07+00:00\",\"dateModified\":\"2026-03-16T13:38:58+00:00\",\"description\":\"Vittra R\u00f6da stan \u00e4r en grundskola i Norrk\u00f6ping. Vi har akademisk standard med struktur och medvetet l\u00e4rande som st\u00e4rker elevens personliga utveckling.\",\"breadcrumb\":{\"@id\":\"https:\/\/vittra.se\/roda-stan\/om\/grundskola\/#breadcrumb\"},\"inLanguage\":\"sv-SE\",\"potentialAction\":[{\"@type\":\"ReadAction\",\"target\":[\"https:\/\/vittra.se\/roda-stan\/om\/grundskola\/\"]}]},{\"@type\":\"BreadcrumbList\",\"@id\":\"https:\/\/vittra.se\/roda-stan\/om\/grundskola\/#breadcrumb\",\"itemListElement\":[{\"@type\":\"ListItem\",\"position\":1,\"name\":\"Start\",\"item\":\"https:\/\/vittra.se\/roda-stan\/\"},{\"@type\":\"ListItem\",\"position\":2,\"name\":\"Om skolan\",\"item\":\"https:\/\/vittra.se\/roda-stan\/om\/\"},{\"@type\":\"ListItem\",\"position\":3,\"name\":\"Grundskola\"}]},{\"@type\":\"WebSite\",\"@id\":\"https:\/\/vittra.se\/roda-stan\/#website\",\"url\":\"https:\/\/vittra.se\/roda-stan\/\",\"name\":\"R\u00f6da stan\",\"description\":\"Kunskap att f\u00f6r\u00e4ndra. Mod att p\u00e5verka.\",\"potentialAction\":[{\"@type\":\"SearchAction\",\"target\":{\"@type\":\"EntryPoint\",\"urlTemplate\":\"https:\/\/vittra.se\/roda-stan\/?s={search_term_string}\"},\"query-input\":\"required name=search_term_string\"}],\"inLanguage\":\"sv-SE\"}]}<\/script>\n<!-- \/ Yoast SEO plugin. -->","yoast_head_json":{"title":"Vittra R\u00f6da stan | Grundskola i Norrk\u00f6ping","description":"Vittra R\u00f6da stan \u00e4r en grundskola i Norrk\u00f6ping. Vi har akademisk standard med struktur och medvetet l\u00e4rande som st\u00e4rker elevens personliga utveckling.","robots":{"index":"index","follow":"follow","max-snippet":"max-snippet:-1","max-image-preview":"max-image-preview:large","max-video-preview":"max-video-preview:-1"},"canonical":"https:\/\/vittra.se\/roda-stan\/om\/grundskola\/","og_locale":"sv_SE","og_type":"article","og_title":"Vittra R\u00f6da stan | Grundskola i Norrk\u00f6ping","og_description":"Vittra R\u00f6da stan \u00e4r en grundskola i Norrk\u00f6ping. Vi har akademisk standard med struktur och medvetet l\u00e4rande som st\u00e4rker elevens personliga utveckling.","og_url":"https:\/\/vittra.se\/roda-stan\/om\/grundskola\/","og_site_name":"R\u00f6da stan","article_modified_time":"2026-03-16T13:38:58+00:00","twitter_card":"summary_large_image","twitter_title":"Vittra R\u00f6da stan | Grundskola i Norrk\u00f6ping","twitter_description":"Vittra R\u00f6da stan \u00e4r en grundskola i Norrk\u00f6ping. Vi har akademisk standard med struktur och medvetet l\u00e4rande som st\u00e4rker elevens personliga utveckling.","schema":{"@context":"https:\/\/schema.org","@graph":[{"@type":"WebPage","@id":"https:\/\/vittra.se\/roda-stan\/om\/grundskola\/","url":"https:\/\/vittra.se\/roda-stan\/om\/grundskola\/","name":"Vittra R\u00f6da stan | Grundskola i Norrk\u00f6ping","isPartOf":{"@id":"https:\/\/vittra.se\/roda-stan\/#website"},"datePublished":"2020-09-01T20:07:07+00:00","dateModified":"2026-03-16T13:38:58+00:00","description":"Vittra R\u00f6da stan \u00e4r en grundskola i Norrk\u00f6ping. Vi har akademisk standard med struktur och medvetet l\u00e4rande som st\u00e4rker elevens personliga utveckling.","breadcrumb":{"@id":"https:\/\/vittra.se\/roda-stan\/om\/grundskola\/#breadcrumb"},"inLanguage":"sv-SE","potentialAction":[{"@type":"ReadAction","target":["https:\/\/vittra.se\/roda-stan\/om\/grundskola\/"]}]},{"@type":"BreadcrumbList","@id":"https:\/\/vittra.se\/roda-stan\/om\/grundskola\/#breadcrumb","itemListElement":[{"@type":"ListItem","position":1,"name":"Start","item":"https:\/\/vittra.se\/roda-stan\/"},{"@type":"ListItem","position":2,"name":"Om skolan","item":"https:\/\/vittra.se\/roda-stan\/om\/"},{"@type":"ListItem","position":3,"name":"Grundskola"}]},{"@type":"WebSite","@id":"https:\/\/vittra.se\/roda-stan\/#website","url":"https:\/\/vittra.se\/roda-stan\/","name":"R\u00f6da stan","description":"Kunskap att f\u00f6r\u00e4ndra. Mod att p\u00e5verka.","potentialAction":[{"@type":"SearchAction","target":{"@type":"EntryPoint","urlTemplate":"https:\/\/vittra.se\/roda-stan\/?s={search_term_string}"},"query-input":"required name=search_term_string"}],"inLanguage":"sv-SE"}]}},"_links":{"self":[{"href":"https:\/\/vittra.se\/roda-stan\/wp-json\/wp\/v2\/pages\/25"}],"collection":[{"href":"https:\/\/vittra.se\/roda-stan\/wp-json\/wp\/v2\/pages"}],"about":[{"href":"https:\/\/vittra.se\/roda-stan\/wp-json\/wp\/v2\/types\/page"}],"author":[{"embeddable":true,"href":"https:\/\/vittra.se\/roda-stan\/wp-json\/wp\/v2\/users\/1"}],"replies":[{"embeddable":true,"href":"https:\/\/vittra.se\/roda-stan\/wp-json\/wp\/v2\/comments?post=25"}],"version-history":[{"count":9,"href":"https:\/\/vittra.se\/roda-stan\/wp-json\/wp\/v2\/pages\/25\/revisions"}],"predecessor-version":[{"id":1941,"href":"https:\/\/vittra.se\/roda-stan\/wp-json\/wp\/v2\/pages\/25\/revisions\/1941"}],"up":[{"embeddable":true,"href":"https:\/\/vittra.se\/roda-stan\/wp-json\/wp\/v2\/pages\/20"}],"wp:attachment":[{"href":"https:\/\/vittra.se\/roda-stan\/wp-json\/wp\/v2\/media?parent=25"}],"curies":[{"name":"wp","href":"https:\/\/api.w.org\/{rel}","templated":true}]}}