{"id":23,"date":"2020-09-01T22:06:54","date_gmt":"2020-09-01T20:06:54","guid":{"rendered":"https:\/\/vittra.se\/kopieringsunderlag\/?page_id=23"},"modified":"2026-03-16T14:32:28","modified_gmt":"2026-03-16T13:32:28","slug":"forskola","status":"publish","type":"page","link":"https:\/\/vittra.se\/roda-stan\/om\/forskola\/","title":{"rendered":"F\u00f6rskola"},"content":{"rendered":"\n\t\n\t\n\t\n\n\t\n\t\n\t\t\n<section  class=\"c-block l-stacked  \" data-color-scheme=\"transparent\">\n\t<div class=\"ams-fifty ams-fifty--container ams-fifty--right ams-fifty--bottom l-container u-pt-fluid-2xl-4xl u-pb-fluid-md-xl\">\n\t\t<div class=\"ams-fifty__content l-stack l-stack-xl is-left is-left@lg\">\n\t\t\t<div class=\"ams-fifty__text l-stack l-stack-lg\">\n\t\t\t\t\t\n\t<h1\n\tclass=\"c-heading u-font-title-1 \"\n\tstyle=\"\">\n\t\t\n\t\t\t\t\tVittra R\u00f6da Stans f\u00f6rskola i Norrk\u00f6ping\n\t\t\t\t\n\t<\/h1>\n\n\t\t\t\t\t\t\t\t\t<div class=\"text l-stack u-font-body\">\n\t\t\t\t\t\t<p>Vittra R\u00f6da Stans f\u00f6rskola i Norrk\u00f6ping best\u00e5r av fyra avdelningar, tv\u00e5 stycken f\u00f6r de \u00e4ldre barnen som \u00e4r 3-5 \u00e5r och tv\u00e5 stycken f\u00f6r de yngre barnen som \u00e4r 1-3 \u00e5r. Klockan 09:00 startar vi upp dagen gemensamt p\u00e5 varje avdelning med Vittrasamlingar d\u00e4r dagens undervisning och rutiner presenteras f\u00f6r barnen.<\/p>\n<p>Barnen \u00e4ter p\u00e5 respektive avdelning upp till det l\u00e4s\u00e5r de fyller 5 \u00e5r, d\u00e4refter \u00e4ter de i matsalen f\u00f6r att f\u00f6rberedas inf\u00f6r starten i f\u00f6rskoleklass. Vi erbjuder en varierad kost med gr\u00f6nsaksbuffe fr\u00e5n v\u00e5rt egna tillagningsk\u00f6k.<\/p>\n\n\t\t\t\t\t<\/div>\n\t\t\t\t\t\t\t<\/div>\n\n\t\t\t\t\t<\/div>\n\n\t\t <div class=\"ams-fifty__media u-ratio-landscape\">\n\t\t \t\t\t\t\t<img decoding=\"async\" width=\"600\" height=\"400\" src=\"https:\/\/vittra.se\/wp-content\/uploads\/sites\/18\/2025\/11\/vittraadolfsberg202404forskola4-600x400.jpg\" class=\"attachment-md size-md\" alt=\"Barn och pedagog som l\u00e4ser.\" sizes=\"(min-width: 64em) 600px, calc(100vw - 160px)\" srcset=\"https:\/\/vittra.se\/wp-content\/uploads\/sites\/18\/2025\/11\/vittraadolfsberg202404forskola4-600x400.jpg 600w, https:\/\/vittra.se\/wp-content\/uploads\/sites\/18\/2025\/11\/vittraadolfsberg202404forskola4-300x200.jpg 300w, https:\/\/vittra.se\/wp-content\/uploads\/sites\/18\/2025\/11\/vittraadolfsberg202404forskola4-400x267.jpg 400w, https:\/\/vittra.se\/wp-content\/uploads\/sites\/18\/2025\/11\/vittraadolfsberg202404forskola4-800x533.jpg 800w, https:\/\/vittra.se\/wp-content\/uploads\/sites\/18\/2025\/11\/vittraadolfsberg202404forskola4-1024x682.jpg 1024w, https:\/\/vittra.se\/wp-content\/uploads\/sites\/18\/2025\/11\/vittraadolfsberg202404forskola4-1200x800.jpg 1200w, https:\/\/vittra.se\/wp-content\/uploads\/sites\/18\/2025\/11\/vittraadolfsberg202404forskola4.jpg 2000w\" \/>\n\t\t\t\n\t\t\t\n\t\t\t\t\t<\/div>\n\t<\/div>\n\n\t\t\n\n<\/section>\n\n\n\n\t\n\t\n\t\n\n\t\n\t\n\t\t\n<section  class=\"c-block l-stacked  \" data-color-scheme=\"primar2\">\n\t<div class=\"ams-fifty ams-fifty--container ams-fifty--right ams-fifty--bottom l-container u-pt-fluid-2xl-4xl u-pb-fluid-2xl-4xl\">\n\t\t<div class=\"ams-fifty__content l-stack l-stack-xl is-left is-left@lg\">\n\t\t\t<div class=\"ams-fifty__text l-stack l-stack-lg\">\n\t\t\t\t\t\n\t<h1\n\tclass=\"c-heading u-font-title-1 \"\n\tstyle=\"\">\n\t\t\n\t\t\t\t\t\t\t\t\tEn vanlig dag \n\t\t\t\t<span class=\"c-heading__sub is-below u-font-title-3\">\n\t\t\t\t\tp\u00e5 Vittra R\u00f6da Stans f\u00f6rskola\n\t\t\t\t<\/span>\n\t\t\t\t\t\t\t\n\t<\/h1>\n\n\t\t\t\t\t\t\t\t\t<div class=\"text l-stack u-font-body\">\n\t\t\t\t\t\t<p><strong>Trygg och kreativ l\u00e4rmilj\u00f6<br \/>\n<\/strong>P\u00e5 Vittra R\u00f6da Stans f\u00f6rskola v\u00e4lkomnas barnen av engagerade pedagoger som arbetar f\u00f6r att skapa en trygg, kreativ och spr\u00e5kstimulerande milj\u00f6. Genomt\u00e4nkta rutiner, inspirerande aktiviteter kombineras med omsorg och l\u00e4rande.<\/p>\n<p><strong>Vittrasamling ger struktur<\/strong><br \/>\nAlla avdelningar startar den planerade undervisningen med en Vittrasamling som har fokus p\u00e5 att skapa struktur och trygghet. D\u00e4r erbjuds barnen en frukt och tillsammans g\u00e5r man igenom dagens n\u00e4rvaro och schema.<\/p>\n<p><strong>L\u00e4rande i mindre grupper<\/strong><br \/>\nAvdelningarna delas d\u00e4refter in i mindre grupper d\u00e4r undervisningen forts\u00e4tter. Undervisningen kan ske b\u00e5de inomhus och utomhus. Den planerade undervisningen p\u00e5g\u00e5r fram till mellis men \u00e4ven p\u00e5 eftermiddagen forts\u00e4tter vi med lek och lustfyllt l\u00e4rande. En tydlig och \u00e5terkommande struktur varje dag ger barnen en trygghet och \u00f6kar trivseln p\u00e5 f\u00f6rskolan.<\/p>\n\n\t\t\t\t\t<\/div>\n\t\t\t\t\t\t\t<\/div>\n\n\t\t\t\t\t<\/div>\n\n\t\t <div class=\"ams-fifty__media u-ratio-square\">\n\t\t \t\t\t\t\t<img decoding=\"async\" width=\"600\" height=\"738\" src=\"https:\/\/vittra.se\/wp-content\/uploads\/sites\/18\/2025\/12\/vittra-roda-stan-600x738.jpg\" class=\"attachment-md size-md\" alt=\"\" sizes=\"(min-width: 64em) 600px, calc(100vw - 160px)\" srcset=\"https:\/\/vittra.se\/wp-content\/uploads\/sites\/18\/2025\/12\/vittra-roda-stan-600x738.jpg 600w, https:\/\/vittra.se\/wp-content\/uploads\/sites\/18\/2025\/12\/vittra-roda-stan-300x369.jpg 300w, https:\/\/vittra.se\/wp-content\/uploads\/sites\/18\/2025\/12\/vittra-roda-stan-400x492.jpg 400w, https:\/\/vittra.se\/wp-content\/uploads\/sites\/18\/2025\/12\/vittra-roda-stan-800x984.jpg 800w, https:\/\/vittra.se\/wp-content\/uploads\/sites\/18\/2025\/12\/vittra-roda-stan-1024x1259.jpg 1024w, https:\/\/vittra.se\/wp-content\/uploads\/sites\/18\/2025\/12\/vittra-roda-stan.jpg 1179w\" \/>\n\t\t\t\n\t\t\t\n\t\t\t\t\t<\/div>\n\t<\/div>\n\n\t\t\n\n<\/section>\n\n\n\n<h2 class=\"wp-block-heading has-text-align-center\">Barnens h\u00f6jdpunkter<\/h2>\n\n\n\n<div class=\"wp-block-columns is-layout-flex wp-container-core-columns-layout-1 wp-block-columns-is-layout-flex\">\n<div class=\"wp-block-column is-layout-constrained wp-block-column-is-layout-constrained\">\n<h3 class=\"wp-block-heading has-text-align-center\">Projekt engagerar<\/h3>\n\n\n\n<p class=\"is-style-container\">F\u00f6r m\u00e5nga \u00e4r h\u00f6jdpunkten den planerade undervisningen kopplat till v\u00e5rt projektarbete d\u00e4r undervisningen sker i olika konstellationer och olika stimulerande milj\u00f6er.<\/p>\n<\/div>\n\n\n\n<div class=\"wp-block-column is-layout-flow wp-block-column-is-layout-flow\">\n<h3 class=\"wp-block-heading has-text-align-center\">Lek och gemenskap<\/h3>\n\n\n\n<p class=\"is-style-container\">F\u00f6r andra barn \u00e4r h\u00f6jdpunkten att k\u00e4nna tillh\u00f6righet och att uppleva leken tillsammans med kompisar. Barnens intresse och deras delaktighet i kombination med v\u00e5ra observationer f\u00f6r att vi kan planera en spr\u00e5kutvecklande och stimulerande l\u00e4rmilj\u00f6 f\u00f6r alla.<\/p>\n<\/div>\n<\/div>\n\n\n\n\n<section  class=\"ams-cta ams-cta--stacked c-block l-stacked\" data-color-scheme=\"primar2\">\n\t<div class=\"l-container l-stack l-stack-fluid-2xl u-pt-fluid-3xl-6xl u-pb-fluid-3xl-6xl is-center is-center@md\">\n\t\t\t\t\t<div class=\"ams-cta__intro l-stack l-stack-lg\">\n\t\t\t\t\t\n\t<h2\n\tclass=\"c-heading u-font-title-1 \"\n\tstyle=\"\">\n\t\t\n\t\t\t\t\tVill du l\u00e4sa mer om hur vi jobbar?\n\t\t\t\t\n\t<\/h2>\n\n\t\t\t\t\t\t\t<\/div>\n\t\t\n\t\t\n\t\t\t<div class=\"ams-cta__action u-inline-items\">\n\t\t\t\t\t\t\t\n\n\n<a href=\"https:\/\/vittra.se\/roda-stan\/om\/\"\n\t\n\tclass=\"c-btn \"\n\tdata-style=\"round\"\n\tdata-size=\"md\"\n\tdata-width=\"full-mobile\"\n\tdata-variant=\"default\"\n\ttarget=\"_self\">\n\t\t\t<span class=\"label\"> L\u00e4s mer om oss och v\u00e5r pedagogik<\/span>\n\t\t\t<\/a>\n\t\t\t<\/div>\n\t<\/div>\n\n\t\t\n\n<\/section>\n","protected":false},"excerpt":{"rendered":"<p>Barnens h\u00f6jdpunkter Projekt engagerar F\u00f6r m\u00e5nga \u00e4r h\u00f6jdpunkten den planerade undervisningen kopplat till v\u00e5rt projektarbete d\u00e4r undervisningen sker i olika konstellationer och olika stimulerande milj\u00f6er. Lek och gemenskap F\u00f6r andra barn \u00e4r h\u00f6jdpunkten att k\u00e4nna tillh\u00f6righet och att uppleva leken tillsammans med kompisar. Barnens intresse och deras delaktighet i kombination med v\u00e5ra observationer f\u00f6r att&#8230;<\/p>\n","protected":false},"author":1,"featured_media":0,"parent":20,"menu_order":0,"comment_status":"closed","ping_status":"closed","template":"","meta":{"footnotes":""},"yoast_head":"<!-- This site is optimized with the Yoast SEO plugin v22.0 - https:\/\/yoast.com\/wordpress\/plugins\/seo\/ -->\n<title>Vittra R\u00f6da stan | F\u00f6rskola i Norrk\u00f6ping<\/title>\n<meta name=\"description\" content=\"Vittra R\u00f6da stan \u00e4r en f\u00f6rskola i Norrk\u00f6ping. Vi har en samh\u00e4llsf\u00f6rankrad pedagogik som ger trygga och modiga individer med f\u00f6rm\u00e5ga att samarbeta.\" \/>\n<meta name=\"robots\" content=\"index, follow, max-snippet:-1, max-image-preview:large, max-video-preview:-1\" \/>\n<link rel=\"canonical\" href=\"https:\/\/vittra.se\/roda-stan\/om\/forskola\/\" \/>\n<meta property=\"og:locale\" content=\"sv_SE\" \/>\n<meta property=\"og:type\" content=\"article\" \/>\n<meta property=\"og:title\" content=\"Vittra R\u00f6da stan | F\u00f6rskola i Norrk\u00f6ping\" \/>\n<meta property=\"og:description\" content=\"Vittra R\u00f6da stan \u00e4r en f\u00f6rskola i Norrk\u00f6ping. Vi har en samh\u00e4llsf\u00f6rankrad pedagogik som ger trygga och modiga individer med f\u00f6rm\u00e5ga att samarbeta.\" \/>\n<meta property=\"og:url\" content=\"https:\/\/vittra.se\/roda-stan\/om\/forskola\/\" \/>\n<meta property=\"og:site_name\" content=\"R\u00f6da stan\" \/>\n<meta property=\"article:modified_time\" content=\"2026-03-16T13:32:28+00:00\" \/>\n<meta name=\"twitter:card\" content=\"summary_large_image\" \/>\n<meta name=\"twitter:title\" content=\"Vittra R\u00f6da stan | F\u00f6rskola i Norrk\u00f6ping\" \/>\n<meta name=\"twitter:description\" content=\"Vittra R\u00f6da stan \u00e4r en f\u00f6rskola i Norrk\u00f6ping. Vi har en samh\u00e4llsf\u00f6rankrad pedagogik som ger trygga och modiga individer med f\u00f6rm\u00e5ga att samarbeta.\" \/>\n<meta name=\"twitter:label1\" content=\"Ber\u00e4knad l\u00e4stid\" \/>\n\t<meta name=\"twitter:data1\" content=\"1 minut\" \/>\n<script type=\"application\/ld+json\" class=\"yoast-schema-graph\">{\"@context\":\"https:\/\/schema.org\",\"@graph\":[{\"@type\":\"WebPage\",\"@id\":\"https:\/\/vittra.se\/roda-stan\/om\/forskola\/\",\"url\":\"https:\/\/vittra.se\/roda-stan\/om\/forskola\/\",\"name\":\"Vittra R\u00f6da stan | F\u00f6rskola i Norrk\u00f6ping\",\"isPartOf\":{\"@id\":\"https:\/\/vittra.se\/roda-stan\/#website\"},\"datePublished\":\"2020-09-01T20:06:54+00:00\",\"dateModified\":\"2026-03-16T13:32:28+00:00\",\"description\":\"Vittra R\u00f6da stan \u00e4r en f\u00f6rskola i Norrk\u00f6ping. Vi har en samh\u00e4llsf\u00f6rankrad pedagogik som ger trygga och modiga individer med f\u00f6rm\u00e5ga att samarbeta.\",\"breadcrumb\":{\"@id\":\"https:\/\/vittra.se\/roda-stan\/om\/forskola\/#breadcrumb\"},\"inLanguage\":\"sv-SE\",\"potentialAction\":[{\"@type\":\"ReadAction\",\"target\":[\"https:\/\/vittra.se\/roda-stan\/om\/forskola\/\"]}]},{\"@type\":\"BreadcrumbList\",\"@id\":\"https:\/\/vittra.se\/roda-stan\/om\/forskola\/#breadcrumb\",\"itemListElement\":[{\"@type\":\"ListItem\",\"position\":1,\"name\":\"Start\",\"item\":\"https:\/\/vittra.se\/roda-stan\/\"},{\"@type\":\"ListItem\",\"position\":2,\"name\":\"Om skolan\",\"item\":\"https:\/\/vittra.se\/roda-stan\/om\/\"},{\"@type\":\"ListItem\",\"position\":3,\"name\":\"F\u00f6rskola\"}]},{\"@type\":\"WebSite\",\"@id\":\"https:\/\/vittra.se\/roda-stan\/#website\",\"url\":\"https:\/\/vittra.se\/roda-stan\/\",\"name\":\"R\u00f6da stan\",\"description\":\"Kunskap att f\u00f6r\u00e4ndra. Mod att p\u00e5verka.\",\"potentialAction\":[{\"@type\":\"SearchAction\",\"target\":{\"@type\":\"EntryPoint\",\"urlTemplate\":\"https:\/\/vittra.se\/roda-stan\/?s={search_term_string}\"},\"query-input\":\"required name=search_term_string\"}],\"inLanguage\":\"sv-SE\"}]}<\/script>\n<!-- \/ Yoast SEO plugin. -->","yoast_head_json":{"title":"Vittra R\u00f6da stan | F\u00f6rskola i Norrk\u00f6ping","description":"Vittra R\u00f6da stan \u00e4r en f\u00f6rskola i Norrk\u00f6ping. Vi har en samh\u00e4llsf\u00f6rankrad pedagogik som ger trygga och modiga individer med f\u00f6rm\u00e5ga att samarbeta.","robots":{"index":"index","follow":"follow","max-snippet":"max-snippet:-1","max-image-preview":"max-image-preview:large","max-video-preview":"max-video-preview:-1"},"canonical":"https:\/\/vittra.se\/roda-stan\/om\/forskola\/","og_locale":"sv_SE","og_type":"article","og_title":"Vittra R\u00f6da stan | F\u00f6rskola i Norrk\u00f6ping","og_description":"Vittra R\u00f6da stan \u00e4r en f\u00f6rskola i Norrk\u00f6ping. Vi har en samh\u00e4llsf\u00f6rankrad pedagogik som ger trygga och modiga individer med f\u00f6rm\u00e5ga att samarbeta.","og_url":"https:\/\/vittra.se\/roda-stan\/om\/forskola\/","og_site_name":"R\u00f6da stan","article_modified_time":"2026-03-16T13:32:28+00:00","twitter_card":"summary_large_image","twitter_title":"Vittra R\u00f6da stan | F\u00f6rskola i Norrk\u00f6ping","twitter_description":"Vittra R\u00f6da stan \u00e4r en f\u00f6rskola i Norrk\u00f6ping. Vi har en samh\u00e4llsf\u00f6rankrad pedagogik som ger trygga och modiga individer med f\u00f6rm\u00e5ga att samarbeta.","twitter_misc":{"Ber\u00e4knad l\u00e4stid":"1 minut"},"schema":{"@context":"https:\/\/schema.org","@graph":[{"@type":"WebPage","@id":"https:\/\/vittra.se\/roda-stan\/om\/forskola\/","url":"https:\/\/vittra.se\/roda-stan\/om\/forskola\/","name":"Vittra R\u00f6da stan | F\u00f6rskola i Norrk\u00f6ping","isPartOf":{"@id":"https:\/\/vittra.se\/roda-stan\/#website"},"datePublished":"2020-09-01T20:06:54+00:00","dateModified":"2026-03-16T13:32:28+00:00","description":"Vittra R\u00f6da stan \u00e4r en f\u00f6rskola i Norrk\u00f6ping. Vi har en samh\u00e4llsf\u00f6rankrad pedagogik som ger trygga och modiga individer med f\u00f6rm\u00e5ga att samarbeta.","breadcrumb":{"@id":"https:\/\/vittra.se\/roda-stan\/om\/forskola\/#breadcrumb"},"inLanguage":"sv-SE","potentialAction":[{"@type":"ReadAction","target":["https:\/\/vittra.se\/roda-stan\/om\/forskola\/"]}]},{"@type":"BreadcrumbList","@id":"https:\/\/vittra.se\/roda-stan\/om\/forskola\/#breadcrumb","itemListElement":[{"@type":"ListItem","position":1,"name":"Start","item":"https:\/\/vittra.se\/roda-stan\/"},{"@type":"ListItem","position":2,"name":"Om skolan","item":"https:\/\/vittra.se\/roda-stan\/om\/"},{"@type":"ListItem","position":3,"name":"F\u00f6rskola"}]},{"@type":"WebSite","@id":"https:\/\/vittra.se\/roda-stan\/#website","url":"https:\/\/vittra.se\/roda-stan\/","name":"R\u00f6da stan","description":"Kunskap att f\u00f6r\u00e4ndra. Mod att p\u00e5verka.","potentialAction":[{"@type":"SearchAction","target":{"@type":"EntryPoint","urlTemplate":"https:\/\/vittra.se\/roda-stan\/?s={search_term_string}"},"query-input":"required name=search_term_string"}],"inLanguage":"sv-SE"}]}},"_links":{"self":[{"href":"https:\/\/vittra.se\/roda-stan\/wp-json\/wp\/v2\/pages\/23"}],"collection":[{"href":"https:\/\/vittra.se\/roda-stan\/wp-json\/wp\/v2\/pages"}],"about":[{"href":"https:\/\/vittra.se\/roda-stan\/wp-json\/wp\/v2\/types\/page"}],"author":[{"embeddable":true,"href":"https:\/\/vittra.se\/roda-stan\/wp-json\/wp\/v2\/users\/1"}],"replies":[{"embeddable":true,"href":"https:\/\/vittra.se\/roda-stan\/wp-json\/wp\/v2\/comments?post=23"}],"version-history":[{"count":9,"href":"https:\/\/vittra.se\/roda-stan\/wp-json\/wp\/v2\/pages\/23\/revisions"}],"predecessor-version":[{"id":1938,"href":"https:\/\/vittra.se\/roda-stan\/wp-json\/wp\/v2\/pages\/23\/revisions\/1938"}],"up":[{"embeddable":true,"href":"https:\/\/vittra.se\/roda-stan\/wp-json\/wp\/v2\/pages\/20"}],"wp:attachment":[{"href":"https:\/\/vittra.se\/roda-stan\/wp-json\/wp\/v2\/media?parent=23"}],"curies":[{"name":"wp","href":"https:\/\/api.w.org\/{rel}","templated":true}]}}