{"id":1920,"date":"2026-03-16T14:21:28","date_gmt":"2026-03-16T13:21:28","guid":{"rendered":"https:\/\/vittra.se\/roda-stan\/?page_id=1920"},"modified":"2026-03-16T14:21:29","modified_gmt":"2026-03-16T13:21:29","slug":"inskolning-pa-forskolan","status":"publish","type":"page","link":"https:\/\/vittra.se\/roda-stan\/inskolning-pa-forskolan\/","title":{"rendered":"Inskolning p\u00e5 f\u00f6rskolan"},"content":{"rendered":"\n\t\n\t\n\t\n\n\t\n\t\n\t\t\n<section  class=\"c-block l-stacked  \" data-color-scheme=\"transparent\">\n\t<div class=\"ams-fifty ams-fifty--container ams-fifty--right ams-fifty--bottom l-container u-pt-fluid-2xl-4xl u-pb-fluid-md-xl\">\n\t\t<div class=\"ams-fifty__content l-stack l-stack-xl is-left is-left@lg\">\n\t\t\t<div class=\"ams-fifty__text l-stack l-stack-lg\">\n\t\t\t\t\t\n\t<h2\n\tclass=\"c-heading u-font-title-1 \"\n\tstyle=\"\">\n\t\t\n\t\t\t\t\tInskolning p\u00e5 f\u00f6rskolan\n\t\t\t\t\n\t<\/h2>\n\n\t\t\t\t\t\t\t\t\t<div class=\"text l-stack u-font-body\">\n\t\t\t\t\t\t<p data-start=\"107\" data-end=\"246\">Inskolningens startdag kan variera och sj\u00e4lva inskolningsperioden brukar vara ungef\u00e4r tv\u00e5 veckor, men den anpassas alltid efter varje barn.<\/p>\n<p data-start=\"248\" data-end=\"426\">Om ditt barn har g\u00e5tt i f\u00f6rskola tidigare g\u00e5r inskolningen ofta lite snabbare. Den f\u00f6rsta dagen \u00e4r ni h\u00e4r mellan kl. 09.30 och 10.30. Tider f\u00f6r de \u00f6vriga dagarna f\u00e5r du p\u00e5 plats.<\/p>\n<p data-start=\"428\" data-end=\"655\">Under de tre f\u00f6rsta dagarna \u00e4r du som f\u00f6r\u00e4lder med under hela vistelsetiden. Under resten av inskolningsperioden, som totalt \u00e4r tv\u00e5 veckor, \u00f6nskar vi att n\u00e5gon av er f\u00f6r\u00e4ldrar finns tillg\u00e4nglig p\u00e5 telefon om det skulle beh\u00f6vas.<\/p>\n<p>&nbsp;<\/p>\n\n\t\t\t\t\t<\/div>\n\t\t\t\t\t\t\t<\/div>\n\n\t\t\t\t\t<\/div>\n\n\t\t <div class=\"ams-fifty__media u-ratio-square\">\n\t\t \t\t\t\t\t<img decoding=\"async\" width=\"600\" height=\"400\" src=\"https:\/\/vittra.se\/wp-content\/uploads\/sites\/18\/2023\/09\/vittrahalmstadfotoforskola4ret.jpg\" class=\"attachment-md size-md\" alt=\"En pedagog sitter med en ung elev i kn\u00e4t och l\u00e4ser en bok\" sizes=\"(min-width: 64em) 600px, calc(100vw - 160px)\" srcset=\"https:\/\/vittra.se\/wp-content\/uploads\/sites\/18\/2023\/09\/vittrahalmstadfotoforskola4ret.jpg 1980w, https:\/\/vittra.se\/wp-content\/uploads\/sites\/18\/2023\/09\/vittrahalmstadfotoforskola4ret-300x200.jpg 300w, https:\/\/vittra.se\/wp-content\/uploads\/sites\/18\/2023\/09\/vittrahalmstadfotoforskola4ret-1024x683.jpg 1024w, https:\/\/vittra.se\/wp-content\/uploads\/sites\/18\/2023\/09\/vittrahalmstadfotoforskola4ret-768x512.jpg 768w, https:\/\/vittra.se\/wp-content\/uploads\/sites\/18\/2023\/09\/vittrahalmstadfotoforskola4ret-1536x1024.jpg 1536w, https:\/\/vittra.se\/wp-content\/uploads\/sites\/18\/2023\/09\/vittrahalmstadfotoforskola4ret-1920x1280.jpg 1920w, https:\/\/vittra.se\/wp-content\/uploads\/sites\/18\/2023\/09\/vittrahalmstadfotoforskola4ret-500x333.jpg 500w, https:\/\/vittra.se\/wp-content\/uploads\/sites\/18\/2023\/09\/vittrahalmstadfotoforskola4ret-340x227.jpg 340w, https:\/\/vittra.se\/wp-content\/uploads\/sites\/18\/2023\/09\/vittrahalmstadfotoforskola4ret-1100x733.jpg 1100w, https:\/\/vittra.se\/wp-content\/uploads\/sites\/18\/2023\/09\/vittrahalmstadfotoforskola4ret-1000x667.jpg 1000w\" \/>\n\t\t\t\n\t\t\t\n\t\t\t\t\t<\/div>\n\t<\/div>\n\n\t\t\n\n<\/section>\n\n\n\n\t\n\t\n\t\n\n\t\n\t\n\t\t\n<section  class=\"c-block l-stacked  \" data-color-scheme=\"\">\n\t<div class=\"ams-fifty ams-fifty--container ams-fifty--left ams-fifty--bottom l-container u-pt-fluid-md-xl u-pb-fluid-2xl-4xl\">\n\t\t<div class=\"ams-fifty__content l-stack l-stack-xl is-left is-left@lg\">\n\t\t\t<div class=\"ams-fifty__text l-stack l-stack-lg\">\n\t\t\t\t\t\n\t<h2\n\tclass=\"c-heading u-font-title-1 \"\n\tstyle=\"\">\n\t\t\n\t\t\t\t\tDet h\u00e4r \u00e4r bra att ha med\n\t\t\t\t\n\t<\/h2>\n\n\t\t\t\t\t\t\t\t\t<div class=\"text l-stack u-font-body\">\n\t\t\t\t\t\t<p data-start=\"1030\" data-end=\"1088\">F\u00f6r att dagarna ska fungera smidigt \u00e4r det bra att ta med:<\/p>\n<ul>\n<li data-start=\"1092\" data-end=\"1112\">Extrakl\u00e4der, till exempel regnkl\u00e4der och gummist\u00f6vlar.<\/li>\n<li data-start=\"1173\" data-end=\"1231\">Ett ombyte (strumpor, underkl\u00e4der, \u00f6verdel och underdel).<\/li>\n<\/ul>\n<p>Ni beh\u00f6ver inte ta med bl\u00f6jor, det st\u00e5r Vittra f\u00f6r.<\/p>\n<p data-start=\"1328\" data-end=\"1512\" data-is-last-node=\"\" data-is-only-node=\"\">Har du fr\u00e5gor om hur inskolningen g\u00e5r till \u00e4r du alltid varmt v\u00e4lkommen att kontakta oss. Vi ber\u00e4ttar g\u00e4rna mer om hur vi skapar en trygg, nyfiken och omsorgsfull start i f\u00f6rskolan.<\/p>\n\n\t\t\t\t\t<\/div>\n\t\t\t\t\t\t\t<\/div>\n\n\t\t\t\t<div class=\"ams-fifty__action u-inline-items\">\n\t\t\t\t\t\t\t\n\n\n<a href=\"https:\/\/vittra.se\/roda-stan\/kontakt\/\"\n\t\n\tclass=\"c-btn \"\n\tdata-style=\"round\"\n\tdata-size=\"md\"\n\tdata-width=\"full-mobile\"\n\tdata-variant=\"default\"\n\ttarget=\"_self\">\n\t\t\t<span class=\"label\"> Kontakta oss<\/span>\n\t\t\t<\/a>\n\t\t\t<\/div>\n\t\t<\/div>\n\n\t\t <div class=\"ams-fifty__media u-ratio-landscape\">\n\t\t \t\t\t\t\t<img decoding=\"async\" width=\"600\" height=\"450\" src=\"https:\/\/vittra.se\/wp-content\/uploads\/sites\/18\/2023\/10\/vittra-forskola-roda-stan-3-scaled.jpg\" class=\"attachment-md size-md\" alt=\"Vittra R\u00f6da stans f\u00f6rskolelokaler\" sizes=\"(min-width: 64em) 600px, calc(100vw - 160px)\" srcset=\"https:\/\/vittra.se\/wp-content\/uploads\/sites\/18\/2023\/10\/vittra-forskola-roda-stan-3-scaled.jpg 2560w, https:\/\/vittra.se\/wp-content\/uploads\/sites\/18\/2023\/10\/vittra-forskola-roda-stan-3-300x225.jpg 300w, https:\/\/vittra.se\/wp-content\/uploads\/sites\/18\/2023\/10\/vittra-forskola-roda-stan-3-1024x768.jpg 1024w, https:\/\/vittra.se\/wp-content\/uploads\/sites\/18\/2023\/10\/vittra-forskola-roda-stan-3-768x576.jpg 768w, https:\/\/vittra.se\/wp-content\/uploads\/sites\/18\/2023\/10\/vittra-forskola-roda-stan-3-1536x1152.jpg 1536w, https:\/\/vittra.se\/wp-content\/uploads\/sites\/18\/2023\/10\/vittra-forskola-roda-stan-3-2048x1536.jpg 2048w, https:\/\/vittra.se\/wp-content\/uploads\/sites\/18\/2023\/10\/vittra-forskola-roda-stan-3-1920x1440.jpg 1920w, https:\/\/vittra.se\/wp-content\/uploads\/sites\/18\/2023\/10\/vittra-forskola-roda-stan-3-500x375.jpg 500w, https:\/\/vittra.se\/wp-content\/uploads\/sites\/18\/2023\/10\/vittra-forskola-roda-stan-3-305x229.jpg 305w, https:\/\/vittra.se\/wp-content\/uploads\/sites\/18\/2023\/10\/vittra-forskola-roda-stan-3-340x255.jpg 340w, https:\/\/vittra.se\/wp-content\/uploads\/sites\/18\/2023\/10\/vittra-forskola-roda-stan-3-1100x825.jpg 1100w, https:\/\/vittra.se\/wp-content\/uploads\/sites\/18\/2023\/10\/vittra-forskola-roda-stan-3-893x670.jpg 893w\" \/>\n\t\t\t\n\t\t\t\n\t\t\t\t\t<\/div>\n\t<\/div>\n\n\t\t\n\n<\/section>\n\n\n\n\n<section  class=\"ams-cta ams-cta--stacked c-block l-stacked\" data-color-scheme=\"primar2\">\n\t<div class=\"l-container l-stack l-stack-fluid-2xl u-pt-fluid-2xl-4xl u-pb-fluid-2xl-4xl is-center is-center@md\">\n\t\t\t\t\t<div class=\"ams-cta__intro l-stack l-stack-lg\">\n\t\t\t\t\t\n\t<h2\n\tclass=\"c-heading u-font-title-1 \"\n\tstyle=\"\">\n\t\t\n\t\t\t\t\tTillbaka till f\u00f6rskolesidan\n\t\t\t\t\n\t<\/h2>\n\n\t\t\t\t\t\t\t<\/div>\n\t\t\n\t\t\n\t\t\t<div class=\"ams-cta__action u-inline-items\">\n\t\t\t\t\t\t\t\n\n\n<a href=\"https:\/\/vittra.se\/roda-stan\/om\/forskola\/\"\n\t\n\tclass=\"c-btn \"\n\tdata-style=\"round\"\n\tdata-size=\"md\"\n\tdata-width=\"full-mobile\"\n\tdata-variant=\"default\"\n\ttarget=\"_self\">\n\t\t\t<span class=\"label\"> Om v\u00e5r f\u00f6rskola<\/span>\n\t\t\t<\/a>\n\t\t\t<\/div>\n\t<\/div>\n\n\t\t\n\n<\/section>\n","protected":false},"excerpt":{"rendered":"","protected":false},"author":103,"featured_media":0,"parent":0,"menu_order":0,"comment_status":"closed","ping_status":"closed","template":"","meta":{"footnotes":""},"yoast_head":"<!-- This site is optimized with the Yoast SEO plugin v22.0 - https:\/\/yoast.com\/wordpress\/plugins\/seo\/ -->\n<title>S\u00e5 fungerar inskolningen p\u00e5 v\u00e5r f\u00f6rskola | Vittra R\u00f6da Stan<\/title>\n<meta name=\"description\" content=\"Hur g\u00e5r inskolningen till p\u00e5 Vittra R\u00f6da Stan i Norrk\u00f6ping? L\u00e4s om v\u00e5r trygga och individuellt anpassade start i f\u00f6rskolan.\" \/>\n<meta name=\"robots\" content=\"index, follow, max-snippet:-1, max-image-preview:large, max-video-preview:-1\" \/>\n<link rel=\"canonical\" href=\"https:\/\/vittra.se\/roda-stan\/inskolning-pa-forskolan\/\" \/>\n<meta property=\"og:locale\" content=\"sv_SE\" \/>\n<meta property=\"og:type\" content=\"article\" \/>\n<meta property=\"og:title\" content=\"S\u00e5 fungerar inskolningen p\u00e5 v\u00e5r f\u00f6rskola | Vittra R\u00f6da Stan\" \/>\n<meta property=\"og:description\" content=\"Hur g\u00e5r inskolningen till p\u00e5 Vittra R\u00f6da Stan i Norrk\u00f6ping? L\u00e4s om v\u00e5r trygga och individuellt anpassade start i f\u00f6rskolan.\" \/>\n<meta property=\"og:url\" content=\"https:\/\/vittra.se\/roda-stan\/inskolning-pa-forskolan\/\" \/>\n<meta property=\"og:site_name\" content=\"R\u00f6da stan\" \/>\n<meta property=\"article:modified_time\" content=\"2026-03-16T13:21:29+00:00\" \/>\n<meta name=\"twitter:card\" content=\"summary_large_image\" \/>\n<meta name=\"twitter:title\" content=\"S\u00e5 fungerar inskolningen p\u00e5 v\u00e5r f\u00f6rskola | Vittra R\u00f6da Stan\" \/>\n<meta name=\"twitter:description\" content=\"Hur g\u00e5r inskolningen till p\u00e5 Vittra R\u00f6da Stan i Norrk\u00f6ping? L\u00e4s om v\u00e5r trygga och individuellt anpassade start i f\u00f6rskolan.\" \/>\n<script type=\"application\/ld+json\" class=\"yoast-schema-graph\">{\"@context\":\"https:\/\/schema.org\",\"@graph\":[{\"@type\":\"WebPage\",\"@id\":\"https:\/\/vittra.se\/roda-stan\/inskolning-pa-forskolan\/\",\"url\":\"https:\/\/vittra.se\/roda-stan\/inskolning-pa-forskolan\/\",\"name\":\"S\u00e5 fungerar inskolningen p\u00e5 v\u00e5r f\u00f6rskola | Vittra R\u00f6da Stan\",\"isPartOf\":{\"@id\":\"https:\/\/vittra.se\/roda-stan\/#website\"},\"datePublished\":\"2026-03-16T13:21:28+00:00\",\"dateModified\":\"2026-03-16T13:21:29+00:00\",\"description\":\"Hur g\u00e5r inskolningen till p\u00e5 Vittra R\u00f6da Stan i Norrk\u00f6ping? L\u00e4s om v\u00e5r trygga och individuellt anpassade start i f\u00f6rskolan.\",\"breadcrumb\":{\"@id\":\"https:\/\/vittra.se\/roda-stan\/inskolning-pa-forskolan\/#breadcrumb\"},\"inLanguage\":\"sv-SE\",\"potentialAction\":[{\"@type\":\"ReadAction\",\"target\":[\"https:\/\/vittra.se\/roda-stan\/inskolning-pa-forskolan\/\"]}]},{\"@type\":\"BreadcrumbList\",\"@id\":\"https:\/\/vittra.se\/roda-stan\/inskolning-pa-forskolan\/#breadcrumb\",\"itemListElement\":[{\"@type\":\"ListItem\",\"position\":1,\"name\":\"Start\",\"item\":\"https:\/\/vittra.se\/roda-stan\/\"},{\"@type\":\"ListItem\",\"position\":2,\"name\":\"Inskolning p\u00e5 f\u00f6rskolan\"}]},{\"@type\":\"WebSite\",\"@id\":\"https:\/\/vittra.se\/roda-stan\/#website\",\"url\":\"https:\/\/vittra.se\/roda-stan\/\",\"name\":\"R\u00f6da stan\",\"description\":\"Kunskap att f\u00f6r\u00e4ndra. Mod att p\u00e5verka.\",\"potentialAction\":[{\"@type\":\"SearchAction\",\"target\":{\"@type\":\"EntryPoint\",\"urlTemplate\":\"https:\/\/vittra.se\/roda-stan\/?s={search_term_string}\"},\"query-input\":\"required name=search_term_string\"}],\"inLanguage\":\"sv-SE\"}]}<\/script>\n<!-- \/ Yoast SEO plugin. -->","yoast_head_json":{"title":"S\u00e5 fungerar inskolningen p\u00e5 v\u00e5r f\u00f6rskola | Vittra R\u00f6da Stan","description":"Hur g\u00e5r inskolningen till p\u00e5 Vittra R\u00f6da Stan i Norrk\u00f6ping? L\u00e4s om v\u00e5r trygga och individuellt anpassade start i f\u00f6rskolan.","robots":{"index":"index","follow":"follow","max-snippet":"max-snippet:-1","max-image-preview":"max-image-preview:large","max-video-preview":"max-video-preview:-1"},"canonical":"https:\/\/vittra.se\/roda-stan\/inskolning-pa-forskolan\/","og_locale":"sv_SE","og_type":"article","og_title":"S\u00e5 fungerar inskolningen p\u00e5 v\u00e5r f\u00f6rskola | Vittra R\u00f6da Stan","og_description":"Hur g\u00e5r inskolningen till p\u00e5 Vittra R\u00f6da Stan i Norrk\u00f6ping? L\u00e4s om v\u00e5r trygga och individuellt anpassade start i f\u00f6rskolan.","og_url":"https:\/\/vittra.se\/roda-stan\/inskolning-pa-forskolan\/","og_site_name":"R\u00f6da stan","article_modified_time":"2026-03-16T13:21:29+00:00","twitter_card":"summary_large_image","twitter_title":"S\u00e5 fungerar inskolningen p\u00e5 v\u00e5r f\u00f6rskola | Vittra R\u00f6da Stan","twitter_description":"Hur g\u00e5r inskolningen till p\u00e5 Vittra R\u00f6da Stan i Norrk\u00f6ping? L\u00e4s om v\u00e5r trygga och individuellt anpassade start i f\u00f6rskolan.","schema":{"@context":"https:\/\/schema.org","@graph":[{"@type":"WebPage","@id":"https:\/\/vittra.se\/roda-stan\/inskolning-pa-forskolan\/","url":"https:\/\/vittra.se\/roda-stan\/inskolning-pa-forskolan\/","name":"S\u00e5 fungerar inskolningen p\u00e5 v\u00e5r f\u00f6rskola | Vittra R\u00f6da Stan","isPartOf":{"@id":"https:\/\/vittra.se\/roda-stan\/#website"},"datePublished":"2026-03-16T13:21:28+00:00","dateModified":"2026-03-16T13:21:29+00:00","description":"Hur g\u00e5r inskolningen till p\u00e5 Vittra R\u00f6da Stan i Norrk\u00f6ping? L\u00e4s om v\u00e5r trygga och individuellt anpassade start i f\u00f6rskolan.","breadcrumb":{"@id":"https:\/\/vittra.se\/roda-stan\/inskolning-pa-forskolan\/#breadcrumb"},"inLanguage":"sv-SE","potentialAction":[{"@type":"ReadAction","target":["https:\/\/vittra.se\/roda-stan\/inskolning-pa-forskolan\/"]}]},{"@type":"BreadcrumbList","@id":"https:\/\/vittra.se\/roda-stan\/inskolning-pa-forskolan\/#breadcrumb","itemListElement":[{"@type":"ListItem","position":1,"name":"Start","item":"https:\/\/vittra.se\/roda-stan\/"},{"@type":"ListItem","position":2,"name":"Inskolning p\u00e5 f\u00f6rskolan"}]},{"@type":"WebSite","@id":"https:\/\/vittra.se\/roda-stan\/#website","url":"https:\/\/vittra.se\/roda-stan\/","name":"R\u00f6da stan","description":"Kunskap att f\u00f6r\u00e4ndra. Mod att p\u00e5verka.","potentialAction":[{"@type":"SearchAction","target":{"@type":"EntryPoint","urlTemplate":"https:\/\/vittra.se\/roda-stan\/?s={search_term_string}"},"query-input":"required name=search_term_string"}],"inLanguage":"sv-SE"}]}},"_links":{"self":[{"href":"https:\/\/vittra.se\/roda-stan\/wp-json\/wp\/v2\/pages\/1920"}],"collection":[{"href":"https:\/\/vittra.se\/roda-stan\/wp-json\/wp\/v2\/pages"}],"about":[{"href":"https:\/\/vittra.se\/roda-stan\/wp-json\/wp\/v2\/types\/page"}],"author":[{"embeddable":true,"href":"https:\/\/vittra.se\/roda-stan\/wp-json\/wp\/v2\/users\/103"}],"replies":[{"embeddable":true,"href":"https:\/\/vittra.se\/roda-stan\/wp-json\/wp\/v2\/comments?post=1920"}],"version-history":[{"count":10,"href":"https:\/\/vittra.se\/roda-stan\/wp-json\/wp\/v2\/pages\/1920\/revisions"}],"predecessor-version":[{"id":1934,"href":"https:\/\/vittra.se\/roda-stan\/wp-json\/wp\/v2\/pages\/1920\/revisions\/1934"}],"wp:attachment":[{"href":"https:\/\/vittra.se\/roda-stan\/wp-json\/wp\/v2\/media?parent=1920"}],"curies":[{"name":"wp","href":"https:\/\/api.w.org\/{rel}","templated":true}]}}