{"id":157,"date":"2020-10-06T15:10:34","date_gmt":"2020-10-06T13:10:34","guid":{"rendered":"https:\/\/vittra.se\/roda-stan\/?page_id=157"},"modified":"2023-09-06T09:43:16","modified_gmt":"2023-09-06T07:43:16","slug":"academedia","status":"publish","type":"page","link":"https:\/\/vittra.se\/roda-stan\/om\/academedia\/","title":{"rendered":"En del av AcadeMedia"},"content":{"rendered":"\n<div class=\"wp-block-columns is-layout-flex wp-container-core-columns-layout-1 wp-block-columns-is-layout-flex\">\n<div class=\"wp-block-column is-layout-flow wp-block-column-is-layout-flow\" style=\"flex-basis:66.66%\">\n\t<div class=\"module_wrapper ams_remote_pages_module \">\n\t\t\t\t\t\t\t<div class=\"container core-heading\">\n\t\t\t\t\t\t<div class=\"row\">\n\t\t\t\t\t\t\t<div class=\"col-12\">\n\t\t\t\t\t\t\t\t\n<h1 class=\"wp-block-heading\">Kvalitet p\u00e5 Vittra<\/h1>\n\t\t\t\t\t\t\t<\/div>\n\t\t\t\t\t\t<\/div>\n\t\t\t\t\t<\/div>\n\t\t\t\t\t\t\t\t\t\t<div class=\"container acf-preamble\">\n\t\t\t\t\t\t<div class=\"row\">\n\t\t\t\t\t\t\t<div class=\"col-12\">\n\t\t\t\t\t\t\t\t\n<p   class=\"site__ingress container text-left  site__text-color--dark  site__free_text--ingress p-0\">\n\tP\u00e5 Vittra vill vi erbjuda v\u00e5ra barn och elever ett medvetet l\u00e4rande med h\u00f6g kvalitet. F\u00f6r att s\u00e4kerst\u00e4lla att utbildningen h\u00e5ller en h\u00f6g standard och att barn och elever n\u00e5r utbildningsm\u00e5len och utvecklas jobbar vi d\u00e4rf\u00f6r med kontinuerliga kvalitets- och kunskapsuppf\u00f6ljningar.<\/p>\n\n\n\t\t\t\t\t\t\t<\/div>\n\t\t\t\t\t\t<\/div>\n\t\t\t\t\t<\/div>\n\t\t\t\t\t\t\t\t\t\t<div class=\"container core-paragraph\">\n\t\t\t\t\t\t<div class=\"row\">\n\t\t\t\t\t\t\t<div class=\"col-12\">\n\t\t\t\t\t\t\t\t\n<p>Vi vet att barn och elever l\u00e4r sig som b\u00e4st n\u00e4r de vet tydligt vad de ska g\u00f6ra och vad som kr\u00e4vs f\u00f6r att p\u00e5verka sina resultat. D\u00e4rf\u00f6r har v\u00e5ra pedagoger en t\u00e4t kommunikation d\u00e4r eleverna f\u00e5r \u00e5terkoppling p\u00e5 sin l\u00e4roprocess. Tack vare den h\u00e4r rutinen kan vi identifiera vilka behov varje elev har och ge det st\u00f6d och den stimulans de beh\u00f6ver. Rutinen hj\u00e4lper \u00e4ven oss att analysera vilken effekt undervisningen har. Allt f\u00f6r att se till att v\u00e5ra barn och elever l\u00e4r sig och utvecklas s\u00e5 mycket som m\u00f6jligt.<\/p>\n\t\t\t\t\t\t\t<\/div>\n\t\t\t\t\t\t<\/div>\n\t\t\t\t\t<\/div>\n\t\t\t\t\t\t<\/div>\n\n\t<\/div>\n\n\n\n<div class=\"wp-block-column is-layout-flow wp-block-column-is-layout-flow\" style=\"flex-basis:33.33%\"><div   id=\"page-relative-menu\" class=\"site__font-monospace   container_width--full_width_conIcon   d-none d-lg-block  \">\n\n\t\t\t\n<\/div>\n<\/div>\n<\/div>\n\n\n\t<div\n\t\t class=\"container images-module\" >\n\t\t<div class=\"row\">\n\t\t\t<div\n\t\t\t\t\tclass=\"col-12 p-0 position-relative images_module__slideshow images_module__slideshow-container \">\n\t\t\t\t<div class=\"images_module__slide\" data-slide=\"\"\n\t\t\t\t\t data-duration=\"\"><\/div>\n\t\t\t\t\t\t\t\t\t<div\n\t\t\t\t\t\t class=\"images_module__slides \">\n\n\n\t\t\t\t\t\t<div class=\"images__wrapper\" style=\"aspect-ratio: 1200 \/ 531;\">\n\t\t\t\t\t\t\t<img decoding=\"async\" width=\"1980\" height=\"1320\" src=\"https:\/\/vittra.se\/wp-content\/uploads\/sites\/18\/2023\/09\/vittrasamset2022-2027.jpg\" class=\"images__image_ratio  \" alt=\"Sex glada elever sitter ute i skogen och har plockat vitsippor\" style=\"aspect-ratio: 1200 \/ 531;object-position: center center;\" srcset=\"https:\/\/vittra.se\/wp-content\/uploads\/sites\/18\/2023\/09\/vittrasamset2022-2027.jpg 1980w, https:\/\/vittra.se\/wp-content\/uploads\/sites\/18\/2023\/09\/vittrasamset2022-2027-300x200.jpg 300w, https:\/\/vittra.se\/wp-content\/uploads\/sites\/18\/2023\/09\/vittrasamset2022-2027-1024x683.jpg 1024w, https:\/\/vittra.se\/wp-content\/uploads\/sites\/18\/2023\/09\/vittrasamset2022-2027-768x512.jpg 768w, https:\/\/vittra.se\/wp-content\/uploads\/sites\/18\/2023\/09\/vittrasamset2022-2027-1536x1024.jpg 1536w, https:\/\/vittra.se\/wp-content\/uploads\/sites\/18\/2023\/09\/vittrasamset2022-2027-1920x1280.jpg 1920w, https:\/\/vittra.se\/wp-content\/uploads\/sites\/18\/2023\/09\/vittrasamset2022-2027-500x333.jpg 500w, https:\/\/vittra.se\/wp-content\/uploads\/sites\/18\/2023\/09\/vittrasamset2022-2027-340x227.jpg 340w, https:\/\/vittra.se\/wp-content\/uploads\/sites\/18\/2023\/09\/vittrasamset2022-2027-1100x733.jpg 1100w, https:\/\/vittra.se\/wp-content\/uploads\/sites\/18\/2023\/09\/vittrasamset2022-2027-1000x667.jpg 1000w\" sizes=\"(max-width: 1980px) 100vw, 1980px\" \/>\t\t\t\t\t\t<\/div>\n\n\t\t\t\t\t\t\n\n\t\t\t\t\t\t\t\t\t\t\t<\/div>\n\t\t\t\t\n\t\t\t\t<div class=\"images_module__container_dot\">\n\t\t\t\t\t<div style=\"text-align:center\">\n\t\t\t\t\t\t\t\t\t\t\t\t\t<span   data-i=\"0\"\n\t\t\t\t\t\t\t\t  class=\"\n\t\t\t\t\t\t\timages_module__dot\n\t\t\t\t\t\t\t\t\t\t\t\t\t\t\"\n\t\t\t\t\t\t\t><\/span>\n\t\t\t\t\t\t\t\t\t\t\t<\/div>\n\t\t\t\t<\/div>\n\n\t\t\t<\/div>\n\t\t<\/div>\n\t<\/div>\n\t\n\n\n<script>\n\tvar images_display_descriptive_text = \"\";\n<\/script>\n\n\n<div   id=\"page-relative-menu\" class=\"site__font-monospace   container_width--full_width_conIcon   d-lg-none  \">\n\n\t\t\t\n<\/div>\n","protected":false},"excerpt":{"rendered":"","protected":false},"author":1,"featured_media":0,"parent":20,"menu_order":0,"comment_status":"closed","ping_status":"closed","template":"","meta":{"footnotes":""},"yoast_head":"<!-- This site is optimized with the Yoast SEO plugin v22.0 - https:\/\/yoast.com\/wordpress\/plugins\/seo\/ -->\n<title>R\u00f6da stan<\/title>\n<meta name=\"robots\" content=\"index, follow, max-snippet:-1, max-image-preview:large, max-video-preview:-1\" \/>\n<link rel=\"canonical\" href=\"https:\/\/vittra.se\/roda-stan\/om\/academedia\/\" \/>\n<meta property=\"og:locale\" content=\"sv_SE\" \/>\n<meta property=\"og:type\" content=\"article\" \/>\n<meta property=\"og:url\" content=\"https:\/\/vittra.se\/roda-stan\/om\/academedia\/\" \/>\n<meta property=\"og:site_name\" content=\"R\u00f6da stan\" \/>\n<meta property=\"article:modified_time\" content=\"2023-09-06T07:43:16+00:00\" \/>\n<meta name=\"twitter:card\" content=\"summary_large_image\" \/>\n<meta name=\"twitter:image\" content=\"https:\/\/vittra.se\/wp-content\/uploads\/sites\/18\/2023\/09\/vittrasamset2022-2027-1200x630.jpg\" \/>\n<script type=\"application\/ld+json\" class=\"yoast-schema-graph\">{\"@context\":\"https:\/\/schema.org\",\"@graph\":[{\"@type\":\"WebPage\",\"@id\":\"https:\/\/vittra.se\/roda-stan\/om\/academedia\/\",\"url\":\"https:\/\/vittra.se\/roda-stan\/om\/academedia\/\",\"name\":\"En del av AcadeMedia - R\u00f6da stan\",\"isPartOf\":{\"@id\":\"https:\/\/vittra.se\/roda-stan\/#website\"},\"datePublished\":\"2020-10-06T13:10:34+00:00\",\"dateModified\":\"2023-09-06T07:43:16+00:00\",\"breadcrumb\":{\"@id\":\"https:\/\/vittra.se\/roda-stan\/om\/academedia\/#breadcrumb\"},\"inLanguage\":\"sv-SE\",\"potentialAction\":[{\"@type\":\"ReadAction\",\"target\":[\"https:\/\/vittra.se\/roda-stan\/om\/academedia\/\"]}]},{\"@type\":\"BreadcrumbList\",\"@id\":\"https:\/\/vittra.se\/roda-stan\/om\/academedia\/#breadcrumb\",\"itemListElement\":[{\"@type\":\"ListItem\",\"position\":1,\"name\":\"Start\",\"item\":\"https:\/\/vittra.se\/roda-stan\/\"},{\"@type\":\"ListItem\",\"position\":2,\"name\":\"Om skolan\",\"item\":\"https:\/\/vittra.se\/roda-stan\/om\/\"},{\"@type\":\"ListItem\",\"position\":3,\"name\":\"En del av AcadeMedia\"}]},{\"@type\":\"WebSite\",\"@id\":\"https:\/\/vittra.se\/roda-stan\/#website\",\"url\":\"https:\/\/vittra.se\/roda-stan\/\",\"name\":\"R\u00f6da stan\",\"description\":\"Kunskap att f\u00f6r\u00e4ndra. Mod att p\u00e5verka.\",\"potentialAction\":[{\"@type\":\"SearchAction\",\"target\":{\"@type\":\"EntryPoint\",\"urlTemplate\":\"https:\/\/vittra.se\/roda-stan\/?s={search_term_string}\"},\"query-input\":\"required name=search_term_string\"}],\"inLanguage\":\"sv-SE\"}]}<\/script>\n<!-- \/ Yoast SEO plugin. -->","yoast_head_json":{"title":"R\u00f6da stan","robots":{"index":"index","follow":"follow","max-snippet":"max-snippet:-1","max-image-preview":"max-image-preview:large","max-video-preview":"max-video-preview:-1"},"canonical":"https:\/\/vittra.se\/roda-stan\/om\/academedia\/","og_locale":"sv_SE","og_type":"article","og_url":"https:\/\/vittra.se\/roda-stan\/om\/academedia\/","og_site_name":"R\u00f6da stan","article_modified_time":"2023-09-06T07:43:16+00:00","twitter_card":"summary_large_image","twitter_image":"https:\/\/vittra.se\/wp-content\/uploads\/sites\/18\/2023\/09\/vittrasamset2022-2027-1200x630.jpg","schema":{"@context":"https:\/\/schema.org","@graph":[{"@type":"WebPage","@id":"https:\/\/vittra.se\/roda-stan\/om\/academedia\/","url":"https:\/\/vittra.se\/roda-stan\/om\/academedia\/","name":"En del av AcadeMedia - R\u00f6da stan","isPartOf":{"@id":"https:\/\/vittra.se\/roda-stan\/#website"},"datePublished":"2020-10-06T13:10:34+00:00","dateModified":"2023-09-06T07:43:16+00:00","breadcrumb":{"@id":"https:\/\/vittra.se\/roda-stan\/om\/academedia\/#breadcrumb"},"inLanguage":"sv-SE","potentialAction":[{"@type":"ReadAction","target":["https:\/\/vittra.se\/roda-stan\/om\/academedia\/"]}]},{"@type":"BreadcrumbList","@id":"https:\/\/vittra.se\/roda-stan\/om\/academedia\/#breadcrumb","itemListElement":[{"@type":"ListItem","position":1,"name":"Start","item":"https:\/\/vittra.se\/roda-stan\/"},{"@type":"ListItem","position":2,"name":"Om skolan","item":"https:\/\/vittra.se\/roda-stan\/om\/"},{"@type":"ListItem","position":3,"name":"En del av AcadeMedia"}]},{"@type":"WebSite","@id":"https:\/\/vittra.se\/roda-stan\/#website","url":"https:\/\/vittra.se\/roda-stan\/","name":"R\u00f6da stan","description":"Kunskap att f\u00f6r\u00e4ndra. Mod att p\u00e5verka.","potentialAction":[{"@type":"SearchAction","target":{"@type":"EntryPoint","urlTemplate":"https:\/\/vittra.se\/roda-stan\/?s={search_term_string}"},"query-input":"required name=search_term_string"}],"inLanguage":"sv-SE"}]}},"_links":{"self":[{"href":"https:\/\/vittra.se\/roda-stan\/wp-json\/wp\/v2\/pages\/157"}],"collection":[{"href":"https:\/\/vittra.se\/roda-stan\/wp-json\/wp\/v2\/pages"}],"about":[{"href":"https:\/\/vittra.se\/roda-stan\/wp-json\/wp\/v2\/types\/page"}],"author":[{"embeddable":true,"href":"https:\/\/vittra.se\/roda-stan\/wp-json\/wp\/v2\/users\/1"}],"replies":[{"embeddable":true,"href":"https:\/\/vittra.se\/roda-stan\/wp-json\/wp\/v2\/comments?post=157"}],"version-history":[{"count":10,"href":"https:\/\/vittra.se\/roda-stan\/wp-json\/wp\/v2\/pages\/157\/revisions"}],"predecessor-version":[{"id":1343,"href":"https:\/\/vittra.se\/roda-stan\/wp-json\/wp\/v2\/pages\/157\/revisions\/1343"}],"up":[{"embeddable":true,"href":"https:\/\/vittra.se\/roda-stan\/wp-json\/wp\/v2\/pages\/20"}],"wp:attachment":[{"href":"https:\/\/vittra.se\/roda-stan\/wp-json\/wp\/v2\/media?parent=157"}],"curies":[{"name":"wp","href":"https:\/\/api.w.org\/{rel}","templated":true}]}}