{"id":34,"date":"2020-09-01T22:08:40","date_gmt":"2020-09-01T20:08:40","guid":{"rendered":"https:\/\/vittra.se\/kopieringsunderlag\/?page_id=34"},"modified":"2025-08-07T13:37:42","modified_gmt":"2025-08-07T11:37:42","slug":"skolmat","status":"publish","type":"page","link":"https:\/\/vittra.se\/luma-park\/om\/skolmat\/","title":{"rendered":"V\u00e5r mat"},"content":{"rendered":"\n<div class=\"wp-block-columns is-layout-flex wp-container-core-columns-layout-1 wp-block-columns-is-layout-flex\">\n<div class=\"wp-block-column is-layout-flow wp-block-column-is-layout-flow\" style=\"flex-basis:66.66%\">\n<h1 class=\"wp-block-heading\">V\u00e5r mat<\/h1>\n\n\n\n\t<div class=\"module_wrapper ams_remote_pages_module \">\n\t\t\t\t\t\t\t<div class=\"container acf-preamble\">\n\t\t\t\t\t\t<div class=\"row\">\n\t\t\t\t\t\t\t<div class=\"col-12\">\n\t\t\t\t\t\t\t\t\n<p   class=\"site__ingress container text-left  site__text-color--dark  site__free_text--ingress p-0\">\n\tH\u00e4r kan du l\u00e4sa mer om skolmaten, vilka tider den serveras samt f\u00e5 mer information kring hur du hittar veckomatsedeln och anm\u00e4ler specialkost.<\/p>\n\n\n\t\t\t\t\t\t\t<\/div>\n\t\t\t\t\t\t<\/div>\n\t\t\t\t\t<\/div>\n\t\t\t\t\t\t\t\t\t\t<div class=\"container core-paragraph\">\n\t\t\t\t\t\t<div class=\"row\">\n\t\t\t\t\t\t\t<div class=\"col-12\">\n\t\t\t\t\t\t\t\t\n<p><\/p>\n\t\t\t\t\t\t\t<\/div>\n\t\t\t\t\t\t<\/div>\n\t\t\t\t\t<\/div>\n\t\t\t\t\t\t<\/div>\n\n\t\n\n\n<p>Vi \u00e4r glada att kunna ber\u00e4tta att vi numera har ett eget k\u00f6k p\u00e5 b\u00e5de v\u00e5r f\u00f6rskola och skola. Det inneb\u00e4r att all mat tillagas p\u00e5 plats av v\u00e5r egen k\u00f6kspersonal, med fokus p\u00e5 h\u00e4lsosamma, n\u00e4ringsrika och \u00e5rstidsbaserade m\u00e5ltider.<\/p>\n\n\n\n<p>Genom att laga maten sj\u00e4lva f\u00e5r vi st\u00f6rre kontroll \u00f6ver inneh\u00e5ll och kvalitet, och kan anpassa menyerna efter barnens behov och s\u00e4songens r\u00e5varor. Vi str\u00e4var efter att anv\u00e4nda f\u00e4rska, ekologiska och n\u00e4rproducerade ingredienser i s\u00e5 stor utstr\u00e4ckning som m\u00f6jligt.<\/p>\n\n\n\n<p>V\u00e5r matfilosofi bygger p\u00e5 att fr\u00e4mja goda matvanor tidigt i livet \u2013 med smakrika r\u00e4tter, varierade gr\u00f6nsaker och mindre tillsatt socker. Vi ser m\u00e5ltiderna som en viktig del av dagens pedagogik \u2013 en stund f\u00f6r gemenskap, l\u00e4rande och matgl\u00e4dje.<\/p>\n\n\n\n<p>Barn och elever kan p\u00e5verka menyn genom att deras \u00f6nskem\u00e5l tas upp i matr\u00e5det tv\u00e5 g\u00e5nger per l\u00e4s\u00e5r.<\/p>\n\n\n\n<h2 class=\"wp-block-heading\">F\u00f6rskola <\/h2>\n\n\n\n<p>Fruktstunden \u00e4r kl. 9.30.<br>Lunchen serveras kl. 10.45\u201311.30&nbsp;samt 11.45-12.30<br>Mellanm\u00e5l serveras kl. 14.00\u201314.30&nbsp;samt 14.30-15.00<\/p>\n\n\n\n<h2 class=\"wp-block-heading\">Fritids och grundskola <\/h2>\n\n\n\n<p>Lunchen i skolan serveras kl. 10.45\u201311.30.<br>Mellanm\u00e5l p\u00e5 fritidshemmet serveras kl. 14.00\u201314.30<\/p>\n\n\n\n<h3 class=\"wp-block-heading\">Veckomatsedel <\/h3>\n\n\n\n<p>Matsedeln hittar du p\u00e5 <a href=\"https:\/\/sms8.schoolsoft.se\/vittra\/jsp\/Login.jsp\" target=\"_blank\" rel=\"noreferrer noopener\">Schoolsoft<\/a>. <\/p>\n\n\n\n<h3 class=\"wp-block-heading\">Specialkost <\/h3>\n\n\n\n<p>\u00c4r ditt barn i behov av specialkost eller har n\u00e5gon allergi anm\u00e4ler du detta till&nbsp;administrationen.<\/p>\n\n\n\n<p><meta charset=\"utf-8\"><img decoding=\"async\" class=\"wp-image-716\" style=\"width: 150px;\" src=\"https:\/\/vittra.se\/wp-content\/uploads\/sites\/23\/2021\/09\/eu-logo-skolmjolk.jpeg\" alt=\"\"><\/p>\n<\/div>\n\n\n\n<div class=\"wp-block-column is-layout-flow wp-block-column-is-layout-flow\" style=\"flex-basis:33.33%\"><div   id=\"page-relative-menu\" class=\"site__font-monospace   container_width--full_width_conIcon   d-none d-lg-block  \">\n\n\t\t\t\n<\/div>\n<\/div>\n<\/div>\n\n\n<div   id=\"page-relative-menu\" class=\"site__font-monospace   container_width--full_width_conIcon   d-lg-none  \">\n\n\t\t\t\n<\/div>\n","protected":false},"excerpt":{"rendered":"<p>V\u00e5r mat Vi \u00e4r glada att kunna ber\u00e4tta att vi numera har ett eget k\u00f6k p\u00e5 b\u00e5de v\u00e5r f\u00f6rskola och skola. Det inneb\u00e4r att all mat tillagas p\u00e5 plats av v\u00e5r egen k\u00f6kspersonal, med fokus p\u00e5 h\u00e4lsosamma, n\u00e4ringsrika och \u00e5rstidsbaserade m\u00e5ltider. Genom att laga maten sj\u00e4lva f\u00e5r vi st\u00f6rre kontroll \u00f6ver inneh\u00e5ll och kvalitet, och&#8230;<\/p>\n","protected":false},"author":1,"featured_media":0,"parent":20,"menu_order":0,"comment_status":"closed","ping_status":"closed","template":"","meta":{"footnotes":""},"yoast_head":"<!-- This site is optimized with the Yoast SEO plugin v22.0 - https:\/\/yoast.com\/wordpress\/plugins\/seo\/ -->\n<title>Luma Park<\/title>\n<meta name=\"description\" content=\"L\u00e4s om skolmaten h\u00e4r! Ta reda p\u00e5 serveringstider, hitta veckomatsedeln och anm\u00e4l specialkost.\" \/>\n<meta name=\"robots\" content=\"index, follow, max-snippet:-1, max-image-preview:large, max-video-preview:-1\" \/>\n<link rel=\"canonical\" href=\"https:\/\/vittra.se\/luma-park\/om\/skolmat\/\" \/>\n<meta property=\"og:locale\" content=\"sv_SE\" \/>\n<meta property=\"og:type\" content=\"article\" \/>\n<meta property=\"og:description\" content=\"L\u00e4s om skolmaten h\u00e4r! Ta reda p\u00e5 serveringstider, hitta veckomatsedeln och anm\u00e4l specialkost.\" \/>\n<meta property=\"og:url\" content=\"https:\/\/vittra.se\/luma-park\/om\/skolmat\/\" \/>\n<meta property=\"og:site_name\" content=\"Luma Park\" \/>\n<meta property=\"article:modified_time\" content=\"2025-08-07T11:37:42+00:00\" \/>\n<meta property=\"og:image\" content=\"https:\/\/vittra.se\/wp-content\/uploads\/sites\/23\/2021\/09\/eu-logo-skolmjolk.jpeg\" \/>\n<meta name=\"twitter:card\" content=\"summary_large_image\" \/>\n<meta name=\"twitter:description\" content=\"L\u00e4s om skolmaten h\u00e4r! Ta reda p\u00e5 serveringstider, hitta veckomatsedeln och anm\u00e4l specialkost.\" \/>\n<meta name=\"twitter:label1\" content=\"Ber\u00e4knad l\u00e4stid\" \/>\n\t<meta name=\"twitter:data1\" content=\"2 minuter\" \/>\n<script type=\"application\/ld+json\" class=\"yoast-schema-graph\">{\"@context\":\"https:\/\/schema.org\",\"@graph\":[{\"@type\":\"WebPage\",\"@id\":\"https:\/\/vittra.se\/luma-park\/om\/skolmat\/\",\"url\":\"https:\/\/vittra.se\/luma-park\/om\/skolmat\/\",\"name\":\"V\u00e5r mat - Luma Park\",\"isPartOf\":{\"@id\":\"https:\/\/vittra.se\/luma-park\/#website\"},\"datePublished\":\"2020-09-01T20:08:40+00:00\",\"dateModified\":\"2025-08-07T11:37:42+00:00\",\"description\":\"L\u00e4s om skolmaten h\u00e4r! Ta reda p\u00e5 serveringstider, hitta veckomatsedeln och anm\u00e4l specialkost.\",\"breadcrumb\":{\"@id\":\"https:\/\/vittra.se\/luma-park\/om\/skolmat\/#breadcrumb\"},\"inLanguage\":\"sv-SE\",\"potentialAction\":[{\"@type\":\"ReadAction\",\"target\":[\"https:\/\/vittra.se\/luma-park\/om\/skolmat\/\"]}]},{\"@type\":\"BreadcrumbList\",\"@id\":\"https:\/\/vittra.se\/luma-park\/om\/skolmat\/#breadcrumb\",\"itemListElement\":[{\"@type\":\"ListItem\",\"position\":1,\"name\":\"Start\",\"item\":\"https:\/\/vittra.se\/luma-park\/\"},{\"@type\":\"ListItem\",\"position\":2,\"name\":\"Om skolan\",\"item\":\"https:\/\/vittra.se\/luma-park\/om\/\"},{\"@type\":\"ListItem\",\"position\":3,\"name\":\"V\u00e5r mat\"}]},{\"@type\":\"WebSite\",\"@id\":\"https:\/\/vittra.se\/luma-park\/#website\",\"url\":\"https:\/\/vittra.se\/luma-park\/\",\"name\":\"Luma Park\",\"description\":\"Kunskap att f\u00f6r\u00e4ndra. Mod att p\u00e5verka.\",\"potentialAction\":[{\"@type\":\"SearchAction\",\"target\":{\"@type\":\"EntryPoint\",\"urlTemplate\":\"https:\/\/vittra.se\/luma-park\/?s={search_term_string}\"},\"query-input\":\"required name=search_term_string\"}],\"inLanguage\":\"sv-SE\"}]}<\/script>\n<!-- \/ Yoast SEO plugin. -->","yoast_head_json":{"title":"Luma Park","description":"L\u00e4s om skolmaten h\u00e4r! Ta reda p\u00e5 serveringstider, hitta veckomatsedeln och anm\u00e4l specialkost.","robots":{"index":"index","follow":"follow","max-snippet":"max-snippet:-1","max-image-preview":"max-image-preview:large","max-video-preview":"max-video-preview:-1"},"canonical":"https:\/\/vittra.se\/luma-park\/om\/skolmat\/","og_locale":"sv_SE","og_type":"article","og_description":"L\u00e4s om skolmaten h\u00e4r! Ta reda p\u00e5 serveringstider, hitta veckomatsedeln och anm\u00e4l specialkost.","og_url":"https:\/\/vittra.se\/luma-park\/om\/skolmat\/","og_site_name":"Luma Park","article_modified_time":"2025-08-07T11:37:42+00:00","og_image":[{"url":"https:\/\/vittra.se\/wp-content\/uploads\/sites\/23\/2021\/09\/eu-logo-skolmjolk.jpeg"}],"twitter_card":"summary_large_image","twitter_description":"L\u00e4s om skolmaten h\u00e4r! Ta reda p\u00e5 serveringstider, hitta veckomatsedeln och anm\u00e4l specialkost.","twitter_misc":{"Ber\u00e4knad l\u00e4stid":"2 minuter"},"schema":{"@context":"https:\/\/schema.org","@graph":[{"@type":"WebPage","@id":"https:\/\/vittra.se\/luma-park\/om\/skolmat\/","url":"https:\/\/vittra.se\/luma-park\/om\/skolmat\/","name":"V\u00e5r mat - Luma Park","isPartOf":{"@id":"https:\/\/vittra.se\/luma-park\/#website"},"datePublished":"2020-09-01T20:08:40+00:00","dateModified":"2025-08-07T11:37:42+00:00","description":"L\u00e4s om skolmaten h\u00e4r! Ta reda p\u00e5 serveringstider, hitta veckomatsedeln och anm\u00e4l specialkost.","breadcrumb":{"@id":"https:\/\/vittra.se\/luma-park\/om\/skolmat\/#breadcrumb"},"inLanguage":"sv-SE","potentialAction":[{"@type":"ReadAction","target":["https:\/\/vittra.se\/luma-park\/om\/skolmat\/"]}]},{"@type":"BreadcrumbList","@id":"https:\/\/vittra.se\/luma-park\/om\/skolmat\/#breadcrumb","itemListElement":[{"@type":"ListItem","position":1,"name":"Start","item":"https:\/\/vittra.se\/luma-park\/"},{"@type":"ListItem","position":2,"name":"Om skolan","item":"https:\/\/vittra.se\/luma-park\/om\/"},{"@type":"ListItem","position":3,"name":"V\u00e5r mat"}]},{"@type":"WebSite","@id":"https:\/\/vittra.se\/luma-park\/#website","url":"https:\/\/vittra.se\/luma-park\/","name":"Luma Park","description":"Kunskap att f\u00f6r\u00e4ndra. Mod att p\u00e5verka.","potentialAction":[{"@type":"SearchAction","target":{"@type":"EntryPoint","urlTemplate":"https:\/\/vittra.se\/luma-park\/?s={search_term_string}"},"query-input":"required name=search_term_string"}],"inLanguage":"sv-SE"}]}},"_links":{"self":[{"href":"https:\/\/vittra.se\/luma-park\/wp-json\/wp\/v2\/pages\/34"}],"collection":[{"href":"https:\/\/vittra.se\/luma-park\/wp-json\/wp\/v2\/pages"}],"about":[{"href":"https:\/\/vittra.se\/luma-park\/wp-json\/wp\/v2\/types\/page"}],"author":[{"embeddable":true,"href":"https:\/\/vittra.se\/luma-park\/wp-json\/wp\/v2\/users\/1"}],"replies":[{"embeddable":true,"href":"https:\/\/vittra.se\/luma-park\/wp-json\/wp\/v2\/comments?post=34"}],"version-history":[{"count":10,"href":"https:\/\/vittra.se\/luma-park\/wp-json\/wp\/v2\/pages\/34\/revisions"}],"predecessor-version":[{"id":1698,"href":"https:\/\/vittra.se\/luma-park\/wp-json\/wp\/v2\/pages\/34\/revisions\/1698"}],"up":[{"embeddable":true,"href":"https:\/\/vittra.se\/luma-park\/wp-json\/wp\/v2\/pages\/20"}],"wp:attachment":[{"href":"https:\/\/vittra.se\/luma-park\/wp-json\/wp\/v2\/media?parent=34"}],"curies":[{"name":"wp","href":"https:\/\/api.w.org\/{rel}","templated":true}]}}