{"id":28,"date":"2020-09-01T22:07:29","date_gmt":"2020-09-01T20:07:29","guid":{"rendered":"https:\/\/vittra.se\/kopieringsunderlag\/?page_id=28"},"modified":"2024-03-21T14:59:52","modified_gmt":"2024-03-21T13:59:52","slug":"fritidshem","status":"publish","type":"page","link":"https:\/\/vittra.se\/luma-park\/om\/fritidshem\/","title":{"rendered":"Fritidshem"},"content":{"rendered":"\n<div class=\"wp-block-columns is-layout-flex wp-container-core-columns-layout-1 wp-block-columns-is-layout-flex\">\n<div class=\"wp-block-column is-layout-flow wp-block-column-is-layout-flow\" style=\"flex-basis:66.66%\">\n<h1 class=\"wp-block-heading\">Vittra Luma Parks fritidshem i Hammarby Sj\u00f6stad<\/h1>\n\n\n\n\t<div class=\"module_wrapper ams_remote_pages_module \">\n\t\t\t\t\t\t\t<div class=\"container acf-preamble\">\n\t\t\t\t\t\t<div class=\"row\">\n\t\t\t\t\t\t\t<div class=\"col-12\">\n\t\t\t\t\t\t\t\t\n<p   class=\"site__ingress container text-left  site__text-color--dark  site__free_text--ingress p-0\">\n\tF\u00f6r oss \u00e4r det viktigt att barnen upplever att skoldagen h\u00e4nger ihop. D\u00e4rf\u00f6r \u00e4r v\u00e5r fritidsverksamhet en naturlig f\u00f6rl\u00e4ngning av skoldagen. H\u00e4r kan du l\u00e4sa mer om v\u00e5ra \u00f6ppettider och aktiviteter.<\/p>\n\n\n\t\t\t\t\t\t\t<\/div>\n\t\t\t\t\t\t<\/div>\n\t\t\t\t\t<\/div>\n\t\t\t\t\t\t<\/div>\n\n\t\n\n\n<p>Fritids utg\u00e5r fr\u00e5n l\u00e4roplanens m\u00e5l och riktlinjer f\u00f6r fritidshemmet. Vi samarbetar med skolan och f\u00f6ljer periodens tema. Syftet \u00e4r att komplettera skolan och fr\u00e4mja heldagsl\u00e4randet. Inneh\u00e5llet i v\u00e5r verksamhet \u00e4r varierad med b\u00e5de fria och organiserade aktiviteter som utformas efter elevernas behov, intressen och erfarenheter. Utelek \u00e4r en viktig del av v\u00e5r fritidsverksamhet.<\/p>\n<\/div>\n\n\n\n<div class=\"wp-block-column is-layout-flow wp-block-column-is-layout-flow\" style=\"flex-basis:33.33%\"><div   id=\"page-relative-menu\" class=\"site__font-monospace   container_width--full_width_conIcon   d-none d-lg-block  \">\n\n\t\t\t\n<\/div>\n<\/div>\n<\/div>\n\n\n\n\t\n\t\n\t\n\n\t\n\t\n\t\t\n<section  class=\"c-block l-stacked  \" data-color-scheme=\"transparent\">\n\t<div class=\"ams-fifty ams-fifty--container ams-fifty--left ams-fifty--bottom l-container u-pt-fluid-None u-pb-fluid-3xl-6xl\">\n\t\t<div class=\"ams-fifty__content l-stack l-stack-xl is-left is-left@lg\">\n\t\t\t<div class=\"ams-fifty__text l-stack l-stack-lg\">\n\t\t\t\t\t\n\t<h2\n\tclass=\"c-heading u-font-title-1 \"\n\tstyle=\"\">\n\t\t\n\t\t\t\t\t\u00d6ppettider p\u00e5 fritids\n\t\t\t\t\n\t<\/h2>\n\n\t\t\t\t\t\t\t\t\t<div class=\"text l-stack u-font-body\">\n\t\t\t\t\t\t<p>V\u00e5rt fritids har \u00f6ppet 7.00-8.30 och 14.00-17.30.<\/p>\n<p>Mellanm\u00e5l \u00e4ter vi kl. 14:00 och d\u00e4refter tar de olika aktiviteterna inom- och utomhus vid.<\/p>\n<h3>Maxtaxa<\/h3>\n<p>F\u00f6r att ha ditt barn i f\u00f6rskola eller fritidshem betalar varje hush\u00e5ll en avgift. Hur mycket du ska betala beror p\u00e5 hur mycket ni i hush\u00e5llet tj\u00e4nar, upp till ett inkomsttak. Hur stort inkomsttaket \u00e4r r\u00e4knas ut varje \u00e5r.<\/p>\n<p>Vill du veta mer om maxtaxa och avgifter kan du g\u00e5 in p\u00e5 <a href=\"https:\/\/forskola.stockholm\/avgifter\/\">Stockholm stads hemsida<\/a>.<\/p>\n\n\t\t\t\t\t<\/div>\n\t\t\t\t\t\t\t<\/div>\n\n\t\t\t\t\t<\/div>\n\n\t\t <div class=\"ams-fifty__media u-ratio-square\">\n\t\t \t\t\t\t\t<img decoding=\"async\" width=\"600\" height=\"400\" src=\"https:\/\/vittra.se\/wp-content\/uploads\/sites\/17\/2023\/09\/vittraforsglantanfritishem2022-2027.jpg\" class=\"attachment-md size-md\" alt=\"Elever leker p\u00e5 skolg\u00e5rden\" sizes=\"(min-width: 64em) 600px, calc(100vw - 160px)\" srcset=\"https:\/\/vittra.se\/wp-content\/uploads\/sites\/17\/2023\/09\/vittraforsglantanfritishem2022-2027.jpg 1980w, https:\/\/vittra.se\/wp-content\/uploads\/sites\/17\/2023\/09\/vittraforsglantanfritishem2022-2027-300x200.jpg 300w, https:\/\/vittra.se\/wp-content\/uploads\/sites\/17\/2023\/09\/vittraforsglantanfritishem2022-2027-1024x683.jpg 1024w, https:\/\/vittra.se\/wp-content\/uploads\/sites\/17\/2023\/09\/vittraforsglantanfritishem2022-2027-768x512.jpg 768w, https:\/\/vittra.se\/wp-content\/uploads\/sites\/17\/2023\/09\/vittraforsglantanfritishem2022-2027-1536x1024.jpg 1536w, https:\/\/vittra.se\/wp-content\/uploads\/sites\/17\/2023\/09\/vittraforsglantanfritishem2022-2027-1920x1280.jpg 1920w, https:\/\/vittra.se\/wp-content\/uploads\/sites\/17\/2023\/09\/vittraforsglantanfritishem2022-2027-500x333.jpg 500w, https:\/\/vittra.se\/wp-content\/uploads\/sites\/17\/2023\/09\/vittraforsglantanfritishem2022-2027-340x227.jpg 340w, https:\/\/vittra.se\/wp-content\/uploads\/sites\/17\/2023\/09\/vittraforsglantanfritishem2022-2027-1100x733.jpg 1100w, https:\/\/vittra.se\/wp-content\/uploads\/sites\/17\/2023\/09\/vittraforsglantanfritishem2022-2027-1000x667.jpg 1000w\" \/>\n\t\t\t\n\t\t\t\n\t\t\t\t\t<\/div>\n\t<\/div>\n\n\t\t\n\n<\/section>\n\n\n\n<section \n\t\t class=\"\n\t\t ams-contact\n\t\t \n\t\t c-block l-stacked\n\t\t \n\t\t \n\t\t js-load-more\n\t\t \"\n\t\t data-color-scheme=\"nyans1_av_cta\"\n\t\t\t\t\tdata-count=\"3\"\n\t\t\t\t\t\t\tdata-count-mobile=\"2\"\n\t\t\t\t>\n\t<div\n\t\t class=\"\n\t\t l-container\n\t\t l-stack l-stack-fluid-2xl\n\t\t u-pt-fluid-3xl-6xl\n\t\t u-pb-fluid-3xl-6xl\n\t\t is-center\n\t\t is-center@md\n\t\t \">\n\t\t\t\t\t<div class=\"ams-contact__intro l-stack l-stack-lg\">\n\t\t\t\t\t\n\t<h2\n\tclass=\"c-heading u-font-title-1 \"\n\tstyle=\"\">\n\t\t\n\t\t\t\t\tHar du fr\u00e5gor om v\u00e5rt fritidshem?\n\t\t\t\t\n\t<\/h2>\n\n\t\t\t\t\t\t\t\t\t<div class=\"c-text l-stack u-cs-xl u-font-body\">\n\t\t\t\t\t\t<p>Kontakta oss f\u00f6r att f\u00e5 personlig hj\u00e4lp och svar p\u00e5 dina fr\u00e5gor.<\/p>\n\n\t\t\t\t\t<\/div>\n\t\t\t\t\t\t\t<\/div>\n\t\t\n\t\t\n\t\t    \t\n\t\t\n\t\t<ul\n\t\t\tid=\"contact-grid-6a0973d69cc50\"\n\t\t\tclass=\"ams-contact__list l-grid u-gap-fluid-2xl-4xl u-justify-center js-results \"\n\t\t\taria-label=\"Kontakter\"\n\t\t\tdata-filter-animation=\"off\"\n\t\t\t>\n\t\t\t\t\t\t\t\t\t\t\t\n\t\t\t\t\n\t\t\t\t<li class=\"l-col-12 \" data-filter=\"administration\">\n\t\t\t\t\t<article class=\"c-card u-justify-center\" data-variant=\"inline\">\n\t\t\t\t\t\t<div class=\"c-card__content u-flex-basis-auto u-flex-grow-0 u-text-center@mobile\">\n\t\t\t\t\t\t\t\t\t\t\t\t\t\t\t<h3 class=\"c-card__title u-font-title-3\">\n\t\t\t\t\t\t\t\t\tVittra Luma Park\n\t\t\t\t\t\t\t\t<\/h3>\n\t\t\t\t\t\t\t\n\t\t\t\t\t\t\t\t\t\t\t\t\t\t\t<p class=\"position u-font-body\">Administration<\/p>\n\t\t\t\t\t\t\t\n\t\t\t\t\t\t\t\t\t\t\t\t\t\t\t<div class=\"contact-info u-font-body\">\n\t\t\t\t\t\t\t\t\t\t\t\t\t\t\t\t\t\t\t\t\t\t\t\t\t\t\t\t\t\t<p class=\"phone\"><a\n\t\t\t\t\t\t\t\t\t\t\t\t\thref=\"tel:0702938048\"\n\t\t\t\t\t\t\t\t\t\t\t\t\tclass=\"u-text-link\">070-293 80 48<\/a>\n\t\t\t\t\t\t\t\t\t\t\t<\/p>\n\t\t\t\t\t\t\t\t\t\t\t\t\t\t\t\t\t\t\t\n\t\t\t\t\t\t\t\t\t\t\t\t\t\t\t\t\t\t\t\t\t\t\t\t\t\t\t\t\t\t<p class=\"email\"><a\n\t\t\t\t\t\t\t\t\t\t\t\t\thref=\"&#109;ail&#116;&#111;:L&#117;ma&#112;ar&#107;&#064;vittra&#046;&#115;&#101;\"\n\t\t\t\t\t\t\t\t\t\t\t\t\tclass=\"u-text-link\">Luma&#112;&#097;&#114;&#107;&#064;v&#105;&#116;&#116;&#114;a.se<\/a>\n\t\t\t\t\t\t\t\t\t\t\t<\/p>\n\t\t\t\t\t\t\t\t\t\t\t\t\t\t\t\t\t\t\t\t\t\t\t\t\t\t\t<\/div>\n\t\t\t\t\t\t\t\n\t\t\t\t\t\t\t\t\t\t\t\t\t<\/div>\n\t\t\t\t\t\t<div class=\"c-card__media\">\n\t\t\t\t\t\t\t\t\t\t\t\t\t\t\t\t\t\t\t\t\t\t\t\t\t\t\t\t\t\t\t\t\t\t\t\t\t\t\t\t\t\t\t\t\t\t\t\t\t<img decoding=\"async\" width=\"300\" height=\"300\" src=\"https:\/\/vittra.se\/wp-content\/uploads\/2023\/01\/vittradigital-produktionavatar1.jpg\" class=\"u-radius-round u-ratio-landscape  \" alt=\"Avatarbild\" sizes=\"(max-width: 300px) 100vw, 300px\" srcset=\"https:\/\/vittra.se\/wp-content\/uploads\/2023\/01\/vittradigital-produktionavatar1.jpg 300w, https:\/\/vittra.se\/wp-content\/uploads\/2023\/01\/vittradigital-produktionavatar1-150x150.jpg 150w, https:\/\/vittra.se\/wp-content\/uploads\/2023\/01\/vittradigital-produktionavatar1-229x229.jpg 229w, https:\/\/vittra.se\/wp-content\/uploads\/2023\/01\/vittradigital-produktionavatar1-100x100.jpg 100w\" \/>\n\t\t\t\t\t\t<\/div>\n\t\t\t\t\t<\/article>\n\t\t\t\t<\/li>\n\t\t\t\t\t<\/ul>\n\n\t\t\n\t\t    <div class=\"ams-contact__more u-inline-items js-load-more-btn\">\n        <button href=\"#\"\n                class=\"c-btn\"\n                data-style=\"round\"\n                data-size=\"md\"\n                data-width=\"full-mobile\"\n                data-variant=\"outline\">\n        \tVisa mer\n        <\/button>\n    <\/div>\n\n\t\t\t<\/div>\n\n\t\t\n\n<\/section>\n\n\n<div   id=\"page-relative-menu\" class=\"site__font-monospace   container_width--full_width_conIcon   d-lg-none  \">\n\n\t\t\t\n<\/div>\n","protected":false},"excerpt":{"rendered":"<p>Vittra Luma Parks fritidshem i Hammarby Sj\u00f6stad Fritids utg\u00e5r fr\u00e5n l\u00e4roplanens m\u00e5l och riktlinjer f\u00f6r fritidshemmet. Vi samarbetar med skolan och f\u00f6ljer periodens tema. Syftet \u00e4r att komplettera skolan och fr\u00e4mja heldagsl\u00e4randet. Inneh\u00e5llet i v\u00e5r verksamhet \u00e4r varierad med b\u00e5de fria och organiserade aktiviteter som utformas efter elevernas behov, intressen och erfarenheter. Utelek \u00e4r en&#8230;<\/p>\n","protected":false},"author":1,"featured_media":0,"parent":20,"menu_order":0,"comment_status":"closed","ping_status":"closed","template":"","meta":{"footnotes":""},"yoast_head":"<!-- This site is optimized with the Yoast SEO plugin v22.0 - https:\/\/yoast.com\/wordpress\/plugins\/seo\/ -->\n<title>Vittra Luma Park | Fritidshem i Hammarby Sj\u00f6stad<\/title>\n<meta name=\"description\" content=\"Vittra Luma Park \u00e4r en skola med fritidsverksamhet i Hammarby Sj\u00f6stad. V\u00e5rt fritidshem \u00e4r en naturlig f\u00f6rl\u00e4ngning av skoldagen med olika aktiviteter att v\u00e4lja p\u00e5.\" \/>\n<meta name=\"robots\" content=\"index, follow, max-snippet:-1, max-image-preview:large, max-video-preview:-1\" \/>\n<link rel=\"canonical\" href=\"https:\/\/vittra.se\/luma-park\/om\/fritidshem\/\" \/>\n<meta property=\"og:locale\" content=\"sv_SE\" \/>\n<meta property=\"og:type\" content=\"article\" \/>\n<meta property=\"og:title\" content=\"Vittra Luma Park | Fritidshem i Hammarby Sj\u00f6stad\" \/>\n<meta property=\"og:description\" content=\"Vittra Luma Park \u00e4r en skola med fritidsverksamhet i Hammarby Sj\u00f6stad. V\u00e5rt fritidshem \u00e4r en naturlig f\u00f6rl\u00e4ngning av skoldagen med olika aktiviteter att v\u00e4lja p\u00e5.\" \/>\n<meta property=\"og:url\" content=\"https:\/\/vittra.se\/luma-park\/om\/fritidshem\/\" \/>\n<meta property=\"og:site_name\" content=\"Luma Park\" \/>\n<meta property=\"article:modified_time\" content=\"2024-03-21T13:59:52+00:00\" \/>\n<meta name=\"twitter:card\" content=\"summary_large_image\" \/>\n<meta name=\"twitter:title\" content=\"Vittra Luma Park | Fritidshem i Hammarby Sj\u00f6stad\" \/>\n<meta name=\"twitter:description\" content=\"Vittra Luma Park \u00e4r en skola med fritidsverksamhet i Hammarby Sj\u00f6stad. V\u00e5rt fritidshem \u00e4r en naturlig f\u00f6rl\u00e4ngning av skoldagen med olika aktiviteter att v\u00e4lja p\u00e5.\" \/>\n<meta name=\"twitter:label1\" content=\"Ber\u00e4knad l\u00e4stid\" \/>\n\t<meta name=\"twitter:data1\" content=\"1 minut\" \/>\n<script type=\"application\/ld+json\" class=\"yoast-schema-graph\">{\"@context\":\"https:\/\/schema.org\",\"@graph\":[{\"@type\":\"WebPage\",\"@id\":\"https:\/\/vittra.se\/luma-park\/om\/fritidshem\/\",\"url\":\"https:\/\/vittra.se\/luma-park\/om\/fritidshem\/\",\"name\":\"Vittra Luma Park | Fritidshem i Hammarby Sj\u00f6stad\",\"isPartOf\":{\"@id\":\"https:\/\/vittra.se\/luma-park\/#website\"},\"datePublished\":\"2020-09-01T20:07:29+00:00\",\"dateModified\":\"2024-03-21T13:59:52+00:00\",\"description\":\"Vittra Luma Park \u00e4r en skola med fritidsverksamhet i Hammarby Sj\u00f6stad. V\u00e5rt fritidshem \u00e4r en naturlig f\u00f6rl\u00e4ngning av skoldagen med olika aktiviteter att v\u00e4lja p\u00e5.\",\"breadcrumb\":{\"@id\":\"https:\/\/vittra.se\/luma-park\/om\/fritidshem\/#breadcrumb\"},\"inLanguage\":\"sv-SE\",\"potentialAction\":[{\"@type\":\"ReadAction\",\"target\":[\"https:\/\/vittra.se\/luma-park\/om\/fritidshem\/\"]}]},{\"@type\":\"BreadcrumbList\",\"@id\":\"https:\/\/vittra.se\/luma-park\/om\/fritidshem\/#breadcrumb\",\"itemListElement\":[{\"@type\":\"ListItem\",\"position\":1,\"name\":\"Start\",\"item\":\"https:\/\/vittra.se\/luma-park\/\"},{\"@type\":\"ListItem\",\"position\":2,\"name\":\"Om skolan\",\"item\":\"https:\/\/vittra.se\/luma-park\/om\/\"},{\"@type\":\"ListItem\",\"position\":3,\"name\":\"Fritidshem\"}]},{\"@type\":\"WebSite\",\"@id\":\"https:\/\/vittra.se\/luma-park\/#website\",\"url\":\"https:\/\/vittra.se\/luma-park\/\",\"name\":\"Luma Park\",\"description\":\"Kunskap att f\u00f6r\u00e4ndra. Mod att p\u00e5verka.\",\"potentialAction\":[{\"@type\":\"SearchAction\",\"target\":{\"@type\":\"EntryPoint\",\"urlTemplate\":\"https:\/\/vittra.se\/luma-park\/?s={search_term_string}\"},\"query-input\":\"required name=search_term_string\"}],\"inLanguage\":\"sv-SE\"}]}<\/script>\n<!-- \/ Yoast SEO plugin. -->","yoast_head_json":{"title":"Vittra Luma Park | Fritidshem i Hammarby Sj\u00f6stad","description":"Vittra Luma Park \u00e4r en skola med fritidsverksamhet i Hammarby Sj\u00f6stad. V\u00e5rt fritidshem \u00e4r en naturlig f\u00f6rl\u00e4ngning av skoldagen med olika aktiviteter att v\u00e4lja p\u00e5.","robots":{"index":"index","follow":"follow","max-snippet":"max-snippet:-1","max-image-preview":"max-image-preview:large","max-video-preview":"max-video-preview:-1"},"canonical":"https:\/\/vittra.se\/luma-park\/om\/fritidshem\/","og_locale":"sv_SE","og_type":"article","og_title":"Vittra Luma Park | Fritidshem i Hammarby Sj\u00f6stad","og_description":"Vittra Luma Park \u00e4r en skola med fritidsverksamhet i Hammarby Sj\u00f6stad. V\u00e5rt fritidshem \u00e4r en naturlig f\u00f6rl\u00e4ngning av skoldagen med olika aktiviteter att v\u00e4lja p\u00e5.","og_url":"https:\/\/vittra.se\/luma-park\/om\/fritidshem\/","og_site_name":"Luma Park","article_modified_time":"2024-03-21T13:59:52+00:00","twitter_card":"summary_large_image","twitter_title":"Vittra Luma Park | Fritidshem i Hammarby Sj\u00f6stad","twitter_description":"Vittra Luma Park \u00e4r en skola med fritidsverksamhet i Hammarby Sj\u00f6stad. V\u00e5rt fritidshem \u00e4r en naturlig f\u00f6rl\u00e4ngning av skoldagen med olika aktiviteter att v\u00e4lja p\u00e5.","twitter_misc":{"Ber\u00e4knad l\u00e4stid":"1 minut"},"schema":{"@context":"https:\/\/schema.org","@graph":[{"@type":"WebPage","@id":"https:\/\/vittra.se\/luma-park\/om\/fritidshem\/","url":"https:\/\/vittra.se\/luma-park\/om\/fritidshem\/","name":"Vittra Luma Park | Fritidshem i Hammarby Sj\u00f6stad","isPartOf":{"@id":"https:\/\/vittra.se\/luma-park\/#website"},"datePublished":"2020-09-01T20:07:29+00:00","dateModified":"2024-03-21T13:59:52+00:00","description":"Vittra Luma Park \u00e4r en skola med fritidsverksamhet i Hammarby Sj\u00f6stad. V\u00e5rt fritidshem \u00e4r en naturlig f\u00f6rl\u00e4ngning av skoldagen med olika aktiviteter att v\u00e4lja p\u00e5.","breadcrumb":{"@id":"https:\/\/vittra.se\/luma-park\/om\/fritidshem\/#breadcrumb"},"inLanguage":"sv-SE","potentialAction":[{"@type":"ReadAction","target":["https:\/\/vittra.se\/luma-park\/om\/fritidshem\/"]}]},{"@type":"BreadcrumbList","@id":"https:\/\/vittra.se\/luma-park\/om\/fritidshem\/#breadcrumb","itemListElement":[{"@type":"ListItem","position":1,"name":"Start","item":"https:\/\/vittra.se\/luma-park\/"},{"@type":"ListItem","position":2,"name":"Om skolan","item":"https:\/\/vittra.se\/luma-park\/om\/"},{"@type":"ListItem","position":3,"name":"Fritidshem"}]},{"@type":"WebSite","@id":"https:\/\/vittra.se\/luma-park\/#website","url":"https:\/\/vittra.se\/luma-park\/","name":"Luma Park","description":"Kunskap att f\u00f6r\u00e4ndra. Mod att p\u00e5verka.","potentialAction":[{"@type":"SearchAction","target":{"@type":"EntryPoint","urlTemplate":"https:\/\/vittra.se\/luma-park\/?s={search_term_string}"},"query-input":"required name=search_term_string"}],"inLanguage":"sv-SE"}]}},"_links":{"self":[{"href":"https:\/\/vittra.se\/luma-park\/wp-json\/wp\/v2\/pages\/28"}],"collection":[{"href":"https:\/\/vittra.se\/luma-park\/wp-json\/wp\/v2\/pages"}],"about":[{"href":"https:\/\/vittra.se\/luma-park\/wp-json\/wp\/v2\/types\/page"}],"author":[{"embeddable":true,"href":"https:\/\/vittra.se\/luma-park\/wp-json\/wp\/v2\/users\/1"}],"replies":[{"embeddable":true,"href":"https:\/\/vittra.se\/luma-park\/wp-json\/wp\/v2\/comments?post=28"}],"version-history":[{"count":10,"href":"https:\/\/vittra.se\/luma-park\/wp-json\/wp\/v2\/pages\/28\/revisions"}],"predecessor-version":[{"id":1451,"href":"https:\/\/vittra.se\/luma-park\/wp-json\/wp\/v2\/pages\/28\/revisions\/1451"}],"up":[{"embeddable":true,"href":"https:\/\/vittra.se\/luma-park\/wp-json\/wp\/v2\/pages\/20"}],"wp:attachment":[{"href":"https:\/\/vittra.se\/luma-park\/wp-json\/wp\/v2\/media?parent=28"}],"curies":[{"name":"wp","href":"https:\/\/api.w.org\/{rel}","templated":true}]}}