{"id":25,"date":"2020-09-01T22:07:07","date_gmt":"2020-09-01T20:07:07","guid":{"rendered":"https:\/\/vittra.se\/kopieringsunderlag\/?page_id=25"},"modified":"2026-03-12T14:02:54","modified_gmt":"2026-03-12T13:02:54","slug":"grundskola","status":"publish","type":"page","link":"https:\/\/vittra.se\/luma-park\/om\/grundskola\/","title":{"rendered":"Grundskola"},"content":{"rendered":"\n\t\n\t\n\t\n\n\t\n\t\n\t\t\n<section  class=\"c-block l-stacked  \" data-color-scheme=\"transparent\">\n\t<div class=\"ams-fifty ams-fifty--container ams-fifty--right ams-fifty--bottom l-container u-pt-fluid-3xl-6xl u-pb-fluid-md-xl\">\n\t\t<div class=\"ams-fifty__content l-stack l-stack-xl is-left is-left@lg\">\n\t\t\t<div class=\"ams-fifty__text l-stack l-stack-lg\">\n\t\t\t\t\t\n\t<h1\n\tclass=\"c-heading u-font-title-1 \"\n\tstyle=\"\">\n\t\t\n\t\t\t\t\t\t\t\t\tVittra Luma Parks grundskola i Hammarby Sj\u00f6stad\n\t\t\t\t<span class=\"c-heading__sub is-below u-font-title-3\">\n\t\t\t\t\tF\u00f6rskoleklass till \u00e5rskurs 3\n\t\t\t\t<\/span>\n\t\t\t\t\t\t\t\n\t<\/h1>\n\n\t\t\t\t\t\t\t\t\t<div class=\"text l-stack u-font-body\">\n\t\t\t\t\t\t<p>P\u00e5 Vittra Luma Parks grundskola i Hammarby Sj\u00f6stad g\u00e5r elever fr\u00e5n f\u00f6rskoleklass upp till \u00e5rskurs 3. Hos oss st\u00e5r det medvetna l\u00e4randet i fokus \u2013 att eleverna f\u00f6rst blir medvetna om sig sj\u00e4lva och sin utveckling, f\u00f6r att d\u00e4refter l\u00e4ra sig om samh\u00e4llet och hur de kan p\u00e5verka det. H\u00e4r kan du l\u00e4sa mer om vad det inneb\u00e4r.<\/p>\n\n\t\t\t\t\t<\/div>\n\t\t\t\t\t\t\t<\/div>\n\n\t\t\t\t\t<\/div>\n\n\t\t <div class=\"ams-fifty__media u-ratio-square\">\n\t\t \t\t\t\t\t<img decoding=\"async\" width=\"600\" height=\"400\" src=\"https:\/\/vittra.se\/wp-content\/uploads\/sites\/17\/2024\/09\/vittraadolfsberg202404fsk46-600x400.jpg\" class=\"attachment-md size-md\" alt=\"Tv\u00e5 elever i f\u00f6rskolan visar en karta \u00f6ver Sydamerika f\u00f6r klassen.\" sizes=\"(min-width: 64em) 600px, calc(100vw - 160px)\" srcset=\"https:\/\/vittra.se\/wp-content\/uploads\/sites\/17\/2024\/09\/vittraadolfsberg202404fsk46-600x400.jpg 600w, https:\/\/vittra.se\/wp-content\/uploads\/sites\/17\/2024\/09\/vittraadolfsberg202404fsk46-300x200.jpg 300w, https:\/\/vittra.se\/wp-content\/uploads\/sites\/17\/2024\/09\/vittraadolfsberg202404fsk46-400x267.jpg 400w, https:\/\/vittra.se\/wp-content\/uploads\/sites\/17\/2024\/09\/vittraadolfsberg202404fsk46-800x533.jpg 800w, https:\/\/vittra.se\/wp-content\/uploads\/sites\/17\/2024\/09\/vittraadolfsberg202404fsk46-1024x682.jpg 1024w, https:\/\/vittra.se\/wp-content\/uploads\/sites\/17\/2024\/09\/vittraadolfsberg202404fsk46-1200x800.jpg 1200w, https:\/\/vittra.se\/wp-content\/uploads\/sites\/17\/2024\/09\/vittraadolfsberg202404fsk46.jpg 2000w\" \/>\n\t\t\t\n\t\t\t\n\t\t\t\t\t<\/div>\n\t<\/div>\n\n\t\t\n\n<\/section>\n\n\n\n\n<section  class=\"ams-usp c-block l-stacked\">\n\t<div class=\"l-container l-stack l-stack-fluid-2xl u-pt-fluid-md-xl u-pb-fluid-3xl-6xl is-center is-center@md\">\n\t\t\t\t\t<div class=\"ams-usp__intro l-stack l-stack-lg\">\n\t\t\t\t\t\n\t<h2\n\tclass=\"c-heading u-font-title-1 \"\n\tstyle=\"\">\n\t\t\n\t\t\t\t\tDet h\u00e4r s\u00e4ger v\u00e5rdnadshavarna om Vittra Luma Park\n\t\t\t\t\n\t<\/h2>\n\n\t\t\t\t\t\t\t<\/div>\n\t\t\n\t\t\t<ul class=\"ams-usp__list l-grid u-justify-center u-gap-fluid-2xl-4xl\">\n\t\t\t\t\t<li class=\"l-col-6@md l-col-4@lg\">\n\t\t\t\t<article\n\t\t\t\t\tclass=\"\n\t\t\t\t\tc-card\n\t\t\t\t\thas-media-zoom\n\t\t\t\t\t\n\t\t\t\t\t\n\t\t\t\t\t\"\n\t\t\t\t\tdata-variant=\"neutral\"\n\t\t\t\t\tdata-style=\"square\"\n\t\t\t\t\t\n\t\t\t\t\t>\n\t\t\t\t\t\n\t\t\t\t\t<div class=\"c-card__media\">\n\t\t\t\t\t\t\t\t\t\t\t\t\t<img decoding=\"async\" width=\"400\" height=\"302\" src=\"https:\/\/vittra.se\/wp-content\/uploads\/sites\/17\/2025\/04\/vittradigital-produktionenkatresultat2025luma-parkliggande01v2-400x302.png\" class=\" u-ratio-landscape  ams_icon_size_default\" alt=\"89% av v\u00e5rdnadshavarana \u00e4r n\u00f6jda med sitt barns grundskola\" srcset=\"https:\/\/vittra.se\/wp-content\/uploads\/sites\/17\/2025\/04\/vittradigital-produktionenkatresultat2025luma-parkliggande01v2-400x302.png 400w, https:\/\/vittra.se\/wp-content\/uploads\/sites\/17\/2025\/04\/vittradigital-produktionenkatresultat2025luma-parkliggande01v2-300x227.png 300w, https:\/\/vittra.se\/wp-content\/uploads\/sites\/17\/2025\/04\/vittradigital-produktionenkatresultat2025luma-parkliggande01v2-600x454.png 600w, https:\/\/vittra.se\/wp-content\/uploads\/sites\/17\/2025\/04\/vittradigital-produktionenkatresultat2025luma-parkliggande01v2-800x605.png 800w, https:\/\/vittra.se\/wp-content\/uploads\/sites\/17\/2025\/04\/vittradigital-produktionenkatresultat2025luma-parkliggande01v2-1024x774.png 1024w, https:\/\/vittra.se\/wp-content\/uploads\/sites\/17\/2025\/04\/vittradigital-produktionenkatresultat2025luma-parkliggande01v2-1200x907.png 1200w, https:\/\/vittra.se\/wp-content\/uploads\/sites\/17\/2025\/04\/vittradigital-produktionenkatresultat2025luma-parkliggande01v2.png 1488w\" sizes=\"(max-width: 400px) 100vw, 400px\" \/>\n\t\t\t\t\t\t\t\t\t\t\t<\/div>\n\t\t\t\t<\/article>\n\t\t\t<\/li>\n\n\t\t\t\t\t<li class=\"l-col-6@md l-col-4@lg\">\n\t\t\t\t<article\n\t\t\t\t\tclass=\"\n\t\t\t\t\tc-card\n\t\t\t\t\thas-media-zoom\n\t\t\t\t\t\n\t\t\t\t\t\n\t\t\t\t\t\"\n\t\t\t\t\tdata-variant=\"neutral\"\n\t\t\t\t\tdata-style=\"square\"\n\t\t\t\t\t\n\t\t\t\t\t>\n\t\t\t\t\t\n\t\t\t\t\t<div class=\"c-card__media\">\n\t\t\t\t\t\t\t\t\t\t\t\t\t<img decoding=\"async\" width=\"400\" height=\"302\" src=\"https:\/\/vittra.se\/wp-content\/uploads\/sites\/17\/2025\/04\/vittradigital-produktionenkatresultat2025luma-parkliggande03v2-400x302.png\" class=\" u-ratio-landscape  ams_icon_size_default\" alt=\"90% av v\u00e5rdnadshavarana rekommenderar Luma Parks grundskola.\" srcset=\"https:\/\/vittra.se\/wp-content\/uploads\/sites\/17\/2025\/04\/vittradigital-produktionenkatresultat2025luma-parkliggande03v2-400x302.png 400w, https:\/\/vittra.se\/wp-content\/uploads\/sites\/17\/2025\/04\/vittradigital-produktionenkatresultat2025luma-parkliggande03v2-300x227.png 300w, https:\/\/vittra.se\/wp-content\/uploads\/sites\/17\/2025\/04\/vittradigital-produktionenkatresultat2025luma-parkliggande03v2-600x454.png 600w, https:\/\/vittra.se\/wp-content\/uploads\/sites\/17\/2025\/04\/vittradigital-produktionenkatresultat2025luma-parkliggande03v2-800x605.png 800w, https:\/\/vittra.se\/wp-content\/uploads\/sites\/17\/2025\/04\/vittradigital-produktionenkatresultat2025luma-parkliggande03v2-1024x774.png 1024w, https:\/\/vittra.se\/wp-content\/uploads\/sites\/17\/2025\/04\/vittradigital-produktionenkatresultat2025luma-parkliggande03v2-1200x907.png 1200w, https:\/\/vittra.se\/wp-content\/uploads\/sites\/17\/2025\/04\/vittradigital-produktionenkatresultat2025luma-parkliggande03v2.png 1488w\" sizes=\"(max-width: 400px) 100vw, 400px\" \/>\n\t\t\t\t\t\t\t\t\t\t\t<\/div>\n\t\t\t\t<\/article>\n\t\t\t<\/li>\n\n\t\t\t\t\t<li class=\"l-col-6@md l-col-4@lg\">\n\t\t\t\t<article\n\t\t\t\t\tclass=\"\n\t\t\t\t\tc-card\n\t\t\t\t\thas-media-zoom\n\t\t\t\t\t\n\t\t\t\t\t\n\t\t\t\t\t\"\n\t\t\t\t\tdata-variant=\"neutral\"\n\t\t\t\t\tdata-style=\"square\"\n\t\t\t\t\t\n\t\t\t\t\t>\n\t\t\t\t\t\n\t\t\t\t\t<div class=\"c-card__media\">\n\t\t\t\t\t\t\t\t\t\t\t\t\t<img decoding=\"async\" width=\"400\" height=\"302\" src=\"https:\/\/vittra.se\/wp-content\/uploads\/sites\/17\/2025\/04\/vittradigital-produktionenkatresultat2025luma-parkliggande02v2-400x302.png\" class=\" u-ratio-landscape  ams_icon_size_default\" alt=\"87% av v\u00e5rdnadshavarana \u00e4r n\u00f6jda med sitt barns undervisning.\" srcset=\"https:\/\/vittra.se\/wp-content\/uploads\/sites\/17\/2025\/04\/vittradigital-produktionenkatresultat2025luma-parkliggande02v2-400x302.png 400w, https:\/\/vittra.se\/wp-content\/uploads\/sites\/17\/2025\/04\/vittradigital-produktionenkatresultat2025luma-parkliggande02v2-300x227.png 300w, https:\/\/vittra.se\/wp-content\/uploads\/sites\/17\/2025\/04\/vittradigital-produktionenkatresultat2025luma-parkliggande02v2-600x454.png 600w, https:\/\/vittra.se\/wp-content\/uploads\/sites\/17\/2025\/04\/vittradigital-produktionenkatresultat2025luma-parkliggande02v2-800x605.png 800w, https:\/\/vittra.se\/wp-content\/uploads\/sites\/17\/2025\/04\/vittradigital-produktionenkatresultat2025luma-parkliggande02v2-1024x774.png 1024w, https:\/\/vittra.se\/wp-content\/uploads\/sites\/17\/2025\/04\/vittradigital-produktionenkatresultat2025luma-parkliggande02v2-1200x907.png 1200w, https:\/\/vittra.se\/wp-content\/uploads\/sites\/17\/2025\/04\/vittradigital-produktionenkatresultat2025luma-parkliggande02v2.png 1488w\" sizes=\"(max-width: 400px) 100vw, 400px\" \/>\n\t\t\t\t\t\t\t\t\t\t\t<\/div>\n\t\t\t\t<\/article>\n\t\t\t<\/li>\n\n\t\t\t<\/ul>\n\n\t\t\t<\/div>\n\n\t\t\n\n<\/section>\n\n\n\n\n<section  class=\"ams-cta ams-cta--stacked c-block l-stacked\" data-color-scheme=\"primar2\">\n\t<div class=\"l-container l-stack l-stack-fluid-2xl u-pt-fluid-3xl-6xl u-pb-fluid-3xl-6xl is-center is-center@md\">\n\t\t\t\t\t<div class=\"ams-cta__intro l-stack l-stack-lg\">\n\t\t\t\t\t\n\t<h2\n\tclass=\"c-heading u-font-title-1 \"\n\tstyle=\"\">\n\t\t\n\t\t\t\t\tVill du l\u00e4sa mer om hur vi jobbar?\n\t\t\t\t\n\t<\/h2>\n\n\t\t\t\t\t\t\t<\/div>\n\t\t\n\t\t\n\t\t\t<div class=\"ams-cta__action u-inline-items\">\n\t\t\t\t\t\t\t\n\n\n<a href=\"https:\/\/vittra.se\/luma-park\/om\/\"\n\t\n\tclass=\"c-btn \"\n\tdata-style=\"round\"\n\tdata-size=\"md\"\n\tdata-width=\"full-mobile\"\n\tdata-variant=\"default\"\n\ttarget=\"_self\">\n\t\t\t<span class=\"label\"> Om skolan och v\u00e5r pedagogik<\/span>\n\t\t\t<\/a>\n\t\t\t<\/div>\n\t<\/div>\n\n\t\t\n\n<\/section>\n","protected":false},"excerpt":{"rendered":"","protected":false},"author":1,"featured_media":0,"parent":20,"menu_order":0,"comment_status":"closed","ping_status":"closed","template":"","meta":{"footnotes":""},"yoast_head":"<!-- This site is optimized with the Yoast SEO plugin v22.0 - https:\/\/yoast.com\/wordpress\/plugins\/seo\/ -->\n<title>Vittra Luma Park | Grundskola i Hammarby Sj\u00f6stad<\/title>\n<meta name=\"description\" content=\"Vittra Luma Park \u00e4r en grundskola i Hammarby Sj\u00f6stad. Vi har akademisk standard med struktur och medvetet l\u00e4rande som st\u00e4rker elevens personliga utveckling.\" \/>\n<meta name=\"robots\" content=\"index, follow, max-snippet:-1, max-image-preview:large, max-video-preview:-1\" \/>\n<link rel=\"canonical\" href=\"https:\/\/vittra.se\/luma-park\/om\/grundskola\/\" \/>\n<meta property=\"og:locale\" content=\"sv_SE\" \/>\n<meta property=\"og:type\" content=\"article\" \/>\n<meta property=\"og:title\" content=\"Vittra Luma Park | Grundskola i Hammarby Sj\u00f6stad\" \/>\n<meta property=\"og:description\" content=\"Vittra Luma Park \u00e4r en grundskola i Hammarby Sj\u00f6stad. Vi har akademisk standard med struktur och medvetet l\u00e4rande som st\u00e4rker elevens personliga utveckling.\" \/>\n<meta property=\"og:url\" content=\"https:\/\/vittra.se\/luma-park\/om\/grundskola\/\" \/>\n<meta property=\"og:site_name\" content=\"Luma Park\" \/>\n<meta property=\"article:modified_time\" content=\"2026-03-12T13:02:54+00:00\" \/>\n<meta name=\"twitter:card\" content=\"summary_large_image\" \/>\n<meta name=\"twitter:title\" content=\"Vittra Luma Park | Grundskola i Hammarby Sj\u00f6stad\" \/>\n<meta name=\"twitter:description\" content=\"Vittra Luma Park \u00e4r en grundskola i Hammarby Sj\u00f6stad. Vi har akademisk standard med struktur och medvetet l\u00e4rande som st\u00e4rker elevens personliga utveckling.\" \/>\n<script type=\"application\/ld+json\" class=\"yoast-schema-graph\">{\"@context\":\"https:\/\/schema.org\",\"@graph\":[{\"@type\":\"WebPage\",\"@id\":\"https:\/\/vittra.se\/luma-park\/om\/grundskola\/\",\"url\":\"https:\/\/vittra.se\/luma-park\/om\/grundskola\/\",\"name\":\"Vittra Luma Park | Grundskola i Hammarby Sj\u00f6stad\",\"isPartOf\":{\"@id\":\"https:\/\/vittra.se\/luma-park\/#website\"},\"datePublished\":\"2020-09-01T20:07:07+00:00\",\"dateModified\":\"2026-03-12T13:02:54+00:00\",\"description\":\"Vittra Luma Park \u00e4r en grundskola i Hammarby Sj\u00f6stad. Vi har akademisk standard med struktur och medvetet l\u00e4rande som st\u00e4rker elevens personliga utveckling.\",\"breadcrumb\":{\"@id\":\"https:\/\/vittra.se\/luma-park\/om\/grundskola\/#breadcrumb\"},\"inLanguage\":\"sv-SE\",\"potentialAction\":[{\"@type\":\"ReadAction\",\"target\":[\"https:\/\/vittra.se\/luma-park\/om\/grundskola\/\"]}]},{\"@type\":\"BreadcrumbList\",\"@id\":\"https:\/\/vittra.se\/luma-park\/om\/grundskola\/#breadcrumb\",\"itemListElement\":[{\"@type\":\"ListItem\",\"position\":1,\"name\":\"Start\",\"item\":\"https:\/\/vittra.se\/luma-park\/\"},{\"@type\":\"ListItem\",\"position\":2,\"name\":\"Om skolan\",\"item\":\"https:\/\/vittra.se\/luma-park\/om\/\"},{\"@type\":\"ListItem\",\"position\":3,\"name\":\"Grundskola\"}]},{\"@type\":\"WebSite\",\"@id\":\"https:\/\/vittra.se\/luma-park\/#website\",\"url\":\"https:\/\/vittra.se\/luma-park\/\",\"name\":\"Luma Park\",\"description\":\"Kunskap att f\u00f6r\u00e4ndra. Mod att p\u00e5verka.\",\"potentialAction\":[{\"@type\":\"SearchAction\",\"target\":{\"@type\":\"EntryPoint\",\"urlTemplate\":\"https:\/\/vittra.se\/luma-park\/?s={search_term_string}\"},\"query-input\":\"required name=search_term_string\"}],\"inLanguage\":\"sv-SE\"}]}<\/script>\n<!-- \/ Yoast SEO plugin. -->","yoast_head_json":{"title":"Vittra Luma Park | Grundskola i Hammarby Sj\u00f6stad","description":"Vittra Luma Park \u00e4r en grundskola i Hammarby Sj\u00f6stad. Vi har akademisk standard med struktur och medvetet l\u00e4rande som st\u00e4rker elevens personliga utveckling.","robots":{"index":"index","follow":"follow","max-snippet":"max-snippet:-1","max-image-preview":"max-image-preview:large","max-video-preview":"max-video-preview:-1"},"canonical":"https:\/\/vittra.se\/luma-park\/om\/grundskola\/","og_locale":"sv_SE","og_type":"article","og_title":"Vittra Luma Park | Grundskola i Hammarby Sj\u00f6stad","og_description":"Vittra Luma Park \u00e4r en grundskola i Hammarby Sj\u00f6stad. Vi har akademisk standard med struktur och medvetet l\u00e4rande som st\u00e4rker elevens personliga utveckling.","og_url":"https:\/\/vittra.se\/luma-park\/om\/grundskola\/","og_site_name":"Luma Park","article_modified_time":"2026-03-12T13:02:54+00:00","twitter_card":"summary_large_image","twitter_title":"Vittra Luma Park | Grundskola i Hammarby Sj\u00f6stad","twitter_description":"Vittra Luma Park \u00e4r en grundskola i Hammarby Sj\u00f6stad. Vi har akademisk standard med struktur och medvetet l\u00e4rande som st\u00e4rker elevens personliga utveckling.","schema":{"@context":"https:\/\/schema.org","@graph":[{"@type":"WebPage","@id":"https:\/\/vittra.se\/luma-park\/om\/grundskola\/","url":"https:\/\/vittra.se\/luma-park\/om\/grundskola\/","name":"Vittra Luma Park | Grundskola i Hammarby Sj\u00f6stad","isPartOf":{"@id":"https:\/\/vittra.se\/luma-park\/#website"},"datePublished":"2020-09-01T20:07:07+00:00","dateModified":"2026-03-12T13:02:54+00:00","description":"Vittra Luma Park \u00e4r en grundskola i Hammarby Sj\u00f6stad. Vi har akademisk standard med struktur och medvetet l\u00e4rande som st\u00e4rker elevens personliga utveckling.","breadcrumb":{"@id":"https:\/\/vittra.se\/luma-park\/om\/grundskola\/#breadcrumb"},"inLanguage":"sv-SE","potentialAction":[{"@type":"ReadAction","target":["https:\/\/vittra.se\/luma-park\/om\/grundskola\/"]}]},{"@type":"BreadcrumbList","@id":"https:\/\/vittra.se\/luma-park\/om\/grundskola\/#breadcrumb","itemListElement":[{"@type":"ListItem","position":1,"name":"Start","item":"https:\/\/vittra.se\/luma-park\/"},{"@type":"ListItem","position":2,"name":"Om skolan","item":"https:\/\/vittra.se\/luma-park\/om\/"},{"@type":"ListItem","position":3,"name":"Grundskola"}]},{"@type":"WebSite","@id":"https:\/\/vittra.se\/luma-park\/#website","url":"https:\/\/vittra.se\/luma-park\/","name":"Luma Park","description":"Kunskap att f\u00f6r\u00e4ndra. Mod att p\u00e5verka.","potentialAction":[{"@type":"SearchAction","target":{"@type":"EntryPoint","urlTemplate":"https:\/\/vittra.se\/luma-park\/?s={search_term_string}"},"query-input":"required name=search_term_string"}],"inLanguage":"sv-SE"}]}},"_links":{"self":[{"href":"https:\/\/vittra.se\/luma-park\/wp-json\/wp\/v2\/pages\/25"}],"collection":[{"href":"https:\/\/vittra.se\/luma-park\/wp-json\/wp\/v2\/pages"}],"about":[{"href":"https:\/\/vittra.se\/luma-park\/wp-json\/wp\/v2\/types\/page"}],"author":[{"embeddable":true,"href":"https:\/\/vittra.se\/luma-park\/wp-json\/wp\/v2\/users\/1"}],"replies":[{"embeddable":true,"href":"https:\/\/vittra.se\/luma-park\/wp-json\/wp\/v2\/comments?post=25"}],"version-history":[{"count":9,"href":"https:\/\/vittra.se\/luma-park\/wp-json\/wp\/v2\/pages\/25\/revisions"}],"predecessor-version":[{"id":1940,"href":"https:\/\/vittra.se\/luma-park\/wp-json\/wp\/v2\/pages\/25\/revisions\/1940"}],"up":[{"embeddable":true,"href":"https:\/\/vittra.se\/luma-park\/wp-json\/wp\/v2\/pages\/20"}],"wp:attachment":[{"href":"https:\/\/vittra.se\/luma-park\/wp-json\/wp\/v2\/media?parent=25"}],"curies":[{"name":"wp","href":"https:\/\/api.w.org\/{rel}","templated":true}]}}