{"id":1953,"date":"2026-04-29T11:34:18","date_gmt":"2026-04-29T09:34:18","guid":{"rendered":"https:\/\/vittra.se\/luma-park\/?page_id=1953"},"modified":"2026-04-29T11:34:18","modified_gmt":"2026-04-29T09:34:18","slug":"simskola","status":"publish","type":"page","link":"https:\/\/vittra.se\/luma-park\/simskola\/","title":{"rendered":"Simskola"},"content":{"rendered":"\n\t\n\t\n\t\n\n\t\n\t\n\t\t\n<section  class=\"c-block l-stacked  \" data-color-scheme=\"\">\n\t<div class=\"ams-fifty ams-fifty--container ams-fifty--right ams-fifty--bottom l-container u-pt-fluid-3xl-6xl u-pb-fluid-3xl-6xl\">\n\t\t<div class=\"ams-fifty__content l-stack l-stack-xl is-left is-left@lg\">\n\t\t\t<div class=\"ams-fifty__text l-stack l-stack-lg\">\n\t\t\t\t\t\n\t<h2\n\tclass=\"c-heading u-font-title-1 \"\n\tstyle=\"\">\n\t\t\n\t\t\t\t\t\t\t\t\tSimskola p\u00e5 f\u00f6rskolan\n\t\t\t\t<span class=\"c-heading__sub is-below u-font-title-3\">\n\t\t\t\t\tF\u00f6r v\u00e5ra fem\u00e5ringar\n\t\t\t\t<\/span>\n\t\t\t\t\t\t\t\n\t<\/h2>\n\n\t\t\t\t\t\t\t\t\t<div class=\"text l-stack u-font-body\">\n\t\t\t\t\t\t<p data-pm-slice=\"1 1 []\">P\u00e5 Vittra Luma Park erbjuder vi simskola f\u00f6r v\u00e5ra fem\u00e5ringar. Syftet \u00e4r att st\u00e4rka barnens simkunnighet redan i tidig \u00e5lder, ge alla barn likv\u00e4rdiga m\u00f6jligheter samt fr\u00e4mja r\u00f6relse, som \u00e4r viktig f\u00f6r b\u00e5de fysisk och psykisk h\u00e4lsa.<\/p>\n<p data-pm-slice=\"1 1 []\">Undervisningen sker p\u00e5 ett lekfullt s\u00e4tt d\u00e4r barnen f\u00e5r l\u00e4ra sig grunderna i br\u00f6stsim, med fokus p\u00e5 armtag och bentag. De f\u00e5r \u00e4ven prova p\u00e5 crawl och ryggsim genom lek. F\u00f6r att \u00f6ka vattenvanan tr\u00e4nar vi bland annat p\u00e5 att doppa huvudet och hoppa fr\u00e5n kanten. Inga f\u00f6rkunskaper kr\u00e4vs, d\u00e5 vi anpassar aktiviteterna efter barnens niv\u00e5 och utveckling under kursens g\u00e5ng.<\/p>\n<p data-pm-slice=\"1 1 []\">M\u00e5let \u00e4r att barnen ska kunna glida i magl\u00e4ge, \u00f6va armtag och bentag var f\u00f6r sig och b\u00f6rja samordna dessa med hj\u00e4lp av flythj\u00e4lpmedel, samt f\u00e5 en f\u00f6rsta introduktion till ryggsim och crawl.<\/p>\n\n\t\t\t\t\t<\/div>\n\t\t\t\t\t\t\t<\/div>\n\n\t\t\t\t<div class=\"ams-fifty__action u-inline-items\">\n\t\t\t\t\t\t\t\n\n\n<a href=\"https:\/\/vittra.se\/luma-park\/om\/forskola\/\"\n\t\n\tclass=\"c-btn \"\n\tdata-style=\"round\"\n\tdata-size=\"md\"\n\tdata-width=\"full-mobile\"\n\tdata-variant=\"default\"\n\ttarget=\"_self\">\n\t\t\t<span class=\"label\"> L\u00e4s mer om v\u00e5r f\u00f6rskola<\/span>\n\t\t\t<\/a>\n\t\t\t<\/div>\n\t\t<\/div>\n\n\t\t <div class=\"ams-fifty__media u-ratio-landscape\">\n\t\t \t\t\t\t\t<img decoding=\"async\" width=\"600\" height=\"451\" src=\"https:\/\/vittra.se\/wp-content\/uploads\/sites\/17\/2026\/04\/vittradigital-produktionsomeluma-parksimskolawebb-600x451.png\" class=\"attachment-md size-md\" alt=\"Illustrerad badring\" sizes=\"(min-width: 64em) 600px, calc(100vw - 160px)\" srcset=\"https:\/\/vittra.se\/wp-content\/uploads\/sites\/17\/2026\/04\/vittradigital-produktionsomeluma-parksimskolawebb-600x451.png 600w, https:\/\/vittra.se\/wp-content\/uploads\/sites\/17\/2026\/04\/vittradigital-produktionsomeluma-parksimskolawebb-300x225.png 300w, https:\/\/vittra.se\/wp-content\/uploads\/sites\/17\/2026\/04\/vittradigital-produktionsomeluma-parksimskolawebb-400x301.png 400w, https:\/\/vittra.se\/wp-content\/uploads\/sites\/17\/2026\/04\/vittradigital-produktionsomeluma-parksimskolawebb-800x601.png 800w, https:\/\/vittra.se\/wp-content\/uploads\/sites\/17\/2026\/04\/vittradigital-produktionsomeluma-parksimskolawebb-1024x769.png 1024w, https:\/\/vittra.se\/wp-content\/uploads\/sites\/17\/2026\/04\/vittradigital-produktionsomeluma-parksimskolawebb-1200x902.png 1200w, https:\/\/vittra.se\/wp-content\/uploads\/sites\/17\/2026\/04\/vittradigital-produktionsomeluma-parksimskolawebb-768x576.png 768w\" \/>\n\t\t\t\n\t\t\t\n\t\t\t\t\t<\/div>\n\t<\/div>\n\n\t\t\n\n<\/section>\n","protected":false},"excerpt":{"rendered":"","protected":false},"author":90,"featured_media":0,"parent":0,"menu_order":0,"comment_status":"closed","ping_status":"closed","template":"","meta":{"footnotes":""},"yoast_head":"<!-- This site is optimized with the Yoast SEO plugin v22.0 - https:\/\/yoast.com\/wordpress\/plugins\/seo\/ -->\n<title>Luma Park<\/title>\n<meta name=\"robots\" content=\"index, follow, max-snippet:-1, max-image-preview:large, max-video-preview:-1\" \/>\n<link rel=\"canonical\" href=\"https:\/\/vittra.se\/luma-park\/simskola\/\" \/>\n<meta property=\"og:locale\" content=\"sv_SE\" \/>\n<meta property=\"og:type\" content=\"article\" \/>\n<meta property=\"og:url\" content=\"https:\/\/vittra.se\/luma-park\/simskola\/\" \/>\n<meta property=\"og:site_name\" content=\"Luma Park\" \/>\n<meta name=\"twitter:card\" content=\"summary_large_image\" \/>\n<script type=\"application\/ld+json\" class=\"yoast-schema-graph\">{\"@context\":\"https:\/\/schema.org\",\"@graph\":[{\"@type\":\"WebPage\",\"@id\":\"https:\/\/vittra.se\/luma-park\/simskola\/\",\"url\":\"https:\/\/vittra.se\/luma-park\/simskola\/\",\"name\":\"Simskola - Luma Park\",\"isPartOf\":{\"@id\":\"https:\/\/vittra.se\/luma-park\/#website\"},\"datePublished\":\"2026-04-29T09:34:18+00:00\",\"dateModified\":\"2026-04-29T09:34:18+00:00\",\"breadcrumb\":{\"@id\":\"https:\/\/vittra.se\/luma-park\/simskola\/#breadcrumb\"},\"inLanguage\":\"sv-SE\",\"potentialAction\":[{\"@type\":\"ReadAction\",\"target\":[\"https:\/\/vittra.se\/luma-park\/simskola\/\"]}]},{\"@type\":\"BreadcrumbList\",\"@id\":\"https:\/\/vittra.se\/luma-park\/simskola\/#breadcrumb\",\"itemListElement\":[{\"@type\":\"ListItem\",\"position\":1,\"name\":\"Start\",\"item\":\"https:\/\/vittra.se\/luma-park\/\"},{\"@type\":\"ListItem\",\"position\":2,\"name\":\"Simskola\"}]},{\"@type\":\"WebSite\",\"@id\":\"https:\/\/vittra.se\/luma-park\/#website\",\"url\":\"https:\/\/vittra.se\/luma-park\/\",\"name\":\"Luma Park\",\"description\":\"Kunskap att f\u00f6r\u00e4ndra. Mod att p\u00e5verka.\",\"potentialAction\":[{\"@type\":\"SearchAction\",\"target\":{\"@type\":\"EntryPoint\",\"urlTemplate\":\"https:\/\/vittra.se\/luma-park\/?s={search_term_string}\"},\"query-input\":\"required name=search_term_string\"}],\"inLanguage\":\"sv-SE\"}]}<\/script>\n<!-- \/ Yoast SEO plugin. -->","yoast_head_json":{"title":"Luma Park","robots":{"index":"index","follow":"follow","max-snippet":"max-snippet:-1","max-image-preview":"max-image-preview:large","max-video-preview":"max-video-preview:-1"},"canonical":"https:\/\/vittra.se\/luma-park\/simskola\/","og_locale":"sv_SE","og_type":"article","og_url":"https:\/\/vittra.se\/luma-park\/simskola\/","og_site_name":"Luma Park","twitter_card":"summary_large_image","schema":{"@context":"https:\/\/schema.org","@graph":[{"@type":"WebPage","@id":"https:\/\/vittra.se\/luma-park\/simskola\/","url":"https:\/\/vittra.se\/luma-park\/simskola\/","name":"Simskola - Luma Park","isPartOf":{"@id":"https:\/\/vittra.se\/luma-park\/#website"},"datePublished":"2026-04-29T09:34:18+00:00","dateModified":"2026-04-29T09:34:18+00:00","breadcrumb":{"@id":"https:\/\/vittra.se\/luma-park\/simskola\/#breadcrumb"},"inLanguage":"sv-SE","potentialAction":[{"@type":"ReadAction","target":["https:\/\/vittra.se\/luma-park\/simskola\/"]}]},{"@type":"BreadcrumbList","@id":"https:\/\/vittra.se\/luma-park\/simskola\/#breadcrumb","itemListElement":[{"@type":"ListItem","position":1,"name":"Start","item":"https:\/\/vittra.se\/luma-park\/"},{"@type":"ListItem","position":2,"name":"Simskola"}]},{"@type":"WebSite","@id":"https:\/\/vittra.se\/luma-park\/#website","url":"https:\/\/vittra.se\/luma-park\/","name":"Luma Park","description":"Kunskap att f\u00f6r\u00e4ndra. Mod att p\u00e5verka.","potentialAction":[{"@type":"SearchAction","target":{"@type":"EntryPoint","urlTemplate":"https:\/\/vittra.se\/luma-park\/?s={search_term_string}"},"query-input":"required name=search_term_string"}],"inLanguage":"sv-SE"}]}},"_links":{"self":[{"href":"https:\/\/vittra.se\/luma-park\/wp-json\/wp\/v2\/pages\/1953"}],"collection":[{"href":"https:\/\/vittra.se\/luma-park\/wp-json\/wp\/v2\/pages"}],"about":[{"href":"https:\/\/vittra.se\/luma-park\/wp-json\/wp\/v2\/types\/page"}],"author":[{"embeddable":true,"href":"https:\/\/vittra.se\/luma-park\/wp-json\/wp\/v2\/users\/90"}],"replies":[{"embeddable":true,"href":"https:\/\/vittra.se\/luma-park\/wp-json\/wp\/v2\/comments?post=1953"}],"version-history":[{"count":10,"href":"https:\/\/vittra.se\/luma-park\/wp-json\/wp\/v2\/pages\/1953\/revisions"}],"predecessor-version":[{"id":1988,"href":"https:\/\/vittra.se\/luma-park\/wp-json\/wp\/v2\/pages\/1953\/revisions\/1988"}],"wp:attachment":[{"href":"https:\/\/vittra.se\/luma-park\/wp-json\/wp\/v2\/media?parent=1953"}],"curies":[{"name":"wp","href":"https:\/\/api.w.org\/{rel}","templated":true}]}}