{"id":1603,"date":"2026-03-16T13:35:24","date_gmt":"2026-03-16T12:35:24","guid":{"rendered":"https:\/\/vittra.se\/lambohov\/?page_id=1603"},"modified":"2026-04-08T14:50:21","modified_gmt":"2026-04-08T12:50:21","slug":"inskolning-pa-forskolan","status":"publish","type":"page","link":"https:\/\/vittra.se\/lambohov\/inskolning-pa-forskolan\/","title":{"rendered":"Inskolning p\u00e5 f\u00f6rskolan"},"content":{"rendered":"\n\t\n\t\n\t\n\n\t\n\t\n\t\t\n<section  class=\"c-block l-stacked  \" data-color-scheme=\"transparent\">\n\t<div class=\"ams-fifty ams-fifty--container ams-fifty--right ams-fifty--bottom l-container u-pt-fluid-2xl-4xl u-pb-fluid-md-xl\">\n\t\t<div class=\"ams-fifty__content l-stack l-stack-xl is-left is-left@lg\">\n\t\t\t<div class=\"ams-fifty__text l-stack l-stack-lg\">\n\t\t\t\t\t\n\t<h2\n\tclass=\"c-heading u-font-title-1 \"\n\tstyle=\"\">\n\t\t\n\t\t\t\t\tInskolning p\u00e5 f\u00f6rskolan\n\t\t\t\t\n\t<\/h2>\n\n\t\t\t\t\t\t\t\t\t<div class=\"text l-stack u-font-body\">\n\t\t\t\t\t\t<p>N\u00e4r du tackat ja till din plats ringer vi dig och ber\u00e4ttar om inskolningen och skickar hem ett v\u00e4lkomstbrev. Vi har en 2 veckors f\u00f6r\u00e4ldraaktiv inskolning.<\/p>\n<p>Ta med bl\u00f6jor och extrakl\u00e4der, exempelvis regnkl\u00e4der och gummist\u00f6vlar samt ett ombyte (strumpor, underkl\u00e4der, \u00f6verdel och underdel). F\u00f6r de barn som sover ute under dagen beh\u00f6vs en vagn. Ta \u00e4ven med en snuttefilt och napp om ditt barn anv\u00e4nder det.<\/p>\n\n\t\t\t\t\t<\/div>\n\t\t\t\t\t\t\t<\/div>\n\n\t\t\t\t\t<\/div>\n\n\t\t <div class=\"ams-fifty__media u-ratio-square\">\n\t\t \t\t\t\t\t<img decoding=\"async\" width=\"600\" height=\"400\" src=\"https:\/\/vittra.se\/wp-content\/uploads\/sites\/14\/2023\/09\/vittrahalmstadfotoforskola4ret.jpg\" class=\"attachment-md size-md\" alt=\"En pedagog sitter med en ung elev i kn\u00e4t och l\u00e4ser en bok\" sizes=\"(min-width: 64em) 600px, calc(100vw - 160px)\" srcset=\"https:\/\/vittra.se\/wp-content\/uploads\/sites\/14\/2023\/09\/vittrahalmstadfotoforskola4ret.jpg 1980w, https:\/\/vittra.se\/wp-content\/uploads\/sites\/14\/2023\/09\/vittrahalmstadfotoforskola4ret-300x200.jpg 300w, https:\/\/vittra.se\/wp-content\/uploads\/sites\/14\/2023\/09\/vittrahalmstadfotoforskola4ret-1024x683.jpg 1024w, https:\/\/vittra.se\/wp-content\/uploads\/sites\/14\/2023\/09\/vittrahalmstadfotoforskola4ret-768x512.jpg 768w, https:\/\/vittra.se\/wp-content\/uploads\/sites\/14\/2023\/09\/vittrahalmstadfotoforskola4ret-1536x1024.jpg 1536w, https:\/\/vittra.se\/wp-content\/uploads\/sites\/14\/2023\/09\/vittrahalmstadfotoforskola4ret-1920x1280.jpg 1920w, https:\/\/vittra.se\/wp-content\/uploads\/sites\/14\/2023\/09\/vittrahalmstadfotoforskola4ret-500x333.jpg 500w, https:\/\/vittra.se\/wp-content\/uploads\/sites\/14\/2023\/09\/vittrahalmstadfotoforskola4ret-340x227.jpg 340w, https:\/\/vittra.se\/wp-content\/uploads\/sites\/14\/2023\/09\/vittrahalmstadfotoforskola4ret-1100x733.jpg 1100w, https:\/\/vittra.se\/wp-content\/uploads\/sites\/14\/2023\/09\/vittrahalmstadfotoforskola4ret-1000x667.jpg 1000w\" \/>\n\t\t\t\n\t\t\t\n\t\t\t\t\t<\/div>\n\t<\/div>\n\n\t\t\n\n<\/section>\n\n\n\n\t\n\t\n\t\n\n\t\n\t\n\t\t\n<section  class=\"c-block l-stacked  \" data-color-scheme=\"\">\n\t<div class=\"ams-fifty ams-fifty--container ams-fifty--left ams-fifty--bottom l-container u-pt-fluid-md-xl u-pb-fluid-2xl-4xl\">\n\t\t<div class=\"ams-fifty__content l-stack l-stack-xl is-left is-left@lg\">\n\t\t\t<div class=\"ams-fifty__text l-stack l-stack-lg\">\n\t\t\t\t\t\n\t<h2\n\tclass=\"c-heading u-font-title-1 \"\n\tstyle=\"\">\n\t\t\n\t\t\t\t\tDet h\u00e4r \u00e4r bra att ha med\n\t\t\t\t\n\t<\/h2>\n\n\t\t\t\t\t\t\t\t\t<div class=\"text l-stack u-font-body\">\n\t\t\t\t\t\t<p data-start=\"1030\" data-end=\"1088\">F\u00f6r att dagarna ska fungera smidigt \u00e4r det bra att ta med:<\/p>\n<ul>\n<li data-start=\"1092\" data-end=\"1112\">Bl\u00f6jor (vid behov).<\/li>\n<li data-start=\"1092\" data-end=\"1112\">Extrakl\u00e4der, till exempel regnkl\u00e4der och gummist\u00f6vlar.<\/li>\n<li data-start=\"1173\" data-end=\"1231\">Ett ombyte (strumpor, underkl\u00e4der, \u00f6verdel och underdel).<\/li>\n<li>Vagn om ditt barn sover ute under dagen.<\/li>\n<li data-start=\"1276\" data-end=\"1326\">\n<p data-start=\"1278\" data-end=\"1326\">Snuttefilt och napp, om ditt barn anv\u00e4nder det.<\/p>\n<\/li>\n<\/ul>\n<p data-start=\"1328\" data-end=\"1512\" data-is-last-node=\"\" data-is-only-node=\"\">Har du fr\u00e5gor om hur inskolningen g\u00e5r till \u00e4r du alltid varmt v\u00e4lkommen att kontakta oss. Vi ber\u00e4ttar g\u00e4rna mer om hur vi skapar en trygg, nyfiken och omsorgsfull start i f\u00f6rskolan.<\/p>\n\n\t\t\t\t\t<\/div>\n\t\t\t\t\t\t\t<\/div>\n\n\t\t\t\t<div class=\"ams-fifty__action u-inline-items\">\n\t\t\t\t\t\t\t\n\n\n<a href=\"https:\/\/vittra.se\/lambohov\/kontakt\/\"\n\t\n\tclass=\"c-btn \"\n\tdata-style=\"round\"\n\tdata-size=\"md\"\n\tdata-width=\"full-mobile\"\n\tdata-variant=\"default\"\n\ttarget=\"_self\">\n\t\t\t<span class=\"label\"> Kontakta oss<\/span>\n\t\t\t<\/a>\n\t\t\t<\/div>\n\t\t<\/div>\n\n\t\t <div class=\"ams-fifty__media u-ratio-landscape\">\n\t\t \t\t\t\t\t<img decoding=\"async\" width=\"600\" height=\"450\" src=\"https:\/\/vittra.se\/wp-content\/uploads\/sites\/14\/2023\/10\/vittra-forskola-lambohov-4-scaled.jpg\" class=\"attachment-md size-md\" alt=\"Vittra Lambohovs f\u00f6rskolelokaler\" sizes=\"(min-width: 64em) 600px, calc(100vw - 160px)\" srcset=\"https:\/\/vittra.se\/wp-content\/uploads\/sites\/14\/2023\/10\/vittra-forskola-lambohov-4-scaled.jpg 2560w, https:\/\/vittra.se\/wp-content\/uploads\/sites\/14\/2023\/10\/vittra-forskola-lambohov-4-300x225.jpg 300w, https:\/\/vittra.se\/wp-content\/uploads\/sites\/14\/2023\/10\/vittra-forskola-lambohov-4-1024x768.jpg 1024w, https:\/\/vittra.se\/wp-content\/uploads\/sites\/14\/2023\/10\/vittra-forskola-lambohov-4-768x576.jpg 768w, https:\/\/vittra.se\/wp-content\/uploads\/sites\/14\/2023\/10\/vittra-forskola-lambohov-4-1536x1152.jpg 1536w, https:\/\/vittra.se\/wp-content\/uploads\/sites\/14\/2023\/10\/vittra-forskola-lambohov-4-2048x1536.jpg 2048w, https:\/\/vittra.se\/wp-content\/uploads\/sites\/14\/2023\/10\/vittra-forskola-lambohov-4-1920x1440.jpg 1920w, https:\/\/vittra.se\/wp-content\/uploads\/sites\/14\/2023\/10\/vittra-forskola-lambohov-4-500x375.jpg 500w, https:\/\/vittra.se\/wp-content\/uploads\/sites\/14\/2023\/10\/vittra-forskola-lambohov-4-305x229.jpg 305w, https:\/\/vittra.se\/wp-content\/uploads\/sites\/14\/2023\/10\/vittra-forskola-lambohov-4-340x255.jpg 340w, https:\/\/vittra.se\/wp-content\/uploads\/sites\/14\/2023\/10\/vittra-forskola-lambohov-4-1100x825.jpg 1100w, https:\/\/vittra.se\/wp-content\/uploads\/sites\/14\/2023\/10\/vittra-forskola-lambohov-4-893x670.jpg 893w\" \/>\n\t\t\t\n\t\t\t\n\t\t\t\t\t<\/div>\n\t<\/div>\n\n\t\t\n\n<\/section>\n\n\n\n\n<section  class=\"ams-cta ams-cta--stacked c-block l-stacked\" data-color-scheme=\"primar2\">\n\t<div class=\"l-container l-stack l-stack-fluid-2xl u-pt-fluid-2xl-4xl u-pb-fluid-2xl-4xl is-center is-center@md\">\n\t\t\t\t\t<div class=\"ams-cta__intro l-stack l-stack-lg\">\n\t\t\t\t\t\n\t<h2\n\tclass=\"c-heading u-font-title-1 \"\n\tstyle=\"\">\n\t\t\n\t\t\t\t\tTillbaka till f\u00f6rskolesidan\n\t\t\t\t\n\t<\/h2>\n\n\t\t\t\t\t\t\t<\/div>\n\t\t\n\t\t\n\t\t\t<div class=\"ams-cta__action u-inline-items\">\n\t\t\t\t\t\t\t\n\n\n<a href=\"https:\/\/vittra.se\/lambohov\/om\/forskola\/\"\n\t\n\tclass=\"c-btn \"\n\tdata-style=\"round\"\n\tdata-size=\"md\"\n\tdata-width=\"full-mobile\"\n\tdata-variant=\"default\"\n\ttarget=\"_self\">\n\t\t\t<span class=\"label\"> Om v\u00e5r f\u00f6rskola<\/span>\n\t\t\t<\/a>\n\t\t\t<\/div>\n\t<\/div>\n\n\t\t\n\n<\/section>\n","protected":false},"excerpt":{"rendered":"","protected":false},"author":103,"featured_media":0,"parent":0,"menu_order":0,"comment_status":"closed","ping_status":"closed","template":"","meta":{"footnotes":""},"yoast_head":"<!-- This site is optimized with the Yoast SEO plugin v22.0 - https:\/\/yoast.com\/wordpress\/plugins\/seo\/ -->\n<title>S\u00e5 fungerar inskolningen p\u00e5 v\u00e5r f\u00f6rskola | Vittra Lambohov<\/title>\n<meta name=\"description\" content=\"Hur g\u00e5r inskolningen till p\u00e5 Vittra Lambohov i Link\u00f6ping? L\u00e4s om v\u00e5r trygga och individuellt anpassade start i f\u00f6rskolan.\" \/>\n<meta name=\"robots\" content=\"index, follow, max-snippet:-1, max-image-preview:large, max-video-preview:-1\" \/>\n<link rel=\"canonical\" href=\"https:\/\/vittra.se\/lambohov\/inskolning-pa-forskolan\/\" \/>\n<meta property=\"og:locale\" content=\"sv_SE\" \/>\n<meta property=\"og:type\" content=\"article\" \/>\n<meta property=\"og:title\" content=\"S\u00e5 fungerar inskolningen p\u00e5 v\u00e5r f\u00f6rskola | Vittra Lambohov\" \/>\n<meta property=\"og:description\" content=\"Hur g\u00e5r inskolningen till p\u00e5 Vittra Lambohov i Link\u00f6ping? L\u00e4s om v\u00e5r trygga och individuellt anpassade start i f\u00f6rskolan.\" \/>\n<meta property=\"og:url\" content=\"https:\/\/vittra.se\/lambohov\/inskolning-pa-forskolan\/\" \/>\n<meta property=\"og:site_name\" content=\"Lambohov\" \/>\n<meta property=\"article:modified_time\" content=\"2026-04-08T12:50:21+00:00\" \/>\n<meta name=\"twitter:card\" content=\"summary_large_image\" \/>\n<meta name=\"twitter:title\" content=\"S\u00e5 fungerar inskolningen p\u00e5 v\u00e5r f\u00f6rskola | Vittra Lambohov\" \/>\n<meta name=\"twitter:description\" content=\"Hur g\u00e5r inskolningen till p\u00e5 Vittra Lambohov i Link\u00f6ping? L\u00e4s om v\u00e5r trygga och individuellt anpassade start i f\u00f6rskolan.\" \/>\n<script type=\"application\/ld+json\" class=\"yoast-schema-graph\">{\"@context\":\"https:\/\/schema.org\",\"@graph\":[{\"@type\":\"WebPage\",\"@id\":\"https:\/\/vittra.se\/lambohov\/inskolning-pa-forskolan\/\",\"url\":\"https:\/\/vittra.se\/lambohov\/inskolning-pa-forskolan\/\",\"name\":\"S\u00e5 fungerar inskolningen p\u00e5 v\u00e5r f\u00f6rskola | Vittra Lambohov\",\"isPartOf\":{\"@id\":\"https:\/\/vittra.se\/lambohov\/#website\"},\"datePublished\":\"2026-03-16T12:35:24+00:00\",\"dateModified\":\"2026-04-08T12:50:21+00:00\",\"description\":\"Hur g\u00e5r inskolningen till p\u00e5 Vittra Lambohov i Link\u00f6ping? L\u00e4s om v\u00e5r trygga och individuellt anpassade start i f\u00f6rskolan.\",\"breadcrumb\":{\"@id\":\"https:\/\/vittra.se\/lambohov\/inskolning-pa-forskolan\/#breadcrumb\"},\"inLanguage\":\"sv-SE\",\"potentialAction\":[{\"@type\":\"ReadAction\",\"target\":[\"https:\/\/vittra.se\/lambohov\/inskolning-pa-forskolan\/\"]}]},{\"@type\":\"BreadcrumbList\",\"@id\":\"https:\/\/vittra.se\/lambohov\/inskolning-pa-forskolan\/#breadcrumb\",\"itemListElement\":[{\"@type\":\"ListItem\",\"position\":1,\"name\":\"Start\",\"item\":\"https:\/\/vittra.se\/lambohov\/\"},{\"@type\":\"ListItem\",\"position\":2,\"name\":\"Inskolning p\u00e5 f\u00f6rskolan\"}]},{\"@type\":\"WebSite\",\"@id\":\"https:\/\/vittra.se\/lambohov\/#website\",\"url\":\"https:\/\/vittra.se\/lambohov\/\",\"name\":\"Lambohov\",\"description\":\"Kunskap att f\u00f6r\u00e4ndra. Mod att p\u00e5verka.\",\"potentialAction\":[{\"@type\":\"SearchAction\",\"target\":{\"@type\":\"EntryPoint\",\"urlTemplate\":\"https:\/\/vittra.se\/lambohov\/?s={search_term_string}\"},\"query-input\":\"required name=search_term_string\"}],\"inLanguage\":\"sv-SE\"}]}<\/script>\n<!-- \/ Yoast SEO plugin. -->","yoast_head_json":{"title":"S\u00e5 fungerar inskolningen p\u00e5 v\u00e5r f\u00f6rskola | Vittra Lambohov","description":"Hur g\u00e5r inskolningen till p\u00e5 Vittra Lambohov i Link\u00f6ping? L\u00e4s om v\u00e5r trygga och individuellt anpassade start i f\u00f6rskolan.","robots":{"index":"index","follow":"follow","max-snippet":"max-snippet:-1","max-image-preview":"max-image-preview:large","max-video-preview":"max-video-preview:-1"},"canonical":"https:\/\/vittra.se\/lambohov\/inskolning-pa-forskolan\/","og_locale":"sv_SE","og_type":"article","og_title":"S\u00e5 fungerar inskolningen p\u00e5 v\u00e5r f\u00f6rskola | Vittra Lambohov","og_description":"Hur g\u00e5r inskolningen till p\u00e5 Vittra Lambohov i Link\u00f6ping? L\u00e4s om v\u00e5r trygga och individuellt anpassade start i f\u00f6rskolan.","og_url":"https:\/\/vittra.se\/lambohov\/inskolning-pa-forskolan\/","og_site_name":"Lambohov","article_modified_time":"2026-04-08T12:50:21+00:00","twitter_card":"summary_large_image","twitter_title":"S\u00e5 fungerar inskolningen p\u00e5 v\u00e5r f\u00f6rskola | Vittra Lambohov","twitter_description":"Hur g\u00e5r inskolningen till p\u00e5 Vittra Lambohov i Link\u00f6ping? L\u00e4s om v\u00e5r trygga och individuellt anpassade start i f\u00f6rskolan.","schema":{"@context":"https:\/\/schema.org","@graph":[{"@type":"WebPage","@id":"https:\/\/vittra.se\/lambohov\/inskolning-pa-forskolan\/","url":"https:\/\/vittra.se\/lambohov\/inskolning-pa-forskolan\/","name":"S\u00e5 fungerar inskolningen p\u00e5 v\u00e5r f\u00f6rskola | Vittra Lambohov","isPartOf":{"@id":"https:\/\/vittra.se\/lambohov\/#website"},"datePublished":"2026-03-16T12:35:24+00:00","dateModified":"2026-04-08T12:50:21+00:00","description":"Hur g\u00e5r inskolningen till p\u00e5 Vittra Lambohov i Link\u00f6ping? L\u00e4s om v\u00e5r trygga och individuellt anpassade start i f\u00f6rskolan.","breadcrumb":{"@id":"https:\/\/vittra.se\/lambohov\/inskolning-pa-forskolan\/#breadcrumb"},"inLanguage":"sv-SE","potentialAction":[{"@type":"ReadAction","target":["https:\/\/vittra.se\/lambohov\/inskolning-pa-forskolan\/"]}]},{"@type":"BreadcrumbList","@id":"https:\/\/vittra.se\/lambohov\/inskolning-pa-forskolan\/#breadcrumb","itemListElement":[{"@type":"ListItem","position":1,"name":"Start","item":"https:\/\/vittra.se\/lambohov\/"},{"@type":"ListItem","position":2,"name":"Inskolning p\u00e5 f\u00f6rskolan"}]},{"@type":"WebSite","@id":"https:\/\/vittra.se\/lambohov\/#website","url":"https:\/\/vittra.se\/lambohov\/","name":"Lambohov","description":"Kunskap att f\u00f6r\u00e4ndra. Mod att p\u00e5verka.","potentialAction":[{"@type":"SearchAction","target":{"@type":"EntryPoint","urlTemplate":"https:\/\/vittra.se\/lambohov\/?s={search_term_string}"},"query-input":"required name=search_term_string"}],"inLanguage":"sv-SE"}]}},"_links":{"self":[{"href":"https:\/\/vittra.se\/lambohov\/wp-json\/wp\/v2\/pages\/1603"}],"collection":[{"href":"https:\/\/vittra.se\/lambohov\/wp-json\/wp\/v2\/pages"}],"about":[{"href":"https:\/\/vittra.se\/lambohov\/wp-json\/wp\/v2\/types\/page"}],"author":[{"embeddable":true,"href":"https:\/\/vittra.se\/lambohov\/wp-json\/wp\/v2\/users\/103"}],"replies":[{"embeddable":true,"href":"https:\/\/vittra.se\/lambohov\/wp-json\/wp\/v2\/comments?post=1603"}],"version-history":[{"count":9,"href":"https:\/\/vittra.se\/lambohov\/wp-json\/wp\/v2\/pages\/1603\/revisions"}],"predecessor-version":[{"id":1632,"href":"https:\/\/vittra.se\/lambohov\/wp-json\/wp\/v2\/pages\/1603\/revisions\/1632"}],"wp:attachment":[{"href":"https:\/\/vittra.se\/lambohov\/wp-json\/wp\/v2\/media?parent=1603"}],"curies":[{"name":"wp","href":"https:\/\/api.w.org\/{rel}","templated":true}]}}