{"id":23,"date":"2020-09-01T22:06:54","date_gmt":"2020-09-01T20:06:54","guid":{"rendered":"https:\/\/vittra.se\/kopieringsunderlag\/?page_id=23"},"modified":"2026-03-12T10:51:09","modified_gmt":"2026-03-12T09:51:09","slug":"forskola","status":"publish","type":"page","link":"https:\/\/vittra.se\/kungshagen\/om\/forskola\/","title":{"rendered":"F\u00f6rskola"},"content":{"rendered":"\n\t\n\t\n\t\n\n\t\n\t\n\t\t\n<section  class=\"c-block l-stacked  \" data-color-scheme=\"transparent\">\n\t<div class=\"ams-fifty ams-fifty--container ams-fifty--right ams-fifty--bottom l-container u-pt-fluid-2xl-4xl u-pb-fluid-md-xl\">\n\t\t<div class=\"ams-fifty__content l-stack l-stack-xl is-left is-left@lg\">\n\t\t\t<div class=\"ams-fifty__text l-stack l-stack-lg\">\n\t\t\t\t\t\n\t<h1\n\tclass=\"c-heading u-font-title-1 \"\n\tstyle=\"\">\n\t\t\n\t\t\t\t\tVittra Kungshagens f\u00f6rskola i Nyk\u00f6ping\n\t\t\t\t\n\t<\/h1>\n\n\t\t\t\t\t\t\t\t\t<div class=\"text l-stack u-font-body\">\n\t\t\t\t\t\t<p>Vittra Kungshagens f\u00f6rskola i Nyk\u00f6ping \u00e4r indelad i tre avdelningar med tv\u00e5 grupper vardera. Avdelningarna \u00e4r indelade efter barnets \u00e5ldrar s\u00e5 att vi kan anpassa utbildningen efter barnens behov av utveckling.<\/p>\n<p>Vi har Vittrasamling varje dag d\u00e4r vi g\u00e5r igenom dagsplanering med hj\u00e4lp av bildst\u00f6d och introduktion inf\u00f6r kommande arbetspass. Alla barn vistas utomhus en eller flera g\u00e5nger om dagen.<\/p>\n<p>Varje dag har barnen planerad undervisning som vi kallar f\u00f6r arbetspass. En del av v\u00e5ra arbetspass best\u00e5r av undervisning i &#8221;f\u00f6re bornholmsmodellen&#8221;.\u00a0Detta \u00e4r ett vetenskapligt\u00a0framtaget material f\u00f6r att kunna ge alla barn det st\u00f6d de beh\u00f6ver i sin spr\u00e5kutveckling.<\/p>\n\n\t\t\t\t\t<\/div>\n\t\t\t\t\t\t\t<\/div>\n\n\t\t\t\t\t<\/div>\n\n\t\t <div class=\"ams-fifty__media u-ratio-square\">\n\t\t \t\t\t\t\t<img decoding=\"async\" width=\"600\" height=\"400\" src=\"https:\/\/vittra.se\/wp-content\/uploads\/sites\/13\/2025\/11\/vittraadolfsberg202404forskola4-600x400.jpg\" class=\"attachment-md size-md\" alt=\"Barn och pedagog som l\u00e4ser.\" sizes=\"(min-width: 64em) 600px, calc(100vw - 160px)\" srcset=\"https:\/\/vittra.se\/wp-content\/uploads\/sites\/13\/2025\/11\/vittraadolfsberg202404forskola4-600x400.jpg 600w, https:\/\/vittra.se\/wp-content\/uploads\/sites\/13\/2025\/11\/vittraadolfsberg202404forskola4-300x200.jpg 300w, https:\/\/vittra.se\/wp-content\/uploads\/sites\/13\/2025\/11\/vittraadolfsberg202404forskola4-400x267.jpg 400w, https:\/\/vittra.se\/wp-content\/uploads\/sites\/13\/2025\/11\/vittraadolfsberg202404forskola4-800x533.jpg 800w, https:\/\/vittra.se\/wp-content\/uploads\/sites\/13\/2025\/11\/vittraadolfsberg202404forskola4-1024x682.jpg 1024w, https:\/\/vittra.se\/wp-content\/uploads\/sites\/13\/2025\/11\/vittraadolfsberg202404forskola4-1200x800.jpg 1200w, https:\/\/vittra.se\/wp-content\/uploads\/sites\/13\/2025\/11\/vittraadolfsberg202404forskola4.jpg 2000w\" \/>\n\t\t\t\n\t\t\t\n\t\t\t\t\t<\/div>\n\t<\/div>\n\n\t\t\n\n<\/section>\n\n\n\n\t\n\t\n\t\n\n\t\n\t\n\t\t\n<section  class=\"c-block l-stacked  \" data-color-scheme=\"primar2\">\n\t<div class=\"ams-fifty ams-fifty--container ams-fifty--right ams-fifty--bottom l-container u-pt-fluid-2xl-4xl u-pb-fluid-2xl-4xl\">\n\t\t<div class=\"ams-fifty__content l-stack l-stack-xl is-left is-left@lg\">\n\t\t\t<div class=\"ams-fifty__text l-stack l-stack-lg\">\n\t\t\t\t\t\n\t<h1\n\tclass=\"c-heading u-font-title-1 \"\n\tstyle=\"\">\n\t\t\n\t\t\t\t\t\t\t\t\tEn vanlig dag \n\t\t\t\t<span class=\"c-heading__sub is-below u-font-title-3\">\n\t\t\t\t\tp\u00e5 Vittra Kungshagens f\u00f6rskola\n\t\t\t\t<\/span>\n\t\t\t\t\t\t\t\n\t<\/h1>\n\n\t\t\t\t\t\t\t\t\t<div class=\"text l-stack u-font-body\">\n\t\t\t\t\t\t<p><strong>Gemensam frukost p\u00e5b\u00f6rjar dagen<br \/>\n<\/strong>F\u00f6r morgontidiga barn b\u00f6rjar dagen med frukost p\u00e5 v\u00e5rt gemensamma torg. D\u00e4r m\u00f6ts barn och pedagoger fr\u00e5n samtliga avdelningar f\u00f6r en god frukost innan alla g\u00e5r till sina avdelningar. Kl 9 startar v\u00e5ra Vittrasamlingar. Barnen f\u00e5r d\u00e5 veta vad som kommer att ske under dagen, vilka kompisar som \u00e4r p\u00e5 plats, \u00e4ta frukt och ha en liten pratstund tillsammans. Under samlingen \u00f6vas turtagande, samarbete och ansvar p\u00e5 olika s\u00e4tt.<\/p>\n<p><strong>Arbetspass skapar struktur i undervisningen<br \/>\n<\/strong>D\u00e4refter \u00e4r det dags f\u00f6r arbetspass i helgrupp, i mindre grupper eller enskilt beroende p\u00e5 arbetspassets inneh\u00e5ll. Ett arbetspass kan t.ex vara att leka en regellek p\u00e5 v\u00e5r g\u00e5rd tillsammans om man \u00e4r ute, att sortera efter f\u00e4rg och form eller att skapa n\u00e5got. N\u00e4r arbetspasset \u00e4r avslutat leker barnen eller s\u00e5 v\u00e4ljer de att forts\u00e4tta med aktiviteten fr\u00e5n arbetspasset.<\/p>\n<p><strong>Paus f\u00f6r \u00e5terh\u00e4mtning<br \/>\n<\/strong>Innan det \u00e4r dags f\u00f6r lunch hj\u00e4lps barn och pedagoger \u00e5t att plocka undan och \u00e5terst\u00e4lla l\u00e4rmilj\u00f6erna, sedan \u00e4r det samling med h\u00f6gl\u00e4sning, s\u00e5ng eller rim och ramsor. Det blir en sk\u00f6n paus och m\u00f6jlighet f\u00f6r vila och \u00e5terh\u00e4mtning efter halva dagen.<\/p>\n<p><strong>Dagen sammanfattas<br \/>\n<\/strong>Efter lunchen g\u00e5r vi ut och leker p\u00e5 v\u00e5r g\u00e5rd tills det \u00e4r dags f\u00f6r mellanm\u00e5l kl 14.00. Eftermiddagen fylls sedan med lek och samvaro inne och ute. Dagen avslutas tillsammans med de andra avdelningarna d\u00e5 vi \u00e5ter m\u00f6ts. Vid hemg\u00e5ng f\u00e5r barnen med st\u00f6d av oss pedagoger och foton i v\u00e5r hall ber\u00e4tta om sin dag innan vi s\u00e4ger hejd\u00e5 till varandra.<\/p>\n<p>&nbsp;<\/p>\n\n\t\t\t\t\t<\/div>\n\t\t\t\t\t\t\t<\/div>\n\n\t\t\t\t\t<\/div>\n\n\t\t <div class=\"ams-fifty__media u-ratio-square\">\n\t\t \t\t\t\t\t<img decoding=\"async\" width=\"600\" height=\"390\" src=\"https:\/\/vittra.se\/wp-content\/uploads\/sites\/13\/2025\/12\/skolan-foto-600x390.jpg\" class=\"attachment-md size-md\" alt=\"Kungshagens byggnad\" sizes=\"(min-width: 64em) 600px, calc(100vw - 160px)\" srcset=\"https:\/\/vittra.se\/wp-content\/uploads\/sites\/13\/2025\/12\/skolan-foto-600x390.jpg 600w, https:\/\/vittra.se\/wp-content\/uploads\/sites\/13\/2025\/12\/skolan-foto-300x195.jpg 300w, https:\/\/vittra.se\/wp-content\/uploads\/sites\/13\/2025\/12\/skolan-foto-400x260.jpg 400w, https:\/\/vittra.se\/wp-content\/uploads\/sites\/13\/2025\/12\/skolan-foto-800x521.jpg 800w, https:\/\/vittra.se\/wp-content\/uploads\/sites\/13\/2025\/12\/skolan-foto-1024x666.jpg 1024w, https:\/\/vittra.se\/wp-content\/uploads\/sites\/13\/2025\/12\/skolan-foto-1200x781.jpg 1200w\" \/>\n\t\t\t\n\t\t\t\n\t\t\t\t\t<\/div>\n\t<\/div>\n\n\t\t\n\n<\/section>\n\n\n\n<h2 class=\"wp-block-heading has-text-align-center\">Barnens h\u00f6jdpunkter<\/h2>\n\n\n\n<div class=\"wp-block-columns is-layout-flex wp-container-core-columns-layout-1 wp-block-columns-is-layout-flex\">\n<div class=\"wp-block-column is-layout-constrained wp-block-column-is-layout-constrained\">\n<h3 class=\"wp-block-heading has-text-align-center\">Olika barn, olika h\u00f6jdpunkter<\/h3>\n\n\n\n<p class=\"is-style-container\">Vad som \u00e4r h\u00f6jdpunkten f\u00f6r barnen under en vanlig dag \u00e4r sj\u00e4lvklart individuellt. N\u00e5gon uppskattar att f\u00e5 vara \u201dVeckans kompis\u201d och ta ansvar f\u00f6r att duka, st\u00e4lla fram gr\u00f6nsaksbuff\u00e9n och presentera dagen. En annan tycker att utflykterna till lekparkerna i v\u00e5rt n\u00e4romr\u00e5de \u00e4r det b\u00e4sta. En tredje kan uppskatta arbetspassen i v\u00e5ra projekt d\u00e5 det kan komma sp\u00e4nnande uppdrag som ska l\u00f6sas.<\/p>\n<\/div>\n\n\n\n<div class=\"wp-block-column is-layout-flow wp-block-column-is-layout-flow\">\n<h3 class=\"wp-block-heading has-text-align-center\">Delaktighet i vardagen<\/h3>\n\n\n\n<p class=\"is-style-container\">Eftersom vi regelbundet veckoreflekterar kring v\u00e5ra planerade och spontana aktiviteter tillsammans med barnen f\u00e5r vi \u00e5terkoppling vad de vill g\u00f6ra mer av och vad de tycker \u00e4r intressant och roligt. Barnens \u00f6nskningar, v\u00e5ra observationer av deras lekar och samtal samt l\u00e4roplanen \u00e4r stommen i v\u00e5ra projekt. P\u00e5 detta vis hoppas vi skapa en meningsfull f\u00f6rskolevardag f\u00f6r v\u00e5ra barn i verksamheten.<\/p>\n<\/div>\n<\/div>\n\n\n\n\n<section  class=\"ams-cta ams-cta--stacked c-block l-stacked\" data-color-scheme=\"primar2\">\n\t<div class=\"l-container l-stack l-stack-fluid-2xl u-pt-fluid-3xl-6xl u-pb-fluid-3xl-6xl is-center is-center@md\">\n\t\t\t\t\t<div class=\"ams-cta__intro l-stack l-stack-lg\">\n\t\t\t\t\t\n\t<h2\n\tclass=\"c-heading u-font-title-1 \"\n\tstyle=\"\">\n\t\t\n\t\t\t\t\tVill du l\u00e4sa mer om hur vi jobbar?\n\t\t\t\t\n\t<\/h2>\n\n\t\t\t\t\t\t\t<\/div>\n\t\t\n\t\t\n\t\t\t<div class=\"ams-cta__action u-inline-items\">\n\t\t\t\t\t\t\t\n\n\n<a href=\"https:\/\/vittra.se\/kungshagen\/om\/\"\n\t\n\tclass=\"c-btn \"\n\tdata-style=\"round\"\n\tdata-size=\"md\"\n\tdata-width=\"full-mobile\"\n\tdata-variant=\"default\"\n\ttarget=\"_self\">\n\t\t\t<span class=\"label\"> L\u00e4s mer om oss och v\u00e5r pedagogik<\/span>\n\t\t\t<\/a>\n\t\t\t<\/div>\n\t<\/div>\n\n\t\t\n\n<\/section>\n","protected":false},"excerpt":{"rendered":"<p>Barnens h\u00f6jdpunkter Olika barn, olika h\u00f6jdpunkter Vad som \u00e4r h\u00f6jdpunkten f\u00f6r barnen under en vanlig dag \u00e4r sj\u00e4lvklart individuellt. N\u00e5gon uppskattar att f\u00e5 vara \u201dVeckans kompis\u201d och ta ansvar f\u00f6r att duka, st\u00e4lla fram gr\u00f6nsaksbuff\u00e9n och presentera dagen. En annan tycker att utflykterna till lekparkerna i v\u00e5rt n\u00e4romr\u00e5de \u00e4r det b\u00e4sta. En tredje kan uppskatta&#8230;<\/p>\n","protected":false},"author":1,"featured_media":0,"parent":20,"menu_order":0,"comment_status":"closed","ping_status":"closed","template":"","meta":{"footnotes":""},"yoast_head":"<!-- This site is optimized with the Yoast SEO plugin v22.0 - https:\/\/yoast.com\/wordpress\/plugins\/seo\/ -->\n<title>Vittra Kungshagen | F\u00f6rskola i Nyk\u00f6ping<\/title>\n<meta name=\"description\" content=\"Vittra Kungshagen \u00e4r en f\u00f6rskola i Nyk\u00f6ping. Vi har en samh\u00e4llsf\u00f6rankrad pedagogik som ger trygga och modiga individer med f\u00f6rm\u00e5ga att samarbeta.\" \/>\n<meta name=\"robots\" content=\"index, follow, max-snippet:-1, max-image-preview:large, max-video-preview:-1\" \/>\n<link rel=\"canonical\" href=\"https:\/\/vittra.se\/kungshagen\/om\/forskola\/\" \/>\n<meta property=\"og:locale\" content=\"sv_SE\" \/>\n<meta property=\"og:type\" content=\"article\" \/>\n<meta property=\"og:title\" content=\"Vittra Kungshagen | F\u00f6rskola i Nyk\u00f6ping\" \/>\n<meta property=\"og:description\" content=\"Vittra Kungshagen \u00e4r en f\u00f6rskola i Nyk\u00f6ping. Vi har en samh\u00e4llsf\u00f6rankrad pedagogik som ger trygga och modiga individer med f\u00f6rm\u00e5ga att samarbeta.\" \/>\n<meta property=\"og:url\" content=\"https:\/\/vittra.se\/kungshagen\/om\/forskola\/\" \/>\n<meta property=\"og:site_name\" content=\"Kungshagen\" \/>\n<meta property=\"article:modified_time\" content=\"2026-03-12T09:51:09+00:00\" \/>\n<meta name=\"twitter:card\" content=\"summary_large_image\" \/>\n<meta name=\"twitter:title\" content=\"Vittra Kungshagen | F\u00f6rskola i Nyk\u00f6ping\" \/>\n<meta name=\"twitter:description\" content=\"Vittra Kungshagen \u00e4r en f\u00f6rskola i Nyk\u00f6ping. Vi har en samh\u00e4llsf\u00f6rankrad pedagogik som ger trygga och modiga individer med f\u00f6rm\u00e5ga att samarbeta.\" \/>\n<meta name=\"twitter:label1\" content=\"Ber\u00e4knad l\u00e4stid\" \/>\n\t<meta name=\"twitter:data1\" content=\"1 minut\" \/>\n<script type=\"application\/ld+json\" class=\"yoast-schema-graph\">{\"@context\":\"https:\/\/schema.org\",\"@graph\":[{\"@type\":\"WebPage\",\"@id\":\"https:\/\/vittra.se\/kungshagen\/om\/forskola\/\",\"url\":\"https:\/\/vittra.se\/kungshagen\/om\/forskola\/\",\"name\":\"Vittra Kungshagen | F\u00f6rskola i Nyk\u00f6ping\",\"isPartOf\":{\"@id\":\"https:\/\/vittra.se\/kungshagen\/#website\"},\"datePublished\":\"2020-09-01T20:06:54+00:00\",\"dateModified\":\"2026-03-12T09:51:09+00:00\",\"description\":\"Vittra Kungshagen \u00e4r en f\u00f6rskola i Nyk\u00f6ping. Vi har en samh\u00e4llsf\u00f6rankrad pedagogik som ger trygga och modiga individer med f\u00f6rm\u00e5ga att samarbeta.\",\"breadcrumb\":{\"@id\":\"https:\/\/vittra.se\/kungshagen\/om\/forskola\/#breadcrumb\"},\"inLanguage\":\"sv-SE\",\"potentialAction\":[{\"@type\":\"ReadAction\",\"target\":[\"https:\/\/vittra.se\/kungshagen\/om\/forskola\/\"]}]},{\"@type\":\"BreadcrumbList\",\"@id\":\"https:\/\/vittra.se\/kungshagen\/om\/forskola\/#breadcrumb\",\"itemListElement\":[{\"@type\":\"ListItem\",\"position\":1,\"name\":\"Start\",\"item\":\"https:\/\/vittra.se\/kungshagen\/\"},{\"@type\":\"ListItem\",\"position\":2,\"name\":\"Om skolan\",\"item\":\"https:\/\/vittra.se\/kungshagen\/om\/\"},{\"@type\":\"ListItem\",\"position\":3,\"name\":\"F\u00f6rskola\"}]},{\"@type\":\"WebSite\",\"@id\":\"https:\/\/vittra.se\/kungshagen\/#website\",\"url\":\"https:\/\/vittra.se\/kungshagen\/\",\"name\":\"Kungshagen\",\"description\":\"Kunskap att f\u00f6r\u00e4ndra. Mod att p\u00e5verka.\",\"potentialAction\":[{\"@type\":\"SearchAction\",\"target\":{\"@type\":\"EntryPoint\",\"urlTemplate\":\"https:\/\/vittra.se\/kungshagen\/?s={search_term_string}\"},\"query-input\":\"required name=search_term_string\"}],\"inLanguage\":\"sv-SE\"}]}<\/script>\n<!-- \/ Yoast SEO plugin. -->","yoast_head_json":{"title":"Vittra Kungshagen | F\u00f6rskola i Nyk\u00f6ping","description":"Vittra Kungshagen \u00e4r en f\u00f6rskola i Nyk\u00f6ping. Vi har en samh\u00e4llsf\u00f6rankrad pedagogik som ger trygga och modiga individer med f\u00f6rm\u00e5ga att samarbeta.","robots":{"index":"index","follow":"follow","max-snippet":"max-snippet:-1","max-image-preview":"max-image-preview:large","max-video-preview":"max-video-preview:-1"},"canonical":"https:\/\/vittra.se\/kungshagen\/om\/forskola\/","og_locale":"sv_SE","og_type":"article","og_title":"Vittra Kungshagen | F\u00f6rskola i Nyk\u00f6ping","og_description":"Vittra Kungshagen \u00e4r en f\u00f6rskola i Nyk\u00f6ping. Vi har en samh\u00e4llsf\u00f6rankrad pedagogik som ger trygga och modiga individer med f\u00f6rm\u00e5ga att samarbeta.","og_url":"https:\/\/vittra.se\/kungshagen\/om\/forskola\/","og_site_name":"Kungshagen","article_modified_time":"2026-03-12T09:51:09+00:00","twitter_card":"summary_large_image","twitter_title":"Vittra Kungshagen | F\u00f6rskola i Nyk\u00f6ping","twitter_description":"Vittra Kungshagen \u00e4r en f\u00f6rskola i Nyk\u00f6ping. Vi har en samh\u00e4llsf\u00f6rankrad pedagogik som ger trygga och modiga individer med f\u00f6rm\u00e5ga att samarbeta.","twitter_misc":{"Ber\u00e4knad l\u00e4stid":"1 minut"},"schema":{"@context":"https:\/\/schema.org","@graph":[{"@type":"WebPage","@id":"https:\/\/vittra.se\/kungshagen\/om\/forskola\/","url":"https:\/\/vittra.se\/kungshagen\/om\/forskola\/","name":"Vittra Kungshagen | F\u00f6rskola i Nyk\u00f6ping","isPartOf":{"@id":"https:\/\/vittra.se\/kungshagen\/#website"},"datePublished":"2020-09-01T20:06:54+00:00","dateModified":"2026-03-12T09:51:09+00:00","description":"Vittra Kungshagen \u00e4r en f\u00f6rskola i Nyk\u00f6ping. Vi har en samh\u00e4llsf\u00f6rankrad pedagogik som ger trygga och modiga individer med f\u00f6rm\u00e5ga att samarbeta.","breadcrumb":{"@id":"https:\/\/vittra.se\/kungshagen\/om\/forskola\/#breadcrumb"},"inLanguage":"sv-SE","potentialAction":[{"@type":"ReadAction","target":["https:\/\/vittra.se\/kungshagen\/om\/forskola\/"]}]},{"@type":"BreadcrumbList","@id":"https:\/\/vittra.se\/kungshagen\/om\/forskola\/#breadcrumb","itemListElement":[{"@type":"ListItem","position":1,"name":"Start","item":"https:\/\/vittra.se\/kungshagen\/"},{"@type":"ListItem","position":2,"name":"Om skolan","item":"https:\/\/vittra.se\/kungshagen\/om\/"},{"@type":"ListItem","position":3,"name":"F\u00f6rskola"}]},{"@type":"WebSite","@id":"https:\/\/vittra.se\/kungshagen\/#website","url":"https:\/\/vittra.se\/kungshagen\/","name":"Kungshagen","description":"Kunskap att f\u00f6r\u00e4ndra. Mod att p\u00e5verka.","potentialAction":[{"@type":"SearchAction","target":{"@type":"EntryPoint","urlTemplate":"https:\/\/vittra.se\/kungshagen\/?s={search_term_string}"},"query-input":"required name=search_term_string"}],"inLanguage":"sv-SE"}]}},"_links":{"self":[{"href":"https:\/\/vittra.se\/kungshagen\/wp-json\/wp\/v2\/pages\/23"}],"collection":[{"href":"https:\/\/vittra.se\/kungshagen\/wp-json\/wp\/v2\/pages"}],"about":[{"href":"https:\/\/vittra.se\/kungshagen\/wp-json\/wp\/v2\/types\/page"}],"author":[{"embeddable":true,"href":"https:\/\/vittra.se\/kungshagen\/wp-json\/wp\/v2\/users\/1"}],"replies":[{"embeddable":true,"href":"https:\/\/vittra.se\/kungshagen\/wp-json\/wp\/v2\/comments?post=23"}],"version-history":[{"count":9,"href":"https:\/\/vittra.se\/kungshagen\/wp-json\/wp\/v2\/pages\/23\/revisions"}],"predecessor-version":[{"id":1950,"href":"https:\/\/vittra.se\/kungshagen\/wp-json\/wp\/v2\/pages\/23\/revisions\/1950"}],"up":[{"embeddable":true,"href":"https:\/\/vittra.se\/kungshagen\/wp-json\/wp\/v2\/pages\/20"}],"wp:attachment":[{"href":"https:\/\/vittra.se\/kungshagen\/wp-json\/wp\/v2\/media?parent=23"}],"curies":[{"name":"wp","href":"https:\/\/api.w.org\/{rel}","templated":true}]}}