{"id":1937,"date":"2026-03-12T10:33:48","date_gmt":"2026-03-12T09:33:48","guid":{"rendered":"https:\/\/vittra.se\/kungshagen\/?page_id=1937"},"modified":"2026-03-12T10:34:36","modified_gmt":"2026-03-12T09:34:36","slug":"inskolning-pa-forskolan","status":"publish","type":"page","link":"https:\/\/vittra.se\/kungshagen\/inskolning-pa-forskolan\/","title":{"rendered":"Inskolning p\u00e5 f\u00f6rskolan"},"content":{"rendered":"\n\t\n\t\n\t\n\n\t\n\t\n\t\t\n<section  class=\"c-block l-stacked  \" data-color-scheme=\"\">\n\t<div class=\"ams-fifty ams-fifty--container ams-fifty--right ams-fifty--bottom l-container u-pt-fluid-2xl-4xl u-pb-fluid-md-xl\">\n\t\t<div class=\"ams-fifty__content l-stack l-stack-xl is-left is-left@lg\">\n\t\t\t<div class=\"ams-fifty__text l-stack l-stack-lg\">\n\t\t\t\t\t\n\t<h2\n\tclass=\"c-heading u-font-title-1 \"\n\tstyle=\"\">\n\t\t\n\t\t\t\t\tInskolning p\u00e5 f\u00f6rskolan\n\t\t\t\t\n\t<\/h2>\n\n\t\t\t\t\t\t\t\t\t<div class=\"text l-stack u-font-body\">\n\t\t\t\t\t\t<p data-start=\"160\" data-end=\"282\">N\u00e4r du har tackat ja till din plats kontaktar vi dig f\u00f6r att boka in ett f\u00f6rsta bes\u00f6k och best\u00e4mma datum f\u00f6r inskolningen.<\/p>\n<p data-start=\"284\" data-end=\"560\">Vi b\u00f6rjar med en tre dagar l\u00e5ng f\u00f6r\u00e4ldraaktiv inskolning. Det inneb\u00e4r att du som v\u00e5rdnadshavare \u00e4r med ditt barn p\u00e5 f\u00f6rskolan m\u00e5ndag till onsdag mellan klockan 9.00 och 13.30. Under dessa dagar f\u00e5r ditt barn m\u00f6jlighet att l\u00e4ra k\u00e4nna pedagogerna och bli trygg i den nya milj\u00f6n.<\/p>\n<p data-start=\"562\" data-end=\"733\">Du \u00e4r aktiv i verksamheten tillsammans med ditt barn under inskolningen. Det kan till exempel inneb\u00e4ra att du deltar i aktiviteter, tar hand om ditt barn och byter bl\u00f6jor.<\/p>\n<p data-start=\"735\" data-end=\"907\">Efter de tre f\u00f6rsta dagarna forts\u00e4tter inskolningen under totalt tv\u00e5 veckor. Under de resterande dagarna vill vi att du finns tillg\u00e4nglig p\u00e5 telefon om behov skulle uppst\u00e5.<\/p>\n\n\t\t\t\t\t<\/div>\n\t\t\t\t\t\t\t<\/div>\n\n\t\t\t\t\t<\/div>\n\n\t\t <div class=\"ams-fifty__media u-ratio-landscape\">\n\t\t \t\t\t\t\t<img decoding=\"async\" width=\"600\" height=\"400\" src=\"https:\/\/vittra.se\/wp-content\/uploads\/sites\/13\/2024\/03\/vittra-forskola-nykoping-kungshagen-202204-600x400.jpg\" class=\"attachment-md size-md\" alt=\"Ett barn p\u00e5 Vittras f\u00f6rskola sitter p\u00e5 golvet och leker med tr\u00e4klossar.\" sizes=\"(min-width: 64em) 600px, calc(100vw - 160px)\" srcset=\"https:\/\/vittra.se\/wp-content\/uploads\/sites\/13\/2024\/03\/vittra-forskola-nykoping-kungshagen-202204-600x400.jpg 600w, https:\/\/vittra.se\/wp-content\/uploads\/sites\/13\/2024\/03\/vittra-forskola-nykoping-kungshagen-202204-300x200.jpg 300w, https:\/\/vittra.se\/wp-content\/uploads\/sites\/13\/2024\/03\/vittra-forskola-nykoping-kungshagen-202204-400x267.jpg 400w, https:\/\/vittra.se\/wp-content\/uploads\/sites\/13\/2024\/03\/vittra-forskola-nykoping-kungshagen-202204-800x533.jpg 800w, https:\/\/vittra.se\/wp-content\/uploads\/sites\/13\/2024\/03\/vittra-forskola-nykoping-kungshagen-202204-1024x683.jpg 1024w, https:\/\/vittra.se\/wp-content\/uploads\/sites\/13\/2024\/03\/vittra-forskola-nykoping-kungshagen-202204-1200x800.jpg 1200w, https:\/\/vittra.se\/wp-content\/uploads\/sites\/13\/2024\/03\/vittra-forskola-nykoping-kungshagen-202204.jpg 1980w\" \/>\n\t\t\t\n\t\t\t\n\t\t\t\t\t<\/div>\n\t<\/div>\n\n\t\t\n\n<\/section>\n\n\n\n\t\n\t\n\t\n\n\t\n\t\n\t\t\n<section  class=\"c-block l-stacked  \" data-color-scheme=\"\">\n\t<div class=\"ams-fifty ams-fifty--container ams-fifty--left ams-fifty--bottom l-container u-pt-fluid-md-xl u-pb-fluid-2xl-4xl\">\n\t\t<div class=\"ams-fifty__content l-stack l-stack-xl is-left is-left@lg\">\n\t\t\t<div class=\"ams-fifty__text l-stack l-stack-lg\">\n\t\t\t\t\t\n\t<h2\n\tclass=\"c-heading u-font-title-1 \"\n\tstyle=\"\">\n\t\t\n\t\t\t\t\tDet h\u00e4r \u00e4r bra att ha med\n\t\t\t\t\n\t<\/h2>\n\n\t\t\t\t\t\t\t\t\t<div class=\"text l-stack u-font-body\">\n\t\t\t\t\t\t<p>F\u00f6r att dagarna ska fungera smidigt \u00e4r det bra att ta med:<\/p>\n<ul>\n<li>Bl\u00f6jor (vid behov).<\/li>\n<li>Extrakl\u00e4der, exempelvis regnkl\u00e4der och gummist\u00f6vlar.<\/li>\n<li>Ett ombyte (strumpor, underkl\u00e4der, \u00f6verdel och underdel).<\/li>\n<li>Snuttefilt och napp, om ditt barn anv\u00e4nder det.<\/li>\n<\/ul>\n<p>Har du fr\u00e5gor om hur inskolningen g\u00e5r till \u00e4r du alltid varmt v\u00e4lkommen att kontakta oss. Vi ber\u00e4ttar g\u00e4rna mer om hur vi skapar en trygg, nyfiken och omsorgsfull start i f\u00f6rskolan.<\/p>\n\n\t\t\t\t\t<\/div>\n\t\t\t\t\t\t\t<\/div>\n\n\t\t\t\t<div class=\"ams-fifty__action u-inline-items\">\n\t\t\t\t\t\t\t\n\n\n<a href=\"https:\/\/vittra.se\/kungshagen\/kontakt\/\"\n\t\n\tclass=\"c-btn \"\n\tdata-style=\"round\"\n\tdata-size=\"md\"\n\tdata-width=\"full-mobile\"\n\tdata-variant=\"default\"\n\ttarget=\"_self\">\n\t\t\t<span class=\"label\"> Kontakta oss<\/span>\n\t\t\t<\/a>\n\t\t\t<\/div>\n\t\t<\/div>\n\n\t\t <div class=\"ams-fifty__media u-ratio-landscape\">\n\t\t \t\t\t\t\t<img decoding=\"async\" width=\"600\" height=\"390\" src=\"https:\/\/vittra.se\/wp-content\/uploads\/sites\/13\/2025\/12\/skolan-foto-1-600x390.jpg\" class=\"attachment-md size-md\" alt=\"\" sizes=\"(min-width: 64em) 600px, calc(100vw - 160px)\" srcset=\"https:\/\/vittra.se\/wp-content\/uploads\/sites\/13\/2025\/12\/skolan-foto-1-600x390.jpg 600w, https:\/\/vittra.se\/wp-content\/uploads\/sites\/13\/2025\/12\/skolan-foto-1-300x195.jpg 300w, https:\/\/vittra.se\/wp-content\/uploads\/sites\/13\/2025\/12\/skolan-foto-1-400x260.jpg 400w, https:\/\/vittra.se\/wp-content\/uploads\/sites\/13\/2025\/12\/skolan-foto-1-800x521.jpg 800w, https:\/\/vittra.se\/wp-content\/uploads\/sites\/13\/2025\/12\/skolan-foto-1-1024x666.jpg 1024w, https:\/\/vittra.se\/wp-content\/uploads\/sites\/13\/2025\/12\/skolan-foto-1-1200x781.jpg 1200w\" \/>\n\t\t\t\n\t\t\t\n\t\t\t\t\t<\/div>\n\t<\/div>\n\n\t\t\n\n<\/section>\n\n\n\n\n<section  class=\"ams-cta ams-cta--stacked c-block l-stacked\" data-color-scheme=\"primar2\">\n\t<div class=\"l-container l-stack l-stack-fluid-2xl u-pt-fluid-2xl-4xl u-pb-fluid-2xl-4xl is-center is-center@md\">\n\t\t\t\t\t<div class=\"ams-cta__intro l-stack l-stack-lg\">\n\t\t\t\t\t\n\t<h2\n\tclass=\"c-heading u-font-title-1 \"\n\tstyle=\"\">\n\t\t\n\t\t\t\t\tTillbaka till f\u00f6rskolesidan\n\t\t\t\t\n\t<\/h2>\n\n\t\t\t\t\t\t\t<\/div>\n\t\t\n\t\t\n\t\t\t<div class=\"ams-cta__action u-inline-items\">\n\t\t\t\t\t\t\t\n\n\n<a href=\"https:\/\/vittra.se\/kungshagen\/om\/forskola\/\"\n\t\n\tclass=\"c-btn \"\n\tdata-style=\"round\"\n\tdata-size=\"md\"\n\tdata-width=\"full-mobile\"\n\tdata-variant=\"default\"\n\ttarget=\"_self\">\n\t\t\t<span class=\"label\"> Om v\u00e5r f\u00f6rskola<\/span>\n\t\t\t<\/a>\n\t\t\t<\/div>\n\t<\/div>\n\n\t\t\n\n<\/section>\n","protected":false},"excerpt":{"rendered":"","protected":false},"author":103,"featured_media":0,"parent":0,"menu_order":0,"comment_status":"closed","ping_status":"closed","template":"","meta":{"footnotes":""},"yoast_head":"<!-- This site is optimized with the Yoast SEO plugin v22.0 - https:\/\/yoast.com\/wordpress\/plugins\/seo\/ -->\n<title>S\u00e5 fungerar inskolningen p\u00e5 v\u00e5r f\u00f6rskola | Vittra Kungshagen<\/title>\n<meta name=\"description\" content=\"Hur g\u00e5r inskolningen till p\u00e5 Vittra Kungshagen i Nyk\u00f6ping?? L\u00e4s om v\u00e5r trygga och individuellt anpassade start i f\u00f6rskolan.\" \/>\n<meta name=\"robots\" content=\"index, follow, max-snippet:-1, max-image-preview:large, max-video-preview:-1\" \/>\n<link rel=\"canonical\" href=\"https:\/\/vittra.se\/kungshagen\/inskolning-pa-forskolan\/\" \/>\n<meta property=\"og:locale\" content=\"sv_SE\" \/>\n<meta property=\"og:type\" content=\"article\" \/>\n<meta property=\"og:title\" content=\"S\u00e5 fungerar inskolningen p\u00e5 v\u00e5r f\u00f6rskola | Vittra Kungshagen\" \/>\n<meta property=\"og:description\" content=\"Hur g\u00e5r inskolningen till p\u00e5 Vittra Kungshagen i Nyk\u00f6ping?? L\u00e4s om v\u00e5r trygga och individuellt anpassade start i f\u00f6rskolan.\" \/>\n<meta property=\"og:url\" content=\"https:\/\/vittra.se\/kungshagen\/inskolning-pa-forskolan\/\" \/>\n<meta property=\"og:site_name\" content=\"Kungshagen\" \/>\n<meta property=\"article:modified_time\" content=\"2026-03-12T09:34:36+00:00\" \/>\n<meta name=\"twitter:card\" content=\"summary_large_image\" \/>\n<meta name=\"twitter:title\" content=\"S\u00e5 fungerar inskolningen p\u00e5 v\u00e5r f\u00f6rskola | Vittra Kungshagen\" \/>\n<meta name=\"twitter:description\" content=\"Hur g\u00e5r inskolningen till p\u00e5 Vittra Kungshagen i Nyk\u00f6ping?? L\u00e4s om v\u00e5r trygga och individuellt anpassade start i f\u00f6rskolan.\" \/>\n<script type=\"application\/ld+json\" class=\"yoast-schema-graph\">{\"@context\":\"https:\/\/schema.org\",\"@graph\":[{\"@type\":\"WebPage\",\"@id\":\"https:\/\/vittra.se\/kungshagen\/inskolning-pa-forskolan\/\",\"url\":\"https:\/\/vittra.se\/kungshagen\/inskolning-pa-forskolan\/\",\"name\":\"S\u00e5 fungerar inskolningen p\u00e5 v\u00e5r f\u00f6rskola | Vittra Kungshagen\",\"isPartOf\":{\"@id\":\"https:\/\/vittra.se\/kungshagen\/#website\"},\"datePublished\":\"2026-03-12T09:33:48+00:00\",\"dateModified\":\"2026-03-12T09:34:36+00:00\",\"description\":\"Hur g\u00e5r inskolningen till p\u00e5 Vittra Kungshagen i Nyk\u00f6ping?? L\u00e4s om v\u00e5r trygga och individuellt anpassade start i f\u00f6rskolan.\",\"breadcrumb\":{\"@id\":\"https:\/\/vittra.se\/kungshagen\/inskolning-pa-forskolan\/#breadcrumb\"},\"inLanguage\":\"sv-SE\",\"potentialAction\":[{\"@type\":\"ReadAction\",\"target\":[\"https:\/\/vittra.se\/kungshagen\/inskolning-pa-forskolan\/\"]}]},{\"@type\":\"BreadcrumbList\",\"@id\":\"https:\/\/vittra.se\/kungshagen\/inskolning-pa-forskolan\/#breadcrumb\",\"itemListElement\":[{\"@type\":\"ListItem\",\"position\":1,\"name\":\"Start\",\"item\":\"https:\/\/vittra.se\/kungshagen\/\"},{\"@type\":\"ListItem\",\"position\":2,\"name\":\"Inskolning p\u00e5 f\u00f6rskolan\"}]},{\"@type\":\"WebSite\",\"@id\":\"https:\/\/vittra.se\/kungshagen\/#website\",\"url\":\"https:\/\/vittra.se\/kungshagen\/\",\"name\":\"Kungshagen\",\"description\":\"Kunskap att f\u00f6r\u00e4ndra. Mod att p\u00e5verka.\",\"potentialAction\":[{\"@type\":\"SearchAction\",\"target\":{\"@type\":\"EntryPoint\",\"urlTemplate\":\"https:\/\/vittra.se\/kungshagen\/?s={search_term_string}\"},\"query-input\":\"required name=search_term_string\"}],\"inLanguage\":\"sv-SE\"}]}<\/script>\n<!-- \/ Yoast SEO plugin. -->","yoast_head_json":{"title":"S\u00e5 fungerar inskolningen p\u00e5 v\u00e5r f\u00f6rskola | Vittra Kungshagen","description":"Hur g\u00e5r inskolningen till p\u00e5 Vittra Kungshagen i Nyk\u00f6ping?? L\u00e4s om v\u00e5r trygga och individuellt anpassade start i f\u00f6rskolan.","robots":{"index":"index","follow":"follow","max-snippet":"max-snippet:-1","max-image-preview":"max-image-preview:large","max-video-preview":"max-video-preview:-1"},"canonical":"https:\/\/vittra.se\/kungshagen\/inskolning-pa-forskolan\/","og_locale":"sv_SE","og_type":"article","og_title":"S\u00e5 fungerar inskolningen p\u00e5 v\u00e5r f\u00f6rskola | Vittra Kungshagen","og_description":"Hur g\u00e5r inskolningen till p\u00e5 Vittra Kungshagen i Nyk\u00f6ping?? L\u00e4s om v\u00e5r trygga och individuellt anpassade start i f\u00f6rskolan.","og_url":"https:\/\/vittra.se\/kungshagen\/inskolning-pa-forskolan\/","og_site_name":"Kungshagen","article_modified_time":"2026-03-12T09:34:36+00:00","twitter_card":"summary_large_image","twitter_title":"S\u00e5 fungerar inskolningen p\u00e5 v\u00e5r f\u00f6rskola | Vittra Kungshagen","twitter_description":"Hur g\u00e5r inskolningen till p\u00e5 Vittra Kungshagen i Nyk\u00f6ping?? L\u00e4s om v\u00e5r trygga och individuellt anpassade start i f\u00f6rskolan.","schema":{"@context":"https:\/\/schema.org","@graph":[{"@type":"WebPage","@id":"https:\/\/vittra.se\/kungshagen\/inskolning-pa-forskolan\/","url":"https:\/\/vittra.se\/kungshagen\/inskolning-pa-forskolan\/","name":"S\u00e5 fungerar inskolningen p\u00e5 v\u00e5r f\u00f6rskola | Vittra Kungshagen","isPartOf":{"@id":"https:\/\/vittra.se\/kungshagen\/#website"},"datePublished":"2026-03-12T09:33:48+00:00","dateModified":"2026-03-12T09:34:36+00:00","description":"Hur g\u00e5r inskolningen till p\u00e5 Vittra Kungshagen i Nyk\u00f6ping?? L\u00e4s om v\u00e5r trygga och individuellt anpassade start i f\u00f6rskolan.","breadcrumb":{"@id":"https:\/\/vittra.se\/kungshagen\/inskolning-pa-forskolan\/#breadcrumb"},"inLanguage":"sv-SE","potentialAction":[{"@type":"ReadAction","target":["https:\/\/vittra.se\/kungshagen\/inskolning-pa-forskolan\/"]}]},{"@type":"BreadcrumbList","@id":"https:\/\/vittra.se\/kungshagen\/inskolning-pa-forskolan\/#breadcrumb","itemListElement":[{"@type":"ListItem","position":1,"name":"Start","item":"https:\/\/vittra.se\/kungshagen\/"},{"@type":"ListItem","position":2,"name":"Inskolning p\u00e5 f\u00f6rskolan"}]},{"@type":"WebSite","@id":"https:\/\/vittra.se\/kungshagen\/#website","url":"https:\/\/vittra.se\/kungshagen\/","name":"Kungshagen","description":"Kunskap att f\u00f6r\u00e4ndra. Mod att p\u00e5verka.","potentialAction":[{"@type":"SearchAction","target":{"@type":"EntryPoint","urlTemplate":"https:\/\/vittra.se\/kungshagen\/?s={search_term_string}"},"query-input":"required name=search_term_string"}],"inLanguage":"sv-SE"}]}},"_links":{"self":[{"href":"https:\/\/vittra.se\/kungshagen\/wp-json\/wp\/v2\/pages\/1937"}],"collection":[{"href":"https:\/\/vittra.se\/kungshagen\/wp-json\/wp\/v2\/pages"}],"about":[{"href":"https:\/\/vittra.se\/kungshagen\/wp-json\/wp\/v2\/types\/page"}],"author":[{"embeddable":true,"href":"https:\/\/vittra.se\/kungshagen\/wp-json\/wp\/v2\/users\/103"}],"replies":[{"embeddable":true,"href":"https:\/\/vittra.se\/kungshagen\/wp-json\/wp\/v2\/comments?post=1937"}],"version-history":[{"count":5,"href":"https:\/\/vittra.se\/kungshagen\/wp-json\/wp\/v2\/pages\/1937\/revisions"}],"predecessor-version":[{"id":1943,"href":"https:\/\/vittra.se\/kungshagen\/wp-json\/wp\/v2\/pages\/1937\/revisions\/1943"}],"wp:attachment":[{"href":"https:\/\/vittra.se\/kungshagen\/wp-json\/wp\/v2\/media?parent=1937"}],"curies":[{"name":"wp","href":"https:\/\/api.w.org\/{rel}","templated":true}]}}