{"id":1748,"date":"2026-03-11T16:01:15","date_gmt":"2026-03-11T15:01:15","guid":{"rendered":"https:\/\/vittra.se\/jakobsberg\/?page_id=1748"},"modified":"2026-03-11T16:01:15","modified_gmt":"2026-03-11T15:01:15","slug":"inskolning-pa-forskolan","status":"publish","type":"page","link":"https:\/\/vittra.se\/jakobsberg\/inskolning-pa-forskolan\/","title":{"rendered":"Inskolning p\u00e5 f\u00f6rskolan"},"content":{"rendered":"\n\t\n\t\n\t\n\n\t\n\t\n\t\t\n<section  class=\"c-block l-stacked  \" data-color-scheme=\"\">\n\t<div class=\"ams-fifty ams-fifty--container ams-fifty--right ams-fifty--bottom l-container u-pt-fluid-3xl-6xl u-pb-fluid-3xl-6xl\">\n\t\t<div class=\"ams-fifty__content l-stack l-stack-xl is-left is-left@lg\">\n\t\t\t<div class=\"ams-fifty__text l-stack l-stack-lg\">\n\t\t\t\t\t\n\t<h2\n\tclass=\"c-heading u-font-title-1 \"\n\tstyle=\"\">\n\t\t\n\t\t\t\t\tInskolning p\u00e5 f\u00f6rskolan\n\t\t\t\t\n\t<\/h2>\n\n\t\t\t\t\t\t\t\t\t<div class=\"text l-stack u-font-body\">\n\t\t\t\t\t\t<p>F\u00f6rskolan anpassar introduktionsperioden utifr\u00e5n varje barns individuella behov. Barn \u00e4r olika och beh\u00f6ver olika l\u00e5ng introduktion f\u00f6r att k\u00e4nna sig trygga. Fokus ligger p\u00e5 att skapa goda och trygga relationer mellan barn, v\u00e5rdnadshavare och pedagoger. Detta ger de b\u00e4sta f\u00f6ruts\u00e4ttningarna f\u00f6r framtida utveckling och l\u00e4rande.<\/p>\n<p>Viktigt att t\u00e4nka att det beh\u00f6ver finnas extrakl\u00e4der (g\u00e4rna flera ombyten) samt ytterkl\u00e4der efter v\u00e4der (regnkl\u00e4der, st\u00f6vlar, vinteroverall, m\u00f6ssa, vantar osv . Ta \u00e4ven med snuttefilt, gosedjur eller napp om ditt barn anv\u00e4nder det.<\/p>\n\n\t\t\t\t\t<\/div>\n\t\t\t\t\t\t\t<\/div>\n\n\t\t\t\t\t<\/div>\n\n\t\t <div class=\"ams-fifty__media u-ratio-landscape\">\n\t\t \t\t\t\t\t<img decoding=\"async\" width=\"600\" height=\"400\" src=\"https:\/\/vittra.se\/wp-content\/uploads\/sites\/11\/2023\/09\/vittrahalmstadfotoforskola4ret.jpg\" class=\"attachment-md size-md\" alt=\"Pedagog sitter med en ung elev i kn\u00e4t och l\u00e4ser en bok\" sizes=\"(min-width: 64em) 600px, calc(100vw - 160px)\" srcset=\"https:\/\/vittra.se\/wp-content\/uploads\/sites\/11\/2023\/09\/vittrahalmstadfotoforskola4ret.jpg 1980w, https:\/\/vittra.se\/wp-content\/uploads\/sites\/11\/2023\/09\/vittrahalmstadfotoforskola4ret-300x200.jpg 300w, https:\/\/vittra.se\/wp-content\/uploads\/sites\/11\/2023\/09\/vittrahalmstadfotoforskola4ret-1024x683.jpg 1024w, https:\/\/vittra.se\/wp-content\/uploads\/sites\/11\/2023\/09\/vittrahalmstadfotoforskola4ret-768x512.jpg 768w, https:\/\/vittra.se\/wp-content\/uploads\/sites\/11\/2023\/09\/vittrahalmstadfotoforskola4ret-1536x1024.jpg 1536w, https:\/\/vittra.se\/wp-content\/uploads\/sites\/11\/2023\/09\/vittrahalmstadfotoforskola4ret-1920x1280.jpg 1920w, https:\/\/vittra.se\/wp-content\/uploads\/sites\/11\/2023\/09\/vittrahalmstadfotoforskola4ret-500x333.jpg 500w, https:\/\/vittra.se\/wp-content\/uploads\/sites\/11\/2023\/09\/vittrahalmstadfotoforskola4ret-340x227.jpg 340w, https:\/\/vittra.se\/wp-content\/uploads\/sites\/11\/2023\/09\/vittrahalmstadfotoforskola4ret-1100x733.jpg 1100w, https:\/\/vittra.se\/wp-content\/uploads\/sites\/11\/2023\/09\/vittrahalmstadfotoforskola4ret-1000x667.jpg 1000w\" \/>\n\t\t\t\n\t\t\t\n\t\t\t\t\t<\/div>\n\t<\/div>\n\n\t\t\n\n<\/section>\n\n\n\n\n<section  class=\"ams-cta ams-cta--stacked c-block l-stacked\" data-color-scheme=\"primar2\">\n\t<div class=\"l-container l-stack l-stack-fluid-2xl u-pt-fluid-2xl-4xl u-pb-fluid-2xl-4xl is-center is-center@md\">\n\t\t\t\t\t<div class=\"ams-cta__intro l-stack l-stack-lg\">\n\t\t\t\t\t\n\t<h2\n\tclass=\"c-heading u-font-title-1 \"\n\tstyle=\"\">\n\t\t\n\t\t\t\t\tTillbaka till f\u00f6rskolesidan\n\t\t\t\t\n\t<\/h2>\n\n\t\t\t\t\t\t\t<\/div>\n\t\t\n\t\t\n\t\t\t<div class=\"ams-cta__action u-inline-items\">\n\t\t\t\t\t\t\t\n\n\n<a href=\"https:\/\/vittra.se\/jakobsberg\/om\/forskola\/\"\n\t\n\tclass=\"c-btn \"\n\tdata-style=\"round\"\n\tdata-size=\"md\"\n\tdata-width=\"full-mobile\"\n\tdata-variant=\"default\"\n\ttarget=\"_self\">\n\t\t\t<span class=\"label\"> Om v\u00e5r f\u00f6rskola<\/span>\n\t\t\t<\/a>\n\t\t\t<\/div>\n\t<\/div>\n\n\t\t\n\n<\/section>\n","protected":false},"excerpt":{"rendered":"","protected":false},"author":103,"featured_media":0,"parent":0,"menu_order":0,"comment_status":"closed","ping_status":"closed","template":"","meta":{"footnotes":""},"yoast_head":"<!-- This site is optimized with the Yoast SEO plugin v22.0 - https:\/\/yoast.com\/wordpress\/plugins\/seo\/ -->\n<title>S\u00e5 fungerar inskolningen p\u00e5 v\u00e5r f\u00f6rskola | Vittra Jakobsberg<\/title>\n<meta name=\"description\" content=\"Hur g\u00e5r inskolningen till p\u00e5 Vittra Jakobsberg? L\u00e4s om v\u00e5r trygga och individuellt anpassade start i f\u00f6rskolan.\" \/>\n<meta name=\"robots\" content=\"index, follow, max-snippet:-1, max-image-preview:large, max-video-preview:-1\" \/>\n<link rel=\"canonical\" href=\"https:\/\/vittra.se\/jakobsberg\/inskolning-pa-forskolan\/\" \/>\n<meta property=\"og:locale\" content=\"sv_SE\" \/>\n<meta property=\"og:type\" content=\"article\" \/>\n<meta property=\"og:title\" content=\"S\u00e5 fungerar inskolningen p\u00e5 v\u00e5r f\u00f6rskola | Vittra Jakobsberg\" \/>\n<meta property=\"og:description\" content=\"Hur g\u00e5r inskolningen till p\u00e5 Vittra Jakobsberg? L\u00e4s om v\u00e5r trygga och individuellt anpassade start i f\u00f6rskolan.\" \/>\n<meta property=\"og:url\" content=\"https:\/\/vittra.se\/jakobsberg\/inskolning-pa-forskolan\/\" \/>\n<meta property=\"og:site_name\" content=\"Jakobsberg\" \/>\n<meta name=\"twitter:card\" content=\"summary_large_image\" \/>\n<meta name=\"twitter:title\" content=\"S\u00e5 fungerar inskolningen p\u00e5 v\u00e5r f\u00f6rskola | Vittra Jakobsberg\" \/>\n<meta name=\"twitter:description\" content=\"Hur g\u00e5r inskolningen till p\u00e5 Vittra Jakobsberg? L\u00e4s om v\u00e5r trygga och individuellt anpassade start i f\u00f6rskolan.\" \/>\n<script type=\"application\/ld+json\" class=\"yoast-schema-graph\">{\"@context\":\"https:\/\/schema.org\",\"@graph\":[{\"@type\":\"WebPage\",\"@id\":\"https:\/\/vittra.se\/jakobsberg\/inskolning-pa-forskolan\/\",\"url\":\"https:\/\/vittra.se\/jakobsberg\/inskolning-pa-forskolan\/\",\"name\":\"S\u00e5 fungerar inskolningen p\u00e5 v\u00e5r f\u00f6rskola | Vittra Jakobsberg\",\"isPartOf\":{\"@id\":\"https:\/\/vittra.se\/jakobsberg\/#website\"},\"datePublished\":\"2026-03-11T15:01:15+00:00\",\"dateModified\":\"2026-03-11T15:01:15+00:00\",\"description\":\"Hur g\u00e5r inskolningen till p\u00e5 Vittra Jakobsberg? L\u00e4s om v\u00e5r trygga och individuellt anpassade start i f\u00f6rskolan.\",\"breadcrumb\":{\"@id\":\"https:\/\/vittra.se\/jakobsberg\/inskolning-pa-forskolan\/#breadcrumb\"},\"inLanguage\":\"sv-SE\",\"potentialAction\":[{\"@type\":\"ReadAction\",\"target\":[\"https:\/\/vittra.se\/jakobsberg\/inskolning-pa-forskolan\/\"]}]},{\"@type\":\"BreadcrumbList\",\"@id\":\"https:\/\/vittra.se\/jakobsberg\/inskolning-pa-forskolan\/#breadcrumb\",\"itemListElement\":[{\"@type\":\"ListItem\",\"position\":1,\"name\":\"Start\",\"item\":\"https:\/\/vittra.se\/jakobsberg\/\"},{\"@type\":\"ListItem\",\"position\":2,\"name\":\"Inskolning p\u00e5 f\u00f6rskolan\"}]},{\"@type\":\"WebSite\",\"@id\":\"https:\/\/vittra.se\/jakobsberg\/#website\",\"url\":\"https:\/\/vittra.se\/jakobsberg\/\",\"name\":\"Jakobsberg\",\"description\":\"Kunskap att f\u00f6r\u00e4ndra. Mod att p\u00e5verka.\",\"potentialAction\":[{\"@type\":\"SearchAction\",\"target\":{\"@type\":\"EntryPoint\",\"urlTemplate\":\"https:\/\/vittra.se\/jakobsberg\/?s={search_term_string}\"},\"query-input\":\"required name=search_term_string\"}],\"inLanguage\":\"sv-SE\"}]}<\/script>\n<!-- \/ Yoast SEO plugin. -->","yoast_head_json":{"title":"S\u00e5 fungerar inskolningen p\u00e5 v\u00e5r f\u00f6rskola | Vittra Jakobsberg","description":"Hur g\u00e5r inskolningen till p\u00e5 Vittra Jakobsberg? L\u00e4s om v\u00e5r trygga och individuellt anpassade start i f\u00f6rskolan.","robots":{"index":"index","follow":"follow","max-snippet":"max-snippet:-1","max-image-preview":"max-image-preview:large","max-video-preview":"max-video-preview:-1"},"canonical":"https:\/\/vittra.se\/jakobsberg\/inskolning-pa-forskolan\/","og_locale":"sv_SE","og_type":"article","og_title":"S\u00e5 fungerar inskolningen p\u00e5 v\u00e5r f\u00f6rskola | Vittra Jakobsberg","og_description":"Hur g\u00e5r inskolningen till p\u00e5 Vittra Jakobsberg? L\u00e4s om v\u00e5r trygga och individuellt anpassade start i f\u00f6rskolan.","og_url":"https:\/\/vittra.se\/jakobsberg\/inskolning-pa-forskolan\/","og_site_name":"Jakobsberg","twitter_card":"summary_large_image","twitter_title":"S\u00e5 fungerar inskolningen p\u00e5 v\u00e5r f\u00f6rskola | Vittra Jakobsberg","twitter_description":"Hur g\u00e5r inskolningen till p\u00e5 Vittra Jakobsberg? L\u00e4s om v\u00e5r trygga och individuellt anpassade start i f\u00f6rskolan.","schema":{"@context":"https:\/\/schema.org","@graph":[{"@type":"WebPage","@id":"https:\/\/vittra.se\/jakobsberg\/inskolning-pa-forskolan\/","url":"https:\/\/vittra.se\/jakobsberg\/inskolning-pa-forskolan\/","name":"S\u00e5 fungerar inskolningen p\u00e5 v\u00e5r f\u00f6rskola | Vittra Jakobsberg","isPartOf":{"@id":"https:\/\/vittra.se\/jakobsberg\/#website"},"datePublished":"2026-03-11T15:01:15+00:00","dateModified":"2026-03-11T15:01:15+00:00","description":"Hur g\u00e5r inskolningen till p\u00e5 Vittra Jakobsberg? L\u00e4s om v\u00e5r trygga och individuellt anpassade start i f\u00f6rskolan.","breadcrumb":{"@id":"https:\/\/vittra.se\/jakobsberg\/inskolning-pa-forskolan\/#breadcrumb"},"inLanguage":"sv-SE","potentialAction":[{"@type":"ReadAction","target":["https:\/\/vittra.se\/jakobsberg\/inskolning-pa-forskolan\/"]}]},{"@type":"BreadcrumbList","@id":"https:\/\/vittra.se\/jakobsberg\/inskolning-pa-forskolan\/#breadcrumb","itemListElement":[{"@type":"ListItem","position":1,"name":"Start","item":"https:\/\/vittra.se\/jakobsberg\/"},{"@type":"ListItem","position":2,"name":"Inskolning p\u00e5 f\u00f6rskolan"}]},{"@type":"WebSite","@id":"https:\/\/vittra.se\/jakobsberg\/#website","url":"https:\/\/vittra.se\/jakobsberg\/","name":"Jakobsberg","description":"Kunskap att f\u00f6r\u00e4ndra. Mod att p\u00e5verka.","potentialAction":[{"@type":"SearchAction","target":{"@type":"EntryPoint","urlTemplate":"https:\/\/vittra.se\/jakobsberg\/?s={search_term_string}"},"query-input":"required name=search_term_string"}],"inLanguage":"sv-SE"}]}},"_links":{"self":[{"href":"https:\/\/vittra.se\/jakobsberg\/wp-json\/wp\/v2\/pages\/1748"}],"collection":[{"href":"https:\/\/vittra.se\/jakobsberg\/wp-json\/wp\/v2\/pages"}],"about":[{"href":"https:\/\/vittra.se\/jakobsberg\/wp-json\/wp\/v2\/types\/page"}],"author":[{"embeddable":true,"href":"https:\/\/vittra.se\/jakobsberg\/wp-json\/wp\/v2\/users\/103"}],"replies":[{"embeddable":true,"href":"https:\/\/vittra.se\/jakobsberg\/wp-json\/wp\/v2\/comments?post=1748"}],"version-history":[{"count":10,"href":"https:\/\/vittra.se\/jakobsberg\/wp-json\/wp\/v2\/pages\/1748\/revisions"}],"predecessor-version":[{"id":1759,"href":"https:\/\/vittra.se\/jakobsberg\/wp-json\/wp\/v2\/pages\/1748\/revisions\/1759"}],"wp:attachment":[{"href":"https:\/\/vittra.se\/jakobsberg\/wp-json\/wp\/v2\/media?parent=1748"}],"curies":[{"name":"wp","href":"https:\/\/api.w.org\/{rel}","templated":true}]}}