{"id":28,"date":"2020-09-01T22:07:29","date_gmt":"2020-09-01T20:07:29","guid":{"rendered":"https:\/\/vittra.se\/kopieringsunderlag\/?page_id=28"},"modified":"2025-02-05T10:41:17","modified_gmt":"2025-02-05T09:41:17","slug":"fritidshem","status":"publish","type":"page","link":"https:\/\/vittra.se\/gerdsken\/om\/fritidshem\/","title":{"rendered":"Fritidshem"},"content":{"rendered":"\n<div class=\"wp-block-columns is-layout-flex wp-container-core-columns-layout-1 wp-block-columns-is-layout-flex\">\n<div class=\"wp-block-column is-layout-flow wp-block-column-is-layout-flow\" style=\"flex-basis:66.66%\">\n<h1 class=\"wp-block-heading\">Vittra Gerdskens fritidshem i Alings\u00e5s<\/h1>\n\n\n\n\t<div class=\"module_wrapper ams_remote_pages_module \">\n\t\t\t\t\t\t\t<div class=\"container acf-preamble\">\n\t\t\t\t\t\t<div class=\"row\">\n\t\t\t\t\t\t\t<div class=\"col-12\">\n\t\t\t\t\t\t\t\t\n<p   class=\"site__ingress container text-left  site__text-color--dark  site__free_text--ingress p-0\">\n\tF\u00f6r oss \u00e4r det viktigt att barnen upplever att skoldagen h\u00e4nger ihop. D\u00e4rf\u00f6r \u00e4r v\u00e5r fritidsverksamhet en naturlig f\u00f6rl\u00e4ngning av skoldagen. H\u00e4r kan du l\u00e4sa mer om v\u00e5ra \u00f6ppettider och aktiviteter.<\/p>\n\n\n\t\t\t\t\t\t\t<\/div>\n\t\t\t\t\t\t<\/div>\n\t\t\t\t\t<\/div>\n\t\t\t\t\t\t<\/div>\n\n\t<\/div>\n\n\n\n<div class=\"wp-block-column is-layout-flow wp-block-column-is-layout-flow\" style=\"flex-basis:33.33%\"><div   id=\"page-relative-menu\" class=\"site__font-monospace   container_width--full_width_conIcon   d-none d-lg-block  \">\n\n\t\t\t\n<\/div>\n<\/div>\n<\/div>\n\n\n\n\t\n\t\n\t\n\n\t\n\t\n\t\t\n<section  class=\"c-block l-stacked  \" data-color-scheme=\"transparent\">\n\t<div class=\"ams-fifty ams-fifty--container ams-fifty--left ams-fifty--bottom l-container u-pt-fluid-Ingen u-pb-fluid-3xl-6xl\">\n\t\t<div class=\"ams-fifty__content l-stack l-stack-xl is-left is-left@lg\">\n\t\t\t<div class=\"ams-fifty__text l-stack l-stack-lg\">\n\t\t\t\t\t\n\t<h2\n\tclass=\"c-heading u-font-title-1 \"\n\tstyle=\"\">\n\t\t\n\t\t\t\t\t\u00d6ppettider p\u00e5 fritids\n\t\t\t\t\n\t<\/h2>\n\n\t\t\t\t\t\t\t\t\t<div class=\"text l-stack u-font-body\">\n\t\t\t\t\t\t<h3>Morgon<\/h3>\n<p>Fritids har \u00f6ppet 6.30\u20138.15. D\u00e5 ger vi barnen en lugn start p\u00e5 morgonen och h\u00e5ller till inomhus.<\/p>\n<h3>Eftermiddag<\/h3>\n<p>Fritids har \u00f6ppet 12.00\u201317.30 och d\u00e5 erbjuder vi aktiviteter b\u00e5de inomhus och utomhus \u2013 se d\u00e4rf\u00f6r till att ditt barn har kl\u00e4der efter v\u00e4der. Vid ett tillf\u00e4lle under veckan har vi \u00e4ven l\u00e4xhj\u00e4lp.<\/p>\n<h3>M\u00e5ltider p\u00e5 fritids<\/h3>\n<div dir=\"auto\">Frukost serveras kl. 7:15-7:30<\/div>\n<div dir=\"auto\">Mellanm\u00e5l servers kl. 13:40-14:30<\/div>\n\n\t\t\t\t\t<\/div>\n\t\t\t\t\t\t\t<\/div>\n\n\t\t\t\t\t<\/div>\n\n\t\t <div class=\"ams-fifty__media u-ratio-square\">\n\t\t \t\t\t\t\t<img decoding=\"async\" width=\"600\" height=\"400\" src=\"https:\/\/vittra.se\/wp-content\/uploads\/sites\/8\/2022\/09\/h8a2186ret.jpg\" class=\"attachment-md size-md\" alt=\"Tv\u00e5 glada l\u00e5gstadieelever g\u00e5r utomhus och h\u00e5ller armkrok med varann.\" sizes=\"(min-width: 64em) 600px, calc(100vw - 160px)\" srcset=\"https:\/\/vittra.se\/wp-content\/uploads\/sites\/8\/2022\/09\/h8a2186ret.jpg 2540w, https:\/\/vittra.se\/wp-content\/uploads\/sites\/8\/2022\/09\/h8a2186ret-300x200.jpg 300w, https:\/\/vittra.se\/wp-content\/uploads\/sites\/8\/2022\/09\/h8a2186ret-1024x683.jpg 1024w, https:\/\/vittra.se\/wp-content\/uploads\/sites\/8\/2022\/09\/h8a2186ret-768x512.jpg 768w, https:\/\/vittra.se\/wp-content\/uploads\/sites\/8\/2022\/09\/h8a2186ret-1536x1024.jpg 1536w, https:\/\/vittra.se\/wp-content\/uploads\/sites\/8\/2022\/09\/h8a2186ret-2048x1366.jpg 2048w, https:\/\/vittra.se\/wp-content\/uploads\/sites\/8\/2022\/09\/h8a2186ret-1920x1281.jpg 1920w, https:\/\/vittra.se\/wp-content\/uploads\/sites\/8\/2022\/09\/h8a2186ret-500x333.jpg 500w, https:\/\/vittra.se\/wp-content\/uploads\/sites\/8\/2022\/09\/h8a2186ret-340x227.jpg 340w, https:\/\/vittra.se\/wp-content\/uploads\/sites\/8\/2022\/09\/h8a2186ret-1100x734.jpg 1100w, https:\/\/vittra.se\/wp-content\/uploads\/sites\/8\/2022\/09\/h8a2186ret-1000x667.jpg 1000w\" \/>\n\t\t\t\n\t\t\t\n\t\t\t\t\t<\/div>\n\t<\/div>\n\n\t\t\n\n<\/section>\n\n\n\n<section \n\t\t class=\"\n\t\t ams-contact\n\t\t \n\t\t c-block l-stacked\n\t\t \n\t\t \n\t\t js-load-more\n\t\t \"\n\t\t data-color-scheme=\"nyans1_av_cta\"\n\t\t\t\t\tdata-count=\"3\"\n\t\t\t\t\t\t\tdata-count-mobile=\"2\"\n\t\t\t\t>\n\t<div\n\t\t class=\"\n\t\t l-container\n\t\t l-stack l-stack-fluid-2xl\n\t\t u-pt-fluid-3xl-6xl\n\t\t u-pb-fluid-3xl-6xl\n\t\t is-center\n\t\t is-center@md\n\t\t \">\n\t\t\t\t\t<div class=\"ams-contact__intro l-stack l-stack-lg\">\n\t\t\t\t\t\n\t<h2\n\tclass=\"c-heading u-font-title-1 \"\n\tstyle=\"\">\n\t\t\n\t\t\t\t\tHar du fr\u00e5gor om v\u00e5rt fritidshem?\n\t\t\t\t\n\t<\/h2>\n\n\t\t\t\t\t\t\t\t\t<div class=\"c-text l-stack u-cs-xl u-font-body\">\n\t\t\t\t\t\t<p>Kontakta oss f\u00f6r att f\u00e5 personlig hj\u00e4lp och svar p\u00e5 dina fr\u00e5gor.<\/p>\n\n\t\t\t\t\t<\/div>\n\t\t\t\t\t\t\t<\/div>\n\t\t\n\t\t\n\t\t    \t\n\t\t\n\t\t<ul\n\t\t\tid=\"contact-grid-69e483ecf0c66\"\n\t\t\tclass=\"ams-contact__list l-grid u-gap-fluid-2xl-4xl u-justify-center js-results \"\n\t\t\taria-label=\"Kontakter\"\n\t\t\tdata-filter-animation=\"off\"\n\t\t\t>\n\t\t\t\t\t\t\t\t\t\t\t\n\t\t\t\t\n\t\t\t\t<li class=\"l-col-12 \" data-filter=\"3 1c\">\n\t\t\t\t\t<article class=\"c-card u-justify-center\" data-variant=\"inline\">\n\t\t\t\t\t\t<div class=\"c-card__content u-flex-basis-auto u-flex-grow-0 u-text-center@mobile\">\n\t\t\t\t\t\t\t\t\t\t\t\t\t\t\t<h3 class=\"c-card__title u-font-title-3\">\n\t\t\t\t\t\t\t\t\tKlas Karlsson\n\t\t\t\t\t\t\t\t<\/h3>\n\t\t\t\t\t\t\t\n\t\t\t\t\t\t\t\t\t\t\t\t\t\t\t<p class=\"position u-font-body\">Rektor<\/p>\n\t\t\t\t\t\t\t\n\t\t\t\t\t\t\t\t\t\t\t\t\t\t\t<div class=\"contact-info u-font-body\">\n\t\t\t\t\t\t\t\t\t\t\t\t\t\t\t\t\t\t\t\t\t\t\t\t\t\t\t\t\t\t<p class=\"phone\"><a\n\t\t\t\t\t\t\t\t\t\t\t\t\thref=\"tel:032273687\"\n\t\t\t\t\t\t\t\t\t\t\t\t\tclass=\"u-text-link\">0322-736 87 <\/a>\n\t\t\t\t\t\t\t\t\t\t\t<\/p>\n\t\t\t\t\t\t\t\t\t\t\t\t\t\t\t\t\t\t\t\n\t\t\t\t\t\t\t\t\t\t\t\t\t\t\t\t\t\t\t\t\t\t\t\t\t\t\t\t\t\t<p class=\"email\"><a\n\t\t\t\t\t\t\t\t\t\t\t\t\thref=\"&#109;a&#105;l&#116;&#111;&#058;k&#108;&#097;s.k&#097;&#114;&#108;s&#115;on&#064;v&#105;&#116;&#116;r&#097;&#046;s&#101;\"\n\t\t\t\t\t\t\t\t\t\t\t\t\tclass=\"u-text-link\">&#107;&#108;a&#115;.ka&#114;l&#115;&#115;&#111;&#110;&#064;&#118;&#105;&#116;&#116;ra&#046;&#115;&#101;<\/a>\n\t\t\t\t\t\t\t\t\t\t\t<\/p>\n\t\t\t\t\t\t\t\t\t\t\t\t\t\t\t\t\t\t\t\t\t\t\t\t\t\t\t<\/div>\n\t\t\t\t\t\t\t\n\t\t\t\t\t\t\t\t\t\t\t\t\t<\/div>\n\t\t\t\t\t\t<div class=\"c-card__media\">\n\t\t\t\t\t\t\t\t\t\t\t\t\t\t\t\t\t\t\t\t\t\t\t\t\t\t\t\t\t\t\t\t\t\t\t\t\t\t\t\t\t\t\t\t\t\t\t\t\t<img decoding=\"async\" width=\"150\" height=\"164\" src=\"https:\/\/vittra.se\/wp-content\/uploads\/sites\/8\/2022\/02\/klas-e1713342593262.jpg\" class=\"u-radius-round u-ratio-landscape  \" alt=\"\" sizes=\"(max-width: 300px) 100vw, 300px\" \/>\n\t\t\t\t\t\t<\/div>\n\t\t\t\t\t<\/article>\n\t\t\t\t<\/li>\n\t\t\t\t\t<\/ul>\n\n\t\t\n\t\t    <div class=\"ams-contact__more u-inline-items js-load-more-btn\">\n        <button href=\"#\"\n                class=\"c-btn\"\n                data-style=\"round\"\n                data-size=\"md\"\n                data-width=\"full-mobile\"\n                data-variant=\"outline\">\n        \tVisa mer\n        <\/button>\n    <\/div>\n\n\t\t\t<\/div>\n\n\t\t\n\n<\/section>\n\n\n<div   id=\"page-relative-menu\" class=\"site__font-monospace   container_width--full_width_conIcon   d-lg-none  \">\n\n\t\t\t\n<\/div>\n","protected":false},"excerpt":{"rendered":"<p>Vittra Gerdskens fritidshem i Alings\u00e5s<\/p>\n","protected":false},"author":1,"featured_media":0,"parent":20,"menu_order":0,"comment_status":"closed","ping_status":"closed","template":"","meta":{"footnotes":""},"yoast_head":"<!-- This site is optimized with the Yoast SEO plugin v22.0 - https:\/\/yoast.com\/wordpress\/plugins\/seo\/ -->\n<title>Vittra Gerdsken | Fritidshem i Alings\u00e5s<\/title>\n<meta name=\"description\" content=\"Vittra Gerdsken \u00e4r en skola med fritidsverksamhet i Alings\u00e5s. V\u00e5rt fritidshem \u00e4r en naturlig f\u00f6rl\u00e4ngning av skoldagen med olika aktiviteter att v\u00e4lja p\u00e5.\" \/>\n<meta name=\"robots\" content=\"index, follow, max-snippet:-1, max-image-preview:large, max-video-preview:-1\" \/>\n<link rel=\"canonical\" href=\"https:\/\/vittra.se\/gerdsken\/om\/fritidshem\/\" \/>\n<meta property=\"og:locale\" content=\"sv_SE\" \/>\n<meta property=\"og:type\" content=\"article\" \/>\n<meta property=\"og:title\" content=\"Vittra Gerdsken | Fritidshem i Alings\u00e5s\" \/>\n<meta property=\"og:description\" content=\"Vittra Gerdsken \u00e4r en skola med fritidsverksamhet i Alings\u00e5s. V\u00e5rt fritidshem \u00e4r en naturlig f\u00f6rl\u00e4ngning av skoldagen med olika aktiviteter att v\u00e4lja p\u00e5.\" \/>\n<meta property=\"og:url\" content=\"https:\/\/vittra.se\/gerdsken\/om\/fritidshem\/\" \/>\n<meta property=\"og:site_name\" content=\"Gerdsken\" \/>\n<meta property=\"article:modified_time\" content=\"2025-02-05T09:41:17+00:00\" \/>\n<meta name=\"twitter:card\" content=\"summary_large_image\" \/>\n<meta name=\"twitter:title\" content=\"Vittra Gerdsken | Fritidshem i Alings\u00e5s\" \/>\n<meta name=\"twitter:description\" content=\"Vittra Gerdsken \u00e4r en skola med fritidsverksamhet i Alings\u00e5s. V\u00e5rt fritidshem \u00e4r en naturlig f\u00f6rl\u00e4ngning av skoldagen med olika aktiviteter att v\u00e4lja p\u00e5.\" \/>\n<meta name=\"twitter:label1\" content=\"Ber\u00e4knad l\u00e4stid\" \/>\n\t<meta name=\"twitter:data1\" content=\"1 minut\" \/>\n<script type=\"application\/ld+json\" class=\"yoast-schema-graph\">{\"@context\":\"https:\/\/schema.org\",\"@graph\":[{\"@type\":\"WebPage\",\"@id\":\"https:\/\/vittra.se\/gerdsken\/om\/fritidshem\/\",\"url\":\"https:\/\/vittra.se\/gerdsken\/om\/fritidshem\/\",\"name\":\"Vittra Gerdsken | Fritidshem i Alings\u00e5s\",\"isPartOf\":{\"@id\":\"https:\/\/vittra.se\/gerdsken\/#website\"},\"datePublished\":\"2020-09-01T20:07:29+00:00\",\"dateModified\":\"2025-02-05T09:41:17+00:00\",\"description\":\"Vittra Gerdsken \u00e4r en skola med fritidsverksamhet i Alings\u00e5s. V\u00e5rt fritidshem \u00e4r en naturlig f\u00f6rl\u00e4ngning av skoldagen med olika aktiviteter att v\u00e4lja p\u00e5.\",\"breadcrumb\":{\"@id\":\"https:\/\/vittra.se\/gerdsken\/om\/fritidshem\/#breadcrumb\"},\"inLanguage\":\"sv-SE\",\"potentialAction\":[{\"@type\":\"ReadAction\",\"target\":[\"https:\/\/vittra.se\/gerdsken\/om\/fritidshem\/\"]}]},{\"@type\":\"BreadcrumbList\",\"@id\":\"https:\/\/vittra.se\/gerdsken\/om\/fritidshem\/#breadcrumb\",\"itemListElement\":[{\"@type\":\"ListItem\",\"position\":1,\"name\":\"Start\",\"item\":\"https:\/\/vittra.se\/gerdsken\/\"},{\"@type\":\"ListItem\",\"position\":2,\"name\":\"Om skolan\",\"item\":\"https:\/\/vittra.se\/gerdsken\/om\/\"},{\"@type\":\"ListItem\",\"position\":3,\"name\":\"Fritidshem\"}]},{\"@type\":\"WebSite\",\"@id\":\"https:\/\/vittra.se\/gerdsken\/#website\",\"url\":\"https:\/\/vittra.se\/gerdsken\/\",\"name\":\"Gerdsken\",\"description\":\"Kunskap att f\u00f6r\u00e4ndra. Mod att p\u00e5verka.\",\"potentialAction\":[{\"@type\":\"SearchAction\",\"target\":{\"@type\":\"EntryPoint\",\"urlTemplate\":\"https:\/\/vittra.se\/gerdsken\/?s={search_term_string}\"},\"query-input\":\"required name=search_term_string\"}],\"inLanguage\":\"sv-SE\"}]}<\/script>\n<!-- \/ Yoast SEO plugin. -->","yoast_head_json":{"title":"Vittra Gerdsken | Fritidshem i Alings\u00e5s","description":"Vittra Gerdsken \u00e4r en skola med fritidsverksamhet i Alings\u00e5s. V\u00e5rt fritidshem \u00e4r en naturlig f\u00f6rl\u00e4ngning av skoldagen med olika aktiviteter att v\u00e4lja p\u00e5.","robots":{"index":"index","follow":"follow","max-snippet":"max-snippet:-1","max-image-preview":"max-image-preview:large","max-video-preview":"max-video-preview:-1"},"canonical":"https:\/\/vittra.se\/gerdsken\/om\/fritidshem\/","og_locale":"sv_SE","og_type":"article","og_title":"Vittra Gerdsken | Fritidshem i Alings\u00e5s","og_description":"Vittra Gerdsken \u00e4r en skola med fritidsverksamhet i Alings\u00e5s. V\u00e5rt fritidshem \u00e4r en naturlig f\u00f6rl\u00e4ngning av skoldagen med olika aktiviteter att v\u00e4lja p\u00e5.","og_url":"https:\/\/vittra.se\/gerdsken\/om\/fritidshem\/","og_site_name":"Gerdsken","article_modified_time":"2025-02-05T09:41:17+00:00","twitter_card":"summary_large_image","twitter_title":"Vittra Gerdsken | Fritidshem i Alings\u00e5s","twitter_description":"Vittra Gerdsken \u00e4r en skola med fritidsverksamhet i Alings\u00e5s. V\u00e5rt fritidshem \u00e4r en naturlig f\u00f6rl\u00e4ngning av skoldagen med olika aktiviteter att v\u00e4lja p\u00e5.","twitter_misc":{"Ber\u00e4knad l\u00e4stid":"1 minut"},"schema":{"@context":"https:\/\/schema.org","@graph":[{"@type":"WebPage","@id":"https:\/\/vittra.se\/gerdsken\/om\/fritidshem\/","url":"https:\/\/vittra.se\/gerdsken\/om\/fritidshem\/","name":"Vittra Gerdsken | Fritidshem i Alings\u00e5s","isPartOf":{"@id":"https:\/\/vittra.se\/gerdsken\/#website"},"datePublished":"2020-09-01T20:07:29+00:00","dateModified":"2025-02-05T09:41:17+00:00","description":"Vittra Gerdsken \u00e4r en skola med fritidsverksamhet i Alings\u00e5s. V\u00e5rt fritidshem \u00e4r en naturlig f\u00f6rl\u00e4ngning av skoldagen med olika aktiviteter att v\u00e4lja p\u00e5.","breadcrumb":{"@id":"https:\/\/vittra.se\/gerdsken\/om\/fritidshem\/#breadcrumb"},"inLanguage":"sv-SE","potentialAction":[{"@type":"ReadAction","target":["https:\/\/vittra.se\/gerdsken\/om\/fritidshem\/"]}]},{"@type":"BreadcrumbList","@id":"https:\/\/vittra.se\/gerdsken\/om\/fritidshem\/#breadcrumb","itemListElement":[{"@type":"ListItem","position":1,"name":"Start","item":"https:\/\/vittra.se\/gerdsken\/"},{"@type":"ListItem","position":2,"name":"Om skolan","item":"https:\/\/vittra.se\/gerdsken\/om\/"},{"@type":"ListItem","position":3,"name":"Fritidshem"}]},{"@type":"WebSite","@id":"https:\/\/vittra.se\/gerdsken\/#website","url":"https:\/\/vittra.se\/gerdsken\/","name":"Gerdsken","description":"Kunskap att f\u00f6r\u00e4ndra. Mod att p\u00e5verka.","potentialAction":[{"@type":"SearchAction","target":{"@type":"EntryPoint","urlTemplate":"https:\/\/vittra.se\/gerdsken\/?s={search_term_string}"},"query-input":"required name=search_term_string"}],"inLanguage":"sv-SE"}]}},"_links":{"self":[{"href":"https:\/\/vittra.se\/gerdsken\/wp-json\/wp\/v2\/pages\/28"}],"collection":[{"href":"https:\/\/vittra.se\/gerdsken\/wp-json\/wp\/v2\/pages"}],"about":[{"href":"https:\/\/vittra.se\/gerdsken\/wp-json\/wp\/v2\/types\/page"}],"author":[{"embeddable":true,"href":"https:\/\/vittra.se\/gerdsken\/wp-json\/wp\/v2\/users\/1"}],"replies":[{"embeddable":true,"href":"https:\/\/vittra.se\/gerdsken\/wp-json\/wp\/v2\/comments?post=28"}],"version-history":[{"count":10,"href":"https:\/\/vittra.se\/gerdsken\/wp-json\/wp\/v2\/pages\/28\/revisions"}],"predecessor-version":[{"id":1307,"href":"https:\/\/vittra.se\/gerdsken\/wp-json\/wp\/v2\/pages\/28\/revisions\/1307"}],"up":[{"embeddable":true,"href":"https:\/\/vittra.se\/gerdsken\/wp-json\/wp\/v2\/pages\/20"}],"wp:attachment":[{"href":"https:\/\/vittra.se\/gerdsken\/wp-json\/wp\/v2\/media?parent=28"}],"curies":[{"name":"wp","href":"https:\/\/api.w.org\/{rel}","templated":true}]}}