{"id":25,"date":"2020-09-01T22:07:07","date_gmt":"2020-09-01T20:07:07","guid":{"rendered":"https:\/\/vittra.se\/kopieringsunderlag\/?page_id=25"},"modified":"2026-03-10T14:57:27","modified_gmt":"2026-03-10T13:57:27","slug":"grundskola","status":"publish","type":"page","link":"https:\/\/vittra.se\/gerdsken\/om\/grundskola\/","title":{"rendered":"Grundskola"},"content":{"rendered":"\n\t\n\t\n\t\n\n\t\n\t\n\t\t\n<section  class=\"c-block l-stacked  \" data-color-scheme=\"\">\n\t<div class=\"ams-fifty ams-fifty--container ams-fifty--right ams-fifty--bottom l-container u-pt-fluid-2xl-4xl u-pb-fluid-md-xl\">\n\t\t<div class=\"ams-fifty__content l-stack l-stack-xl is-left is-left@lg\">\n\t\t\t<div class=\"ams-fifty__text l-stack l-stack-lg\">\n\t\t\t\t\t\n\t<h2\n\tclass=\"c-heading u-font-title-1 \"\n\tstyle=\"\">\n\t\t\n\t\t\t\t\t\t\t\t\tVittra Gerdsken, en grundskola i Alings\u00e5s\n\t\t\t\t<span class=\"c-heading__sub is-below u-font-title-3\">\n\t\t\t\t\tF\u00f6rskoleklass till \u00e5rskurs 9\n\t\t\t\t<\/span>\n\t\t\t\t\t\t\t\n\t<\/h2>\n\n\t\t\t\t\t\t\t\t\t<div class=\"text l-stack u-font-body\">\n\t\t\t\t\t\t<p>P\u00e5 Vittra Gerdskens grundskola i Alings\u00e5s g\u00e5r elever fr\u00e5n f\u00f6rskoleklass upp till \u00e5rskurs 9. Vi delar in v\u00e5ra \u00e5rskurser i miniorer som motsvarar l\u00e5gstadiet, juniorer som motsvarar mellanstadiet och seniorer som motsvarar h\u00f6gstadiet.<\/p>\n<p>Hos oss st\u00e5r det medvetna l\u00e4randet i fokus \u2013 att eleverna f\u00f6rst blir medvetna om sig sj\u00e4lva och sin utveckling, f\u00f6r att d\u00e4refter l\u00e4ra sig om samh\u00e4llet och hur de kan p\u00e5verka det. H\u00e4r kan du l\u00e4sa mer om vad det inneb\u00e4r.<\/p>\n\n\t\t\t\t\t<\/div>\n\t\t\t\t\t\t\t<\/div>\n\n\t\t\t\t\t<\/div>\n\n\t\t <div class=\"ams-fifty__media u-ratio-landscape\">\n\t\t \t\t\t\t\t<img decoding=\"async\" width=\"600\" height=\"400\" src=\"https:\/\/vittra.se\/wp-content\/uploads\/sites\/8\/2026\/03\/vittrasamset202506fsk58-600x400.jpg\" class=\"attachment-md size-md\" alt=\"Elever och l\u00e4rare som skriver.\" sizes=\"(min-width: 64em) 600px, calc(100vw - 160px)\" srcset=\"https:\/\/vittra.se\/wp-content\/uploads\/sites\/8\/2026\/03\/vittrasamset202506fsk58-600x400.jpg 600w, https:\/\/vittra.se\/wp-content\/uploads\/sites\/8\/2026\/03\/vittrasamset202506fsk58-300x200.jpg 300w, https:\/\/vittra.se\/wp-content\/uploads\/sites\/8\/2026\/03\/vittrasamset202506fsk58-400x267.jpg 400w, https:\/\/vittra.se\/wp-content\/uploads\/sites\/8\/2026\/03\/vittrasamset202506fsk58-800x534.jpg 800w, https:\/\/vittra.se\/wp-content\/uploads\/sites\/8\/2026\/03\/vittrasamset202506fsk58.jpg 1000w\" \/>\n\t\t\t\n\t\t\t\n\t\t\t\t\t<\/div>\n\t<\/div>\n\n\t\t\n\n<\/section>\n\n\n\n\t\n\t\n\t\n\n\t\n\t\n\t\t\n<section  class=\"c-block l-stacked  \" data-color-scheme=\"primar2\">\n\t<div class=\"ams-fifty ams-fifty--container ams-fifty--right ams-fifty--bottom l-container u-pt-fluid-2xl-4xl u-pb-fluid-Ingen\">\n\t\t<div class=\"ams-fifty__content l-stack l-stack-xl is-left is-left@lg\">\n\t\t\t<div class=\"ams-fifty__text l-stack l-stack-lg\">\n\t\t\t\t\t\n\t<h1\n\tclass=\"c-heading u-font-title-1 \"\n\tstyle=\"\">\n\t\t\n\t\t\t\t\t\t\t\t\tEn vanlig dag \n\t\t\t\t<span class=\"c-heading__sub is-below u-font-title-3\">\n\t\t\t\t\tP\u00e5 v\u00e5rt h\u00f6gstadium\n\t\t\t\t<\/span>\n\t\t\t\t\t\t\t\n\t<\/h1>\n\n\t\t\t\t\t\t\t\t\t<div class=\"text l-stack u-font-body\">\n\t\t\t\t\t\t<p><strong>En tydlig start p\u00e5 varje dag<\/strong><br \/>\nVarje dag ser liknande ut f\u00f6r struktur och trygghet. De b\u00f6rjar t.ex. med en samling d\u00e4r de tr\u00e4ffar sina ansvarspedagoger. P\u00e5 morgonen samlas mobilerna in och vi har ocks\u00e5 placering i klassrummen s\u00e5 eleverna vet vart de ska sitta.<\/p>\n<p><strong>Undervisning som engagerar<\/strong><br \/>\nTrots en struktur har vi utrymme f\u00f6r att g\u00f6ra saker inom \u00e4mnen som blir intressanta och sp\u00e4nnande f\u00f6r eleverna. Det kan vara bes\u00f6k eller studiebes\u00f6k, t\u00e4vlingar, kooperativt arbete eller \u00e4mnes\u00f6vergripande f\u00f6r att undervisningen ska bli mer intressant.<\/p>\n<p><strong>Rast, r\u00f6relse och gemenskap<\/strong><br \/>\nDet g\u00e5r inte att komma ifr\u00e5n att eleverna gillar rast och de gillar att \u00e4ta i v\u00e5r matsal som serverar supergod mat. M\u00e5nga gillar att vi har idrott p\u00e5 Voltflip eller att spela pingis p\u00e5 rasten. Speciellt fredagar \u00e4r det en h\u00e4rlig st\u00e4mning r\u00e4tt igenom. Vad de tycker \u00e4r roligast i \u00e4mnen varierar s\u00e5klart men t\u00e4vlingar och studiebes\u00f6k \u00e4r uppskattade inslag.<\/p>\n\n\t\t\t\t\t<\/div>\n\t\t\t\t\t\t\t<\/div>\n\n\t\t\t\t\t<\/div>\n\n\t\t <div class=\"ams-fifty__media u-ratio-square\">\n\t\t \t\t\t\t\t<img decoding=\"async\" width=\"600\" height=\"600\" src=\"https:\/\/vittra.se\/wp-content\/uploads\/sites\/8\/2024\/09\/vittra-grundskola-202404-600x600.jpg\" class=\"attachment-md size-md\" alt=\"H\u00f6gstadieelev sitter i klassrummet med en bok framf\u00f6r sig.\" sizes=\"(min-width: 64em) 600px, calc(100vw - 160px)\" srcset=\"https:\/\/vittra.se\/wp-content\/uploads\/sites\/8\/2024\/09\/vittra-grundskola-202404-600x600.jpg 600w, https:\/\/vittra.se\/wp-content\/uploads\/sites\/8\/2024\/09\/vittra-grundskola-202404-150x150.jpg 150w, https:\/\/vittra.se\/wp-content\/uploads\/sites\/8\/2024\/09\/vittra-grundskola-202404-300x300.jpg 300w, https:\/\/vittra.se\/wp-content\/uploads\/sites\/8\/2024\/09\/vittra-grundskola-202404-400x400.jpg 400w, https:\/\/vittra.se\/wp-content\/uploads\/sites\/8\/2024\/09\/vittra-grundskola-202404-800x801.jpg 800w, https:\/\/vittra.se\/wp-content\/uploads\/sites\/8\/2024\/09\/vittra-grundskola-202404-1024x1025.jpg 1024w, https:\/\/vittra.se\/wp-content\/uploads\/sites\/8\/2024\/09\/vittra-grundskola-202404-1200x1201.jpg 1200w, https:\/\/vittra.se\/wp-content\/uploads\/sites\/8\/2024\/09\/vittra-grundskola-202404.jpg 1317w\" \/>\n\t\t\t\n\t\t\t\n\t\t\t\t\t<\/div>\n\t<\/div>\n\n\t\t\n\n<\/section>\n\n\n\n\n<section  class=\"ams-cta ams-cta--stacked c-block l-stacked\">\n\t<div class=\"l-container l-stack l-stack-fluid-2xl u-pt-fluid-3xl-6xl u-pb-fluid-3xl-6xl is-center is-center@md\">\n\t\t\t\t\t<div class=\"ams-cta__intro l-stack l-stack-lg\">\n\t\t\t\t\t\n\t<h2\n\tclass=\"c-heading u-font-title-1 \"\n\tstyle=\"\">\n\t\t\n\t\t\t\t\tVill du l\u00e4sa mer om hur vi jobbar?\n\t\t\t\t\n\t<\/h2>\n\n\t\t\t\t\t\t\t<\/div>\n\t\t\n\t\t\n\t\t\t<div class=\"ams-cta__action u-inline-items\">\n\t\t\t\t\t\t\t\n\n\n<a href=\"https:\/\/vittra.se\/gerdsken\/om\/\"\n\t\n\tclass=\"c-btn \"\n\tdata-style=\"round\"\n\tdata-size=\"md\"\n\tdata-width=\"full-mobile\"\n\tdata-variant=\"default\"\n\ttarget=\"_self\">\n\t\t\t<span class=\"label\"> Om skolan och v\u00e5r pedagogik<\/span>\n\t\t\t<\/a>\n\t\t\t<\/div>\n\t<\/div>\n\n\t\t\n\n<\/section>\n","protected":false},"excerpt":{"rendered":"","protected":false},"author":1,"featured_media":0,"parent":20,"menu_order":0,"comment_status":"closed","ping_status":"closed","template":"","meta":{"footnotes":""},"yoast_head":"<!-- This site is optimized with the Yoast SEO plugin v22.0 - https:\/\/yoast.com\/wordpress\/plugins\/seo\/ -->\n<title>Vittra Gerdsken | Grundskola i Alings\u00e5s<\/title>\n<meta name=\"description\" content=\"Vittra Gerdsken \u00e4r en grundskola i Alings\u00e5s. Vi har akademisk standard med struktur och medvetet l\u00e4rande som st\u00e4rker elevens personliga utveckling.\" \/>\n<meta name=\"robots\" content=\"index, follow, max-snippet:-1, max-image-preview:large, max-video-preview:-1\" \/>\n<link rel=\"canonical\" href=\"https:\/\/vittra.se\/gerdsken\/om\/grundskola\/\" \/>\n<meta property=\"og:locale\" content=\"sv_SE\" \/>\n<meta property=\"og:type\" content=\"article\" \/>\n<meta property=\"og:title\" content=\"Vittra Gerdsken | Grundskola i Alings\u00e5s\" \/>\n<meta property=\"og:description\" content=\"Vittra Gerdsken \u00e4r en grundskola i Alings\u00e5s. Vi har akademisk standard med struktur och medvetet l\u00e4rande som st\u00e4rker elevens personliga utveckling.\" \/>\n<meta property=\"og:url\" content=\"https:\/\/vittra.se\/gerdsken\/om\/grundskola\/\" \/>\n<meta property=\"og:site_name\" content=\"Gerdsken\" \/>\n<meta property=\"article:modified_time\" content=\"2026-03-10T13:57:27+00:00\" \/>\n<meta name=\"twitter:card\" content=\"summary_large_image\" \/>\n<meta name=\"twitter:title\" content=\"Vittra Gerdsken | Grundskola i Alings\u00e5s\" \/>\n<meta name=\"twitter:description\" content=\"Vittra Gerdsken \u00e4r en grundskola i Alings\u00e5s. Vi har akademisk standard med struktur och medvetet l\u00e4rande som st\u00e4rker elevens personliga utveckling.\" \/>\n<script type=\"application\/ld+json\" class=\"yoast-schema-graph\">{\"@context\":\"https:\/\/schema.org\",\"@graph\":[{\"@type\":\"WebPage\",\"@id\":\"https:\/\/vittra.se\/gerdsken\/om\/grundskola\/\",\"url\":\"https:\/\/vittra.se\/gerdsken\/om\/grundskola\/\",\"name\":\"Vittra Gerdsken | Grundskola i Alings\u00e5s\",\"isPartOf\":{\"@id\":\"https:\/\/vittra.se\/gerdsken\/#website\"},\"datePublished\":\"2020-09-01T20:07:07+00:00\",\"dateModified\":\"2026-03-10T13:57:27+00:00\",\"description\":\"Vittra Gerdsken \u00e4r en grundskola i Alings\u00e5s. Vi har akademisk standard med struktur och medvetet l\u00e4rande som st\u00e4rker elevens personliga utveckling.\",\"breadcrumb\":{\"@id\":\"https:\/\/vittra.se\/gerdsken\/om\/grundskola\/#breadcrumb\"},\"inLanguage\":\"sv-SE\",\"potentialAction\":[{\"@type\":\"ReadAction\",\"target\":[\"https:\/\/vittra.se\/gerdsken\/om\/grundskola\/\"]}]},{\"@type\":\"BreadcrumbList\",\"@id\":\"https:\/\/vittra.se\/gerdsken\/om\/grundskola\/#breadcrumb\",\"itemListElement\":[{\"@type\":\"ListItem\",\"position\":1,\"name\":\"Start\",\"item\":\"https:\/\/vittra.se\/gerdsken\/\"},{\"@type\":\"ListItem\",\"position\":2,\"name\":\"Om skolan\",\"item\":\"https:\/\/vittra.se\/gerdsken\/om\/\"},{\"@type\":\"ListItem\",\"position\":3,\"name\":\"Grundskola\"}]},{\"@type\":\"WebSite\",\"@id\":\"https:\/\/vittra.se\/gerdsken\/#website\",\"url\":\"https:\/\/vittra.se\/gerdsken\/\",\"name\":\"Gerdsken\",\"description\":\"Kunskap att f\u00f6r\u00e4ndra. Mod att p\u00e5verka.\",\"potentialAction\":[{\"@type\":\"SearchAction\",\"target\":{\"@type\":\"EntryPoint\",\"urlTemplate\":\"https:\/\/vittra.se\/gerdsken\/?s={search_term_string}\"},\"query-input\":\"required name=search_term_string\"}],\"inLanguage\":\"sv-SE\"}]}<\/script>\n<!-- \/ Yoast SEO plugin. -->","yoast_head_json":{"title":"Vittra Gerdsken | Grundskola i Alings\u00e5s","description":"Vittra Gerdsken \u00e4r en grundskola i Alings\u00e5s. Vi har akademisk standard med struktur och medvetet l\u00e4rande som st\u00e4rker elevens personliga utveckling.","robots":{"index":"index","follow":"follow","max-snippet":"max-snippet:-1","max-image-preview":"max-image-preview:large","max-video-preview":"max-video-preview:-1"},"canonical":"https:\/\/vittra.se\/gerdsken\/om\/grundskola\/","og_locale":"sv_SE","og_type":"article","og_title":"Vittra Gerdsken | Grundskola i Alings\u00e5s","og_description":"Vittra Gerdsken \u00e4r en grundskola i Alings\u00e5s. Vi har akademisk standard med struktur och medvetet l\u00e4rande som st\u00e4rker elevens personliga utveckling.","og_url":"https:\/\/vittra.se\/gerdsken\/om\/grundskola\/","og_site_name":"Gerdsken","article_modified_time":"2026-03-10T13:57:27+00:00","twitter_card":"summary_large_image","twitter_title":"Vittra Gerdsken | Grundskola i Alings\u00e5s","twitter_description":"Vittra Gerdsken \u00e4r en grundskola i Alings\u00e5s. Vi har akademisk standard med struktur och medvetet l\u00e4rande som st\u00e4rker elevens personliga utveckling.","schema":{"@context":"https:\/\/schema.org","@graph":[{"@type":"WebPage","@id":"https:\/\/vittra.se\/gerdsken\/om\/grundskola\/","url":"https:\/\/vittra.se\/gerdsken\/om\/grundskola\/","name":"Vittra Gerdsken | Grundskola i Alings\u00e5s","isPartOf":{"@id":"https:\/\/vittra.se\/gerdsken\/#website"},"datePublished":"2020-09-01T20:07:07+00:00","dateModified":"2026-03-10T13:57:27+00:00","description":"Vittra Gerdsken \u00e4r en grundskola i Alings\u00e5s. Vi har akademisk standard med struktur och medvetet l\u00e4rande som st\u00e4rker elevens personliga utveckling.","breadcrumb":{"@id":"https:\/\/vittra.se\/gerdsken\/om\/grundskola\/#breadcrumb"},"inLanguage":"sv-SE","potentialAction":[{"@type":"ReadAction","target":["https:\/\/vittra.se\/gerdsken\/om\/grundskola\/"]}]},{"@type":"BreadcrumbList","@id":"https:\/\/vittra.se\/gerdsken\/om\/grundskola\/#breadcrumb","itemListElement":[{"@type":"ListItem","position":1,"name":"Start","item":"https:\/\/vittra.se\/gerdsken\/"},{"@type":"ListItem","position":2,"name":"Om skolan","item":"https:\/\/vittra.se\/gerdsken\/om\/"},{"@type":"ListItem","position":3,"name":"Grundskola"}]},{"@type":"WebSite","@id":"https:\/\/vittra.se\/gerdsken\/#website","url":"https:\/\/vittra.se\/gerdsken\/","name":"Gerdsken","description":"Kunskap att f\u00f6r\u00e4ndra. Mod att p\u00e5verka.","potentialAction":[{"@type":"SearchAction","target":{"@type":"EntryPoint","urlTemplate":"https:\/\/vittra.se\/gerdsken\/?s={search_term_string}"},"query-input":"required name=search_term_string"}],"inLanguage":"sv-SE"}]}},"_links":{"self":[{"href":"https:\/\/vittra.se\/gerdsken\/wp-json\/wp\/v2\/pages\/25"}],"collection":[{"href":"https:\/\/vittra.se\/gerdsken\/wp-json\/wp\/v2\/pages"}],"about":[{"href":"https:\/\/vittra.se\/gerdsken\/wp-json\/wp\/v2\/types\/page"}],"author":[{"embeddable":true,"href":"https:\/\/vittra.se\/gerdsken\/wp-json\/wp\/v2\/users\/1"}],"replies":[{"embeddable":true,"href":"https:\/\/vittra.se\/gerdsken\/wp-json\/wp\/v2\/comments?post=25"}],"version-history":[{"count":9,"href":"https:\/\/vittra.se\/gerdsken\/wp-json\/wp\/v2\/pages\/25\/revisions"}],"predecessor-version":[{"id":1507,"href":"https:\/\/vittra.se\/gerdsken\/wp-json\/wp\/v2\/pages\/25\/revisions\/1507"}],"up":[{"embeddable":true,"href":"https:\/\/vittra.se\/gerdsken\/wp-json\/wp\/v2\/pages\/20"}],"wp:attachment":[{"href":"https:\/\/vittra.se\/gerdsken\/wp-json\/wp\/v2\/media?parent=25"}],"curies":[{"name":"wp","href":"https:\/\/api.w.org\/{rel}","templated":true}]}}