{"id":23,"date":"2020-09-01T22:06:54","date_gmt":"2020-09-01T20:06:54","guid":{"rendered":"https:\/\/vittra.se\/kopieringsunderlag\/?page_id=23"},"modified":"2026-03-09T13:45:40","modified_gmt":"2026-03-09T12:45:40","slug":"forskola","status":"publish","type":"page","link":"https:\/\/vittra.se\/gerdsken\/om\/forskola\/","title":{"rendered":"F\u00f6rskola"},"content":{"rendered":"","protected":false},"excerpt":{"rendered":"","protected":false},"author":1,"featured_media":0,"parent":20,"menu_order":0,"comment_status":"closed","ping_status":"closed","template":"","meta":{"footnotes":""},"yoast_head":"<!-- This site is optimized with the Yoast SEO plugin v22.0 - https:\/\/yoast.com\/wordpress\/plugins\/seo\/ -->\n<title>Vittra Gerdsken | F\u00f6rskola i Alings\u00e5s<\/title>\n<meta name=\"description\" content=\"Vittra Gerdsken \u00e4r en f\u00f6rskola i Alings\u00e5s. Vi har en samh\u00e4llsf\u00f6rankrad pedagogik som ger trygga och modiga individer med f\u00f6rm\u00e5ga att samarbeta.\" \/>\n<meta name=\"robots\" content=\"index, follow, max-snippet:-1, max-image-preview:large, max-video-preview:-1\" \/>\n<link rel=\"canonical\" href=\"https:\/\/vittra.se\/gerdsken\/om\/forskola\/\" \/>\n<meta property=\"og:locale\" content=\"sv_SE\" \/>\n<meta property=\"og:type\" content=\"article\" \/>\n<meta property=\"og:title\" content=\"Vittra Gerdsken | F\u00f6rskola i Alings\u00e5s\" \/>\n<meta property=\"og:description\" content=\"Vittra Gerdsken \u00e4r en f\u00f6rskola i Alings\u00e5s. Vi har en samh\u00e4llsf\u00f6rankrad pedagogik som ger trygga och modiga individer med f\u00f6rm\u00e5ga att samarbeta.\" \/>\n<meta property=\"og:url\" content=\"https:\/\/vittra.se\/gerdsken\/om\/forskola\/\" \/>\n<meta property=\"og:site_name\" content=\"Gerdsken\" \/>\n<meta property=\"article:modified_time\" content=\"2026-03-09T12:45:40+00:00\" \/>\n<meta name=\"twitter:card\" content=\"summary_large_image\" \/>\n<meta name=\"twitter:title\" content=\"Vittra Gerdsken | F\u00f6rskola i Alings\u00e5s\" \/>\n<meta name=\"twitter:description\" content=\"Vittra Gerdsken \u00e4r en f\u00f6rskola i Alings\u00e5s. Vi har en samh\u00e4llsf\u00f6rankrad pedagogik som ger trygga och modiga individer med f\u00f6rm\u00e5ga att samarbeta.\" \/>\n<script type=\"application\/ld+json\" class=\"yoast-schema-graph\">{\"@context\":\"https:\/\/schema.org\",\"@graph\":[{\"@type\":\"WebPage\",\"@id\":\"https:\/\/vittra.se\/gerdsken\/om\/forskola\/\",\"url\":\"https:\/\/vittra.se\/gerdsken\/om\/forskola\/\",\"name\":\"Vittra Gerdsken | F\u00f6rskola i Alings\u00e5s\",\"isPartOf\":{\"@id\":\"https:\/\/vittra.se\/gerdsken\/#website\"},\"datePublished\":\"2020-09-01T20:06:54+00:00\",\"dateModified\":\"2026-03-09T12:45:40+00:00\",\"description\":\"Vittra Gerdsken \u00e4r en f\u00f6rskola i Alings\u00e5s. Vi har en samh\u00e4llsf\u00f6rankrad pedagogik som ger trygga och modiga individer med f\u00f6rm\u00e5ga att samarbeta.\",\"breadcrumb\":{\"@id\":\"https:\/\/vittra.se\/gerdsken\/om\/forskola\/#breadcrumb\"},\"inLanguage\":\"sv-SE\",\"potentialAction\":[{\"@type\":\"ReadAction\",\"target\":[\"https:\/\/vittra.se\/gerdsken\/om\/forskola\/\"]}]},{\"@type\":\"BreadcrumbList\",\"@id\":\"https:\/\/vittra.se\/gerdsken\/om\/forskola\/#breadcrumb\",\"itemListElement\":[{\"@type\":\"ListItem\",\"position\":1,\"name\":\"Start\",\"item\":\"https:\/\/vittra.se\/gerdsken\/\"},{\"@type\":\"ListItem\",\"position\":2,\"name\":\"Om skolan\",\"item\":\"https:\/\/vittra.se\/gerdsken\/om\/\"},{\"@type\":\"ListItem\",\"position\":3,\"name\":\"F\u00f6rskola\"}]},{\"@type\":\"WebSite\",\"@id\":\"https:\/\/vittra.se\/gerdsken\/#website\",\"url\":\"https:\/\/vittra.se\/gerdsken\/\",\"name\":\"Gerdsken\",\"description\":\"Kunskap att f\u00f6r\u00e4ndra. Mod att p\u00e5verka.\",\"potentialAction\":[{\"@type\":\"SearchAction\",\"target\":{\"@type\":\"EntryPoint\",\"urlTemplate\":\"https:\/\/vittra.se\/gerdsken\/?s={search_term_string}\"},\"query-input\":\"required name=search_term_string\"}],\"inLanguage\":\"sv-SE\"}]}<\/script>\n<!-- \/ Yoast SEO plugin. -->","yoast_head_json":{"title":"Vittra Gerdsken | F\u00f6rskola i Alings\u00e5s","description":"Vittra Gerdsken \u00e4r en f\u00f6rskola i Alings\u00e5s. Vi har en samh\u00e4llsf\u00f6rankrad pedagogik som ger trygga och modiga individer med f\u00f6rm\u00e5ga att samarbeta.","robots":{"index":"index","follow":"follow","max-snippet":"max-snippet:-1","max-image-preview":"max-image-preview:large","max-video-preview":"max-video-preview:-1"},"canonical":"https:\/\/vittra.se\/gerdsken\/om\/forskola\/","og_locale":"sv_SE","og_type":"article","og_title":"Vittra Gerdsken | F\u00f6rskola i Alings\u00e5s","og_description":"Vittra Gerdsken \u00e4r en f\u00f6rskola i Alings\u00e5s. Vi har en samh\u00e4llsf\u00f6rankrad pedagogik som ger trygga och modiga individer med f\u00f6rm\u00e5ga att samarbeta.","og_url":"https:\/\/vittra.se\/gerdsken\/om\/forskola\/","og_site_name":"Gerdsken","article_modified_time":"2026-03-09T12:45:40+00:00","twitter_card":"summary_large_image","twitter_title":"Vittra Gerdsken | F\u00f6rskola i Alings\u00e5s","twitter_description":"Vittra Gerdsken \u00e4r en f\u00f6rskola i Alings\u00e5s. Vi har en samh\u00e4llsf\u00f6rankrad pedagogik som ger trygga och modiga individer med f\u00f6rm\u00e5ga att samarbeta.","schema":{"@context":"https:\/\/schema.org","@graph":[{"@type":"WebPage","@id":"https:\/\/vittra.se\/gerdsken\/om\/forskola\/","url":"https:\/\/vittra.se\/gerdsken\/om\/forskola\/","name":"Vittra Gerdsken | F\u00f6rskola i Alings\u00e5s","isPartOf":{"@id":"https:\/\/vittra.se\/gerdsken\/#website"},"datePublished":"2020-09-01T20:06:54+00:00","dateModified":"2026-03-09T12:45:40+00:00","description":"Vittra Gerdsken \u00e4r en f\u00f6rskola i Alings\u00e5s. Vi har en samh\u00e4llsf\u00f6rankrad pedagogik som ger trygga och modiga individer med f\u00f6rm\u00e5ga att samarbeta.","breadcrumb":{"@id":"https:\/\/vittra.se\/gerdsken\/om\/forskola\/#breadcrumb"},"inLanguage":"sv-SE","potentialAction":[{"@type":"ReadAction","target":["https:\/\/vittra.se\/gerdsken\/om\/forskola\/"]}]},{"@type":"BreadcrumbList","@id":"https:\/\/vittra.se\/gerdsken\/om\/forskola\/#breadcrumb","itemListElement":[{"@type":"ListItem","position":1,"name":"Start","item":"https:\/\/vittra.se\/gerdsken\/"},{"@type":"ListItem","position":2,"name":"Om skolan","item":"https:\/\/vittra.se\/gerdsken\/om\/"},{"@type":"ListItem","position":3,"name":"F\u00f6rskola"}]},{"@type":"WebSite","@id":"https:\/\/vittra.se\/gerdsken\/#website","url":"https:\/\/vittra.se\/gerdsken\/","name":"Gerdsken","description":"Kunskap att f\u00f6r\u00e4ndra. Mod att p\u00e5verka.","potentialAction":[{"@type":"SearchAction","target":{"@type":"EntryPoint","urlTemplate":"https:\/\/vittra.se\/gerdsken\/?s={search_term_string}"},"query-input":"required name=search_term_string"}],"inLanguage":"sv-SE"}]}},"_links":{"self":[{"href":"https:\/\/vittra.se\/gerdsken\/wp-json\/wp\/v2\/pages\/23"}],"collection":[{"href":"https:\/\/vittra.se\/gerdsken\/wp-json\/wp\/v2\/pages"}],"about":[{"href":"https:\/\/vittra.se\/gerdsken\/wp-json\/wp\/v2\/types\/page"}],"author":[{"embeddable":true,"href":"https:\/\/vittra.se\/gerdsken\/wp-json\/wp\/v2\/users\/1"}],"replies":[{"embeddable":true,"href":"https:\/\/vittra.se\/gerdsken\/wp-json\/wp\/v2\/comments?post=23"}],"version-history":[{"count":9,"href":"https:\/\/vittra.se\/gerdsken\/wp-json\/wp\/v2\/pages\/23\/revisions"}],"predecessor-version":[{"id":1498,"href":"https:\/\/vittra.se\/gerdsken\/wp-json\/wp\/v2\/pages\/23\/revisions\/1498"}],"up":[{"embeddable":true,"href":"https:\/\/vittra.se\/gerdsken\/wp-json\/wp\/v2\/pages\/20"}],"wp:attachment":[{"href":"https:\/\/vittra.se\/gerdsken\/wp-json\/wp\/v2\/media?parent=23"}],"curies":[{"name":"wp","href":"https:\/\/api.w.org\/{rel}","templated":true}]}}