{"id":1479,"date":"2026-03-09T13:15:00","date_gmt":"2026-03-09T12:15:00","guid":{"rendered":"https:\/\/vittra.se\/gerdsken\/?page_id=1479"},"modified":"2026-03-09T13:49:04","modified_gmt":"2026-03-09T12:49:04","slug":"inskolning-pa-forskolan","status":"publish","type":"page","link":"https:\/\/vittra.se\/gerdsken\/inskolning-pa-forskolan\/","title":{"rendered":"Inskolning p\u00e5 f\u00f6rskolan"},"content":{"rendered":"\n\t\n\t\n\t\n\n\t\n\t\n\t\t\n<section  class=\"c-block l-stacked  \" data-color-scheme=\"transparent\">\n\t<div class=\"ams-fifty ams-fifty--container ams-fifty--right ams-fifty--bottom l-container u-pt-fluid-2xl-4xl u-pb-fluid-md-xl\">\n\t\t<div class=\"ams-fifty__content l-stack l-stack-xl is-left is-left@lg\">\n\t\t\t<div class=\"ams-fifty__text l-stack l-stack-lg\">\n\t\t\t\t\t\n\t<h2\n\tclass=\"c-heading u-font-title-1 \"\n\tstyle=\"\">\n\t\t\n\t\t\t\t\tInskolning p\u00e5 f\u00f6rskolan\n\t\t\t\t\n\t<\/h2>\n\n\t\t\t\t\t\t\t\t\t<div class=\"text l-stack u-font-body\">\n\t\t\t\t\t\t<p>N\u00e4r du tackat ja till din plats kontaktar vi dig och bokar in ett bes\u00f6k och datum f\u00f6r inskolning.<\/p>\n<p>Vi har en 3-dagars f\u00f6r\u00e4ldraaktiv inskolning. Det inneb\u00e4r att du som f\u00f6r\u00e4lder \u00e4r med ditt barn 9.00\u201314.00 under inskolningens f\u00f6rsta tre dagar, s\u00e5 att ditt barn kan l\u00e4ra k\u00e4nna pedagogerna och blir trygg i milj\u00f6n. Du \u00e4r d\u00e5 aktiv i verksamheten, tar hand om ditt barn och till exempel byter bl\u00f6jor. Resterande dagar, av den totalt tv\u00e5 veckor l\u00e5nga inskolningen, vill vi att du \u00e4r p\u00e5 stand-by p\u00e5 telefon.<\/p>\n<p>Ta med bl\u00f6jor och extrakl\u00e4der, exempelvis regnkl\u00e4der och gummist\u00f6vlar och ett ombyte (strumpor, underkl\u00e4der, \u00f6verdel och underdel). F\u00f6r de barn som sover ute under dagen beh\u00f6vs en vagn. Ta \u00e4ven med en snuttefilt och napp om ditt barn anv\u00e4nder det.<\/p>\n\n\t\t\t\t\t<\/div>\n\t\t\t\t\t\t\t<\/div>\n\n\t\t\t\t\t<\/div>\n\n\t\t <div class=\"ams-fifty__media u-ratio-landscape\">\n\t\t \t\t\t\t\t<img decoding=\"async\" width=\"600\" height=\"400\" src=\"https:\/\/vittra.se\/wp-content\/uploads\/sites\/8\/2023\/03\/vittraforskola202205.jpg\" class=\"attachment-md size-md\" alt=\"Fyra barn p\u00e5 en f\u00f6rskola p\u00e5 Vittra sitter och tittar p\u00e5 en jordglob tillsammans.\" sizes=\"(min-width: 64em) 600px, calc(100vw - 160px)\" srcset=\"https:\/\/vittra.se\/wp-content\/uploads\/sites\/8\/2023\/03\/vittraforskola202205.jpg 1980w, https:\/\/vittra.se\/wp-content\/uploads\/sites\/8\/2023\/03\/vittraforskola202205-300x200.jpg 300w, https:\/\/vittra.se\/wp-content\/uploads\/sites\/8\/2023\/03\/vittraforskola202205-1024x683.jpg 1024w, https:\/\/vittra.se\/wp-content\/uploads\/sites\/8\/2023\/03\/vittraforskola202205-768x512.jpg 768w, https:\/\/vittra.se\/wp-content\/uploads\/sites\/8\/2023\/03\/vittraforskola202205-1536x1024.jpg 1536w, https:\/\/vittra.se\/wp-content\/uploads\/sites\/8\/2023\/03\/vittraforskola202205-1920x1280.jpg 1920w, https:\/\/vittra.se\/wp-content\/uploads\/sites\/8\/2023\/03\/vittraforskola202205-500x333.jpg 500w, https:\/\/vittra.se\/wp-content\/uploads\/sites\/8\/2023\/03\/vittraforskola202205-340x227.jpg 340w, https:\/\/vittra.se\/wp-content\/uploads\/sites\/8\/2023\/03\/vittraforskola202205-1100x733.jpg 1100w, https:\/\/vittra.se\/wp-content\/uploads\/sites\/8\/2023\/03\/vittraforskola202205-1000x667.jpg 1000w\" \/>\n\t\t\t\n\t\t\t\n\t\t\t\t\t<\/div>\n\t<\/div>\n\n\t\t\n\n<\/section>\n\n\n\n\n<section  class=\"ams-cta ams-cta--stacked c-block l-stacked\" data-color-scheme=\"primar2\">\n\t<div class=\"l-container l-stack l-stack-fluid-2xl u-pt-fluid-2xl-4xl u-pb-fluid-2xl-4xl is-center is-center@md\">\n\t\t\t\t\t<div class=\"ams-cta__intro l-stack l-stack-lg\">\n\t\t\t\t\t\n\t<h2\n\tclass=\"c-heading u-font-title-1 \"\n\tstyle=\"\">\n\t\t\n\t\t\t\t\tTillbaka till f\u00f6rskolesidan\n\t\t\t\t\n\t<\/h2>\n\n\t\t\t\t\t\t\t<\/div>\n\t\t\n\t\t\n\t\t\t<div class=\"ams-cta__action u-inline-items\">\n\t\t\t\t\t\t\t\n\n\n<a href=\"https:\/\/vittra.se\/gerdsken\/om-var-forskola\/\"\n\t\n\tclass=\"c-btn \"\n\tdata-style=\"round\"\n\tdata-size=\"md\"\n\tdata-width=\"full-mobile\"\n\tdata-variant=\"default\"\n\ttarget=\"_self\">\n\t\t\t<span class=\"label\"> Om v\u00e5r f\u00f6rskola<\/span>\n\t\t\t<\/a>\n\t\t\t<\/div>\n\t<\/div>\n\n\t\t\n\n<\/section>\n","protected":false},"excerpt":{"rendered":"","protected":false},"author":93,"featured_media":0,"parent":0,"menu_order":0,"comment_status":"closed","ping_status":"closed","template":"","meta":{"footnotes":""},"yoast_head":"<!-- This site is optimized with the Yoast SEO plugin v22.0 - https:\/\/yoast.com\/wordpress\/plugins\/seo\/ -->\n<title>Gerdsken<\/title>\n<meta name=\"description\" content=\"N\u00e4r du har tackat ja till din f\u00f6rskoleplats kontaktar vi dig f\u00f6r att boka inskolning. L\u00e4s h\u00e4r f\u00f6r att f\u00e5 information om ditt barns inskolning.\" \/>\n<meta name=\"robots\" content=\"index, follow, max-snippet:-1, max-image-preview:large, max-video-preview:-1\" \/>\n<link rel=\"canonical\" href=\"https:\/\/vittra.se\/gerdsken\/inskolning-pa-forskolan\/\" \/>\n<meta property=\"og:locale\" content=\"sv_SE\" \/>\n<meta property=\"og:type\" content=\"article\" \/>\n<meta property=\"og:description\" content=\"N\u00e4r du har tackat ja till din f\u00f6rskoleplats kontaktar vi dig f\u00f6r att boka inskolning. L\u00e4s h\u00e4r f\u00f6r att f\u00e5 information om ditt barns inskolning.\" \/>\n<meta property=\"og:url\" content=\"https:\/\/vittra.se\/gerdsken\/inskolning-pa-forskolan\/\" \/>\n<meta property=\"og:site_name\" content=\"Gerdsken\" \/>\n<meta property=\"article:modified_time\" content=\"2026-03-09T12:49:04+00:00\" \/>\n<meta name=\"twitter:card\" content=\"summary_large_image\" \/>\n<meta name=\"twitter:description\" content=\"N\u00e4r du har tackat ja till din f\u00f6rskoleplats kontaktar vi dig f\u00f6r att boka inskolning. L\u00e4s h\u00e4r f\u00f6r att f\u00e5 information om ditt barns inskolning.\" \/>\n<script type=\"application\/ld+json\" class=\"yoast-schema-graph\">{\"@context\":\"https:\/\/schema.org\",\"@graph\":[{\"@type\":\"WebPage\",\"@id\":\"https:\/\/vittra.se\/gerdsken\/inskolning-pa-forskolan\/\",\"url\":\"https:\/\/vittra.se\/gerdsken\/inskolning-pa-forskolan\/\",\"name\":\"Inskolning p\u00e5 f\u00f6rskolan - Gerdsken\",\"isPartOf\":{\"@id\":\"https:\/\/vittra.se\/gerdsken\/#website\"},\"datePublished\":\"2026-03-09T12:15:00+00:00\",\"dateModified\":\"2026-03-09T12:49:04+00:00\",\"description\":\"N\u00e4r du har tackat ja till din f\u00f6rskoleplats kontaktar vi dig f\u00f6r att boka inskolning. L\u00e4s h\u00e4r f\u00f6r att f\u00e5 information om ditt barns inskolning.\",\"breadcrumb\":{\"@id\":\"https:\/\/vittra.se\/gerdsken\/inskolning-pa-forskolan\/#breadcrumb\"},\"inLanguage\":\"sv-SE\",\"potentialAction\":[{\"@type\":\"ReadAction\",\"target\":[\"https:\/\/vittra.se\/gerdsken\/inskolning-pa-forskolan\/\"]}]},{\"@type\":\"BreadcrumbList\",\"@id\":\"https:\/\/vittra.se\/gerdsken\/inskolning-pa-forskolan\/#breadcrumb\",\"itemListElement\":[{\"@type\":\"ListItem\",\"position\":1,\"name\":\"Start\",\"item\":\"https:\/\/vittra.se\/gerdsken\/\"},{\"@type\":\"ListItem\",\"position\":2,\"name\":\"Inskolning p\u00e5 f\u00f6rskolan\"}]},{\"@type\":\"WebSite\",\"@id\":\"https:\/\/vittra.se\/gerdsken\/#website\",\"url\":\"https:\/\/vittra.se\/gerdsken\/\",\"name\":\"Gerdsken\",\"description\":\"Kunskap att f\u00f6r\u00e4ndra. Mod att p\u00e5verka.\",\"potentialAction\":[{\"@type\":\"SearchAction\",\"target\":{\"@type\":\"EntryPoint\",\"urlTemplate\":\"https:\/\/vittra.se\/gerdsken\/?s={search_term_string}\"},\"query-input\":\"required name=search_term_string\"}],\"inLanguage\":\"sv-SE\"}]}<\/script>\n<!-- \/ Yoast SEO plugin. -->","yoast_head_json":{"title":"Gerdsken","description":"N\u00e4r du har tackat ja till din f\u00f6rskoleplats kontaktar vi dig f\u00f6r att boka inskolning. L\u00e4s h\u00e4r f\u00f6r att f\u00e5 information om ditt barns inskolning.","robots":{"index":"index","follow":"follow","max-snippet":"max-snippet:-1","max-image-preview":"max-image-preview:large","max-video-preview":"max-video-preview:-1"},"canonical":"https:\/\/vittra.se\/gerdsken\/inskolning-pa-forskolan\/","og_locale":"sv_SE","og_type":"article","og_description":"N\u00e4r du har tackat ja till din f\u00f6rskoleplats kontaktar vi dig f\u00f6r att boka inskolning. L\u00e4s h\u00e4r f\u00f6r att f\u00e5 information om ditt barns inskolning.","og_url":"https:\/\/vittra.se\/gerdsken\/inskolning-pa-forskolan\/","og_site_name":"Gerdsken","article_modified_time":"2026-03-09T12:49:04+00:00","twitter_card":"summary_large_image","twitter_description":"N\u00e4r du har tackat ja till din f\u00f6rskoleplats kontaktar vi dig f\u00f6r att boka inskolning. L\u00e4s h\u00e4r f\u00f6r att f\u00e5 information om ditt barns inskolning.","schema":{"@context":"https:\/\/schema.org","@graph":[{"@type":"WebPage","@id":"https:\/\/vittra.se\/gerdsken\/inskolning-pa-forskolan\/","url":"https:\/\/vittra.se\/gerdsken\/inskolning-pa-forskolan\/","name":"Inskolning p\u00e5 f\u00f6rskolan - Gerdsken","isPartOf":{"@id":"https:\/\/vittra.se\/gerdsken\/#website"},"datePublished":"2026-03-09T12:15:00+00:00","dateModified":"2026-03-09T12:49:04+00:00","description":"N\u00e4r du har tackat ja till din f\u00f6rskoleplats kontaktar vi dig f\u00f6r att boka inskolning. L\u00e4s h\u00e4r f\u00f6r att f\u00e5 information om ditt barns inskolning.","breadcrumb":{"@id":"https:\/\/vittra.se\/gerdsken\/inskolning-pa-forskolan\/#breadcrumb"},"inLanguage":"sv-SE","potentialAction":[{"@type":"ReadAction","target":["https:\/\/vittra.se\/gerdsken\/inskolning-pa-forskolan\/"]}]},{"@type":"BreadcrumbList","@id":"https:\/\/vittra.se\/gerdsken\/inskolning-pa-forskolan\/#breadcrumb","itemListElement":[{"@type":"ListItem","position":1,"name":"Start","item":"https:\/\/vittra.se\/gerdsken\/"},{"@type":"ListItem","position":2,"name":"Inskolning p\u00e5 f\u00f6rskolan"}]},{"@type":"WebSite","@id":"https:\/\/vittra.se\/gerdsken\/#website","url":"https:\/\/vittra.se\/gerdsken\/","name":"Gerdsken","description":"Kunskap att f\u00f6r\u00e4ndra. Mod att p\u00e5verka.","potentialAction":[{"@type":"SearchAction","target":{"@type":"EntryPoint","urlTemplate":"https:\/\/vittra.se\/gerdsken\/?s={search_term_string}"},"query-input":"required name=search_term_string"}],"inLanguage":"sv-SE"}]}},"_links":{"self":[{"href":"https:\/\/vittra.se\/gerdsken\/wp-json\/wp\/v2\/pages\/1479"}],"collection":[{"href":"https:\/\/vittra.se\/gerdsken\/wp-json\/wp\/v2\/pages"}],"about":[{"href":"https:\/\/vittra.se\/gerdsken\/wp-json\/wp\/v2\/types\/page"}],"author":[{"embeddable":true,"href":"https:\/\/vittra.se\/gerdsken\/wp-json\/wp\/v2\/users\/93"}],"replies":[{"embeddable":true,"href":"https:\/\/vittra.se\/gerdsken\/wp-json\/wp\/v2\/comments?post=1479"}],"version-history":[{"count":7,"href":"https:\/\/vittra.se\/gerdsken\/wp-json\/wp\/v2\/pages\/1479\/revisions"}],"predecessor-version":[{"id":1501,"href":"https:\/\/vittra.se\/gerdsken\/wp-json\/wp\/v2\/pages\/1479\/revisions\/1501"}],"wp:attachment":[{"href":"https:\/\/vittra.se\/gerdsken\/wp-json\/wp\/v2\/media?parent=1479"}],"curies":[{"name":"wp","href":"https:\/\/api.w.org\/{rel}","templated":true}]}}