{"id":1478,"date":"2026-03-09T13:15:00","date_gmt":"2026-03-09T12:15:00","guid":{"rendered":"https:\/\/vittra.se\/gerdsken\/?page_id=1478"},"modified":"2026-03-09T13:50:06","modified_gmt":"2026-03-09T12:50:06","slug":"om-var-forskola","status":"publish","type":"page","link":"https:\/\/vittra.se\/gerdsken\/om-var-forskola\/","title":{"rendered":"Om v\u00e5r f\u00f6rskola"},"content":{"rendered":"\n\t\n\t\n\t\n\n\t\n\t\n\t\t\n<section  class=\"c-block l-stacked  \" data-color-scheme=\"transparent\">\n\t<div class=\"ams-fifty ams-fifty--container ams-fifty--right ams-fifty--bottom l-container u-pt-fluid-3xl-6xl u-pb-fluid-3xl-6xl\">\n\t\t<div class=\"ams-fifty__content l-stack l-stack-xl is-left is-left@lg\">\n\t\t\t<div class=\"ams-fifty__text l-stack l-stack-lg\">\n\t\t\t\t\t\n\t<h2\n\tclass=\"c-heading u-font-title-1 \"\n\tstyle=\"\">\n\t\t\n\t\t\t\t\tF\u00f6rskolan p\u00e5 Vittra Gerdsken i Alings\u00e5s\n\t\t\t\t\n\t<\/h2>\n\n\t\t\t\t\t\t\t\t\t<div class=\"text l-stack u-font-body\">\n\t\t\t\t\t\t<p>P\u00e5 Vittra Gerdskens f\u00f6rskola i Alings\u00e5s g\u00e5r det 125 barn. F\u00f6rskolan best\u00e5r av tre avdelningar d\u00e4r varje avdelning delar upp sig i tre mindre grupper med ca 12-15 barn per grupp. V\u00e5ra yngsta barn g\u00e5r p\u00e5 avdelningen Upplevarna och v\u00e5ra \u00e4ldre barn \u00e4r f\u00f6rdelade p\u00e5 avdelningarna Utforskarna och Detektiverna.<\/p>\n<p>Redan fr\u00e5n ett \u00e5rs \u00e5lder, f\u00e5r barnen m\u00f6jlighet till att p\u00e5verka sin situation genom att g\u00f6ra sin r\u00f6st h\u00f6rd och k\u00e4nna sig som en del av n\u00e5got st\u00f6rre. Pedagogerna l\u00e4gger stor vikt vid att skapa trygghet och goda relationer som sedan ligger till grund f\u00f6r det kommande arbetet mot f\u00f6rskolans l\u00e4roplan.<\/p>\n<p>Hos oss erbjuder vi alla barn m\u00e5ltidssituationer i v\u00e5ra gemensamma lokaler d\u00e4r barnen m\u00f6ter en buff\u00e9 med n\u00e4ringsrik och god mat. Vi tror p\u00e5 kraften i nyfikna barn som kan vara sj\u00e4lvst\u00e4ndiga om de f\u00e5r m\u00f6jlighet. De yngre barnen som beh\u00f6ver sova g\u00f6r det utomhus i sin vagn med egen filt eller \u00e5kp\u00e5se.<\/p>\n\n\t\t\t\t\t<\/div>\n\t\t\t\t\t\t\t<\/div>\n\n\t\t\t\t\t<\/div>\n\n\t\t <div class=\"ams-fifty__media u-ratio-square\">\n\t\t \t\t\t\t\t<img decoding=\"async\" width=\"600\" height=\"400\" src=\"https:\/\/vittra.se\/wp-content\/uploads\/sites\/8\/2025\/11\/vittraadolfsberg202404forskola4-600x400.jpg\" class=\"attachment-md size-md\" alt=\"Barn och pedagog som l\u00e4ser.\" sizes=\"(min-width: 64em) 600px, calc(100vw - 160px)\" srcset=\"https:\/\/vittra.se\/wp-content\/uploads\/sites\/8\/2025\/11\/vittraadolfsberg202404forskola4-600x400.jpg 600w, https:\/\/vittra.se\/wp-content\/uploads\/sites\/8\/2025\/11\/vittraadolfsberg202404forskola4-300x200.jpg 300w, https:\/\/vittra.se\/wp-content\/uploads\/sites\/8\/2025\/11\/vittraadolfsberg202404forskola4-400x267.jpg 400w, https:\/\/vittra.se\/wp-content\/uploads\/sites\/8\/2025\/11\/vittraadolfsberg202404forskola4-800x533.jpg 800w, https:\/\/vittra.se\/wp-content\/uploads\/sites\/8\/2025\/11\/vittraadolfsberg202404forskola4-1024x682.jpg 1024w, https:\/\/vittra.se\/wp-content\/uploads\/sites\/8\/2025\/11\/vittraadolfsberg202404forskola4-1200x800.jpg 1200w, https:\/\/vittra.se\/wp-content\/uploads\/sites\/8\/2025\/11\/vittraadolfsberg202404forskola4.jpg 2000w\" \/>\n\t\t\t\n\t\t\t\n\t\t\t\t\t<\/div>\n\t<\/div>\n\n\t\t\n\n<\/section>\n\n\n\n\t\n\t\n\t\n\n\t\n\t\n\t\t\n<section  class=\"c-block l-stacked  \" data-color-scheme=\"primar2\">\n\t<div class=\"ams-fifty ams-fifty--container ams-fifty--right ams-fifty--bottom l-container u-pt-fluid-2xl-4xl u-pb-fluid-2xl-4xl\">\n\t\t<div class=\"ams-fifty__content l-stack l-stack-xl is-left is-left@lg\">\n\t\t\t<div class=\"ams-fifty__text l-stack l-stack-lg\">\n\t\t\t\t\t\n\t<h1\n\tclass=\"c-heading u-font-title-1 \"\n\tstyle=\"\">\n\t\t\n\t\t\t\t\t\t\t\t\tEn vanlig dag \n\t\t\t\t<span class=\"c-heading__sub is-below u-font-title-3\">\n\t\t\t\t\tp\u00e5 Vittra Gerdskens f\u00f6rskola\n\t\t\t\t<\/span>\n\t\t\t\t\t\t\t\n\t<\/h1>\n\n\t\t\t\t\t\t\t\t\t<div class=\"text l-stack u-font-body\">\n\t\t\t\t\t\t<h3>Mjukstarta dagen<\/h3>\n<p>F\u00f6rskolans dagar startar med en lugn gemensam frukost i matsalen, d\u00e4r barnen kan mjukstarta dagen med frukost och lugn musik. Efter frukosten g\u00e5r grupperna till sina avdelningar f\u00f6r l\u00e4sning eller lek.<\/p>\n<h3>Lek varvat med l\u00e4rande<\/h3>\n<p>Vid niotiden har barnen samling d\u00e4r man pratar om vilka som \u00e4r n\u00e4rvarande, dagens datum och vad man ska arbeta med. D\u00e4refter f\u00f6ljer en planerad aktivitet kopplad till f\u00f6rskolans projekt och l\u00e4roplansm\u00e5l. Resten av f\u00f6rmiddagen tillbringas ofta ute p\u00e5 g\u00e5rden i fri lek.<\/p>\n<h3>Matro och \u00e5terh\u00e4mtning<\/h3>\n<p>Lunchen serveras som buff\u00e9 d\u00e4r barnen uppmuntras att sj\u00e4lva ta mat och tr\u00e4na p\u00e5 att k\u00e4nna efter vad som \u00e4r lagom. Efter lunch sover de barn som beh\u00f6ver vila ute i sina vagnar, medan de som inte sover f\u00e5r aktiv vila med h\u00f6gl\u00e4sning i sm\u00e5 grupper.<\/p>\n<h3>Eftermiddagar fyllda av m\u00f6jligheter<\/h3>\n<p>D\u00e4refter f\u00f6ljer fri lek fram till mellanm\u00e5l. P\u00e5 eftermiddagen f\u00e5r barnen tillg\u00e5ng till olika lek- och l\u00e4rmaterial utifr\u00e5n projekt, intressen och l\u00e4roplansm\u00e5l.<\/p>\n\n\t\t\t\t\t<\/div>\n\t\t\t\t\t\t\t<\/div>\n\n\t\t\t\t\t<\/div>\n\n\t\t <div class=\"ams-fifty__media u-ratio-square\">\n\t\t \t\t\t\t\t<img decoding=\"async\" width=\"600\" height=\"450\" src=\"https:\/\/vittra.se\/wp-content\/uploads\/sites\/8\/2023\/10\/vittra-forskola-gerdsken-2-scaled.jpg\" class=\"attachment-md size-md\" alt=\"Vittra Gerdskens f\u00f6rskolelokaler\" sizes=\"(min-width: 64em) 600px, calc(100vw - 160px)\" srcset=\"https:\/\/vittra.se\/wp-content\/uploads\/sites\/8\/2023\/10\/vittra-forskola-gerdsken-2-scaled.jpg 2560w, https:\/\/vittra.se\/wp-content\/uploads\/sites\/8\/2023\/10\/vittra-forskola-gerdsken-2-300x225.jpg 300w, https:\/\/vittra.se\/wp-content\/uploads\/sites\/8\/2023\/10\/vittra-forskola-gerdsken-2-1024x768.jpg 1024w, https:\/\/vittra.se\/wp-content\/uploads\/sites\/8\/2023\/10\/vittra-forskola-gerdsken-2-768x576.jpg 768w, https:\/\/vittra.se\/wp-content\/uploads\/sites\/8\/2023\/10\/vittra-forskola-gerdsken-2-1536x1152.jpg 1536w, https:\/\/vittra.se\/wp-content\/uploads\/sites\/8\/2023\/10\/vittra-forskola-gerdsken-2-2048x1536.jpg 2048w, https:\/\/vittra.se\/wp-content\/uploads\/sites\/8\/2023\/10\/vittra-forskola-gerdsken-2-1920x1440.jpg 1920w, https:\/\/vittra.se\/wp-content\/uploads\/sites\/8\/2023\/10\/vittra-forskola-gerdsken-2-500x375.jpg 500w, https:\/\/vittra.se\/wp-content\/uploads\/sites\/8\/2023\/10\/vittra-forskola-gerdsken-2-305x229.jpg 305w, https:\/\/vittra.se\/wp-content\/uploads\/sites\/8\/2023\/10\/vittra-forskola-gerdsken-2-340x255.jpg 340w, https:\/\/vittra.se\/wp-content\/uploads\/sites\/8\/2023\/10\/vittra-forskola-gerdsken-2-1100x825.jpg 1100w, https:\/\/vittra.se\/wp-content\/uploads\/sites\/8\/2023\/10\/vittra-forskola-gerdsken-2-893x670.jpg 893w\" \/>\n\t\t\t\n\t\t\t\n\t\t\t\t\t<\/div>\n\t<\/div>\n\n\t\t\n\n<\/section>\n\n\n\n<h2 class=\"wp-block-heading has-text-align-center\">Barnens h\u00f6jdpunkter<\/h2>\n\n\n\n<div class=\"wp-block-columns is-layout-flex wp-container-core-columns-layout-1 wp-block-columns-is-layout-flex\">\n<div class=\"wp-block-column is-layout-constrained wp-block-column-is-layout-constrained\">\n<h3 class=\"wp-block-heading has-text-align-center\">Lek med kompisarna<\/h3>\n\n\n\n<p class=\"is-style-container\">H\u00f6jdpunkten f\u00f6r barnen \u00e4r att f\u00e5 tr\u00e4ffa sina kompisar och leka fritt tillsammans. Genom olika lek- och l\u00e4raktiviteter f\u00e5r de vara del av sociala sammanhang som v\u00e4cker gl\u00e4dje, nyfikenhet och lust att utforska. N\u00e4r barnen f\u00e5r anv\u00e4nda hela kroppen och alla sina sinnen st\u00e4rks deras vilja att unders\u00f6ka och f\u00f6rst\u00e5 sin omv\u00e4rld.&nbsp;<\/p>\n<\/div>\n\n\n\n<div class=\"wp-block-column is-layout-flow wp-block-column-is-layout-flow\">\n<h3 class=\"wp-block-heading has-text-align-center\">Skratt och omtanke<\/h3>\n\n\n\n<p class=\"is-style-container\">Att f\u00e5 vara i samspel med b\u00e5de andra barn och vuxna hj\u00e4lper dem att v\u00e5ga, utvecklas och tro p\u00e5 sig sj\u00e4lva. Vardagens h\u00f6jdpunkter skapas i v\u00e4rmen, skratten och den omtanke vi ger varandra varje dag.<\/p>\n<\/div>\n<\/div>\n\n\n\n\n<section  class=\"ams-cta ams-cta--stacked c-block l-stacked\" data-color-scheme=\"primar2\">\n\t<div class=\"l-container l-stack l-stack-fluid-2xl u-pt-fluid-2xl-4xl u-pb-fluid-2xl-4xl is-center is-center@md\">\n\t\t\t\t\t<div class=\"ams-cta__intro l-stack l-stack-lg\">\n\t\t\t\t\t\n\t<h2\n\tclass=\"c-heading u-font-title-1 \"\n\tstyle=\"\">\n\t\t\n\t\t\t\t\tVill du l\u00e4sa mer om hur vi jobbar?\n\t\t\t\t\n\t<\/h2>\n\n\t\t\t\t\t\t\t<\/div>\n\t\t\n\t\t\n\t\t\t<div class=\"ams-cta__action u-inline-items\">\n\t\t\t\t\t\t\t\n\n\n<a href=\"https:\/\/vittra.se\/gerdsken\/om\/\"\n\t\n\tclass=\"c-btn \"\n\tdata-style=\"round\"\n\tdata-size=\"md\"\n\tdata-width=\"full-mobile\"\n\tdata-variant=\"default\"\n\ttarget=\"_self\">\n\t\t\t<span class=\"label\"> L\u00e4s mer om oss och v\u00e5r pedagogik<\/span>\n\t\t\t<\/a>\n\t\t\t<\/div>\n\t<\/div>\n\n\t\t\n\n<\/section>\n\n\n\n\n<section  class=\"ams-image-gallery ams-image-gallery--mosaic c-block l-stacked\" data-color-scheme=\"transparent\">\n\t<div class=\"l-container l-stack l-stack-fluid-2xl u-pt-fluid-2xl-4xl u-pb-fluid-2xl-4xl is-center is-center@md\">\n\t\t\t\t\t<div class=\"ams-image-gallery__intro l-stack l-stack-lg\">\n\t\t\t\t\t\n\t<h2\n\tclass=\"c-heading u-font-title-1 \"\n\tstyle=\"\">\n\t\t\n\t\t\t\t\tBilder fr\u00e5n f\u00f6rskolan\n\t\t\t\t\n\t<\/h2>\n\n\t\t\t\t\t\t\t\t\t<div class=\"c-text l-stack u-cs-xl u-font-body\">\n\t\t\t\t\t\t<p data-pm-slice=\"1 1 []\">V\u00e5ra l\u00e4rmilj\u00f6er utvecklas kontinuerligt f\u00f6r att stimulera barnens utveckling och l\u00e4rande. De nuvarande milj\u00f6erna kan d\u00e4rf\u00f6r skilja sig fr\u00e5n bilderna.<\/p>\n\n\t\t\t\t\t<\/div>\n\t\t\t\t\t\t\t<\/div>\n\t\t\n\t\t\t<div class=\"c-gallery\" data-variant=\"mosaic\">\n\t\t<ul class=\"c-gallery__items u-list-none swiper-wrapper\" aria-label=\"Bildgalleri\">\n\t\t\t\t\t\t\t\t\t\t\t\t<li class=\"c-gallery__item swiper-slide\">\n\t\t\t\t\t\t\t\t\t\t\t\t<a href=\"https:\/\/vittra.se\/wp-content\/uploads\/sites\/8\/2023\/10\/vittra-forskola-gerdsken-4-scaled.jpg\" aria-label=\"\u00d6ppna bildgalleri lightbox\" class=\"c-gallery__link\" data-lightbox data-gallery=\"id-779764594\">\n\t\t\t\t\t\t\t<img decoding=\"async\" width=\"600\" height=\"450\" src=\"https:\/\/vittra.se\/wp-content\/uploads\/sites\/8\/2023\/10\/vittra-forskola-gerdsken-4-scaled.jpg\" class=\"attachment-md size-md\" alt=\"Vittra Gerdskens f\u00f6rskolelokaler\" sizes=\"(min-width: 48em) 600px, calc(100vw - 160px)\" srcset=\"https:\/\/vittra.se\/wp-content\/uploads\/sites\/8\/2023\/10\/vittra-forskola-gerdsken-4-scaled.jpg 2560w, https:\/\/vittra.se\/wp-content\/uploads\/sites\/8\/2023\/10\/vittra-forskola-gerdsken-4-300x225.jpg 300w, https:\/\/vittra.se\/wp-content\/uploads\/sites\/8\/2023\/10\/vittra-forskola-gerdsken-4-1024x768.jpg 1024w, https:\/\/vittra.se\/wp-content\/uploads\/sites\/8\/2023\/10\/vittra-forskola-gerdsken-4-768x576.jpg 768w, https:\/\/vittra.se\/wp-content\/uploads\/sites\/8\/2023\/10\/vittra-forskola-gerdsken-4-1536x1152.jpg 1536w, https:\/\/vittra.se\/wp-content\/uploads\/sites\/8\/2023\/10\/vittra-forskola-gerdsken-4-2048x1536.jpg 2048w, https:\/\/vittra.se\/wp-content\/uploads\/sites\/8\/2023\/10\/vittra-forskola-gerdsken-4-1920x1440.jpg 1920w, https:\/\/vittra.se\/wp-content\/uploads\/sites\/8\/2023\/10\/vittra-forskola-gerdsken-4-500x375.jpg 500w, https:\/\/vittra.se\/wp-content\/uploads\/sites\/8\/2023\/10\/vittra-forskola-gerdsken-4-305x229.jpg 305w, https:\/\/vittra.se\/wp-content\/uploads\/sites\/8\/2023\/10\/vittra-forskola-gerdsken-4-340x255.jpg 340w, https:\/\/vittra.se\/wp-content\/uploads\/sites\/8\/2023\/10\/vittra-forskola-gerdsken-4-1100x825.jpg 1100w, https:\/\/vittra.se\/wp-content\/uploads\/sites\/8\/2023\/10\/vittra-forskola-gerdsken-4-893x670.jpg 893w\" \/>\n\t\t\t\t\t\t<\/a>\n\t\t\t\t\t<\/li>\n\t\t\t\t\t\t\t\t\t<li class=\"c-gallery__item swiper-slide\">\n\t\t\t\t\t\t\t\t\t\t\t\t<a href=\"https:\/\/vittra.se\/wp-content\/uploads\/sites\/8\/2023\/10\/vittra-forskola-gerdsken-3-scaled.jpg\" aria-label=\"\u00d6ppna bildgalleri lightbox\" class=\"c-gallery__link\" data-lightbox data-gallery=\"id-779764594\">\n\t\t\t\t\t\t\t<img decoding=\"async\" width=\"600\" height=\"450\" src=\"https:\/\/vittra.se\/wp-content\/uploads\/sites\/8\/2023\/10\/vittra-forskola-gerdsken-3-scaled.jpg\" class=\"attachment-md size-md\" alt=\"Vittra Gerdskens f\u00f6rskolelokaler\" sizes=\"(min-width: 48em) 600px, calc(100vw - 160px)\" srcset=\"https:\/\/vittra.se\/wp-content\/uploads\/sites\/8\/2023\/10\/vittra-forskola-gerdsken-3-scaled.jpg 2560w, https:\/\/vittra.se\/wp-content\/uploads\/sites\/8\/2023\/10\/vittra-forskola-gerdsken-3-300x225.jpg 300w, https:\/\/vittra.se\/wp-content\/uploads\/sites\/8\/2023\/10\/vittra-forskola-gerdsken-3-1024x768.jpg 1024w, https:\/\/vittra.se\/wp-content\/uploads\/sites\/8\/2023\/10\/vittra-forskola-gerdsken-3-768x576.jpg 768w, https:\/\/vittra.se\/wp-content\/uploads\/sites\/8\/2023\/10\/vittra-forskola-gerdsken-3-1536x1152.jpg 1536w, https:\/\/vittra.se\/wp-content\/uploads\/sites\/8\/2023\/10\/vittra-forskola-gerdsken-3-2048x1536.jpg 2048w, https:\/\/vittra.se\/wp-content\/uploads\/sites\/8\/2023\/10\/vittra-forskola-gerdsken-3-1920x1440.jpg 1920w, https:\/\/vittra.se\/wp-content\/uploads\/sites\/8\/2023\/10\/vittra-forskola-gerdsken-3-500x375.jpg 500w, https:\/\/vittra.se\/wp-content\/uploads\/sites\/8\/2023\/10\/vittra-forskola-gerdsken-3-305x229.jpg 305w, https:\/\/vittra.se\/wp-content\/uploads\/sites\/8\/2023\/10\/vittra-forskola-gerdsken-3-340x255.jpg 340w, https:\/\/vittra.se\/wp-content\/uploads\/sites\/8\/2023\/10\/vittra-forskola-gerdsken-3-1100x825.jpg 1100w, https:\/\/vittra.se\/wp-content\/uploads\/sites\/8\/2023\/10\/vittra-forskola-gerdsken-3-893x670.jpg 893w\" \/>\n\t\t\t\t\t\t<\/a>\n\t\t\t\t\t<\/li>\n\t\t\t\t\t\t\t\t\t<li class=\"c-gallery__item swiper-slide\">\n\t\t\t\t\t\t\t\t\t\t\t\t<a href=\"https:\/\/vittra.se\/wp-content\/uploads\/sites\/8\/2023\/10\/vittra-forskola-gerdsken-2-scaled.jpg\" aria-label=\"\u00d6ppna bildgalleri lightbox\" class=\"c-gallery__link\" data-lightbox data-gallery=\"id-779764594\">\n\t\t\t\t\t\t\t<img decoding=\"async\" width=\"600\" height=\"450\" src=\"https:\/\/vittra.se\/wp-content\/uploads\/sites\/8\/2023\/10\/vittra-forskola-gerdsken-2-scaled.jpg\" class=\"attachment-md size-md\" alt=\"Vittra Gerdskens f\u00f6rskolelokaler\" sizes=\"(min-width: 48em) 600px, calc(100vw - 160px)\" srcset=\"https:\/\/vittra.se\/wp-content\/uploads\/sites\/8\/2023\/10\/vittra-forskola-gerdsken-2-scaled.jpg 2560w, https:\/\/vittra.se\/wp-content\/uploads\/sites\/8\/2023\/10\/vittra-forskola-gerdsken-2-300x225.jpg 300w, https:\/\/vittra.se\/wp-content\/uploads\/sites\/8\/2023\/10\/vittra-forskola-gerdsken-2-1024x768.jpg 1024w, https:\/\/vittra.se\/wp-content\/uploads\/sites\/8\/2023\/10\/vittra-forskola-gerdsken-2-768x576.jpg 768w, https:\/\/vittra.se\/wp-content\/uploads\/sites\/8\/2023\/10\/vittra-forskola-gerdsken-2-1536x1152.jpg 1536w, https:\/\/vittra.se\/wp-content\/uploads\/sites\/8\/2023\/10\/vittra-forskola-gerdsken-2-2048x1536.jpg 2048w, https:\/\/vittra.se\/wp-content\/uploads\/sites\/8\/2023\/10\/vittra-forskola-gerdsken-2-1920x1440.jpg 1920w, https:\/\/vittra.se\/wp-content\/uploads\/sites\/8\/2023\/10\/vittra-forskola-gerdsken-2-500x375.jpg 500w, https:\/\/vittra.se\/wp-content\/uploads\/sites\/8\/2023\/10\/vittra-forskola-gerdsken-2-305x229.jpg 305w, https:\/\/vittra.se\/wp-content\/uploads\/sites\/8\/2023\/10\/vittra-forskola-gerdsken-2-340x255.jpg 340w, https:\/\/vittra.se\/wp-content\/uploads\/sites\/8\/2023\/10\/vittra-forskola-gerdsken-2-1100x825.jpg 1100w, https:\/\/vittra.se\/wp-content\/uploads\/sites\/8\/2023\/10\/vittra-forskola-gerdsken-2-893x670.jpg 893w\" \/>\n\t\t\t\t\t\t<\/a>\n\t\t\t\t\t<\/li>\n\t\t\t\t\t\t\t\t\t<li class=\"c-gallery__item swiper-slide\">\n\t\t\t\t\t\t\t\t\t\t\t\t<a href=\"https:\/\/vittra.se\/wp-content\/uploads\/sites\/8\/2023\/10\/vittra-forskola-gerdsken-scaled.jpg\" aria-label=\"\u00d6ppna bildgalleri lightbox\" class=\"c-gallery__link\" data-lightbox data-gallery=\"id-779764594\">\n\t\t\t\t\t\t\t<img decoding=\"async\" width=\"600\" height=\"450\" src=\"https:\/\/vittra.se\/wp-content\/uploads\/sites\/8\/2023\/10\/vittra-forskola-gerdsken-scaled.jpg\" class=\"attachment-md size-md\" alt=\"Vittra Gerdskens f\u00f6rskolelokaler\" sizes=\"(min-width: 48em) 600px, calc(100vw - 160px)\" srcset=\"https:\/\/vittra.se\/wp-content\/uploads\/sites\/8\/2023\/10\/vittra-forskola-gerdsken-scaled.jpg 2560w, https:\/\/vittra.se\/wp-content\/uploads\/sites\/8\/2023\/10\/vittra-forskola-gerdsken-300x225.jpg 300w, https:\/\/vittra.se\/wp-content\/uploads\/sites\/8\/2023\/10\/vittra-forskola-gerdsken-1024x768.jpg 1024w, https:\/\/vittra.se\/wp-content\/uploads\/sites\/8\/2023\/10\/vittra-forskola-gerdsken-768x576.jpg 768w, https:\/\/vittra.se\/wp-content\/uploads\/sites\/8\/2023\/10\/vittra-forskola-gerdsken-1536x1152.jpg 1536w, https:\/\/vittra.se\/wp-content\/uploads\/sites\/8\/2023\/10\/vittra-forskola-gerdsken-2048x1536.jpg 2048w, https:\/\/vittra.se\/wp-content\/uploads\/sites\/8\/2023\/10\/vittra-forskola-gerdsken-1920x1440.jpg 1920w, https:\/\/vittra.se\/wp-content\/uploads\/sites\/8\/2023\/10\/vittra-forskola-gerdsken-500x375.jpg 500w, https:\/\/vittra.se\/wp-content\/uploads\/sites\/8\/2023\/10\/vittra-forskola-gerdsken-305x229.jpg 305w, https:\/\/vittra.se\/wp-content\/uploads\/sites\/8\/2023\/10\/vittra-forskola-gerdsken-340x255.jpg 340w, https:\/\/vittra.se\/wp-content\/uploads\/sites\/8\/2023\/10\/vittra-forskola-gerdsken-1100x825.jpg 1100w, https:\/\/vittra.se\/wp-content\/uploads\/sites\/8\/2023\/10\/vittra-forskola-gerdsken-893x670.jpg 893w\" \/>\n\t\t\t\t\t\t<\/a>\n\t\t\t\t\t<\/li>\n\t\t\t\t\t\t\t\t\t<\/ul>\n\n\t\t<div class=\"c-gallery__meta\">\n\t\t\t<div class=\"c-gallery__num u-font-small\"><\/div>\n\t\t\t<div class=\"c-gallery__nav\">\n\t\t\t\t<button class=\"prev c-btn\" aria-label=\"Previous\">\n\t\t\t\t\t<svg class=\"ams-icon ams-icon--arrow-left-small\" viewBox=\"0 0 32 32\" fill=\"currentColor\" aria-hidden=\"true\" xmlns=\"http:\/\/www.w3.org\/2000\/svg\">\n\t\t\t\t\t\t<path d=\"M5.26 16.43L12.12 23.29C12.35 23.52 12.74 23.52 12.97 23.29L13.53 22.73C13.76 22.5 13.76 22.11 13.53 21.88L8.66 17.01L26.4 17.01C26.73 17.01 27 16.74 27 16.41L27 15.61C27 15.28 26.73 15.01 26.4 15.01L8.67 15.01L13.54 10.14C13.77 9.90999 13.77 9.51999 13.54 9.28999L12.98 8.72999C12.75 8.49999 12.36 8.49999 12.13 8.72999L5.27 15.59C5.04 15.82 5.04 16.21 5.27 16.44L5.26 16.43Z\"\/>\n\t\t\t\t\t<\/svg>\n\t\t\t\t<\/button>\n\t\t\t\t<button class=\"next c-btn\" aria-label=\"Next\">\n\t\t\t\t\t<svg class=\"ams-icon ams-icon--arrow-right-small\" viewBox=\"0 0 32 32\" fill=\"currentColor\" aria-hidden=\"true\" xmlns=\"http:\/\/www.w3.org\/2000\/svg\">\n\t\t\t\t\t\t<path d=\"M26.74 15.57L19.88 8.71001C19.65 8.48001 19.26 8.48001 19.03 8.71001L18.47 9.27001C18.24 9.50001 18.24 9.89001 18.47 10.12L23.34 14.99H5.6C5.27 14.99 5 15.26 5 15.59V16.39C5 16.72 5.27 16.99 5.6 16.99H23.33L18.46 21.86C18.23 22.09 18.23 22.48 18.46 22.71L19.02 23.27C19.25 23.5 19.64 23.5 19.87 23.27L26.73 16.41C26.96 16.18 26.96 15.79 26.73 15.56L26.74 15.57Z\"\/>\n\t\t\t\t\t<\/svg>\n\t\t\t\t<\/button>\n\t\t\t<\/div>\n\t\t<\/div>\n\t<\/div>\n\n\t\t\t<\/div>\n\n\t\t\n\n<\/section>\n","protected":false},"excerpt":{"rendered":"<p>Barnens h\u00f6jdpunkter Lek med kompisarna H\u00f6jdpunkten f\u00f6r barnen \u00e4r att f\u00e5 tr\u00e4ffa sina kompisar och leka fritt tillsammans. Genom olika lek- och l\u00e4raktiviteter f\u00e5r de vara del av sociala sammanhang som v\u00e4cker gl\u00e4dje, nyfikenhet och lust att utforska. N\u00e4r barnen f\u00e5r anv\u00e4nda hela kroppen och alla sina sinnen st\u00e4rks deras vilja att unders\u00f6ka och f\u00f6rst\u00e5&#8230;<\/p>\n","protected":false},"author":93,"featured_media":0,"parent":0,"menu_order":0,"comment_status":"closed","ping_status":"closed","template":"","meta":{"footnotes":""},"yoast_head":"<!-- This site is optimized with the Yoast SEO plugin v22.0 - https:\/\/yoast.com\/wordpress\/plugins\/seo\/ -->\n<title>Gerdsken<\/title>\n<meta name=\"description\" content=\"Pedagogerna l\u00e4gger stor vikt vid att skapa trygghet och goda relationer som sedan ligger till grund f\u00f6r det kommande arbetet. L\u00e4s mer h\u00e4r.\" \/>\n<meta name=\"robots\" content=\"index, follow, max-snippet:-1, max-image-preview:large, max-video-preview:-1\" \/>\n<link rel=\"canonical\" href=\"https:\/\/vittra.se\/gerdsken\/om-var-forskola\/\" \/>\n<meta property=\"og:locale\" content=\"sv_SE\" \/>\n<meta property=\"og:type\" content=\"article\" \/>\n<meta property=\"og:description\" content=\"Pedagogerna l\u00e4gger stor vikt vid att skapa trygghet och goda relationer som sedan ligger till grund f\u00f6r det kommande arbetet. L\u00e4s mer h\u00e4r.\" \/>\n<meta property=\"og:url\" content=\"https:\/\/vittra.se\/gerdsken\/om-var-forskola\/\" \/>\n<meta property=\"og:site_name\" content=\"Gerdsken\" \/>\n<meta property=\"article:modified_time\" content=\"2026-03-09T12:50:06+00:00\" \/>\n<meta name=\"twitter:card\" content=\"summary_large_image\" \/>\n<meta name=\"twitter:description\" content=\"Pedagogerna l\u00e4gger stor vikt vid att skapa trygghet och goda relationer som sedan ligger till grund f\u00f6r det kommande arbetet. L\u00e4s mer h\u00e4r.\" \/>\n<meta name=\"twitter:label1\" content=\"Ber\u00e4knad l\u00e4stid\" \/>\n\t<meta name=\"twitter:data1\" content=\"1 minut\" \/>\n<script type=\"application\/ld+json\" class=\"yoast-schema-graph\">{\"@context\":\"https:\/\/schema.org\",\"@graph\":[{\"@type\":\"WebPage\",\"@id\":\"https:\/\/vittra.se\/gerdsken\/om-var-forskola\/\",\"url\":\"https:\/\/vittra.se\/gerdsken\/om-var-forskola\/\",\"name\":\"Om v\u00e5r f\u00f6rskola - Gerdsken\",\"isPartOf\":{\"@id\":\"https:\/\/vittra.se\/gerdsken\/#website\"},\"datePublished\":\"2026-03-09T12:15:00+00:00\",\"dateModified\":\"2026-03-09T12:50:06+00:00\",\"description\":\"Pedagogerna l\u00e4gger stor vikt vid att skapa trygghet och goda relationer som sedan ligger till grund f\u00f6r det kommande arbetet. L\u00e4s mer h\u00e4r.\",\"breadcrumb\":{\"@id\":\"https:\/\/vittra.se\/gerdsken\/om-var-forskola\/#breadcrumb\"},\"inLanguage\":\"sv-SE\",\"potentialAction\":[{\"@type\":\"ReadAction\",\"target\":[\"https:\/\/vittra.se\/gerdsken\/om-var-forskola\/\"]}]},{\"@type\":\"BreadcrumbList\",\"@id\":\"https:\/\/vittra.se\/gerdsken\/om-var-forskola\/#breadcrumb\",\"itemListElement\":[{\"@type\":\"ListItem\",\"position\":1,\"name\":\"Start\",\"item\":\"https:\/\/vittra.se\/gerdsken\/\"},{\"@type\":\"ListItem\",\"position\":2,\"name\":\"Om v\u00e5r f\u00f6rskola\"}]},{\"@type\":\"WebSite\",\"@id\":\"https:\/\/vittra.se\/gerdsken\/#website\",\"url\":\"https:\/\/vittra.se\/gerdsken\/\",\"name\":\"Gerdsken\",\"description\":\"Kunskap att f\u00f6r\u00e4ndra. Mod att p\u00e5verka.\",\"potentialAction\":[{\"@type\":\"SearchAction\",\"target\":{\"@type\":\"EntryPoint\",\"urlTemplate\":\"https:\/\/vittra.se\/gerdsken\/?s={search_term_string}\"},\"query-input\":\"required name=search_term_string\"}],\"inLanguage\":\"sv-SE\"}]}<\/script>\n<!-- \/ Yoast SEO plugin. -->","yoast_head_json":{"title":"Gerdsken","description":"Pedagogerna l\u00e4gger stor vikt vid att skapa trygghet och goda relationer som sedan ligger till grund f\u00f6r det kommande arbetet. L\u00e4s mer h\u00e4r.","robots":{"index":"index","follow":"follow","max-snippet":"max-snippet:-1","max-image-preview":"max-image-preview:large","max-video-preview":"max-video-preview:-1"},"canonical":"https:\/\/vittra.se\/gerdsken\/om-var-forskola\/","og_locale":"sv_SE","og_type":"article","og_description":"Pedagogerna l\u00e4gger stor vikt vid att skapa trygghet och goda relationer som sedan ligger till grund f\u00f6r det kommande arbetet. L\u00e4s mer h\u00e4r.","og_url":"https:\/\/vittra.se\/gerdsken\/om-var-forskola\/","og_site_name":"Gerdsken","article_modified_time":"2026-03-09T12:50:06+00:00","twitter_card":"summary_large_image","twitter_description":"Pedagogerna l\u00e4gger stor vikt vid att skapa trygghet och goda relationer som sedan ligger till grund f\u00f6r det kommande arbetet. L\u00e4s mer h\u00e4r.","twitter_misc":{"Ber\u00e4knad l\u00e4stid":"1 minut"},"schema":{"@context":"https:\/\/schema.org","@graph":[{"@type":"WebPage","@id":"https:\/\/vittra.se\/gerdsken\/om-var-forskola\/","url":"https:\/\/vittra.se\/gerdsken\/om-var-forskola\/","name":"Om v\u00e5r f\u00f6rskola - Gerdsken","isPartOf":{"@id":"https:\/\/vittra.se\/gerdsken\/#website"},"datePublished":"2026-03-09T12:15:00+00:00","dateModified":"2026-03-09T12:50:06+00:00","description":"Pedagogerna l\u00e4gger stor vikt vid att skapa trygghet och goda relationer som sedan ligger till grund f\u00f6r det kommande arbetet. L\u00e4s mer h\u00e4r.","breadcrumb":{"@id":"https:\/\/vittra.se\/gerdsken\/om-var-forskola\/#breadcrumb"},"inLanguage":"sv-SE","potentialAction":[{"@type":"ReadAction","target":["https:\/\/vittra.se\/gerdsken\/om-var-forskola\/"]}]},{"@type":"BreadcrumbList","@id":"https:\/\/vittra.se\/gerdsken\/om-var-forskola\/#breadcrumb","itemListElement":[{"@type":"ListItem","position":1,"name":"Start","item":"https:\/\/vittra.se\/gerdsken\/"},{"@type":"ListItem","position":2,"name":"Om v\u00e5r f\u00f6rskola"}]},{"@type":"WebSite","@id":"https:\/\/vittra.se\/gerdsken\/#website","url":"https:\/\/vittra.se\/gerdsken\/","name":"Gerdsken","description":"Kunskap att f\u00f6r\u00e4ndra. Mod att p\u00e5verka.","potentialAction":[{"@type":"SearchAction","target":{"@type":"EntryPoint","urlTemplate":"https:\/\/vittra.se\/gerdsken\/?s={search_term_string}"},"query-input":"required name=search_term_string"}],"inLanguage":"sv-SE"}]}},"_links":{"self":[{"href":"https:\/\/vittra.se\/gerdsken\/wp-json\/wp\/v2\/pages\/1478"}],"collection":[{"href":"https:\/\/vittra.se\/gerdsken\/wp-json\/wp\/v2\/pages"}],"about":[{"href":"https:\/\/vittra.se\/gerdsken\/wp-json\/wp\/v2\/types\/page"}],"author":[{"embeddable":true,"href":"https:\/\/vittra.se\/gerdsken\/wp-json\/wp\/v2\/users\/93"}],"replies":[{"embeddable":true,"href":"https:\/\/vittra.se\/gerdsken\/wp-json\/wp\/v2\/comments?post=1478"}],"version-history":[{"count":5,"href":"https:\/\/vittra.se\/gerdsken\/wp-json\/wp\/v2\/pages\/1478\/revisions"}],"predecessor-version":[{"id":1492,"href":"https:\/\/vittra.se\/gerdsken\/wp-json\/wp\/v2\/pages\/1478\/revisions\/1492"}],"wp:attachment":[{"href":"https:\/\/vittra.se\/gerdsken\/wp-json\/wp\/v2\/media?parent=1478"}],"curies":[{"name":"wp","href":"https:\/\/api.w.org\/{rel}","templated":true}]}}