{"id":1314,"date":"2025-03-18T10:55:46","date_gmt":"2025-03-18T09:55:46","guid":{"rendered":"https:\/\/vittra.se\/gerdsken\/?page_id=1314"},"modified":"2025-03-18T10:59:49","modified_gmt":"2025-03-18T09:59:49","slug":"erasmus","status":"publish","type":"page","link":"https:\/\/vittra.se\/gerdsken\/erasmus\/","title":{"rendered":"Erasmus+"},"content":{"rendered":"\n\t\n\t\n\t\n\n\t\n\t\n\t\t\n<section  class=\"c-block l-stacked  \" data-color-scheme=\"\">\n\t<div class=\"ams-fifty ams-fifty--container ams-fifty--right ams-fifty--bottom l-container u-pt-fluid-3xl-6xl u-pb-fluid-3xl-6xl\">\n\t\t<div class=\"ams-fifty__content l-stack l-stack-xl is-center is-center@lg\">\n\t\t\t<div class=\"ams-fifty__text l-stack l-stack-lg\">\n\t\t\t\t\t\n\t<h2\n\tclass=\"c-heading u-font-title-1 \"\n\tstyle=\"\">\n\t\t\n\t\t\t\t\tErasmus+\n\t\t\t\t\n\t<\/h2>\n\n\t\t\t\t\t\t\t\t\t<div class=\"text l-stack u-font-body\">\n\t\t\t\t\t\t<p><!-- wp:paragraph --><\/p>\n<p style=\"text-align: left;\">P\u00e5 Vittra Gerdsken jobbar vi med internationella utbyten mellan elever genom att delta i Erasmus+. Vi jobbar samh\u00e4llsengagerat och Erasmus \u00e4r en m\u00f6jlighet till att utvecklas genom internationellt samarbete och utbyte. Vi kan n\u00e5 l\u00e4ngre genom att l\u00e4ra fr\u00e5n kollegor och elever i andra l\u00e4nder. Vi kan byta id\u00e9er, kunskaper och erfarenheter med varandra.<\/p>\n<p style=\"text-align: left;\"><!-- \/wp:paragraph --> <!-- wp:paragraph --><\/p>\n<p style=\"text-align: left;\">Arbetet med Erasmus+ \u00e4r starkt kopplat till AcadeMedias F\u00e4rdplan 2030 och ska bidra till att vi \u00e4r ledande p\u00e5 l\u00e4rande, attraktivitet, h\u00e5llbarhet och innovativ utveckling. Du kan l\u00e4sa mer om AcadeMedias F\u00e4rdplan 2030\u00a0<a href=\"https:\/\/academedia.se\/om-academedia\/mal-strategi\/fardplan2030\/\">h\u00e4r<\/a>.<\/p>\n<p><!-- \/wp:paragraph --><\/p>\n\n\t\t\t\t\t<\/div>\n\t\t\t\t\t\t\t<\/div>\n\n\t\t\t\t\t<\/div>\n\n\t\t <div class=\"ams-fifty__media u-ratio-landscape\">\n\t\t \t\t\t\t\t<img decoding=\"async\" width=\"600\" height=\"400\" src=\"https:\/\/vittra.se\/wp-content\/uploads\/sites\/8\/2025\/03\/erasmusplus-600x400.jpg\" class=\"attachment-md size-md\" alt=\"Erasmus+\" sizes=\"(min-width: 64em) 600px, calc(100vw - 160px)\" srcset=\"https:\/\/vittra.se\/wp-content\/uploads\/sites\/8\/2025\/03\/erasmusplus-600x400.jpg 600w, https:\/\/vittra.se\/wp-content\/uploads\/sites\/8\/2025\/03\/erasmusplus-300x200.jpg 300w, https:\/\/vittra.se\/wp-content\/uploads\/sites\/8\/2025\/03\/erasmusplus-400x267.jpg 400w, https:\/\/vittra.se\/wp-content\/uploads\/sites\/8\/2025\/03\/erasmusplus.jpg 760w\" \/>\n\t\t\t\n\t\t\t\n\t\t\t\t\t<\/div>\n\t<\/div>\n\n\t\t\n\n<\/section>\n\n\n\n<p><\/p>\n","protected":false},"excerpt":{"rendered":"","protected":false},"author":90,"featured_media":0,"parent":0,"menu_order":0,"comment_status":"closed","ping_status":"closed","template":"","meta":{"footnotes":""},"yoast_head":"<!-- This site is optimized with the Yoast SEO plugin v22.0 - https:\/\/yoast.com\/wordpress\/plugins\/seo\/ -->\n<title>Gerdsken<\/title>\n<meta name=\"robots\" content=\"index, follow, max-snippet:-1, max-image-preview:large, max-video-preview:-1\" \/>\n<link rel=\"canonical\" href=\"https:\/\/vittra.se\/gerdsken\/erasmus\/\" \/>\n<meta property=\"og:locale\" content=\"sv_SE\" \/>\n<meta property=\"og:type\" content=\"article\" \/>\n<meta property=\"og:url\" content=\"https:\/\/vittra.se\/gerdsken\/erasmus\/\" \/>\n<meta property=\"og:site_name\" content=\"Gerdsken\" \/>\n<meta property=\"article:modified_time\" content=\"2025-03-18T09:59:49+00:00\" \/>\n<meta name=\"twitter:card\" content=\"summary_large_image\" \/>\n<script type=\"application\/ld+json\" class=\"yoast-schema-graph\">{\"@context\":\"https:\/\/schema.org\",\"@graph\":[{\"@type\":\"WebPage\",\"@id\":\"https:\/\/vittra.se\/gerdsken\/erasmus\/\",\"url\":\"https:\/\/vittra.se\/gerdsken\/erasmus\/\",\"name\":\"Erasmus+ - Gerdsken\",\"isPartOf\":{\"@id\":\"https:\/\/vittra.se\/gerdsken\/#website\"},\"datePublished\":\"2025-03-18T09:55:46+00:00\",\"dateModified\":\"2025-03-18T09:59:49+00:00\",\"breadcrumb\":{\"@id\":\"https:\/\/vittra.se\/gerdsken\/erasmus\/#breadcrumb\"},\"inLanguage\":\"sv-SE\",\"potentialAction\":[{\"@type\":\"ReadAction\",\"target\":[\"https:\/\/vittra.se\/gerdsken\/erasmus\/\"]}]},{\"@type\":\"BreadcrumbList\",\"@id\":\"https:\/\/vittra.se\/gerdsken\/erasmus\/#breadcrumb\",\"itemListElement\":[{\"@type\":\"ListItem\",\"position\":1,\"name\":\"Start\",\"item\":\"https:\/\/vittra.se\/gerdsken\/\"},{\"@type\":\"ListItem\",\"position\":2,\"name\":\"Erasmus+\"}]},{\"@type\":\"WebSite\",\"@id\":\"https:\/\/vittra.se\/gerdsken\/#website\",\"url\":\"https:\/\/vittra.se\/gerdsken\/\",\"name\":\"Gerdsken\",\"description\":\"Kunskap att f\u00f6r\u00e4ndra. Mod att p\u00e5verka.\",\"potentialAction\":[{\"@type\":\"SearchAction\",\"target\":{\"@type\":\"EntryPoint\",\"urlTemplate\":\"https:\/\/vittra.se\/gerdsken\/?s={search_term_string}\"},\"query-input\":\"required name=search_term_string\"}],\"inLanguage\":\"sv-SE\"}]}<\/script>\n<!-- \/ Yoast SEO plugin. -->","yoast_head_json":{"title":"Gerdsken","robots":{"index":"index","follow":"follow","max-snippet":"max-snippet:-1","max-image-preview":"max-image-preview:large","max-video-preview":"max-video-preview:-1"},"canonical":"https:\/\/vittra.se\/gerdsken\/erasmus\/","og_locale":"sv_SE","og_type":"article","og_url":"https:\/\/vittra.se\/gerdsken\/erasmus\/","og_site_name":"Gerdsken","article_modified_time":"2025-03-18T09:59:49+00:00","twitter_card":"summary_large_image","schema":{"@context":"https:\/\/schema.org","@graph":[{"@type":"WebPage","@id":"https:\/\/vittra.se\/gerdsken\/erasmus\/","url":"https:\/\/vittra.se\/gerdsken\/erasmus\/","name":"Erasmus+ - Gerdsken","isPartOf":{"@id":"https:\/\/vittra.se\/gerdsken\/#website"},"datePublished":"2025-03-18T09:55:46+00:00","dateModified":"2025-03-18T09:59:49+00:00","breadcrumb":{"@id":"https:\/\/vittra.se\/gerdsken\/erasmus\/#breadcrumb"},"inLanguage":"sv-SE","potentialAction":[{"@type":"ReadAction","target":["https:\/\/vittra.se\/gerdsken\/erasmus\/"]}]},{"@type":"BreadcrumbList","@id":"https:\/\/vittra.se\/gerdsken\/erasmus\/#breadcrumb","itemListElement":[{"@type":"ListItem","position":1,"name":"Start","item":"https:\/\/vittra.se\/gerdsken\/"},{"@type":"ListItem","position":2,"name":"Erasmus+"}]},{"@type":"WebSite","@id":"https:\/\/vittra.se\/gerdsken\/#website","url":"https:\/\/vittra.se\/gerdsken\/","name":"Gerdsken","description":"Kunskap att f\u00f6r\u00e4ndra. Mod att p\u00e5verka.","potentialAction":[{"@type":"SearchAction","target":{"@type":"EntryPoint","urlTemplate":"https:\/\/vittra.se\/gerdsken\/?s={search_term_string}"},"query-input":"required name=search_term_string"}],"inLanguage":"sv-SE"}]}},"_links":{"self":[{"href":"https:\/\/vittra.se\/gerdsken\/wp-json\/wp\/v2\/pages\/1314"}],"collection":[{"href":"https:\/\/vittra.se\/gerdsken\/wp-json\/wp\/v2\/pages"}],"about":[{"href":"https:\/\/vittra.se\/gerdsken\/wp-json\/wp\/v2\/types\/page"}],"author":[{"embeddable":true,"href":"https:\/\/vittra.se\/gerdsken\/wp-json\/wp\/v2\/users\/90"}],"replies":[{"embeddable":true,"href":"https:\/\/vittra.se\/gerdsken\/wp-json\/wp\/v2\/comments?post=1314"}],"version-history":[{"count":4,"href":"https:\/\/vittra.se\/gerdsken\/wp-json\/wp\/v2\/pages\/1314\/revisions"}],"predecessor-version":[{"id":1324,"href":"https:\/\/vittra.se\/gerdsken\/wp-json\/wp\/v2\/pages\/1314\/revisions\/1324"}],"wp:attachment":[{"href":"https:\/\/vittra.se\/gerdsken\/wp-json\/wp\/v2\/media?parent=1314"}],"curies":[{"name":"wp","href":"https:\/\/api.w.org\/{rel}","templated":true}]}}