{"id":1411,"date":"2024-04-02T10:43:12","date_gmt":"2024-04-02T08:43:12","guid":{"rendered":"https:\/\/vittra.se\/forsglantan\/?page_id=1411"},"modified":"2024-04-02T10:43:15","modified_gmt":"2024-04-02T08:43:15","slug":"vittrasamlingar","status":"publish","type":"page","link":"https:\/\/vittra.se\/forsglantan\/pedagogiska-verktyg\/vittrasamlingar\/","title":{"rendered":"Vittrasamlingar"},"content":{"rendered":"\n\t<div class=\"module_wrapper ams_remote_pages_module \">\n\t\t\n\t\n\t\n\t\n\n\t\n\t\n\t\t\n<section  class=\"c-block l-stacked  \" data-color-scheme=\"transparent\">\n\t<div class=\"ams-fifty ams-fifty--container ams-fifty--right ams-fifty--bottom l-container u-pt-fluid-3xl-6xl u-pb-fluid-3xl-6xl\">\n\t\t<div class=\"ams-fifty__content l-stack l-stack-xl is-left is-left@lg\">\n\t\t\t<div class=\"ams-fifty__text l-stack l-stack-lg\">\n\t\t\t\t\t\n\t<h1\n\tclass=\"c-heading u-font-title-1 \"\n\tstyle=\"\">\n\t\t\n\t\t\t\t\tVittrasamlingar\n\t\t\t\t\n\t<\/h1>\n\n\t\t\t\t\t\t\t\t\t<div class=\"text l-stack u-font-body\">\n\t\t\t\t\t\t<p>Vittrasamlingar genomf\u00f6rs flera g\u00e5nger i veckan, d\u00e5 tr\u00e4ffas ansvarspedagogen och ansvarsbarnen\/eleverna tillsammans. Syftet med samlingarna \u00e4r att skapa f\u00f6ruts\u00e4ttningar f\u00f6r n\u00e4ra relationer, medvetet l\u00e4rande och en modig kultur.<\/p>\n<p>Samlingarna st\u00f6djer arbetet med v\u00e5r pedagogiska riktning och med den individuella utvecklingsplanen. De \u00e4gnas till exempel \u00e5t samtal och \u00f6vningar kopplade till v\u00e4rdegrundsfr\u00e5gor, demokratifr\u00e5gor, hur vi \u00e4r tillsammans osv. Samlingstiden anv\u00e4nds ocks\u00e5 f\u00f6r att f\u00f6rdjupa arbetet med planering, reflektion och utv\u00e4rdering i v\u00e5ra Vittrab\u00f6cker.<\/p>\n<p>I grundskolan har vi till och med en ut\u00f6kad timplan f\u00f6r att m\u00f6jligg\u00f6ra samlingstiden, s\u00e5 viktigt \u00e4r detta m\u00f6te f\u00f6r oss. Rektor beslutar om hur samlingstiden ska f\u00f6rdelas p\u00e5 den egna skolan.<\/p>\n\n\t\t\t\t\t<\/div>\n\t\t\t\t\t\t\t<\/div>\n\n\t\t\t\t\t<\/div>\n\n\t\t <div class=\"ams-fifty__media u-ratio-widescreen\">\n\t\t \t\n\t\t\t\n\t\t\t\t\t\t\t<lite-youtube videoid=\"wvy6heL-dY4\" style=\"background-image: url('https:\/\/i.ytimg.com\/vi\/wvy6heL-dY4\/hqdefault.jpg');\">\n\t\t\t\t\t\t<button href=\"https:\/\/youtube.com\/watch?v=wvy6heL-dY4\" class=\"lty-playbtn\" title=\"Play Video\">\n\t\t\t\t\t\t\t<span class=\"lyt-visually-hidden\">Play Video<\/span>\n\t\t\t\t\t\t<\/button>\n\t\t\t\t\t<\/lite-youtube>\n\t\t\t\t\t<\/div>\n\t<\/div>\n\n\t\t\n\n<\/section>\n\n\n<section  class=\"ams-usp c-block l-stacked\" data-color-scheme=\"nyans1_av_p2\">\n\t<div class=\"l-container l-stack l-stack-fluid-2xl u-pt-fluid-3xl-6xl u-pb-fluid-3xl-6xl is-center is-center@md\">\n\t\t\t\t\t<div class=\"ams-usp__intro l-stack l-stack-lg\">\n\t\t\t\t\t\n\t<h2\n\tclass=\"c-heading u-font-title-1 \"\n\tstyle=\"\">\n\t\t\n\t\t\t\t\tS\u00e5 jobbar vi med Vittrasamlingar i skolan\n\t\t\t\t\n\t<\/h2>\n\n\t\t\t\t\t\t\t<\/div>\n\t\t\n\t\t\t<ul class=\"ams-usp__list l-grid u-justify-center u-gap-fluid-2xl-4xl\">\n\t\t\t\t\t<li class=\"l-col-6@md l-col-4@lg\">\n\t\t\t\t<article\n\t\t\t\t\tclass=\"\n\t\t\t\t\tc-card\n\t\t\t\t\thas-media-zoom\n\t\t\t\t\t\n\t\t\t\t\t\n\t\t\t\t\t\"\n\t\t\t\t\tdata-variant=\"neutral\"\n\t\t\t\t\tdata-style=\"square\"\n\t\t\t\t\t\n\t\t\t\t\t>\n\t\t\t\t\t\t\t\t\t\t\t<div class=\"c-card__content l-stack l-stack-sm u-text-center\">\n\t\t\t\t\t\t\t\t\t\t\t\t\t\t\t<h3 class=\"c-card__title u-font-title-3\">\n\t\t\t\t\t\t\t\t\t\t\t\t\t\t\t\t\t\t\t\t\t\t\t\t\t\t\t\t\t\tRelationer och kultur\n\t\t\t\t\t\t\t\t\t\t\t\t\t\t\t\t\t\t\t\t\t\t\t\t\t\t\t<\/h3>\n\t\t\t\t\t\t\t\n\t\t\t\t\t\t\t\t\t\t\t\t\t\t\t<div class=\"c-card__text l-stack-xs u-font-body\">\n\t\t\t\t\t\t\t\t\t<div class=\"TypographyPresentation TypographyPresentation--m RichText3-paragraph--withVSpacingNormal RichText3-paragraph\">Vittrasamlingarna skapar f\u00f6ruts\u00e4ttningar f\u00f6r n\u00e4ra relationer och modig kultur.<\/div>\n\n\t\t\t\t\t\t\t\t<\/div>\n\t\t\t\t\t\t\t\t\t\t\t\t\t<\/div>\n\t\t\t\t\t\n\t\t\t\t\t<div class=\"c-card__media\">\n\t\t\t\t\t\t\t\t\t\t\t\t\t<img decoding=\"async\" width=\"400\" height=\"400\" src=\"https:\/\/vittra.se\/wp-content\/uploads\/2024\/03\/vittraikon500x500vittrasamling2-400x400.png\" class=\"u-radius-round u-ratio-landscape  ams_icon_size_usp-big\" alt=\"\" srcset=\"https:\/\/vittra.se\/wp-content\/uploads\/2024\/03\/vittraikon500x500vittrasamling2-400x400.png 400w, https:\/\/vittra.se\/wp-content\/uploads\/2024\/03\/vittraikon500x500vittrasamling2-150x150.png 150w, https:\/\/vittra.se\/wp-content\/uploads\/2024\/03\/vittraikon500x500vittrasamling2-300x300.png 300w, https:\/\/vittra.se\/wp-content\/uploads\/2024\/03\/vittraikon500x500vittrasamling2.png 500w\" sizes=\"(max-width: 400px) 100vw, 400px\" \/>\n\t\t\t\t\t\t\t\t\t\t\t<\/div>\n\t\t\t\t<\/article>\n\t\t\t<\/li>\n\n\t\t\t\t\t<li class=\"l-col-6@md l-col-4@lg\">\n\t\t\t\t<article\n\t\t\t\t\tclass=\"\n\t\t\t\t\tc-card\n\t\t\t\t\thas-media-zoom\n\t\t\t\t\t\n\t\t\t\t\t\n\t\t\t\t\t\"\n\t\t\t\t\tdata-variant=\"neutral\"\n\t\t\t\t\tdata-style=\"square\"\n\t\t\t\t\t\n\t\t\t\t\t>\n\t\t\t\t\t\t\t\t\t\t\t<div class=\"c-card__content l-stack l-stack-sm u-text-center\">\n\t\t\t\t\t\t\t\t\t\t\t\t\t\t\t<h3 class=\"c-card__title u-font-title-3\">\n\t\t\t\t\t\t\t\t\t\t\t\t\t\t\t\t\t\t\t\t\t\t\t\t\t\t\t\t\t\tV\u00e4rdegrundsarbete\n\t\t\t\t\t\t\t\t\t\t\t\t\t\t\t\t\t\t\t\t\t\t\t\t\t\t\t<\/h3>\n\t\t\t\t\t\t\t\n\t\t\t\t\t\t\t\t\t\t\t\t\t\t\t<div class=\"c-card__text l-stack-xs u-font-body\">\n\t\t\t\t\t\t\t\t\t<div class=\"TypographyPresentation TypographyPresentation--m RichText3-paragraph--withVSpacingNormal RichText3-paragraph\">Genom Vittrasamlingarna arbetar vi med v\u00e4rdegrund- och demokratifr\u00e5gor.<\/div>\n\n\t\t\t\t\t\t\t\t<\/div>\n\t\t\t\t\t\t\t\t\t\t\t\t\t<\/div>\n\t\t\t\t\t\n\t\t\t\t\t<div class=\"c-card__media\">\n\t\t\t\t\t\t\t\t\t\t\t\t\t<img decoding=\"async\" width=\"400\" height=\"400\" src=\"https:\/\/vittra.se\/wp-content\/uploads\/2024\/03\/vittraikon500x500vittrasamling1-400x400.png\" class=\"u-radius-round u-ratio-landscape  ams_icon_size_usp-big\" alt=\"\" srcset=\"https:\/\/vittra.se\/wp-content\/uploads\/2024\/03\/vittraikon500x500vittrasamling1-400x400.png 400w, https:\/\/vittra.se\/wp-content\/uploads\/2024\/03\/vittraikon500x500vittrasamling1-150x150.png 150w, https:\/\/vittra.se\/wp-content\/uploads\/2024\/03\/vittraikon500x500vittrasamling1-300x300.png 300w, https:\/\/vittra.se\/wp-content\/uploads\/2024\/03\/vittraikon500x500vittrasamling1.png 500w\" sizes=\"(max-width: 400px) 100vw, 400px\" \/>\n\t\t\t\t\t\t\t\t\t\t\t<\/div>\n\t\t\t\t<\/article>\n\t\t\t<\/li>\n\n\t\t\t\t\t<li class=\"l-col-6@md l-col-4@lg\">\n\t\t\t\t<article\n\t\t\t\t\tclass=\"\n\t\t\t\t\tc-card\n\t\t\t\t\thas-media-zoom\n\t\t\t\t\t\n\t\t\t\t\t\n\t\t\t\t\t\"\n\t\t\t\t\tdata-variant=\"neutral\"\n\t\t\t\t\tdata-style=\"square\"\n\t\t\t\t\t\n\t\t\t\t\t>\n\t\t\t\t\t\t\t\t\t\t\t<div class=\"c-card__content l-stack l-stack-sm u-text-center\">\n\t\t\t\t\t\t\t\t\t\t\t\t\t\t\t<h3 class=\"c-card__title u-font-title-3\">\n\t\t\t\t\t\t\t\t\t\t\t\t\t\t\t\t\t\t\t\t\t\t\t\t\t\t\t\t\t\tTimplan\n\t\t\t\t\t\t\t\t\t\t\t\t\t\t\t\t\t\t\t\t\t\t\t\t\t\t\t<\/h3>\n\t\t\t\t\t\t\t\n\t\t\t\t\t\t\t\t\t\t\t\t\t\t\t<div class=\"c-card__text l-stack-xs u-font-body\">\n\t\t\t\t\t\t\t\t\t<div class=\"TypographyPresentation TypographyPresentation--m RichText3-paragraph--withVSpacingNormal RichText3-paragraph\">Inom Vittra har vi en ut\u00f6kad timplan f\u00f6r att m\u00f6jligg\u00f6ra tid f\u00f6r Vittrasamlingarna.<\/div>\n\n\t\t\t\t\t\t\t\t<\/div>\n\t\t\t\t\t\t\t\t\t\t\t\t\t<\/div>\n\t\t\t\t\t\n\t\t\t\t\t<div class=\"c-card__media\">\n\t\t\t\t\t\t\t\t\t\t\t\t\t<img decoding=\"async\" width=\"400\" height=\"400\" src=\"https:\/\/vittra.se\/wp-content\/uploads\/2024\/03\/vittraikon500x500vittrasamling3-400x400.png\" class=\"u-radius-round u-ratio-landscape  ams_icon_size_usp-big\" alt=\"\" srcset=\"https:\/\/vittra.se\/wp-content\/uploads\/2024\/03\/vittraikon500x500vittrasamling3-400x400.png 400w, https:\/\/vittra.se\/wp-content\/uploads\/2024\/03\/vittraikon500x500vittrasamling3-150x150.png 150w, https:\/\/vittra.se\/wp-content\/uploads\/2024\/03\/vittraikon500x500vittrasamling3-300x300.png 300w, https:\/\/vittra.se\/wp-content\/uploads\/2024\/03\/vittraikon500x500vittrasamling3.png 500w\" sizes=\"(max-width: 400px) 100vw, 400px\" \/>\n\t\t\t\t\t\t\t\t\t\t\t<\/div>\n\t\t\t\t<\/article>\n\t\t\t<\/li>\n\n\t\t\t<\/ul>\n\n\t\t\t<\/div>\n\n\t\t\n\n<\/section>\n\t<\/div>\n\n\t\n\n\n\t<div class=\"module_wrapper ams_remote_pages_module \">\n\t\t\n\n<section  class=\"ams-cta ams-cta--stacked c-block l-stacked\" data-color-scheme=\"nyans1_av_cta\">\n\t<div class=\"l-container l-stack l-stack-fluid-2xl u-pt-fluid-3xl-6xl u-pb-fluid-3xl-6xl is-center is-center@md\">\n\t\t\t\t\t<div class=\"ams-cta__intro l-stack l-stack-lg\">\n\t\t\t\t\t\n\t<h2\n\tclass=\"c-heading u-font-title-1 \"\n\tstyle=\"\">\n\t\t\n\t\t\t\t\tVill du l\u00e4sa om v\u00e5ra andra verktyg?\n\t\t\t\t\n\t<\/h2>\n\n\t\t\t\t\t\t\t\t\t<div class=\"c-text l-stack u-cs-xl u-font-body\">\n\t\t\t\t\t\t<p>Med hj\u00e4lp av v\u00e5ra pedagogiska verktyg skapar vi en tydlig struktur, en modig kultur och ett medvetet l\u00e4rande.<\/p>\n\n\t\t\t\t\t<\/div>\n\t\t\t\t\t\t\t<\/div>\n\t\t\n\t\t\n\t\t\t<div class=\"ams-cta__action u-inline-items\">\n\t\t\t\t\t\t\t\n\n\n<a href=\"https:\/\/vittra.se\/forsglantan\/pedagogiska-verktyg\/\"\n\t\n\tclass=\"c-btn \"\n\tdata-style=\"round\"\n\tdata-size=\"md\"\n\tdata-width=\"full-mobile\"\n\tdata-variant=\"default\"\n\ttarget=\"_self\">\n\t\t\t<span class=\"label\"> Till alla verktyg<\/span>\n\t\t\t<\/a>\n\t\t\t<\/div>\n\t<\/div>\n\n\t\t\n\n<\/section>\n\t<\/div>\n\n\t","protected":false},"excerpt":{"rendered":"","protected":false},"author":58,"featured_media":0,"parent":1144,"menu_order":0,"comment_status":"closed","ping_status":"closed","template":"","meta":{"footnotes":""},"yoast_head":"<!-- This site is optimized with the Yoast SEO plugin v22.0 - https:\/\/yoast.com\/wordpress\/plugins\/seo\/ -->\n<title>Forsgl\u00e4ntan<\/title>\n<meta name=\"robots\" content=\"index, follow, max-snippet:-1, max-image-preview:large, max-video-preview:-1\" \/>\n<link rel=\"canonical\" href=\"https:\/\/vittra.se\/forsglantan\/pedagogiska-verktyg\/vittrasamlingar\/\" \/>\n<meta property=\"og:locale\" content=\"sv_SE\" \/>\n<meta property=\"og:type\" content=\"article\" \/>\n<meta property=\"og:url\" content=\"https:\/\/vittra.se\/forsglantan\/pedagogiska-verktyg\/vittrasamlingar\/\" \/>\n<meta property=\"og:site_name\" content=\"Forsgl\u00e4ntan\" \/>\n<meta property=\"article:modified_time\" content=\"2024-04-02T08:43:15+00:00\" \/>\n<meta name=\"twitter:card\" content=\"summary_large_image\" \/>\n<script type=\"application\/ld+json\" class=\"yoast-schema-graph\">{\"@context\":\"https:\/\/schema.org\",\"@graph\":[{\"@type\":\"WebPage\",\"@id\":\"https:\/\/vittra.se\/forsglantan\/pedagogiska-verktyg\/vittrasamlingar\/\",\"url\":\"https:\/\/vittra.se\/forsglantan\/pedagogiska-verktyg\/vittrasamlingar\/\",\"name\":\"Vittrasamlingar - Forsgl\u00e4ntan\",\"isPartOf\":{\"@id\":\"https:\/\/vittra.se\/forsglantan\/#website\"},\"datePublished\":\"2024-04-02T08:43:12+00:00\",\"dateModified\":\"2024-04-02T08:43:15+00:00\",\"breadcrumb\":{\"@id\":\"https:\/\/vittra.se\/forsglantan\/pedagogiska-verktyg\/vittrasamlingar\/#breadcrumb\"},\"inLanguage\":\"sv-SE\",\"potentialAction\":[{\"@type\":\"ReadAction\",\"target\":[\"https:\/\/vittra.se\/forsglantan\/pedagogiska-verktyg\/vittrasamlingar\/\"]}]},{\"@type\":\"BreadcrumbList\",\"@id\":\"https:\/\/vittra.se\/forsglantan\/pedagogiska-verktyg\/vittrasamlingar\/#breadcrumb\",\"itemListElement\":[{\"@type\":\"ListItem\",\"position\":1,\"name\":\"Start\",\"item\":\"https:\/\/vittra.se\/forsglantan\/\"},{\"@type\":\"ListItem\",\"position\":2,\"name\":\"Pedagogiska verktyg\",\"item\":\"https:\/\/vittra.se\/forsglantan\/pedagogiska-verktyg\/\"},{\"@type\":\"ListItem\",\"position\":3,\"name\":\"Vittrasamlingar\"}]},{\"@type\":\"WebSite\",\"@id\":\"https:\/\/vittra.se\/forsglantan\/#website\",\"url\":\"https:\/\/vittra.se\/forsglantan\/\",\"name\":\"Forsgl\u00e4ntan\",\"description\":\"Kunskap att f\u00f6r\u00e4ndra. Mod att p\u00e5verka.\",\"potentialAction\":[{\"@type\":\"SearchAction\",\"target\":{\"@type\":\"EntryPoint\",\"urlTemplate\":\"https:\/\/vittra.se\/forsglantan\/?s={search_term_string}\"},\"query-input\":\"required name=search_term_string\"}],\"inLanguage\":\"sv-SE\"}]}<\/script>\n<!-- \/ Yoast SEO plugin. -->","yoast_head_json":{"title":"Forsgl\u00e4ntan","robots":{"index":"index","follow":"follow","max-snippet":"max-snippet:-1","max-image-preview":"max-image-preview:large","max-video-preview":"max-video-preview:-1"},"canonical":"https:\/\/vittra.se\/forsglantan\/pedagogiska-verktyg\/vittrasamlingar\/","og_locale":"sv_SE","og_type":"article","og_url":"https:\/\/vittra.se\/forsglantan\/pedagogiska-verktyg\/vittrasamlingar\/","og_site_name":"Forsgl\u00e4ntan","article_modified_time":"2024-04-02T08:43:15+00:00","twitter_card":"summary_large_image","schema":{"@context":"https:\/\/schema.org","@graph":[{"@type":"WebPage","@id":"https:\/\/vittra.se\/forsglantan\/pedagogiska-verktyg\/vittrasamlingar\/","url":"https:\/\/vittra.se\/forsglantan\/pedagogiska-verktyg\/vittrasamlingar\/","name":"Vittrasamlingar - Forsgl\u00e4ntan","isPartOf":{"@id":"https:\/\/vittra.se\/forsglantan\/#website"},"datePublished":"2024-04-02T08:43:12+00:00","dateModified":"2024-04-02T08:43:15+00:00","breadcrumb":{"@id":"https:\/\/vittra.se\/forsglantan\/pedagogiska-verktyg\/vittrasamlingar\/#breadcrumb"},"inLanguage":"sv-SE","potentialAction":[{"@type":"ReadAction","target":["https:\/\/vittra.se\/forsglantan\/pedagogiska-verktyg\/vittrasamlingar\/"]}]},{"@type":"BreadcrumbList","@id":"https:\/\/vittra.se\/forsglantan\/pedagogiska-verktyg\/vittrasamlingar\/#breadcrumb","itemListElement":[{"@type":"ListItem","position":1,"name":"Start","item":"https:\/\/vittra.se\/forsglantan\/"},{"@type":"ListItem","position":2,"name":"Pedagogiska verktyg","item":"https:\/\/vittra.se\/forsglantan\/pedagogiska-verktyg\/"},{"@type":"ListItem","position":3,"name":"Vittrasamlingar"}]},{"@type":"WebSite","@id":"https:\/\/vittra.se\/forsglantan\/#website","url":"https:\/\/vittra.se\/forsglantan\/","name":"Forsgl\u00e4ntan","description":"Kunskap att f\u00f6r\u00e4ndra. Mod att p\u00e5verka.","potentialAction":[{"@type":"SearchAction","target":{"@type":"EntryPoint","urlTemplate":"https:\/\/vittra.se\/forsglantan\/?s={search_term_string}"},"query-input":"required name=search_term_string"}],"inLanguage":"sv-SE"}]}},"_links":{"self":[{"href":"https:\/\/vittra.se\/forsglantan\/wp-json\/wp\/v2\/pages\/1411"}],"collection":[{"href":"https:\/\/vittra.se\/forsglantan\/wp-json\/wp\/v2\/pages"}],"about":[{"href":"https:\/\/vittra.se\/forsglantan\/wp-json\/wp\/v2\/types\/page"}],"author":[{"embeddable":true,"href":"https:\/\/vittra.se\/forsglantan\/wp-json\/wp\/v2\/users\/58"}],"replies":[{"embeddable":true,"href":"https:\/\/vittra.se\/forsglantan\/wp-json\/wp\/v2\/comments?post=1411"}],"version-history":[{"count":2,"href":"https:\/\/vittra.se\/forsglantan\/wp-json\/wp\/v2\/pages\/1411\/revisions"}],"predecessor-version":[{"id":1415,"href":"https:\/\/vittra.se\/forsglantan\/wp-json\/wp\/v2\/pages\/1411\/revisions\/1415"}],"up":[{"embeddable":true,"href":"https:\/\/vittra.se\/forsglantan\/wp-json\/wp\/v2\/pages\/1144"}],"wp:attachment":[{"href":"https:\/\/vittra.se\/forsglantan\/wp-json\/wp\/v2\/media?parent=1411"}],"curies":[{"name":"wp","href":"https:\/\/api.w.org\/{rel}","templated":true}]}}