{"id":5513,"date":"2026-03-30T13:10:39","date_gmt":"2026-03-30T11:10:39","guid":{"rendered":"https:\/\/vittra.se\/distans\/?page_id=5513"},"modified":"2026-04-01T14:16:59","modified_gmt":"2026-04-01T12:16:59","slug":"for-dig-som-vardnadshavare","status":"publish","type":"page","link":"https:\/\/vittra.se\/distans\/for-dig-som-vardnadshavare\/","title":{"rendered":"F\u00f6r dig som v\u00e5rdnadshavare"},"content":{"rendered":"\n<h1 class=\"wp-block-heading\">F\u00f6r dig som v\u00e5rdnadshavare<\/h1>\n\n\n\n<p>Ibland kan det vara sv\u00e5rt f\u00f6r ett barn att delta i den vanliga undervisningen, till exempel p\u00e5 grund av medicinska, psykiska eller sociala utmaningar. D\u00e5 kan distansundervisning som s\u00e4rskilt st\u00f6d vara en m\u00f6jlighet.<\/p>\n\n\n\n<p>P\u00e5 Vittra Distans f\u00e5r elever i \u00e5rskurs 7\u20139 undervisning som anpassas efter deras behov, med fokus p\u00e5 b\u00e5de kunskapsutveckling och v\u00e4lm\u00e5ende. M\u00e5let \u00e4r att skapa en trygg och h\u00e5llbar v\u00e4g fram\u00e5t, och p\u00e5 sikt g\u00f6ra det m\u00f6jligt f\u00f6r eleven att \u00e5terv\u00e4nda till sin ordinarie skolg\u00e5ng eller g\u00e5 vidare till n\u00e4sta steg i utbildningen.<\/p>\n\n\n\n<h2 class=\"wp-block-heading\">S\u00e5 g\u00e5r det till<\/h2>\n\n\n\n<p>Det \u00e4r alltid elevens ordinarie skola (hemskolan) som ansvarar f\u00f6r beslut om s\u00e4rskilt st\u00f6d. Om du som v\u00e5rdnadshavare tror att distansundervisning kan vara r\u00e4tt st\u00f6d f\u00f6r ditt barn, b\u00f6rjar du med att ta kontakt med specialpedagog eller rektor p\u00e5 barnets skola.<\/p>\n\n\n\n<p>Rektorn utreder behovet och ans\u00f6ker vid behov om en plats p\u00e5 Vittra Distans. Under tiden forts\u00e4tter eleven att tillh\u00f6ra sin hemskola.<\/p>\n\n\n\n<div style=\"height:121px\" aria-hidden=\"true\" class=\"wp-block-spacer\"><\/div>\n","protected":false},"excerpt":{"rendered":"<p>F\u00f6r dig som v\u00e5rdnadshavare Ibland kan det vara sv\u00e5rt f\u00f6r ett barn att delta i den vanliga undervisningen, till exempel p\u00e5 grund av medicinska, psykiska eller sociala utmaningar. D\u00e5 kan distansundervisning som s\u00e4rskilt st\u00f6d vara en m\u00f6jlighet. P\u00e5 Vittra Distans f\u00e5r elever i \u00e5rskurs 7\u20139 undervisning som anpassas efter deras behov, med fokus p\u00e5 b\u00e5de&#8230;<\/p>\n","protected":false},"author":90,"featured_media":0,"parent":0,"menu_order":0,"comment_status":"closed","ping_status":"closed","template":"","meta":{"footnotes":""},"yoast_head":"<!-- This site is optimized with the Yoast SEO plugin v22.0 - https:\/\/yoast.com\/wordpress\/plugins\/seo\/ -->\n<title>Distans<\/title>\n<meta name=\"robots\" content=\"index, follow, max-snippet:-1, max-image-preview:large, max-video-preview:-1\" \/>\n<link rel=\"canonical\" href=\"https:\/\/vittra.se\/distans\/for-dig-som-vardnadshavare\/\" \/>\n<meta property=\"og:locale\" content=\"sv_SE\" \/>\n<meta property=\"og:type\" content=\"article\" \/>\n<meta property=\"og:url\" content=\"https:\/\/vittra.se\/distans\/for-dig-som-vardnadshavare\/\" \/>\n<meta property=\"og:site_name\" content=\"Distans\" \/>\n<meta property=\"article:modified_time\" content=\"2026-04-01T12:16:59+00:00\" \/>\n<meta name=\"twitter:card\" content=\"summary_large_image\" \/>\n<meta name=\"twitter:label1\" content=\"Ber\u00e4knad l\u00e4stid\" \/>\n\t<meta name=\"twitter:data1\" content=\"1 minut\" \/>\n<script type=\"application\/ld+json\" class=\"yoast-schema-graph\">{\"@context\":\"https:\/\/schema.org\",\"@graph\":[{\"@type\":\"WebPage\",\"@id\":\"https:\/\/vittra.se\/distans\/for-dig-som-vardnadshavare\/\",\"url\":\"https:\/\/vittra.se\/distans\/for-dig-som-vardnadshavare\/\",\"name\":\"F\u00f6r dig som v\u00e5rdnadshavare - Distans\",\"isPartOf\":{\"@id\":\"https:\/\/vittra.se\/distans\/#website\"},\"datePublished\":\"2026-03-30T11:10:39+00:00\",\"dateModified\":\"2026-04-01T12:16:59+00:00\",\"breadcrumb\":{\"@id\":\"https:\/\/vittra.se\/distans\/for-dig-som-vardnadshavare\/#breadcrumb\"},\"inLanguage\":\"sv-SE\",\"potentialAction\":[{\"@type\":\"ReadAction\",\"target\":[\"https:\/\/vittra.se\/distans\/for-dig-som-vardnadshavare\/\"]}]},{\"@type\":\"BreadcrumbList\",\"@id\":\"https:\/\/vittra.se\/distans\/for-dig-som-vardnadshavare\/#breadcrumb\",\"itemListElement\":[{\"@type\":\"ListItem\",\"position\":1,\"name\":\"Start\",\"item\":\"https:\/\/vittra.se\/distans\/\"},{\"@type\":\"ListItem\",\"position\":2,\"name\":\"F\u00f6r dig som v\u00e5rdnadshavare\"}]},{\"@type\":\"WebSite\",\"@id\":\"https:\/\/vittra.se\/distans\/#website\",\"url\":\"https:\/\/vittra.se\/distans\/\",\"name\":\"Distans\",\"description\":\"Kunskap att f\u00f6r\u00e4ndra. Mod att p\u00e5verka.\",\"potentialAction\":[{\"@type\":\"SearchAction\",\"target\":{\"@type\":\"EntryPoint\",\"urlTemplate\":\"https:\/\/vittra.se\/distans\/?s={search_term_string}\"},\"query-input\":\"required name=search_term_string\"}],\"inLanguage\":\"sv-SE\"}]}<\/script>\n<!-- \/ Yoast SEO plugin. -->","yoast_head_json":{"title":"Distans","robots":{"index":"index","follow":"follow","max-snippet":"max-snippet:-1","max-image-preview":"max-image-preview:large","max-video-preview":"max-video-preview:-1"},"canonical":"https:\/\/vittra.se\/distans\/for-dig-som-vardnadshavare\/","og_locale":"sv_SE","og_type":"article","og_url":"https:\/\/vittra.se\/distans\/for-dig-som-vardnadshavare\/","og_site_name":"Distans","article_modified_time":"2026-04-01T12:16:59+00:00","twitter_card":"summary_large_image","twitter_misc":{"Ber\u00e4knad l\u00e4stid":"1 minut"},"schema":{"@context":"https:\/\/schema.org","@graph":[{"@type":"WebPage","@id":"https:\/\/vittra.se\/distans\/for-dig-som-vardnadshavare\/","url":"https:\/\/vittra.se\/distans\/for-dig-som-vardnadshavare\/","name":"F\u00f6r dig som v\u00e5rdnadshavare - Distans","isPartOf":{"@id":"https:\/\/vittra.se\/distans\/#website"},"datePublished":"2026-03-30T11:10:39+00:00","dateModified":"2026-04-01T12:16:59+00:00","breadcrumb":{"@id":"https:\/\/vittra.se\/distans\/for-dig-som-vardnadshavare\/#breadcrumb"},"inLanguage":"sv-SE","potentialAction":[{"@type":"ReadAction","target":["https:\/\/vittra.se\/distans\/for-dig-som-vardnadshavare\/"]}]},{"@type":"BreadcrumbList","@id":"https:\/\/vittra.se\/distans\/for-dig-som-vardnadshavare\/#breadcrumb","itemListElement":[{"@type":"ListItem","position":1,"name":"Start","item":"https:\/\/vittra.se\/distans\/"},{"@type":"ListItem","position":2,"name":"F\u00f6r dig som v\u00e5rdnadshavare"}]},{"@type":"WebSite","@id":"https:\/\/vittra.se\/distans\/#website","url":"https:\/\/vittra.se\/distans\/","name":"Distans","description":"Kunskap att f\u00f6r\u00e4ndra. Mod att p\u00e5verka.","potentialAction":[{"@type":"SearchAction","target":{"@type":"EntryPoint","urlTemplate":"https:\/\/vittra.se\/distans\/?s={search_term_string}"},"query-input":"required name=search_term_string"}],"inLanguage":"sv-SE"}]}},"_links":{"self":[{"href":"https:\/\/vittra.se\/distans\/wp-json\/wp\/v2\/pages\/5513"}],"collection":[{"href":"https:\/\/vittra.se\/distans\/wp-json\/wp\/v2\/pages"}],"about":[{"href":"https:\/\/vittra.se\/distans\/wp-json\/wp\/v2\/types\/page"}],"author":[{"embeddable":true,"href":"https:\/\/vittra.se\/distans\/wp-json\/wp\/v2\/users\/90"}],"replies":[{"embeddable":true,"href":"https:\/\/vittra.se\/distans\/wp-json\/wp\/v2\/comments?post=5513"}],"version-history":[{"count":5,"href":"https:\/\/vittra.se\/distans\/wp-json\/wp\/v2\/pages\/5513\/revisions"}],"predecessor-version":[{"id":5538,"href":"https:\/\/vittra.se\/distans\/wp-json\/wp\/v2\/pages\/5513\/revisions\/5538"}],"wp:attachment":[{"href":"https:\/\/vittra.se\/distans\/wp-json\/wp\/v2\/media?parent=5513"}],"curies":[{"name":"wp","href":"https:\/\/api.w.org\/{rel}","templated":true}]}}