{"id":34,"date":"2020-09-01T22:08:40","date_gmt":"2020-09-01T20:08:40","guid":{"rendered":"https:\/\/vittra.se\/kopieringsunderlag\/?page_id=34"},"modified":"2024-03-21T09:26:20","modified_gmt":"2024-03-21T08:26:20","slug":"skolmat","status":"publish","type":"page","link":"https:\/\/vittra.se\/brotorp\/om\/skolmat\/","title":{"rendered":"V\u00e5r mat"},"content":{"rendered":"\n<div class=\"wp-block-columns is-layout-flex wp-container-core-columns-layout-1 wp-block-columns-is-layout-flex\">\n<div class=\"wp-block-column is-layout-flow wp-block-column-is-layout-flow\" style=\"flex-basis:66.66%\">\n<h1 class=\"wp-block-heading\">V\u00e5r mat<\/h1>\n\n\n\n\t<div class=\"module_wrapper ams_remote_pages_module \">\n\t\t\t\t\t\t\t<div class=\"container acf-preamble\">\n\t\t\t\t\t\t<div class=\"row\">\n\t\t\t\t\t\t\t<div class=\"col-12\">\n\t\t\t\t\t\t\t\t\n<p   class=\"site__ingress container text-left  site__text-color--dark  site__free_text--ingress p-0\">\n\tH\u00e4r kan du l\u00e4sa mer om skolmaten, vilka tider den serveras samt f\u00e5 mer information kring hur du hittar veckomatsedeln och anm\u00e4ler specialkost.<\/p>\n\n\n\t\t\t\t\t\t\t<\/div>\n\t\t\t\t\t\t<\/div>\n\t\t\t\t\t<\/div>\n\t\t\t\t\t\t\t\t\t\t<div class=\"container core-paragraph\">\n\t\t\t\t\t\t<div class=\"row\">\n\t\t\t\t\t\t\t<div class=\"col-12\">\n\t\t\t\t\t\t\t\t\n<p><\/p>\n\t\t\t\t\t\t\t<\/div>\n\t\t\t\t\t\t<\/div>\n\t\t\t\t\t<\/div>\n\t\t\t\t\t\t<\/div>\n\n\t\n\n\n<p>Maten p\u00e5 Vittra Brotorp tillagas i v\u00e5rt egna k\u00f6k och har KRAV-certifiering niv\u00e5 1. All frukt \u00e4r ekologisk och det finns tillg\u00e5ng till ekologiskt Bregott. K\u00f6ket anv\u00e4nder sig av kravm\u00e4rkt kyckling och fisk. <\/p>\n\n\n\n<h2 class=\"wp-block-heading\">F\u00f6rskola  <\/h2>\n\n\n\n<p>F\u00f6r de mindre barnen serveras lunchen 10.40\u201311.30. F\u00f6r de \u00e4ldre barnen som \u00e4tit mellanm\u00e5l under f\u00f6rmiddagen serveras lunchen 12.15. <\/p>\n\n\n\n<h2 class=\"wp-block-heading\">Fritids och grundskola<\/h2>\n\n\n\n<p>Lunchen i skolan serveras 10.45\u201312.45. Mellanm\u00e5l p\u00e5 fritidshemmet serveras 14.15\u201315.00. <\/p>\n\n\n\n<h3 class=\"wp-block-heading\">Veckomatsedel <\/h3>\n\n\n\n<p>Matsedeln hittar du p\u00e5 <a href=\"https:\/\/sms8.schoolsoft.se\/vittra\/jsp\/Login.jsp\" target=\"_blank\" rel=\"noreferrer noopener\">Schoolsoft<\/a>. <\/p>\n\n\n\n<h3 class=\"wp-block-heading\">Specialkost <\/h3>\n\n\n\n<p>\u00c4r ditt barn i behov av specialkost eller har n\u00e5gon allergi anm\u00e4ler du detta till skolan via <a href=\"https:\/\/sms8.schoolsoft.se\/vittra\/jsp\/Login.jsp\" target=\"_blank\" rel=\"noreferrer noopener\">Schoolsoft<\/a>. <\/p>\n\n\n\n<p><\/p>\n\n\n\n<p><img decoding=\"async\" width=\"170\" height=\"163\" class=\"wp-image-864\" style=\"width: 150px;\" src=\"https:\/\/vittra.se\/wp-content\/uploads\/sites\/4\/2021\/09\/eu-logo-skolmjolk.jpeg\" alt=\"\"><\/p>\n<\/div>\n\n\n\n<div class=\"wp-block-column is-layout-flow wp-block-column-is-layout-flow\" style=\"flex-basis:33.33%\"><div   id=\"page-relative-menu\" class=\"site__font-monospace   container_width--full_width_conIcon   d-none d-lg-block  \">\n\n\t\t\t\n<\/div>\n<\/div>\n<\/div>\n\n\n<div   id=\"page-relative-menu\" class=\"site__font-monospace   container_width--full_width_conIcon   d-lg-none  \">\n\n\t\t\t\n<\/div>\n","protected":false},"excerpt":{"rendered":"<p>V\u00e5r mat Maten p\u00e5 Vittra Brotorp tillagas i v\u00e5rt egna k\u00f6k och har KRAV-certifiering niv\u00e5 1. All frukt \u00e4r ekologisk och det finns tillg\u00e5ng till ekologiskt Bregott. K\u00f6ket anv\u00e4nder sig av kravm\u00e4rkt kyckling och fisk. F\u00f6rskola F\u00f6r de mindre barnen serveras lunchen 10.40\u201311.30. F\u00f6r de \u00e4ldre barnen som \u00e4tit mellanm\u00e5l under f\u00f6rmiddagen serveras lunchen 12.15&#8230;.<\/p>\n","protected":false},"author":1,"featured_media":0,"parent":20,"menu_order":0,"comment_status":"closed","ping_status":"closed","template":"","meta":{"footnotes":""},"yoast_head":"<!-- This site is optimized with the Yoast SEO plugin v22.0 - https:\/\/yoast.com\/wordpress\/plugins\/seo\/ -->\n<title>Brotorp<\/title>\n<meta name=\"description\" content=\"L\u00e4s om skolmaten h\u00e4r! Ta reda p\u00e5 serveringstider, hitta veckomatsedeln och anm\u00e4l specialkost.\" \/>\n<meta name=\"robots\" content=\"index, follow, max-snippet:-1, max-image-preview:large, max-video-preview:-1\" \/>\n<link rel=\"canonical\" href=\"https:\/\/vittra.se\/brotorp\/om\/skolmat\/\" \/>\n<meta property=\"og:locale\" content=\"sv_SE\" \/>\n<meta property=\"og:type\" content=\"article\" \/>\n<meta property=\"og:description\" content=\"L\u00e4s om skolmaten h\u00e4r! Ta reda p\u00e5 serveringstider, hitta veckomatsedeln och anm\u00e4l specialkost.\" \/>\n<meta property=\"og:url\" content=\"https:\/\/vittra.se\/brotorp\/om\/skolmat\/\" \/>\n<meta property=\"og:site_name\" content=\"Brotorp\" \/>\n<meta property=\"article:modified_time\" content=\"2024-03-21T08:26:20+00:00\" \/>\n<meta property=\"og:image\" content=\"https:\/\/vittra.se\/wp-content\/uploads\/sites\/4\/2021\/09\/eu-logo-skolmjolk.jpeg\" \/>\n<meta name=\"twitter:card\" content=\"summary_large_image\" \/>\n<meta name=\"twitter:description\" content=\"L\u00e4s om skolmaten h\u00e4r! Ta reda p\u00e5 serveringstider, hitta veckomatsedeln och anm\u00e4l specialkost.\" \/>\n<meta name=\"twitter:label1\" content=\"Ber\u00e4knad l\u00e4stid\" \/>\n\t<meta name=\"twitter:data1\" content=\"1 minut\" \/>\n<script type=\"application\/ld+json\" class=\"yoast-schema-graph\">{\"@context\":\"https:\/\/schema.org\",\"@graph\":[{\"@type\":\"WebPage\",\"@id\":\"https:\/\/vittra.se\/brotorp\/om\/skolmat\/\",\"url\":\"https:\/\/vittra.se\/brotorp\/om\/skolmat\/\",\"name\":\"V\u00e5r mat - Brotorp\",\"isPartOf\":{\"@id\":\"https:\/\/vittra.se\/brotorp\/#website\"},\"datePublished\":\"2020-09-01T20:08:40+00:00\",\"dateModified\":\"2024-03-21T08:26:20+00:00\",\"description\":\"L\u00e4s om skolmaten h\u00e4r! Ta reda p\u00e5 serveringstider, hitta veckomatsedeln och anm\u00e4l specialkost.\",\"breadcrumb\":{\"@id\":\"https:\/\/vittra.se\/brotorp\/om\/skolmat\/#breadcrumb\"},\"inLanguage\":\"sv-SE\",\"potentialAction\":[{\"@type\":\"ReadAction\",\"target\":[\"https:\/\/vittra.se\/brotorp\/om\/skolmat\/\"]}]},{\"@type\":\"BreadcrumbList\",\"@id\":\"https:\/\/vittra.se\/brotorp\/om\/skolmat\/#breadcrumb\",\"itemListElement\":[{\"@type\":\"ListItem\",\"position\":1,\"name\":\"Start\",\"item\":\"https:\/\/vittra.se\/brotorp\/\"},{\"@type\":\"ListItem\",\"position\":2,\"name\":\"Om skolan\",\"item\":\"https:\/\/vittra.se\/brotorp\/om\/\"},{\"@type\":\"ListItem\",\"position\":3,\"name\":\"V\u00e5r mat\"}]},{\"@type\":\"WebSite\",\"@id\":\"https:\/\/vittra.se\/brotorp\/#website\",\"url\":\"https:\/\/vittra.se\/brotorp\/\",\"name\":\"Brotorp\",\"description\":\"Kunskap att f\u00f6r\u00e4ndra. Mod att p\u00e5verka.\",\"potentialAction\":[{\"@type\":\"SearchAction\",\"target\":{\"@type\":\"EntryPoint\",\"urlTemplate\":\"https:\/\/vittra.se\/brotorp\/?s={search_term_string}\"},\"query-input\":\"required name=search_term_string\"}],\"inLanguage\":\"sv-SE\"}]}<\/script>\n<!-- \/ Yoast SEO plugin. -->","yoast_head_json":{"title":"Brotorp","description":"L\u00e4s om skolmaten h\u00e4r! Ta reda p\u00e5 serveringstider, hitta veckomatsedeln och anm\u00e4l specialkost.","robots":{"index":"index","follow":"follow","max-snippet":"max-snippet:-1","max-image-preview":"max-image-preview:large","max-video-preview":"max-video-preview:-1"},"canonical":"https:\/\/vittra.se\/brotorp\/om\/skolmat\/","og_locale":"sv_SE","og_type":"article","og_description":"L\u00e4s om skolmaten h\u00e4r! Ta reda p\u00e5 serveringstider, hitta veckomatsedeln och anm\u00e4l specialkost.","og_url":"https:\/\/vittra.se\/brotorp\/om\/skolmat\/","og_site_name":"Brotorp","article_modified_time":"2024-03-21T08:26:20+00:00","og_image":[{"url":"https:\/\/vittra.se\/wp-content\/uploads\/sites\/4\/2021\/09\/eu-logo-skolmjolk.jpeg"}],"twitter_card":"summary_large_image","twitter_description":"L\u00e4s om skolmaten h\u00e4r! Ta reda p\u00e5 serveringstider, hitta veckomatsedeln och anm\u00e4l specialkost.","twitter_misc":{"Ber\u00e4knad l\u00e4stid":"1 minut"},"schema":{"@context":"https:\/\/schema.org","@graph":[{"@type":"WebPage","@id":"https:\/\/vittra.se\/brotorp\/om\/skolmat\/","url":"https:\/\/vittra.se\/brotorp\/om\/skolmat\/","name":"V\u00e5r mat - Brotorp","isPartOf":{"@id":"https:\/\/vittra.se\/brotorp\/#website"},"datePublished":"2020-09-01T20:08:40+00:00","dateModified":"2024-03-21T08:26:20+00:00","description":"L\u00e4s om skolmaten h\u00e4r! Ta reda p\u00e5 serveringstider, hitta veckomatsedeln och anm\u00e4l specialkost.","breadcrumb":{"@id":"https:\/\/vittra.se\/brotorp\/om\/skolmat\/#breadcrumb"},"inLanguage":"sv-SE","potentialAction":[{"@type":"ReadAction","target":["https:\/\/vittra.se\/brotorp\/om\/skolmat\/"]}]},{"@type":"BreadcrumbList","@id":"https:\/\/vittra.se\/brotorp\/om\/skolmat\/#breadcrumb","itemListElement":[{"@type":"ListItem","position":1,"name":"Start","item":"https:\/\/vittra.se\/brotorp\/"},{"@type":"ListItem","position":2,"name":"Om skolan","item":"https:\/\/vittra.se\/brotorp\/om\/"},{"@type":"ListItem","position":3,"name":"V\u00e5r mat"}]},{"@type":"WebSite","@id":"https:\/\/vittra.se\/brotorp\/#website","url":"https:\/\/vittra.se\/brotorp\/","name":"Brotorp","description":"Kunskap att f\u00f6r\u00e4ndra. Mod att p\u00e5verka.","potentialAction":[{"@type":"SearchAction","target":{"@type":"EntryPoint","urlTemplate":"https:\/\/vittra.se\/brotorp\/?s={search_term_string}"},"query-input":"required name=search_term_string"}],"inLanguage":"sv-SE"}]}},"_links":{"self":[{"href":"https:\/\/vittra.se\/brotorp\/wp-json\/wp\/v2\/pages\/34"}],"collection":[{"href":"https:\/\/vittra.se\/brotorp\/wp-json\/wp\/v2\/pages"}],"about":[{"href":"https:\/\/vittra.se\/brotorp\/wp-json\/wp\/v2\/types\/page"}],"author":[{"embeddable":true,"href":"https:\/\/vittra.se\/brotorp\/wp-json\/wp\/v2\/users\/1"}],"replies":[{"embeddable":true,"href":"https:\/\/vittra.se\/brotorp\/wp-json\/wp\/v2\/comments?post=34"}],"version-history":[{"count":10,"href":"https:\/\/vittra.se\/brotorp\/wp-json\/wp\/v2\/pages\/34\/revisions"}],"predecessor-version":[{"id":1437,"href":"https:\/\/vittra.se\/brotorp\/wp-json\/wp\/v2\/pages\/34\/revisions\/1437"}],"up":[{"embeddable":true,"href":"https:\/\/vittra.se\/brotorp\/wp-json\/wp\/v2\/pages\/20"}],"wp:attachment":[{"href":"https:\/\/vittra.se\/brotorp\/wp-json\/wp\/v2\/media?parent=34"}],"curies":[{"name":"wp","href":"https:\/\/api.w.org\/{rel}","templated":true}]}}