{"id":23,"date":"2020-09-01T22:06:54","date_gmt":"2020-09-01T20:06:54","guid":{"rendered":"https:\/\/vittra.se\/kopieringsunderlag\/?page_id=23"},"modified":"2026-03-05T15:59:24","modified_gmt":"2026-03-05T14:59:24","slug":"forskola","status":"publish","type":"page","link":"https:\/\/vittra.se\/brotorp\/om\/forskola\/","title":{"rendered":"F\u00f6rskola"},"content":{"rendered":"\n\t\n\t\n\t\n\n\t\n\t\n\t\t\n<section  class=\"c-block l-stacked  \" data-color-scheme=\"transparent\">\n\t<div class=\"ams-fifty ams-fifty--container ams-fifty--right ams-fifty--bottom l-container u-pt-fluid-2xl-4xl u-pb-fluid-md-xl\">\n\t\t<div class=\"ams-fifty__content l-stack l-stack-xl is-left is-left@lg\">\n\t\t\t<div class=\"ams-fifty__text l-stack l-stack-lg\">\n\t\t\t\t\t\n\t<h1\n\tclass=\"c-heading u-font-title-1 \"\n\tstyle=\"\">\n\t\t\n\t\t\t\t\tF\u00f6rskolan p\u00e5 Vittra Brotorp i Sundbyberg\n\t\t\t\t\n\t<\/h1>\n\n\t\t\t\t\t\t\t\t\t<div class=\"text l-stack u-font-body\">\n\t\t\t\t\t\t<p>P\u00e5 Vittra Brotorps f\u00f6rskola i Sundbyberg har vi fem avdelningar. De minsta barnen p\u00e5 1-2 \u00e5r g\u00e5r p\u00e5 Topasen och Juvelen, p\u00e5 Kristallen g\u00e5r barnen som \u00e4r 2-3 \u00e5r och p\u00e5 P\u00e4rlan och Rubinen g\u00e5r de \u00e4ldsta barnen som \u00e4r 3-5 \u00e5r.<\/p>\n<p>Vi \u00f6ppnar f\u00f6rskolan klockan 06:30 och frukost serveras klockan 06:40-07:10. De barn som l\u00e4mnas mellan kl 08:00 -09:00 tar vi emot utomhus p\u00e5 g\u00e5rden. N\u00e4r klockan slagit 09:00 p\u00e5b\u00f6rjas projekten p\u00e5 varje avdelning. N\u00e4r det sedan \u00e4r dags f\u00f6r lunch \u00e4ter de yngre barnen p\u00e5 sina respektive avdelningar medan de \u00e4ldsta \u00e4ter i matsalen. Sommartid n\u00e4r v\u00e4dret till\u00e5ter \u00e4ter vi ofta mellanm\u00e5l utomhus. V\u00e5r f\u00f6rskola ligger n\u00e4ra naturen och vi har mycket utomhuspedagogik i de fina omgivningarna.<\/p>\n<p>&nbsp;<\/p>\n<p><!-- wp:heading --><\/p>\n<p><!-- \/wp:paragraph --><\/p>\n\n\t\t\t\t\t<\/div>\n\t\t\t\t\t\t\t<\/div>\n\n\t\t\t\t\t<\/div>\n\n\t\t <div class=\"ams-fifty__media u-ratio-landscape\">\n\t\t \t\t\t\t\t<img decoding=\"async\" width=\"600\" height=\"465\" src=\"https:\/\/vittra.se\/wp-content\/uploads\/sites\/4\/2025\/11\/vittraadolfsberg202404forskola4-e1768233623952-600x465.jpg\" class=\"attachment-md size-md\" alt=\"Barn och pedagog som l\u00e4ser tillsammans.\" sizes=\"(min-width: 64em) 600px, calc(100vw - 160px)\" srcset=\"https:\/\/vittra.se\/wp-content\/uploads\/sites\/4\/2025\/11\/vittraadolfsberg202404forskola4-e1768233623952-600x465.jpg 600w, https:\/\/vittra.se\/wp-content\/uploads\/sites\/4\/2025\/11\/vittraadolfsberg202404forskola4-e1768233623952-300x233.jpg 300w, https:\/\/vittra.se\/wp-content\/uploads\/sites\/4\/2025\/11\/vittraadolfsberg202404forskola4-e1768233623952-400x310.jpg 400w, https:\/\/vittra.se\/wp-content\/uploads\/sites\/4\/2025\/11\/vittraadolfsberg202404forskola4-e1768233623952-800x620.jpg 800w, https:\/\/vittra.se\/wp-content\/uploads\/sites\/4\/2025\/11\/vittraadolfsberg202404forskola4-e1768233623952-1024x794.jpg 1024w, https:\/\/vittra.se\/wp-content\/uploads\/sites\/4\/2025\/11\/vittraadolfsberg202404forskola4-e1768233623952-1200x930.jpg 1200w, https:\/\/vittra.se\/wp-content\/uploads\/sites\/4\/2025\/11\/vittraadolfsberg202404forskola4-e1768233623952.jpg 1406w\" \/>\n\t\t\t\n\t\t\t\n\t\t\t\t\t<\/div>\n\t<\/div>\n\n\t\t\n\n<\/section>\n\n\n\n\t\n\t\n\t\n\n\t\n\t\n\t\t\n<section  class=\"c-block l-stacked  \" data-color-scheme=\"primar2\">\n\t<div class=\"ams-fifty ams-fifty--container ams-fifty--right ams-fifty--bottom l-container u-pt-fluid-2xl-4xl u-pb-fluid-3xl-6xl\">\n\t\t<div class=\"ams-fifty__content l-stack l-stack-xl is-left is-left@lg\">\n\t\t\t<div class=\"ams-fifty__text l-stack l-stack-lg\">\n\t\t\t\t\t\n\t<h1\n\tclass=\"c-heading u-font-title-1 \"\n\tstyle=\"\">\n\t\t\n\t\t\t\t\t\t\t\t\tEn vanlig dag \n\t\t\t\t<span class=\"c-heading__sub is-below u-font-title-3\">\n\t\t\t\t\tp\u00e5 Vittra Brotorps f\u00f6rskola\n\t\t\t\t<\/span>\n\t\t\t\t\t\t\t\n\t<\/h1>\n\n\t\t\t\t\t\t\t\t\t<div class=\"text l-stack u-font-body\">\n\t\t\t\t\t\t<h3>Avdelningar utefter \u00e5lder<\/h3>\n<p>P\u00e5 Vittra Brotorps f\u00f6rskola i Sundbyberg har vi sex avdelningar. De yngsta barnen p\u00e5 1-3 \u00e5r g\u00e5r p\u00e5 Topasen och Juvelen. P\u00e5 Kristallen, P\u00e4rlan, Rubinen och Diamanten g\u00e5r barnen som \u00e4r 3-5 \u00e5r.<\/p>\n<h3>Trygg och tydlig start p\u00e5 dagen<\/h3>\n<p>Vi \u00f6ppnar f\u00f6rskolan klockan 06:30 och frukost serveras klockan 06:40-07:10. Alla barn g\u00e5r ut en stund p\u00e5 morgonen f\u00f6r gemensam lek. De barn som l\u00e4mnas mellan kl 08:00-09:00 tar vi emot utomhus p\u00e5 g\u00e5rden. N\u00e4r klockan slagit 09:00 p\u00e5b\u00f6rjas projekten p\u00e5 varje avdelning inomhus och utomhus. N\u00e4r det sedan \u00e4r dags f\u00f6r lunch \u00e4ter de yngre barnen p\u00e5 sina respektive avdelningar medan de \u00e4ldsta \u00e4ter i matsalen.<\/p>\n<h3>Utomhuspedagogik en viktig del<\/h3>\n<p>Sommartid n\u00e4r v\u00e4dret till\u00e5ter \u00e4ter vi ofta mellanm\u00e5l utomhus. V\u00e5r f\u00f6rskola ligger n\u00e4ra naturen och vi har mycket utomhuspedagogik i de fina omgivningarna.<\/p>\n\n\t\t\t\t\t<\/div>\n\t\t\t\t\t\t\t<\/div>\n\n\t\t\t\t\t<\/div>\n\n\t\t <div class=\"ams-fifty__media u-ratio-square\">\n\t\t \t\t\t\t\t<img decoding=\"async\" width=\"600\" height=\"400\" src=\"https:\/\/vittra.se\/wp-content\/uploads\/sites\/4\/2024\/04\/vittra-byta-skola-sundbyberg-brotorp-202204-600x400.jpg\" class=\"attachment-md size-md\" alt=\"En f\u00f6rskoleklass p\u00e5 Vittra Brotorp sitter i en ring p\u00e5 golvet och lyssnar p\u00e5 l\u00e4raren.\" sizes=\"(min-width: 64em) 600px, calc(100vw - 160px)\" srcset=\"https:\/\/vittra.se\/wp-content\/uploads\/sites\/4\/2024\/04\/vittra-byta-skola-sundbyberg-brotorp-202204-600x400.jpg 600w, https:\/\/vittra.se\/wp-content\/uploads\/sites\/4\/2024\/04\/vittra-byta-skola-sundbyberg-brotorp-202204-300x200.jpg 300w, https:\/\/vittra.se\/wp-content\/uploads\/sites\/4\/2024\/04\/vittra-byta-skola-sundbyberg-brotorp-202204-400x267.jpg 400w, https:\/\/vittra.se\/wp-content\/uploads\/sites\/4\/2024\/04\/vittra-byta-skola-sundbyberg-brotorp-202204-800x533.jpg 800w, https:\/\/vittra.se\/wp-content\/uploads\/sites\/4\/2024\/04\/vittra-byta-skola-sundbyberg-brotorp-202204-1024x683.jpg 1024w, https:\/\/vittra.se\/wp-content\/uploads\/sites\/4\/2024\/04\/vittra-byta-skola-sundbyberg-brotorp-202204-1200x800.jpg 1200w, https:\/\/vittra.se\/wp-content\/uploads\/sites\/4\/2024\/04\/vittra-byta-skola-sundbyberg-brotorp-202204.jpg 1980w\" \/>\n\t\t\t\n\t\t\t\n\t\t\t\t\t<\/div>\n\t<\/div>\n\n\t\t\n\n<\/section>\n\n\n\n<div style=\"height:25px\" aria-hidden=\"true\" class=\"wp-block-spacer\"><\/div>\n\n\n\n<h2 class=\"wp-block-heading has-text-align-center\">Barnens h\u00f6jdpunkter<\/h2>\n\n\n\n<div class=\"wp-block-columns is-layout-flex wp-container-core-columns-layout-1 wp-block-columns-is-layout-flex\">\n<div class=\"wp-block-column is-layout-constrained wp-block-column-is-layout-constrained\">\n<h3 class=\"wp-block-heading has-text-align-center\">Gl\u00e4dje, lek och gemenskap<\/h3>\n\n\n\n<p class=\"is-style-container\">H\u00f6jdpunkterna f\u00f6r v\u00e5ra barn \u00e4r att m\u00f6tas av glada och inspirerande pedagoger. Att vara tillsammans med sina kompisar st\u00e5r h\u00f6gt p\u00e5 listan. Att f\u00e5 leka och ha sp\u00e4nnande projekt ser barnen fram emot varje dag. <\/p>\n<\/div>\n\n\n\n<div class=\"wp-block-column is-layout-flow wp-block-column-is-layout-flow\">\n<h3 class=\"wp-block-heading has-text-align-center\">Varierande milj\u00f6<\/h3>\n\n\n\n<p class=\"is-style-container\">V\u00e5r f\u00f6rskola finns i ett h\u00e4rligt Naturreservat som bjuder in till de b\u00e4sta f\u00f6ruts\u00e4ttningar att bedriva utomhuspedagogik i alla \u00e5ldrar. En varierande och l\u00e4rorik milj\u00f6 att vistas i. De barn som inte l\u00e4mnar g\u00e5rden direkt p\u00e5 morgonen, f\u00f6r en utflykt, har sina projekt ute p\u00e5 g\u00e5rden eller inomhus.<\/p>\n<\/div>\n<\/div>\n\n\n\n\t\n\t\n\t\n\n\t\n\t\n\t\t\n<section  class=\"c-block l-stacked  \" data-color-scheme=\"nyans1_av_cta\">\n\t<div class=\"ams-fifty ams-fifty--container ams-fifty--left ams-fifty--bottom l-container u-pt-fluid-md-xl u-pb-fluid-md-xl\">\n\t\t<div class=\"ams-fifty__content l-stack l-stack-xl is-left is-left@lg\">\n\t\t\t<div class=\"ams-fifty__text l-stack l-stack-lg\">\n\t\t\t\t\t\n\t<h1\n\tclass=\"c-heading u-font-title-1 \"\n\tstyle=\"\">\n\t\t\n\t\t\t\t\tDiamanten \u00e4r\u00a0Vittra\u00a0Brotorps utomhusverksamhet!\n\t\t\t\t\n\t<\/h1>\n\n\t\t\t\t\t\t\t\t\t<div class=\"text l-stack u-font-body\">\n\t\t\t\t\t\t<p data-start=\"207\" data-end=\"379\">P\u00e5 avdelningen Diamanten spenderar barn och pedagoger stora delar av \u00e5ret utomhus. H\u00e4r blir naturen och n\u00e4rmilj\u00f6n en naturlig del av undervisningen och barnens utforskande.<\/p>\n<p data-start=\"381\" data-end=\"606\">Nyfikenhet och uppt\u00e4ckargl\u00e4dje st\u00e5r i centrum. Tillsammans bes\u00f6ker vi nya platser och l\u00e5ter barnens intressen leda v\u00e4gen till sp\u00e4nnande projekt och aktiviteter. L\u00e4randet kan ta plats b\u00e5de i skogen och i samh\u00e4llet omkring oss.<\/p>\n<p data-start=\"608\" data-end=\"866\">Vittra \u00e4r en samh\u00e4llsengagerad f\u00f6rskola och p\u00e5 Diamanten tar vi vara p\u00e5 barnens nyfikenhet, behov och \u00e4ventyrslust. Genom att utforska omv\u00e4rlden tillsammans f\u00e5r barnen m\u00f6jlighet att uppt\u00e4cka, st\u00e4lla fr\u00e5gor och utveckla sin f\u00f6rst\u00e5else f\u00f6r v\u00e4rlden omkring dem.<\/p>\n<p><!-- wp:heading --><\/p>\n<p><!-- \/wp:paragraph --><\/p>\n\n\t\t\t\t\t<\/div>\n\t\t\t\t\t\t\t<\/div>\n\n\t\t\t\t\t<\/div>\n\n\t\t <div class=\"ams-fifty__media u-ratio-square\">\n\t\t \t\t\t\t\t<picture><source media=\"(min-width: 32em)\" srcset=\"https:\/\/vittra.se\/wp-content\/uploads\/sites\/4\/2020\/10\/lasarstider.jpg 1920w, https:\/\/vittra.se\/wp-content\/uploads\/sites\/4\/2020\/10\/lasarstider-300x169.jpg 300w, https:\/\/vittra.se\/wp-content\/uploads\/sites\/4\/2020\/10\/lasarstider-1024x576.jpg 1024w, https:\/\/vittra.se\/wp-content\/uploads\/sites\/4\/2020\/10\/lasarstider-768x432.jpg 768w, https:\/\/vittra.se\/wp-content\/uploads\/sites\/4\/2020\/10\/lasarstider-1536x864.jpg 1536w, https:\/\/vittra.se\/wp-content\/uploads\/sites\/4\/2020\/10\/lasarstider-1100x620.jpg 1100w, https:\/\/vittra.se\/wp-content\/uploads\/sites\/4\/2020\/10\/lasarstider-1000x563.jpg 1000w\" sizes=\"(min-width: 64em) 600px, calc(100vw - 160px)\" \/><source srcset=\"https:\/\/vittra.se\/wp-content\/uploads\/sites\/4\/2020\/10\/lasarstider.jpg 1920w, https:\/\/vittra.se\/wp-content\/uploads\/sites\/4\/2020\/10\/lasarstider-300x169.jpg 300w, https:\/\/vittra.se\/wp-content\/uploads\/sites\/4\/2020\/10\/lasarstider-1024x576.jpg 1024w, https:\/\/vittra.se\/wp-content\/uploads\/sites\/4\/2020\/10\/lasarstider-768x432.jpg 768w, https:\/\/vittra.se\/wp-content\/uploads\/sites\/4\/2020\/10\/lasarstider-1536x864.jpg 1536w, https:\/\/vittra.se\/wp-content\/uploads\/sites\/4\/2020\/10\/lasarstider-1100x620.jpg 1100w, https:\/\/vittra.se\/wp-content\/uploads\/sites\/4\/2020\/10\/lasarstider-1000x563.jpg 1000w\" sizes=\"(max-width: 63.99875em) calc(100vw - 160px)\" \/><img decoding=\"async\" width=\"600\" height=\"338\" src=\"https:\/\/vittra.se\/wp-content\/uploads\/sites\/4\/2020\/10\/lasarstider.jpg\" class=\"attachment-md size-md\" alt=\"Staket utanf\u00f6r Vittra dekorerat med siffror\" sizes=\"(min-width: 64em) 600px, calc(100vw - 160px)\" srcset=\"https:\/\/vittra.se\/wp-content\/uploads\/sites\/4\/2020\/10\/lasarstider.jpg 1920w, https:\/\/vittra.se\/wp-content\/uploads\/sites\/4\/2020\/10\/lasarstider-300x169.jpg 300w, https:\/\/vittra.se\/wp-content\/uploads\/sites\/4\/2020\/10\/lasarstider-1024x576.jpg 1024w, https:\/\/vittra.se\/wp-content\/uploads\/sites\/4\/2020\/10\/lasarstider-768x432.jpg 768w, https:\/\/vittra.se\/wp-content\/uploads\/sites\/4\/2020\/10\/lasarstider-1536x864.jpg 1536w, https:\/\/vittra.se\/wp-content\/uploads\/sites\/4\/2020\/10\/lasarstider-1100x620.jpg 1100w, https:\/\/vittra.se\/wp-content\/uploads\/sites\/4\/2020\/10\/lasarstider-1000x563.jpg 1000w\" \/><\/picture>\n\t\t\t\n\t\t\t\n\t\t\t\t\t<\/div>\n\t<\/div>\n\n\t\t\n\n<\/section>\n\n\n\n\n<section  class=\"ams-cta ams-cta--stacked c-block l-stacked\" data-color-scheme=\"primar2\">\n\t<div class=\"l-container l-stack l-stack-fluid-2xl u-pt-fluid-3xl-6xl u-pb-fluid-3xl-6xl is-center is-center@md\">\n\t\t\t\t\t<div class=\"ams-cta__intro l-stack l-stack-lg\">\n\t\t\t\t\t\n\t<h2\n\tclass=\"c-heading u-font-title-1 \"\n\tstyle=\"\">\n\t\t\n\t\t\t\t\tVill du l\u00e4sa mer om hur vi jobbar?\n\t\t\t\t\n\t<\/h2>\n\n\t\t\t\t\t\t\t<\/div>\n\t\t\n\t\t\n\t\t\t<div class=\"ams-cta__action u-inline-items\">\n\t\t\t\t\t\t\t\n\n\n<a href=\"https:\/\/vittra.se\/brotorp\/om\/\"\n\t\n\tclass=\"c-btn \"\n\tdata-style=\"round\"\n\tdata-size=\"md\"\n\tdata-width=\"full-mobile\"\n\tdata-variant=\"default\"\n\ttarget=\"_self\">\n\t\t\t<span class=\"label\"> L\u00e4s mer om oss och v\u00e5r pedagogik<\/span>\n\t\t\t<\/a>\n\t\t\t<\/div>\n\t<\/div>\n\n\t\t\n\n<\/section>\n","protected":false},"excerpt":{"rendered":"<p>Barnens h\u00f6jdpunkter Gl\u00e4dje, lek och gemenskap H\u00f6jdpunkterna f\u00f6r v\u00e5ra barn \u00e4r att m\u00f6tas av glada och inspirerande pedagoger. Att vara tillsammans med sina kompisar st\u00e5r h\u00f6gt p\u00e5 listan. Att f\u00e5 leka och ha sp\u00e4nnande projekt ser barnen fram emot varje dag. Varierande milj\u00f6 V\u00e5r f\u00f6rskola finns i ett h\u00e4rligt Naturreservat som bjuder in till de&#8230;<\/p>\n","protected":false},"author":1,"featured_media":0,"parent":20,"menu_order":0,"comment_status":"closed","ping_status":"closed","template":"","meta":{"footnotes":""},"yoast_head":"<!-- This site is optimized with the Yoast SEO plugin v22.0 - https:\/\/yoast.com\/wordpress\/plugins\/seo\/ -->\n<title>Vittra Brotorp | F\u00f6rskola i Sundbyberg<\/title>\n<meta name=\"description\" content=\"Vittra Brotorp \u00e4r en f\u00f6rskola i Sundbyberg. Vi har en samh\u00e4llsf\u00f6rankrad pedagogik som ger trygga och modiga individer med f\u00f6rm\u00e5ga att samarbeta.\" \/>\n<meta name=\"robots\" content=\"index, follow, max-snippet:-1, max-image-preview:large, max-video-preview:-1\" \/>\n<link rel=\"canonical\" href=\"https:\/\/vittra.se\/brotorp\/om\/forskola\/\" \/>\n<meta property=\"og:locale\" content=\"sv_SE\" \/>\n<meta property=\"og:type\" content=\"article\" \/>\n<meta property=\"og:title\" content=\"Vittra Brotorp | F\u00f6rskola i Sundbyberg\" \/>\n<meta property=\"og:description\" content=\"Vittra Brotorp \u00e4r en f\u00f6rskola i Sundbyberg. Vi har en samh\u00e4llsf\u00f6rankrad pedagogik som ger trygga och modiga individer med f\u00f6rm\u00e5ga att samarbeta.\" \/>\n<meta property=\"og:url\" content=\"https:\/\/vittra.se\/brotorp\/om\/forskola\/\" \/>\n<meta property=\"og:site_name\" content=\"Brotorp\" \/>\n<meta property=\"article:modified_time\" content=\"2026-03-05T14:59:24+00:00\" \/>\n<meta name=\"twitter:card\" content=\"summary_large_image\" \/>\n<meta name=\"twitter:title\" content=\"Vittra Brotorp | F\u00f6rskola i Sundbyberg\" \/>\n<meta name=\"twitter:description\" content=\"Vittra Brotorp \u00e4r en f\u00f6rskola i Sundbyberg. Vi har en samh\u00e4llsf\u00f6rankrad pedagogik som ger trygga och modiga individer med f\u00f6rm\u00e5ga att samarbeta.\" \/>\n<meta name=\"twitter:label1\" content=\"Ber\u00e4knad l\u00e4stid\" \/>\n\t<meta name=\"twitter:data1\" content=\"1 minut\" \/>\n<script type=\"application\/ld+json\" class=\"yoast-schema-graph\">{\"@context\":\"https:\/\/schema.org\",\"@graph\":[{\"@type\":\"WebPage\",\"@id\":\"https:\/\/vittra.se\/brotorp\/om\/forskola\/\",\"url\":\"https:\/\/vittra.se\/brotorp\/om\/forskola\/\",\"name\":\"Vittra Brotorp | F\u00f6rskola i Sundbyberg\",\"isPartOf\":{\"@id\":\"https:\/\/vittra.se\/brotorp\/#website\"},\"datePublished\":\"2020-09-01T20:06:54+00:00\",\"dateModified\":\"2026-03-05T14:59:24+00:00\",\"description\":\"Vittra Brotorp \u00e4r en f\u00f6rskola i Sundbyberg. Vi har en samh\u00e4llsf\u00f6rankrad pedagogik som ger trygga och modiga individer med f\u00f6rm\u00e5ga att samarbeta.\",\"breadcrumb\":{\"@id\":\"https:\/\/vittra.se\/brotorp\/om\/forskola\/#breadcrumb\"},\"inLanguage\":\"sv-SE\",\"potentialAction\":[{\"@type\":\"ReadAction\",\"target\":[\"https:\/\/vittra.se\/brotorp\/om\/forskola\/\"]}]},{\"@type\":\"BreadcrumbList\",\"@id\":\"https:\/\/vittra.se\/brotorp\/om\/forskola\/#breadcrumb\",\"itemListElement\":[{\"@type\":\"ListItem\",\"position\":1,\"name\":\"Start\",\"item\":\"https:\/\/vittra.se\/brotorp\/\"},{\"@type\":\"ListItem\",\"position\":2,\"name\":\"Om skolan\",\"item\":\"https:\/\/vittra.se\/brotorp\/om\/\"},{\"@type\":\"ListItem\",\"position\":3,\"name\":\"F\u00f6rskola\"}]},{\"@type\":\"WebSite\",\"@id\":\"https:\/\/vittra.se\/brotorp\/#website\",\"url\":\"https:\/\/vittra.se\/brotorp\/\",\"name\":\"Brotorp\",\"description\":\"Kunskap att f\u00f6r\u00e4ndra. Mod att p\u00e5verka.\",\"potentialAction\":[{\"@type\":\"SearchAction\",\"target\":{\"@type\":\"EntryPoint\",\"urlTemplate\":\"https:\/\/vittra.se\/brotorp\/?s={search_term_string}\"},\"query-input\":\"required name=search_term_string\"}],\"inLanguage\":\"sv-SE\"}]}<\/script>\n<!-- \/ Yoast SEO plugin. -->","yoast_head_json":{"title":"Vittra Brotorp | F\u00f6rskola i Sundbyberg","description":"Vittra Brotorp \u00e4r en f\u00f6rskola i Sundbyberg. Vi har en samh\u00e4llsf\u00f6rankrad pedagogik som ger trygga och modiga individer med f\u00f6rm\u00e5ga att samarbeta.","robots":{"index":"index","follow":"follow","max-snippet":"max-snippet:-1","max-image-preview":"max-image-preview:large","max-video-preview":"max-video-preview:-1"},"canonical":"https:\/\/vittra.se\/brotorp\/om\/forskola\/","og_locale":"sv_SE","og_type":"article","og_title":"Vittra Brotorp | F\u00f6rskola i Sundbyberg","og_description":"Vittra Brotorp \u00e4r en f\u00f6rskola i Sundbyberg. Vi har en samh\u00e4llsf\u00f6rankrad pedagogik som ger trygga och modiga individer med f\u00f6rm\u00e5ga att samarbeta.","og_url":"https:\/\/vittra.se\/brotorp\/om\/forskola\/","og_site_name":"Brotorp","article_modified_time":"2026-03-05T14:59:24+00:00","twitter_card":"summary_large_image","twitter_title":"Vittra Brotorp | F\u00f6rskola i Sundbyberg","twitter_description":"Vittra Brotorp \u00e4r en f\u00f6rskola i Sundbyberg. Vi har en samh\u00e4llsf\u00f6rankrad pedagogik som ger trygga och modiga individer med f\u00f6rm\u00e5ga att samarbeta.","twitter_misc":{"Ber\u00e4knad l\u00e4stid":"1 minut"},"schema":{"@context":"https:\/\/schema.org","@graph":[{"@type":"WebPage","@id":"https:\/\/vittra.se\/brotorp\/om\/forskola\/","url":"https:\/\/vittra.se\/brotorp\/om\/forskola\/","name":"Vittra Brotorp | F\u00f6rskola i Sundbyberg","isPartOf":{"@id":"https:\/\/vittra.se\/brotorp\/#website"},"datePublished":"2020-09-01T20:06:54+00:00","dateModified":"2026-03-05T14:59:24+00:00","description":"Vittra Brotorp \u00e4r en f\u00f6rskola i Sundbyberg. Vi har en samh\u00e4llsf\u00f6rankrad pedagogik som ger trygga och modiga individer med f\u00f6rm\u00e5ga att samarbeta.","breadcrumb":{"@id":"https:\/\/vittra.se\/brotorp\/om\/forskola\/#breadcrumb"},"inLanguage":"sv-SE","potentialAction":[{"@type":"ReadAction","target":["https:\/\/vittra.se\/brotorp\/om\/forskola\/"]}]},{"@type":"BreadcrumbList","@id":"https:\/\/vittra.se\/brotorp\/om\/forskola\/#breadcrumb","itemListElement":[{"@type":"ListItem","position":1,"name":"Start","item":"https:\/\/vittra.se\/brotorp\/"},{"@type":"ListItem","position":2,"name":"Om skolan","item":"https:\/\/vittra.se\/brotorp\/om\/"},{"@type":"ListItem","position":3,"name":"F\u00f6rskola"}]},{"@type":"WebSite","@id":"https:\/\/vittra.se\/brotorp\/#website","url":"https:\/\/vittra.se\/brotorp\/","name":"Brotorp","description":"Kunskap att f\u00f6r\u00e4ndra. Mod att p\u00e5verka.","potentialAction":[{"@type":"SearchAction","target":{"@type":"EntryPoint","urlTemplate":"https:\/\/vittra.se\/brotorp\/?s={search_term_string}"},"query-input":"required name=search_term_string"}],"inLanguage":"sv-SE"}]}},"_links":{"self":[{"href":"https:\/\/vittra.se\/brotorp\/wp-json\/wp\/v2\/pages\/23"}],"collection":[{"href":"https:\/\/vittra.se\/brotorp\/wp-json\/wp\/v2\/pages"}],"about":[{"href":"https:\/\/vittra.se\/brotorp\/wp-json\/wp\/v2\/types\/page"}],"author":[{"embeddable":true,"href":"https:\/\/vittra.se\/brotorp\/wp-json\/wp\/v2\/users\/1"}],"replies":[{"embeddable":true,"href":"https:\/\/vittra.se\/brotorp\/wp-json\/wp\/v2\/comments?post=23"}],"version-history":[{"count":9,"href":"https:\/\/vittra.se\/brotorp\/wp-json\/wp\/v2\/pages\/23\/revisions"}],"predecessor-version":[{"id":1909,"href":"https:\/\/vittra.se\/brotorp\/wp-json\/wp\/v2\/pages\/23\/revisions\/1909"}],"up":[{"embeddable":true,"href":"https:\/\/vittra.se\/brotorp\/wp-json\/wp\/v2\/pages\/20"}],"wp:attachment":[{"href":"https:\/\/vittra.se\/brotorp\/wp-json\/wp\/v2\/media?parent=23"}],"curies":[{"name":"wp","href":"https:\/\/api.w.org\/{rel}","templated":true}]}}