{"id":1898,"date":"2026-03-05T15:20:08","date_gmt":"2026-03-05T14:20:08","guid":{"rendered":"https:\/\/vittra.se\/brotorp\/?page_id=1898"},"modified":"2026-03-05T16:03:55","modified_gmt":"2026-03-05T15:03:55","slug":"inskolning-pa-forskolan","status":"publish","type":"page","link":"https:\/\/vittra.se\/brotorp\/inskolning-pa-forskolan\/","title":{"rendered":"Inskolning p\u00e5 f\u00f6rskolan"},"content":{"rendered":"\n\t\n\t\n\t\n\n\t\n\t\n\t\t\n<section id=inskolning-brotorp class=\"c-block l-stacked  \" data-color-scheme=\"transparent\">\n\t<div class=\"ams-fifty ams-fifty--container ams-fifty--right ams-fifty--bottom l-container u-pt-fluid-3xl-6xl u-pb-fluid-3xl-6xl\">\n\t\t<div class=\"ams-fifty__content l-stack l-stack-xl is-left is-left@lg\">\n\t\t\t<div class=\"ams-fifty__text l-stack l-stack-lg\">\n\t\t\t\t\t\n\t<h2\n\tclass=\"c-heading u-font-title-1 \"\n\tstyle=\"\">\n\t\t\n\t\t\t\t\tInskolning p\u00e5 f\u00f6rskolan\n\t\t\t\t\n\t<\/h2>\n\n\t\t\t\t\t\t\t\t\t<div class=\"text l-stack u-font-body\">\n\t\t\t\t\t\t<h3 data-start=\"144\" data-end=\"176\">Inskolning p\u00e5 Vittra Brotorp<\/h3>\n<p data-start=\"178\" data-end=\"429\">N\u00e4r du har tackat ja till din plats bjuder vi in till ett inskolningssamtal p\u00e5 cirka 30\u201345 minuter. Under samtalet f\u00e5r du information om hur inskolningen g\u00e5r till och m\u00f6jlighet att st\u00e4lla fr\u00e5gor s\u00e5 att b\u00e5de du och ditt barn f\u00e5r en trygg start hos oss.<\/p>\n<p data-start=\"431\" data-end=\"784\">P\u00e5 Vittra Brotorp har vi en f\u00f6r\u00e4ldraaktiv tredagarsinskolning. Det inneb\u00e4r att du som v\u00e5rdnadshavare \u00e4r med ditt barn under de f\u00f6rsta tre dagarna p\u00e5 f\u00f6rskolan. Tillsammans f\u00e5r ni l\u00e4ra k\u00e4nna pedagogerna, milj\u00f6n och verksamheten i lugn och ro. Under dessa dagar deltar du i aktiviteterna och tar hand om ditt barn, till exempel vid m\u00e5ltider och bl\u00f6jbyten.<\/p>\n<p data-start=\"786\" data-end=\"1100\">Inf\u00f6r inskolningen \u00e4r det bra att ta med extrakl\u00e4der, till exempel regnkl\u00e4der, gummist\u00f6vlar och ett ombyte med strumpor, underkl\u00e4der och extra kl\u00e4der. F\u00f6r barn som sover utomhus under dagen beh\u00f6vs \u00e4ven en vagn. Ta g\u00e4rna med en snuttefilt eller napp om ditt barn anv\u00e4nder det. Bl\u00f6jor under dagen st\u00e5r f\u00f6rskolan f\u00f6r.<\/p>\n\n\t\t\t\t\t<\/div>\n\t\t\t\t\t\t\t<\/div>\n\n\t\t\t\t\t<\/div>\n\n\t\t <div class=\"ams-fifty__media u-ratio-landscape\">\n\t\t \t\t\t\t\t<img decoding=\"async\" width=\"600\" height=\"400\" src=\"https:\/\/vittra.se\/wp-content\/uploads\/sites\/4\/2023\/03\/vittraforskola202205.jpg\" class=\"attachment-md size-md\" alt=\"Fyra barn p\u00e5 en f\u00f6rskola p\u00e5 Vittra sitter och tittar p\u00e5 en jordglob tillsammans.\" sizes=\"(min-width: 64em) 600px, calc(100vw - 160px)\" srcset=\"https:\/\/vittra.se\/wp-content\/uploads\/sites\/4\/2023\/03\/vittraforskola202205.jpg 1980w, https:\/\/vittra.se\/wp-content\/uploads\/sites\/4\/2023\/03\/vittraforskola202205-300x200.jpg 300w, https:\/\/vittra.se\/wp-content\/uploads\/sites\/4\/2023\/03\/vittraforskola202205-1024x683.jpg 1024w, https:\/\/vittra.se\/wp-content\/uploads\/sites\/4\/2023\/03\/vittraforskola202205-768x512.jpg 768w, https:\/\/vittra.se\/wp-content\/uploads\/sites\/4\/2023\/03\/vittraforskola202205-1536x1024.jpg 1536w, https:\/\/vittra.se\/wp-content\/uploads\/sites\/4\/2023\/03\/vittraforskola202205-1920x1280.jpg 1920w, https:\/\/vittra.se\/wp-content\/uploads\/sites\/4\/2023\/03\/vittraforskola202205-500x333.jpg 500w, https:\/\/vittra.se\/wp-content\/uploads\/sites\/4\/2023\/03\/vittraforskola202205-340x227.jpg 340w, https:\/\/vittra.se\/wp-content\/uploads\/sites\/4\/2023\/03\/vittraforskola202205-1100x733.jpg 1100w, https:\/\/vittra.se\/wp-content\/uploads\/sites\/4\/2023\/03\/vittraforskola202205-1000x667.jpg 1000w\" \/>\n\t\t\t\n\t\t\t\n\t\t\t\t\t<\/div>\n\t<\/div>\n\n\t\t\n\n<\/section>\n\n\n\n\n<section  class=\"ams-cta ams-cta--stacked c-block l-stacked\" data-color-scheme=\"primar2\">\n\t<div class=\"l-container l-stack l-stack-fluid-2xl u-pt-fluid-2xl-4xl u-pb-fluid-2xl-4xl is-center is-center@md\">\n\t\t\t\t\t<div class=\"ams-cta__intro l-stack l-stack-lg\">\n\t\t\t\t\t\n\t<h2\n\tclass=\"c-heading u-font-title-1 \"\n\tstyle=\"\">\n\t\t\n\t\t\t\t\tTillbaka till f\u00f6rskolesidan\n\t\t\t\t\n\t<\/h2>\n\n\t\t\t\t\t\t\t<\/div>\n\t\t\n\t\t\n\t\t\t<div class=\"ams-cta__action u-inline-items\">\n\t\t\t\t\t\t\t\n\n\n<a href=\"https:\/\/vittra.se\/brotorp\/om-oss\/forskola\/\"\n\t\n\tclass=\"c-btn \"\n\tdata-style=\"round\"\n\tdata-size=\"md\"\n\tdata-width=\"full-mobile\"\n\tdata-variant=\"default\"\n\ttarget=\"_self\">\n\t\t\t<span class=\"label\"> Om v\u00e5r f\u00f6rskola<\/span>\n\t\t\t<\/a>\n\t\t\t<\/div>\n\t<\/div>\n\n\t\t\n\n<\/section>\n","protected":false},"excerpt":{"rendered":"","protected":false},"author":93,"featured_media":0,"parent":0,"menu_order":0,"comment_status":"closed","ping_status":"closed","template":"","meta":{"footnotes":""},"yoast_head":"<!-- This site is optimized with the Yoast SEO plugin v22.0 - https:\/\/yoast.com\/wordpress\/plugins\/seo\/ -->\n<title>Brotorp<\/title>\n<meta name=\"description\" content=\"L\u00e4s om inskolning p\u00e5 f\u00f6rskolan Brotorp i Sundbyberg, hur den g\u00e5r till och vad som \u00e4r bra att ha med sig till f\u00f6rskolan.\" \/>\n<meta name=\"robots\" content=\"index, follow, max-snippet:-1, max-image-preview:large, max-video-preview:-1\" \/>\n<link rel=\"canonical\" href=\"https:\/\/vittra.se\/brotorp\/inskolning-pa-forskolan\/\" \/>\n<meta property=\"og:locale\" content=\"sv_SE\" \/>\n<meta property=\"og:type\" content=\"article\" \/>\n<meta property=\"og:description\" content=\"L\u00e4s om inskolning p\u00e5 f\u00f6rskolan Brotorp i Sundbyberg, hur den g\u00e5r till och vad som \u00e4r bra att ha med sig till f\u00f6rskolan.\" \/>\n<meta property=\"og:url\" content=\"https:\/\/vittra.se\/brotorp\/inskolning-pa-forskolan\/\" \/>\n<meta property=\"og:site_name\" content=\"Brotorp\" \/>\n<meta property=\"article:modified_time\" content=\"2026-03-05T15:03:55+00:00\" \/>\n<meta name=\"twitter:card\" content=\"summary_large_image\" \/>\n<meta name=\"twitter:description\" content=\"L\u00e4s om inskolning p\u00e5 f\u00f6rskolan Brotorp i Sundbyberg, hur den g\u00e5r till och vad som \u00e4r bra att ha med sig till f\u00f6rskolan.\" \/>\n<script type=\"application\/ld+json\" class=\"yoast-schema-graph\">{\"@context\":\"https:\/\/schema.org\",\"@graph\":[{\"@type\":\"WebPage\",\"@id\":\"https:\/\/vittra.se\/brotorp\/inskolning-pa-forskolan\/\",\"url\":\"https:\/\/vittra.se\/brotorp\/inskolning-pa-forskolan\/\",\"name\":\"Inskolning p\u00e5 f\u00f6rskolan - Brotorp\",\"isPartOf\":{\"@id\":\"https:\/\/vittra.se\/brotorp\/#website\"},\"datePublished\":\"2026-03-05T14:20:08+00:00\",\"dateModified\":\"2026-03-05T15:03:55+00:00\",\"description\":\"L\u00e4s om inskolning p\u00e5 f\u00f6rskolan Brotorp i Sundbyberg, hur den g\u00e5r till och vad som \u00e4r bra att ha med sig till f\u00f6rskolan.\",\"breadcrumb\":{\"@id\":\"https:\/\/vittra.se\/brotorp\/inskolning-pa-forskolan\/#breadcrumb\"},\"inLanguage\":\"sv-SE\",\"potentialAction\":[{\"@type\":\"ReadAction\",\"target\":[\"https:\/\/vittra.se\/brotorp\/inskolning-pa-forskolan\/\"]}]},{\"@type\":\"BreadcrumbList\",\"@id\":\"https:\/\/vittra.se\/brotorp\/inskolning-pa-forskolan\/#breadcrumb\",\"itemListElement\":[{\"@type\":\"ListItem\",\"position\":1,\"name\":\"Start\",\"item\":\"https:\/\/vittra.se\/brotorp\/\"},{\"@type\":\"ListItem\",\"position\":2,\"name\":\"Inskolning p\u00e5 f\u00f6rskolan\"}]},{\"@type\":\"WebSite\",\"@id\":\"https:\/\/vittra.se\/brotorp\/#website\",\"url\":\"https:\/\/vittra.se\/brotorp\/\",\"name\":\"Brotorp\",\"description\":\"Kunskap att f\u00f6r\u00e4ndra. Mod att p\u00e5verka.\",\"potentialAction\":[{\"@type\":\"SearchAction\",\"target\":{\"@type\":\"EntryPoint\",\"urlTemplate\":\"https:\/\/vittra.se\/brotorp\/?s={search_term_string}\"},\"query-input\":\"required name=search_term_string\"}],\"inLanguage\":\"sv-SE\"}]}<\/script>\n<!-- \/ Yoast SEO plugin. -->","yoast_head_json":{"title":"Brotorp","description":"L\u00e4s om inskolning p\u00e5 f\u00f6rskolan Brotorp i Sundbyberg, hur den g\u00e5r till och vad som \u00e4r bra att ha med sig till f\u00f6rskolan.","robots":{"index":"index","follow":"follow","max-snippet":"max-snippet:-1","max-image-preview":"max-image-preview:large","max-video-preview":"max-video-preview:-1"},"canonical":"https:\/\/vittra.se\/brotorp\/inskolning-pa-forskolan\/","og_locale":"sv_SE","og_type":"article","og_description":"L\u00e4s om inskolning p\u00e5 f\u00f6rskolan Brotorp i Sundbyberg, hur den g\u00e5r till och vad som \u00e4r bra att ha med sig till f\u00f6rskolan.","og_url":"https:\/\/vittra.se\/brotorp\/inskolning-pa-forskolan\/","og_site_name":"Brotorp","article_modified_time":"2026-03-05T15:03:55+00:00","twitter_card":"summary_large_image","twitter_description":"L\u00e4s om inskolning p\u00e5 f\u00f6rskolan Brotorp i Sundbyberg, hur den g\u00e5r till och vad som \u00e4r bra att ha med sig till f\u00f6rskolan.","schema":{"@context":"https:\/\/schema.org","@graph":[{"@type":"WebPage","@id":"https:\/\/vittra.se\/brotorp\/inskolning-pa-forskolan\/","url":"https:\/\/vittra.se\/brotorp\/inskolning-pa-forskolan\/","name":"Inskolning p\u00e5 f\u00f6rskolan - Brotorp","isPartOf":{"@id":"https:\/\/vittra.se\/brotorp\/#website"},"datePublished":"2026-03-05T14:20:08+00:00","dateModified":"2026-03-05T15:03:55+00:00","description":"L\u00e4s om inskolning p\u00e5 f\u00f6rskolan Brotorp i Sundbyberg, hur den g\u00e5r till och vad som \u00e4r bra att ha med sig till f\u00f6rskolan.","breadcrumb":{"@id":"https:\/\/vittra.se\/brotorp\/inskolning-pa-forskolan\/#breadcrumb"},"inLanguage":"sv-SE","potentialAction":[{"@type":"ReadAction","target":["https:\/\/vittra.se\/brotorp\/inskolning-pa-forskolan\/"]}]},{"@type":"BreadcrumbList","@id":"https:\/\/vittra.se\/brotorp\/inskolning-pa-forskolan\/#breadcrumb","itemListElement":[{"@type":"ListItem","position":1,"name":"Start","item":"https:\/\/vittra.se\/brotorp\/"},{"@type":"ListItem","position":2,"name":"Inskolning p\u00e5 f\u00f6rskolan"}]},{"@type":"WebSite","@id":"https:\/\/vittra.se\/brotorp\/#website","url":"https:\/\/vittra.se\/brotorp\/","name":"Brotorp","description":"Kunskap att f\u00f6r\u00e4ndra. Mod att p\u00e5verka.","potentialAction":[{"@type":"SearchAction","target":{"@type":"EntryPoint","urlTemplate":"https:\/\/vittra.se\/brotorp\/?s={search_term_string}"},"query-input":"required name=search_term_string"}],"inLanguage":"sv-SE"}]}},"_links":{"self":[{"href":"https:\/\/vittra.se\/brotorp\/wp-json\/wp\/v2\/pages\/1898"}],"collection":[{"href":"https:\/\/vittra.se\/brotorp\/wp-json\/wp\/v2\/pages"}],"about":[{"href":"https:\/\/vittra.se\/brotorp\/wp-json\/wp\/v2\/types\/page"}],"author":[{"embeddable":true,"href":"https:\/\/vittra.se\/brotorp\/wp-json\/wp\/v2\/users\/93"}],"replies":[{"embeddable":true,"href":"https:\/\/vittra.se\/brotorp\/wp-json\/wp\/v2\/comments?post=1898"}],"version-history":[{"count":6,"href":"https:\/\/vittra.se\/brotorp\/wp-json\/wp\/v2\/pages\/1898\/revisions"}],"predecessor-version":[{"id":1914,"href":"https:\/\/vittra.se\/brotorp\/wp-json\/wp\/v2\/pages\/1898\/revisions\/1914"}],"wp:attachment":[{"href":"https:\/\/vittra.se\/brotorp\/wp-json\/wp\/v2\/media?parent=1898"}],"curies":[{"name":"wp","href":"https:\/\/api.w.org\/{rel}","templated":true}]}}