{"id":23,"date":"2020-09-01T22:06:54","date_gmt":"2020-09-01T20:06:54","guid":{"rendered":"https:\/\/vittra.se\/kopieringsunderlag\/?page_id=23"},"modified":"2026-03-16T11:26:45","modified_gmt":"2026-03-16T09:26:45","slug":"forskola","status":"publish","type":"page","link":"https:\/\/vittra.se\/adolfsberg\/om-oss\/forskola\/","title":{"rendered":"F\u00f6rskola"},"content":{"rendered":"\n\t\n\t\n\t\n\n\t\n\t\n\t\t\n<section  class=\"c-block l-stacked  \" data-color-scheme=\"transparent\">\n\t<div class=\"ams-fifty ams-fifty--container ams-fifty--right ams-fifty--bottom l-container u-pt-fluid-2xl-4xl u-pb-fluid-md-xl\">\n\t\t<div class=\"ams-fifty__content l-stack l-stack-xl is-left is-left@lg\">\n\t\t\t<div class=\"ams-fifty__text l-stack l-stack-lg\">\n\t\t\t\t\t\n\t<h2\n\tclass=\"c-heading u-font-title-1 \"\n\tstyle=\"\">\n\t\t\n\t\t\t\t\tF\u00f6rskolan p\u00e5 Vittra Adolfsberg i Helsingborg\n\t\t\t\t\n\t<\/h2>\n\n\t\t\t\t\t\t\t\t\t<div class=\"text l-stack u-font-body\">\n\t\t\t\t\t\t<p>Vittra Adolfsberg \u00e4r en liten och familj\u00e4r f\u00f6rskola i Helsingborg. P\u00e5 v\u00e5r f\u00f6rskola har vi tv\u00e5 avdelningar, en f\u00f6r de yngsta barnen 1-3 \u00e5r och en f\u00f6r de \u00e4ldre barnen 3-5 \u00e5r. Vi startar dagen med att barnen tas emot ute p\u00e5 g\u00e5rden p\u00e5 morgonen och vid kl 9 g\u00e5r vi in och har en gemensam samling. Efter det f\u00f6ljer aktiviteter anpassade till barngruppens behov och intressen. Lunch \u00e4ter vi p\u00e5 f\u00f6rskolans respektive avdelning vid ca kl 11. De barn som beh\u00f6ver vila efter lunchen g\u00f6r detta inomhus under vintern och utomhus under v\u00e5r och sommar n\u00e4r v\u00e4dret till\u00e5ter.<\/p>\n<p>Vi jobbar utifr\u00e5n f\u00f6rskolans l\u00e4roplan och har engagerade pedagoger som skapar struktur och trygghet f\u00f6r barnen. V\u00e5ra pedagoger jobbar med TAKK-tecken som st\u00f6d i kommunikationen och vi arbetar aktivt med att ha en stimulerande l\u00e4rmilj\u00f6. En g\u00e5ng per termin bjuder vi in alla v\u00e5rdnadshavare till en gemensam aktivitet p\u00e5 f\u00f6rskolan.<\/p>\n\n\t\t\t\t\t<\/div>\n\t\t\t\t\t\t\t<\/div>\n\n\t\t\t\t\t<\/div>\n\n\t\t <div class=\"ams-fifty__media u-ratio-landscape\">\n\t\t \t\t\t\t\t<img decoding=\"async\" width=\"600\" height=\"400\" src=\"https:\/\/vittra.se\/wp-content\/uploads\/sites\/2\/2025\/10\/vittraadolfsberg202404forskola4-600x400.jpg\" class=\"attachment-md size-md\" alt=\"\" sizes=\"(min-width: 64em) 600px, calc(100vw - 160px)\" srcset=\"https:\/\/vittra.se\/wp-content\/uploads\/sites\/2\/2025\/10\/vittraadolfsberg202404forskola4-600x400.jpg 600w, https:\/\/vittra.se\/wp-content\/uploads\/sites\/2\/2025\/10\/vittraadolfsberg202404forskola4-300x200.jpg 300w, https:\/\/vittra.se\/wp-content\/uploads\/sites\/2\/2025\/10\/vittraadolfsberg202404forskola4-400x267.jpg 400w, https:\/\/vittra.se\/wp-content\/uploads\/sites\/2\/2025\/10\/vittraadolfsberg202404forskola4-800x533.jpg 800w, https:\/\/vittra.se\/wp-content\/uploads\/sites\/2\/2025\/10\/vittraadolfsberg202404forskola4-1024x682.jpg 1024w, https:\/\/vittra.se\/wp-content\/uploads\/sites\/2\/2025\/10\/vittraadolfsberg202404forskola4-1200x800.jpg 1200w, https:\/\/vittra.se\/wp-content\/uploads\/sites\/2\/2025\/10\/vittraadolfsberg202404forskola4.jpg 2000w\" \/>\n\t\t\t\n\t\t\t\n\t\t\t\t\t<\/div>\n\t<\/div>\n\n\t\t\n\n<\/section>\n\n\n\n\t\n\t\n\t\n\n\t\n\t\n\t\t\n<section  class=\"c-block l-stacked  \" data-color-scheme=\"primar2\">\n\t<div class=\"ams-fifty ams-fifty--container ams-fifty--right ams-fifty--bottom l-container u-pt-fluid-2xl-4xl u-pb-fluid-2xl-4xl\">\n\t\t<div class=\"ams-fifty__content l-stack l-stack-xl is-left is-left@lg\">\n\t\t\t<div class=\"ams-fifty__text l-stack l-stack-lg\">\n\t\t\t\t\t\n\t<h1\n\tclass=\"c-heading u-font-title-1 \"\n\tstyle=\"\">\n\t\t\n\t\t\t\t\t\t\t\t\tEn vanlig dag \n\t\t\t\t<span class=\"c-heading__sub is-below u-font-title-3\">\n\t\t\t\t\tp\u00e5 Vittra Adolfsbergs f\u00f6rskola\n\t\t\t\t<\/span>\n\t\t\t\t\t\t\t\n\t<\/h1>\n\n\t\t\t\t\t\t\t\t\t<div class=\"text l-stack u-font-body\">\n\t\t\t\t\t\t<p><span data-sheets-root=\"1\"><strong>Frukost och lugn uppstart<br \/>\n<\/strong><\/span><span data-sheets-root=\"1\">Vi \u00f6ppnar klockan 6 p\u00e5 morgonen och barnen som kommer tidigt f\u00e5r en mysig frukost och en lugn uppstart p\u00e5 morgonen. <\/span><span data-sheets-root=\"1\">Lite senare g\u00e5r barnen ut och har utelek tills alla barnen kommit. <\/span><\/p>\n<p><span data-sheets-root=\"1\"><strong>Morgonsamling och temaarbete<\/strong><br \/>\nVi startar morgonsamlingen med en fruktstund och vi uppm\u00e4rksammar alla som \u00e4r h\u00e4r och ofta sjunger vi eller l\u00e4ser tillsammans. <\/span><span data-sheets-root=\"1\">Efter samlingen har vi undervisning kopplat till aktuellt tema. Ibland inneb\u00e4r det utflykt, ibland skapande och ibland styrd lek med fokus p\u00e5 exempelvis socialt samspel.<\/span><\/p>\n<p><span data-sheets-root=\"1\"><strong>Lunch, samtal och vila<\/strong><br \/>\nInnan lunch brukar vi samlas tillsammans d\u00e4r vi sjunger och pratar om vilken mat vi ska \u00e4ta. Och under lunchen tr\u00e4nar vi p\u00e5 att \u00e4ta men ocks\u00e5 p\u00e5 att samtala. <\/span><span data-sheets-root=\"1\">Efter lunchen s\u00e5 brukar de yngre barnen vila och de \u00e4ldra barnen \u00e4r ute och leker tillsammans.<br \/>\nP\u00e5 eftermiddagen har vi ibland aktiviteter och kortare undervisningsmoment och under eftermiddagen \u00e4ter barnen ett litet mellanm\u00e5l.<\/span><\/p>\n<p><span data-sheets-root=\"1\"><b>Spr\u00e5kutveckling<\/b><br \/>\nVarje dag arbetar vi spr\u00e5kutvecklande med spr\u00e5klekar, rim, ramsor och s\u00e5klart h\u00f6gl\u00e4sning &#8211; n\u00e5got som v\u00e5ra barn tycker mycket om.<br \/>\n<\/span><\/p>\n\n\t\t\t\t\t<\/div>\n\t\t\t\t\t\t\t<\/div>\n\n\t\t\t\t\t<\/div>\n\n\t\t <div class=\"ams-fifty__media u-ratio-square\">\n\t\t \t\t\t\t\t<img decoding=\"async\" width=\"600\" height=\"450\" src=\"https:\/\/vittra.se\/wp-content\/uploads\/sites\/2\/2025\/12\/forskola-600x450.jpg\" class=\"attachment-md size-md\" alt=\"BIld p\u00e5 f\u00f6rskolans byggnad\" sizes=\"(min-width: 64em) 600px, calc(100vw - 160px)\" srcset=\"https:\/\/vittra.se\/wp-content\/uploads\/sites\/2\/2025\/12\/forskola-600x450.jpg 600w, https:\/\/vittra.se\/wp-content\/uploads\/sites\/2\/2025\/12\/forskola-300x225.jpg 300w, https:\/\/vittra.se\/wp-content\/uploads\/sites\/2\/2025\/12\/forskola-400x300.jpg 400w, https:\/\/vittra.se\/wp-content\/uploads\/sites\/2\/2025\/12\/forskola-800x600.jpg 800w, https:\/\/vittra.se\/wp-content\/uploads\/sites\/2\/2025\/12\/forskola-1024x768.jpg 1024w, https:\/\/vittra.se\/wp-content\/uploads\/sites\/2\/2025\/12\/forskola-1200x900.jpg 1200w, https:\/\/vittra.se\/wp-content\/uploads\/sites\/2\/2025\/12\/forskola-768x576.jpg 768w\" \/>\n\t\t\t\n\t\t\t\n\t\t\t\t\t<\/div>\n\t<\/div>\n\n\t\t\n\n<\/section>\n\n\n\n<h2 class=\"wp-block-heading has-text-align-center\">Barnens h\u00f6jdpunkter<\/h2>\n\n\n\n<div class=\"wp-block-columns is-layout-flex wp-container-core-columns-layout-1 wp-block-columns-is-layout-flex\">\n<div class=\"wp-block-column is-layout-constrained wp-block-column-is-layout-constrained\">\n<h3 class=\"wp-block-heading has-text-align-center\">R\u00f6relse i centrum<\/h3>\n\n\n\n<p class=\"is-style-container\">H\u00f6jdpunkterna f\u00f6r v\u00e5ra barn varierar eftersom alla barn har olika intressen. Det vi ser att de flesta barnen \u00e4lskar \u00e4r n\u00e4r vi \u00e5ker p\u00e5 cykelutflykt i v\u00e5ra fina l\u00e5dcyklar d\u00e4r m\u00e5nga barn kan \u00e5ka med samtidigt, eller n\u00e4r vi har r\u00f6relseaktiviteter i idrottshallen d\u00e4r man kan hoppa, kl\u00e4ttra, studsa och ha olika bollspel.<\/p>\n<\/div>\n\n\n\n<div class=\"wp-block-column is-layout-flow wp-block-column-is-layout-flow\">\n<h3 class=\"wp-block-heading has-text-align-center\">Trygghet i grunden<\/h3>\n\n\n\n<p class=\"is-style-container\">Barnen uppskattar ocks\u00e5 v\u00e5ra stunder med h\u00f6gl\u00e4sning och alla tillf\u00e4llen med skapande och &#8211; s\u00e5klart &#8211; lek. P\u00e5 v\u00e5r f\u00f6rskola k\u00e4nner sig barnen trygga &#8211; det \u00e4r en sj\u00e4lvklarhet f\u00f6r oss. N\u00e4r tryggheten finns kommer gl\u00e4djen, nyfikenheten och viljan att komma hit varje dag.<\/p>\n<\/div>\n<\/div>\n\n\n\n\n<section  class=\"ams-cta ams-cta--stacked c-block l-stacked\" data-color-scheme=\"primar2\">\n\t<div class=\"l-container l-stack l-stack-fluid-2xl u-pt-fluid-3xl-6xl u-pb-fluid-3xl-6xl is-center is-center@md\">\n\t\t\t\t\t<div class=\"ams-cta__intro l-stack l-stack-lg\">\n\t\t\t\t\t\n\t<h2\n\tclass=\"c-heading u-font-title-1 \"\n\tstyle=\"\">\n\t\t\n\t\t\t\t\tVill du l\u00e4sa mer om hur vi jobbar?\n\t\t\t\t\n\t<\/h2>\n\n\t\t\t\t\t\t\t<\/div>\n\t\t\n\t\t\n\t\t\t<div class=\"ams-cta__action u-inline-items\">\n\t\t\t\t\t\t\t\n\n\n<a href=\"https:\/\/vittra.se\/adolfsberg\/om-oss\/\"\n\t\n\tclass=\"c-btn \"\n\tdata-style=\"round\"\n\tdata-size=\"md\"\n\tdata-width=\"full-mobile\"\n\tdata-variant=\"default\"\n\ttarget=\"_self\">\n\t\t\t<span class=\"label\"> L\u00e4s mer om oss och v\u00e5r pedagogik<\/span>\n\t\t\t<\/a>\n\t\t\t<\/div>\n\t<\/div>\n\n\t\t\n\n<\/section>\n","protected":false},"excerpt":{"rendered":"<p>Barnens h\u00f6jdpunkter R\u00f6relse i centrum H\u00f6jdpunkterna f\u00f6r v\u00e5ra barn varierar eftersom alla barn har olika intressen. Det vi ser att de flesta barnen \u00e4lskar \u00e4r n\u00e4r vi \u00e5ker p\u00e5 cykelutflykt i v\u00e5ra fina l\u00e5dcyklar d\u00e4r m\u00e5nga barn kan \u00e5ka med samtidigt, eller n\u00e4r vi har r\u00f6relseaktiviteter i idrottshallen d\u00e4r man kan hoppa, kl\u00e4ttra, studsa och&#8230;<\/p>\n","protected":false},"author":1,"featured_media":0,"parent":20,"menu_order":0,"comment_status":"closed","ping_status":"closed","template":"","meta":{"footnotes":""},"yoast_head":"<!-- This site is optimized with the Yoast SEO plugin v22.0 - https:\/\/yoast.com\/wordpress\/plugins\/seo\/ -->\n<title>Vittra Adolfsberg | F\u00f6rskola i Helsingborg<\/title>\n<meta name=\"description\" content=\"Vittra Adolfsberg \u00e4r en f\u00f6rskola i Helsingborg. Vi har en samh\u00e4llsf\u00f6rankrad pedagogik som ger trygga och modiga individer med f\u00f6rm\u00e5ga att samarbeta.\" \/>\n<meta name=\"robots\" content=\"index, follow, max-snippet:-1, max-image-preview:large, max-video-preview:-1\" \/>\n<link rel=\"canonical\" href=\"https:\/\/vittra.se\/adolfsberg\/om-oss\/forskola\/\" \/>\n<meta property=\"og:locale\" content=\"sv_SE\" \/>\n<meta property=\"og:type\" content=\"article\" \/>\n<meta property=\"og:title\" content=\"Vittra Adolfsberg | F\u00f6rskola i Helsingborg\" \/>\n<meta property=\"og:description\" content=\"Vittra Adolfsberg \u00e4r en f\u00f6rskola i Helsingborg. Vi har en samh\u00e4llsf\u00f6rankrad pedagogik som ger trygga och modiga individer med f\u00f6rm\u00e5ga att samarbeta.\" \/>\n<meta property=\"og:url\" content=\"https:\/\/vittra.se\/adolfsberg\/om-oss\/forskola\/\" \/>\n<meta property=\"og:site_name\" content=\"Adolfsberg\" \/>\n<meta property=\"article:modified_time\" content=\"2026-03-16T09:26:45+00:00\" \/>\n<meta name=\"twitter:card\" content=\"summary_large_image\" \/>\n<meta name=\"twitter:title\" content=\"Vittra Adolfsberg | F\u00f6rskola i Helsingborg\" \/>\n<meta name=\"twitter:description\" content=\"Vittra Adolfsberg \u00e4r en f\u00f6rskola i Helsingborg. Vi har en samh\u00e4llsf\u00f6rankrad pedagogik som ger trygga och modiga individer med f\u00f6rm\u00e5ga att samarbeta.\" \/>\n<meta name=\"twitter:label1\" content=\"Ber\u00e4knad l\u00e4stid\" \/>\n\t<meta name=\"twitter:data1\" content=\"1 minut\" \/>\n<script type=\"application\/ld+json\" class=\"yoast-schema-graph\">{\"@context\":\"https:\/\/schema.org\",\"@graph\":[{\"@type\":\"WebPage\",\"@id\":\"https:\/\/vittra.se\/adolfsberg\/om-oss\/forskola\/\",\"url\":\"https:\/\/vittra.se\/adolfsberg\/om-oss\/forskola\/\",\"name\":\"Vittra Adolfsberg | F\u00f6rskola i Helsingborg\",\"isPartOf\":{\"@id\":\"https:\/\/vittra.se\/adolfsberg\/#website\"},\"datePublished\":\"2020-09-01T20:06:54+00:00\",\"dateModified\":\"2026-03-16T09:26:45+00:00\",\"description\":\"Vittra Adolfsberg \u00e4r en f\u00f6rskola i Helsingborg. Vi har en samh\u00e4llsf\u00f6rankrad pedagogik som ger trygga och modiga individer med f\u00f6rm\u00e5ga att samarbeta.\",\"breadcrumb\":{\"@id\":\"https:\/\/vittra.se\/adolfsberg\/om-oss\/forskola\/#breadcrumb\"},\"inLanguage\":\"sv-SE\",\"potentialAction\":[{\"@type\":\"ReadAction\",\"target\":[\"https:\/\/vittra.se\/adolfsberg\/om-oss\/forskola\/\"]}]},{\"@type\":\"BreadcrumbList\",\"@id\":\"https:\/\/vittra.se\/adolfsberg\/om-oss\/forskola\/#breadcrumb\",\"itemListElement\":[{\"@type\":\"ListItem\",\"position\":1,\"name\":\"Start\",\"item\":\"https:\/\/vittra.se\/adolfsberg\/\"},{\"@type\":\"ListItem\",\"position\":2,\"name\":\"Om skolan\",\"item\":\"https:\/\/vittra.se\/adolfsberg\/om-oss\/\"},{\"@type\":\"ListItem\",\"position\":3,\"name\":\"F\u00f6rskola\"}]},{\"@type\":\"WebSite\",\"@id\":\"https:\/\/vittra.se\/adolfsberg\/#website\",\"url\":\"https:\/\/vittra.se\/adolfsberg\/\",\"name\":\"Adolfsberg\",\"description\":\"Kunskap att f\u00f6r\u00e4ndra. Mod att p\u00e5verka.\",\"potentialAction\":[{\"@type\":\"SearchAction\",\"target\":{\"@type\":\"EntryPoint\",\"urlTemplate\":\"https:\/\/vittra.se\/adolfsberg\/?s={search_term_string}\"},\"query-input\":\"required name=search_term_string\"}],\"inLanguage\":\"sv-SE\"}]}<\/script>\n<!-- \/ Yoast SEO plugin. -->","yoast_head_json":{"title":"Vittra Adolfsberg | F\u00f6rskola i Helsingborg","description":"Vittra Adolfsberg \u00e4r en f\u00f6rskola i Helsingborg. Vi har en samh\u00e4llsf\u00f6rankrad pedagogik som ger trygga och modiga individer med f\u00f6rm\u00e5ga att samarbeta.","robots":{"index":"index","follow":"follow","max-snippet":"max-snippet:-1","max-image-preview":"max-image-preview:large","max-video-preview":"max-video-preview:-1"},"canonical":"https:\/\/vittra.se\/adolfsberg\/om-oss\/forskola\/","og_locale":"sv_SE","og_type":"article","og_title":"Vittra Adolfsberg | F\u00f6rskola i Helsingborg","og_description":"Vittra Adolfsberg \u00e4r en f\u00f6rskola i Helsingborg. Vi har en samh\u00e4llsf\u00f6rankrad pedagogik som ger trygga och modiga individer med f\u00f6rm\u00e5ga att samarbeta.","og_url":"https:\/\/vittra.se\/adolfsberg\/om-oss\/forskola\/","og_site_name":"Adolfsberg","article_modified_time":"2026-03-16T09:26:45+00:00","twitter_card":"summary_large_image","twitter_title":"Vittra Adolfsberg | F\u00f6rskola i Helsingborg","twitter_description":"Vittra Adolfsberg \u00e4r en f\u00f6rskola i Helsingborg. Vi har en samh\u00e4llsf\u00f6rankrad pedagogik som ger trygga och modiga individer med f\u00f6rm\u00e5ga att samarbeta.","twitter_misc":{"Ber\u00e4knad l\u00e4stid":"1 minut"},"schema":{"@context":"https:\/\/schema.org","@graph":[{"@type":"WebPage","@id":"https:\/\/vittra.se\/adolfsberg\/om-oss\/forskola\/","url":"https:\/\/vittra.se\/adolfsberg\/om-oss\/forskola\/","name":"Vittra Adolfsberg | F\u00f6rskola i Helsingborg","isPartOf":{"@id":"https:\/\/vittra.se\/adolfsberg\/#website"},"datePublished":"2020-09-01T20:06:54+00:00","dateModified":"2026-03-16T09:26:45+00:00","description":"Vittra Adolfsberg \u00e4r en f\u00f6rskola i Helsingborg. Vi har en samh\u00e4llsf\u00f6rankrad pedagogik som ger trygga och modiga individer med f\u00f6rm\u00e5ga att samarbeta.","breadcrumb":{"@id":"https:\/\/vittra.se\/adolfsberg\/om-oss\/forskola\/#breadcrumb"},"inLanguage":"sv-SE","potentialAction":[{"@type":"ReadAction","target":["https:\/\/vittra.se\/adolfsberg\/om-oss\/forskola\/"]}]},{"@type":"BreadcrumbList","@id":"https:\/\/vittra.se\/adolfsberg\/om-oss\/forskola\/#breadcrumb","itemListElement":[{"@type":"ListItem","position":1,"name":"Start","item":"https:\/\/vittra.se\/adolfsberg\/"},{"@type":"ListItem","position":2,"name":"Om skolan","item":"https:\/\/vittra.se\/adolfsberg\/om-oss\/"},{"@type":"ListItem","position":3,"name":"F\u00f6rskola"}]},{"@type":"WebSite","@id":"https:\/\/vittra.se\/adolfsberg\/#website","url":"https:\/\/vittra.se\/adolfsberg\/","name":"Adolfsberg","description":"Kunskap att f\u00f6r\u00e4ndra. Mod att p\u00e5verka.","potentialAction":[{"@type":"SearchAction","target":{"@type":"EntryPoint","urlTemplate":"https:\/\/vittra.se\/adolfsberg\/?s={search_term_string}"},"query-input":"required name=search_term_string"}],"inLanguage":"sv-SE"}]}},"_links":{"self":[{"href":"https:\/\/vittra.se\/adolfsberg\/wp-json\/wp\/v2\/pages\/23"}],"collection":[{"href":"https:\/\/vittra.se\/adolfsberg\/wp-json\/wp\/v2\/pages"}],"about":[{"href":"https:\/\/vittra.se\/adolfsberg\/wp-json\/wp\/v2\/types\/page"}],"author":[{"embeddable":true,"href":"https:\/\/vittra.se\/adolfsberg\/wp-json\/wp\/v2\/users\/1"}],"replies":[{"embeddable":true,"href":"https:\/\/vittra.se\/adolfsberg\/wp-json\/wp\/v2\/comments?post=23"}],"version-history":[{"count":10,"href":"https:\/\/vittra.se\/adolfsberg\/wp-json\/wp\/v2\/pages\/23\/revisions"}],"predecessor-version":[{"id":2477,"href":"https:\/\/vittra.se\/adolfsberg\/wp-json\/wp\/v2\/pages\/23\/revisions\/2477"}],"up":[{"embeddable":true,"href":"https:\/\/vittra.se\/adolfsberg\/wp-json\/wp\/v2\/pages\/20"}],"wp:attachment":[{"href":"https:\/\/vittra.se\/adolfsberg\/wp-json\/wp\/v2\/media?parent=23"}],"curies":[{"name":"wp","href":"https:\/\/api.w.org\/{rel}","templated":true}]}}